{"id":1178,"date":"2021-04-19T23:08:12","date_gmt":"2021-04-20T03:08:12","guid":{"rendered":"https:\/\/211md.org\/?page_id=1178"},"modified":"2024-07-26T12:02:07","modified_gmt":"2024-07-26T16:02:07","slug":"eto-eto-ifororan%e1%b9%a3e-opioid","status":"publish","type":"page","link":"https:\/\/211md.org\/yo\/newsroom\/opioid-texting-program\/","title":{"rendered":"Eto If\u1ecdr\u1ecdran\u1e63\u1eb9 Tuntun \u1e62e Iranl\u1ecdw\u1ecd P\u1eb9lu Af\u1eb9sodi Opioid"},"content":{"rendered":"<strong>211 Maryland ati RALI Maryland \u1e62e ifil\u1ecdl\u1eb9 Eto If\u1ecdr\u1ecdran\u1e63\u1eb9 Tuntun fun Aw\u1ecdn ara ilu Maryland ti o jiya lati af\u1eb9sodi Opioid<\/strong>\n<strong><em>Wiw\u1ecdle ni iyara si Aw\u1ecdn orisun Agbegbe ati Iranl\u1ecdw\u1ecd Wa Bayi nipas\u1eb9<br \/>\nIf\u1ecdr\u1ecdran\u1e63\u1eb9 &quot;MDHope&quot; si 898-211<\/em><\/strong>\n\t<p><strong>BALTIMORE (O\u1e63u K\u1eb9wa \u1eccj\u1ecd 20, \u1eccdun 2020)<\/strong>\u00a0&#8211;\u00a0<a href=\"https:\/\/211md.org\/yo\/\" target=\"_blank\" rel=\"noreferrer noopener\">211 Maryland<\/a>, aif\u1eb9 ti a \u1e63e igb\u1eb9hin si sisop\u1ecd ilera ati aw\u1ecdn i\u1e63\u1eb9 eniyan si aw\u1ecdn olugbe jakejado ipinl\u1eb9 Maryland, n \u1e63e aj\u1ecd\u1e63ep\u1ecd p\u1eb9lu ipil\u1eb9\u1e63\u1eb9 A\u1e63\u00e1\u00e1j\u00fa Abuse Rx (<a href=\"https:\/\/www.ralimd.org\/\" target=\"_blank\" rel=\"noreferrer noopener\">RALI Maryland<\/a>), Ajo ti o pinnu lati wa aw\u1ecdn ojutu lati \u1e63e iranl\u1ecdw\u1ecd lati pari aaw\u1ecd opioid ni Maryland, lati \u1e63e ifil\u1ecdl\u1eb9 Eto If\u1ecdr\u1ecdran\u1e63\u1eb9 MDHope lati \u1e63e atil\u1eb9yin fun aw\u1ecdn ti o ni af\u1eb9sodi opioid. Marylanders ti o jiya lati af\u1eb9sodi opioid ati \u1eb9bi w\u1ecdn ati aw\u1ecdn \u1ecdr\u1eb9 le bayi \u1ecdr\u1ecd \u201cMDHope\u201d si 898-211 lati sop\u1ecd si alaye nipa ilokulo opioid ati aw\u1ecdn i\u1e63\u1eb9 ti w\u1ecdn nilo jul\u1ecd.<\/p>\n<p>&quot;Ninu ipa mi bi a\u1e63ofin, Mo ti gb\u1ecd ak\u1ecdk\u1ecd-\u1ecdw\u1ecd ipa ti o buruju ti idaamu opioid lori aw\u1ecdn olugbe ati aw\u1ecdn idile wa ni Maryland, nitorina inu mi dun ati dup\u1eb9 lati ri RALI ati 211Maryland \u1e63i\u1e63\u1eb9 p\u1ecd lati j\u1eb9 ki o r\u1ecdrun fun aw\u1ecdn ti o ni ijiya p\u1eb9lu af\u1eb9sodi opioid lati gba iranl\u1ecdw\u1ecd ti w\u1ecdn nilo,&quot; Delegate Bonnie Cullison, District 19 Montgomery County s\u1ecd. &quot;Mo ni ireti pe Eto If\u1ecdr\u1ecdran\u1e63\u1eb9 MDHope tuntun yoo \u1e63e i\u1e63\u1ecdkan aw\u1ecdn olupese i\u1e63\u1eb9 ati aw\u1ecdn ohun elo ni gbogbo ipinl\u1eb9 lab\u1eb9 \u1ecdr\u1ecd if\u1ecdr\u1ecdran\u1e63\u1eb9 kan 898-2-1-1. Mo nireti lati \u1e63e atil\u1eb9yin fun Eto If\u1ecdr\u1ecdran\u1e63\u1eb9 MDHope tuntun ni \u1ecdna eyikeyi ti mo le ati itankale imoye ti aw\u1ecdn orisun igbala aye.&quot;<\/p>\n<p>Aw\u1ecdn\u00a0<a href=\"https:\/\/211md.org\/yo\/md-ireti\/\" target=\"_blank\" rel=\"noreferrer noopener\">Eto If\u1ecdr\u1ecdran\u1e63\u1eb9 MDHope<\/a>\u00a0ngbanilaaye \u1eb9nikan lati wa ni ailoruk\u1ecd fun alaye ati aw\u1ecdn orisun nipa kik\u1ecd \u201cMDHope\u201d si 898-211. Aw\u1ecdn a\u1e63ayan i\u1e63\u1eb9 yoo p\u1eb9lu:<\/p>\n<ul>\n<li>Alaye gbogbogbo lori lilo opioid<\/li>\n<li>Aw\u1ecdn orisun fun eniyan ti o ni ifiyesi nipa \u1eb9nikan ti nlo opioids<\/li>\n<li>Oro fun \u1eb9nikan mowonlara si opioids<\/li>\n<li>A\u1e63ayan fun aw\u1ecdn akosemose ati olupese i\u1e63\u1eb9<\/li>\n<\/ul>\n<p>&quot;Lakoko ajakaye-arun ti o wa l\u1ecdw\u1ecdl\u1ecdw\u1ecd, a ti rii ilosoke ninu n\u1ecdmba aw\u1ecdn apaniyan opioid ni Maryland, nitorinaa eyi j\u1eb9 \u1ecdna kan ti a le pese iw\u1ecdle ni iyara ati ir\u1ecdrun lati \u1e63e iranl\u1ecdw\u1ecd fun aw\u1ecdn ti o jiya p\u1eb9lu af\u1eb9sodi opioid ati aw\u1ecdn idile ati aw\u1ecdn \u1ecdr\u1eb9 ti n \u1e63e iranl\u1ecdw\u1ecd lati t\u1ecdju aw\u1ecdn \u1eb9ni-k\u1ecd\u1ecdkan w\u1ecdnyi,\u201d Quinton Askew, Alakoso ati Alakoso ti 211 Maryland s\u1ecd. &quot;A ni ireti si aj\u1ecd\u1e63ep\u1ecd tuntun wa p\u1eb9lu RALI Maryland lati rii daju pe aw\u1ecdn i\u1e63\u1eb9 opioid wa ati pe aw\u1ecdn eniyan m\u1ecd ibi ti w\u1ecdn le wa iranl\u1ecdw\u1ecd. A yoo t\u1eb9siwaju lati ja aaw\u1ecd opioid ni Maryland p\u1eb9lu ipinnu ti igbala aw\u1ecdn aye.&quot;<\/p>\n<p>Ni ik\u1ecdja fifiran\u1e63\u1eb9 alaye pataki, Eto If\u1ecdr\u1ecdran\u1e63\u1eb9 MDHope n pese aw\u1ecdn \u1eb9ni-k\u1ecd\u1ecdkan p\u1eb9lu aw\u1ecdn \u1ecdj\u1ecd 130 ti atil\u1eb9yin ti nl\u1ecd l\u1ecdw\u1ecd ati aw\u1ecdn i\u1e63eduro bi w\u1ecdn \u1e63e aw\u1ecdn il\u1ecdsiwaju si imularada.<\/p>\n<p>\u201cGbogbo agbegbe n rii aw\u1ecdn ipa ti ajakale-arun opioid. Ni bayi, p\u1eb9lu COVID-19 ti n pa ipinl\u1eb9 wa run, aw\u1ecdn agbegbe wa n rii aw\u1ecdn il\u1ecdsiwaju aibikita ni aw\u1ecdn iw\u1ecdn ap\u1ecdju ati aw\u1ecdn apaniyan nitori ilokulo nkan, \u201dVirgil Boysaw, oludari oludari ti Drug Free Cecil, ati alaba\u1e63i\u1e63\u1eb9p\u1ecd RALI Maryland kan. \u201cEto fifiran\u0161\u1eb9 yii j\u1eb9 aye tuntun ati alail\u1eb9gb\u1eb9 lati pese iranl\u1ecdw\u1ecd ati alaye si aw\u1ecdn ti o le ma ti de \u1ecdd\u1ecd. Marylanders ti o nilo, ati aw\u1ecdn \u1ecdr\u1eb9 ati \u1eb9bi, ko y\u1eb9 ki o \u1e63iyemeji lati lo ohun elo yii.\u201d<\/p>\n<h2>\n\t\tLegislator Support\n\t<\/h2>\n\t<p>\u1eccp\u1ecdl\u1ecdp\u1ecd aw\u1ecdn a\u1e63ofin ipinl\u1eb9 Maryland n \u1e63e iwuri fun aw\u1ecdn ti o nilo iranl\u1ecdw\u1ecd p\u1eb9lu af\u1eb9sodi opioid si \u1ecdr\u1ecd \u201cMDHope\u201d si 898-211 nipas\u1eb9 aw\u1ecdn ikede i\u1e63\u1eb9 gbogbo eniyan (PSAs) ti yoo j\u1eb9 ifihan lori media awuj\u1ecd ati aw\u1ecdn aaye redio ni gbogbo ipinl\u1eb9 naa. Aw\u1ecdn a\u1e63ofin ti o j\u1eb9 imo ti o p\u1ecd si ti Eto If\u1ecdr\u1ecdran\u1e63\u1eb9 MDHope tuntun p\u1eb9lu Aw\u1ecdn a\u1e63oju Joseline Pe\u00f1a-Melnyk, Bonnie Cullison, Shaneka Henson ati Ken Kerr g\u1eb9g\u1eb9bi Alagba Kathy Klausmeier.<\/p>\n<p>&quot;Iranl\u1ecdw\u1ecd ti a pese si Marylanders nipas\u1eb9 Maryland 211 j\u1eb9 atil\u1eb9yin pataki. \u1e62i\u1e63ii laini orisun si ibara\u1eb9nis\u1ecdr\u1ecd \u1ecdr\u1ecd j\u1eb9 igbes\u1eb9 siwaju ti o daju lati gba aw\u1ecdn \u1eb9mi l\u00e0,&quot; Del. Shaneka Henson, DISTRICT 30A Anne Arundel County s\u1ecd.<\/p>\n<p>Lati k\u1ecd \u1eb9k\u1ecd di\u1eb9 sii nipa Eto If\u1ecdr\u1ecdran\u1e63\u1eb9 MDHope ati wo aw\u1ecdn PSA, j\u1ecdw\u1ecd \u1e63ab\u1eb9wo\u00a0<a href=\"https:\/\/211md.org\/yo\/md-ireti\/\" target=\"_blank\" rel=\"noreferrer noopener\">www.211md.org\/md-ireti<\/a>\u00a0tabi\u00a0<a href=\"http:\/\/www.ralimd.org\/\" target=\"_blank\" rel=\"noreferrer noopener\">www.RALImd.org<\/a>.<\/p>\n<h2>\n\t\t211 Maryland\n\t<\/h2>\n\t<p><a href=\"https:\/\/www.ralimd.org\/\" target=\"_blank\" rel=\"noreferrer noopener\">211 Maryland<\/a> j\u1eb9 asopo aarin si ilera ati aw\u1ecdn i\u1e63\u1eb9 eniyan fun ipinl\u1eb9 Maryland, n fun eniyan ni agbara ati agbegbe lati \u1e63e rere nipa sisopo aw\u1ecdn ti o ni aw\u1ecdn aini aini pade si aw\u1ecdn orisun pataki. G\u1eb9g\u1eb9bi aaye wiw\u1ecdle 24\/7\/365 si aw\u1ecdn orisun pataki ti o \u1e63e iranl\u1ecdw\u1ecd fun aw\u1ecdn eniyan k\u1ecd\u1ecdkan ati agbegbe lati \u1e63e rere, 211 Maryland so aw\u1ecdn ti o nilo nipas\u1eb9 ile-i\u1e63\u1eb9 ipe, w\u1eb9\u1eb9bu, \u1ecdr\u1ecd ati iwiregbe lati \u1e63e atil\u1eb9yin aw\u1ecdn i\u1e63\u1eb9 fun aw\u1ecdn ajalu adayeba ati ti eniyan, ile, ounje, iwa-ipa ile, ti ogbo ati aw\u1ecdn ailera, owo-ori ati aw\u1ecdn ohun elo, i\u1e63\u1eb9, wiw\u1ecdle ilera ati aw\u1ecdn \u1ecdr\u1ecd ti aw\u1ecdn ogbo.<\/p>\n<p>N\u1eb9tiw\u1ecd\u1ecdki Alaye Maryland j\u1eb9 iforuk\u1ecdsil\u1eb9 ti kii \u1e63e ere 501(c)(3) eyiti o ni agbara 211. Lati sop\u1ecd tabi \u1e63et\u1ecdr\u1eb9, \u1e63ab\u1eb9wo si <a href=\"https:\/\/211md.org\/yo\/\" target=\"_blank\" rel=\"noreferrer noopener\">www.211md.org<\/a>.<\/p>\n<h2>\n\t\tRALI Maryland\n\t<\/h2>\n\t<p><a href=\"https:\/\/www.ralimd.org\/\" target=\"_blank\" rel=\"noreferrer noopener\">Initiative Leadership Abuse Rx (RALI) ti Maryland<\/a>\u00a0j\u1eb9 aj\u1ecd\u1e63ep\u1ecd ti o yat\u1ecd ti di\u1eb9 sii ju mejila mejila agbegbe, ipinl\u1eb9, ati aw\u1ecdn ajo ti oril\u1eb9-ede ti pinnu lati wa aw\u1ecdn ojutu lati \u1e63e iranl\u1ecdw\u1ecd lati pari aaw\u1ecd opioid ni Maryland. Ajo naa n mu aw\u1ecdn eniyan ati aw\u1ecdn ajo j\u1ecd pap\u1ecd lati pin, k\u1ecd \u1eb9k\u1ecd, ati \u1e63i\u1e63\u1eb9 k\u1ecdja aw\u1ecdn aala agbegbe lati \u1e63e iranl\u1ecdw\u1ecd lati gba aw\u1ecdn \u1eb9mi l\u00e0, \u1e63e koriya aw\u1ecdn ti oro kan, ati pese aw\u1ecdn orisun. Alaye di\u1eb9 sii wa ni\u00a0<a href=\"http:\/\/www.ralimd.org\/\" target=\"_blank\" rel=\"noreferrer noopener\">www.RALImd.org<\/a>. Aw\u1ecdn alaba\u1e63i\u1e63\u1eb9p\u1ecd RALI Maryland p\u1eb9lu:<\/p>\n<ul>\n<li>Oluf\u1eb9 Community Services Corporation<\/li>\n<li>Cecil County Community O\u00f2g\u00f9n I\u1e63\u1ecdkan<\/li>\n<li>Community Anti-O\u00f2g\u00f9n Coalitions of America<\/li>\n<li>Hospice &amp; N\u1eb9tiw\u1ecd\u1ecdki It\u1ecdju Palliative ti Maryland<\/li>\n<li>Maryland Association of Pq O\u00f2g\u00f9n Stores<\/li>\n<li>Maryland Chamber of Commerce<\/li>\n<li>Maryland Fraternal Bere fun \u1ecdl\u1ecdpa<\/li>\n<li>Maryland Hospital Association<\/li>\n<li>Ile-i\u1e63\u1eb9 Abo Alaisan Maryland<\/li>\n<li>Maryland Pharmacists Association<\/li>\n<li>Maryland Otale<\/li>\n<li>Maryland Rural Health Association<\/li>\n<li>Maryland Sheriffs &#039;Association\/ Maryland olori ti \u1ecdl\u1ecdpa<\/li>\n<li>Maryland State Grange<\/li>\n<li>MedChi, \u1eb8gb\u1eb9 I\u1e63oogun ti Ipinle Maryland<\/li>\n<li>National Alliance on Opolo Arun Maryland<\/li>\n<li>National Black Nurses Association<\/li>\n<li>National onibara League<\/li>\n<li>National Sheriffs Association<\/li>\n<li>Iwadi elegbogi ati Aw\u1ecdn a\u1e63el\u1ecdp\u1ecd ti Am\u1eb9rika<\/li>\n<li>\u1eccj\u1ecdgb\u1ecdn Firefighters of Maryland<\/li>\n<li>Union Baptist Church<\/li>\n<li>Ile-\u1eb9k\u1ecd giga ti Ile-\u1eb9k\u1ecd giga ti Maryland fun Ilera ati Aabo Ile-Ile<\/li>\n<li>Ogbo Health Council<\/li>\n<li>Vets Lodi si O\u00f2g\u00f9n<\/li>\n<li>Vietnam Veterans of America<\/li>\n<li>Worcester L\u1ecd Purple<\/li>\n<\/ul>","protected":false},"excerpt":{"rendered":"<p>211 Maryland ati RALI Maryland Ifil\u1ecdl\u1eb9 Eto If\u1ecdr\u1ecdran\u1e63\u1eb9 Tuntun fun Aw\u1ecdn ara ilu Maryland ti N jiya lati Wiw\u1ecdle iyara Opioid si Aw\u1ecdn orisun Agbegbe ati Iranl\u1ecdw\u1ecd Wa Bayi nipas\u1eb9 Nk\u1ecd \u1ecdr\u1ecd \u201cMDHope\u201d si 898-211 BALTIMORE (O\u1e63u K\u1eb9wa 20, 2020) - 211 Maryland, ti kii \u1e63e \u00e8r\u00e8 ti a \u1e63e igb\u1eb9hin si sisop\u1ecd aw\u1ecdn olugbe ni gbogbo agbegbe ti ilera ati aw\u1ecdn i\u1e63\u1eb9 eniyan ti ipinl\u1eb9.<\/p>","protected":false},"author":8,"featured_media":0,"parent":813,"menu_order":0,"comment_status":"closed","ping_status":"closed","template":"","meta":{"footnotes":""},"class_list":["post-1178","page","type-page","status-publish","hentry"],"_links":{"self":[{"href":"https:\/\/211md.org\/yo\/wp-json\/wp\/v2\/pages\/1178","targetHints":{"allow":["GET"]}}],"collection":[{"href":"https:\/\/211md.org\/yo\/wp-json\/wp\/v2\/pages"}],"about":[{"href":"https:\/\/211md.org\/yo\/wp-json\/wp\/v2\/types\/page"}],"author":[{"embeddable":true,"href":"https:\/\/211md.org\/yo\/wp-json\/wp\/v2\/users\/8"}],"replies":[{"embeddable":true,"href":"https:\/\/211md.org\/yo\/wp-json\/wp\/v2\/comments?post=1178"}],"version-history":[{"count":0,"href":"https:\/\/211md.org\/yo\/wp-json\/wp\/v2\/pages\/1178\/revisions"}],"up":[{"embeddable":true,"href":"https:\/\/211md.org\/yo\/wp-json\/wp\/v2\/pages\/813"}],"wp:attachment":[{"href":"https:\/\/211md.org\/yo\/wp-json\/wp\/v2\/media?parent=1178"}],"curies":[{"name":"wp","href":"https:\/\/api.w.org\/{rel}","templated":true}]}}