{"id":1340,"date":"2021-04-28T01:30:35","date_gmt":"2021-04-28T01:30:35","guid":{"rendered":"https:\/\/211md.org\/?page_id=1340"},"modified":"2026-02-02T08:43:37","modified_gmt":"2026-02-02T13:43:37","slug":"gba-iranlowo","status":"publish","type":"page","link":"https:\/\/211md.org\/yo\/about\/get-help\/","title":{"rendered":"Bii o \u1e63e le Gba Iranl\u1ecdw\u1ecd P\u1eb9lu Aw\u1ecdn iwulo Pataki ni Maryland"},"content":{"rendered":"<figure data-animation-delay=\"0\" data-animation-duration=\"1\" itemscope itemtype=\"https:\/\/schema.org\/ImageObject\">\n\t\t\t\t<img decoding=\"async\" src=\"https:\/\/stg-maryland211-staging.kinsta.cloud\/wp-content\/uploads\/2025\/08\/5-1-scaled.png\" alt=\"5\" height=\"692\" width=\"2560\" title=\"5\" onerror=\"this.style.display='none'\" loading=\"lazy\" \/>\n\t<\/figure>\n\t\t<p>211 Maryland ni ilera okeer\u1eb9 jul\u1ecd ti ipinl\u1eb9 ati Alaye Aw\u1ecdn i\u1e63\u1eb9 eniyan ati Eto Ifiran\u1e63\u1eb9.<\/p>\n<p>211 has many ways to get help, depending on what works best for your situation. We have your back when needed most, including the federal shutdown.<\/p>\n<p>Learn about the ways to get help and get connected to information and resources.<\/p>\n\t\t\t<a href=\"#start\"  target=\"_self\">\n\t\t\t\t\t\tB\u1eb9r\u1eb9\n\t\t\t\t\t<\/a>\n<figure data-animation-delay=\"0\" data-animation-duration=\"1\" itemscope itemtype=\"https:\/\/schema.org\/ImageObject\">\n\t\t\t\t<img decoding=\"async\" src=\"https:\/\/211md.org\/wp-content\/plugins\/bb-plugin\/img\/pixel.png\" alt=\"\" onerror=\"this.style.display='none'\" loading=\"lazy\" \/>\n\t<\/figure>\n<figure data-animation-delay=\"0\" data-animation-duration=\"1.3\" itemscope itemtype=\"https:\/\/schema.org\/ImageObject\">\n\t\t\t\t<img decoding=\"async\" src=\"https:\/\/stg-maryland211-staging.kinsta.cloud\/wp-content\/uploads\/2025\/08\/16.png\" alt=\"16\" height=\"1000\" width=\"1000\" title=\"16\" onerror=\"this.style.display='none'\" loading=\"lazy\" \/>\n\t<\/figure>\n<figure itemscope itemtype=\"https:\/\/schema.org\/ImageObject\">\n\t\t\t\t<img decoding=\"async\" src=\"http:\/\/211md.org\/wp-content\/uploads\/2025\/10\/two-older-veterans-helping-each-other-at-park.jpg\" alt=\"meji agbalagba Ogbo ran k\u1ecd\u1ecdkan miiran ni o duro si ibikan\" title=\"meji agbalagba Ogbo ran k\u1ecd\u1ecdkan miiran ni o duro si ibikan\" onerror=\"this.style.display='none'\" loading=\"lazy\" \/>\n\t<\/figure>\n\t\t\n\t\t<h2>Bawo ni 211 \u1e62e Le Ran Mi l\u1ecdw\u1ecd?<\/h2>\n<p>211 is a way to get connected to essential needs, such as:<\/p>\n<ul>\n<li><a href=\"\/yo\/oro\/ibugbe-ibugbe\/\">ibugbe<\/a><\/li>\n<li><a href=\"https:\/\/211md.org\/yo\/oro\/ounje\/\">ounje<\/a><\/li>\n<li><a href=\"http:\/\/resources\/utility-assistance\/\">idaduro ohun elo<\/a><\/li>\n<li><a href=\"https:\/\/211md.org\/yo\/oro\/opolo-ilera\/\">opolo ilera<\/a><\/li>\n<li><a href=\"https:\/\/211md.org\/yo\/oro\/omo-idile\/\">\u1ecdm\u1ecd ati aw\u1ecdn idile<\/a><\/li>\n<li><a href=\"\/yo\/oro\/ofin-awon-i%e1%b9%a3e\/\">ofin ibeere ati iranl\u1ecdw\u1ecd<\/a><\/li>\n<li><a href=\"\/yo\/oro\/wiwa-oojo\/\">ise sise<\/a><\/li>\n<\/ul>\n<p>Individuals and families can search for help or dial 211 to speak to a caring and compassionate person.<\/p>\n<p>The Maryland Information Network powers 211, and is the state-authorized administrator of the 211 system. We work with many state and local organizations to connect Marylanders to health and human services.<\/p>\n<p>Have another question? Read our frequently asked questions.<\/p>\n<h3>Does It Cost Anything to Use 211?<\/h3>\n<p>No. The service is free and confidential.<\/p>\n<p>Ti o ba t\u1eb9 \u1ecdkan ninu aw\u1ecdn n\u1ecdmba agbegbe wa lati ita agbegbe, aw\u1ecdn o\u1e63uw\u1ecdn ijinna pip\u1eb9 ti olupese t\u1eb9lifoonu le lo. Ti o ba pe lati foonu alagbeka, akoko af\u1eb9f\u1eb9 ati aw\u1ecdn idiyele foonu miiran le waye.<\/p>\n\t\t\t<a href=\"https:\/\/211md.org\/yo\/nipa\/faq\/\"  target=\"_self\">\n\t\t\t\t\t\t\tKa aw\u1ecdn FAQ wa\n\t\t\t\t\t<\/a>\n\t\t<h2>How to Find 211 Help<\/h2>\n\t\t<p>There are 3 main ways to navigate the 211 website, and they&#8217;re always available in the menu at the top under &#8220;Get Help.&#8221;<\/p>\n<h3>I need to find local resources that can help.<\/h3>\n<p>Search our Community Resource database, the state&#8217;s most comprehensive for health and human services. This will connect you directly to organizations that can help. Choose a category like food pantries, and you&#8217;ll get a list and map of local help.<\/p>\n<p>With over 8,500 community resources, find what you need nearby. Enter a ZIP code and use the filters to narrow options.<\/p>\n<p>For Spanish, go to the upper right-hand corner and select Spanish. Then, search in Spanish.<\/p>\n\t\t\t<a href=\"https:\/\/search.211md.org\/\"  target=\"_blank\" rel=\"noopener\">\n\t\t\t\t\t\tFind Resources by ZIP code\n\t\t\t\t\t<\/a>\n\t\t<h3>I want to see the top community resources in my county.<\/h3>\n\t\t<p>Every county in the state has unique resources and needs. 211&#8217;s county pages make it easy to find top resources in a geographic area, with a focus on food pantries, utility assistance, and mental health.<\/p>\n\t\t\t<a href=\"https:\/\/211md.org\/yo\/oro-nipa-county\/\"  target=\"_blank\" rel=\"noopener\">\n\t\t\t\t\t\tSearch your county for help\n\t\t\t\t\t<\/a>\n\t\t<h3>I need information About Benefit Programs<\/h3>\n\t\t<p>Start with our resource categories, like food or health care, and learn about available assistance programs and available benefits, as well as common community resources.<\/p>\n<p>Get the information you need, then link directly to our Community Resource Database for that need using our common resource searches.<\/p>\n\t\t\t<a href=\"https:\/\/211md.org\/yo\/oro\/\"  target=\"_self\">\n\t\t\t\t\t\t\tGet information and resources\n\t\t\t\t\t<\/a>\n\t\t<h3>I want to talk to someone.<\/h3>\n\t\t<p>Dial 211, and a caring and compassionate person will talk with you and help you navigate and connect with help. 211 is also accessible for the deaf and hard of hearing through Maryland Relay (dial 7-1-1).<\/p>\n\t\t\t<a href=\"tel:%20+211\"  target=\"_self\">\n\t\t\t\t\t\t\tT\u1eb9 211\n\t\t\t\t\t<\/a>\n\t<h3>Itum\u1ecd<\/h3>\n<p>Oju opo w\u1eb9\u1eb9bu naa le tum\u1ecd si aw\u1ecdn ede pup\u1ecd, p\u1eb9lu Spani, Creole Haitian, Yoruba, Faranse, ati di\u1eb9 sii. T\u1eb9 G\u1eb9\u1eb9si ni igun apa \u1ecdtun oke ati yan ede r\u1eb9 lati inu akoj\u1ecd a\u1e63ayan sil\u1eb9.<\/p>\n<p>Translation is also available by phone in 150+ languages.<\/p>\n<figure itemscope itemtype=\"https:\/\/schema.org\/ImageObject\">\n\t\t\t\t<img decoding=\"async\" src=\"http:\/\/211md.org\/wp-content\/uploads\/2025\/10\/Couple-looking-for-help-on-phone-in-park.jpg\" alt=\"T\u1ecdk\u1ecdtaya nwa fun iranl\u1ecdw\u1ecd lori foonu ni o duro si ibikan\" title=\"T\u1ecdk\u1ecdtaya nwa fun iranl\u1ecdw\u1ecd lori foonu ni o duro si ibikan\" onerror=\"this.style.display='none'\" loading=\"lazy\" \/>\n\t<\/figure>\n\t<h2>Aw\u1ecdn \u1ecdna miiran 211 Le Ran<\/h2>\n<p>211 tun \u1e63e alaba\u1e63ep\u1ecd p\u1eb9lu aw\u1ecdn ile-i\u1e63\u1eb9 ipinl\u1eb9 ati aw\u1ecdn \u1eb9gb\u1eb9 agbegbe lati pese aw\u1ecdn eto if\u1ecdr\u1ecdran\u1e63\u1eb9 ti o pese alaye ati awokose nipas\u1eb9 aw\u1ecdn if\u1ecdr\u1ecdran\u1e63\u1eb9.<\/p>\n<h3>Aw\u1ecdn asop\u1ecd \u1ecdr\u1ecd<\/h3>\n<p>O tun le foruk\u1ecdsil\u1eb9 fun \u1ecdkan ninu aw\u1ecdn eto if\u1ecdr\u1ecdran\u1e63\u1eb9 wa, eyiti o so \u1ecd p\u1ecd si alaye, aw\u1ecdn orisun ati atil\u1eb9yin fun ilera gbogbo eniyan tabi irokeke oju ojo\/pajawiri, ibatan, aw\u1ecdn orisun Mid Shore, ilera \u1ecdp\u1ecdl\u1ecd, opioids ati di\u1eb9 sii.<\/p>\n\t\t<h2>\u1e62i\u1e63ay\u1eb9wo anfani ni Maryland<\/h2>\n\t\t<p>Maryland Benefits is a one-stop location to check eligibility and to apply for multiple benefits like food benefits, housing and energy assistance, health and disability services, unemployment, and more.<\/p>\n<p>With basic information like the number of people in your household, their incomes, and your household costs, you can quickly check your eligibility.<\/p>\n\t\t\t<a href=\"https:\/\/benefits.maryland.gov\/home\/#\/\" target=\"_self\" rel=\"noopener\">\n\t\t\t\t\t\t\tCheck Maryland Benefits\n\t\t\t\t\t<\/a>\n\t\t<h3>Aw\u1ecdn agbalagba ti ogbo ati aw\u1ecdn anfani anfani alaabo<\/h3>\n\t\t<p>Ti o ba j\u1eb9 agbalagba agbalagba tabi ti o ni ailera, o le lo <a href=\"https:\/\/benefitscheckup.org\/\" target=\"_blank\" rel=\"noopener\">Aw\u1ecdn anfaniCheckUp<\/a>\u00ae lati The National Council on Agbo. O \u1e63e iranl\u1ecdw\u1ecd fun \u1ecd lati wa aw\u1ecdn eto eyiti o le y\u1eb9 fun.<\/p>\n<p>Iw\u1ecd yoo dahun aw\u1ecdn ibeere ni ailoruk\u1ecd lati wa boya o y\u1eb9 fun aw\u1ecdn eto anfani ti o w\u1ecdp\u1ecd. Iw\u1ecdnyi le p\u1eb9lu aw\u1ecdn i\u1e63\u1eb9 awuj\u1ecd fun ounj\u1eb9 tabi Eto ilera. O tun le wa aw\u1ecdn eto iranl\u1ecdw\u1ecd alaisan fun oogun.<\/p>\n<p>Wa aw\u1ecdn eto ati i\u1e63\u1eb9 wo ni o le y\u1eb9 lati gba nipas\u1eb9 BenefitsCheckUp.<\/p>\n\t\t\t<a href=\"https:\/\/benefitscheckup.org\/\" target=\"_self\" rel=\"noopener\">\n\t\t\t\t\t\t\tUse Benefits Checkup\n\t\t\t\t\t<\/a>\n\t\t<h4><a href=\"\/yo\/oro\/ailera-ti-ogbo\/?utm_source=Home&#038;utm_medium=Referral&#038;utm_campaign=211Resources&#038;utm_content=Aging\" target=\"_self\">Ti ogbo &amp; Alaabo<\/a><\/h4><figure itemscope itemtype=\"https:\/\/schema.org\/ImageObject\">\n\t\t\t\t<a href=\"\/yo\/oro\/ailera-ti-ogbo\/?utm_source=Home&#038;utm_medium=Referral&#038;utm_campaign=211Resources&#038;utm_content=Aging\"  target=\"_self\" itemprop=\"url\">\n\t\t\t\t<img decoding=\"async\" src=\"https:\/\/211md.org\/wp-content\/uploads\/bb-plugin\/cache\/2025_MdInfoNet_Icon-Sets_Aging-disability-square-c466727102cae71e5f27b8539bb51945-.png\" alt=\"\" onerror=\"this.style.display='none'\" loading=\"lazy\" \/>\n\t\t\t\t<\/a>\n\t<\/figure>\n\t\t<h4><a href=\"\/yo\/oro\/omo-idile\/?utm_source=Home&#038;utm_medium=Referral&#038;utm_campaign=211Resources&#038;utm_content=Children\" target=\"_self\">Aw\u1ecdn \u1ecdm\u1ecdde &amp; Aw\u1ecdn idile<\/a><\/h4><figure itemscope itemtype=\"https:\/\/schema.org\/ImageObject\">\n\t\t\t\t<a href=\"\/yo\/oro\/omo-idile\/?utm_source=Home&#038;utm_medium=Referral&#038;utm_campaign=211Resources&#038;utm_content=Children\"  target=\"_self\" itemprop=\"url\">\n\t\t\t\t<img decoding=\"async\" src=\"https:\/\/211md.org\/wp-content\/uploads\/bb-plugin\/cache\/2025_211_Icon-Sets_Child-care-square-f3b0d4edab3dcc467fadb5f55f4064c6-.png\" alt=\"parent and child icon for child care\" height=\"417\" width=\"417\" title=\"2025_211_Icon Sets_Child itoju\" onerror=\"this.style.display='none'\" loading=\"lazy\" \/>\n\t\t\t\t<\/a>\n\t<\/figure>\n\t\t<h4><a href=\"\/yo\/oro\/abele-ebi-iwa-ipa\/?utm_source=Home&#038;utm_medium=Referral&#038;utm_campaign=211Resources&#038;utm_content=Domestic\" target=\"_self\">Iwa-ipa Abele<\/a><\/h4><figure itemscope itemtype=\"https:\/\/schema.org\/ImageObject\">\n\t\t\t\t<a href=\"\/yo\/oro\/abele-ebi-iwa-ipa\/?utm_source=Home&#038;utm_medium=Referral&#038;utm_campaign=211Resources&#038;utm_content=Domestic\"  target=\"_self\" itemprop=\"url\">\n\t\t\t\t<img decoding=\"async\" src=\"https:\/\/211md.org\/wp-content\/uploads\/bb-plugin\/cache\/2025_211_Icon-Sets_Domestic-Violence-square-7b597694a6f05fe90cdc376aa573bc63-.png\" alt=\"House with a heart in the middle icon\" height=\"417\" width=\"417\" title=\"2025_211_Icon \u1e62eto_Iwa-ipa Abele\" onerror=\"this.style.display='none'\" loading=\"lazy\" \/>\n\t\t\t\t<\/a>\n\t<\/figure>\n\t\t<h4><a href=\"\/yo\/oro\/wiwa-oojo\/?utm_source=Home&#038;utm_medium=Referral&#038;utm_campaign=211Resources&#038;utm_content=Employment\" target=\"_self\">Igbanisise<\/a><\/h4><figure itemscope itemtype=\"https:\/\/schema.org\/ImageObject\">\n\t\t\t\t<a href=\"\/yo\/oro\/wiwa-oojo\/?utm_source=Home&#038;utm_medium=Referral&#038;utm_campaign=211Resources&#038;utm_content=Employment\"  target=\"_self\" itemprop=\"url\">\n\t\t\t\t<img decoding=\"async\" src=\"https:\/\/211md.org\/wp-content\/uploads\/bb-plugin\/cache\/2025_MdInfoNet_Icon-Sets_Employment-square-44707bd410e4df10a470bf130ebcea86-.png\" alt=\"\" onerror=\"this.style.display='none'\" loading=\"lazy\" \/>\n\t\t\t\t<\/a>\n\t<\/figure>\n\t\t<h4><a href=\"\/yo\/oro\/itoju-ilera\/?utm_source=Home&#038;utm_medium=Referral&#038;utm_campaign=211Resources&#038;utm_content=Health%20Care\" target=\"_self\">It\u1ecdju Ilera<\/a><\/h4><figure itemscope itemtype=\"https:\/\/schema.org\/ImageObject\">\n\t\t\t\t<a href=\"\/yo\/oro\/itoju-ilera\/?utm_source=Home&#038;utm_medium=Referral&#038;utm_campaign=211Resources&#038;utm_content=Health%20Care\"  target=\"_self\" itemprop=\"url\">\n\t\t\t\t<img decoding=\"async\" src=\"https:\/\/211md.org\/wp-content\/uploads\/bb-plugin\/cache\/2025_MdInfoNet_Icon-Sets_Health-Care-square-dee98a0060cbe0e7f27eda253fc12679-.png\" alt=\"\" onerror=\"this.style.display='none'\" loading=\"lazy\" \/>\n\t\t\t\t<\/a>\n\t<\/figure>\n\t\t<h4><a href=\"\/yo\/oro\/omo-idile\/itoju-ibatan\/?utm_source=Home&#038;utm_medium=Referral&#038;utm_campaign=211Resources&#038;utm_content=Kinship\" target=\"_self\">\u00ccb\u00e1tan<\/a><\/h4><figure itemscope itemtype=\"https:\/\/schema.org\/ImageObject\">\n\t\t\t\t<a href=\"\/yo\/oro\/omo-idile\/itoju-ibatan\/?utm_source=Home&#038;utm_medium=Referral&#038;utm_campaign=211Resources&#038;utm_content=Kinship\"  target=\"_self\" itemprop=\"url\">\n\t\t\t\t<img decoding=\"async\" src=\"https:\/\/211md.org\/wp-content\/uploads\/bb-plugin\/cache\/2025_211_Icon-Sets_Kinship-square-45bdf872866f5735f842c32071109267-.png\" alt=\"Aami ibatan\" height=\"417\" width=\"417\" title=\"2025_211_Icon Sets_Kinship\" onerror=\"this.style.display='none'\" loading=\"lazy\" \/>\n\t\t\t\t<\/a>\n\t<\/figure>\n\t\t<h4><a href=\"\/yo\/oro\/ofin-awon-i%e1%b9%a3e\/?utm_source=Home&#038;utm_medium=Referral&#038;utm_campaign=211Resources&#038;utm_content=Legal\" target=\"_self\">Aw\u1ecdn i\u1e63\u1eb9 ofin<\/a><\/h4><figure itemscope itemtype=\"https:\/\/schema.org\/ImageObject\">\n\t\t\t\t<a href=\"\/yo\/oro\/ofin-awon-i%e1%b9%a3e\/?utm_source=Home&#038;utm_medium=Referral&#038;utm_campaign=211Resources&#038;utm_content=Legal\"  target=\"_self\" itemprop=\"url\">\n\t\t\t\t<img decoding=\"async\" src=\"https:\/\/211md.org\/wp-content\/uploads\/bb-plugin\/cache\/2025_MdInfoNet_Icon-Sets_Legal-square-18fdf438feb8435588174d9046463257-.png\" alt=\"\" onerror=\"this.style.display='none'\" loading=\"lazy\" \/>\n\t\t\t\t<\/a>\n\t<\/figure>\n\t\t<h4><a href=\"\/yo\/oro\/opolo-ilera\/?utm_source=Home&#038;utm_medium=Referral&#038;utm_campaign=211Resources&#038;utm_content=Mental\" target=\"_self\">Opolo Health<\/a><\/h4><figure itemscope itemtype=\"https:\/\/schema.org\/ImageObject\">\n\t\t\t\t<a href=\"\/yo\/oro\/opolo-ilera\/?utm_source=Home&#038;utm_medium=Referral&#038;utm_campaign=211Resources&#038;utm_content=Mental\"  target=\"_self\" itemprop=\"url\">\n\t\t\t\t<img decoding=\"async\" src=\"https:\/\/211md.org\/wp-content\/uploads\/bb-plugin\/cache\/2025_MdInfoNet_Icon-Sets_Mental-Health-square-c59b38c4a993a947d4c9280fbe2d2fee-.png\" alt=\"\" onerror=\"this.style.display='none'\" loading=\"lazy\" \/>\n\t\t\t\t<\/a>\n\t<\/figure>\n\t\t<h4><a href=\"\/yo\/oro\/ogbon-inu\/?utm_source=Home&#038;utm_medium=Referral&#038;utm_campaign=211Resources&#038;utm_content=Reentry\" target=\"_self\">Atunw\u1ecdle<\/a><\/h4><figure itemscope itemtype=\"https:\/\/schema.org\/ImageObject\">\n\t\t\t\t<a href=\"\/yo\/oro\/ogbon-inu\/?utm_source=Home&#038;utm_medium=Referral&#038;utm_campaign=211Resources&#038;utm_content=Reentry\"  target=\"_self\" itemprop=\"url\">\n\t\t\t\t<img decoding=\"async\" src=\"https:\/\/211md.org\/wp-content\/uploads\/bb-plugin\/cache\/2025_211_Icon-Sets_Reentry-square-8676fea38abd920a832f45642fe31cca-.png\" alt=\"Aami iw\u1ecdle\" height=\"417\" width=\"417\" title=\"2025_211_Icon Sets_Reentry\" onerror=\"this.style.display='none'\" loading=\"lazy\" \/>\n\t\t\t\t<\/a>\n\t<\/figure>\n\t\t<h4><a href=\"\/yo\/oro\/lilo-nkan-elo\/?utm_source=Home&#038;utm_medium=Referral&#038;utm_campaign=211Resources&#038;utm_content=Substance\" target=\"_self\">Ohun elo Lilo<\/a><\/h4><figure itemscope itemtype=\"https:\/\/schema.org\/ImageObject\">\n\t\t\t\t<a href=\"\/yo\/oro\/lilo-nkan-elo\/?utm_source=Home&#038;utm_medium=Referral&#038;utm_campaign=211Resources&#038;utm_content=Substance\"  target=\"_self\" itemprop=\"url\">\n\t\t\t\t<img decoding=\"async\" src=\"https:\/\/211md.org\/wp-content\/uploads\/bb-plugin\/cache\/2025_MdInfoNet_Icon-Sets_Substance-Abuse-square-9022fec9d18a64118ad685c101885b55-.png\" alt=\"\" onerror=\"this.style.display='none'\" loading=\"lazy\" \/>\n\t\t\t\t<\/a>\n\t<\/figure>\n\t\t<h4><a href=\"\/yo\/oro\/ogbo\/?utm_source=Home&#038;utm_medium=Referral&#038;utm_campaign=211Resources&#038;utm_content=Veterans\" target=\"_self\">Ogbo<\/a><\/h4><figure itemscope itemtype=\"https:\/\/schema.org\/ImageObject\">\n\t\t\t\t<a href=\"\/yo\/oro\/ogbo\/?utm_source=Home&#038;utm_medium=Referral&#038;utm_campaign=211Resources&#038;utm_content=Veterans\"  target=\"_self\" itemprop=\"url\">\n\t\t\t\t<img decoding=\"async\" src=\"https:\/\/211md.org\/wp-content\/uploads\/bb-plugin\/cache\/2025_MdInfoNet_Icon-Sets_Rating-square-6e60d00cce4faa8e0a6d4ad7366aa733-.png\" alt=\"\" onerror=\"this.style.display='none'\" loading=\"lazy\" \/>\n\t\t\t\t<\/a>\n\t<\/figure>\n\t<h2>Gba Iranl\u1ecdw\u1ecd lati 211 Ni Aw\u1ecdn ipinl\u1eb9 miiran<\/h2>\n<p>2-1-1 wa ni gbogbo ipinl\u1eb9, Agbegbe Columbia, Puerto Rico ati pup\u1ecd ti Ilu Kanada. Aw\u1ecdn aladugbo wa:<\/p>\n<p><a href=\"http:\/\/www.delaware211.org\/\" target=\"_blank\" rel=\"noreferrer noopener\">Delaware<\/a>\u00a0|\u00a0<a href=\"http:\/\/answersplease.dc.gov\/\" target=\"_blank\" rel=\"noreferrer noopener\">\u00c0gb\u00e8gb\u00e8 ti Columbia<\/a>\u00a0|\u00a0<a href=\"http:\/\/www.nj211.org\/\" target=\"_blank\" rel=\"noreferrer noopener\">New Jersey<\/a>\u00a0|\u00a0<a href=\"http:\/\/www.pa211.org\/\" target=\"_blank\" rel=\"noreferrer noopener\">Pennsylvania<\/a>\u00a0|\u00a0<a href=\"http:\/\/wv211.org\/\" target=\"_blank\" rel=\"noreferrer noopener\">West Virginia<\/a>\u00a0|\u00a0<a href=\"http:\/\/www.211virginia.org\/\" target=\"_blank\" rel=\"noreferrer noopener\">Virginia<\/a><\/p>\n<h6>\n\t\t\tgba iranl\u1ecdw\u1ecd\t<\/h6>","protected":false},"excerpt":{"rendered":"<p>211 Maryland is the state&#8217;s most comprehensive health and human services Information and Referral System. 211 has many ways to get help, depending on what works best for your situation. We have your back when needed most, including the federal shutdown. Learn about the ways to get help and get connected to information and resources.&hellip;<\/p>","protected":false},"author":8,"featured_media":1980,"parent":521,"menu_order":0,"comment_status":"closed","ping_status":"closed","template":"","meta":{"footnotes":""},"class_list":["post-1340","page","type-page","status-publish","has-post-thumbnail","hentry"],"_links":{"self":[{"href":"https:\/\/211md.org\/yo\/wp-json\/wp\/v2\/pages\/1340","targetHints":{"allow":["GET"]}}],"collection":[{"href":"https:\/\/211md.org\/yo\/wp-json\/wp\/v2\/pages"}],"about":[{"href":"https:\/\/211md.org\/yo\/wp-json\/wp\/v2\/types\/page"}],"author":[{"embeddable":true,"href":"https:\/\/211md.org\/yo\/wp-json\/wp\/v2\/users\/8"}],"replies":[{"embeddable":true,"href":"https:\/\/211md.org\/yo\/wp-json\/wp\/v2\/comments?post=1340"}],"version-history":[{"count":11,"href":"https:\/\/211md.org\/yo\/wp-json\/wp\/v2\/pages\/1340\/revisions"}],"predecessor-version":[{"id":34200,"href":"https:\/\/211md.org\/yo\/wp-json\/wp\/v2\/pages\/1340\/revisions\/34200"}],"up":[{"embeddable":true,"href":"https:\/\/211md.org\/yo\/wp-json\/wp\/v2\/pages\/521"}],"wp:featuredmedia":[{"embeddable":true,"href":"https:\/\/211md.org\/yo\/wp-json\/wp\/v2\/media\/1980"}],"wp:attachment":[{"href":"https:\/\/211md.org\/yo\/wp-json\/wp\/v2\/media?parent=1340"}],"curies":[{"name":"wp","href":"https:\/\/api.w.org\/{rel}","templated":true}]}}