{"id":1481,"date":"2021-05-03T12:27:26","date_gmt":"2021-05-03T16:27:26","guid":{"rendered":"https:\/\/211md.org\/?page_id=1481"},"modified":"2026-02-02T08:36:05","modified_gmt":"2026-02-02T13:36:05","slug":"ipamo-eto-imulo","status":"publish","type":"page","link":"https:\/\/211md.org\/yo\/privacy-policy\/","title":{"rendered":"Asiri Afihan"},"content":{"rendered":"<p><a href=\"\/yo\/sms\/\">Wo aw\u1ecdn ofin ati ipo fifiran\u1e63\u1eb9 \u1ecdr\u1ecd.<\/a><\/p>\n<p><strong>Ti o wulo bi O\u1e63u K\u1eb9rin \u1eccj\u1ecd 29, \u1eccdun 2022<\/strong><\/p>\n<p>211 Maryland b\u1ecdw\u1ecd fun asiri r\u1eb9. 211 Maryland le gba alaye lati \u1ecdd\u1ecd aw\u1ecdn olumulo ti oju opo w\u1eb9\u1eb9bu r\u1eb9 (\u201cAaye ayelujara\u201d). Ilana yii \u1e63e apejuwe:<\/p>\n<ul>\n<li>Aw\u1ecdn iru alaye ti a le gba tabi ti o le pese nipas\u1eb9 Oju opo w\u1eb9\u1eb9bu.<\/li>\n<li>Aw\u1ecdn i\u1e63e wa fun gbigba, lilo ati \u1e63i\u1e63afihan alaye y\u1eb9n.<\/li>\n<\/ul>\n<p>Ilana yii kan si alaye ti a gba lati \u1ecdd\u1ecd r\u1eb9 nipas\u1eb9 Oju opo w\u1eb9\u1eb9bu wa ati ni aw\u1ecdn ibara\u1eb9nis\u1ecdr\u1ecd itanna miiran ti a firan\u1e63\u1eb9 nipas\u1eb9 tabi ni asop\u1ecd p\u1eb9lu Oju opo w\u1eb9\u1eb9bu wa. Ilana yii ko kan alaye ti:<\/p>\n<ul>\n<li>Ti gba lori tabi nipas\u1eb9 aw\u1ecdn oju opo w\u1eb9\u1eb9bu \u1eb9nik\u1eb9ta tabi aw\u1ecdn ohun elo ti o le w\u1ecdle nipas\u1eb9 Oju opo w\u1eb9\u1eb9bu wa tabi bib\u1eb9\u1eb9k\u1ecd.<\/li>\n<li>O pese si tabi ti gba nipas\u1eb9 eyikeyi \u1eb9ni-k\u1eb9ta. Aw\u1ecdn \u1eb9gb\u1eb9 k\u1eb9ta w\u1ecdnyi le ni aw\u1ecdn ilana ik\u1ecdk\u1ecd tiw\u1ecdn, eyiti a gba \u1ecd niyanju lati ka \u1e63aaju ki o to pese alaye si w\u1ecdn.<\/li>\n<\/ul>\n<p>J\u1ecdw\u1ecd ka eto imulo yii ni p\u1eb9kip\u1eb9ki lati ni oye aw\u1ecdn ilana ati aw\u1ecdn i\u1e63e wa nipa alaye r\u1eb9 ati bii a yoo \u1e63e t\u1ecdju r\u1eb9. Ti o ba ni ibeere eyikeyi nipa eto imulo yii tabi aw\u1ecdn nkan ti o j\u1ecdm\u1ecd r\u1eb9, o le kan si wa ni\u00a0<a href=\"mailto:info@211md.org\">info@211md.org<\/a>.<\/p>\n<h3><strong>Alaye ti A Gba Ati Bi A \u1e62e Gba O<\/strong><\/h3>\n<p>A le gba alaye lati \u1ecdd\u1ecd ati nipa r\u1eb9 nigbati o ba \u1e63e alabapin p\u1eb9lu oju opo w\u1eb9\u1eb9bu wa:<\/p>\n<ul>\n<li>Taara lati \u1ecdd\u1ecd r\u1eb9 nigbati o ba pese fun wa.<\/li>\n<li>Lati aw\u1ecdn \u1eb9gb\u1eb9 k\u1eb9ta miiran; fun ap\u1eb9\u1eb9r\u1eb9, aw\u1ecdn alaba\u1e63i\u1e63\u1eb9p\u1ecd i\u1e63owo wa.<\/li>\n<li>Laif\u1ecdw\u1ecdyi nigbati o ba lo aw\u1ecdn \u1eb9ya kan ti Oju opo w\u1eb9\u1eb9bu wa.<\/li>\n<\/ul>\n\n<h3><strong>Alaye Ti O Pese Wa<\/strong><\/h3>\n<p>O le pese alaye ti ara \u1eb9ni:<\/p>\n<ul>\n<li>Iy\u1eb9n n \u1e63e idanim\u1ecd r\u1eb9, p\u1eb9lu, laisi aropin, oruk\u1ecd r\u1eb9, adir\u1eb9si ifiweranse, adir\u1eb9si imeeli, n\u1ecdmba t\u1eb9lifoonu, idanim\u1ecd eyikeyi miiran nipas\u1eb9 eyiti o le kan si \u1ecd lori ayelujara tabi offline, ipo ibugbe, \u1ecdj\u1ecd-ori, ak\u1ecd-abo, ile-iwe, aw\u1ecdn ede ti a s\u1ecd, aw\u1ecdn ak\u1ecd\u1ecdl\u1eb9 media awuj\u1ecd , kir\u1eb9diti kaadi alaye ati aw\u1ecdn f\u1ecdto.<\/li>\n<li>Iy\u1eb9n \u1e63e idanim\u1ecd aw\u1ecdn miiran, p\u1eb9lu, laisi aropin, aw\u1ecdn oruk\u1ecd aw\u1ecdn olufaragba, aw\u1ecdn \u1eb9l\u1eb9ri, tabi aw\u1ecdn olu\u1e63ebi ti aw\u1ecdn irufin ikorira tabi aw\u1ecdn i\u1e63\u1eb9l\u1eb9 ti o j\u1ecdra ati aw\u1ecdn alaye ti aw\u1ecdn i\u1e63\u1eb9l\u1eb9 ti o kan aw\u1ecdn \u1eb9ni k\u1ecd\u1ecdkan.<\/li>\n<\/ul>\n<p>Alaye yii p\u1eb9lu:<\/p>\n<ul>\n<li>Alaye ti o pese nipa kikun aw\u1ecdn f\u1ecd\u1ecdmu. Eyi p\u1eb9lu alaye ti a pese ni akoko iforuk\u1ecdsil\u1eb9, alaye ti a k\u1ecd sori eyikeyi aw\u1ecdn ohun elo, alaye ti a pese lakoko if\u1ecdr\u1ecdwanil\u1eb9nuwo, alaye ti o pese nigba ijab\u1ecd i\u1e63\u1eb9l\u1eb9 tabi irufin ikorira ati\/tabi alaye ti o pese nigbati o n beere aw\u1ecdn i\u1e63\u1eb9 siwaju.<\/li>\n<li>Alaye ti o j\u1eb9risi idanim\u1ecd r\u1eb9, a\u1e63\u1eb9, tabi aw\u1ecdn abuda miiran.<\/li>\n<li>Aw\u1ecdn idahun r\u1eb9 si aw\u1ecdn iwadi tabi aw\u1ecdn iwe ibeere ti a le beere l\u1ecdw\u1ecd r\u1eb9 lati pari.<\/li>\n<li>Aw\u1ecdn alaye ti aw\u1ecdn i\u1e63owo ti o \u1e63e nipas\u1eb9 oju opo w\u1eb9\u1eb9bu wa.<\/li>\n<li>Alaye ti o ni ibatan si profaili olumulo r\u1eb9, p\u1eb9lu oruk\u1ecd olumulo r\u1eb9, \u1ecdr\u1ecd igbaniw\u1ecdle, aw\u1ecdn ibeere olurannileti \u1ecdr\u1ecd igbaniw\u1ecdle ati aw\u1ecdn idahun, aw\u1ecdn iwulo, aw\u1ecdn ayanf\u1eb9 ibara\u1eb9nis\u1ecdr\u1ecd, ati eyikeyi l\u1eb9ta ti o firan\u1e63\u1eb9 si wa.<\/li>\n<li>Alaye iyan ti o le yan lati pese, lati j\u1eb9 ki o ni iriri ti ara \u1eb9ni p\u1eb9lu oju opo w\u1eb9\u1eb9bu wa ati lati j\u1eb9 ki a fun \u1ecd ni alaye ti o f\u1eb9.<\/li>\n<\/ul>\n<p>Iw\u1ecd ati aw\u1ecdn miiran le tun pese alaye lati firan\u1e63\u1eb9 si aw\u1ecdn agbegbe gbangba ti Oju opo w\u1eb9\u1eb9bu, tabi tan kaakiri si aw\u1ecdn olumulo miiran ti Oju opo w\u1eb9\u1eb9bu tabi aw\u1ecdn \u1eb9gb\u1eb9 k\u1eb9ta (lapap\u1ecd, \u201cAw\u1ecdn ifunni Olumulo\u201d). Ti o ba \u1e63e afihan alaye ni I\u1e63a\u1e63e Olumulo, alaye yii le wo, gba ati lo nipas\u1eb9 aw\u1ecdn miiran.<\/p>\n\n<h3><strong>Gbigba Alaye Aif\u1ecdw\u1ecdyi Ati Tit\u1ecdpa<\/strong><\/h3>\n<p>Nigbati o ba w\u1ecdle tabi lo Oju opo w\u1eb9\u1eb9bu wa, a le lo im\u1ecd-\u1eb9r\u1ecd lati gba alaye laif\u1ecdw\u1ecdyi, p\u1eb9lu:<\/p>\n<ul>\n<li><strong>Aw\u1ecdn alaye lilo.<\/strong>\u00a0Nigbati o ba w\u1ecdle ati lo Oju opo w\u1eb9\u1eb9bu naa, a le gba aw\u1ecdn alaye kan laif\u1ecdw\u1ecdyi ti iw\u1ecdle ati lilo W\u1eb9\u1eb9bu naa, p\u1eb9lu data ipo, gigun akoko ti o \u1e63ab\u1eb9wo si aaye wa, aw\u1ecdn iwo oju-iwe, alaye t\u1eb9-san, URL t\u1ecdka, aw\u1ecdn ak\u1ecd\u1ecdl\u1eb9, ati aw\u1ecdn miiran data ibara\u1eb9nis\u1ecdr\u1ecd ati aw\u1ecdn orisun ti o w\u1ecdle ati lo lori tabi nipas\u1eb9 Oju opo w\u1eb9\u1eb9bu.<\/li>\n<li><strong>\u1eb8r\u1ecd Alaye.<\/strong>\u00a0A le gba alaye nipa \u1eb9r\u1ecd r\u1eb9 ati asop\u1ecd intan\u1eb9\u1eb9ti, p\u1eb9lu idam\u1ecd \u1eb9r\u1ecd alail\u1eb9gb\u1eb9 \u1eb9r\u1ecd, adiresi IP, \u1eb9r\u1ecd \u1e63i\u1e63e, iru \u1eb9r\u1ecd a\u1e63awakiri, ati alaye n\u1eb9tiw\u1ecdki.<\/li>\n<\/ul>\n\n<h3><strong>Gbigba Alaye Ati Aw\u1ecdn Im\u1ecd-\u1eb9r\u1ecd It\u1ecdpa<\/strong><\/h3>\n<p>A le \u1e63e alaba\u1e63ep\u1ecd p\u1eb9lu aw\u1ecdn n\u1eb9tiw\u1ecd\u1ecdki ipolowo ati aw\u1ecdn olupese i\u1e63\u1eb9 ipolowo miiran (\u201cAw\u1ecdn Olupese Ipolowo\u201d) ti n \u1e63e iran\u1e63\u1eb9 fun aw\u1ecdn ipolowo ni ipo wa ati aw\u1ecdn miiran lori aw\u1ecdn iru \u1eb9r\u1ecd ti ko ni ibatan. Di\u1eb9 ninu aw\u1ecdn ipolowo w\u1ecdny\u1eb9n le j\u1eb9 ti ara \u1eb9ni, afipamo pe w\u1ecdn pinnu lati \u1e63e pataki si \u1ecd ti o da lori alaye Aw\u1ecdn olupese Ipolowo gba nipa lilo Aye r\u1eb9 ati aw\u1ecdn aaye miiran tabi aw\u1ecdn ohun elo ni akoko pup\u1ecd, p\u1eb9lu alaye nipa aw\u1ecdn ibatan laarin aw\u1ecdn a\u1e63awakiri ati aw\u1ecdn \u1eb9r\u1ecd ori\u1e63iri\u1e63i. Iru ipolowo yii ni a m\u1ecd si ipolowo ti o da lori iwulo.<\/p>\n<p>A tun le \u1e63i\u1e63\u1eb9 p\u1eb9lu aw\u1ecdn \u1eb9gb\u1eb9 k\u1eb9ta ti o gba data nipa lilo oju opo w\u1eb9\u1eb9bu r\u1eb9 ati aw\u1ecdn aaye miiran tabi aw\u1ecdn ohun elo lori akoko fun aw\u1ecdn idi ti kii \u1e63e ipolowo. Aw\u1ecdn im\u1ecd-\u1eb9r\u1ecd ti a lo fun ikoj\u1ecdp\u1ecd alaye laif\u1ecdw\u1ecdyi lori Oju opo w\u1eb9\u1eb9bu wa le p\u1eb9lu:<\/p>\n<ul>\n<li><strong>Aw\u1ecdn kuki.<\/strong>\u00a0Bii \u1ecdp\u1ecdl\u1ecdp\u1ecd aw\u1ecdn oju opo w\u1eb9\u1eb9bu, 211 Maryland ati aw\u1ecdn olupese atupale \u1eb9ni-k\u1eb9ta le lo aw\u1ecdn kuki lori Oju opo w\u1eb9\u1eb9bu naa. Kuki j\u1eb9 faili kekere ti a gbe sori \u1eb9r\u1ecd r\u1eb9 lati gba laaye itupal\u1eb9 lilo oju opo w\u1eb9\u1eb9bu r\u1eb9. Fun ap\u1eb9\u1eb9r\u1eb9, aw\u1ecdn kuki le \u1e63ee lo fun ipese akoonu ti ara \u1eb9ni tabi abojuto imunadoko oju opo w\u1eb9\u1eb9bu naa.<\/li>\n<li><strong>Flash Cookies.<\/strong>\u00a0Aw\u1ecdn \u1eb9ya kan ti Oju opo w\u1eb9\u1eb9bu le lo aw\u1ecdn ohun ti a fipam\u1ecd sori agbegbe (tabi kuki Flash) lati gba ati t\u1ecdju alaye nipa aw\u1ecdn ayanf\u1eb9 r\u1eb9 ati lil\u1ecd kiri si, lati, ati lori Oju opo w\u1eb9\u1eb9bu naa.<\/li>\n<li><strong>Aw\u1ecdn Beakoni w\u1eb9\u1eb9bu ati Aw\u1ecdn Im\u1ecd-\u1eb9r\u1ecd miiran.<\/strong>\u00a0A le lo im\u1ecd-\u1eb9r\u1ecd Intan\u1eb9\u1eb9ti bo\u1e63ewa, g\u1eb9g\u1eb9bi aw\u1ecdn beakoni w\u1eb9\u1eb9bu (tun t\u1ecdka si bi aw\u1ecdn gifs ti o han gbangba, aw\u1ecdn ami piks\u1eb9li, ati aw\u1ecdn gifs \u1eb9y\u1ecd-pixel) ati aw\u1ecdn im\u1ecd-\u1eb9r\u1ecd miiran ti o j\u1ecdra, lati t\u1ecdpa lilo oju opo w\u1eb9\u1eb9bu r\u1eb9, ka aw\u1ecdn olumulo ti o \u1e63ab\u1eb9wo si aw\u1ecdn oju-iwe kan ki o j\u1eb9risi eto ati olupin iyege.<\/li>\n<li><strong>Google.<\/strong>\u00a0211 Maryland nlo Aw\u1ecdn atupale Google ati aw\u1ecdn i\u1e63\u1eb9 \u1eb9nik\u1eb9ta miiran lati mu il\u1ecdsiwaju i\u1e63\u1eb9 ti Aye ati fun aw\u1ecdn itupal\u1eb9 ati aw\u1ecdn idi titaja. Fun alaye di\u1eb9 sii nipa bi Aw\u1ecdn atupale Google \u1e63e n gba ati lo data nigbati o lo Aye wa, \u1e63ab\u1eb9wo\u00a0<a href=\"https:\/\/policies.google.com\/technologies\/partner-sites\" target=\"_blank\" rel=\"noopener\">www.google.com\/policies\/privacy\/partners<\/a>, ati lati jade kuro ni Aw\u1ecdn atupale Google, \u1e63ab\u1eb9wo\u00a0<a href=\"https:\/\/tools.google.com\/dlpage\/gaoptout\" target=\"_blank\" rel=\"noopener\">irin\u1e63\u1eb9.google.com\/dlpage\/gaoptout<\/a>\u00a0A le lo aw\u1ecdn atupale Google, i\u1e63\u1eb9 atupale w\u1eb9\u1eb9bu ti a pese nipas\u1eb9 \u1eb9ni-k\u1eb9ta.<\/li>\n<\/ul>\n<p>A\u1e63\u00e0w\u00e1kiri r\u1eb9 le pese aw\u1ecdn irin\u1e63\u1eb9 lati fi opin si lilo aw\u1ecdn kuki tabi lati pa aw\u1ecdn kuki r\u1eb9, sib\u1eb9sib\u1eb9, ti o ba lo aw\u1ecdn irin\u1e63\u1eb9 w\u1ecdnyi, Oju opo w\u1eb9\u1eb9bu wa le ma \u1e63i\u1e63\u1eb9 bi a ti pinnu.<\/p>\n\n<h3><strong>Bi A \u1e62e Lo Alaye R\u1eb9<\/strong><\/h3>\n<p>Alaye lilo oju opo w\u1eb9\u1eb9bu ati alaye ti a gba laif\u1ecdw\u1ecdyi \u1e63e iranl\u1ecdw\u1ecd fun wa lati ni il\u1ecdsiwaju Oju opo w\u1eb9\u1eb9bu naa ati lati fi iriri ti ara \u1eb9ni ti o dara jul\u1ecd ati siwaju sii nipa mimuu\u1e63i\u1e63\u1eb9 wa lati:<\/p>\n<ul>\n<li>\u1e62e i\u1e63iro aw\u1ecdn ilana lilo wa.<\/li>\n<li>T\u1ecdju alaye nipa aw\u1ecdn ayanf\u1eb9 r\u1eb9, gbigba wa laaye lati \u1e63e akan\u1e63e Oju opo w\u1eb9\u1eb9bu naa.<\/li>\n<li>\u1e62aj\u1ecd alaye nipa aw\u1ecdn irufin ikorira ati aw\u1ecdn i\u1e63\u1eb9l\u1eb9 ti o j\u1ecdra.<\/li>\n<li>Mu aw\u1ecdn wiwa r\u1eb9 mu ki o ran \u1ecd l\u1ecdw\u1ecd lati w\u1ecdle si alaye daradara.<\/li>\n<li>\u1e62e idanim\u1ecd r\u1eb9 nigbati o lo oju opo w\u1eb9\u1eb9bu naa.<\/li>\n<li>\u1e62e iranl\u1ecdw\u1ecd \u1e63e iwadii aw\u1ecdn i\u1e63oro p\u1eb9lu aw\u1ecdn olupin wa ati lati \u1e63akoso oju opo w\u1eb9\u1eb9bu naa.<\/li>\n<li>T\u1ecdpinpin aw\u1ecdn tit\u1eb9 sii, aw\u1ecdn ifisil\u1eb9, ati ipo ni eyikeyi aw\u1ecdn ipin ibaraenisepo ti Oju opo w\u1eb9\u1eb9bu naa.<\/li>\n<li>Bojuto imunadoko oju opo w\u1eb9\u1eb9bu ati aw\u1ecdn metiriki apap\u1ecd.<\/li>\n<\/ul>\n<p>A lo alaye ti a gba nipa r\u1eb9 tabi ti o pese fun wa, p\u1eb9lu eyikeyi alaye ti ara \u1eb9ni, lati:<\/p>\n<ul>\n<li>Fun \u1ecd ni oju opo w\u1eb9\u1eb9bu, ati alaye eyikeyi, aw\u1ecdn \u1ecdja, tabi aw\u1ecdn i\u1e63\u1eb9 ti o beere l\u1ecdw\u1ecd wa.<\/li>\n<li>Pese fun \u1ecd p\u1eb9lu aw\u1ecdn akoonu oju opo w\u1eb9\u1eb9bu ati aw\u1ecdn \u1eb9ya ibaraenisepo r\u1eb9.<\/li>\n<li>Kan si \u1ecdd\u1ecd r\u1eb9 nipa aw\u1ecdn irufin ikorira ati iru aw\u1ecdn i\u1e63\u1eb9l\u1eb9 ti o jabo si wa.<\/li>\n<li>J\u1eb9 ki o \u1e63i\u1e63\u1eb9, kan si alagbawo, tabi y\u1ecd\u1ecdda fun wa.<\/li>\n<li>\u1e62e ilana \u1eb9bun r\u1eb9.<\/li>\n<li>Dagbasoke aw\u1ecdn i\u1e63iro.<\/li>\n<li>\u1e62e ay\u1eb9wo ohun elo r\u1eb9 tabi iforuk\u1ecdsil\u1eb9 lati gba aw\u1ecdn eto ati i\u1e63\u1eb9 lati \u1ecdd\u1ecd wa.<\/li>\n<li>Fun \u1ecd ni akiyesi nipa ak\u1ecd\u1ecdl\u1eb9 r\u1eb9 tabi iforuk\u1ecdsil\u1eb9.<\/li>\n<li>Pese fun \u1ecd p\u1eb9lu aw\u1ecdn ibara\u1eb9nis\u1ecdr\u1ecd tita tabi aw\u1ecdn iwe iroyin.<\/li>\n<li>\u1e62e aw\u1ecdn adehun wa ki o fi ipa mu aw\u1ecdn \u1eb9t\u1ecd wa ti o dide lati eyikeyi aw\u1ecdn adehun ti o w\u1ecdle laarin iw\u1ecd ati wa.<\/li>\n<li>Fi to \u1ecd leti nigbati aw\u1ecdn imudojuiw\u1ecdn si Oju opo w\u1eb9\u1eb9bu wa wa ati s\u1ecd fun \u1ecd ti aw\u1ecdn ayipada si eyikeyi aw\u1ecdn i\u1e63\u1eb9 ti a n\u1e63e tabi pese.<\/li>\n<li>Lati mu idi ti o pese fun. Fun ap\u1eb9\u1eb9r\u1eb9, ti o ba fun wa ni adir\u1eb9si imeeli lati lo \u1eb9ya imeeli ti Oju opo w\u1eb9\u1eb9bu.<\/li>\n<li>Fun aw\u1ecdn idi inu, nibiti o j\u1eb9 dandan.<\/li>\n<li>Lati ni ibamu p\u1eb9lu aw\u1ecdn ofin to wulo.<\/li>\n<li>Fun idi miiran p\u1eb9lu igbanilaaye r\u1eb9.<\/li>\n<\/ul>\n\n<h3><strong>Ifihan Alaye R\u1eb9<\/strong><\/h3>\n<p>A le \u1e63e afihan alaye akoj\u1ecdp\u1ecd nipa aw\u1ecdn olumulo wa, ati alaye ti ko \u1e63e idanim\u1ecd \u1eb9ni k\u1ecd\u1ecdkan tabi \u1eb9r\u1ecd, laisi iham\u1ecd.<\/p>\n<p>Ni afikun, a le \u1e63e afihan alaye ti a gba, tabi o pese:<\/p>\n<ul>\n<li>Si aw\u1ecdn oniranl\u1ecdw\u1ecd wa, aw\u1ecdn alafaramo, ati aw\u1ecdn a\u1e63oju.<\/li>\n<li>Si aw\u1ecdn olugbaisese, aw\u1ecdn olupese i\u1e63\u1eb9, ati aw\u1ecdn \u1eb9gb\u1eb9 k\u1eb9ta miiran ti a lo lati \u1e63e atil\u1eb9yin i\u1e63owo wa.<\/li>\n<li>Si \u1eccfiisi ti Aw\u1ecdn \u1ecdran I\u1e63iwa, agbofinro agbegbe, tabi aw\u1ecdn ile-i\u1e63\u1eb9 miiran lati jabo aw\u1ecdn i\u1e63\u1eb9l\u1eb9 p\u1eb9lu aw\u1ecdn odaran ikorira, tabi si \u1eccfiisi Gomina ti Aw\u1ecdn ipil\u1eb9\u1e63\u1eb9 Agbegbe, Ile-i\u1e63\u1eb9 I\u1e63\u1ecdkan ati Ile-i\u1e63\u1eb9 Analysis Maryland (MCAC) tabi aw\u1ecdn nkan ti o j\u1ecdra fun pinpin data ati akiyesi gbogbo eniyan.<\/li>\n<li>Si olura tabi ar\u1ecdpo miiran ni i\u1e63\u1eb9l\u1eb9 ti i\u1e63\u1ecdp\u1ecd, i\u1e63ipopada, atunto, atunto, itusil\u1eb9, tabi tita miiran tabi gbigbe di\u1eb9 ninu tabi gbogbo aw\u1ecdn ohun-ini 211 Maryland, boya bi ibakcdun ti nl\u1ecd tabi g\u1eb9g\u1eb9 bi apakan ti idi, oloomi, tabi ilana ti o j\u1ecdra, ninu eyiti alaye ti ara \u1eb9ni waye nipas\u1eb9 211 Maryland nipa aw\u1ecdn olumulo oju opo w\u1eb9\u1eb9bu wa wa laarin aw\u1ecdn ohun-ini ti o gbe l\u1ecd.<\/li>\n<li>Lati ni ibamu p\u1eb9lu eyikeyi a\u1e63\u1eb9 ile-\u1eb9j\u1ecd, ofin, tabi ilana ofin, p\u1eb9lu lati dahun si eyikeyi ibeere fun ifowosowopo lati \u1ecdd\u1ecd agbofinro, ilana tabi ile-i\u1e63\u1eb9 ij\u1ecdba miiran, tabi lati fi idi mul\u1eb9 tabi fipa mu tabi lo aw\u1ecdn ofin lilo wa tabi aw\u1ecdn \u1eb9t\u1ecd wa tabi aw\u1ecdn atun\u1e63e ti o dide lati eyikeyi aw\u1ecdn adehun ti o w\u1ecd laarin iw\u1ecd ati awa, ati aw\u1ecdn adehun miiran, p\u1eb9lu fun \u00ecd\u00edyel\u00e9 ati gbigba. Ni iru aw\u1ecdn \u1ecdran b\u1eb9\u1eb9, a le gbega tabi y\u1ecdkuro eyikeyi atako ofin tabi \u1eb9t\u1ecd ti o wa fun wa, ni lakaye wa nikan.<\/li>\n<li>Ti a ba gbagb\u1ecd ifihan j\u1eb9 pataki tabi y\u1eb9 ni asop\u1ecd p\u1eb9lu aw\u1ecdn igbiyanju lati \u1e63e iwadii, \u1e63e idiw\u1ecd, \u1e63e ijab\u1ecd tabi \u1e63e aw\u1ecdn i\u1e63e miiran nipa i\u1e63\u1eb9 \u1e63i\u1e63e arufin, ti a fura si jibiti tabi aw\u1ecdn a\u1e63i\u1e63e miiran; lati daabobo tabi daabobo aw\u1ecdn \u1eb9t\u1ecd, ohun-ini, tabi ailewu ti 211 Maryland tabi aw\u1ecdn omiiran. Eyi p\u1eb9lu paar\u1ecd alaye p\u1eb9lu aw\u1ecdn ile-i\u1e63\u1eb9 miiran ati aw\u1ecdn ajo fun aw\u1ecdn idi ti aabo jibiti ati idinku eewu kir\u1eb9diti.<\/li>\n<li>Lati jabo ifura ti ilokulo agba, aibikita, ilokulo \u1ecdm\u1ecd, aw\u1ecdn irufin ikorira tabi aw\u1ecdn i\u1e63\u1eb9l\u1eb9 ti o j\u1ecdra.<\/li>\n<li>Si aw\u1ecdn eniyan ti a \u1e63afihan nipas\u1eb9 wa nigbati o pese alaye naa.<\/li>\n<li>Si aw\u1ecdn eniyan miiran tabi aw\u1ecdn ile-i\u1e63\u1eb9 p\u1eb9lu igbanilaaye r\u1eb9 tabi bib\u1eb9\u1eb9k\u1ecd ti \u1e63afihan ni akoko gbigba.<\/li>\n<\/ul>\n\n<h3><strong>Aw\u1ecdn A\u1e63ayan R\u1eb9<\/strong><\/h3>\n<p>Nigbati o ba foruk\u1ecdsil\u1eb9 tabi kan si wa nipas\u1eb9 Oju opo w\u1eb9\u1eb9bu, o le \u1e63eto lati gba aw\u1ecdn ifiran\u1e63\u1eb9 imeeli, ayafi ti o ba fihan pe o ko f\u1eb9 lati gba aw\u1ecdn imeeli. Nigbakugba, o le yan lati ma gba iru aw\u1ecdn imeeli b\u1eb9 m\u1ecd nipa tit\u1eb9le aw\u1ecdn ilana ti a rii ninu aw\u1ecdn imeeli, tabi nipa fifi imeeli ran\u1e63\u1eb9 si wa ti o s\u1ecd ibeere r\u1eb9 si\u00a0<u>info@211md.org<\/u><\/p>\n<p>Ti o ko ba f\u1eb9 lati ni alaye olubas\u1ecdr\u1ecd r\u1eb9 ti 211 Maryland lo lati \u1e63e igbelaruge aw\u1ecdn eto tabi aw\u1ecdn i\u1e63\u1eb9 wa, o le jade kuro nipa fifi l\u1eb9ta ran\u1e63\u1eb9 si wa tabi imeeli ti o s\u1ecd ibeere r\u1eb9.<\/p>\n<p>Fun aw\u1ecdn yiyan p\u1eb9lu \u1ecdw\u1ecd si aw\u1ecdn i\u1e63\u1eb9 ipolowo ti o da lori iwulo \u1eb9ni-k\u1eb9ta ati aw\u1ecdn atupale, j\u1ecdw\u1ecd wo apakan \u201cGbigba Alaye ati Aw\u1ecdn Im\u1ecd-\u1eb9r\u1ecd Ipa\u201d ni oke.<\/p>\n\n<h3><strong>\u1eb8ni-k\u1eb9ta Links<\/strong><\/h3>\n<p>Oju opo w\u1eb9\u1eb9bu le pese aw\u1ecdn \u1ecdna asop\u1ecd si aw\u1ecdn oju opo w\u1eb9\u1eb9bu \u1eb9nik\u1eb9ta tabi aw\u1ecdn ohun elo. A ko \u1e63akoso aw\u1ecdn i\u1e63e ik\u1ecdk\u1ecd ti aw\u1ecdn oju opo w\u1eb9\u1eb9bu tabi aw\u1ecdn ohun elo w\u1ecdny\u1eb9n, ati pe w\u1ecdn ko ni aabo nipas\u1eb9 eto imulo asiri yii. O y\u1eb9 ki o \u1e63e ay\u1eb9wo aw\u1ecdn eto imulo ipam\u1ecd ti aw\u1ecdn oju opo w\u1eb9\u1eb9bu miiran tabi aw\u1ecdn lw ti o lo lati k\u1ecd \u1eb9k\u1ecd nipa aw\u1ecdn i\u1e63e data w\u1ecdn.<\/p>\n\n<h3><strong>Iw\u1ecdle si ati \u1e62atun\u1e63e Alaye Ti ara \u1eb9ni r\u1eb9<\/strong><\/h3>\n<p>O le pe, imeeli, tabi bib\u1eb9\u1eb9k\u1ecd kan si wa lati beere iraye si, \u1e63e atun\u1e63e, tabi paar\u1eb9 alaye ti ara \u1eb9ni ti o ti pese fun wa. Ni aw\u1ecdn igba miiran, a ko le pa alaye ti ara \u1eb9ni r\u1eb9 kuro ayafi nipa pipar\u1eb9 ak\u1ecd\u1ecdl\u1eb9 olumulo r\u1eb9 tabi fopin si aw\u1ecdn i\u1e63\u1eb9 eyikeyi ti o n\u1e63i\u1e63\u1eb9 l\u1ecdw\u1ecdl\u1ecdw\u1ecd tabi gba lati 211 Maryland. A le ma gba ibeere kan lati yi alaye pada ti a ba gbagb\u1ecd pe iyipada yoo r\u00fa ofin eyikeyi tabi ibeere lab\u1eb9 ofin tabi fa ki alaye naa j\u1eb9 a\u1e63i\u1e63e.<\/p>\n\n<h3><strong>Gbigba Alaye Aw\u1ecdn \u1ecdm\u1ecdde\u00a0<\/strong><\/h3>\n<p>A gba alaye nikan nipa aw\u1ecdn ti o wa lab\u1eb9 \u1ecddun 13 p\u1eb9lu igbanilaaye obi. Ti a ba k\u1ecd pe a ti gba tabi gba alaye ti ara \u1eb9ni lati \u1ecdd\u1ecd \u1ecdm\u1ecdde lab\u1eb9 \u1ecddun 13, a yoo pa alaye y\u1eb9n r\u1eb9 lori ibeere obi.<\/p>\n\n<h3><strong>Aw\u1ecdn iyipada si Ilana A\u1e63iri Wa<\/strong><\/h3>\n<p>A le \u1e63e imudojuiw\u1ecdn eto imulo ipam\u1ecd wa lati igba de igba. A gba \u1ecd niyanju lati \u1e63ab\u1eb9wo si oju-iwe yii lorekore lati k\u1ecd \u1eb9k\u1ecd ti eyikeyi aw\u1ecdn imudojuiw\u1ecdn.<\/p>\n\n<h3><strong>Ibi iwifunni<\/strong><\/h3>\n<p>Lati beere aw\u1ecdn ibeere tabi gba alaye di\u1eb9 sii nipa eto imulo asiri ati aw\u1ecdn i\u1e63e a\u1e63iri wa, j\u1ecdw\u1ecd kan si wa ni:<\/p>\n211 Maryland<br \/>\n9770 Patuxent Woods wak\u1ecd<br \/>\nSuite 334<br \/>\nColumbia, D\u00f3k\u00edt\u00e0 21046<br \/>\nfoonu: 301-970-9888<br \/>\nImeeli:\u00a0<a href=\"mailto:info@211md.org\">info@211md.org<\/a>\n<p>Atunwo to k\u1eb9hin 5\/2\/2022<\/p>\n\t<h2><strong>211 Maryland Solicitations Ati Atinuwa Fifun Afihan<\/strong><\/h2>\n<p>Aw\u1ecdn oluranl\u1ecdw\u1ecd ti o \u1e63e idahun jul\u1ecd ni aw\u1ecdn ti o ni aye lati di alaye ati ki o kopa. Nitorina a \u1e63e igbelaruge fifunni atinuwa ni \u1e63i\u1e63e p\u1eb9lu aw\u1ecdn oluranl\u1ecdw\u1ecd, aw\u1ecdn o\u1e63i\u1e63\u1eb9, aw\u1ecdn oluy\u1ecd\u1ecdda, ati aw\u1ecdn olutaja.<\/p>\n<p>A yoo b\u1ecdw\u1ecd fun aw\u1ecdn \u1eb9t\u1ecd ti aw\u1ecdn oluranl\u1ecdw\u1ecd si:<\/p>\n<ul>\n<li>\u1e62e ifitonileti nipa i\u1e63\u1eb9 apinfunni 211 Maryland, bawo ni aw\u1ecdn orisun yoo \u1e63e lo ati pe aw\u1ecdn \u1eb9bun j\u1eb9 lilo daradara fun aw\u1ecdn idi ipinnu w\u1ecdn.<\/li>\n<li>\u1e62e ifitonileti ti idanim\u1ecd ti aw\u1ecdn ti n \u1e63i\u1e63\u1eb9 lori Igbim\u1ecd Aw\u1ecdn oludari ati nireti pe Igbim\u1ecd naa yoo lo idaj\u1ecd \u1ecdgb\u1ecdn ni aw\u1ecdn i\u1e63\u1eb9 iriju r\u1eb9.<\/li>\n<li>Ni iraye si aw\u1ecdn ijab\u1ecd inawo aip\u1eb9 jul\u1ecd 211 Maryland.<\/li>\n<li>Gba if\u1ecdw\u1ecdsi ti o y\u1eb9 ati idanim\u1ecd.<\/li>\n<li>Rii daju pe alaye nipa aw\u1ecdn \u1eb9bun w\u1ecdn ni a \u1e63akoso p\u1eb9lu \u1ecdw\u1ecd ati p\u1eb9lu a\u1e63iri si iw\u1ecdn ti ofin pese.<\/li>\n<li>Reti pe gbogbo aw\u1ecdn ibatan p\u1eb9lu aw\u1ecdn \u1eb9ni-k\u1ecd\u1ecdkan ti o \u1e63i\u1e63\u1eb9 nipas\u1eb9 211 Maryland si oluranl\u1ecdw\u1ecd yoo j\u1eb9 alam\u1ecddaju ni iseda.<\/li>\n<li>Ni aye fun oruk\u1ecd w\u1ecdn lati paar\u1eb9 lati aw\u1ecdn atok\u1ecd pinpin.<\/li>\n<li>Ni ominira lati beere aw\u1ecdn ibeere nigbati o ba \u1e63et\u1ecdr\u1eb9 ati lati gba aw\u1ecdn idahun kiakia ati otit\u1ecd.<\/li>\n<\/ul>\n<p>Aw\u1ecdn oluranl\u1ecdw\u1ecd p\u1eb9lu aw\u1ecdn ifiyesi y\u1eb9 ki o kan si Laini Iranl\u1ecdw\u1ecd Oluranl\u1ecdw\u1ecd nipas\u1eb9: imeeli ni\u00a0<a href=\"mailto:info@211md.org\">info@211md.org<\/a>.<\/p>","protected":false},"excerpt":{"rendered":"<p>Wo aw\u1ecdn ofin ati ipo fifiran\u1e63\u1eb9 \u1ecdr\u1ecd. Ti o munadoko bi O\u1e63u K\u1eb9rin \u1eccj\u1ecd 29, \u1eccdun 2022 211 Maryland b\u1ecdw\u1ecd fun a\u1e63iri r\u1eb9. 211 Maryland le gba alaye lati \u1ecdd\u1ecd aw\u1ecdn olumulo ti oju opo w\u1eb9\u1eb9bu r\u1eb9 (\u201cAaye ayelujara\u201d). Ilana yii \u1e63e apejuwe: Aw\u1ecdn iru alaye ti a le gba tabi ti o le pese nipas\u1eb9 aaye ayelujara naa. Aw\u1ecdn i\u1e63e wa fun gbigba, lilo ati \u1e63i\u1e63afihan pe\u2026<\/p>","protected":false},"author":8,"featured_media":0,"parent":0,"menu_order":0,"comment_status":"closed","ping_status":"closed","template":"","meta":{"footnotes":""},"class_list":["post-1481","page","type-page","status-publish","hentry"],"_links":{"self":[{"href":"https:\/\/211md.org\/yo\/wp-json\/wp\/v2\/pages\/1481","targetHints":{"allow":["GET"]}}],"collection":[{"href":"https:\/\/211md.org\/yo\/wp-json\/wp\/v2\/pages"}],"about":[{"href":"https:\/\/211md.org\/yo\/wp-json\/wp\/v2\/types\/page"}],"author":[{"embeddable":true,"href":"https:\/\/211md.org\/yo\/wp-json\/wp\/v2\/users\/8"}],"replies":[{"embeddable":true,"href":"https:\/\/211md.org\/yo\/wp-json\/wp\/v2\/comments?post=1481"}],"version-history":[{"count":0,"href":"https:\/\/211md.org\/yo\/wp-json\/wp\/v2\/pages\/1481\/revisions"}],"wp:attachment":[{"href":"https:\/\/211md.org\/yo\/wp-json\/wp\/v2\/media?parent=1481"}],"curies":[{"name":"wp","href":"https:\/\/api.w.org\/{rel}","templated":true}]}}