{"id":1687,"date":"2021-05-12T00:23:01","date_gmt":"2021-05-12T00:23:01","guid":{"rendered":"https:\/\/211md.org\/?page_id=1687"},"modified":"2025-11-07T06:50:29","modified_gmt":"2025-11-07T11:50:29","slug":"agbegbe-dorchester","status":"publish","type":"page","link":"https:\/\/211md.org\/yo\/resources-by-county\/dorchester-county\/","title":{"rendered":"Agbegbe Dorchester"},"content":{"rendered":"<h2><a href=\"https:\/\/search.211md.org\/\" target=\"_blank\"  rel=\"noopener\">Wa Oro Nitosi Mi<\/a><\/h2>\n\t\t\t<a href=\"https:\/\/search.211md.org\/\" target=\"_blank\" rel=\"noopener\">\n\t\t\t\t\t\t\tWa Bayi\n\t\t\t<\/a>\n\t<p><strong><a href=\"\/yo\/da-wa-database\/\">\u1e62afikun ile-i\u1e63\u1eb9 tabi ajo r\u1eb9 si ibi ipam\u1ecd data orisun wa.<\/a><\/strong><\/p>\n\t<p>Iranl\u1ecdw\u1ecd wa ti o ba n gbe ni Cambridge, Algonquin, Cannon Acres, Williamsburg, Waddells Corner, Hurlock, Woodland Acres, Toddville, West Haven tabi agbegbe miiran ni Dorchester County.<\/p>\n<p>Kiakia 211, ati Alaye ati Alam\u1ecdja Ifiran\u1e63\u1eb9 yoo so \u1ecd p\u1ecd p\u1eb9lu iranl\u1ecdw\u1ecd ti o nilo lati \u1e63e rere.<\/p>\n<p>O tun le wa ibi ipam\u1ecd data loke lati wa aw\u1ecdn orisun agbegbe.<\/p>\n\t\t<h2>\t\n\tT\u1eb9 211<\/h2><p>Sop\u1ecd si aw\u1ecdn orisun agbegbe ati atil\u1eb9yin 24\/7\/365.<\/p>\n\t\t\t\t<img decoding=\"async\" src=\"http:\/\/211md.org\/wp-content\/uploads\/2023\/12\/Lighthouse-in-Cambridge-Maryland-in-Dorchester-County-.jpg\" alt=\"ile ina ni cambridge Maryland\" itemprop=\"image\" title=\"Lighthouse ni Cambridge Maryland ni Dorchester County\" onerror=\"this.style.display='none'\" loading=\"lazy\" \/>\n<h2>Iranl\u1ecdw\u1ecd IwUlO<\/h2>\n<p>Iranl\u1ecdw\u1ecd IwUlO j\u1eb9 ibeere ti o ga jul\u1ecd fun iranl\u1ecdw\u1ecd ni Agbegbe Dorchester. Aw\u1ecdn olugbe le beere fun \u1eb9bun ipinl\u1eb9, bii Eto Iranl\u1ecdw\u1ecd Lilo Agbara Maryland (MEAP). Aw\u1ecdn a\u1e63ayan pup\u1ecd lo wa lati \u1e63e iranl\u1ecdw\u1ecd p\u1eb9lu ina, gaasi ati aw\u1ecdn owo igbona.\u00a0<a href=\"\/yo\/oro\/iranlowo-ohun-elo\/\" rel=\"noopener\">Gba alaye tuntun lori aw\u1ecdn eto, aw\u1ecdn it\u1ecdnis\u1ecdna owo oya, ati bii o \u1e63e le lo<\/a>.<\/p>\n<p>Ti o ba nilo iranl\u1ecdw\u1ecd ni kikun f\u1ecd\u1ecdmu tabi ni aw\u1ecdn ibeere eto, pe aw\u1ecdn\u00a0<a href=\"https:\/\/dhs.maryland.gov\/office-of-home-energy-programs\/local-home-energy-program-office\/\" target=\"_blank\" rel=\"noopener\">Dorchester County Department of Social Services<\/a>. N\u1ecdmba naa j\u1eb9 410-901-4100. O tun le imeeli\u00a0<a href=\"mailto:Dorchester.ohep@maryland.gov\">Dorchester.ohep@maryland.gov<\/a><\/p>\n<p>Aw\u1ecdn \u1eb9gb\u1eb9 agbegbe le j\u1eb9 a\u1e63ayan miiran ti o ba n tiraka p\u1eb9lu iwe-owo ohun elo kan. Aw\u1ecdn\u00a0<a href=\"https:\/\/search.211md.org\/search\/59585dc7655c06310cb4ffcb82beab02\" target=\"_blank\" rel=\"noopener\">Ogun Igbala, Owo Adugbo Rere,<\/a>\u00a0pese iranl\u1ecdw\u1ecd owo fun gige-iwUlO ati aw\u1ecdn evictions. O ni a inawo ti k\u1eb9hin asegbeyin.<\/p>\n<p>Ti o ba nilo iranl\u1ecdw\u1ecd lati san owo ina m\u1ecdnam\u1ecdna r\u1eb9, pe olupese r\u1eb9.\u00a0<a href=\"https:\/\/www.delmarva.com\/MyAccount\/CustomerSupport\/Pages\/DE\/AssistancePrograms%20(DE).aspx\" target=\"_blank\" rel=\"noopener\">Delmarva Agbara<\/a>,\u00a0<a href=\"https:\/\/www.choptankelectric.coop\/energy-assistance\" target=\"_blank\" rel=\"noopener\">Choptank Electric<\/a>\u00a0tabi\u00a0<a href=\"https:\/\/chpkgas.com\/business-billing\/public-assistance-programs-maryland\/\" target=\"_blank\" rel=\"noopener\">Aw\u1ecdn ohun elo Chesapeake<\/a>\u00a0ki o si beere fun sisan eto. Delmarva ni aw\u1ecdn eto bii fifal\u1eb9 \u1ecdj\u1ecd ipari ti owo r\u1eb9, aw\u1ecdn eto isanwo ati \u00ecd\u00edyel\u00e9 isuna. Fun gaasi, pe Cambridge Gas Co.<\/p>\n<h3>Gba Iranl\u1ecdw\u1ecd P\u1eb9lu Aw\u1ecdn Aini miiran<\/h3>\n<p><a href=\"https:\/\/www.dcsdct.org\/community-action--poverty-services.html\" target=\"_blank\" rel=\"noopener\">Delmarva Community Action Agency<\/a>\u00a0nfun aw\u1ecdn olugbe ni ibi ipam\u1ecd ounje, iranl\u1ecdw\u1ecd igbapada ile laibikita owo oya, igbaradi owo-ori owo-ori \u1ecdf\u1eb9, ati atil\u1eb9yin yiyalo igba kukuru lati \u1e63e idiw\u1ecd aini ile.<\/p>\n<h2>Ounj\u1eb9<\/h2>\n<p>Ti o ba nilo iranl\u1ecdw\u1ecd p\u1eb9lu ounj\u1eb9, o le rii boya o y\u1eb9 fun <a href=\"https:\/\/211md.org\/yo\/oro\/ounje\/ounje-awon-onte\/\">ounje aw\u1ecdn ont\u1eb9 \/ SNAP<\/a>\/, <a href=\"https:\/\/211md.org\/yo\/oro\/ounje\/wic\/\">WIC<\/a> tabi l\u1ecd si ibi ipam\u1ecd ounje tabi i\u1e63\u1eb9l\u1eb9 pinpin ounj\u1eb9.<\/p>\n<p>Iw\u1ecdnyi j\u1eb9 aw\u1ecdn ile ounj\u1eb9 ounj\u1eb9 ni Agbegbe Dorchester. O tun le wo a kal\u1eb9nda ti ounje pantries nipa \u1ecdj\u1ecd, \u1ecds\u1eb9 tabi osu lori aw\u1ecdn <a href=\"https:\/\/www.midshorehealth.org\/food\" target=\"_blank\" rel=\"noopener\">Aarin Shore Health Imudara I\u1e63\u1ecdkan kal\u1eb9nda ounj\u1eb9 ounj\u1eb9<\/a>.<\/p>\n<p>There&#8217;s also the ShoGo Mobile food service, which delivers fresh, low-cost groceries in Dorchester, Talbot, and Caroline counties. The curbside market has fresh produce and prepared meals at locations in the county. <a href=\"https:\/\/www.carolineculinaryarts.org\/shogo-mobile\" target=\"_blank\" rel=\"noopener\">Find out when the van<\/a> will be near you.<\/p>\n\t\t<h3>Hurlock United Methodist Church<\/h3><p>502 South Main Street<\/p>\n<p>Hurlock, MD 21643<\/p>\n<p>443-988-9855<\/p>\n<p>&nbsp;<\/p>\n<p><strong>Monday-Friday 8 emi - 8 pm<\/strong><\/p>\n\t<iframe src=\"https:\/\/www.google.com\/maps\/embed\/v1\/place?q=502+South+Main+Street%0AHurlock%2C+MD+21643&#038;key=AIzaSyD09zQ9PNDNNy9TadMuzRV_UsPUoWKntt8\" aria-hidden=\"true\" title=\"Hurlock United Methodist Church\"><\/iframe>\n\t\t<h3>Igbala Army of Cambridge<\/h3><p>200 Washington Street<\/p>\n<p>Cambridge, D\u00f3k\u00edt\u00e0 21613<\/p>\n<p>410-228-2442<\/p>\n<p>&nbsp;<\/p>\n<p><strong>Monday, Tuesday, Wednesday, Friday 8 am - 4 pm<\/strong><\/p>\n<p><strong>Thursday 8 emi - 5 pm<\/strong><\/p>\n\t<iframe src=\"https:\/\/www.google.com\/maps\/embed\/v1\/place?q=200+Washington+Street%0ACambridge%2C+MD+21613&#038;key=AIzaSyD09zQ9PNDNNy9TadMuzRV_UsPUoWKntt8\" aria-hidden=\"true\" title=\"Igbala Army of Cambridge\"><\/iframe>\n\t\t<h3>Delmarva Community Services, Inc. \u2013 Delmarva Community Action Center<\/h3><p>1000 Goodwill Avenue<\/p>\n<p>Cambridge, D\u00f3k\u00edt\u00e0 21613<\/p>\n<p>410-901-2991<\/p>\n<p>&nbsp;<\/p>\n<p><strong>Monday, Wednesday, Thursday 9 am - 4 pm<\/strong><\/p>\n\t<iframe src=\"https:\/\/www.google.com\/maps\/embed\/v1\/place?q=1000+Goodwill+Avenue%0ACambridge%2C+MD+21613&#038;key=AIzaSyD09zQ9PNDNNy9TadMuzRV_UsPUoWKntt8\" aria-hidden=\"true\" title=\"Delmarva Community Services\"><\/iframe>\n\t\t<h3>Awuj\u1ecd ti St. Vincent de Paul \u2013 Mim\u1ecd Mary \u00c0\u00e0b\u00f2 ti aw\u1ecdn \u1eb9l\u1eb9\u1e63\u1eb9<\/h3><p>2000 Hambrooks Boulevard<\/p>\n<p>Cambridge, D\u00f3k\u00edt\u00e0 21613<\/p>\n<p>410-228-4770 x6<\/p>\n<p>&nbsp;<\/p>\n<p><strong>Thursday 10 emi - 12 pm<\/strong><\/p>\n\t<iframe src=\"https:\/\/www.google.com\/maps\/embed\/v1\/place?q=2000+Hambrooks+Boulevard%0ACambridge%2C+MD+21613&#038;key=AIzaSyD09zQ9PNDNNy9TadMuzRV_UsPUoWKntt8\" aria-hidden=\"true\" title=\"Awuj\u1ecd ti St. Vincent de Paul\"><\/iframe>\n\t\t<h3>Dorchester Community Development Corporation<\/h3><p>435 High Street. (Apoti Apoti 549)<\/p>\n<p>Cambridge, D\u00f3k\u00edt\u00e0 21613<\/p>\n<p>&nbsp;<\/p>\n<p>&nbsp;<\/p>\n<p><strong>Monday - Friday 9 emi - 4 pm<\/strong><\/p>\n\t<iframe src=\"https:\/\/www.google.com\/maps\/embed\/v1\/place?q=435+High+Street%0ACambridge%2C+MD+21613&#038;key=AIzaSyD09zQ9PNDNNy9TadMuzRV_UsPUoWKntt8\" aria-hidden=\"true\" title=\"Dorchester Community Development Corporation\"><\/iframe>\n<h2>Ilera ati Nini alafia<\/h2>\n<p>Aw\u1ecdn <a href=\"https:\/\/dorchesterhealth.org\/health-services\/\" target=\"_blank\" rel=\"noopener\">\u1eb8ka Ilera ti Dorchester County<\/a> \u1e63e iranl\u1ecdw\u1ecd fun aw\u1ecdn idile p\u1eb9lu aw\u1ecdn ay\u1eb9wo, aw\u1ecdn oogun ajesara, eto ilera ati ilera. Won tun ni <a href=\"https:\/\/dorchesterhealth.org\/behavioral-health\/\" target=\"_blank\" rel=\"noopener\">iwa ilera oro<\/a>. Ti o ba nilo lati faagun wiwa r\u1eb9 fun ilera \u1ecdp\u1ecdl\u1ecd ati aw\u1ecdn olupese lilo nkan ni agbegbe, <a href=\"https:\/\/search.988.mdinfonet.org\/\" target=\"_blank\" rel=\"noopener\">\u1e63awari aaye data orisun ihuwasi ti ipinl\u1eb9 jul\u1ecd<\/a> agbara nipas\u1eb9 Maryland Information Network.<\/p>\n<p>\u00c0t\u1ecdgb\u1eb9 j\u1eb9 ibakcdun jakejado Mid Shore. 1 ninu aw\u1ecdn agbalagba m\u1eb9ta ni o ni prediabetes, \u1e63ugb\u1ecdn 80% ti eniyan ko m\u1ecd eyi. \u1e62e o wa ninu ewu? <a href=\"https:\/\/www.midshorehealth.org\/diabetesrisk\" target=\"_blank\" rel=\"noopener\">Gba ibeere naa<\/a> lati I\u1e63\u1ecdkan Imudara Ilera Mid Shore, eyiti o n \u1e63i\u1e63\u1eb9 lati gbe imo soke.<\/p>\n<p>O tun le l\u1ecd si i\u1e63\u1eb9l\u1eb9 ti o ni ibatan ilera jakejado agbegbe naa. Wo <a href=\"https:\/\/www.midshorehealth.org\/events\" target=\"_blank\" rel=\"noopener\">kal\u1eb9nda ti aw\u1ecdn i\u1e63\u1eb9l\u1eb9 lati Mid Shore Health Improvement Coalition<\/a>.<\/p>\n\t\t\t\t<img decoding=\"async\" src=\"http:\/\/211md.org\/wp-content\/uploads\/2024\/01\/Whats-the-211-hon.jpg\" alt=\"Kini olurannileti if\u1ecdr\u1ecdran\u1e63\u1eb9 Hon 211\" itemprop=\"image\" title=\"Kini 211 hon\" onerror=\"this.style.display='none'\" loading=\"lazy\" \/>\n\t<h2>Mid Shore Events<\/h2>\n<p>K\u1ecd \u1eb9k\u1ecd nipa <a href=\"https:\/\/211md.org\/yo\/kini-211\/\">Kini 211, Hon?<\/a> - akitiyan grassroots lati mu imo ti bi 211 le \u1e63e iranl\u1ecdw\u1ecd fun aw\u1ecdn olugbe Dorchester County lati wa ilera agbegbe ati aw\u1ecdn orisun i\u1e63\u1eb9 eniyan. 211 wa 24\/7\/365.<\/p>\n\t\t<h3>\t\n\tGba Aw\u1ecdn Itaniji \u1eccr\u1ecd Midshore<\/h3><p>Gba aw\u1ecdn imudojuiw\u1ecdn if\u1ecdr\u1ecdran\u1e63\u1eb9 p\u1eb9lu aw\u1ecdn orisun agbegbe. W\u1ecdl\u00e9 soke nipa fifiran\u1e63\u1eb9 si Midshore si 898-211.<\/p>\n\t\t<h4><a href=\"\/yo\/oro\/ailera-ti-ogbo\/?utm_source=Home&#038;utm_medium=Referral&#038;utm_campaign=211Resources&#038;utm_content=Aging\" target=\"_self\">Ti ogbo &amp; Alaabo<\/a><\/h4>\n\t\t\t\t<a href=\"\/yo\/oro\/ailera-ti-ogbo\/?utm_source=Home&#038;utm_medium=Referral&#038;utm_campaign=211Resources&#038;utm_content=Aging\"  target=\"_self\" itemprop=\"url\">\n\t\t\t\t<img decoding=\"async\" src=\"https:\/\/211md.org\/wp-content\/uploads\/bb-plugin\/cache\/2025_MdInfoNet_Icon-Sets_Aging-disability-square-c466727102cae71e5f27b8539bb51945-.png\" alt=\"\" itemprop=\"image\" onerror=\"this.style.display='none'\" loading=\"lazy\" \/>\n\t\t\t\t<\/a>\n\t\t<h4><a href=\"\/yo\/oro\/omo-idile\/?utm_source=Home&#038;utm_medium=Referral&#038;utm_campaign=211Resources&#038;utm_content=Children\" target=\"_self\">Aw\u1ecdn \u1ecdm\u1ecdde &amp; Aw\u1ecdn idile<\/a><\/h4>\n\t\t\t\t<a href=\"\/yo\/oro\/omo-idile\/?utm_source=Home&#038;utm_medium=Referral&#038;utm_campaign=211Resources&#038;utm_content=Children\"  target=\"_self\" itemprop=\"url\">\n\t\t\t\t<img decoding=\"async\" src=\"https:\/\/211md.org\/wp-content\/uploads\/bb-plugin\/cache\/2025_211_Icon-Sets_Child-care-square-f3b0d4edab3dcc467fadb5f55f4064c6-.png\" alt=\"2025_211_Icon Sets_Child itoju\" itemprop=\"image\" height=\"417\" width=\"417\" title=\"2025_211_Icon Sets_Child itoju\" onerror=\"this.style.display='none'\" loading=\"lazy\" \/>\n\t\t\t\t<\/a>\n\t\t<h4><a href=\"\/yo\/oro\/abele-ebi-iwa-ipa\/?utm_source=Home&#038;utm_medium=Referral&#038;utm_campaign=211Resources&#038;utm_content=Domestic\" target=\"_self\">Iwa-ipa Abele<\/a><\/h4>\n\t\t\t\t<a href=\"\/yo\/oro\/abele-ebi-iwa-ipa\/?utm_source=Home&#038;utm_medium=Referral&#038;utm_campaign=211Resources&#038;utm_content=Domestic\"  target=\"_self\" itemprop=\"url\">\n\t\t\t\t<img decoding=\"async\" src=\"https:\/\/211md.org\/wp-content\/uploads\/bb-plugin\/cache\/2025_211_Icon-Sets_Domestic-Violence-square-7b597694a6f05fe90cdc376aa573bc63-.png\" alt=\"Aami iwa-ipa ab\u1eb9le\" itemprop=\"image\" height=\"417\" width=\"417\" title=\"2025_211_Icon \u1e62eto_Iwa-ipa Abele\" onerror=\"this.style.display='none'\" loading=\"lazy\" \/>\n\t\t\t\t<\/a>\n\t\t<h4><a href=\"\/yo\/oro\/wiwa-oojo\/?utm_source=Home&#038;utm_medium=Referral&#038;utm_campaign=211Resources&#038;utm_content=Employment\" target=\"_self\">Igbanisise<\/a><\/h4>\n\t\t\t\t<a href=\"\/yo\/oro\/wiwa-oojo\/?utm_source=Home&#038;utm_medium=Referral&#038;utm_campaign=211Resources&#038;utm_content=Employment\"  target=\"_self\" itemprop=\"url\">\n\t\t\t\t<img decoding=\"async\" src=\"https:\/\/211md.org\/wp-content\/uploads\/bb-plugin\/cache\/2025_MdInfoNet_Icon-Sets_Employment-square-44707bd410e4df10a470bf130ebcea86-.png\" alt=\"\" itemprop=\"image\" onerror=\"this.style.display='none'\" loading=\"lazy\" \/>\n\t\t\t\t<\/a>\n\t\t<h4><a href=\"\/yo\/oro\/itoju-ilera\/?utm_source=Home&#038;utm_medium=Referral&#038;utm_campaign=211Resources&#038;utm_content=Health%20Care\" target=\"_self\">It\u1ecdju Ilera<\/a><\/h4>\n\t\t\t\t<a href=\"\/yo\/oro\/itoju-ilera\/?utm_source=Home&#038;utm_medium=Referral&#038;utm_campaign=211Resources&#038;utm_content=Health%20Care\"  target=\"_self\" itemprop=\"url\">\n\t\t\t\t<img decoding=\"async\" src=\"https:\/\/211md.org\/wp-content\/uploads\/bb-plugin\/cache\/2025_MdInfoNet_Icon-Sets_Health-Care-square-dee98a0060cbe0e7f27eda253fc12679-.png\" alt=\"\" itemprop=\"image\" onerror=\"this.style.display='none'\" loading=\"lazy\" \/>\n\t\t\t\t<\/a>\n\t\t<h4><a href=\"\/yo\/oro\/omo-idile\/itoju-ibatan\/?utm_source=Home&#038;utm_medium=Referral&#038;utm_campaign=211Resources&#038;utm_content=Kinship\" target=\"_self\">\u00ccb\u00e1tan<\/a><\/h4>\n\t\t\t\t<a href=\"\/yo\/oro\/omo-idile\/itoju-ibatan\/?utm_source=Home&#038;utm_medium=Referral&#038;utm_campaign=211Resources&#038;utm_content=Kinship\"  target=\"_self\" itemprop=\"url\">\n\t\t\t\t<img decoding=\"async\" src=\"https:\/\/211md.org\/wp-content\/uploads\/bb-plugin\/cache\/2025_211_Icon-Sets_Kinship-square-45bdf872866f5735f842c32071109267-.png\" alt=\"Aami ibatan\" itemprop=\"image\" height=\"417\" width=\"417\" title=\"2025_211_Icon Sets_Kinship\" onerror=\"this.style.display='none'\" loading=\"lazy\" \/>\n\t\t\t\t<\/a>\n\t\t<h4><a href=\"\/yo\/oro\/ofin-awon-i%e1%b9%a3e\/?utm_source=Home&#038;utm_medium=Referral&#038;utm_campaign=211Resources&#038;utm_content=Legal\" target=\"_self\">Aw\u1ecdn i\u1e63\u1eb9 ofin<\/a><\/h4>\n\t\t\t\t<a href=\"\/yo\/oro\/ofin-awon-i%e1%b9%a3e\/?utm_source=Home&#038;utm_medium=Referral&#038;utm_campaign=211Resources&#038;utm_content=Legal\"  target=\"_self\" itemprop=\"url\">\n\t\t\t\t<img decoding=\"async\" src=\"https:\/\/211md.org\/wp-content\/uploads\/bb-plugin\/cache\/2025_MdInfoNet_Icon-Sets_Legal-square-18fdf438feb8435588174d9046463257-.png\" alt=\"\" itemprop=\"image\" onerror=\"this.style.display='none'\" loading=\"lazy\" \/>\n\t\t\t\t<\/a>\n\t\t<h4><a href=\"\/yo\/oro\/opolo-ilera\/?utm_source=Home&#038;utm_medium=Referral&#038;utm_campaign=211Resources&#038;utm_content=Mental\" target=\"_self\">Opolo Health<\/a><\/h4>\n\t\t\t\t<a href=\"\/yo\/oro\/opolo-ilera\/?utm_source=Home&#038;utm_medium=Referral&#038;utm_campaign=211Resources&#038;utm_content=Mental\"  target=\"_self\" itemprop=\"url\">\n\t\t\t\t<img decoding=\"async\" src=\"https:\/\/211md.org\/wp-content\/uploads\/bb-plugin\/cache\/2025_MdInfoNet_Icon-Sets_Mental-Health-square-c59b38c4a993a947d4c9280fbe2d2fee-.png\" alt=\"\" itemprop=\"image\" onerror=\"this.style.display='none'\" loading=\"lazy\" \/>\n\t\t\t\t<\/a>\n\t\t<h4><a href=\"\/yo\/oro\/ogbon-inu\/?utm_source=Home&#038;utm_medium=Referral&#038;utm_campaign=211Resources&#038;utm_content=Reentry\" target=\"_self\">Atunw\u1ecdle<\/a><\/h4>\n\t\t\t\t<a href=\"\/yo\/oro\/ogbon-inu\/?utm_source=Home&#038;utm_medium=Referral&#038;utm_campaign=211Resources&#038;utm_content=Reentry\"  target=\"_self\" itemprop=\"url\">\n\t\t\t\t<img decoding=\"async\" src=\"https:\/\/211md.org\/wp-content\/uploads\/bb-plugin\/cache\/2025_211_Icon-Sets_Reentry-square-8676fea38abd920a832f45642fe31cca-.png\" alt=\"Aami iw\u1ecdle\" itemprop=\"image\" height=\"417\" width=\"417\" title=\"2025_211_Icon Sets_Reentry\" onerror=\"this.style.display='none'\" loading=\"lazy\" \/>\n\t\t\t\t<\/a>\n\t\t<h4><a href=\"\/yo\/oro\/lilo-nkan-elo\/?utm_source=Home&#038;utm_medium=Referral&#038;utm_campaign=211Resources&#038;utm_content=Substance\" target=\"_self\">Ohun elo Lilo<\/a><\/h4>\n\t\t\t\t<a href=\"\/yo\/oro\/lilo-nkan-elo\/?utm_source=Home&#038;utm_medium=Referral&#038;utm_campaign=211Resources&#038;utm_content=Substance\"  target=\"_self\" itemprop=\"url\">\n\t\t\t\t<img decoding=\"async\" src=\"https:\/\/211md.org\/wp-content\/uploads\/bb-plugin\/cache\/2025_MdInfoNet_Icon-Sets_Substance-Abuse-square-9022fec9d18a64118ad685c101885b55-.png\" alt=\"\" itemprop=\"image\" onerror=\"this.style.display='none'\" loading=\"lazy\" \/>\n\t\t\t\t<\/a>\n\t\t<h4><a href=\"\/yo\/oro\/ogbo\/?utm_source=Home&#038;utm_medium=Referral&#038;utm_campaign=211Resources&#038;utm_content=Veterans\" target=\"_self\">Ogbo<\/a><\/h4>\n\t\t\t\t<a href=\"\/yo\/oro\/ogbo\/?utm_source=Home&#038;utm_medium=Referral&#038;utm_campaign=211Resources&#038;utm_content=Veterans\"  target=\"_self\" itemprop=\"url\">\n\t\t\t\t<img decoding=\"async\" src=\"https:\/\/211md.org\/wp-content\/uploads\/bb-plugin\/cache\/2025_MdInfoNet_Icon-Sets_Rating-square-6e60d00cce4faa8e0a6d4ad7366aa733-.png\" alt=\"\" itemprop=\"image\" onerror=\"this.style.display='none'\" loading=\"lazy\" \/>\n\t\t\t\t<\/a>","protected":false},"excerpt":{"rendered":"<p>Wa Aw\u1ecdn orisun Nitosi Mi Wa Bayi \u1e62afikun ile-i\u1e63\u1eb9 tabi agbari r\u1eb9 si ibi ipam\u1ecd data orisun wa. Iranl\u1ecdw\u1ecd wa ti o ba n gbe ni Cambridge, Algonquin, Cannon Acres, Williamsburg, Waddells Corner, Hurlock, Woodland Acres, Toddville, West Haven tabi agbegbe miiran ni Dorchester County. Kiakia 211, ati Alaye ati Alam\u1ecdja Ifiran\u1e63\u1eb9 yoo so \u1ecd p\u1ecd p\u1eb9lu iranl\u1ecdw\u1ecd\u2026<\/p>","protected":false},"author":8,"featured_media":3962,"parent":750,"menu_order":0,"comment_status":"closed","ping_status":"closed","template":"","meta":{"footnotes":""},"class_list":["post-1687","page","type-page","status-publish","has-post-thumbnail","hentry"],"_links":{"self":[{"href":"https:\/\/211md.org\/yo\/wp-json\/wp\/v2\/pages\/1687","targetHints":{"allow":["GET"]}}],"collection":[{"href":"https:\/\/211md.org\/yo\/wp-json\/wp\/v2\/pages"}],"about":[{"href":"https:\/\/211md.org\/yo\/wp-json\/wp\/v2\/types\/page"}],"author":[{"embeddable":true,"href":"https:\/\/211md.org\/yo\/wp-json\/wp\/v2\/users\/8"}],"replies":[{"embeddable":true,"href":"https:\/\/211md.org\/yo\/wp-json\/wp\/v2\/comments?post=1687"}],"version-history":[{"count":5,"href":"https:\/\/211md.org\/yo\/wp-json\/wp\/v2\/pages\/1687\/revisions"}],"predecessor-version":[{"id":34192,"href":"https:\/\/211md.org\/yo\/wp-json\/wp\/v2\/pages\/1687\/revisions\/34192"}],"up":[{"embeddable":true,"href":"https:\/\/211md.org\/yo\/wp-json\/wp\/v2\/pages\/750"}],"wp:featuredmedia":[{"embeddable":true,"href":"https:\/\/211md.org\/yo\/wp-json\/wp\/v2\/media\/3962"}],"wp:attachment":[{"href":"https:\/\/211md.org\/yo\/wp-json\/wp\/v2\/media?parent=1687"}],"curies":[{"name":"wp","href":"https:\/\/api.w.org\/{rel}","templated":true}]}}