{"id":1688,"date":"2021-05-12T00:23:17","date_gmt":"2021-05-12T00:23:17","guid":{"rendered":"https:\/\/211md.org\/?page_id=1688"},"modified":"2025-11-07T06:55:17","modified_gmt":"2025-11-07T11:55:17","slug":"talbot-county","status":"publish","type":"page","link":"https:\/\/211md.org\/yo\/resources-by-county\/talbot-county\/","title":{"rendered":"Agbegbe Talbot"},"content":{"rendered":"<h2><a href=\"https:\/\/search.211md.org\/\" target=\"_blank\"  rel=\"noopener\">Wa Oro Nitosi Mi<\/a><\/h2>\n\t\t\t<a href=\"https:\/\/search.211md.org\/\" target=\"_blank\" rel=\"noopener\">\n\t\t\t\t\t\t\tWa Bayi\n\t\t\t<\/a>\n\t<p><strong><a href=\"\/yo\/da-wa-database\/\">\u1e62afikun ile-i\u1e63\u1eb9 tabi ajo r\u1eb9 si ibi ipam\u1ecd data orisun wa.<\/a><\/strong><\/p>\n<p>211 le sop\u1ecd si aw\u1ecdn orisun ni Talbot County. Boya o n gbe ni Easton, Trappe, Wye Mills, Wye Landing, Saint Michaels tabi agbegbe miiran, iranl\u1ecdw\u1ecd wa.<\/p>\n<p>Wa aw\u1ecdn orisun loke tabi t\u1eb9 211 lati s\u1ecdr\u1ecd si alaye abojuto ati aanu &amp; Alam\u1ecdja Ifiran\u1e63\u1eb9.<\/p>\n\t\t<h2>\t\n\tT\u1eb9 211<\/h2><p>Sop\u1ecd si aw\u1ecdn orisun agbegbe ati atil\u1eb9yin 24\/7\/365.<\/p>\n\t<h2>Talbot County Food<\/h2>\n<p>In Talbot County, there&#8217;s a mobile mini grocery store that brings low-cost groceries like fresh produce and prepared meals to <a href=\"https:\/\/www.carolineculinaryarts.org\/shogo-mobile\" target=\"_blank\" rel=\"noopener\">planned stops<\/a> throughout Talbot, Caroline, and Dorchester Counties.<\/p>\n<h3>Aw\u1ecdn ounj\u1eb9 ounj\u1eb9<\/h3>\n<p>Ti o ba nilo ounj\u1eb9,\u00a0<a href=\"https:\/\/search.211md.org\/search?query=BD-1800.2000&amp;query_type=taxonomy&amp;query_label=&amp;query_language=en\" target=\"_blank\" rel=\"noopener\">w\u00e1 a panti<\/a> nitosi r\u1eb9 ni Talbot County. Ipam\u1ecd data orisun gbogbo ipinl\u1eb9 wa ni \u1ecdp\u1ecdl\u1ecdp\u1ecd aw\u1ecdn orisun agbegbe.<\/p>\n<p><a href=\"https:\/\/healthytalbot.org\/about\/talbot-county-hunger-coalition\/\" target=\"_blank\" rel=\"noopener\">Talbot County k\u00e1 ebi Coalition<\/a> tun ni aw\u1ecdn ile ounj\u1eb9 agbegbe ni Easton, Royal Oak, St. Michaels, Wittman ati Tilghman. Laini atil\u1eb9yin tun wa fun aw\u1ecdn ti ko le rii aw\u1ecdn orisun ounje to wulo.<\/p>\n<p>Agbegbe wo ni o ngbe? T\u1eb9 ilu y\u1eb9n lati wa aw\u1ecdn ile ounj\u1eb9 ni agbegbe r\u1eb9.<\/p>\n<ul>\n<li><a href=\"#Easton\">Easton<\/a><\/li>\n<li><a href=\"#Trappe\">Trappe<\/a><\/li>\n<li><a href=\"#Bay\">Bay \u1eccg\u1ecdrun Area<\/a><\/li>\n<li><a href=\"#Wye\">Wye Mills<\/a><\/li>\n<\/ul>\n\t\t\t\t<img decoding=\"async\" src=\"http:\/\/211md.org\/wp-content\/uploads\/2023\/11\/food-pantry-distribution.jpg\" alt=\"apoti ti ounje lati ounje panti pinpin\" itemprop=\"image\" title=\"ounje panti pinpin\" onerror=\"this.style.display='none'\" loading=\"lazy\" \/>\n\t<h3>Easton<\/h3>\n\t\t<h3>Adugbo Service Center<\/h3><p>126 Port Street<\/p>\n<p>410-822-5015<\/p>\n<p>L\u1ecd sinu ibebe lati gba a f\u1ecd\u1ecdmu.<\/p>\n<p>&nbsp;<\/p>\n<p><strong>Mon-jim\u1ecd\u1ecd 9 owur\u1ecd si 12 pm &amp; 1:30-4 pm<\/strong><\/p>\n\t<iframe src=\"https:\/\/www.google.com\/maps\/embed\/v1\/place?q=126+Port+Street%0AEaston%2C+MD+21601&#038;key=AIzaSyD09zQ9PNDNNy9TadMuzRV_UsPUoWKntt8\" aria-hidden=\"true\" title=\"Ile-i\u1e63\u1eb9 I\u1e63\u1eb9 Adugbo Ile ounj\u1eb9 ounj\u1eb9 ni Easton\"><\/iframe>\n\t\t<h3>Vincent de Paul<\/h3><p>29533 Canvasback wak\u1ecd<\/p>\n<p>410-770-4505<\/p>\n<p><a href=\"https:\/\/svdpeastonmd.org\/\" target=\"_blank\" rel=\"noopener\">K\u1ecd \u1eb9k\u1ecd di\u1eb9 si<\/a><\/p>\n<p>&nbsp;<\/p>\n<p><strong>Tuesday 1-4 pm, Saturday 9 emi - 12 pm<\/strong><\/p>\n\t<iframe src=\"https:\/\/www.google.com\/maps\/embed\/v1\/place?q=29533+Canvasback+Drive%0AEaston%2C+MD+21601&#038;key=AIzaSyD09zQ9PNDNNy9TadMuzRV_UsPUoWKntt8\" aria-hidden=\"true\" title=\"Vincent de Paul\"><\/iframe>\n\t\t<h3>Ikore ti ireti - Ijo ti Olorun<\/h3><p>1009 N. Washington Street<\/p>\n<p>410-822-3088<\/p>\n<p>&nbsp;<\/p>\n<strong>Thursday 12-1:30 pm<br \/>\nIpe lif o ni iwulo iyara ni \u1ecdj\u1ecd miiran.<\/strong>\n<p>&nbsp;<\/p>\n\t<iframe src=\"https:\/\/www.google.com\/maps\/embed\/v1\/place?q=1009+N.+Washington+Street%0AEaston%2C+MD+21601&#038;key=AIzaSyD09zQ9PNDNNy9TadMuzRV_UsPUoWKntt8\" aria-hidden=\"true\" title=\"Ikore Ireti\"><\/iframe>\n\t\t<h3>St Mark k\u00e1 Yara ipal\u1eb9m\u1ecd ounj\u1eb9 ni Brookletts Ol\u00f9k\u1ecd Center<\/h3><p>400 Brookletts Avenue<\/p>\n<p>410-822-2869<\/p>\n<p>&nbsp;<\/p>\n<b>Friday 9-11 owur\u1ecd<br \/>\nAw\u1ecdn ounj\u1eb9 wa ni \u1eccj\u1ecd Aar\u1ecd, \u1eccj\u1ecdb\u1ecd, ati \u1eccj\u1ecd Jim\u1ecd<\/b>\n<p>&nbsp;<\/p>\n\t<iframe src=\"https:\/\/www.google.com\/maps\/embed\/v1\/place?q=400+Brookletts+Avenue%0AEaston%2C+MD+21601&#038;key=AIzaSyD09zQ9PNDNNy9TadMuzRV_UsPUoWKntt8\" aria-hidden=\"true\" title=\"St Mark k\u00e1 Yara ipal\u1eb9m\u1ecd ounj\u1eb9\"><\/iframe>\n\t<h3>Trappe, MD<\/h3>\n\t\t<h3>Scott k\u00e1 United Methodist Church<\/h3><p>3748 Main Street<\/p>\n<p>410-476-3980<\/p>\n<p>&nbsp;<\/p>\n<b>4th Thursday ti o\u1e63u ni 8:30 owur\u1ecd<br \/>\n(Aw\u1ecdn \u1ecdj\u1ecd le yat\u1ecd)<\/b>\n<p>&nbsp;<\/p>\n\t<iframe src=\"https:\/\/www.google.com\/maps\/embed\/v1\/place?q=3748+Main+Street%0ATrappe%2C+MD+21673%0A&#038;key=AIzaSyD09zQ9PNDNNy9TadMuzRV_UsPUoWKntt8\" aria-hidden=\"true\" title=\"Scott k\u00e1 United Methodist Church\"><\/iframe>\n\t<h3>Bay \u1eccg\u1ecdrun Area<\/h3>\n\t\t<h3>Royal Oak United Methodist<\/h3><p>6968 Bellevue opopona<\/p>\n<p>Royal Oak, D\u00f3k\u00edt\u00e0<\/p>\n<p>&nbsp;<\/p>\n<p>&nbsp;<\/p>\n<b>24\/7<br \/>\n<\/b><b>Unmanned inu<\/b>\n\t<iframe src=\"https:\/\/www.google.com\/maps\/embed\/v1\/place?q=6968+Bellevue+Road%0ARoyal+Oak%2C+MD+21662&#038;key=AIzaSyD09zQ9PNDNNy9TadMuzRV_UsPUoWKntt8\" aria-hidden=\"true\" title=\"Royal Oak United Methodist\"><\/iframe>\n\t\t<h3>Michaels Community ile-i\u1e63\u1eb9<\/h3><p>207 N. Talbot Street<\/p>\n<p>Michaels, D\u00f3k\u00edt\u00e0<\/p>\n<p>&nbsp;<\/p>\n<p><b>Monday 3-5 pm | Wednesday 1: 30-3: 30 pm | Friday 12-3 pm<\/b><\/p>\n<p><strong>Aw\u1ecdn ounj\u1eb9 tun wa ni aw\u1ecdn \u1ecdj\u1ecd w\u1ecdnyi<\/strong><\/p>\n\t<iframe src=\"https:\/\/www.google.com\/maps\/embed\/v1\/place?q=207+N.+Talbot+Street%0ASt.+Michael%27s%2C+MD+21663&#038;key=AIzaSyD09zQ9PNDNNy9TadMuzRV_UsPUoWKntt8\" aria-hidden=\"true\" title=\"Michaels Community ile-i\u1e63\u1eb9\"><\/iframe>\n\t\t<h3>Tilghman Ounj\u1eb9 Yara ipal\u1eb9m\u1ecd ounj\u1eb9<\/h3><p>5731 Tilghman Island Road<\/p>\n<p>Tilghman, D\u00f3k\u00edt\u00e0<\/p>\n<p>410-886-9863<\/p>\n<p>&nbsp;<\/p>\n<p><b>Wednesday 3-4:30 pm<\/b><\/p>\n<p><strong>Pe ti o ba nilo wiw\u1ecdle ni akoko miiran.<\/strong><\/p>\n\t<iframe src=\"https:\/\/www.google.com\/maps\/embed\/v1\/place?q=5731+Tilghman+Island+Road%0ATilghman%2C+MD+21671&#038;key=AIzaSyD09zQ9PNDNNy9TadMuzRV_UsPUoWKntt8\" aria-hidden=\"true\" title=\"Tilghman Ounj\u1eb9 Yara ipal\u1eb9m\u1ecd ounj\u1eb9\"><\/iframe>\n\t<h3>Wye Mills<\/h3>\n\t\t<h3>Igun ti It\u1ecdju - Chesapeake College<\/h3><p>1000 College Circle<\/p>\n<p>Wye Mills, D\u00f3k\u00edt\u00e0<\/p>\n<p>Ile-i\u1e63\u1eb9 Ile-i\u1e63\u1eb9 Caroline<\/p>\n<p>&nbsp;<\/p>\n<p><b>Monday-Friday, 8:30 emi - 4:30 pm<\/b><\/p>\n\t<iframe src=\"https:\/\/www.google.com\/maps\/embed\/v1\/place?q=1000+College+Circle%0AWye+Mills%2C+MD+21678&#038;key=AIzaSyD09zQ9PNDNNy9TadMuzRV_UsPUoWKntt8\" aria-hidden=\"true\" title=\"Igun ti It\u1ecdju Food Yara ipal\u1eb9m\u1ecd ounj\u1eb9\"><\/iframe>\n\t<p>Ti o ba nilo aw\u1ecdn orisun ti o j\u1ecdm\u1ecd ounj\u1eb9 bii <a href=\"https:\/\/211md.org\/yo\/oro\/ounje\/ounje-awon-onte\/\">bi o si waye fun ounje aw\u1ecdn ont\u1eb9<\/a> tabi aw\u1ecdn orisun ounje miiran, gba alaye lori <a href=\"https:\/\/211md.org\/yo\/oro\/ounje\/\">211 k\u00e1 ounje iwe<\/a>.<\/p>\n<h2>Aw\u1ecdn aini pataki<\/h2>\n<p>Ni afikun si ounje, aw\u1ecdn <strong><a href=\"https:\/\/www.nsctalbotmd.org\/programs\" target=\"_blank\" rel=\"noopener\">Adugbo Service Center<\/a><\/strong> ni Easton nfunni ni eto ifunni yiyalo kan (RAP), ibi aabo aini ile gbigbe, aw\u1ecdn \u1eb9ru ile ati a\u1e63\u1ecd, ati aw\u1ecdn i\u1e63\u1eb9 pajawiri si aw\u1ecdn ti nk\u1ecdju si ilekuro tabi pipade ohun elo ni Talbot County.<\/p>\n<p>Nigbati aw\u1ecdn owo ba wa, eto i\u1e63\u1eb9 pajawiri le tun \u1e63e iranl\u1ecdw\u1ecd p\u1eb9lu oogun oogun ati aw\u1ecdn pajawiri miiran.<\/p>\n<h2>Aw\u1ecdn Ay\u1eb9wo Ilera<\/h2>\n<p>\u1eb8ka Ilera ti Talbot County le \u1e63e iranl\u1ecdw\u1ecd fun aw\u1ecdn eniyan k\u1ecd\u1ecdkan ati aw\u1ecdn idile p\u1eb9lu aw\u1ecdn ay\u1eb9wo ilera, aw\u1ecdn ajesara ati di\u1eb9 sii. K\u1ecd \u1eb9k\u1ecd nipa aw\u1ecdn <a href=\"https:\/\/talbothealth.org\/\" target=\"_blank\" rel=\"noopener\">aw\u1ecdn eto ilera ti o wa<\/a>.<\/p>\n<p>I\u1e63\u1ecdkan Imudara Ilera Mid Shore n \u1e63i\u1e63\u1eb9 lati \u1e63e idiw\u1ecd \u00e0t\u1ecdgb\u1eb9 ati prediabetes. 1 ninu aw\u1ecdn agbalagba m\u1eb9ta ni o ni prediabetes, \u1e63ugb\u1ecdn pup\u1ecd jul\u1ecd ko m\u1ecd. <a href=\"https:\/\/www.midshorehealth.org\/diabetesrisk\" target=\"_blank\" rel=\"noopener\">Gba idanwo naa<\/a> lati I\u1e63\u1ecdkan Imudara Ilera Mid Shore lati wa boya o wa ninu ewu.<\/p>\n<h2>Olulaja Ati Ofin Support<\/h2>\n<p>Ti o ba ni iriri \u1ecdr\u1ecd kan p\u1eb9lu onile, alaba\u1e63i\u1e63\u1eb9p\u1ecd tabi aladugbo, eto it\u1ecdju obi \/ adehun itimole, it\u1ecdju agbalagba, \u1ecdran i\u1e63\u1eb9, \u1ecdran aw\u1ecdn \u1eb9t\u1ecd kekere tabi ipo miiran ti o le ni anfani lati inu ilaja, kan si\u00a0<strong><a href=\"https:\/\/midshoremediation.org\/mediation\/\" target=\"_blank\" rel=\"noopener\">Mid Shore olulaja Center<\/a>.\u00a0<\/strong><\/p>\n<p>Atinuwa, asiri, ilaja ti kii \u1e63e idaj\u1ecd le \u1e63e iranl\u1ecdw\u1ecd lati yanju aw\u1ecdn ija. I\u1e63\u1eb9 naa j\u1eb9 \u1ecdf\u1eb9 ni aw\u1ecdn ipo r\u1eb9 ni Dorchester, Talbot, ati aw\u1ecdn agbegbe Caroline.<\/p>\n<p>Fun iranl\u1ecdw\u1ecd ofin,\u00a0<strong><a href=\"https:\/\/midshoreprobono.org\/how-we-help\/\" target=\"_blank\" rel=\"noopener\">Mid-shore Pro Bono<\/a><\/strong>\u00a0le funni ni ojutu kan. W\u1ecdn \u1e63e iranl\u1ecdw\u1ecd fun aw\u1ecdn olugbe Ila-oorun Shore p\u1eb9lu abojuto agbalagba, ik\u1ecdsil\u1eb9, igba l\u1ecdw\u1ecd \u1eb9ni, iyapa ofin, agbara agb\u1eb9j\u1ecdro, itimole \u1ecdm\u1ecd, idiyele, ati aw\u1ecdn ariyanjiyan ofin miiran. W\u1ecdn gba owo-akoko kan ti $25 lati \u1e63e ilana aw\u1ecdn ohun elo. O le beere fun itusil\u1eb9 ti \u1ecdya yii. W\u1ecdn wa ni Easton p\u1eb9lu aw\u1ecdn \u1ecdfiisi sat\u1eb9laiti ni Chestertown ati Salisbury.<\/p>\n\t\t\t\t<img decoding=\"async\" src=\"http:\/\/211md.org\/wp-content\/uploads\/2024\/01\/Whats-the-211-hon.jpg\" alt=\"Kini olurannileti if\u1ecdr\u1ecdran\u1e63\u1eb9 Hon 211\" itemprop=\"image\" title=\"Kini 211 hon\" onerror=\"this.style.display='none'\" loading=\"lazy\" \/>\n\t<h2>Talbot County oro<\/h2>\n<p>K\u1ecd \u1eb9k\u1ecd nipa <a href=\"https:\/\/211md.org\/yo\/kini-211\/\">Kini 211, Hon?<\/a> - igbiyanju ipil\u1eb9 kan lati mu imoye sii bi 211 \u1e63e le \u1e63e iranl\u1ecdw\u1ecd fun aw\u1ecdn olugbe Talbot County lati wa ilera agbegbe ati aw\u1ecdn orisun i\u1e63\u1eb9 eniyan. 211 wa 24\/7\/365.<\/p>\n<p>O tun le gba aw\u1ecdn imudojuiw\u1ecdn if\u1ecdr\u1ecdran\u1e63\u1eb9 p\u1eb9lu aw\u1ecdn orisun ilera Mid Shore. W\u1ecdl\u00e9 soke nipa fifiran\u1e63\u1eb9 si Midshore si 898-211.<\/p>\n\t\t<h3>\t\n\tGba Aw\u1ecdn Itaniji \u1eccr\u1ecd Midshore<\/h3><p>Gba aw\u1ecdn imudojuiw\u1ecdn if\u1ecdr\u1ecdran\u1e63\u1eb9 p\u1eb9lu aw\u1ecdn orisun agbegbe. W\u1ecdl\u00e9 soke nipa fifiran\u1e63\u1eb9 si Midshore si 898-211.<\/p>\n\t\t<h4><a href=\"\/yo\/oro\/ailera-ti-ogbo\/?utm_source=Home&#038;utm_medium=Referral&#038;utm_campaign=211Resources&#038;utm_content=Aging\" target=\"_self\">Ti ogbo &amp; Alaabo<\/a><\/h4>\n\t\t\t\t<a href=\"\/yo\/oro\/ailera-ti-ogbo\/?utm_source=Home&#038;utm_medium=Referral&#038;utm_campaign=211Resources&#038;utm_content=Aging\"  target=\"_self\" itemprop=\"url\">\n\t\t\t\t<img decoding=\"async\" src=\"https:\/\/211md.org\/wp-content\/uploads\/bb-plugin\/cache\/2025_MdInfoNet_Icon-Sets_Aging-disability-square-c466727102cae71e5f27b8539bb51945-.png\" alt=\"\" itemprop=\"image\" onerror=\"this.style.display='none'\" loading=\"lazy\" \/>\n\t\t\t\t<\/a>\n\t\t<h4><a href=\"\/yo\/oro\/omo-idile\/?utm_source=Home&#038;utm_medium=Referral&#038;utm_campaign=211Resources&#038;utm_content=Children\" target=\"_self\">Aw\u1ecdn \u1ecdm\u1ecdde &amp; Aw\u1ecdn idile<\/a><\/h4>\n\t\t\t\t<a href=\"\/yo\/oro\/omo-idile\/?utm_source=Home&#038;utm_medium=Referral&#038;utm_campaign=211Resources&#038;utm_content=Children\"  target=\"_self\" itemprop=\"url\">\n\t\t\t\t<img decoding=\"async\" src=\"https:\/\/211md.org\/wp-content\/uploads\/bb-plugin\/cache\/2025_211_Icon-Sets_Child-care-square-f3b0d4edab3dcc467fadb5f55f4064c6-.png\" alt=\"2025_211_Icon Sets_Child itoju\" itemprop=\"image\" height=\"417\" width=\"417\" title=\"2025_211_Icon Sets_Child itoju\" onerror=\"this.style.display='none'\" loading=\"lazy\" \/>\n\t\t\t\t<\/a>\n\t\t<h4><a href=\"\/yo\/oro\/abele-ebi-iwa-ipa\/?utm_source=Home&#038;utm_medium=Referral&#038;utm_campaign=211Resources&#038;utm_content=Domestic\" target=\"_self\">Iwa-ipa Abele<\/a><\/h4>\n\t\t\t\t<a href=\"\/yo\/oro\/abele-ebi-iwa-ipa\/?utm_source=Home&#038;utm_medium=Referral&#038;utm_campaign=211Resources&#038;utm_content=Domestic\"  target=\"_self\" itemprop=\"url\">\n\t\t\t\t<img decoding=\"async\" src=\"https:\/\/211md.org\/wp-content\/uploads\/bb-plugin\/cache\/2025_211_Icon-Sets_Domestic-Violence-square-7b597694a6f05fe90cdc376aa573bc63-.png\" alt=\"Aami iwa-ipa ab\u1eb9le\" itemprop=\"image\" height=\"417\" width=\"417\" title=\"2025_211_Icon \u1e62eto_Iwa-ipa Abele\" onerror=\"this.style.display='none'\" loading=\"lazy\" \/>\n\t\t\t\t<\/a>\n\t\t<h4><a href=\"\/yo\/oro\/wiwa-oojo\/?utm_source=Home&#038;utm_medium=Referral&#038;utm_campaign=211Resources&#038;utm_content=Employment\" target=\"_self\">Igbanisise<\/a><\/h4>\n\t\t\t\t<a href=\"\/yo\/oro\/wiwa-oojo\/?utm_source=Home&#038;utm_medium=Referral&#038;utm_campaign=211Resources&#038;utm_content=Employment\"  target=\"_self\" itemprop=\"url\">\n\t\t\t\t<img decoding=\"async\" src=\"https:\/\/211md.org\/wp-content\/uploads\/bb-plugin\/cache\/2025_MdInfoNet_Icon-Sets_Employment-square-44707bd410e4df10a470bf130ebcea86-.png\" alt=\"\" itemprop=\"image\" onerror=\"this.style.display='none'\" loading=\"lazy\" \/>\n\t\t\t\t<\/a>\n\t\t<h4><a href=\"\/yo\/oro\/itoju-ilera\/?utm_source=Home&#038;utm_medium=Referral&#038;utm_campaign=211Resources&#038;utm_content=Health%20Care\" target=\"_self\">It\u1ecdju Ilera<\/a><\/h4>\n\t\t\t\t<a href=\"\/yo\/oro\/itoju-ilera\/?utm_source=Home&#038;utm_medium=Referral&#038;utm_campaign=211Resources&#038;utm_content=Health%20Care\"  target=\"_self\" itemprop=\"url\">\n\t\t\t\t<img decoding=\"async\" src=\"https:\/\/211md.org\/wp-content\/uploads\/bb-plugin\/cache\/2025_MdInfoNet_Icon-Sets_Health-Care-square-dee98a0060cbe0e7f27eda253fc12679-.png\" alt=\"\" itemprop=\"image\" onerror=\"this.style.display='none'\" loading=\"lazy\" \/>\n\t\t\t\t<\/a>\n\t\t<h4><a href=\"\/yo\/oro\/omo-idile\/itoju-ibatan\/?utm_source=Home&#038;utm_medium=Referral&#038;utm_campaign=211Resources&#038;utm_content=Kinship\" target=\"_self\">\u00ccb\u00e1tan<\/a><\/h4>\n\t\t\t\t<a href=\"\/yo\/oro\/omo-idile\/itoju-ibatan\/?utm_source=Home&#038;utm_medium=Referral&#038;utm_campaign=211Resources&#038;utm_content=Kinship\"  target=\"_self\" itemprop=\"url\">\n\t\t\t\t<img decoding=\"async\" src=\"https:\/\/211md.org\/wp-content\/uploads\/bb-plugin\/cache\/2025_211_Icon-Sets_Kinship-square-45bdf872866f5735f842c32071109267-.png\" alt=\"Aami ibatan\" itemprop=\"image\" height=\"417\" width=\"417\" title=\"2025_211_Icon Sets_Kinship\" onerror=\"this.style.display='none'\" loading=\"lazy\" \/>\n\t\t\t\t<\/a>\n\t\t<h4><a href=\"\/yo\/oro\/ofin-awon-i%e1%b9%a3e\/?utm_source=Home&#038;utm_medium=Referral&#038;utm_campaign=211Resources&#038;utm_content=Legal\" target=\"_self\">Aw\u1ecdn i\u1e63\u1eb9 ofin<\/a><\/h4>\n\t\t\t\t<a href=\"\/yo\/oro\/ofin-awon-i%e1%b9%a3e\/?utm_source=Home&#038;utm_medium=Referral&#038;utm_campaign=211Resources&#038;utm_content=Legal\"  target=\"_self\" itemprop=\"url\">\n\t\t\t\t<img decoding=\"async\" src=\"https:\/\/211md.org\/wp-content\/uploads\/bb-plugin\/cache\/2025_MdInfoNet_Icon-Sets_Legal-square-18fdf438feb8435588174d9046463257-.png\" alt=\"\" itemprop=\"image\" onerror=\"this.style.display='none'\" loading=\"lazy\" \/>\n\t\t\t\t<\/a>\n\t\t<h4><a href=\"\/yo\/oro\/opolo-ilera\/?utm_source=Home&#038;utm_medium=Referral&#038;utm_campaign=211Resources&#038;utm_content=Mental\" target=\"_self\">Opolo Health<\/a><\/h4>\n\t\t\t\t<a href=\"\/yo\/oro\/opolo-ilera\/?utm_source=Home&#038;utm_medium=Referral&#038;utm_campaign=211Resources&#038;utm_content=Mental\"  target=\"_self\" itemprop=\"url\">\n\t\t\t\t<img decoding=\"async\" src=\"https:\/\/211md.org\/wp-content\/uploads\/bb-plugin\/cache\/2025_MdInfoNet_Icon-Sets_Mental-Health-square-c59b38c4a993a947d4c9280fbe2d2fee-.png\" alt=\"\" itemprop=\"image\" onerror=\"this.style.display='none'\" loading=\"lazy\" \/>\n\t\t\t\t<\/a>\n\t\t<h4><a href=\"\/yo\/oro\/ogbon-inu\/?utm_source=Home&#038;utm_medium=Referral&#038;utm_campaign=211Resources&#038;utm_content=Reentry\" target=\"_self\">Atunw\u1ecdle<\/a><\/h4>\n\t\t\t\t<a href=\"\/yo\/oro\/ogbon-inu\/?utm_source=Home&#038;utm_medium=Referral&#038;utm_campaign=211Resources&#038;utm_content=Reentry\"  target=\"_self\" itemprop=\"url\">\n\t\t\t\t<img decoding=\"async\" src=\"https:\/\/211md.org\/wp-content\/uploads\/bb-plugin\/cache\/2025_211_Icon-Sets_Reentry-square-8676fea38abd920a832f45642fe31cca-.png\" alt=\"Aami iw\u1ecdle\" itemprop=\"image\" height=\"417\" width=\"417\" title=\"2025_211_Icon Sets_Reentry\" onerror=\"this.style.display='none'\" loading=\"lazy\" \/>\n\t\t\t\t<\/a>\n\t\t<h4><a href=\"\/yo\/oro\/lilo-nkan-elo\/?utm_source=Home&#038;utm_medium=Referral&#038;utm_campaign=211Resources&#038;utm_content=Substance\" target=\"_self\">Ohun elo Lilo<\/a><\/h4>\n\t\t\t\t<a href=\"\/yo\/oro\/lilo-nkan-elo\/?utm_source=Home&#038;utm_medium=Referral&#038;utm_campaign=211Resources&#038;utm_content=Substance\"  target=\"_self\" itemprop=\"url\">\n\t\t\t\t<img decoding=\"async\" src=\"https:\/\/211md.org\/wp-content\/uploads\/bb-plugin\/cache\/2025_MdInfoNet_Icon-Sets_Substance-Abuse-square-9022fec9d18a64118ad685c101885b55-.png\" alt=\"\" itemprop=\"image\" onerror=\"this.style.display='none'\" loading=\"lazy\" \/>\n\t\t\t\t<\/a>\n\t\t<h4><a href=\"\/yo\/oro\/ogbo\/?utm_source=Home&#038;utm_medium=Referral&#038;utm_campaign=211Resources&#038;utm_content=Veterans\" target=\"_self\">Ogbo<\/a><\/h4>\n\t\t\t\t<a href=\"\/yo\/oro\/ogbo\/?utm_source=Home&#038;utm_medium=Referral&#038;utm_campaign=211Resources&#038;utm_content=Veterans\"  target=\"_self\" itemprop=\"url\">\n\t\t\t\t<img decoding=\"async\" src=\"https:\/\/211md.org\/wp-content\/uploads\/bb-plugin\/cache\/2025_MdInfoNet_Icon-Sets_Rating-square-6e60d00cce4faa8e0a6d4ad7366aa733-.png\" alt=\"\" itemprop=\"image\" onerror=\"this.style.display='none'\" loading=\"lazy\" \/>\n\t\t\t\t<\/a>","protected":false},"excerpt":{"rendered":"<p>Wa Aw\u1ecdn orisun Nitosi Mi Wa Bayi \u1e62afikun ile-i\u1e63\u1eb9 tabi agbari r\u1eb9 si ibi ipam\u1ecd data orisun wa. 211 le sop\u1ecd si aw\u1ecdn orisun ni Talbot County. Boya o n gbe ni Easton, Trappe, Wye Mills, Wye Landing, Saint Michaels tabi agbegbe miiran, iranl\u1ecdw\u1ecd wa. Wa aw\u1ecdn orisun loke tabi t\u1eb9 211 lati s\u1ecdr\u1ecd si alabojuto ati\u2026<\/p>","protected":false},"author":8,"featured_media":3918,"parent":750,"menu_order":0,"comment_status":"closed","ping_status":"closed","template":"","meta":{"footnotes":""},"class_list":["post-1688","page","type-page","status-publish","has-post-thumbnail","hentry"],"_links":{"self":[{"href":"https:\/\/211md.org\/yo\/wp-json\/wp\/v2\/pages\/1688","targetHints":{"allow":["GET"]}}],"collection":[{"href":"https:\/\/211md.org\/yo\/wp-json\/wp\/v2\/pages"}],"about":[{"href":"https:\/\/211md.org\/yo\/wp-json\/wp\/v2\/types\/page"}],"author":[{"embeddable":true,"href":"https:\/\/211md.org\/yo\/wp-json\/wp\/v2\/users\/8"}],"replies":[{"embeddable":true,"href":"https:\/\/211md.org\/yo\/wp-json\/wp\/v2\/comments?post=1688"}],"version-history":[{"count":5,"href":"https:\/\/211md.org\/yo\/wp-json\/wp\/v2\/pages\/1688\/revisions"}],"predecessor-version":[{"id":34195,"href":"https:\/\/211md.org\/yo\/wp-json\/wp\/v2\/pages\/1688\/revisions\/34195"}],"up":[{"embeddable":true,"href":"https:\/\/211md.org\/yo\/wp-json\/wp\/v2\/pages\/750"}],"wp:featuredmedia":[{"embeddable":true,"href":"https:\/\/211md.org\/yo\/wp-json\/wp\/v2\/media\/3918"}],"wp:attachment":[{"href":"https:\/\/211md.org\/yo\/wp-json\/wp\/v2\/media?parent=1688"}],"curies":[{"name":"wp","href":"https:\/\/api.w.org\/{rel}","templated":true}]}}