{"id":1689,"date":"2021-05-12T00:23:27","date_gmt":"2021-05-12T00:23:27","guid":{"rendered":"https:\/\/211md.org\/?page_id=1689"},"modified":"2025-11-07T06:52:19","modified_gmt":"2025-11-07T11:52:19","slug":"agbegbe-caroline","status":"publish","type":"page","link":"https:\/\/211md.org\/yo\/resources-by-county\/caroline-county\/","title":{"rendered":"Agbegbe Caroline"},"content":{"rendered":"<h2><a href=\"https:\/\/search.211md.org\/\" target=\"_blank\"  rel=\"noopener\">Wa Oro Nitosi Mi<\/a><\/h2>\n\t\t\t<a href=\"https:\/\/search.211md.org\/\" target=\"_blank\" rel=\"noopener\">\n\t\t\t\t\t\t\tWa Bayi\n\t\t\t<\/a>\n\t<p><strong><a href=\"\/yo\/da-wa-database\/\">\u1e62afikun ile-i\u1e63\u1eb9 tabi ajo r\u1eb9 si ibi ipam\u1ecd data orisun wa.<\/a><\/strong><\/p>\n\t<p>Iranl\u1ecdw\u1ecd wa ti o ba n gbe ni Denton, Ridgely, Greensboro, Federalsburg, Hobbs, Asbury, Anthony, Agner, White Oak Manor, Reliance tabi ilu Caroline County miiran.<\/p>\n<p>T\u1eb9 211 lati s\u1ecdr\u1ecd si Alaye ati Alam\u1ecdja Ifiran\u1e63\u1eb9. O tun le wa ibi ipam\u1ecd data.<\/p>\n\t\t<h2>\t\n\tT\u1eb9 211<\/h2><p>Sop\u1ecd si aw\u1ecdn orisun agbegbe ati atil\u1eb9yin 24\/7\/365.<\/p>\n<h2>Aw\u1ecdn owo IwUlO<\/h2>\n<p>Ti o ba nilo iranl\u1ecdw\u1ecd lati san owo-owo ohun elo r\u1eb9, kan si <strong><a href=\"https:\/\/choptankelectric.coop\/energy-assistance\" target=\"_blank\" rel=\"noopener\">Choptank Electric Cooperative<\/a><\/strong> ati beere nipa eto isanwo lati yago fun gige-asop\u1ecd. Pe 1-877-892-0001 \u1eccj\u1ecd Aar\u1ecd si \u1eccj\u1ecd Jim\u1ecd laarin 8 owur\u1ecd si 4:30 ir\u1ecdl\u1eb9<\/p>\n<p>Aw\u1ecdn olugbe ti o ni \u1eb9t\u1ecd ti owo oya tun le bere fun iranl\u1ecdw\u1ecd agbara lati \u1eccfiisi Maryland ti Aw\u1ecdn Eto Agbara Ile. Aw\u1ecdn <strong><a href=\"https:\/\/dhs.maryland.gov\/local-offices\/caroline-county\/\" target=\"_blank\" rel=\"noopener\">Department of Social Services<\/a><\/strong> le \u1e63e iranl\u1ecdw\u1ecd p\u1eb9lu ilana elo.<\/p>\n<p>K\u1ecd \u1eb9k\u1ecd di\u1eb9 sii nipa ilana ohun elo, aw\u1ecdn iwe a\u1e63\u1eb9 ti o le nilo, aw\u1ecdn it\u1ecdnis\u1ecdna afij\u1eb9\u1eb9ri ati aw\u1ecdn eto iranl\u1ecdw\u1ecd ti o wa p\u1eb9lu <a href=\"https:\/\/211md.org\/yo\/oro\/iranlowo-ohun-elo\/\">It\u1ecds\u1ecdna iranl\u1ecdw\u1ecd IwUlO 211<\/a>.<\/p>\n<h2>Ounj\u1eb9<\/h2>\n<p>The ShoGo Mobile food service brings the market to you, with <a href=\"https:\/\/www.carolineculinaryarts.org\/shogo-mobile\" target=\"_blank\" rel=\"noopener\">planned stops<\/a> throughout Caroline, Talbot, and Dorchester Counties. Get fresh, low-cost groceries including produce and prepared meals.<\/p>\n<p>Aw\u1ecdn ile itaja ounj\u1eb9 wa ti o wa jakejado Caroline County. Ni afikun, di\u1eb9 ninu aw\u1ecdn panti ounj\u1eb9 tun \u1e63e atil\u1eb9yin aw\u1ecdn eniyan k\u1ecd\u1ecdkan ati aw\u1ecdn idile p\u1eb9lu aw\u1ecdn iwulo pataki miiran.<\/p>\n<p><a href=\"https:\/\/www.martinshouseandbarn.org\/\" target=\"_blank\" rel=\"noopener\">Martin k\u00e1 Ile ati ab\u00e0<\/a> (St. Martin&#039;s Barn) ni Ridgely, Maryland, ni ile ounj\u1eb9 kan, ile itaja i\u1e63owo kan fun aw\u1ecdn a\u1e63\u1ecd ti ko ni idiyele ati aw\u1ecdn ohun elo ile, ati ibi aabo idile kan.<\/p>\n<p><a href=\"http:\/\/aaronsplaceinc.org\/\" target=\"_blank\" rel=\"noopener\">Ibi Aaroni<\/a> ni Denton, Maryland tun pese ounje, aso, Mama ati emi music kilasi ati aini ile.<\/p>\n<p>Aw\u1ecdn w\u1ecdnyi ni aw\u1ecdn ile itaja ounje ni Caroline County. Aw\u1ecdn wakati le yat\u1ecd. Pe ibi ipam\u1ecd ounje lati j\u1eb9risi.<\/p>\n\t\t<h3>Fifun Ore-\u1ecdf\u1eb9<\/h3><p>302 Church Lane<\/p>\n<p>Goldsboro, D\u00f3k\u00edt\u00e0 21636<\/p>\n<p>410-829-3158<\/p>\n<p>&nbsp;<\/p>\n<p><strong>\u1eccj\u1ecd Satidee keji ti o\u1e63u k\u1ecd\u1ecdkan<\/strong><\/p>\n\t<iframe src=\"https:\/\/www.google.com\/maps\/embed\/v1\/place?q=302+Church+Lane%0AGoldsboro%2C+MD%C2%A021636&#038;key=AIzaSyD09zQ9PNDNNy9TadMuzRV_UsPUoWKntt8\" aria-hidden=\"true\" title=\"Fifun Ore-\u1ecdf\u1eb9\"><\/iframe>\n\t\t<h3>Ibi Aaroni<\/h3><p>401 Aldersgate wak\u1ecd<\/p>\n<p>Denton, D\u00f3k\u00edt\u00e0 21629<\/p>\n<p>443-243-5906<\/p>\n<p>&nbsp;<\/p>\n<p><strong>Tuesday &amp; Wednesday 9-2 pm<\/strong><\/p>\n<p><strong>Thursday 9-1 pm<\/strong><\/p>\n\t<iframe src=\"https:\/\/www.google.com\/maps\/embed\/v1\/place?q=401+Aldersgate+Drive%0ADenton%2C+MD+21629&#038;key=AIzaSyD09zQ9PNDNNy9TadMuzRV_UsPUoWKntt8\" aria-hidden=\"true\" title=\"Ibi Aaroni\"><\/iframe>\n\t\t<h3>Ibi Aaroni 2<\/h3><p>435 Main Street<\/p>\n<p>Goldsboro, D\u00f3k\u00edt\u00e0 21636<\/p>\n<p>443-243-5906<\/p>\n<p>&nbsp;<\/p>\n<p><b>Sunday 4-5 pm<\/b><\/p>\n<p><strong>Monday 9 emi - 2 pm<\/strong><\/p>\n\t<iframe src=\"https:\/\/www.google.com\/maps\/embed\/v1\/place?q=435+Main+Street%0AGoldsboro%2C+MD+21636&#038;key=AIzaSyD09zQ9PNDNNy9TadMuzRV_UsPUoWKntt8\" aria-hidden=\"true\" title=\"Ibi Aaroni 2\"><\/iframe>\n\t\t<h3>Ridgely United Methodist Church<\/h3><p>109 Central Avenue<\/p>\n<p>Ridgely, MD 21660<\/p>\n<p>410-634-2527<\/p>\n<p>&nbsp;<\/p>\n<p><b>Wednesday 4: 15-5 pm<\/b><\/p>\n\t<iframe src=\"https:\/\/www.google.com\/maps\/embed\/v1\/place?q=109+Central+Avenue%0ARidgely%2C+MD+21660&#038;key=AIzaSyD09zQ9PNDNNy9TadMuzRV_UsPUoWKntt8\" aria-hidden=\"true\" title=\"Ridgely United Methodist Church\"><\/iframe>\n\t\t<h3>M\u1eb9tal\u1ecdkan AME<\/h3><p>12100 Street School<\/p>\n<p>Ridgely, MD 21660<\/p>\n<p>302-270-7083<\/p>\n<p>&nbsp;<\/p>\n<p><b>Nipa Ipinnu<\/b><\/p>\n\t<iframe src=\"https:\/\/www.google.com\/maps\/embed\/v1\/place?q=12100+School+Street%0ARidgely%2C+MD+21660&#038;key=AIzaSyD09zQ9PNDNNy9TadMuzRV_UsPUoWKntt8\" aria-hidden=\"true\" title=\"M\u1eb9tal\u1ecdkan AME\"><\/iframe>\n\t\t<h3>Paul k\u00e1 United Methodist Church<\/h3><p>300 Iw\u1ecdoorun Avenue<\/p>\n<p>Greensboro, D\u00f3k\u00edt\u00e0 21639<\/p>\n<p>410-482-8170<\/p>\n<p>&nbsp;<\/p>\n<p><b>Gbogbo Saturday 10-12 PM<\/b><\/p>\n\t<iframe src=\"https:\/\/www.google.com\/maps\/embed\/v1\/place?q=300+Sunset+Avenue%0AGreensboro%2C+MD+21639&#038;key=AIzaSyD09zQ9PNDNNy9TadMuzRV_UsPUoWKntt8\" aria-hidden=\"true\" title=\"Paul k\u00e1 United Methodist Church\"><\/iframe>\n\t\t<h3>Denton Christian Ijo<\/h3><p>8680 Mitchell opopona<\/p>\n<p>Denton, D\u00f3k\u00edt\u00e0 21629<\/p>\n<p>410-479-9519<\/p>\n<p>&nbsp;<\/p>\n<p><b>Gbogbo osu miiran, 3rd Thursday 3-4 pm<\/b><\/p>\n\t<iframe src=\"https:\/\/www.google.com\/maps\/embed\/v1\/place?q=8680+Mitchell+Road%0ADenton%2C+MD+21629&#038;key=AIzaSyD09zQ9PNDNNy9TadMuzRV_UsPUoWKntt8\" aria-hidden=\"true\" title=\"Denton Christian Ijo\"><\/iframe>\n\t\t<h3>Martin k\u00e1 ab\u00e0<\/h3><p>14376 Benedictine Lane<\/p>\n<p>Ridgely, MD 21660<\/p>\n<p>410-634-1140<\/p>\n<p>&nbsp;<\/p>\n<p><b>\u1eccj\u1ecdb\u1ecd, \u1eccj\u1ecdb\u1ecd, ati \u1eccj\u1ecd Jim\u1ecd<\/b><\/p>\n<p><strong>8:30 - 11:30 owur\u1ecd\u00a0<\/strong><\/p>\n\t<iframe src=\"https:\/\/www.google.com\/maps\/embed\/v1\/place?q=14376+Benedictine+Lane%0ARidgely%2C+MD+21660&#038;key=AIzaSyD09zQ9PNDNNy9TadMuzRV_UsPUoWKntt8\" aria-hidden=\"true\" title=\"Martin k\u00e1 ab\u00e0\"><\/iframe>\n\t\t<h3>Lerongba ti O Pantry<\/h3><p>9058 Double Hills Road<\/p>\n<p>Denton, D\u00f3k\u00edt\u00e0 21629<\/p>\n<p>443-243-5906<\/p>\n<p>&nbsp;<\/p>\n<p><strong>Thursday 6-7 pm<\/strong><\/p>\n\t<iframe src=\"https:\/\/www.google.com\/maps\/embed\/v1\/place?q=9058+Double+Hills+Road%0ADenton%2C+MD+21629&#038;key=AIzaSyD09zQ9PNDNNy9TadMuzRV_UsPUoWKntt8\" aria-hidden=\"true\" title=\"Lerongba ti O Pantry\"><\/iframe>\n\t\t<h3>Abrams Memorial Church<\/h3><p>300 N. 4th Street<\/p>\n<p>Denton, D\u00f3k\u00edt\u00e0 21629<\/p>\n<p>&nbsp;<\/p>\n<p><b>1st Saturday ti aw\u1ecdn o\u1e63\u00f9 9-11 owur\u1ecd<\/b><\/p>\n\t<iframe src=\"https:\/\/www.google.com\/maps\/embed\/v1\/place?q=300+N.+4th+Street%0ADenton%2C+MD+21629&#038;key=AIzaSyD09zQ9PNDNNy9TadMuzRV_UsPUoWKntt8\" aria-hidden=\"true\" title=\"Abrams Memorial Church\"><\/iframe>\n\t\t<h3>Ile Samaria<\/h3><p>12 N. Karun Street<\/p>\n<p>Denton, D\u00f3k\u00edt\u00e0 21629<\/p>\n<p>410-479-1251<\/p>\n<p>&nbsp;<\/p>\n<p><b>Wednesday, Thursday, Friday 10-2 pm<\/b><\/p>\n<p><strong>Saturday 9-12 pm<\/strong><\/p>\n\t<iframe src=\"https:\/\/www.google.com\/maps\/embed\/v1\/place?q=12+N.+Fifth+Street%0ADenton%2C+MD+21629&#038;key=AIzaSyD09zQ9PNDNNy9TadMuzRV_UsPUoWKntt8\" aria-hidden=\"true\" title=\"Ile Samaria\"><\/iframe>\n\t\t<h3>Kalfari Baptist Church<\/h3><p>120 Market Street<\/p>\n<p>Denton, D\u00f3k\u00edt\u00e0 21629<\/p>\n<p>410-924-6404<\/p>\n<p>&nbsp;<\/p>\n<p><b>Wednesday ati Sunday 7 pm<\/b><\/p>\n\t<iframe src=\"https:\/\/www.google.com\/maps\/embed\/v1\/place?q=120+Market+Street%0ADenton%2C+MD+21629&#038;key=AIzaSyD09zQ9PNDNNy9TadMuzRV_UsPUoWKntt8\" aria-hidden=\"true\" title=\"Kalfari Baptist Church\"><\/iframe>\n\t\t<h3>Oro iye<\/h3><p>3835 Old Denton Road<\/p>\n<p>Federalsburg, D\u00f3k\u00edt\u00e0 21632<\/p>\n<p>410-690-2001<\/p>\n<p>&nbsp;<\/p>\n<p><b>Tuesday ati Friday 9-11 emi<\/b><\/p>\n\t<iframe src=\"https:\/\/www.google.com\/maps\/embed\/v1\/place?q=3835+Old+Denton+Road%0AFederalsburg%2C+MD+21632&#038;key=AIzaSyD09zQ9PNDNNy9TadMuzRV_UsPUoWKntt8\" aria-hidden=\"true\" title=\"Oro iye\"><\/iframe>\n\t\t<h3>Sioni titun UMC<\/h3><p>12496 Newtown Village Road<\/p>\n<p>Cordova, D\u00f3k\u00edt\u00e0 21625<\/p>\n<p>443-534-3905<\/p>\n<p>&nbsp;<\/p>\n<p><b>1st Friday gbogbo 3rd osu 3:30-6:30 pm<\/b><\/p>\n\t<iframe src=\"https:\/\/www.google.com\/maps\/embed\/v1\/place?q=3835+Old+Denton+Road%0AFederalsburg%2C+MD+21632&#038;key=AIzaSyD09zQ9PNDNNy9TadMuzRV_UsPUoWKntt8\" aria-hidden=\"true\" title=\"Oro iye\"><\/iframe>\n\t\t<h3>Ross Chapel AME<\/h3><p>6830 Statum Road<\/p>\n<p>Preston, D\u00f3k\u00edt\u00e0 21655<\/p>\n<p>410-673-1079<\/p>\n<p>&nbsp;<\/p>\n<p><b>4th Wednesday Bi-O\u1e63oo\u1e63u 3-5 pm<\/b><\/p>\n\t<iframe src=\"https:\/\/www.google.com\/maps\/embed\/v1\/place?q=6830+Statum+Road%0APreston%2C+MD+21655&#038;key=AIzaSyD09zQ9PNDNNy9TadMuzRV_UsPUoWKntt8\" aria-hidden=\"true\" title=\"Ross Chapel AME\"><\/iframe>\n<h2>Iranl\u1ecdw\u1ecd ofin<\/h2>\n<p>Ti o ba nilo iranl\u1ecdw\u1ecd p\u1eb9lu \u1ecdr\u1ecd ofin ilu, o le beere iranl\u1ecdw\u1ecd lati Mid-shore Pro Bono. Ile-ib\u1eb9w\u1eb9 n \u1e63i\u1e63\u1eb9 p\u1eb9lu aw\u1ecdn agb\u1eb9j\u1ecdro oluy\u1ecd\u1ecdda jakejado Ila-oorun Shore, p\u1eb9lu Caroline County.<\/p>\n<p>Ile-i\u1e63\u1eb9 le \u1e63e iranl\u1ecdw\u1ecd p\u1eb9lu:<\/p>\n<ul>\n<li>idiwo<\/li>\n<li>itimole \u1ecdm\u1ecd tabi ib\u1eb9wo<\/li>\n<li>gbese olumulo<\/li>\n<li>\u00e0r\u00edy\u00e0njiy\u00e0n guide<\/li>\n<li>ik\u1ecdsil\u1eb9<\/li>\n<li>igba l\u1ecdw\u1ecd \u1eb9ni<\/li>\n<li>onile \/ agbat\u1ecdju oran<\/li>\n<\/ul>\n<p>W\u1ecdn le ni iranl\u1ecdw\u1ecd p\u1eb9lu aw\u1ecdn \u1ecdran ofin miiran \u1e63ugb\u1ecdn w\u1ecdn ko le \u1e63e iranl\u1ecdw\u1ecd p\u1eb9lu gbogbo iru, nitorina rii daju <a href=\"https:\/\/midshoreprobono.org\/how-we-help\/\" target=\"_blank\" rel=\"noopener\">w\u1ecdn pese iranl\u1ecdw\u1ecd fun \u1ecdr\u1ecd ofin r\u1eb9<\/a> \u1e63aaju ki o to bere fun iranl\u1ecdw\u1ecd.<\/p>\n<p>B\u1eb9r\u1eb9 nipa \u00e0gb\u00e1ye aw\u1ecdn <a href=\"https:\/\/www.legal-trak.com\/CaseManagement\/OnlineInTake\/OnlineInTake\/2?skipPayment=true\" target=\"_blank\" rel=\"noopener\">Mid- Shore Pro Bono gbigbemi f\u1ecd\u1ecdmu<\/a>.<\/p>\n<h2>Aw\u1ecdn iwulo ti o ni ibatan si ilera<\/h2>\n<p>Ti o ba nilo aw\u1ecdn ajesara, aw\u1ecdn ay\u1eb9wo ilera, atil\u1eb9yin ilera ihuwasi tabi ni aw\u1ecdn ifiyesi ilera miiran, kan si <a href=\"https:\/\/www.carolinehd.org\/health-services\/\" target=\"_blank\" rel=\"noopener\">\u1eb8ka Ilera ti Caroline County<\/a>.<\/p>\n<p>I\u1e63\u1ecdkan Imudara Ilera Mid Shore tun n \u1e63e igbega imo ti prediabetes, eyiti o kan 1 ni aw\u1ecdn agbalagba 3 jakejado Mid Shore. <a href=\"https:\/\/www.midshorehealth.org\/diabetesrisk\" target=\"_blank\" rel=\"noopener\">\u1e62e idanwo suga suga iyara yii<\/a> lati rii boya o wa ninu ewu.<\/p>\n<p>O tun le ni asop\u1ecd nipas\u1eb9 wiwa si i\u1e63\u1eb9l\u1eb9 ti o ni ibatan ilera. <a href=\"https:\/\/www.midshorehealth.org\/events\" target=\"_blank\" rel=\"noopener\">\u1e62ay\u1eb9wo kal\u1eb9nda ti aw\u1ecdn i\u1e63\u1eb9l\u1eb9<\/a>\u00a0lati Mid Shore Health Imudara I\u1e63\u1ecdkan.<\/p>\n\t\t\t\t<img decoding=\"async\" src=\"http:\/\/211md.org\/wp-content\/uploads\/2024\/01\/Whats-the-211-hon.jpg\" alt=\"Kini olurannileti if\u1ecdr\u1ecdran\u1e63\u1eb9 Hon 211\" itemprop=\"image\" title=\"Kini 211 hon\" onerror=\"this.style.display='none'\" loading=\"lazy\" \/>\n\t<h2>Caroline County oro<\/h2>\n<p>K\u1ecd \u1eb9k\u1ecd nipa <a href=\"https:\/\/211md.org\/yo\/kini-211\/\">Kini 211, Hon?<\/a> \u2013 akitiyan grassroots lati mu imo ti bi 211 le ran Caroline County olugbe ri ilera agbegbe ati eda eniyan oro i\u1e63\u1eb9. 211 wa 24\/7\/365.<\/p>\n<p>O tun le gba aw\u1ecdn imudojuiw\u1ecdn if\u1ecdr\u1ecdran\u1e63\u1eb9 p\u1eb9lu aw\u1ecdn orisun ilera Mid Shore. W\u1ecdl\u00e9 soke nipa fifiran\u1e63\u1eb9 si Midshore si 898-211.<\/p>\n\t\t<h3>\t\n\tGba Aw\u1ecdn Itaniji \u1eccr\u1ecd Midshore<\/h3><p>Gba aw\u1ecdn imudojuiw\u1ecdn if\u1ecdr\u1ecdran\u1e63\u1eb9 p\u1eb9lu aw\u1ecdn orisun agbegbe. W\u1ecdl\u00e9 soke nipa fifiran\u1e63\u1eb9 si Midshore si 898-211.<\/p>\n\t\t<h4><a href=\"\/yo\/oro\/ailera-ti-ogbo\/?utm_source=Home&#038;utm_medium=Referral&#038;utm_campaign=211Resources&#038;utm_content=Aging\" target=\"_self\">Ti ogbo &amp; Alaabo<\/a><\/h4>\n\t\t\t\t<a href=\"\/yo\/oro\/ailera-ti-ogbo\/?utm_source=Home&#038;utm_medium=Referral&#038;utm_campaign=211Resources&#038;utm_content=Aging\"  target=\"_self\" itemprop=\"url\">\n\t\t\t\t<img decoding=\"async\" src=\"https:\/\/211md.org\/wp-content\/uploads\/bb-plugin\/cache\/2025_MdInfoNet_Icon-Sets_Aging-disability-square-c466727102cae71e5f27b8539bb51945-.png\" alt=\"\" itemprop=\"image\" onerror=\"this.style.display='none'\" loading=\"lazy\" \/>\n\t\t\t\t<\/a>\n\t\t<h4><a href=\"\/yo\/oro\/omo-idile\/?utm_source=Home&#038;utm_medium=Referral&#038;utm_campaign=211Resources&#038;utm_content=Children\" target=\"_self\">Aw\u1ecdn \u1ecdm\u1ecdde &amp; Aw\u1ecdn idile<\/a><\/h4>\n\t\t\t\t<a href=\"\/yo\/oro\/omo-idile\/?utm_source=Home&#038;utm_medium=Referral&#038;utm_campaign=211Resources&#038;utm_content=Children\"  target=\"_self\" itemprop=\"url\">\n\t\t\t\t<img decoding=\"async\" src=\"https:\/\/211md.org\/wp-content\/uploads\/bb-plugin\/cache\/2025_211_Icon-Sets_Child-care-square-f3b0d4edab3dcc467fadb5f55f4064c6-.png\" alt=\"2025_211_Icon Sets_Child itoju\" itemprop=\"image\" height=\"417\" width=\"417\" title=\"2025_211_Icon Sets_Child itoju\" onerror=\"this.style.display='none'\" loading=\"lazy\" \/>\n\t\t\t\t<\/a>\n\t\t<h4><a href=\"\/yo\/oro\/abele-ebi-iwa-ipa\/?utm_source=Home&#038;utm_medium=Referral&#038;utm_campaign=211Resources&#038;utm_content=Domestic\" target=\"_self\">Iwa-ipa Abele<\/a><\/h4>\n\t\t\t\t<a href=\"\/yo\/oro\/abele-ebi-iwa-ipa\/?utm_source=Home&#038;utm_medium=Referral&#038;utm_campaign=211Resources&#038;utm_content=Domestic\"  target=\"_self\" itemprop=\"url\">\n\t\t\t\t<img decoding=\"async\" src=\"https:\/\/211md.org\/wp-content\/uploads\/bb-plugin\/cache\/2025_211_Icon-Sets_Domestic-Violence-square-7b597694a6f05fe90cdc376aa573bc63-.png\" alt=\"Aami iwa-ipa ab\u1eb9le\" itemprop=\"image\" height=\"417\" width=\"417\" title=\"2025_211_Icon \u1e62eto_Iwa-ipa Abele\" onerror=\"this.style.display='none'\" loading=\"lazy\" \/>\n\t\t\t\t<\/a>\n\t\t<h4><a href=\"\/yo\/oro\/wiwa-oojo\/?utm_source=Home&#038;utm_medium=Referral&#038;utm_campaign=211Resources&#038;utm_content=Employment\" target=\"_self\">Igbanisise<\/a><\/h4>\n\t\t\t\t<a href=\"\/yo\/oro\/wiwa-oojo\/?utm_source=Home&#038;utm_medium=Referral&#038;utm_campaign=211Resources&#038;utm_content=Employment\"  target=\"_self\" itemprop=\"url\">\n\t\t\t\t<img decoding=\"async\" src=\"https:\/\/211md.org\/wp-content\/uploads\/bb-plugin\/cache\/2025_MdInfoNet_Icon-Sets_Employment-square-44707bd410e4df10a470bf130ebcea86-.png\" alt=\"\" itemprop=\"image\" onerror=\"this.style.display='none'\" loading=\"lazy\" \/>\n\t\t\t\t<\/a>\n\t\t<h4><a href=\"\/yo\/oro\/itoju-ilera\/?utm_source=Home&#038;utm_medium=Referral&#038;utm_campaign=211Resources&#038;utm_content=Health%20Care\" target=\"_self\">It\u1ecdju Ilera<\/a><\/h4>\n\t\t\t\t<a href=\"\/yo\/oro\/itoju-ilera\/?utm_source=Home&#038;utm_medium=Referral&#038;utm_campaign=211Resources&#038;utm_content=Health%20Care\"  target=\"_self\" itemprop=\"url\">\n\t\t\t\t<img decoding=\"async\" src=\"https:\/\/211md.org\/wp-content\/uploads\/bb-plugin\/cache\/2025_MdInfoNet_Icon-Sets_Health-Care-square-dee98a0060cbe0e7f27eda253fc12679-.png\" alt=\"\" itemprop=\"image\" onerror=\"this.style.display='none'\" loading=\"lazy\" \/>\n\t\t\t\t<\/a>\n\t\t<h4><a href=\"\/yo\/oro\/omo-idile\/itoju-ibatan\/?utm_source=Home&#038;utm_medium=Referral&#038;utm_campaign=211Resources&#038;utm_content=Kinship\" target=\"_self\">\u00ccb\u00e1tan<\/a><\/h4>\n\t\t\t\t<a href=\"\/yo\/oro\/omo-idile\/itoju-ibatan\/?utm_source=Home&#038;utm_medium=Referral&#038;utm_campaign=211Resources&#038;utm_content=Kinship\"  target=\"_self\" itemprop=\"url\">\n\t\t\t\t<img decoding=\"async\" src=\"https:\/\/211md.org\/wp-content\/uploads\/bb-plugin\/cache\/2025_211_Icon-Sets_Kinship-square-45bdf872866f5735f842c32071109267-.png\" alt=\"Aami ibatan\" itemprop=\"image\" height=\"417\" width=\"417\" title=\"2025_211_Icon Sets_Kinship\" onerror=\"this.style.display='none'\" loading=\"lazy\" \/>\n\t\t\t\t<\/a>\n\t\t<h4><a href=\"\/yo\/oro\/ofin-awon-i%e1%b9%a3e\/?utm_source=Home&#038;utm_medium=Referral&#038;utm_campaign=211Resources&#038;utm_content=Legal\" target=\"_self\">Aw\u1ecdn i\u1e63\u1eb9 ofin<\/a><\/h4>\n\t\t\t\t<a href=\"\/yo\/oro\/ofin-awon-i%e1%b9%a3e\/?utm_source=Home&#038;utm_medium=Referral&#038;utm_campaign=211Resources&#038;utm_content=Legal\"  target=\"_self\" itemprop=\"url\">\n\t\t\t\t<img decoding=\"async\" src=\"https:\/\/211md.org\/wp-content\/uploads\/bb-plugin\/cache\/2025_MdInfoNet_Icon-Sets_Legal-square-18fdf438feb8435588174d9046463257-.png\" alt=\"\" itemprop=\"image\" onerror=\"this.style.display='none'\" loading=\"lazy\" \/>\n\t\t\t\t<\/a>\n\t\t<h4><a href=\"\/yo\/oro\/opolo-ilera\/?utm_source=Home&#038;utm_medium=Referral&#038;utm_campaign=211Resources&#038;utm_content=Mental\" target=\"_self\">Opolo Health<\/a><\/h4>\n\t\t\t\t<a href=\"\/yo\/oro\/opolo-ilera\/?utm_source=Home&#038;utm_medium=Referral&#038;utm_campaign=211Resources&#038;utm_content=Mental\"  target=\"_self\" itemprop=\"url\">\n\t\t\t\t<img decoding=\"async\" src=\"https:\/\/211md.org\/wp-content\/uploads\/bb-plugin\/cache\/2025_MdInfoNet_Icon-Sets_Mental-Health-square-c59b38c4a993a947d4c9280fbe2d2fee-.png\" alt=\"\" itemprop=\"image\" onerror=\"this.style.display='none'\" loading=\"lazy\" \/>\n\t\t\t\t<\/a>\n\t\t<h4><a href=\"\/yo\/oro\/ogbon-inu\/?utm_source=Home&#038;utm_medium=Referral&#038;utm_campaign=211Resources&#038;utm_content=Reentry\" target=\"_self\">Atunw\u1ecdle<\/a><\/h4>\n\t\t\t\t<a href=\"\/yo\/oro\/ogbon-inu\/?utm_source=Home&#038;utm_medium=Referral&#038;utm_campaign=211Resources&#038;utm_content=Reentry\"  target=\"_self\" itemprop=\"url\">\n\t\t\t\t<img decoding=\"async\" src=\"https:\/\/211md.org\/wp-content\/uploads\/bb-plugin\/cache\/2025_211_Icon-Sets_Reentry-square-8676fea38abd920a832f45642fe31cca-.png\" alt=\"Aami iw\u1ecdle\" itemprop=\"image\" height=\"417\" width=\"417\" title=\"2025_211_Icon Sets_Reentry\" onerror=\"this.style.display='none'\" loading=\"lazy\" \/>\n\t\t\t\t<\/a>\n\t\t<h4><a href=\"\/yo\/oro\/lilo-nkan-elo\/?utm_source=Home&#038;utm_medium=Referral&#038;utm_campaign=211Resources&#038;utm_content=Substance\" target=\"_self\">Ohun elo Lilo<\/a><\/h4>\n\t\t\t\t<a href=\"\/yo\/oro\/lilo-nkan-elo\/?utm_source=Home&#038;utm_medium=Referral&#038;utm_campaign=211Resources&#038;utm_content=Substance\"  target=\"_self\" itemprop=\"url\">\n\t\t\t\t<img decoding=\"async\" src=\"https:\/\/211md.org\/wp-content\/uploads\/bb-plugin\/cache\/2025_MdInfoNet_Icon-Sets_Substance-Abuse-square-9022fec9d18a64118ad685c101885b55-.png\" alt=\"\" itemprop=\"image\" onerror=\"this.style.display='none'\" loading=\"lazy\" \/>\n\t\t\t\t<\/a>\n\t\t<h4><a href=\"\/yo\/oro\/ogbo\/?utm_source=Home&#038;utm_medium=Referral&#038;utm_campaign=211Resources&#038;utm_content=Veterans\" target=\"_self\">Ogbo<\/a><\/h4>\n\t\t\t\t<a href=\"\/yo\/oro\/ogbo\/?utm_source=Home&#038;utm_medium=Referral&#038;utm_campaign=211Resources&#038;utm_content=Veterans\"  target=\"_self\" itemprop=\"url\">\n\t\t\t\t<img decoding=\"async\" src=\"https:\/\/211md.org\/wp-content\/uploads\/bb-plugin\/cache\/2025_MdInfoNet_Icon-Sets_Rating-square-6e60d00cce4faa8e0a6d4ad7366aa733-.png\" alt=\"\" itemprop=\"image\" onerror=\"this.style.display='none'\" loading=\"lazy\" \/>\n\t\t\t\t<\/a>","protected":false},"excerpt":{"rendered":"<p>Wa Aw\u1ecdn orisun Nitosi Mi Wa Bayi \u1e62afikun ile-i\u1e63\u1eb9 tabi agbari r\u1eb9 si ibi ipam\u1ecd data orisun wa. Iranl\u1ecdw\u1ecd wa ti o ba n gbe ni Denton, Ridgely, Greensboro, Federalsburg, Hobbs, Asbury, Anthony, Agner, White Oak Manor, Reliance tabi ilu Caroline County miiran. T\u1eb9 211 lati s\u1ecdr\u1ecd si Alaye ati Alam\u1ecdja Ifiran\u1e63\u1eb9. O tun le wa ibi ipam\u1ecd data naa\u2026.<\/p>","protected":false},"author":8,"featured_media":0,"parent":750,"menu_order":0,"comment_status":"closed","ping_status":"closed","template":"","meta":{"footnotes":""},"class_list":["post-1689","page","type-page","status-publish","hentry"],"_links":{"self":[{"href":"https:\/\/211md.org\/yo\/wp-json\/wp\/v2\/pages\/1689","targetHints":{"allow":["GET"]}}],"collection":[{"href":"https:\/\/211md.org\/yo\/wp-json\/wp\/v2\/pages"}],"about":[{"href":"https:\/\/211md.org\/yo\/wp-json\/wp\/v2\/types\/page"}],"author":[{"embeddable":true,"href":"https:\/\/211md.org\/yo\/wp-json\/wp\/v2\/users\/8"}],"replies":[{"embeddable":true,"href":"https:\/\/211md.org\/yo\/wp-json\/wp\/v2\/comments?post=1689"}],"version-history":[{"count":4,"href":"https:\/\/211md.org\/yo\/wp-json\/wp\/v2\/pages\/1689\/revisions"}],"predecessor-version":[{"id":34193,"href":"https:\/\/211md.org\/yo\/wp-json\/wp\/v2\/pages\/1689\/revisions\/34193"}],"up":[{"embeddable":true,"href":"https:\/\/211md.org\/yo\/wp-json\/wp\/v2\/pages\/750"}],"wp:attachment":[{"href":"https:\/\/211md.org\/yo\/wp-json\/wp\/v2\/media?parent=1689"}],"curies":[{"name":"wp","href":"https:\/\/api.w.org\/{rel}","templated":true}]}}