{"id":1690,"date":"2021-05-12T00:23:36","date_gmt":"2021-05-12T00:23:36","guid":{"rendered":"https:\/\/211md.org\/?page_id=1690"},"modified":"2025-10-29T07:08:26","modified_gmt":"2025-10-29T11:08:26","slug":"ayaba-annes-county","status":"publish","type":"page","link":"https:\/\/211md.org\/yo\/resources-by-county\/queen-annes-county\/","title":{"rendered":"Queen Anne k\u00e1 County"},"content":{"rendered":"<h2><a href=\"https:\/\/search.211md.org\/\" target=\"_blank\"  rel=\"noopener\">Wa Oro Nitosi Mi<\/a><\/h2>\n\t\t\t<a href=\"https:\/\/search.211md.org\/\" target=\"_blank\" rel=\"noopener\">\n\t\t\t\t\t\t\tWa Bayi\n\t\t\t<\/a>\n\t<p><strong><a href=\"\/yo\/da-wa-database\/\">\u1e62afikun ile-i\u1e63\u1eb9 tabi ajo r\u1eb9 si ibi ipam\u1ecd data orisun wa.<\/a><\/strong><\/p>\n\t<p>\u1e62e o nilo ounj\u1eb9 tabi atil\u1eb9yin owo pajawiri fun ile tabi aw\u1ecdn owo iwUlO? 211 le \u1e63e iranl\u1ecdw\u1ecd p\u1eb9lu aw\u1ecdn aini w\u1ecdnyi ati aw\u1ecdn miiran. Wa lori aw\u1ecdn orisun 7,000 jakejado Maryland, tabi t\u1eb9 211 lati s\u1ecdr\u1ecd p\u1eb9lu Alaye 211 kan ati Aw\u1ecdn alam\u1ecdja Ifiran\u1e63\u1eb9 lati wa aw\u1ecdn orisun agbegbe ti o dara jul\u1ecd.<\/p>\n<p>Iranl\u1ecdw\u1ecd wa ti o ba n gbe ni Sudlersville, Church Hill, Queenstown, Grasonville, Stevensville tabi Centerville tabi \u1ecdkan ninu aw\u1ecdn agbegbe miiran ni Queen Anne&#039;s.<\/p>\n\t\t<h2>\t\n\tT\u1eb9 211<\/h2><p>Sop\u1ecd si aw\u1ecdn orisun agbegbe ati atil\u1eb9yin 24\/7\/365.<\/p>\n<h2>Haven minisita<\/h2>\n<p><a href=\"https:\/\/haven-ministries.org\/\" target=\"_blank\" rel=\"noopener\">Haven minisita<\/a>, I\u1e63\u1ecdkan ti aw\u1ecdn ij\u1ecdsin Kristi\u1eb9ni ni Queen Anne&#039;s County, nfunni ni iranl\u1ecdw\u1ecd ile, ounj\u1eb9, a\u1e63\u1ecd ati ibi aabo fun aw\u1ecdn idile ti o nilo.<\/p>\n<p>Ile-i\u1e63\u1eb9 orisun ati ile ounj\u1eb9 ounj\u1eb9 wa ni Queenstown l\u1eb9hin Royal Farms. Aw\u1ecdn olugbe Queen Anne le lo ibi ipam\u1ecd ounje l\u1eb9\u1eb9kan ni o\u1e63u, p\u1eb9lu ID F\u1ecdto to wulo O le \u1e63e ipinnu lati pade nipa pipe 410-827-7194.<\/p>\n<p>\u1eb8ru ounj\u1eb9 ounj\u1eb9 alagbeka tun wa ni Sudersville, Maryland. \u1ecck\u1ecd ay\u1ecdk\u1eb9l\u1eb9 ounje nfunni ni ounj\u1eb9 ti ko jinna fun aw\u1ecdn ti o ni aw\u1ecdn aini ounj\u1eb9 pajawiri ni ariwa Queen Anne&#039;s County.<\/p>\n<p>Aw\u1ecdn minisita Haven tun le \u1e63e iranl\u1ecdw\u1ecd ni wiwa ile ti ifarada, eyiti ko ni Queen Anne&#039;s County. Nw\u1ecdn nse pajawiri igba otutu koseemani ati\u00a0<a href=\"https:\/\/haven-ministries.org\/2020\/11\/haven-ministries-expands-housing-assistance-program-2\/\" target=\"_blank\" rel=\"noopener\">Eto Iranl\u1ecdw\u1ecd Ile<\/a>.<\/p>\n<p>Ifowopam\u1ecd le wa nipas\u1eb9 St. Christopher&#039;s Catholic Church, Haven Ministries, ati Kent Island United Methodist Church fun iyalo ati aw\u1ecdn sisanwo aw\u1ecdn ohun elo nigba ti o wa.<\/p>\n<p>O le kan si aw\u1ecdn ile-i\u1e63\u1eb9 w\u1ecdnyi tabi pe 211 lati wa aw\u1ecdn orisun ni Queen Anne&#039;s County ti o le \u1e63e iranl\u1ecdw\u1ecd p\u1eb9lu aw\u1ecdn owo-iwUlO ati idena ilekuro.<\/p>\n<h2><b>Iranl\u1ecdw\u1ecd ile\u00a0<\/b><\/h2>\n<p>Ti o ba nilo iranl\u1ecdw\u1ecd p\u1eb9lu ile, Queen Anne&#039;s Housing &amp; Aw\u1ecdn i\u1e63\u1eb9 agbegbe nfunni ni \u1ecdp\u1ecdl\u1ecdp\u1ecd aw\u1ecdn eto ti o \u1e63e iranl\u1ecdw\u1ecd p\u1eb9lu idena idasile, aini ile, aw\u1ecdn olura ile akoko ak\u1ecdk\u1ecd, ati aw\u1ecdn atun\u1e63e ile pajawiri. O tun le \u1e63ay\u1eb9wo w\u1ecdn <a href=\"https:\/\/www.qac.org\/1210\/Homeless-Assistance\" target=\"_blank\" rel=\"noopener\">oro iwe<\/a> fun alaye lori aw\u1ecdn ipo ile ni gbogbo agbegbe, ile agba, aw\u1ecdn ohun elo gbigbe iranl\u1ecdw\u1ecd, ati aw\u1ecdn ibi aabo.<\/p>\n<h2><b>Iranl\u1ecdw\u1ecd IwUlO<\/b><\/h2>\n<p>Ti o ba nilo iranl\u1ecdw\u1ecd lati san owo-owo ohun elo r\u1eb9, aw\u1ecdn\u00a0<a href=\"https:\/\/search.211md.org\/search\/6308c2bd4994ec149dfa74324ebccfde\" target=\"_blank\" rel=\"noopener\">Queen Anne k\u00e1 County Department of Social Services<\/a>\u00a0le \u1e63e iranl\u1ecdw\u1ecd p\u1eb9lu aw\u1ecdn ifunni agbara ipinl\u1eb9 g\u1eb9g\u1eb9bi Eto Iranl\u1ecdw\u1ecd Lilo Agbara ti Maryland (MEAP) fun iye owo alapapo, Eto I\u1e63\u1eb9 I\u1e63\u1eb9 Gbogbo Electric (EUSP) fun aw\u1ecdn owo ina ati aw\u1ecdn ifunni miiran nipas\u1eb9 \u1eccfiisi ti Aw\u1ecdn Eto Agbara Ile (OHEP).<\/p>\n<p><a href=\"\/yo\/oro\/iranlowo-ohun-elo\/\" rel=\"noopener\">211 ni it\u1ecds\u1ecdna iranl\u1ecdw\u1ecd agbara<\/a>\u00a0p\u1eb9lu alaye alaye lori aw\u1ecdn it\u1ecdnis\u1ecdna owo oya ati bi o \u1e63e le f\u1ecdw\u1ecdsi f\u1ecd\u1ecdmu naa ni deede.<\/p>\n<p>O tun le kan si <a href=\"https:\/\/www.delmarva.com\/MyAccount\/CustomerSupport\/Pages\/MD\/BillPaymentAssistance.aspx\" target=\"_blank\" rel=\"noopener\">Delmarva Agbara<\/a> tabi <a href=\"https:\/\/www.choptankelectric.coop\/energy-assistance\" target=\"_blank\" rel=\"noopener\">Choptank Electric<\/a> lati \u1e63eto eto isanwo.<\/p>\n<h2>Aw\u1ecdn ounj\u1eb9 ounj\u1eb9<\/h2>\n<p>\u1e62aaju ki o to \u1e63ab\u1eb9wo si ibi ipam\u1ecd ounj\u1eb9 kan, \u1e63ay\u1eb9wo aw\u1ecdn ibeere yiyan ati j\u1eb9risi aw\u1ecdn akoko bi w\u1ecdn \u1e63e le yipada.<\/p>\n<p>Fun di\u1eb9 ninu aw\u1ecdn panti ounj\u1eb9, o le nilo ipinnu lati pade ati\/tabi ID f\u1ecdto to wulo<\/p>\n\t\t<h3>Haven Ministries, Inc.<\/h3>206 Del Rhodes Avenue<br \/>\nQueenstown, D\u00f3k\u00edt\u00e0 21658<br \/>\n(l\u1eb9hin Royal Farms)<br \/>\nfoonu: (410) 827-7194\n<p>Gb\u1ecdd\u1ecd j\u1eb9 olugbe QAC kan p\u1eb9lu ID ID F\u1ecdto Aw\u1ecdn olugbe wa kaabo l\u1eb9\u1eb9kan ni o\u1e63u kan.<\/p>\n<p>&nbsp;<\/p>\n<strong>Ounj\u1eb9 Yara ipal\u1eb9m\u1ecd ounj\u1eb9 | M, W, Th, F lati 8:30 owur\u1ecd - 4:30 ir\u1ecdl\u1eb9<br \/>\nT lati 7 owur\u1ecd si 7 ir\u1ecdl\u1eb9\u00a0<\/strong>\n\t<iframe src=\"https:\/\/www.google.com\/maps\/embed\/v1\/place?q=Haven+Ministries%0A206+Del+Rhodes+Avenue%0AQueenstown%2C+MD+21658&#038;key=AIzaSyD09zQ9PNDNNy9TadMuzRV_UsPUoWKntt8\" aria-hidden=\"true\" title=\"Haven minisita\"><\/iframe>\n\t\t<h3>Haven Ministries, Inc. Mobile Food ikoledanu<\/h3>407 Dudley igun Road<br \/>\nSudlersville, D\u00f3k\u00edt\u00e0 21668<br \/>\n410-827-7194\n<p>&nbsp;<\/p>\n<p>Aw\u1ecdn olugbe QAC ti ariwa p\u1eb9lu aw\u1ecdn aini ounj\u1eb9 pajawiri, ipinnu lati pade, ati ID f\u1ecdto<\/p>\n<p>&nbsp;<\/p>\n<p><b>Mobile Food ikoledanu | Nipa pade on Tuesday 12 pm - 7 pm ati\u00a0<\/b><strong>Friday 9 emi - 7 pm<\/strong><\/p>\n\t<iframe src=\"https:\/\/www.google.com\/maps\/embed\/v1\/place?q=407+Dudley+Corner+Road%0ASudersville%2C+MD+21668&#038;key=AIzaSyD09zQ9PNDNNy9TadMuzRV_UsPUoWKntt8\" aria-hidden=\"true\" title=\"Haven Ministries Food ikoledanu\"><\/iframe>\n\t\t<h3>Centerville United Methodist Church<\/h3>608 Church Hill Road<br \/>\nCentreville, D\u00f3k\u00edt\u00e0 21617<br \/>\n410-758-0868\n<p>&nbsp;<\/p>\n<p><strong>Ounj\u1eb9 Yara ipal\u1eb9m\u1ecd ounj\u1eb9 | 1st ati 3rd Wednesday ti gbogbo os\u00f9 lati 10 owur\u1ecd - 12 pm<\/strong><\/p>\n\t<iframe src=\"https:\/\/www.google.com\/maps\/embed\/v1\/place?q=Centreville+United+Methodist+Church+%0A608+Church+Hill+Road%0ACentreville%2C+MD+21617&#038;key=AIzaSyD09zQ9PNDNNy9TadMuzRV_UsPUoWKntt8\" aria-hidden=\"true\" title=\"Centerville United Methodist Church \"><\/iframe>\n\t\t<h3>St. Christopher k\u00e1 Catholic \u00ccj\u1ecd<\/h3>1861 Harbor wak\u1ecd<br \/>\nChester, D\u00f3k\u00edt\u00e0 21619<br \/>\n410-643-6220\n<p>Ile ounj\u1eb9 ti wa ni pipade ti aw\u1ecdn ile-iwe ba wa ni pipade fun oju ojo.<\/p>\n<strong><br \/>\nOunj\u1eb9 Yara ipal\u1eb9m\u1ecd ounj\u1eb9 | MWF 9:30 owur\u1ecd si 12 ir\u1ecdl\u1eb9<\/strong>\n\t<iframe src=\"https:\/\/www.google.com\/maps\/embed\/v1\/place?q=St.+Christopher%27s+Catholic+Church%0A1861+Harbor+Drive%0AChester%2C+MD+21619&#038;key=AIzaSyD09zQ9PNDNNy9TadMuzRV_UsPUoWKntt8\" aria-hidden=\"true\" title=\"St. Christopher k\u00e1 Catholic \u00ccj\u1ecd\"><\/iframe>\n\t\t<h3>Bethel AME Ijo<\/h3>102 Washington Street<br \/>\nCentreville, D\u00f3k\u00edt\u00e0 21617<br \/>\n410-758-3748\n<p>&nbsp;<\/p>\n<p><strong>Ounj\u1eb9 Yara ipal\u1eb9m\u1ecd ounj\u1eb9 | Pe fun alaye<\/strong><\/p>\n\t<iframe src=\"https:\/\/www.google.com\/maps\/embed\/v1\/place?q=Bethel+AME+Church+%0A102+Washington+Street%0ACentreville%2C+MD+21617&#038;key=AIzaSyD09zQ9PNDNNy9TadMuzRV_UsPUoWKntt8\" aria-hidden=\"true\" title=\"Bethel AME Ijo\"><\/iframe>\n\t\t<h3>Grasonville Community ile-i\u1e63\u1eb9<\/h3>5601 Main Street<br \/>\nGrasonville, D\u00f3k\u00edt\u00e0 21638<br \/>\n410-827-9215\n<p>&nbsp;<\/p>\n<p><strong>Ounj\u1eb9 Yara ipal\u1eb9m\u1ecd ounj\u1eb9 | Tuesday 11:30 emi - 4 pm ati Friday 10 emi - 4 pm<\/strong><\/p>\n\t<iframe src=\"https:\/\/www.google.com\/maps\/embed\/v1\/place?q=Grasonville+Community+Center%0A5601+Main+Street%0AGrasonville%2C+MD+21638&#038;key=AIzaSyD09zQ9PNDNNy9TadMuzRV_UsPUoWKntt8\" aria-hidden=\"true\" title=\"Grasonville Community ile-i\u1e63\u1eb9\"><\/iframe>\n\t\t<h3>Grasonville Keje Day Adventist Church<\/h3>208 Medical Center wak\u1ecd<br \/>\nGrasonville, D\u00f3k\u00edt\u00e0 21638<br \/>\n410-827-8461\n<p>&nbsp;<\/p>\n<p>Gb\u1ecdd\u1ecd j\u1eb9 olugbe QAC kan p\u1eb9lu ID f\u1ecdto kan<\/p>\n<p>&nbsp;<\/p>\n<p><strong>Ounj\u1eb9 Yara ipal\u1eb9m\u1ecd ounj\u1eb9 | Gbogbo Monday 10 am - 1 pm\u00a0<\/strong><\/p>\n\t<iframe src=\"https:\/\/www.google.com\/maps\/embed\/v1\/place?q=Grasonville+Seventh+Day+Adventist+Church+%0A208+Medical+Center+Drive%0AGrasonville%2C+MD+21638&#038;key=AIzaSyD09zQ9PNDNNy9TadMuzRV_UsPUoWKntt8\" aria-hidden=\"true\" title=\"Grasonville Keje Day Adventist Church \"><\/iframe>\n\t\t<h3>Sudlersville UM Ijo<\/h3>103 North Church Street<br \/>\nSudlersville, D\u00f3k\u00edt\u00e0 21668<br \/>\n410-438-3816<br \/>\n<a href=\"http:\/\/www.sudlersvilleumc.org\/sudlersville-charge-food-pantry.html\" target=\"_blank\" rel=\"noopener\">K\u1ecd \u1eb9k\u1ecd nipa ile ounj\u1eb9<\/a>.\n<p>Gb\u1ecdd\u1ecd j\u1eb9 Olugbe QAC. Aw\u1ecdn ibeere wiw\u1ecdle.<\/p>\n<strong><br \/>\nOunj\u1eb9 Yara ipal\u1eb9m\u1ecd ounj\u1eb9 | Pe fun \u1eccj\u1ecd<\/strong>\n\t<iframe src=\"https:\/\/www.google.com\/maps\/embed\/v1\/place?q=Sudlersville+UM+Church%0A103+North+Church+Street%0ASudlersville%2C+MD+21668&#038;key=AIzaSyD09zQ9PNDNNy9TadMuzRV_UsPUoWKntt8\" aria-hidden=\"true\" title=\"Sudlersville UM Ijo Ounj\u1eb9 Yara ipal\u1eb9m\u1ecd ounj\u1eb9\"><\/iframe>\n\t\t<h3>Iya Wa ti Ibanuj\u1eb9 Ifiji\u1e63\u1eb9 I\u1e63\u1eb9-oji\u1e63\u1eb9<\/h3>301 Homewood Avenue<br \/>\nCentreville, D\u00f3k\u00edt\u00e0 21617<br \/>\n410-758-6833<br \/>\n<a href=\"https:\/\/sorrowsparish.org\/outreach\" target=\"_blank\" rel=\"noopener\">K\u1ecd \u1eb9k\u1ecd di\u1eb9 sii nipa ile ounj\u1eb9<\/a>.\n<p>Ipinnu ti a beere.<\/p>\n<p>&nbsp;<\/p>\n<p><strong>Ounj\u1eb9 Yara ipal\u1eb9m\u1ecd ounj\u1eb9 | \u1eccj\u1ecdb\u1ecd keji ati k\u1eb9rin ti o\u1e63u k\u1ecd\u1ecdkan laarin 4 pm - 6 ir\u1ecdl\u1eb9 nigbati o wa ati p\u1eb9lu ipinnu lati pade.<\/strong><\/p>\n\t<iframe src=\"https:\/\/www.google.com\/maps\/embed\/v1\/place?q=Our+Mother+of+Sorrows+Outreach+Ministry%0A301+Homewood+Avenue%0ACentreville%2C+MD+21617&#038;key=AIzaSyD09zQ9PNDNNy9TadMuzRV_UsPUoWKntt8\" aria-hidden=\"true\" title=\"Iya Wa ti Ibanuj\u1eb9 Ifiji\u1e63\u1eb9 I\u1e63\u1eb9-oji\u1e63\u1eb9\"><\/iframe>\n\t<p>Ti o ba n gbe ni agbegbe miiran ni Ila-oorun Shore, o le wa aw\u1ecdn pantries miiran nipas\u1eb9 <a href=\"https:\/\/211md.org\/yo\/oro-nipa-county\/\">yiyan aw\u1ecdn county.<\/a><\/p>\n<p>K\u1ecd \u1eb9k\u1ecd nipa aw\u1ecdn orisun ounj\u1eb9 miiran bii <a href=\"https:\/\/211md.org\/yo\/oro\/ounje\/\">Aw\u1ecdn anfani SNAP ati bii o \u1e63e le fipam\u1ecd sori ounj\u1eb9<\/a>.<\/p>\n\t\t\t\t<img decoding=\"async\" src=\"http:\/\/211md.org\/wp-content\/uploads\/2024\/01\/Whats-the-211-hon.jpg\" alt=\"Kini olurannileti if\u1ecdr\u1ecdran\u1e63\u1eb9 Hon 211\" itemprop=\"image\" title=\"Kini 211 hon\" onerror=\"this.style.display='none'\" loading=\"lazy\" \/>\n\t<h2>Queen Anne k\u00e1 County oro<\/h2>\n<p>K\u1ecd \u1eb9k\u1ecd nipa <a href=\"https:\/\/211md.org\/yo\/kini-211\/\">Kini 211, Hon?<\/a> \u2013 akitiyan grassroot lati mu imo sii bi 211 \u1e63e le \u1e63e iranl\u1ecdw\u1ecd fun aw\u1ecdn olugbe Queen Anne&#039;s County lati wa ilera agbegbe ati aw\u1ecdn orisun i\u1e63\u1eb9 eniyan. 211 wa 24\/7\/365.<\/p>\n<p>O tun le gba aw\u1ecdn imudojuiw\u1ecdn if\u1ecdr\u1ecdran\u1e63\u1eb9 p\u1eb9lu aw\u1ecdn orisun ilera Mid Shore. W\u1ecdl\u00e9 soke nipa fifiran\u1e63\u1eb9 si Midshore si 898-211.<\/p>\n\t\t<h3>\t\n\tGba Aw\u1ecdn Itaniji \u1eccr\u1ecd Midshore<\/h3><p>Gba aw\u1ecdn imudojuiw\u1ecdn if\u1ecdr\u1ecdran\u1e63\u1eb9 p\u1eb9lu aw\u1ecdn orisun agbegbe. W\u1ecdl\u00e9 soke nipa fifiran\u1e63\u1eb9 si Midshore si 898-211.<\/p>\n\t\t<h4><a href=\"\/yo\/oro\/ailera-ti-ogbo\/?utm_source=Home&#038;utm_medium=Referral&#038;utm_campaign=211Resources&#038;utm_content=Aging\" target=\"_self\">Ti ogbo &amp; Alaabo<\/a><\/h4>\n\t\t\t\t<a href=\"\/yo\/oro\/ailera-ti-ogbo\/?utm_source=Home&#038;utm_medium=Referral&#038;utm_campaign=211Resources&#038;utm_content=Aging\"  target=\"_self\" itemprop=\"url\">\n\t\t\t\t<img decoding=\"async\" src=\"https:\/\/211md.org\/wp-content\/uploads\/bb-plugin\/cache\/2025_MdInfoNet_Icon-Sets_Aging-disability-square-c466727102cae71e5f27b8539bb51945-.png\" alt=\"\" itemprop=\"image\" onerror=\"this.style.display='none'\" loading=\"lazy\" \/>\n\t\t\t\t<\/a>\n\t\t<h4><a href=\"\/yo\/oro\/omo-idile\/?utm_source=Home&#038;utm_medium=Referral&#038;utm_campaign=211Resources&#038;utm_content=Children\" target=\"_self\">Aw\u1ecdn \u1ecdm\u1ecdde &amp; Aw\u1ecdn idile<\/a><\/h4>\n\t\t\t\t<a href=\"\/yo\/oro\/omo-idile\/?utm_source=Home&#038;utm_medium=Referral&#038;utm_campaign=211Resources&#038;utm_content=Children\"  target=\"_self\" itemprop=\"url\">\n\t\t\t\t<img decoding=\"async\" src=\"https:\/\/211md.org\/wp-content\/uploads\/bb-plugin\/cache\/2025_211_Icon-Sets_Child-care-square-f3b0d4edab3dcc467fadb5f55f4064c6-.png\" alt=\"2025_211_Icon Sets_Child itoju\" itemprop=\"image\" height=\"417\" width=\"417\" title=\"2025_211_Icon Sets_Child itoju\" onerror=\"this.style.display='none'\" loading=\"lazy\" \/>\n\t\t\t\t<\/a>\n\t\t<h4><a href=\"\/yo\/oro\/abele-ebi-iwa-ipa\/?utm_source=Home&#038;utm_medium=Referral&#038;utm_campaign=211Resources&#038;utm_content=Domestic\" target=\"_self\">Iwa-ipa Abele<\/a><\/h4>\n\t\t\t\t<a href=\"\/yo\/oro\/abele-ebi-iwa-ipa\/?utm_source=Home&#038;utm_medium=Referral&#038;utm_campaign=211Resources&#038;utm_content=Domestic\"  target=\"_self\" itemprop=\"url\">\n\t\t\t\t<img decoding=\"async\" src=\"https:\/\/211md.org\/wp-content\/uploads\/bb-plugin\/cache\/2025_211_Icon-Sets_Domestic-Violence-square-7b597694a6f05fe90cdc376aa573bc63-.png\" alt=\"Aami iwa-ipa ab\u1eb9le\" itemprop=\"image\" height=\"417\" width=\"417\" title=\"2025_211_Icon \u1e62eto_Iwa-ipa Abele\" onerror=\"this.style.display='none'\" loading=\"lazy\" \/>\n\t\t\t\t<\/a>\n\t\t<h4><a href=\"\/yo\/oro\/wiwa-oojo\/?utm_source=Home&#038;utm_medium=Referral&#038;utm_campaign=211Resources&#038;utm_content=Employment\" target=\"_self\">Igbanisise<\/a><\/h4>\n\t\t\t\t<a href=\"\/yo\/oro\/wiwa-oojo\/?utm_source=Home&#038;utm_medium=Referral&#038;utm_campaign=211Resources&#038;utm_content=Employment\"  target=\"_self\" itemprop=\"url\">\n\t\t\t\t<img decoding=\"async\" src=\"https:\/\/211md.org\/wp-content\/uploads\/bb-plugin\/cache\/2025_MdInfoNet_Icon-Sets_Employment-square-44707bd410e4df10a470bf130ebcea86-.png\" alt=\"\" itemprop=\"image\" onerror=\"this.style.display='none'\" loading=\"lazy\" \/>\n\t\t\t\t<\/a>\n\t\t<h4><a href=\"\/yo\/oro\/itoju-ilera\/?utm_source=Home&#038;utm_medium=Referral&#038;utm_campaign=211Resources&#038;utm_content=Health%20Care\" target=\"_self\">It\u1ecdju Ilera<\/a><\/h4>\n\t\t\t\t<a href=\"\/yo\/oro\/itoju-ilera\/?utm_source=Home&#038;utm_medium=Referral&#038;utm_campaign=211Resources&#038;utm_content=Health%20Care\"  target=\"_self\" itemprop=\"url\">\n\t\t\t\t<img decoding=\"async\" src=\"https:\/\/211md.org\/wp-content\/uploads\/bb-plugin\/cache\/2025_MdInfoNet_Icon-Sets_Health-Care-square-dee98a0060cbe0e7f27eda253fc12679-.png\" alt=\"\" itemprop=\"image\" onerror=\"this.style.display='none'\" loading=\"lazy\" \/>\n\t\t\t\t<\/a>\n\t\t<h4><a href=\"\/yo\/oro\/omo-idile\/itoju-ibatan\/?utm_source=Home&#038;utm_medium=Referral&#038;utm_campaign=211Resources&#038;utm_content=Kinship\" target=\"_self\">\u00ccb\u00e1tan<\/a><\/h4>\n\t\t\t\t<a href=\"\/yo\/oro\/omo-idile\/itoju-ibatan\/?utm_source=Home&#038;utm_medium=Referral&#038;utm_campaign=211Resources&#038;utm_content=Kinship\"  target=\"_self\" itemprop=\"url\">\n\t\t\t\t<img decoding=\"async\" src=\"https:\/\/211md.org\/wp-content\/uploads\/bb-plugin\/cache\/2025_211_Icon-Sets_Kinship-square-45bdf872866f5735f842c32071109267-.png\" alt=\"Aami ibatan\" itemprop=\"image\" height=\"417\" width=\"417\" title=\"2025_211_Icon Sets_Kinship\" onerror=\"this.style.display='none'\" loading=\"lazy\" \/>\n\t\t\t\t<\/a>\n\t\t<h4><a href=\"\/yo\/oro\/ofin-awon-i%e1%b9%a3e\/?utm_source=Home&#038;utm_medium=Referral&#038;utm_campaign=211Resources&#038;utm_content=Legal\" target=\"_self\">Aw\u1ecdn i\u1e63\u1eb9 ofin<\/a><\/h4>\n\t\t\t\t<a href=\"\/yo\/oro\/ofin-awon-i%e1%b9%a3e\/?utm_source=Home&#038;utm_medium=Referral&#038;utm_campaign=211Resources&#038;utm_content=Legal\"  target=\"_self\" itemprop=\"url\">\n\t\t\t\t<img decoding=\"async\" src=\"https:\/\/211md.org\/wp-content\/uploads\/bb-plugin\/cache\/2025_MdInfoNet_Icon-Sets_Legal-square-18fdf438feb8435588174d9046463257-.png\" alt=\"\" itemprop=\"image\" onerror=\"this.style.display='none'\" loading=\"lazy\" \/>\n\t\t\t\t<\/a>\n\t\t<h4><a href=\"\/yo\/oro\/opolo-ilera\/?utm_source=Home&#038;utm_medium=Referral&#038;utm_campaign=211Resources&#038;utm_content=Mental\" target=\"_self\">Opolo Health<\/a><\/h4>\n\t\t\t\t<a href=\"\/yo\/oro\/opolo-ilera\/?utm_source=Home&#038;utm_medium=Referral&#038;utm_campaign=211Resources&#038;utm_content=Mental\"  target=\"_self\" itemprop=\"url\">\n\t\t\t\t<img decoding=\"async\" src=\"https:\/\/211md.org\/wp-content\/uploads\/bb-plugin\/cache\/2025_MdInfoNet_Icon-Sets_Mental-Health-square-c59b38c4a993a947d4c9280fbe2d2fee-.png\" alt=\"\" itemprop=\"image\" onerror=\"this.style.display='none'\" loading=\"lazy\" \/>\n\t\t\t\t<\/a>\n\t\t<h4><a href=\"\/yo\/oro\/ogbon-inu\/?utm_source=Home&#038;utm_medium=Referral&#038;utm_campaign=211Resources&#038;utm_content=Reentry\" target=\"_self\">Atunw\u1ecdle<\/a><\/h4>\n\t\t\t\t<a href=\"\/yo\/oro\/ogbon-inu\/?utm_source=Home&#038;utm_medium=Referral&#038;utm_campaign=211Resources&#038;utm_content=Reentry\"  target=\"_self\" itemprop=\"url\">\n\t\t\t\t<img decoding=\"async\" src=\"https:\/\/211md.org\/wp-content\/uploads\/bb-plugin\/cache\/2025_211_Icon-Sets_Reentry-square-8676fea38abd920a832f45642fe31cca-.png\" alt=\"Aami iw\u1ecdle\" itemprop=\"image\" height=\"417\" width=\"417\" title=\"2025_211_Icon Sets_Reentry\" onerror=\"this.style.display='none'\" loading=\"lazy\" \/>\n\t\t\t\t<\/a>\n\t\t<h4><a href=\"\/yo\/oro\/lilo-nkan-elo\/?utm_source=Home&#038;utm_medium=Referral&#038;utm_campaign=211Resources&#038;utm_content=Substance\" target=\"_self\">Ohun elo Lilo<\/a><\/h4>\n\t\t\t\t<a href=\"\/yo\/oro\/lilo-nkan-elo\/?utm_source=Home&#038;utm_medium=Referral&#038;utm_campaign=211Resources&#038;utm_content=Substance\"  target=\"_self\" itemprop=\"url\">\n\t\t\t\t<img decoding=\"async\" src=\"https:\/\/211md.org\/wp-content\/uploads\/bb-plugin\/cache\/2025_MdInfoNet_Icon-Sets_Substance-Abuse-square-9022fec9d18a64118ad685c101885b55-.png\" alt=\"\" itemprop=\"image\" onerror=\"this.style.display='none'\" loading=\"lazy\" \/>\n\t\t\t\t<\/a>\n\t\t<h4><a href=\"\/yo\/oro\/ogbo\/?utm_source=Home&#038;utm_medium=Referral&#038;utm_campaign=211Resources&#038;utm_content=Veterans\" target=\"_self\">Ogbo<\/a><\/h4>\n\t\t\t\t<a href=\"\/yo\/oro\/ogbo\/?utm_source=Home&#038;utm_medium=Referral&#038;utm_campaign=211Resources&#038;utm_content=Veterans\"  target=\"_self\" itemprop=\"url\">\n\t\t\t\t<img decoding=\"async\" src=\"https:\/\/211md.org\/wp-content\/uploads\/bb-plugin\/cache\/2025_MdInfoNet_Icon-Sets_Rating-square-6e60d00cce4faa8e0a6d4ad7366aa733-.png\" alt=\"\" itemprop=\"image\" onerror=\"this.style.display='none'\" loading=\"lazy\" \/>\n\t\t\t\t<\/a>","protected":false},"excerpt":{"rendered":"<p>Wa Aw\u1ecdn orisun Nitosi Mi Wa Bayi \u1e62afikun ile-i\u1e63\u1eb9 tabi agbari r\u1eb9 si ibi ipam\u1ecd data orisun wa. \u1e62e o nilo ounj\u1eb9 tabi atil\u1eb9yin owo pajawiri fun ile tabi aw\u1ecdn owo iwUlO? 211 le \u1e63e iranl\u1ecdw\u1ecd p\u1eb9lu aw\u1ecdn aini w\u1ecdnyi ati aw\u1ecdn miiran. Wa lori aw\u1ecdn orisun 7,000 jakejado Maryland, tabi t\u1eb9 211 lati s\u1ecdr\u1ecd p\u1eb9lu Alaye 211 kan ati Aw\u1ecdn alam\u1ecdja Ifiran\u1e63\u1eb9 lati wa\u2026<\/p>","protected":false},"author":8,"featured_media":0,"parent":750,"menu_order":0,"comment_status":"closed","ping_status":"closed","template":"","meta":{"footnotes":""},"class_list":["post-1690","page","type-page","status-publish","hentry"],"_links":{"self":[{"href":"https:\/\/211md.org\/yo\/wp-json\/wp\/v2\/pages\/1690","targetHints":{"allow":["GET"]}}],"collection":[{"href":"https:\/\/211md.org\/yo\/wp-json\/wp\/v2\/pages"}],"about":[{"href":"https:\/\/211md.org\/yo\/wp-json\/wp\/v2\/types\/page"}],"author":[{"embeddable":true,"href":"https:\/\/211md.org\/yo\/wp-json\/wp\/v2\/users\/8"}],"replies":[{"embeddable":true,"href":"https:\/\/211md.org\/yo\/wp-json\/wp\/v2\/comments?post=1690"}],"version-history":[{"count":3,"href":"https:\/\/211md.org\/yo\/wp-json\/wp\/v2\/pages\/1690\/revisions"}],"predecessor-version":[{"id":34088,"href":"https:\/\/211md.org\/yo\/wp-json\/wp\/v2\/pages\/1690\/revisions\/34088"}],"up":[{"embeddable":true,"href":"https:\/\/211md.org\/yo\/wp-json\/wp\/v2\/pages\/750"}],"wp:attachment":[{"href":"https:\/\/211md.org\/yo\/wp-json\/wp\/v2\/media?parent=1690"}],"curies":[{"name":"wp","href":"https:\/\/api.w.org\/{rel}","templated":true}]}}