{"id":1693,"date":"2021-05-12T00:24:06","date_gmt":"2021-05-12T00:24:06","guid":{"rendered":"https:\/\/211md.org\/?page_id=1693"},"modified":"2025-10-29T07:00:11","modified_gmt":"2025-10-29T11:00:11","slug":"charles-county","status":"publish","type":"page","link":"https:\/\/211md.org\/yo\/resources-by-county\/charles-county\/","title":{"rendered":"Charles County"},"content":{"rendered":"<h2><a href=\"https:\/\/search.211md.org\/\" target=\"_blank\"  rel=\"noopener\">Wa Oro Nitosi Mi<\/a><\/h2>\n\t\t\t<a href=\"https:\/\/search.211md.org\/\" target=\"_blank\" rel=\"noopener\">\n\t\t\t\t\t\t\tWa Bayi\n\t\t\t<\/a>\n\t<p><strong><a href=\"\/yo\/da-wa-database\/\">\u1e62afikun ile-i\u1e63\u1eb9 tabi ajo r\u1eb9 si ibi ipam\u1ecd data orisun wa.<\/a><\/strong><\/p>\n<p>211 ni \u1eb9hin Charles County, fun aw\u1ecdn agbegbe bii Waldorf, Saint Charles, Bennsville, Accokeek, Hughesville, Ori India, Potomac Heights, Pisgah, Holly Haven ati aw\u1ecdn ilu to wa nitosi.<\/p>\n\t\t<h2>\t\n\tT\u1eb9 211<\/h2><p>Sop\u1ecd si aw\u1ecdn orisun agbegbe ati atil\u1eb9yin 24\/7\/365.<\/p>\n\t<h2>Wa ounje ni Charles County<\/h2>\n<p>Asop\u1ecd Ounj\u1eb9 ti Charles County j\u1eb9 akoj\u1ecdp\u1ecd aw\u1ecdn aj\u1ecd agbegbe ti o pinnu lati j\u1eb9 ki o r\u1ecdrun lati wa aw\u1ecdn ile ounj\u1eb9 ounj\u1eb9 ni agbegbe naa. Igbiyanju iraye ounj\u1eb9 \u1ecdkan-iduro kan j\u1eb9 ki o r\u1ecdrun lati wa aw\u1ecdn i\u1e63\u1eb9l\u1eb9 pinpin wiwak\u1ecd ati aw\u1ecdn ipo ibi-itaja ni Charles County.<\/p>\n<p>O le wo atok\u1ecd ti aw\u1ecdn ile itaja 40 ni aw\u1ecdn ilu jakejado Charles County, bii Waldorf, Nanjemoy, La Plata, White Plains, Hughesville, Port Tobacco, Bryans Road, Ori India ati Pomfret. Yan \u1ecdna ti o dara jul\u1ecd lati wa ounj\u1eb9 nitosi r\u1eb9:<\/p>\n<ul>\n<li><a href=\"https:\/\/charlescountyfoodconnection.org\/about\/\" target=\"_blank\" rel=\"noopener\">Wa aw\u1ecdn panti ounj\u1eb9 nipas\u1eb9 ZIP r\u1eb9<\/a> koodu.<\/li>\n<li>Wo aw\u1ecdn <a href=\"https:\/\/charlescountyfoodconnection.org\/events\/\" target=\"_blank\" rel=\"noopener\">kal\u1eb9nda ti \u00ec\u1e63e ounje i\u1e63\u1eb9l\u1eb9.<\/a><\/li>\n<li>T\u1eb9 211<\/li>\n<li>\u1e62e igbasil\u1eb9 atok\u1ecd ti aw\u1ecdn pantries ti o ju 40 l\u1ecd.<\/li>\n<\/ul>\n\t\t<h3><a href=\"http:\/\/211md.org\/wp-content\/uploads\/2023\/12\/Charles_County_Food_Connection_Pantry_list_-_English.pdf\" target=\"_blank\" rel=\"noopener\">Atok\u1ecd Isop\u1ecdm\u1ecd Ounj\u1eb9 ti Charles County (G\u1eb9\u1eb9si)<\/a><\/h3>\n\t\t\t\t<a href=\"http:\/\/211md.org\/wp-content\/uploads\/2023\/12\/Charles_County_Food_Connection_Pantry_list_-_English.pdf\" target=\"_blank\" rel=\"noopener\" itemprop=\"url\">\n\t\t\t\t<img decoding=\"async\" src=\"http:\/\/211md.org\/wp-content\/uploads\/2023\/12\/Charles_County_Food_Connection_Pantry_list_-_English.jpg\" alt=\"Charles_County_Food_Connection_Pantry_list__G\u1eb9\u1eb9si\" itemprop=\"image\" title=\"Charles_County_Food_Connection_Pantry_list__G\u1eb9\u1eb9si\" onerror=\"this.style.display='none'\" loading=\"lazy\" \/>\n\t\t\t\t<\/a>\n\t\t\t<a href=\"http:\/\/211md.org\/wp-content\/uploads\/2023\/12\/Charles_County_Food_Connection_Pantry_list_-_English.pdf\" target=\"_blank\" rel=\"noopener\">\n\t\t\t\t\t\t\tGba lati ayelujara\n\t\t\t\t\t<\/a>\n\t\t<h3><a href=\"http:\/\/211md.org\/wp-content\/uploads\/2023\/12\/Charles_County_Food_Connection_Pantry_list_-Spanish.pdf\" target=\"_blank\" rel=\"noopener\">Atok\u1ecd Isop\u1ecdm\u1ecd Ounj\u1eb9 ti Charles County (Spanish)<\/a><\/h3>\n\t\t\t\t<a href=\"http:\/\/211md.org\/wp-content\/uploads\/2023\/12\/Charles_County_Food_Connection_Pantry_list_-Spanish.pdf\" target=\"_blank\" rel=\"noopener\" itemprop=\"url\">\n\t\t\t\t<img decoding=\"async\" src=\"http:\/\/211md.org\/wp-content\/uploads\/2023\/12\/Charles_County_Food_Connection_Pantry_list_-Spanish.jpg\" alt=\"Charles_County_Food_Connection_Pantry_list_-Spanish\" itemprop=\"image\" title=\"Charles_County_Food_Connection_Pantry_list_-Spanish\" onerror=\"this.style.display='none'\" loading=\"lazy\" \/>\n\t\t\t\t<\/a>\n\t\t\t<a href=\"http:\/\/211md.org\/wp-content\/uploads\/2023\/12\/Charles_County_Food_Connection_Pantry_list_-Spanish.pdf\" target=\"_blank\" rel=\"noopener\">\n\t\t\t\t\t\t\tGba lati ayelujara\n\t\t\t\t\t<\/a>\n\t<h3>Aw\u1ecdn ounj\u1eb9 Ooru: Ounj\u1eb9 \u1eccsan lori Wa<\/h3>\n<p>Ti o ba nilo iranl\u1ecdw\u1ecd p\u1eb9lu ounj\u1eb9 \u1ecdsan lakoko igba ooru, Aw\u1ecdn ile-iwe gbangba ti Charles County nfunni aw\u1ecdn ounj\u1eb9 gbigbona \u1ecdf\u1eb9 fun \u1ecdm\u1ecdde eyikeyi laarin aw\u1ecdn \u1ecdj\u1ecd-ori 2 ati 18. O ko ni lati j\u1eb9 olugbe agbegbe naa.<\/p>\n<p>Eto \u1eccsan lori Wa wa lakoko ooru, ati pe ounj\u1eb9 naa gb\u1ecdd\u1ecd j\u1eb9 lori aaye. <a href=\"https:\/\/www.ccboe.com\/\" target=\"_blank\" rel=\"noopener\">\u1e62ay\u1eb9wo p\u1eb9lu agbegbe ile-iwe<\/a> fun aw\u1ecdn \u1ecdj\u1ecd ati aw\u1ecdn ipo.<\/p>\n<h2>Iranl\u1ecdw\u1ecd p\u1eb9lu Aw\u1ecdn eto Iranl\u1ecdw\u1ecd ti Ij\u1ecdba (DSS)<\/h2>\n<p>\u1eb8ka Aw\u1ecdn I\u1e63\u1eb9 Awuj\u1ecd ti Charles County le \u1e63e iranl\u1ecdw\u1ecd lati sop\u1ecd si aw\u1ecdn eto ij\u1ecdba ti o le \u1e63e iranl\u1ecdw\u1ecd fun \u1eb9bi r\u1eb9 ati paapaa si aw\u1ecdn eto am\u1ecdja p\u1eb9lu:<\/p>\n<ul>\n<li><a href=\"https:\/\/211md.org\/yo\/oro\/ounje\/ounje-awon-onte\/\">SNAP<\/a> (aw\u1ecdn onj\u1eb9 onj\u1eb9)<\/li>\n<li>TCA (Iranl\u1ecdw\u1ecd Owo Igba di\u1eb9 ati TANF (Iranl\u1ecdw\u1ecd Igba di\u1eb9 si Aw\u1ecdn idile Aini)<\/li>\n<li>Iranl\u1ecdw\u1ecd Owo Pajawiri (EAFC)<\/li>\n<li>Olut\u1ecdju obi<\/li>\n<li>B\u00e0b\u00e1<\/li>\n<li>I\u1e63oogun<\/li>\n<li>Aw\u1ecdn i\u1e63\u1eb9 Idaabobo \u1ecdm\u1ecdde<\/li>\n<\/ul>\n<p>Ti o ba ni ibeere nipa atil\u1eb9yin \u1ecdm\u1ecd, aw\u1ecdn onj\u1eb9 ounj\u1eb9 tabi \u1ecdr\u1ecd \u1eb9ni k\u1ecd\u1ecdkan, pe ile-i\u1e63\u1eb9 ipe onibara ni 1-800-332-6347.<\/p>\n<p>\u1eb8ka Aw\u1ecdn I\u1e63\u1eb9 Awuj\u1ecd wa ni:<\/p>\n<p>200 Kent Avenue<\/p>\n<p>La Plata, Maryland, \u1ecddun 20646<\/p>\n<p>Monday - Friday, 8 emi - 4 pm<\/p>\n<p>N\u1ecdmba ak\u1ecdk\u1ecd: 301-392-6400<\/p>\n<p>Ile-i\u1e63\u1eb9 ipe fun Aw\u1ecdn \u1ecdran Olukuluku: 1-800-332-6347<\/p>\n<h2>Aw\u1ecdn baba atil\u1eb9yin<\/h2>\n<p>Eto Baba ti Charles County \u1e63e iranl\u1ecdw\u1ecd fun aw\u1ecdn \u1ecdkunrin ti o f\u1eb9 lati \u1e63e alabapin ninu igbesi aye \u1ecdm\u1ecd w\u1ecdn. O le y\u1ecd\u1ecdda lati kopa tabi t\u1ecdka nipas\u1eb9 alaba\u1e63i\u1e63\u1eb9p\u1ecd agbegbe kan, Aw\u1ecdn ile-\u1eb9j\u1ecd tabi ile-i\u1e63\u1eb9 atim\u1ecdle.<\/p>\n<p>Eto naa \u1e63e iranl\u1ecdw\u1ecd fun aw\u1ecdn baba lati bori aw\u1ecdn idena nipas\u1eb9 \u1eb9b\u1ecd eto \u1ecds\u1eb9 m\u1eb9fa:<\/p>\n<ul>\n<li>aye ogbon<\/li>\n<li>atil\u1eb9yin<\/li>\n<li>ik\u1eb9k\u1ecd i\u1e63\u1eb9<\/li>\n<li>alaye ati oro<\/li>\n<\/ul>\n<p>Aw\u1ecdn koko p\u1eb9lu:<\/p>\n<ul>\n<li>oye ipa ti baba<\/li>\n<li>wahala isakoso<\/li>\n<li>faramo bi a nikan baba<\/li>\n<li>\u1ecdm\u1ecd support<\/li>\n<li>di ara-to<\/li>\n<li>sese aye ogbon<\/li>\n<\/ul>\n<p>Eto ofe ni. <a href=\"https:\/\/charlescountydss.com\/fatherhood-and-motherhood\/\" target=\"_blank\" rel=\"noopener\">Sop\u1ecd m\u1ecd Eto Baba ti Charles County<\/a>.<\/p>\n\t\t\t\t<img decoding=\"async\" src=\"http:\/\/211md.org\/wp-content\/uploads\/2023\/12\/dad-at-park-with-son-flying-a-kite.jpg\" alt=\"baba ni o duro si ibikan p\u1eb9lu \u1ecdm\u1ecd f\u00f2 a kite\" itemprop=\"image\" title=\"baba ni o duro si ibikan p\u1eb9lu \u1ecdm\u1ecd f\u00f2 a kite\" onerror=\"this.style.display='none'\" loading=\"lazy\" \/>\n\t\t\t\t<img decoding=\"async\" src=\"http:\/\/211md.org\/wp-content\/uploads\/2023\/12\/mom-feeding-child.jpg\" alt=\"iya ono \u1ecdm\u1ecd\" itemprop=\"image\" title=\"iya ono \u1ecdm\u1ecd\" onerror=\"this.style.display='none'\" loading=\"lazy\" \/>\n\t<h2>Aw\u1ecdn Obirin, Aw\u1ecdn \u1ecdm\u1ecdde ati Aw\u1ecdn \u1ecdm\u1ecdde (WIC) ni Charles County<\/h2>\n<p>\u1eb8ka Ilera ni agbegbe Charles n pese eto \u1eb9k\u1ecd ounj\u1eb9, atil\u1eb9yin \u1ecdm\u1ecd-\u1ecdmu ati aw\u1ecdn ounj\u1eb9 afikun ti ilera nipas\u1eb9 WIC. Eto naa \u1e63e iranl\u1ecdw\u1ecd fun aw\u1ecdn obinrin, \u1ecdm\u1ecd ikoko ati aw\u1ecdn \u1ecdm\u1ecdde ni \u1ecdj\u1ecd iwaju ti ilera.<\/p>\n<p>Eto naa wa fun aw\u1ecdn iya ti o y\u1eb9 lati j\u1eb9, aw\u1ecdn iya ti ibim\u1ecd ati aw\u1ecdn \u1ecdm\u1ecdde. Eto naa wa fun:<\/p>\n<ul>\n<li>Aw\u1ecdn obinrin ti o loyun ati titi di \u1ecds\u1eb9 m\u1eb9fa l\u1eb9hin oyun<\/li>\n<li>Aw\u1ecdn obinrin l\u1eb9hin ibim\u1ecd titi di o\u1e63u m\u1eb9fa l\u1eb9hin ibim\u1ecd \u1ecdm\u1ecd kan.<\/li>\n<li>Aw\u1ecdn iya ti n fun \u1ecdm\u1ecd titi di \u1ecdj\u1ecd ibi ak\u1ecdk\u1ecd \u1ecdm\u1ecd.<\/li>\n<li>Aw\u1ecdn \u1ecdm\u1ecd-\u1ecdw\u1ecd titi di \u1ecdj\u1ecd-ibi ak\u1ecdk\u1ecd w\u1ecdn.<\/li>\n<li>Aw\u1ecdn \u1ecdm\u1ecdde titi di \u1ecddun 5.<\/li>\n<\/ul>\n<p>Aw\u1ecdn ilana afij\u1eb9\u1eb9ri miiran lo.<\/p>\n<p>Aw\u1ecdn \u1ecdfiisi wa jakejado Maryland, p\u1eb9lu Charles, Calvert, ati St. Mary&#039;s County ati ni Lexington Park, Aw\u1ecdn \u1ecdfiisi I\u1e63oogun Solomons ati Ile-i\u1e63\u1eb9 Agbegbe Nanjemoy. Wiwa le yat\u1ecd nipas\u1eb9 ipo.<\/p>\n<p><a href=\"https:\/\/www.charlescountyhealth.org\/woman-infants-children-wic\/\" target=\"_blank\" rel=\"noopener\">Wa boya o yege<\/a> ki o si k\u1ecd \u1eb9k\u1ecd nigba ti o le duro nipas\u1eb9 ipo ti o wa nitosi.<\/p>\n<h3>\u1eb8ka Ilera ti Charles County<\/h3>\n<p>\u1eb8ka Ilera tun pese \u1ecdp\u1ecdl\u1ecdp\u1ecd aw\u1ecdn i\u1e63\u1eb9 miiran, p\u1eb9lu aw\u1ecdn eto si:<\/p>\n<ul>\n<li>mu ilera r\u1eb9 dara\n<ul>\n<li>Aw\u1ecdn ap\u1eb9\u1eb9r\u1eb9:\n<ul>\n<li>padanu \u00e0d\u00e1n\u00f9<\/li>\n<li>\u1e63akoso aw\u1ecdn arun onibaje<\/li>\n<li>idena \u00e0t\u1ecdgb\u1eb9 ati siwaju sii<\/li>\n<\/ul>\n<\/li>\n<\/ul>\n<\/li>\n<li>Idena HIV ati idanwo<\/li>\n<li>eh\u00edn iwosan<\/li>\n<li>aw\u1ecdn ajesara<\/li>\n<li>aw\u1ecdn ay\u1eb9wo ak\u00e0n<\/li>\n<li>atil\u1eb9yin ilera ihuwasi (ilera opolo ati lilo nkan na)<\/li>\n<li>ailera aw\u1ecdn i\u1e63\u1eb9<\/li>\n<\/ul>\n<p>Aw\u1ecdn eto miiran tun wa ti o le \u1e63e iranl\u1ecdw\u1ecd fun \u1ecd ati \u1eb9bi r\u1eb9 p\u1eb9lu ilera r\u1eb9.<\/p>\n<p><a href=\"https:\/\/www.charlescountyhealth.org\/\" target=\"_blank\" rel=\"noopener\">K\u1ecd \u1eb9k\u1ecd di\u1eb9 si<\/a> nipa aw\u1ecdn eto funni nipas\u1eb9 aw\u1ecdn Charles County Health Department ati <a href=\"https:\/\/211md.org\/yo\/oro\/itoju-ilera\/ilera-moto\/\">aw\u1ecdn eto i\u1e63eduro<\/a> funni nipas\u1eb9 ipinle ti Maryland lati \u1e63e atil\u1eb9yin fun aw\u1ecdn idile ti o nilo it\u1ecdju ilera.<\/p>\n<h2>Iranl\u1ecdw\u1ecd P\u1eb9lu Aw\u1ecdn Aini Pataki<\/h2>\n<p><strong><a href=\"https:\/\/www.lifestylesofmd.org\/\" target=\"_blank\" rel=\"noopener\">LifeStyles, Inc.<\/a><\/strong>\u00a0ni La Plata pese iranl\u1ecdw\u1ecd, ireti ati iyipada. Aw\u1ecdn i\u1e63\u1eb9 w\u1ecdn p\u1eb9lu ounj\u1eb9, k\u1ecdl\u1ecdfin a\u1e63\u1ecd agbegbe, atil\u1eb9yin ile, gbigbe, iranl\u1ecdw\u1ecd owo-ori, iranl\u1ecdw\u1ecd owo-ori ati di\u1eb9 sii.<\/p>\n<p>O tun le t\u1eb9 211 lati sop\u1ecd si aw\u1ecdn orisun pataki.<\/p>\n<h3><b>Iranl\u1ecdw\u1ecd Agbara<\/b><\/h3>\n<p>Ti o ba nilo iranl\u1ecdw\u1ecd agbara lati dinku idiyele ti owo-iwUlO r\u1eb9 tabi yago fun akiyesi pipa-pa, aw\u1ecdn wa\u00a0<strong><a href=\"https:\/\/211md.org\/yo\/oro\/iranlowo-ohun-elo\/\" target=\"_blank\" rel=\"noopener\">aw\u1ecdn ifunni ti o wa nipas\u1eb9 \u1eccfiisi ti Aw\u1ecdn Eto Agbara Ile<\/a><\/strong><strong>.<\/strong><\/p>\n<p>Ti o ba nilo iranl\u1ecdw\u1ecd ni kikun ohun elo naa tabi ni aw\u1ecdn ibeere nipa aw\u1ecdn it\u1ecdnis\u1ecdna owo oya tabi aw\u1ecdn alaye eto, kan si\u00a0<strong><a href=\"http:\/\/www.smtccac.org\/office-of-home-energy-program.aspx\" target=\"_blank\" rel=\"noopener\">Southern Maryland Tri-County Community Action Committee<\/a><\/strong>\u00a0(SMTCCAC, Inc.) fun iranl\u1ecdw\u1ecd agbegbe p\u1eb9lu aw\u1ecdn ifunni ohun elo ipinl\u1eb9.<\/p>\n<p>O tun le kan si ohun elo r\u1eb9 ti o ba ti \u1e63ubu l\u1eb9hin lori aw\u1ecdn owo-owo r\u1eb9. Gaasi Washington ati SMECO le pese eto isanwo fun ipo r\u1eb9.<\/p>\n\t\t<h4><a href=\"\/yo\/oro\/ailera-ti-ogbo\/?utm_source=Home&#038;utm_medium=Referral&#038;utm_campaign=211Resources&#038;utm_content=Aging\" target=\"_self\">Ti ogbo &amp; Alaabo<\/a><\/h4>\n\t\t\t\t<a href=\"\/yo\/oro\/ailera-ti-ogbo\/?utm_source=Home&#038;utm_medium=Referral&#038;utm_campaign=211Resources&#038;utm_content=Aging\"  target=\"_self\" itemprop=\"url\">\n\t\t\t\t<img decoding=\"async\" src=\"https:\/\/211md.org\/wp-content\/uploads\/bb-plugin\/cache\/2025_MdInfoNet_Icon-Sets_Aging-disability-square-c466727102cae71e5f27b8539bb51945-.png\" alt=\"\" itemprop=\"image\" onerror=\"this.style.display='none'\" loading=\"lazy\" \/>\n\t\t\t\t<\/a>\n\t\t<h4><a href=\"\/yo\/oro\/omo-idile\/?utm_source=Home&#038;utm_medium=Referral&#038;utm_campaign=211Resources&#038;utm_content=Children\" target=\"_self\">Aw\u1ecdn \u1ecdm\u1ecdde &amp; Aw\u1ecdn idile<\/a><\/h4>\n\t\t\t\t<a href=\"\/yo\/oro\/omo-idile\/?utm_source=Home&#038;utm_medium=Referral&#038;utm_campaign=211Resources&#038;utm_content=Children\"  target=\"_self\" itemprop=\"url\">\n\t\t\t\t<img decoding=\"async\" src=\"https:\/\/211md.org\/wp-content\/uploads\/bb-plugin\/cache\/2025_211_Icon-Sets_Child-care-square-f3b0d4edab3dcc467fadb5f55f4064c6-.png\" alt=\"2025_211_Icon Sets_Child itoju\" itemprop=\"image\" height=\"417\" width=\"417\" title=\"2025_211_Icon Sets_Child itoju\" onerror=\"this.style.display='none'\" loading=\"lazy\" \/>\n\t\t\t\t<\/a>\n\t\t<h4><a href=\"\/yo\/oro\/abele-ebi-iwa-ipa\/?utm_source=Home&#038;utm_medium=Referral&#038;utm_campaign=211Resources&#038;utm_content=Domestic\" target=\"_self\">Iwa-ipa Abele<\/a><\/h4>\n\t\t\t\t<a href=\"\/yo\/oro\/abele-ebi-iwa-ipa\/?utm_source=Home&#038;utm_medium=Referral&#038;utm_campaign=211Resources&#038;utm_content=Domestic\"  target=\"_self\" itemprop=\"url\">\n\t\t\t\t<img decoding=\"async\" src=\"https:\/\/211md.org\/wp-content\/uploads\/bb-plugin\/cache\/2025_211_Icon-Sets_Domestic-Violence-square-7b597694a6f05fe90cdc376aa573bc63-.png\" alt=\"Aami iwa-ipa ab\u1eb9le\" itemprop=\"image\" height=\"417\" width=\"417\" title=\"2025_211_Icon \u1e62eto_Iwa-ipa Abele\" onerror=\"this.style.display='none'\" loading=\"lazy\" \/>\n\t\t\t\t<\/a>\n\t\t<h4><a href=\"\/yo\/oro\/wiwa-oojo\/?utm_source=Home&#038;utm_medium=Referral&#038;utm_campaign=211Resources&#038;utm_content=Employment\" target=\"_self\">Igbanisise<\/a><\/h4>\n\t\t\t\t<a href=\"\/yo\/oro\/wiwa-oojo\/?utm_source=Home&#038;utm_medium=Referral&#038;utm_campaign=211Resources&#038;utm_content=Employment\"  target=\"_self\" itemprop=\"url\">\n\t\t\t\t<img decoding=\"async\" src=\"https:\/\/211md.org\/wp-content\/uploads\/bb-plugin\/cache\/2025_MdInfoNet_Icon-Sets_Employment-square-44707bd410e4df10a470bf130ebcea86-.png\" alt=\"\" itemprop=\"image\" onerror=\"this.style.display='none'\" loading=\"lazy\" \/>\n\t\t\t\t<\/a>\n\t\t<h4><a href=\"\/yo\/oro\/itoju-ilera\/?utm_source=Home&#038;utm_medium=Referral&#038;utm_campaign=211Resources&#038;utm_content=Health%20Care\" target=\"_self\">It\u1ecdju Ilera<\/a><\/h4>\n\t\t\t\t<a href=\"\/yo\/oro\/itoju-ilera\/?utm_source=Home&#038;utm_medium=Referral&#038;utm_campaign=211Resources&#038;utm_content=Health%20Care\"  target=\"_self\" itemprop=\"url\">\n\t\t\t\t<img decoding=\"async\" src=\"https:\/\/211md.org\/wp-content\/uploads\/bb-plugin\/cache\/2025_MdInfoNet_Icon-Sets_Health-Care-square-dee98a0060cbe0e7f27eda253fc12679-.png\" alt=\"\" itemprop=\"image\" onerror=\"this.style.display='none'\" loading=\"lazy\" \/>\n\t\t\t\t<\/a>\n\t\t<h4><a href=\"\/yo\/oro\/omo-idile\/itoju-ibatan\/?utm_source=Home&#038;utm_medium=Referral&#038;utm_campaign=211Resources&#038;utm_content=Kinship\" target=\"_self\">\u00ccb\u00e1tan<\/a><\/h4>\n\t\t\t\t<a href=\"\/yo\/oro\/omo-idile\/itoju-ibatan\/?utm_source=Home&#038;utm_medium=Referral&#038;utm_campaign=211Resources&#038;utm_content=Kinship\"  target=\"_self\" itemprop=\"url\">\n\t\t\t\t<img decoding=\"async\" src=\"https:\/\/211md.org\/wp-content\/uploads\/bb-plugin\/cache\/2025_211_Icon-Sets_Kinship-square-45bdf872866f5735f842c32071109267-.png\" alt=\"Aami ibatan\" itemprop=\"image\" height=\"417\" width=\"417\" title=\"2025_211_Icon Sets_Kinship\" onerror=\"this.style.display='none'\" loading=\"lazy\" \/>\n\t\t\t\t<\/a>\n\t\t<h4><a href=\"\/yo\/oro\/ofin-awon-i%e1%b9%a3e\/?utm_source=Home&#038;utm_medium=Referral&#038;utm_campaign=211Resources&#038;utm_content=Legal\" target=\"_self\">Aw\u1ecdn i\u1e63\u1eb9 ofin<\/a><\/h4>\n\t\t\t\t<a href=\"\/yo\/oro\/ofin-awon-i%e1%b9%a3e\/?utm_source=Home&#038;utm_medium=Referral&#038;utm_campaign=211Resources&#038;utm_content=Legal\"  target=\"_self\" itemprop=\"url\">\n\t\t\t\t<img decoding=\"async\" src=\"https:\/\/211md.org\/wp-content\/uploads\/bb-plugin\/cache\/2025_MdInfoNet_Icon-Sets_Legal-square-18fdf438feb8435588174d9046463257-.png\" alt=\"\" itemprop=\"image\" onerror=\"this.style.display='none'\" loading=\"lazy\" \/>\n\t\t\t\t<\/a>\n\t\t<h4><a href=\"\/yo\/oro\/opolo-ilera\/?utm_source=Home&#038;utm_medium=Referral&#038;utm_campaign=211Resources&#038;utm_content=Mental\" target=\"_self\">Opolo Health<\/a><\/h4>\n\t\t\t\t<a href=\"\/yo\/oro\/opolo-ilera\/?utm_source=Home&#038;utm_medium=Referral&#038;utm_campaign=211Resources&#038;utm_content=Mental\"  target=\"_self\" itemprop=\"url\">\n\t\t\t\t<img decoding=\"async\" src=\"https:\/\/211md.org\/wp-content\/uploads\/bb-plugin\/cache\/2025_MdInfoNet_Icon-Sets_Mental-Health-square-c59b38c4a993a947d4c9280fbe2d2fee-.png\" alt=\"\" itemprop=\"image\" onerror=\"this.style.display='none'\" loading=\"lazy\" \/>\n\t\t\t\t<\/a>\n\t\t<h4><a href=\"\/yo\/oro\/ogbon-inu\/?utm_source=Home&#038;utm_medium=Referral&#038;utm_campaign=211Resources&#038;utm_content=Reentry\" target=\"_self\">Atunw\u1ecdle<\/a><\/h4>\n\t\t\t\t<a href=\"\/yo\/oro\/ogbon-inu\/?utm_source=Home&#038;utm_medium=Referral&#038;utm_campaign=211Resources&#038;utm_content=Reentry\"  target=\"_self\" itemprop=\"url\">\n\t\t\t\t<img decoding=\"async\" src=\"https:\/\/211md.org\/wp-content\/uploads\/bb-plugin\/cache\/2025_211_Icon-Sets_Reentry-square-8676fea38abd920a832f45642fe31cca-.png\" alt=\"Aami iw\u1ecdle\" itemprop=\"image\" height=\"417\" width=\"417\" title=\"2025_211_Icon Sets_Reentry\" onerror=\"this.style.display='none'\" loading=\"lazy\" \/>\n\t\t\t\t<\/a>\n\t\t<h4><a href=\"\/yo\/oro\/lilo-nkan-elo\/?utm_source=Home&#038;utm_medium=Referral&#038;utm_campaign=211Resources&#038;utm_content=Substance\" target=\"_self\">Ohun elo Lilo<\/a><\/h4>\n\t\t\t\t<a href=\"\/yo\/oro\/lilo-nkan-elo\/?utm_source=Home&#038;utm_medium=Referral&#038;utm_campaign=211Resources&#038;utm_content=Substance\"  target=\"_self\" itemprop=\"url\">\n\t\t\t\t<img decoding=\"async\" src=\"https:\/\/211md.org\/wp-content\/uploads\/bb-plugin\/cache\/2025_MdInfoNet_Icon-Sets_Substance-Abuse-square-9022fec9d18a64118ad685c101885b55-.png\" alt=\"\" itemprop=\"image\" onerror=\"this.style.display='none'\" loading=\"lazy\" \/>\n\t\t\t\t<\/a>\n\t\t<h4><a href=\"\/yo\/oro\/ogbo\/?utm_source=Home&#038;utm_medium=Referral&#038;utm_campaign=211Resources&#038;utm_content=Veterans\" target=\"_self\">Ogbo<\/a><\/h4>\n\t\t\t\t<a href=\"\/yo\/oro\/ogbo\/?utm_source=Home&#038;utm_medium=Referral&#038;utm_campaign=211Resources&#038;utm_content=Veterans\"  target=\"_self\" itemprop=\"url\">\n\t\t\t\t<img decoding=\"async\" src=\"https:\/\/211md.org\/wp-content\/uploads\/bb-plugin\/cache\/2025_MdInfoNet_Icon-Sets_Rating-square-6e60d00cce4faa8e0a6d4ad7366aa733-.png\" alt=\"\" itemprop=\"image\" onerror=\"this.style.display='none'\" loading=\"lazy\" \/>\n\t\t\t\t<\/a>","protected":false},"excerpt":{"rendered":"<p>Wa Aw\u1ecdn orisun Nitosi Mi Wa Bayi \u1e62afikun ile-i\u1e63\u1eb9 tabi agbari r\u1eb9 si ibi ipam\u1ecd data orisun wa. 211 ni \u1eb9hin Charles County, fun aw\u1ecdn agbegbe bii Waldorf, Saint Charles, Bennsville, Accokeek, Hughesville, Ori India, Potomac Heights, Pisgah, Holly Haven ati aw\u1ecdn ilu to wa nitosi. T\u1eb9 211 \u1e62e asop\u1ecd si aw\u1ecdn orisun agbegbe ati atil\u1eb9yin 24\/7\/365. Wa ounj\u1eb9 ni Charles\u2026<\/p>","protected":false},"author":8,"featured_media":0,"parent":750,"menu_order":0,"comment_status":"closed","ping_status":"closed","template":"","meta":{"footnotes":""},"class_list":["post-1693","page","type-page","status-publish","hentry"],"_links":{"self":[{"href":"https:\/\/211md.org\/yo\/wp-json\/wp\/v2\/pages\/1693","targetHints":{"allow":["GET"]}}],"collection":[{"href":"https:\/\/211md.org\/yo\/wp-json\/wp\/v2\/pages"}],"about":[{"href":"https:\/\/211md.org\/yo\/wp-json\/wp\/v2\/types\/page"}],"author":[{"embeddable":true,"href":"https:\/\/211md.org\/yo\/wp-json\/wp\/v2\/users\/8"}],"replies":[{"embeddable":true,"href":"https:\/\/211md.org\/yo\/wp-json\/wp\/v2\/comments?post=1693"}],"version-history":[{"count":3,"href":"https:\/\/211md.org\/yo\/wp-json\/wp\/v2\/pages\/1693\/revisions"}],"predecessor-version":[{"id":34077,"href":"https:\/\/211md.org\/yo\/wp-json\/wp\/v2\/pages\/1693\/revisions\/34077"}],"up":[{"embeddable":true,"href":"https:\/\/211md.org\/yo\/wp-json\/wp\/v2\/pages\/750"}],"wp:attachment":[{"href":"https:\/\/211md.org\/yo\/wp-json\/wp\/v2\/media?parent=1693"}],"curies":[{"name":"wp","href":"https:\/\/api.w.org\/{rel}","templated":true}]}}