{"id":1694,"date":"2021-05-12T00:24:16","date_gmt":"2021-05-12T00:24:16","guid":{"rendered":"https:\/\/211md.org\/?page_id=1694"},"modified":"2025-10-29T06:56:09","modified_gmt":"2025-10-29T10:56:09","slug":"agbegbe-calvert","status":"publish","type":"page","link":"https:\/\/211md.org\/yo\/resources-by-county\/calvert-county\/","title":{"rendered":"Agbegbe Calvert"},"content":{"rendered":"<h2><a href=\"https:\/\/search.211md.org\/\" target=\"_blank\"  rel=\"noopener\">Wa Oro Nitosi Mi<\/a><\/h2>\n\t\t\t<a href=\"https:\/\/search.211md.org\/\" target=\"_blank\" rel=\"noopener\">\n\t\t\t\t\t\t\tWa Bayi\n\t\t\t<\/a>\n\t<p><strong><a href=\"\/yo\/da-wa-database\/\">\u1e62afikun ile-i\u1e63\u1eb9 tabi ajo r\u1eb9 si ibi ipam\u1ecd data orisun wa.<\/a><\/strong><\/p>\n\t<p>Iw\u1ecd kii \u1e63e nikan ni Calvert County. Iranl\u1ecdw\u1ecd wa 24\/7\/365 fun aw\u1ecdn agbegbe jakejado agbegbe, p\u1eb9lu Prince Frederick, Dares Beach, Barstow, Bowens, Fox Hill, Woodbridge, Adelina, Port Republic, Mutual, Gomina Run, Chesapeake Beach ati di\u1eb9 sii.<\/p>\n<p>T\u1eb9 211 lati wa aw\u1ecdn orisun tabi \u1e63awari aaye data 211.<\/p>\n\t\t<h2>\t\n\tT\u1eb9 211<\/h2><p>Sop\u1ecd si aw\u1ecdn orisun agbegbe ati atil\u1eb9yin 24\/7\/365.<\/p>\n<h2>Iranl\u1ecdw\u1ecd Agbara<\/h2>\n<p>Ti o ba nilo iranl\u1ecdw\u1ecd lati san owo-iwUlO r\u1eb9, o le beere fun \u1eb9bun lati \u1eccfiisi ti Aw\u1ecdn Eto Agbara Ile (OHEP). Aw\u1ecdn ifunni ti o da lori owo oya wa fun ina ati aw\u1ecdn owo gaasi. Gba alaye alaye lori eto ati <a href=\"https:\/\/211md.org\/yo\/oro\/iranlowo-ohun-elo\/\" target=\"_blank\" rel=\"noopener\">aw\u1ecdn im\u1ecdran fun kikun ohun elo naa<\/a>.<\/p>\n<p>Ti o ba nilo iranl\u1ecdw\u1ecd ni kikun aw\u1ecdn f\u1ecd\u1ecdmu OHEP ati nbere fun iranl\u1ecdw\u1ecd ohun elo ni Calvert County, kan si <a href=\"http:\/\/www.smtccac.org\/office-of-home-energy-program.aspx\" target=\"_blank\" rel=\"noopener\">Southern Maryland Tri-County Community Action Committee<\/a>\u00a0(SMTCCAC, Inc.) W\u1ecdn ni aw\u1ecdn ipo ni Huntingtown lati \u1e63e iranl\u1ecdw\u1ecd fun aw\u1ecdn olugbe Calvert County lati j\u1eb9 ki aw\u1ecdn owo iwUlO w\u1ecdn ni ifarada di\u1eb9 sii.<\/p>\n<p>O tun le kan si olupese i\u1e63\u1eb9 r\u1eb9 ki o beere nipa aw\u1ecdn eto isanwo owo.<\/p>\n<p>&nbsp;<\/p>\n<h2>Opolo Health<\/h2>\n<p>\u1e62e o ni ibanuj\u1eb9, ir\u1eb9w\u1eb9si, aibal\u1eb9 tabi aibal\u1eb9? Aw\u1ecdn orisun ilera \u1ecdp\u1ecdl\u1ecd wa 24\/7\/365 nipa tit\u1eb9 9-8-8 lati ba oludamoran idaamu s\u1ecdr\u1ecd.<\/p>\n<p>Aw\u1ecdn\u00a0<a href=\"https:\/\/www.calverthealth.org\/personalhealth\/mentalhealth\/mhclinic.htm\" target=\"_blank\" rel=\"noopener\">Calvert County Health Department<\/a>\u00a0tun ni Ile-iwosan Ilera \u1eccp\u1ecdl\u1ecd ti o funni ni aw\u1ecdn i\u1e63\u1eb9 ilera \u1ecdp\u1ecdl\u1ecd, p\u1eb9lu aw\u1ecdn igbelew\u1ecdn, i\u1e63akoso oogun ati it\u1ecdju ailera. Pe \u1eb8ka Ilera ni Prince Frederick fun iranl\u1ecdw\u1ecd siwaju: 410-535-5400 x318.<\/p>\n<p>O tun le <a href=\"https:\/\/search.988.mdinfonet.org\/\" target=\"_blank\" rel=\"noopener\">\u1e63awari aaye data orisun orisun ilera ihuwasi ti ipinl\u1eb9 jul\u1ecd<\/a>, Agbara nipas\u1eb9 Maryland Information Network.<\/p>\n<h2>Wa Ounje ni Calvert County<\/h2>\n<p>Calvert County ni \u1ecdp\u1ecdl\u1ecdp\u1ecd aw\u1ecdn ile ounj\u1eb9 ounj\u1eb9 ati ibi idana ounj\u1eb9 agbegbe lati \u1e63e iranl\u1ecdw\u1ecd fun aw\u1ecdn eniyan k\u1ecd\u1ecdkan ati aw\u1ecdn idile ti o nilo ounj\u1eb9. Aw\u1ecdn Ibukun Adun di\u1eb9 sii Ibi idana ounj\u1eb9 &amp; Ile-i\u1e63\u1eb9 Ohun elo n pese ounj\u1eb9 jij\u1eb9 ni ibamu ni gbogbo \u1eccj\u1ecdb\u1ecd lati 6 ir\u1ecdl\u1eb9 si 7 ir\u1ecdl\u1eb9 Aw\u1ecdn ipo yipada nipas\u1eb9 o\u1e63u, ati pe o le <a href=\"http:\/\/eastjohnyouth.org\/programs\/tasty-blessings\" target=\"_blank\" rel=\"noopener\">ri w\u1ecdn nibi<\/a>.<\/p>\n<p>Awon agba tun le kan si Hands of God Mobile Ministry ni 410-535-2275. Nigba ti owan ti wa ni ayo , gbogbo wa kaabo.<\/p>\n<p>Iw\u1ecdnyi j\u1eb9 aw\u1ecdn ile ounj\u1eb9 ounj\u1eb9 miiran ni Calvert County. Aw\u1ecdn wakati le yat\u1ecd, nitorina pe \u1e63aaju ki o to l\u1ecd si ile ounj\u1eb9.<\/p>\n<p>&nbsp;<\/p>\n\t\t<h3>Bayside Baptist Community Yara ipal\u1eb9m\u1ecd ounj\u1eb9<\/h3><p>Bayside Baptist Church<\/p>\n<p>3009 Chesapeake Beach Road<\/p>\n<p>Okun Chesapeake, D\u00f3k\u00edt\u00e0 20732<\/p>\n<p>410-257-0712<\/p>\n<p>&nbsp;<\/p>\n<p>Aw\u1ecdn agb\u1ecdn ounj\u1eb9 ti a ti \u1e63aj\u1ecd t\u1eb9l\u1eb9 fun Okun Chesapeake ati aw\u1ecdn agbegbe Ariwa Okun.<\/p>\n<p><strong>Saturday 9:30 owur\u1ecd - 11 owur\u1ecd<\/strong><\/p>\n\t<iframe src=\"https:\/\/www.google.com\/maps\/embed\/v1\/place?q=3009+Chesapeake+Beach+Road%0AChesapeake+Beach%2C+MD+20732&#038;key=AIzaSyD09zQ9PNDNNy9TadMuzRV_UsPUoWKntt8\" aria-hidden=\"true\" title=\"Bayside Community Ounj\u1eb9 Yara ipal\u1eb9m\u1ecd ounj\u1eb9\"><\/iframe>\n\t\t<h3>Brooks United Methodist Church Yara ipal\u1eb9m\u1ecd ounj\u1eb9<\/h3><p>5550 Mackall opopona<\/p>\n<p>Saint Leonard, D\u00f3k\u00edt\u00e0 20685<\/p>\n<p>410-586-3972<\/p>\n<p><strong>Tuesday 10 emi - 12 pm\u00a0<\/strong><\/p>\n\t<iframe src=\"https:\/\/www.google.com\/maps\/embed\/v1\/place?q=5550+Mackall+Road%0ASaint+Leonard%2C+MD+20685&#038;key=AIzaSyD09zQ9PNDNNy9TadMuzRV_UsPUoWKntt8\" aria-hidden=\"true\" title=\"Brooks United Methodist Church\"><\/iframe>\n\t\t<h3>Calvert Churches Community Yara ipal\u1eb9m\u1ecd ounj\u1eb9<\/h3><p>100 Jibsail wak\u1ecd<\/p>\n<p>Prince Frederick, D\u00f3k\u00edt\u00e0 20678<\/p>\n<p>410-414-7474<\/p>\n<p>\u1e62ii si \u1eb9nik\u1eb9ni ni Calvert County ariwa ti Broomes Island Road. <a href=\"https:\/\/www.cccfp.org\/\" target=\"_blank\" rel=\"noopener\">Gba alaye di\u1eb9 sii<\/a>.<\/p>\n<p><strong>Monday, Tuesday, Wednesday 9:00 emi - 12:00 pm\u00a0<\/strong><\/p>\n\t<iframe src=\"https:\/\/www.google.com\/maps\/embed\/v1\/place?q=100+Jibsail+Drive%0APrince+Frederick%2C+MD+20678&#038;key=AIzaSyD09zQ9PNDNNy9TadMuzRV_UsPUoWKntt8\" aria-hidden=\"true\" title=\"Calvert Churches Community Yara ipal\u1eb9m\u1ecd ounj\u1eb9\"><\/iframe>\n\t\t<h3>Calvert Lighthouse Food Yara ipal\u1eb9m\u1ecd ounj\u1eb9<\/h3><p>40 Clay Hammond Road<\/p>\n<p>Prince Frederick, D\u00f3k\u00edt\u00e0 20678<\/p>\n<p>410-535-5515<\/p>\n<p>&nbsp;<\/p>\n<p><strong>\u1eccj\u1ecd Satidee ak\u1ecdk\u1ecd ti gbogbo o\u1e63u 11:00 owur\u1ecd - 1:00 ir\u1ecdl\u1eb9\u00a0<\/strong><\/p>\n\t<iframe src=\"https:\/\/www.google.com\/maps\/embed\/v1\/place?q=40+Clay+Hammond+Road%0APrince+Frederick%2C+MD+20678&#038;key=AIzaSyD09zQ9PNDNNy9TadMuzRV_UsPUoWKntt8\" aria-hidden=\"true\" title=\"Calvert Lighthouse Food Yara ipal\u1eb9m\u1ecd ounj\u1eb9\"><\/iframe>\n\t\t<h3>Chesapeake It\u1ecdju Ounj\u1eb9 Yara ipal\u1eb9m\u1ecd ounj\u1eb9<\/h3><p>6045 Solomons Island Road<\/p>\n<p>Huntingtown, D\u00f3k\u00edt\u00e0 20639<\/p>\n<p><a href=\"https:\/\/chesapeakechurch.org\/food-pantry\/\" target=\"_blank\" rel=\"noopener\">K\u1ecd \u1eb9k\u1ecd di\u1eb9 sii nipa ibi idana ounj\u1eb9<\/a>.<\/p>\n<p>410-257-3444<\/p>\n<p>&nbsp;<\/p>\n<p><strong>Tuesday 5:30 pm - 7:30 pm<\/strong><\/p>\n<p><strong>Thursday 9:30 emi - 12:00 pm<\/strong><\/p>\n\t<iframe src=\"https:\/\/www.google.com\/maps\/embed\/v1\/place?q=6045+Solomons+Island+Road%0AHuntingtown%2C+MD+20639&#038;key=AIzaSyD09zQ9PNDNNy9TadMuzRV_UsPUoWKntt8\" aria-hidden=\"true\" title=\"Chesapeake It\u1ecdju Ounj\u1eb9 Yara ipal\u1eb9m\u1ecd ounj\u1eb9\"><\/iframe>\n\t\t<h3>Ijo Lutheran ak\u1ecdk\u1ecd<\/h3><p>6300 Southern Maryland Blvd.<\/p>\n<p>Huntingtown, D\u00f3k\u00edt\u00e0 20639<\/p>\n<p>410-257-3030<\/p>\n<p>&nbsp;<\/p>\n<p><b>Monday - Thursday 9 emi - 2 pm<\/b><\/p>\n\t<iframe src=\"https:\/\/www.google.com\/maps\/embed\/v1\/place?q=6300+Southern+Maryland+Blvd.%0AHuntingtown%2C+MD+20639&#038;key=AIzaSyD09zQ9PNDNNy9TadMuzRV_UsPUoWKntt8\" aria-hidden=\"true\" title=\"Ijo Lutheran ak\u1ecdk\u1ecd\"><\/iframe>\n\t\t<h3>Tara ti Charity Food Yara ipal\u1eb9m\u1ecd ounj\u1eb9<\/h3><p>St Anthony k\u00e1 Catholic \u00ccj\u1ecd<\/p>\n<p>8823 Dayton Avenue<\/p>\n<p>North Beach, D\u00f3k\u00edt\u00e0 20714<\/p>\n<p>410-286-7086<\/p>\n<p>&nbsp;<\/p>\n<p><b>Tuesday 12 pm - 2 pm\u00a0<\/b><\/p>\n<p><strong>2nd Wednesday ti aw\u1ecdn o\u1e63\u00f9 5 pm - 7 pm<\/strong><\/p>\n<p><strong>Satidee to koja ti o\u1e63u 10 am - 12 pm<\/strong><\/p>\n<p><a href=\"https:\/\/stanthonycal.us\/ladies-of-charity\" target=\"_blank\" rel=\"noopener\">Wo aw\u1ecdn wakati tuntun<\/a><\/p>\n\t<iframe src=\"https:\/\/www.google.com\/maps\/embed\/v1\/place?q=6300+Southern+Maryland+Blvd.%0AHuntingtown%2C+MD+20639&#038;key=AIzaSyD09zQ9PNDNNy9TadMuzRV_UsPUoWKntt8\" aria-hidden=\"true\" title=\"Ijo Lutheran ak\u1ecdk\u1ecd\"><\/iframe>\n\t\t<h3>Middleham ati Saint Peter&#039;s Parish Food Yara ipal\u1eb9m\u1ecd ounj\u1eb9<\/h3><p>10210 HG Trueman opopona<\/p>\n<p>Lusby, D\u00f3k\u00edt\u00e0 20657<\/p>\n<p>410-326-4948<\/p>\n<p>&nbsp;<\/p>\n<p><strong>Ipe lati wa ni afikun si aw\u1ecdn akoj\u1ecd.<\/strong><\/p>\n\t<iframe src=\"https:\/\/www.google.com\/maps\/embed\/v1\/place?q=10210+H+G+Trueman+Road%0ALusby%2C+MD+20657&#038;key=AIzaSyD09zQ9PNDNNy9TadMuzRV_UsPUoWKntt8\" aria-hidden=\"true\" title=\"Middleham ati Saint Peter&#039;s Parish Food Yara ipal\u1eb9m\u1ecd ounj\u1eb9\"><\/iframe>\n\t\t<h3>Oke Olifi United Methodist Food Yara ipal\u1eb9m\u1ecd ounj\u1eb9<\/h3><p>10 Fairground Road<\/p>\n<p>Prince Frederick, D\u00f3k\u00edt\u00e0 20678<\/p>\n<p>410-535-5756<\/p>\n<p>&nbsp;<\/p>\n<p><strong>2nd ati 4th Wednesday ti gbogbo os\u00f9 1:30 pm - 3:30 pm<\/strong><\/p>\n\t<iframe src=\"https:\/\/www.google.com\/maps\/embed\/v1\/place?q=10+Fairground+Road%0APrince+Frederick%2C+MD+20678&#038;key=AIzaSyD09zQ9PNDNNy9TadMuzRV_UsPUoWKntt8\" aria-hidden=\"true\" title=\"Oke Olifi United Methodist Food Yara ipal\u1eb9m\u1ecd ounj\u1eb9\"><\/iframe>\n\t\t<h3>New Life Calvert Food Yara ipal\u1eb9m\u1ecd ounj\u1eb9<\/h3><p>9690 Olu\u1e63\u1ecd-agutan Creek Gbe<\/p>\n<p>La Plata, D\u00f3k\u00edt\u00e0 20646<\/p>\n<p>301-609-8423<\/p>\n<p>&nbsp;<\/p>\n<p><strong>Monday - Friday 4 pm - 6 pm\u00a0<\/strong><\/p>\n<p><a href=\"https:\/\/www.newlife.live\/missions\/\" target=\"_blank\" rel=\"noopener\">K\u1ecd \u1eb9k\u1ecd di\u1eb9 sii nipa ile ounj\u1eb9<\/a>.<\/p>\n\t<iframe src=\"https:\/\/www.google.com\/maps\/embed\/v1\/place?q=9690+Shepherds+Creek+Place%0ALa+Plata%2C+MD+20646&#038;key=AIzaSyD09zQ9PNDNNy9TadMuzRV_UsPUoWKntt8\" aria-hidden=\"true\" title=\"New LIfe Calvert Food Yara ipal\u1eb9m\u1ecd ounj\u1eb9\"><\/iframe>\n\t\t<h3>SILE Ecumenical Ministry Yara ipal\u1eb9m\u1ecd ounj\u1eb9<\/h3><p>10290 HG Trueman opopona<\/p>\n<p>Lusby, Maryland, \u1eccdun 20657<\/p>\n<p>410-326-0009<\/p>\n<p>Gb\u1ecdd\u1ecd j\u1eb9 alabara SILE. <a href=\"https:\/\/smileinc.org\/food-pantry\/\" target=\"_blank\" rel=\"noopener\">K\u1ecd \u1eb9k\u1ecd di\u1eb9 si<\/a> nipa fiforuk\u1ecd\u1e63il\u1eb9 fun aw\u1ecdn i\u1e63\u1eb9 SILE.<\/p>\n<p>&nbsp;<\/p>\n<p><strong>Monday 9 emi - 10 owur\u1ecd<\/strong><\/p>\n<p><strong>Wednesday 10 emi - 2 pm<\/strong><\/p>\n<p><strong>Thursday ati Friday 10 emi - 12 pm<\/strong><\/p>\n<p><strong>Saturday 9 emi - 12 pm<\/strong><\/p>\n\t<iframe src=\"https:\/\/www.google.com\/maps\/embed\/v1\/place?q=10290+H.G.+Trueman+Road%0ALusby%2C+Maryland+20657&#038;key=AIzaSyD09zQ9PNDNNy9TadMuzRV_UsPUoWKntt8\" aria-hidden=\"true\" title=\"SILE Ecumenical Ministry Yara ipal\u1eb9m\u1ecd ounj\u1eb9\"><\/iframe>\n\t\t<h3>Solomons Mission Center Food Yara ipal\u1eb9m\u1ecd ounj\u1eb9<\/h3><p>Solomons United Methodist Church<\/p>\n<p>14454 Solomons Island Road South<\/p>\n<p>Solomons, D\u00f3k\u00edt\u00e0 20688<\/p>\n<p>410-326-3278<\/p>\n<p>&nbsp;<\/p>\n<p><b>Tuesday, Wednesday, Thursday 10 emi - 1 pm<\/b><\/p>\n\t<iframe src=\"https:\/\/www.google.com\/maps\/embed\/v1\/place?q=14454+Solomons+Island+Road+South%0ASolomons%2C+MD+20688&#038;key=AIzaSyD09zQ9PNDNNy9TadMuzRV_UsPUoWKntt8\" aria-hidden=\"true\" title=\"Solomons United Methodist Church\"><\/iframe>\n\t\t<h3>John Vianney Inter-Faith Food Yara ipal\u1eb9m\u1ecd ounj\u1eb9<\/h3><p>105 Vianney Lane<\/p>\n<p>Prince Frederick, D\u00f3k\u00edt\u00e0 20678<\/p>\n<p>410-286-1944<\/p>\n<p>&nbsp;<\/p>\n<p><b>Wednesday 3 pm - 6 pm<\/b><\/p>\n<p><a href=\"https:\/\/www.sjvchurch.net\/food-pantry\" target=\"_blank\" rel=\"noopener\">K\u1ecd \u1eb9k\u1ecd di\u1eb9 sii nipa ibi idana ounj\u1eb9.<\/a><\/p>\n\t<iframe src=\"https:\/\/www.google.com\/maps\/embed\/v1\/place?q=105+Vianney+Lane%0APrince+Frederick%2C+MD+20678&#038;key=AIzaSyD09zQ9PNDNNy9TadMuzRV_UsPUoWKntt8\" aria-hidden=\"true\" title=\"John Vianney Inter-Faith Food Yara ipal\u1eb9m\u1ecd ounj\u1eb9\"><\/iframe>\n<h2>Gba Iranl\u1ecdw\u1ecd p\u1eb9lu aw\u1ecdn iwulo pataki miiran<\/h2>\n<p>Ti o ba nilo iranl\u1ecdw\u1ecd p\u1eb9lu iwulo pataki miiran, o le:<\/p>\n<ul>\n<li>T\u1eb9 211<\/li>\n<li>Wa aw\u1ecdn orisun 211 ni isal\u1eb9 fun alaye lori aw\u1ecdn eto bii WIC ati SNAP (aw\u1ecdn ont\u1eb9 ounj\u1eb9)<\/li>\n<li>Wo aw\u1ecdn akoj\u1ecd lati <a href=\"https:\/\/ourcalvert.org\/services\" target=\"_blank\" rel=\"noopener\">Calvert wa - Aw\u1ecdn orisun fun Igbesi aye<\/a>, eyi ti o \u1e63e idanim\u1ecd aw\u1ecdn orisun agbegbe bi aw\u1ecdn <a href=\"https:\/\/ourcalvert.org\/index.php\/\" target=\"_blank\" rel=\"noopener\">Calvert County iled\u00ec\u00ed Bank<\/a>, aw\u1ecdn \u1eb9gb\u1eb9 ti n \u1e63e iranl\u1ecdw\u1ecd p\u1eb9lu a\u1e63\u1ecd ati iranl\u1ecdw\u1ecd owo ati di\u1eb9 sii.<\/li>\n<\/ul>\n<p>Nibikibi ti o ba gbe, 211 wa nigbagbogbo lati \u1e63e iranl\u1ecdw\u1ecd.<\/p>\n\t\t<h4><a href=\"\/yo\/oro\/ailera-ti-ogbo\/?utm_source=Home&#038;utm_medium=Referral&#038;utm_campaign=211Resources&#038;utm_content=Aging\" target=\"_self\">Ti ogbo &amp; Alaabo<\/a><\/h4>\n\t\t\t\t<a href=\"\/yo\/oro\/ailera-ti-ogbo\/?utm_source=Home&#038;utm_medium=Referral&#038;utm_campaign=211Resources&#038;utm_content=Aging\"  target=\"_self\" itemprop=\"url\">\n\t\t\t\t<img decoding=\"async\" src=\"https:\/\/211md.org\/wp-content\/uploads\/bb-plugin\/cache\/2025_MdInfoNet_Icon-Sets_Aging-disability-square-c466727102cae71e5f27b8539bb51945-.png\" alt=\"\" itemprop=\"image\" onerror=\"this.style.display='none'\" loading=\"lazy\" \/>\n\t\t\t\t<\/a>\n\t\t<h4><a href=\"\/yo\/oro\/omo-idile\/?utm_source=Home&#038;utm_medium=Referral&#038;utm_campaign=211Resources&#038;utm_content=Children\" target=\"_self\">Aw\u1ecdn \u1ecdm\u1ecdde &amp; Aw\u1ecdn idile<\/a><\/h4>\n\t\t\t\t<a href=\"\/yo\/oro\/omo-idile\/?utm_source=Home&#038;utm_medium=Referral&#038;utm_campaign=211Resources&#038;utm_content=Children\"  target=\"_self\" itemprop=\"url\">\n\t\t\t\t<img decoding=\"async\" src=\"https:\/\/211md.org\/wp-content\/uploads\/bb-plugin\/cache\/2025_211_Icon-Sets_Child-care-square-f3b0d4edab3dcc467fadb5f55f4064c6-.png\" alt=\"2025_211_Icon Sets_Child itoju\" itemprop=\"image\" height=\"417\" width=\"417\" title=\"2025_211_Icon Sets_Child itoju\" onerror=\"this.style.display='none'\" loading=\"lazy\" \/>\n\t\t\t\t<\/a>\n\t\t<h4><a href=\"\/yo\/oro\/abele-ebi-iwa-ipa\/?utm_source=Home&#038;utm_medium=Referral&#038;utm_campaign=211Resources&#038;utm_content=Domestic\" target=\"_self\">Iwa-ipa Abele<\/a><\/h4>\n\t\t\t\t<a href=\"\/yo\/oro\/abele-ebi-iwa-ipa\/?utm_source=Home&#038;utm_medium=Referral&#038;utm_campaign=211Resources&#038;utm_content=Domestic\"  target=\"_self\" itemprop=\"url\">\n\t\t\t\t<img decoding=\"async\" src=\"https:\/\/211md.org\/wp-content\/uploads\/bb-plugin\/cache\/2025_211_Icon-Sets_Domestic-Violence-square-7b597694a6f05fe90cdc376aa573bc63-.png\" alt=\"Aami iwa-ipa ab\u1eb9le\" itemprop=\"image\" height=\"417\" width=\"417\" title=\"2025_211_Icon \u1e62eto_Iwa-ipa Abele\" onerror=\"this.style.display='none'\" loading=\"lazy\" \/>\n\t\t\t\t<\/a>\n\t\t<h4><a href=\"\/yo\/oro\/wiwa-oojo\/?utm_source=Home&#038;utm_medium=Referral&#038;utm_campaign=211Resources&#038;utm_content=Employment\" target=\"_self\">Igbanisise<\/a><\/h4>\n\t\t\t\t<a href=\"\/yo\/oro\/wiwa-oojo\/?utm_source=Home&#038;utm_medium=Referral&#038;utm_campaign=211Resources&#038;utm_content=Employment\"  target=\"_self\" itemprop=\"url\">\n\t\t\t\t<img decoding=\"async\" src=\"https:\/\/211md.org\/wp-content\/uploads\/bb-plugin\/cache\/2025_MdInfoNet_Icon-Sets_Employment-square-44707bd410e4df10a470bf130ebcea86-.png\" alt=\"\" itemprop=\"image\" onerror=\"this.style.display='none'\" loading=\"lazy\" \/>\n\t\t\t\t<\/a>\n\t\t<h4><a href=\"\/yo\/oro\/itoju-ilera\/?utm_source=Home&#038;utm_medium=Referral&#038;utm_campaign=211Resources&#038;utm_content=Health%20Care\" target=\"_self\">It\u1ecdju Ilera<\/a><\/h4>\n\t\t\t\t<a href=\"\/yo\/oro\/itoju-ilera\/?utm_source=Home&#038;utm_medium=Referral&#038;utm_campaign=211Resources&#038;utm_content=Health%20Care\"  target=\"_self\" itemprop=\"url\">\n\t\t\t\t<img decoding=\"async\" src=\"https:\/\/211md.org\/wp-content\/uploads\/bb-plugin\/cache\/2025_MdInfoNet_Icon-Sets_Health-Care-square-dee98a0060cbe0e7f27eda253fc12679-.png\" alt=\"\" itemprop=\"image\" onerror=\"this.style.display='none'\" loading=\"lazy\" \/>\n\t\t\t\t<\/a>\n\t\t<h4><a href=\"\/yo\/oro\/omo-idile\/itoju-ibatan\/?utm_source=Home&#038;utm_medium=Referral&#038;utm_campaign=211Resources&#038;utm_content=Kinship\" target=\"_self\">\u00ccb\u00e1tan<\/a><\/h4>\n\t\t\t\t<a href=\"\/yo\/oro\/omo-idile\/itoju-ibatan\/?utm_source=Home&#038;utm_medium=Referral&#038;utm_campaign=211Resources&#038;utm_content=Kinship\"  target=\"_self\" itemprop=\"url\">\n\t\t\t\t<img decoding=\"async\" src=\"https:\/\/211md.org\/wp-content\/uploads\/bb-plugin\/cache\/2025_211_Icon-Sets_Kinship-square-45bdf872866f5735f842c32071109267-.png\" alt=\"Aami ibatan\" itemprop=\"image\" height=\"417\" width=\"417\" title=\"2025_211_Icon Sets_Kinship\" onerror=\"this.style.display='none'\" loading=\"lazy\" \/>\n\t\t\t\t<\/a>\n\t\t<h4><a href=\"\/yo\/oro\/ofin-awon-i%e1%b9%a3e\/?utm_source=Home&#038;utm_medium=Referral&#038;utm_campaign=211Resources&#038;utm_content=Legal\" target=\"_self\">Aw\u1ecdn i\u1e63\u1eb9 ofin<\/a><\/h4>\n\t\t\t\t<a href=\"\/yo\/oro\/ofin-awon-i%e1%b9%a3e\/?utm_source=Home&#038;utm_medium=Referral&#038;utm_campaign=211Resources&#038;utm_content=Legal\"  target=\"_self\" itemprop=\"url\">\n\t\t\t\t<img decoding=\"async\" src=\"https:\/\/211md.org\/wp-content\/uploads\/bb-plugin\/cache\/2025_MdInfoNet_Icon-Sets_Legal-square-18fdf438feb8435588174d9046463257-.png\" alt=\"\" itemprop=\"image\" onerror=\"this.style.display='none'\" loading=\"lazy\" \/>\n\t\t\t\t<\/a>\n\t\t<h4><a href=\"\/yo\/oro\/opolo-ilera\/?utm_source=Home&#038;utm_medium=Referral&#038;utm_campaign=211Resources&#038;utm_content=Mental\" target=\"_self\">Opolo Health<\/a><\/h4>\n\t\t\t\t<a href=\"\/yo\/oro\/opolo-ilera\/?utm_source=Home&#038;utm_medium=Referral&#038;utm_campaign=211Resources&#038;utm_content=Mental\"  target=\"_self\" itemprop=\"url\">\n\t\t\t\t<img decoding=\"async\" src=\"https:\/\/211md.org\/wp-content\/uploads\/bb-plugin\/cache\/2025_MdInfoNet_Icon-Sets_Mental-Health-square-c59b38c4a993a947d4c9280fbe2d2fee-.png\" alt=\"\" itemprop=\"image\" onerror=\"this.style.display='none'\" loading=\"lazy\" \/>\n\t\t\t\t<\/a>\n\t\t<h4><a href=\"\/yo\/oro\/ogbon-inu\/?utm_source=Home&#038;utm_medium=Referral&#038;utm_campaign=211Resources&#038;utm_content=Reentry\" target=\"_self\">Atunw\u1ecdle<\/a><\/h4>\n\t\t\t\t<a href=\"\/yo\/oro\/ogbon-inu\/?utm_source=Home&#038;utm_medium=Referral&#038;utm_campaign=211Resources&#038;utm_content=Reentry\"  target=\"_self\" itemprop=\"url\">\n\t\t\t\t<img decoding=\"async\" src=\"https:\/\/211md.org\/wp-content\/uploads\/bb-plugin\/cache\/2025_211_Icon-Sets_Reentry-square-8676fea38abd920a832f45642fe31cca-.png\" alt=\"Aami iw\u1ecdle\" itemprop=\"image\" height=\"417\" width=\"417\" title=\"2025_211_Icon Sets_Reentry\" onerror=\"this.style.display='none'\" loading=\"lazy\" \/>\n\t\t\t\t<\/a>\n\t\t<h4><a href=\"\/yo\/oro\/lilo-nkan-elo\/?utm_source=Home&#038;utm_medium=Referral&#038;utm_campaign=211Resources&#038;utm_content=Substance\" target=\"_self\">Ohun elo Lilo<\/a><\/h4>\n\t\t\t\t<a href=\"\/yo\/oro\/lilo-nkan-elo\/?utm_source=Home&#038;utm_medium=Referral&#038;utm_campaign=211Resources&#038;utm_content=Substance\"  target=\"_self\" itemprop=\"url\">\n\t\t\t\t<img decoding=\"async\" src=\"https:\/\/211md.org\/wp-content\/uploads\/bb-plugin\/cache\/2025_MdInfoNet_Icon-Sets_Substance-Abuse-square-9022fec9d18a64118ad685c101885b55-.png\" alt=\"\" itemprop=\"image\" onerror=\"this.style.display='none'\" loading=\"lazy\" \/>\n\t\t\t\t<\/a>\n\t\t<h4><a href=\"\/yo\/oro\/ogbo\/?utm_source=Home&#038;utm_medium=Referral&#038;utm_campaign=211Resources&#038;utm_content=Veterans\" target=\"_self\">Ogbo<\/a><\/h4>\n\t\t\t\t<a href=\"\/yo\/oro\/ogbo\/?utm_source=Home&#038;utm_medium=Referral&#038;utm_campaign=211Resources&#038;utm_content=Veterans\"  target=\"_self\" itemprop=\"url\">\n\t\t\t\t<img decoding=\"async\" src=\"https:\/\/211md.org\/wp-content\/uploads\/bb-plugin\/cache\/2025_MdInfoNet_Icon-Sets_Rating-square-6e60d00cce4faa8e0a6d4ad7366aa733-.png\" alt=\"\" itemprop=\"image\" onerror=\"this.style.display='none'\" loading=\"lazy\" \/>\n\t\t\t\t<\/a>","protected":false},"excerpt":{"rendered":"<p>Wa Aw\u1ecdn orisun Nitosi Mi Wa Bayi \u1e62afikun ile-i\u1e63\u1eb9 tabi agbari r\u1eb9 si ibi ipam\u1ecd data orisun wa. Iw\u1ecd kii \u1e63e nikan ni Calvert County. Iranl\u1ecdw\u1ecd wa 24\/7\/365 fun aw\u1ecdn agbegbe jakejado agbegbe, p\u1eb9lu Prince Frederick, Dares Beach, Barstow, Bowens, Fox Hill, Woodbridge, Adelina, Port Republic, Mutual, Gomina Run, Chesapeake Beach ati di\u1eb9 sii. Pe 211 lati wa\u2026<\/p>","protected":false},"author":8,"featured_media":0,"parent":750,"menu_order":0,"comment_status":"closed","ping_status":"closed","template":"","meta":{"footnotes":""},"class_list":["post-1694","page","type-page","status-publish","hentry"],"_links":{"self":[{"href":"https:\/\/211md.org\/yo\/wp-json\/wp\/v2\/pages\/1694","targetHints":{"allow":["GET"]}}],"collection":[{"href":"https:\/\/211md.org\/yo\/wp-json\/wp\/v2\/pages"}],"about":[{"href":"https:\/\/211md.org\/yo\/wp-json\/wp\/v2\/types\/page"}],"author":[{"embeddable":true,"href":"https:\/\/211md.org\/yo\/wp-json\/wp\/v2\/users\/8"}],"replies":[{"embeddable":true,"href":"https:\/\/211md.org\/yo\/wp-json\/wp\/v2\/comments?post=1694"}],"version-history":[{"count":6,"href":"https:\/\/211md.org\/yo\/wp-json\/wp\/v2\/pages\/1694\/revisions"}],"predecessor-version":[{"id":34072,"href":"https:\/\/211md.org\/yo\/wp-json\/wp\/v2\/pages\/1694\/revisions\/34072"}],"up":[{"embeddable":true,"href":"https:\/\/211md.org\/yo\/wp-json\/wp\/v2\/pages\/750"}],"wp:attachment":[{"href":"https:\/\/211md.org\/yo\/wp-json\/wp\/v2\/media?parent=1694"}],"curies":[{"name":"wp","href":"https:\/\/api.w.org\/{rel}","templated":true}]}}