{"id":1703,"date":"2021-05-12T00:25:34","date_gmt":"2021-05-12T00:25:34","guid":{"rendered":"https:\/\/211md.org\/?page_id=1703"},"modified":"2026-02-04T09:38:24","modified_gmt":"2026-02-04T14:38:24","slug":"frederick-county","status":"publish","type":"page","link":"https:\/\/211md.org\/yo\/resources-by-county\/frederick-county\/","title":{"rendered":"Frederick County"},"content":{"rendered":"<h2><a href=\"https:\/\/search.211md.org\/\" target=\"_blank\"  rel=\"noopener\">Wa Oro Nitosi Mi<\/a><\/h2>\n\t\t\t<a href=\"https:\/\/search.211md.org\/\" target=\"_blank\" rel=\"noopener\">\n\t\t\t\t\t\t\tWa Bayi\n\t\t\t<\/a>\n\t<p><strong><a href=\"\/yo\/da-wa-database\/\">\u1e62afikun ile-i\u1e63\u1eb9 tabi ajo r\u1eb9 si ibi ipam\u1ecd data orisun wa.<\/a><\/strong><\/p>\n\t<p>\u1e62e o n gbe ni Frederick tabi \u1ecdkan ninu aw\u1ecdn agbegbe agbegbe, p\u1eb9lu Ballenger Creek, Buckeystown, New Market, Mount Airy, Woodsboro, Braddock Heights tabi Middletown?<\/p>\n<p>T\u1eb9 2-1-1 lati sop\u1ecd si aw\u1ecdn orisun pataki.<\/p>\n<p>O tun le wa ibi ipam\u1ecd data lati wa aw\u1ecdn orisun nitosi r\u1eb9.<\/p>\n\t\t<h2>\t\n\tPe 2-1-1<\/h2><p>Sop\u1ecd si aw\u1ecdn orisun agbegbe ati atil\u1eb9yin 24\/7\/365.<\/p>\n<p>&nbsp;<\/p>\n<h2>Rin-Ni Aw\u1ecdn i\u1e63\u1eb9 Ilera Ilera ni Frederick County<\/h2>\n<p>Ni Frederick County, aw\u1ecdn <strong><a href=\"https:\/\/fcmha.org\/\" target=\"_blank\" rel=\"noopener\">Opolo Health Association of Frederick County<\/a><\/strong> (MHA) j\u1eb9 ile-i\u1e63\u1eb9 ipe 211 ti o funni ni atil\u1eb9yin aaw\u1ecd 24\/7\/365.<\/p>\n<p>MHA ni iyara kan <strong><a href=\"https:\/\/fcmha.org\/how-we-help\/behavioral-health\" target=\"_blank\" rel=\"noopener\">rin-ni i\u1e63\u1eb9 ilera ihuwasi<\/a><\/strong> i Frederick, Maryland, ipo. Aw\u1ecdn oludamoran wa 24\/7 lati \u1e63e iranl\u1ecdw\u1ecd p\u1eb9lu ilera \u1ecdp\u1ecdl\u1ecd, \u1eb9bi tabi idaamu ibatan.<\/p>\nIle-iwosan ti n w\u1ecdle wa ni:<br \/>\n340 Montevue Lane<br \/>\nFrederick, D\u00f3k\u00edt\u00e0 21702\n<p>O tun le lo w\u1ecdn <a href=\"https:\/\/fcmha.org\/how-we-help\/behavioral-health\/telehealth\/\" target=\"_blank\" rel=\"noopener\">foju rin-ni aw\u1ecdn i\u1e63\u1eb9<\/a>.<\/p>\n<p>Ti o ba nilo iranl\u1ecdw\u1ecd l\u1eb9s\u1eb9k\u1eb9s\u1eb9, o tun le pe tabi firan\u1e63\u1eb9 988. O tun le<a href=\"https:\/\/search.988.mdinfonet.org\/\" target=\"_blank\" rel=\"noopener\"> \u1e63awari aw\u1ecdn orisun ilera ihuwasi ti ipinle<\/a> database, agbara nipas\u1eb9 Maryland Information Network.<\/p>\n<h3>It\u1ecdju ailera ati aw\u1ecdn i\u1e63\u1eb9 igbim\u1ecdran<\/h3>\n<p>It\u1ecdju ailera ati aw\u1ecdn i\u1e63\u1eb9 \u1ecdp\u1ecdl\u1ecd tun wa fun \u1ecdya sisun. W\u1ecdn le \u1e63e iranl\u1ecdw\u1ecd p\u1eb9lu:<\/p>\n<ul>\n<li>aw\u1ecdn t\u1ecdk\u1ecdtaya \/ igbeyawo oran<\/li>\n<li>\u1ecdm\u1ecd ihuwasi oran<\/li>\n<li>aw\u1ecdn iyipada aye tabi ibalokanje<\/li>\n<li>\u015fuga<\/li>\n<li>aw\u1ecdn rudurudu aibal\u1eb9<\/li>\n<li>ibinu<\/li>\n<li>Aipe Aipe Ifarabal\u1eb9 \u1eb8j\u1eb9 Hyperactivity (ADHD).<\/li>\n<\/ul>\n<p><strong><a href=\"https:\/\/fcmha.org\/how-we-help\/counseling-services\" target=\"_blank\" rel=\"noopener\">K\u1ecd \u1eb9k\u1ecd di\u1eb9 sii nipa aw\u1ecdn i\u1e63\u1eb9 idam\u1ecdran w\u1ecdnyi<\/a><\/strong>, ati \u1e63eto ipinnu lati pade.<\/p>\n<p>MHA tun funni\u00a0<strong><a href=\"https:\/\/fcmha.org\/how-we-help\/support-groups\" target=\"_blank\" rel=\"noopener\">aw\u1ecdn \u1eb9gb\u1eb9 atil\u1eb9yin<\/a><\/strong> fun aw\u1ecdn idile ti o ti padanu oluf\u1eb9 kan si igb\u1eb9mi ara \u1eb9ni ati aw\u1ecdn iyok\u00f9 igb\u1eb9mi ara \u1eb9ni. Iw\u1ecd ko dawa. \u1e62akoso ibanuj\u1eb9 nla, \u1eb9bi, ibinu, ibanuj\u1eb9, ati igbagbe p\u1eb9lu \u1eb9gb\u1eb9 atil\u1eb9yin kan.<\/p>\n<h2>Iranl\u1ecdw\u1ecd i\u1e63oogun<\/h2>\n<p>I\u1e63\u1ecdkan \u1eb8sin fun Aw\u1ecdn iwulo Eniyan Pajawiri pese <a href=\"https:\/\/thereligiouscoalition.org\/need-help\/healthcare-programs\/\" target=\"_blank\" rel=\"noopener\">ogun ati eh\u00edn iranlowo<\/a>. W\u1ecdn \u1e63e iranl\u1ecdw\u1ecd fun aw\u1ecdn eniyan \u1ecdg\u1ecdrun di\u1eb9 ni gbogbo \u1ecddun nipas\u1eb9 aw\u1ecdn eto w\u1ecdnyi.<\/p>\n<p>Eto oogun oogun n pese iranl\u1ecdw\u1ecd fun aw\u1ecdn \u1eb9ni-k\u1ecd\u1ecdkan ti o nilo iranl\u1ecdw\u1ecd isanwo fun oogun igbala aye. Aw\u1ecdn iwe ilana oogun ti kun ni aw\u1ecdn ile elegbogi alaba\u1e63ep\u1ecd.<\/p>\n<h3>Iranl\u1ecdw\u1ecd eh\u00edn<\/h3>\n<p>Eto eh\u00edn wa fun aw\u1ecdn olugbe Frederick County ti \u1ecdj\u1ecd-ori 51 ati agbalagba ti o nilo iranl\u1ecdw\u1ecd eh\u00edn pajawiri p\u1eb9lu aw\u1ecdn ilana eh\u00edn ti o r\u1ecdrun.<\/p>\n<p>Fun aw\u1ecdn \u1ecdm\u1ecdde, ile-iwosan eh\u00edn paediatric kan wa ni ile <a href=\"https:\/\/health.frederickcountymd.gov\/264\/Dental-Clinic\" target=\"_blank\" rel=\"noopener\">Frederick County Health Department<\/a> fun aw\u1ecdn \u1ecdm\u1ecdde ti ko ni i\u1e63eduro tabi aw\u1ecdn ti o ni iranl\u1ecdw\u1ecd iwosan. Aw\u1ecdn i\u1e63\u1eb9 eh\u00edn ni a pese fun aw\u1ecdn \u1ecdm\u1ecdde lati \u1ecdj\u1ecd ori 1-18, p\u1eb9lu aw\u1ecdn \u1ecdm\u1ecdde ti o ni aw\u1ecdn iwulo pataki. Aw\u1ecdn \u1ecdm\u1ecdde le gba aw\u1ecdn mim\u1ecd ehin ti o \u1e63e deede, aw\u1ecdn egungun x-ray, fluoride, aw\u1ecdn kikun, edidi, ati aw\u1ecdn isediwon igbagbogbo.<\/p>\n<p>Lakoko ti aw\u1ecdn agbalagba ko le gba it\u1ecdju ni Ile-iwosan eh\u00edn \u1eb8ka Ilera, aw\u1ecdn iwe-\u1eb9ri ti pese lati dinku idiyele ti aw\u1ecdn i\u1e63\u1eb9 ab\u1eb9 eh\u00edn ni aw\u1ecdn \u1ecdfiisi oni\u1e63\u1eb9 ab\u1eb9 \u1eb9nu aladani ti agbegbe.<\/p>\n<p>Ti o ko ba y\u1eb9 fun \u1ecdkan ninu aw\u1ecdn eto eh\u00edn w\u1ecdnyi ni Frederick County, o tun le <a href=\"https:\/\/211md.org\/yo\/oro\/itoju-ilera\/itoju-ehin\/\">k\u1ecd \u1eb9k\u1ecd nipa iranl\u1ecdw\u1ecd eh\u00edn miiran<\/a> ni Maryland.<\/p>\n<h3>Aw\u1ecdn ibojuwo it\u1ecdju idena<\/h3>\n<p>Pipin Aw\u1ecdn I\u1e63\u1eb9 Ilera Agbegbe ti Frederick County pese <a href=\"https:\/\/health.frederickcountymd.gov\/218\/Preventive-Health-Services\" target=\"_blank\" rel=\"noopener\">free gb\u00e8nd\u00e9ke ilera aw\u1ecdn i\u1e63\u1eb9<\/a>. Aw\u1ecdn \u1eb9ni-k\u1ecd\u1ecdkan ti o ni \u1eb9t\u1ecd le gba ak\u00e0n colorectal ti ko ni iye owo, alakan igbaya, tabi ibojuwo alakan cervical. Won tun ni a <a href=\"https:\/\/health.frederickcountymd.gov\/499\/Healthy-Hearts-Blood-Pressure-Self-Monit\" target=\"_blank\" rel=\"noopener\">Eto tit\u1eb9 \u1eb9j\u1eb9 ti o ni ilera<\/a>, eyi ti o pese it\u1ecdnis\u1ecdna ati atil\u1eb9yin fun aw\u1ecdn agbalagba ti o ni tit\u1eb9 \u1eb9j\u1eb9 ti o ga.<\/p>\n<h2>Ibugbe aini ile<\/h2>\n<p>Ti iw\u1ecd tabi \u1eb9nikan ti o m\u1ecd nilo ile pajawiri, o le gba iranl\u1ecdw\u1ecd ni aaye naa <a href=\"https:\/\/thereligiouscoalition.org\/need-help\/emergency-shelter-programs\/\" target=\"_blank\" rel=\"noopener\">Alan P Linton, Jr. Pajawiri Koseemani<\/a>. O j\u1eb9 ohun elo ti o tobi jul\u1ecd ni Frederick County, p\u1eb9lu aw\u1ecdn ibusun 88 fun aw\u1ecdn agbalagba aini ile.<\/p>\n<p>I\u1e63\u1ecdkan \u1eb8sin fun Aw\u1ecdn iwulo Eda Pajawiri tun ni \u1eb9ya <a href=\"https:\/\/thereligiouscoalition.org\/need-help\/emergency-shelter-programs\/emergency-family-shelter\/\" target=\"_blank\" rel=\"noopener\">pajawiri ebi koseemani<\/a>.<\/p>\n<p>Ajo naa tun n \u1e63i\u1e63\u1eb9 p\u1eb9lu aw\u1ecdn eniyan k\u1ecd\u1ecdkan lori iyipada si ile ayeraye. <a href=\"https:\/\/thereligiouscoalition.org\/need-help\/after-shelter-programs\/\" target=\"_blank\" rel=\"noopener\">L\u1eb9hin ti Iji<\/a> pese aw\u1ecdn onibara ibugbe ti o y\u1eb9 p\u1eb9lu iranl\u1ecdw\u1ecd ile fun \u1ecddun kan. Eto naa p\u1eb9lu igbim\u1ecdran isuna, atil\u1eb9yin i\u1e63akoso \u1ecdran, iranl\u1ecdw\u1ecd idogo aabo ti o \u1e63ee\u1e63e, iranl\u1ecdw\u1ecd iyalo, iranl\u1ecdw\u1ecd ohun elo, aw\u1ecdn i\u1e63\u1eb9 ik\u1eb9k\u1ecd, iranl\u1ecdw\u1ecd oogun, ati it\u1ecdkasi si Garage Chance Keji fun iranl\u1ecdw\u1ecd p\u1eb9lu \u1ecdk\u1ecd ay\u1ecdk\u1eb9l\u1eb9 kan.<\/p>\n<h3>Gbigbe Support<\/h3>\n<p>Ti o ba n \u1e63i\u1e63\u1eb9 p\u1eb9lu ile-i\u1e63\u1eb9 ilera ati i\u1e63\u1eb9 eniyan ni Frederick County ati nilo iranl\u1ecdw\u1ecd p\u1eb9lu gbigbe, o le ni \u1eb9t\u1ecd fun iranl\u1ecdw\u1ecd lati \u1ecdd\u1ecd <a href=\"https:\/\/secondchancesgarage.org\/receive-a-car\/\" target=\"_blank\" rel=\"noopener\">Keji Iseese Garage<\/a>. O j\u1eb9 eto \u1ecdk\u1ecd ti o ni iye owo kekere. Aw\u1ecdn agbari \u1e63i\u1e63\u1eb9 p\u1eb9lu aw\u1ecdn <a href=\"https:\/\/secondchancesgarage.org\/partner-agencies\/\" target=\"_blank\" rel=\"noopener\">w\u1ecdnyi alaba\u1e63ep\u1ecd ajo<\/a>. O gb\u1ecdd\u1ecd gba atil\u1eb9yin ti nl\u1ecd l\u1ecdw\u1ecd lati \u1ecdd\u1ecd \u1ecdkan ninu w\u1ecdn tabi j\u1eb9 \u1ecdm\u1ecd ile-iwe giga kan laipe ti eto w\u1ecdn. Ile-i\u1e63\u1eb9 alaba\u1e63ep\u1ecd pinnu yiyan yiyan.<\/p>\n<p>Gbogbo eniyan tun le ra \u1ecdk\u1ecd ay\u1ecdk\u1eb9l\u1eb9 ti ko ni idiyele lati Garage Aw\u1ecdn aye Keji. Ko si inawo tabi aw\u1ecdn ero isanwo, ati aw\u1ecdn ere \u1e63e atil\u1eb9yin eto alaba\u1e63ep\u1ecd fun aw\u1ecdn ti o nilo.<\/p>\n<h2><b>Gba Iranl\u1ecdw\u1ecd Bayi<\/b><\/h2>\n<p>\u1e62e o nilo iranl\u1ecdw\u1ecd lati \u1e63aj\u1ecd owo-ori r\u1eb9, wiwa ibi ipam\u1ecd ounje tabi kikun ohun elo kan fun iranl\u1ecdw\u1ecd ohun elo? T\u1eb9 2-1-1 ati Alaye ati Alam\u1ecdja Ifiran\u1e63\u1eb9 le \u1e63e iranl\u1ecdw\u1ecd fun \u1ecd 24\/7\/365.<\/p>\n<p>211 yoo so o si a agbegbe aw\u1ecdn olu\u015fewadi, p\u1eb9lu aw\u1ecdn <a href=\"https:\/\/dhs.maryland.gov\/local-offices\/frederick-county\/\" target=\"_blank\" rel=\"noopener\">Frederick County Department of Social Services<\/a>, eyiti o tun pese atil\u1eb9yin, p\u1eb9lu aw\u1ecdn ont\u1eb9 ounj\u1eb9, iranl\u1ecdw\u1ecd owo igba di\u1eb9, aw\u1ecdn sikolashipu it\u1ecdju \u1ecdm\u1ecdde, Medikedi ati di\u1eb9 sii.<\/p>\n<p>O tun le wa aw\u1ecdn orisun nipas\u1eb9 \u1eb9ka.<\/p>\n\t\t<h4><a href=\"\/yo\/oro\/ailera-ti-ogbo\/?utm_source=Home&#038;utm_medium=Referral&#038;utm_campaign=211Resources&#038;utm_content=Aging\" target=\"_self\">Ti ogbo &amp; Alaabo<\/a><\/h4>\n\t\t\t\t<a href=\"\/yo\/oro\/ailera-ti-ogbo\/?utm_source=Home&#038;utm_medium=Referral&#038;utm_campaign=211Resources&#038;utm_content=Aging\"  target=\"_self\" itemprop=\"url\">\n\t\t\t\t<img decoding=\"async\" src=\"https:\/\/211md.org\/wp-content\/uploads\/bb-plugin\/cache\/2025_MdInfoNet_Icon-Sets_Aging-disability-square-c466727102cae71e5f27b8539bb51945-.png\" alt=\"\" itemprop=\"image\" onerror=\"this.style.display='none'\" loading=\"lazy\" \/>\n\t\t\t\t<\/a>\n\t\t<h4><a href=\"\/yo\/oro\/omo-idile\/?utm_source=Home&#038;utm_medium=Referral&#038;utm_campaign=211Resources&#038;utm_content=Children\" target=\"_self\">Aw\u1ecdn \u1ecdm\u1ecdde &amp; Aw\u1ecdn idile<\/a><\/h4>\n\t\t\t\t<a href=\"\/yo\/oro\/omo-idile\/?utm_source=Home&#038;utm_medium=Referral&#038;utm_campaign=211Resources&#038;utm_content=Children\"  target=\"_self\" itemprop=\"url\">\n\t\t\t\t<img decoding=\"async\" src=\"https:\/\/211md.org\/wp-content\/uploads\/bb-plugin\/cache\/2025_211_Icon-Sets_Child-care-square-f3b0d4edab3dcc467fadb5f55f4064c6-.png\" alt=\"2025_211_Icon Sets_Child itoju\" itemprop=\"image\" height=\"417\" width=\"417\" title=\"2025_211_Icon Sets_Child itoju\" onerror=\"this.style.display='none'\" loading=\"lazy\" \/>\n\t\t\t\t<\/a>\n\t\t<h4><a href=\"\/yo\/oro\/abele-ebi-iwa-ipa\/?utm_source=Home&#038;utm_medium=Referral&#038;utm_campaign=211Resources&#038;utm_content=Domestic\" target=\"_self\">Iwa-ipa Abele<\/a><\/h4>\n\t\t\t\t<a href=\"\/yo\/oro\/abele-ebi-iwa-ipa\/?utm_source=Home&#038;utm_medium=Referral&#038;utm_campaign=211Resources&#038;utm_content=Domestic\"  target=\"_self\" itemprop=\"url\">\n\t\t\t\t<img decoding=\"async\" src=\"https:\/\/211md.org\/wp-content\/uploads\/bb-plugin\/cache\/2025_211_Icon-Sets_Domestic-Violence-square-7b597694a6f05fe90cdc376aa573bc63-.png\" alt=\"Aami iwa-ipa ab\u1eb9le\" itemprop=\"image\" height=\"417\" width=\"417\" title=\"2025_211_Icon \u1e62eto_Iwa-ipa Abele\" onerror=\"this.style.display='none'\" loading=\"lazy\" \/>\n\t\t\t\t<\/a>\n\t\t<h4><a href=\"\/yo\/oro\/wiwa-oojo\/?utm_source=Home&#038;utm_medium=Referral&#038;utm_campaign=211Resources&#038;utm_content=Employment\" target=\"_self\">Igbanisise<\/a><\/h4>\n\t\t\t\t<a href=\"\/yo\/oro\/wiwa-oojo\/?utm_source=Home&#038;utm_medium=Referral&#038;utm_campaign=211Resources&#038;utm_content=Employment\"  target=\"_self\" itemprop=\"url\">\n\t\t\t\t<img decoding=\"async\" src=\"https:\/\/211md.org\/wp-content\/uploads\/bb-plugin\/cache\/2025_MdInfoNet_Icon-Sets_Employment-square-44707bd410e4df10a470bf130ebcea86-.png\" alt=\"\" itemprop=\"image\" onerror=\"this.style.display='none'\" loading=\"lazy\" \/>\n\t\t\t\t<\/a>\n\t\t<h4><a href=\"\/yo\/oro\/itoju-ilera\/?utm_source=Home&#038;utm_medium=Referral&#038;utm_campaign=211Resources&#038;utm_content=Health%20Care\" target=\"_self\">It\u1ecdju Ilera<\/a><\/h4>\n\t\t\t\t<a href=\"\/yo\/oro\/itoju-ilera\/?utm_source=Home&#038;utm_medium=Referral&#038;utm_campaign=211Resources&#038;utm_content=Health%20Care\"  target=\"_self\" itemprop=\"url\">\n\t\t\t\t<img decoding=\"async\" src=\"https:\/\/211md.org\/wp-content\/uploads\/bb-plugin\/cache\/2025_MdInfoNet_Icon-Sets_Health-Care-square-dee98a0060cbe0e7f27eda253fc12679-.png\" alt=\"\" itemprop=\"image\" onerror=\"this.style.display='none'\" loading=\"lazy\" \/>\n\t\t\t\t<\/a>\n\t\t<h4><a href=\"\/yo\/oro\/omo-idile\/itoju-ibatan\/?utm_source=Home&#038;utm_medium=Referral&#038;utm_campaign=211Resources&#038;utm_content=Kinship\" target=\"_self\">\u00ccb\u00e1tan<\/a><\/h4>\n\t\t\t\t<a href=\"\/yo\/oro\/omo-idile\/itoju-ibatan\/?utm_source=Home&#038;utm_medium=Referral&#038;utm_campaign=211Resources&#038;utm_content=Kinship\"  target=\"_self\" itemprop=\"url\">\n\t\t\t\t<img decoding=\"async\" src=\"https:\/\/211md.org\/wp-content\/uploads\/bb-plugin\/cache\/2025_211_Icon-Sets_Kinship-square-45bdf872866f5735f842c32071109267-.png\" alt=\"Aami ibatan\" itemprop=\"image\" height=\"417\" width=\"417\" title=\"2025_211_Icon Sets_Kinship\" onerror=\"this.style.display='none'\" loading=\"lazy\" \/>\n\t\t\t\t<\/a>\n\t\t<h4><a href=\"\/yo\/oro\/ofin-awon-i%e1%b9%a3e\/?utm_source=Home&#038;utm_medium=Referral&#038;utm_campaign=211Resources&#038;utm_content=Legal\" target=\"_self\">Aw\u1ecdn i\u1e63\u1eb9 ofin<\/a><\/h4>\n\t\t\t\t<a href=\"\/yo\/oro\/ofin-awon-i%e1%b9%a3e\/?utm_source=Home&#038;utm_medium=Referral&#038;utm_campaign=211Resources&#038;utm_content=Legal\"  target=\"_self\" itemprop=\"url\">\n\t\t\t\t<img decoding=\"async\" src=\"https:\/\/211md.org\/wp-content\/uploads\/bb-plugin\/cache\/2025_MdInfoNet_Icon-Sets_Legal-square-18fdf438feb8435588174d9046463257-.png\" alt=\"\" itemprop=\"image\" onerror=\"this.style.display='none'\" loading=\"lazy\" \/>\n\t\t\t\t<\/a>\n\t\t<h4><a href=\"\/yo\/oro\/opolo-ilera\/?utm_source=Home&#038;utm_medium=Referral&#038;utm_campaign=211Resources&#038;utm_content=Mental\" target=\"_self\">Opolo Health<\/a><\/h4>\n\t\t\t\t<a href=\"\/yo\/oro\/opolo-ilera\/?utm_source=Home&#038;utm_medium=Referral&#038;utm_campaign=211Resources&#038;utm_content=Mental\"  target=\"_self\" itemprop=\"url\">\n\t\t\t\t<img decoding=\"async\" src=\"https:\/\/211md.org\/wp-content\/uploads\/bb-plugin\/cache\/2025_MdInfoNet_Icon-Sets_Mental-Health-square-c59b38c4a993a947d4c9280fbe2d2fee-.png\" alt=\"\" itemprop=\"image\" onerror=\"this.style.display='none'\" loading=\"lazy\" \/>\n\t\t\t\t<\/a>\n\t\t<h4><a href=\"\/yo\/oro\/ogbon-inu\/?utm_source=Home&#038;utm_medium=Referral&#038;utm_campaign=211Resources&#038;utm_content=Reentry\" target=\"_self\">Atunw\u1ecdle<\/a><\/h4>\n\t\t\t\t<a href=\"\/yo\/oro\/ogbon-inu\/?utm_source=Home&#038;utm_medium=Referral&#038;utm_campaign=211Resources&#038;utm_content=Reentry\"  target=\"_self\" itemprop=\"url\">\n\t\t\t\t<img decoding=\"async\" src=\"https:\/\/211md.org\/wp-content\/uploads\/bb-plugin\/cache\/2025_211_Icon-Sets_Reentry-square-8676fea38abd920a832f45642fe31cca-.png\" alt=\"Aami iw\u1ecdle\" itemprop=\"image\" height=\"417\" width=\"417\" title=\"2025_211_Icon Sets_Reentry\" onerror=\"this.style.display='none'\" loading=\"lazy\" \/>\n\t\t\t\t<\/a>\n\t\t<h4><a href=\"\/yo\/oro\/lilo-nkan-elo\/?utm_source=Home&#038;utm_medium=Referral&#038;utm_campaign=211Resources&#038;utm_content=Substance\" target=\"_self\">Ohun elo Lilo<\/a><\/h4>\n\t\t\t\t<a href=\"\/yo\/oro\/lilo-nkan-elo\/?utm_source=Home&#038;utm_medium=Referral&#038;utm_campaign=211Resources&#038;utm_content=Substance\"  target=\"_self\" itemprop=\"url\">\n\t\t\t\t<img decoding=\"async\" src=\"https:\/\/211md.org\/wp-content\/uploads\/bb-plugin\/cache\/2025_MdInfoNet_Icon-Sets_Substance-Abuse-square-9022fec9d18a64118ad685c101885b55-.png\" alt=\"\" itemprop=\"image\" onerror=\"this.style.display='none'\" loading=\"lazy\" \/>\n\t\t\t\t<\/a>\n\t\t<h4><a href=\"\/yo\/oro\/ogbo\/?utm_source=Home&#038;utm_medium=Referral&#038;utm_campaign=211Resources&#038;utm_content=Veterans\" target=\"_self\">Ogbo<\/a><\/h4>\n\t\t\t\t<a href=\"\/yo\/oro\/ogbo\/?utm_source=Home&#038;utm_medium=Referral&#038;utm_campaign=211Resources&#038;utm_content=Veterans\"  target=\"_self\" itemprop=\"url\">\n\t\t\t\t<img decoding=\"async\" src=\"https:\/\/211md.org\/wp-content\/uploads\/bb-plugin\/cache\/2025_MdInfoNet_Icon-Sets_Rating-square-6e60d00cce4faa8e0a6d4ad7366aa733-.png\" alt=\"\" itemprop=\"image\" onerror=\"this.style.display='none'\" loading=\"lazy\" \/>\n\t\t\t\t<\/a>","protected":false},"excerpt":{"rendered":"<p>Wa Aw\u1ecdn orisun Nitosi Mi Wa Bayi \u1e62afikun ile-i\u1e63\u1eb9 tabi agbari r\u1eb9 si ibi ipam\u1ecd data orisun wa. \u1e62e o n gbe ni Frederick tabi \u1ecdkan ninu aw\u1ecdn agbegbe agbegbe, p\u1eb9lu Ballenger Creek, Buckeystown, New Market, Mount Airy, Woodsboro, Braddock Heights tabi Middletown? T\u1eb9 2-1-1 lati sop\u1ecd si aw\u1ecdn orisun pataki. O tun le wa ibi ipam\u1ecd data lati wa\u2026<\/p>","protected":false},"author":8,"featured_media":3795,"parent":750,"menu_order":0,"comment_status":"closed","ping_status":"closed","template":"","meta":{"footnotes":""},"class_list":["post-1703","page","type-page","status-publish","has-post-thumbnail","hentry"],"_links":{"self":[{"href":"https:\/\/211md.org\/yo\/wp-json\/wp\/v2\/pages\/1703","targetHints":{"allow":["GET"]}}],"collection":[{"href":"https:\/\/211md.org\/yo\/wp-json\/wp\/v2\/pages"}],"about":[{"href":"https:\/\/211md.org\/yo\/wp-json\/wp\/v2\/types\/page"}],"author":[{"embeddable":true,"href":"https:\/\/211md.org\/yo\/wp-json\/wp\/v2\/users\/8"}],"replies":[{"embeddable":true,"href":"https:\/\/211md.org\/yo\/wp-json\/wp\/v2\/comments?post=1703"}],"version-history":[{"count":3,"href":"https:\/\/211md.org\/yo\/wp-json\/wp\/v2\/pages\/1703\/revisions"}],"predecessor-version":[{"id":34080,"href":"https:\/\/211md.org\/yo\/wp-json\/wp\/v2\/pages\/1703\/revisions\/34080"}],"up":[{"embeddable":true,"href":"https:\/\/211md.org\/yo\/wp-json\/wp\/v2\/pages\/750"}],"wp:featuredmedia":[{"embeddable":true,"href":"https:\/\/211md.org\/yo\/wp-json\/wp\/v2\/media\/3795"}],"wp:attachment":[{"href":"https:\/\/211md.org\/yo\/wp-json\/wp\/v2\/media?parent=1703"}],"curies":[{"name":"wp","href":"https:\/\/api.w.org\/{rel}","templated":true}]}}