{"id":1963,"date":"2021-05-27T13:01:12","date_gmt":"2021-05-27T13:01:12","guid":{"rendered":"https:\/\/211md.org\/?page_id=1963"},"modified":"2023-08-02T09:40:34","modified_gmt":"2023-08-02T13:40:34","slug":"covid-yiyalo-iranlowo","status":"publish","type":"page","link":"https:\/\/211md.org\/yo\/resources\/housing-shelter\/covid-rental-help\/","title":{"rendered":"Iranl\u1ecdw\u1ecd Yiyalo COVID"},"content":{"rendered":"<h2>Eto Iranl\u1ecdw\u1ecd Yiyalo Pajawiri Maryland (ERAP)<\/h2>\n<p>\u1e62e o ni wahala lati san iyalo r\u1eb9 nitori COVID-19? O le ni \u1eb9t\u1ecd fun iranl\u1ecdw\u1ecd owo p\u1eb9lu aw\u1ecdn sisanwo yiyalo l\u1ecdw\u1ecdl\u1ecdw\u1ecd tabi ti o k\u1ecdja. \u1eccp\u1ecdl\u1ecdp\u1ecd aw\u1ecdn eto ti pari igbeowosile fun iranl\u1ecdw\u1ecd iyalo ti o ni ibatan si COVID-19, \u1e63ugb\u1ecdn o tun le ni anfani lati gba iranl\u1ecdw\u1ecd nipas\u1eb9 omiiran <a href=\"https:\/\/211md.org\/yo\/oro\/ibugbe-ibugbe\/\">orisun ile<\/a>. Ti o ba nilo iranl\u1ecdw\u1ecd p\u1eb9lu iyalo, pe 2-1-1.<\/p>\n<p>Aw\u1ecdn onile tun le \u1e63e iranl\u1ecdw\u1ecd fun aw\u1ecdn ayalegbe lati beere fun atil\u1eb9yin.<\/p>\n\t<iframe loading=\"lazy\" width=\"560\" height=\"315\" src=\"https:\/\/www.youtube.com\/embed\/6Fomy15JX-E\" title=\"\u1eb8r\u1ecd orin fidio YouTube\" frameborder=\"0\" allow=\"accelerometer; autoplay; clipboard-write; encrypted-media; gyroscope; picture-in-picture\" allowfullscreen><\/iframe>\n\t<p>Bi o \u1e63e bere fun iranl\u1ecdw\u1ecd da lori ibi ti o ngbe. Aw\u1ecdn\u00a0<a href=\"https:\/\/dhcd.maryland.gov\/Pages\/EvictionPrevention\/default.aspx\" target=\"_blank\" rel=\"noopener\">\u1eb8ka Ile ti Maryland ati Idagbasoke Agbegbe<\/a> \u1e63i\u1e63\u1eb9 p\u1eb9lu aw\u1ecdn sakani agbegbe ati aw\u1ecdn ile-i\u1e63\u1eb9 i\u1e63akoso ohun-ini lati pin kaakiri aw\u1ecdn owo apapo.<\/p>\n<h3><b>Wa Iranl\u1ecdw\u1ecd Iyalo Agbegbe<\/b><\/h3>\n<p>Aw\u1ecdn inawo ni opin, ati pe gbogbo idile le ma gba iranl\u1ecdw\u1ecd. Lakoko ti di\u1eb9 ninu aw\u1ecdn eto ni aw\u1ecdn oruk\u1ecd ori\u1e63iri\u1e63i, pup\u1ecd jul\u1ecd ni a gba si Eto Iranl\u1ecdw\u1ecd Yiyalo Pajawiri tabi ERAP.<\/p>\n<p>Ipinle naa n \u1e63i\u1e63\u1eb9 ni aj\u1ecd\u1e63ep\u1ecd p\u1eb9lu aw\u1ecdn ile-i\u1e63\u1eb9 agbegbe lati \u1e63akoso aw\u1ecdn owo naa.<\/p>\n<p>K\u1ecd \u1eb9k\u1ecd nipa ilana elo, iwe ti a beere, aw\u1ecdn it\u1ecdnis\u1ecdna owo-wiw\u1ecdle ati aw\u1ecdn ile-i\u1e63\u1eb9 alaba\u1e63ep\u1ecd.<\/p>\n<p><strong>Akiyesi: \u1eccp\u1ecdl\u1ecdp\u1ecd aw\u1ecdn eto ti pari.<\/strong><\/p>\n<ul>\n<li><a href=\"https:\/\/covidrentrelief.alleghenycounty.us\/\" target=\"_blank\" rel=\"noopener\">Allegany ERAP \u2013 eto pari<\/a><\/li>\n<li><a href=\"https:\/\/acdsinc.org\/housing-resources\/renters\/acds-eviction-prevention-program\/\" target=\"_blank\" rel=\"noopener\">Aw\u1ecdn i\u1e63\u1eb9 Idagbasoke Agbegbe Anne Arundel (ACDS) Eto Idena Iy\u1ecdkuro<\/a><\/li>\n<li><a href=\"https:\/\/www.bmorechildren.com\/residents\" target=\"_blank\" rel=\"noopener\">Baltimore City Rental Iranl\u1ecdw\u1ecd<\/a><\/li>\n<li><a href=\"https:\/\/www.baltimorecountymd.gov\/departments\/housing\/eviction-prevention-program\" target=\"_blank\" rel=\"noopener\">Eto Idena Iy\u1ecdkuro ti Ilu Baltimore COVID-19<\/a><\/li>\n<li><a href=\"https:\/\/www.calvertcountymd.gov\/3056\/Rental-Assistance-Form\" target=\"_blank\" rel=\"noopener\">Calvert County Rental Iranl\u1ecdw\u1ecd<\/a><\/li>\n<li><a href=\"https:\/\/carolinemd.seamlessdocs.com\/f\/RENTUTILITY\" target=\"_blank\" rel=\"noopener\">Caroline County ERAP<\/a><\/li>\n<li><a href=\"https:\/\/www.carrollcountymd.gov\/government\/directory\/citizen-services\/housing-community-development\" target=\"_blank\" rel=\"noopener\">Agbegbe Carroll<\/a><\/li>\n<li><a href=\"https:\/\/www.ccgov.org\/government\/community-services\/housing\" target=\"_blank\" rel=\"noopener\">Agbegbe Cecil<\/a><\/li>\n<li>Agbegbe Charles (<a href=\"https:\/\/charlescountydss.com\/eviction\" target=\"_blank\" rel=\"noopener\">Department of Social Services<\/a>\u00a0ati\u00a0<a href=\"https:\/\/www.smtccac.org\/emergency-assistance.aspx\" target=\"_blank\" rel=\"noopener\">Southern Maryland Tri-County Community Action Committee (SMTCCAC) ERAP<\/a>) - pari<\/li>\n<li>Agbegbe Dorchester<\/li>\n<li>Frederick County - pari, \u1e63ugb\u1ecdn <a href=\"https:\/\/thereligiouscoalition.org\/need-help\/rental-assistance-program\/\" target=\"_blank\" rel=\"noopener\">The esin Coalition<\/a> le ni anfani lati \u1e63e iranl\u1ecdw\u1ecd p\u1eb9lu iyalo pada<\/li>\n<li><a href=\"https:\/\/www.howardcountymd.gov\/DHCD-COVID\" target=\"_blank\" rel=\"noopener\">Iderun Isanwo Ile ti Howard County COVID-19<\/a> - pari<\/li>\n<li><a href=\"https:\/\/www.mrdc.net\/our-programs\/housing\/erap\/\" target=\"_blank\" rel=\"noopener\">Kent County Maryland Idagbasoke Rural COVID-19 ERAP<\/a><\/li>\n<li><a href=\"https:\/\/www.princegeorgescountymd.gov\/3703\/Emergency-Rental-Assistance-Program\" target=\"_blank\" rel=\"noopener\">Eto Iranl\u1ecdw\u1ecd Yiyalo Pajawiri ti Prince George County<\/a><\/li>\n<li><a href=\"https:\/\/www.qac.org\/154\/Housing\" target=\"_blank\" rel=\"noopener\">Queen Anne k\u00e1 County<\/a><\/li>\n<li><a href=\"https:\/\/talbotcovid19.org\/financial-assistance\/\" target=\"_blank\" rel=\"noopener\">Agbegbe Talbot<\/a><\/li>\n<li><a href=\"https:\/\/www.wicomicocounty.org\/728\/Emergency-Rental-Assistance-Program\" target=\"_blank\" rel=\"noopener\">Agbegbe Wicomico<\/a><\/li>\n<li><a href=\"https:\/\/dhs.maryland.gov\/local-offices\/worcester-county\/\" target=\"_blank\" rel=\"noopener\">Agbegbe Worcester<\/a>\u00a0(\u1eb8ka Aw\u1ecdn I\u1e63\u1eb9 Awuj\u1ecd)<\/li>\n<\/ul>\n<p>O le pe 2-1-1 fun alaye tuntun lori eto Iranl\u1ecdw\u1ecd Rental Rental Assistance Maryland tabi pe 1-877-546-5595.<\/p>\n<h3><b>Owo Iranl\u1ecdw\u1ecd<\/b><\/h3>\n<p>Iranl\u1ecdw\u1ecd owo le tun wa nipas\u1eb9 alailere ti agbegbe, ile ij\u1ecdsin tabi ib\u1eb9w\u1eb9.\u00a0<a href=\"https:\/\/search.211md.org\/search?query=BH-3800.7000&amp;query_type=taxonomy&amp;query_label=&amp;query_language=en\" target=\"_blank\" rel=\"noopener\">Wa aaye data 211 fun aw\u1ecdn eto iranl\u1ecdw\u1ecd ti o j\u1ecdm\u1ecd ile<\/a>\u00a0tabi pe 2-1-1 ki o s\u1ecdr\u1ecd si Alaye kan ati Alam\u1ecdja Ifiran\u1e63\u1eb9 24\/7\/365.<\/p>\n<h3>Iranl\u1ecdw\u1ecd ofin<\/h3>\n<p>Ti o ba n dojuk\u1ecd idasile ati nilo iranl\u1ecdw\u1ecd ofin,\u00a0<a href=\"\/yo\/adaro-ese\/podcast-episode-6-mvls\/\" rel=\"noopener\">ri a agbegbe free ati ki o din iye owo i\u1e63\u1eb9 ofin<\/a>.<\/p>\n<h2>Alaye ti o j\u1ecdm\u1ecd<\/h2>\n<p><a title=\"Idena Iy\u1ecdkuro\" href=\"https:\/\/211md.org\/yo\/oro\/ibugbe-ibugbe\/idena-ilekuro\/\">Idena Iy\u1ecdkuro<\/a><\/p>\n<p><a href=\"https:\/\/211md.org\/yo\/oro\/ibugbe-ibugbe\/covid-yiyalo-iranlowo\/\">Iranl\u1ecdw\u1ecd Yiyalo COVID<\/a><\/p>\n<p><a title=\"y\u00e1 \/ igba l\u1ecdw\u1ecd \u1eb9ni \" href=\"https:\/\/211md.org\/yo\/oro\/ibugbe-ibugbe\/igba-lowo-eni\/\">y\u00e1 \/ igba l\u1ecdw\u1ecd \u1eb9ni<\/a><\/p>\n<p><a href=\"https:\/\/211md.org\/yo\/oro\/ibugbe-ibugbe\/senior-housing\/\" target=\"_blank\" rel=\"noopener\">Agba Housing<\/a><\/p>\n<h2>\n\t\tWa Oro\n\t<\/h2>\n\t\t\t\t<a href=\"\/yo\/oro\/ailera-ti-ogbo\/\" target=\"_self\" itemprop=\"url\" rel=\"noopener\">\n\t\t\t\t<img loading=\"lazy\" decoding=\"async\" src=\"https:\/\/211md.org\/wp-content\/uploads\/bb-plugin\/cache\/Mask-Group-41@2x-circle-73eaadba4cad8269faa4720e25cf1c85-.png\" alt=\"\u1eb8s\u1eb9 ti agbalagba obirin ati \u1ecdm\u1ecddebinrin ti nrin pap\u1ecd\" itemprop=\"image\" height=\"500\" width=\"500\" title=\"Aw\u1ecdn i\u1e63\u1eb9 ailera\" onerror=\"this.style.display='none'\"  \/>\n\t\t\t\t<\/a>\n\t\t<h3><a href=\"\/yo\/oro\/ailera-ti-ogbo\/\" target=\"_self\" rel=\"noopener\">Ti ogbo &amp; Alaabo<\/a><\/h3>\t\t\n\t\t\t\t<a href=\"\/yo\/oro\/omo-idile\/\" target=\"_self\" itemprop=\"url\" rel=\"noopener\">\n\t\t\t\t<img loading=\"lazy\" decoding=\"async\" src=\"https:\/\/211md.org\/wp-content\/uploads\/bb-plugin\/cache\/Mask-Group-38@2x-circle-ac40d46265fbec62083cd27f6dcf23b0-.png\" alt=\"\u1eccd\u1ecdm\u1ecdkunrin ati \u1ecdm\u1ecddebinrin kan n r\u1eb9rin mus\u1eb9 ati wiwo kam\u1eb9ra naa\" itemprop=\"image\" height=\"500\" width=\"500\" title=\"\u1eb8gb\u1eb9 boju 38@2x\" onerror=\"this.style.display='none'\"  \/>\n\t\t\t\t<\/a>\n\t\t<h3><a href=\"\/yo\/oro\/omo-idile\/\" target=\"_self\" rel=\"noopener\">Aw\u1ecdn \u1ecdm\u1ecdde &amp; Aw\u1ecdn idile<\/a><\/h3>\t\t\n\t\t\t\t<a href=\"\/yo\/oro\/covid-19-awon-olusewadi-aarin\/\" target=\"_self\" itemprop=\"url\" rel=\"noopener\">\n\t\t\t\t<img loading=\"lazy\" decoding=\"async\" src=\"https:\/\/211md.org\/wp-content\/uploads\/bb-plugin\/cache\/Mask-Group-35-circle-1d65595bca7a4e0f07d3d14ca4f42835-.png\" alt=\"A \u1ecdkunrin ati obinrin igbonwo bumping\" itemprop=\"image\" height=\"500\" width=\"500\" title=\"\u1eb8gb\u1eb9 iboju 35\" onerror=\"this.style.display='none'\"  \/>\n\t\t\t\t<\/a>\n\t\t<h3><a href=\"\/yo\/oro\/covid-19-awon-olusewadi-aarin\/\" target=\"_self\" rel=\"noopener\">Aw\u1ecdn orisun COVID-19<\/a><\/h3>\t\t\n\t\t\t\t<a href=\"\/yo\/oro\/abele-ebi-iwa-ipa\/\" target=\"_self\" itemprop=\"url\" rel=\"noopener\">\n\t\t\t\t<img loading=\"lazy\" decoding=\"async\" src=\"https:\/\/211md.org\/wp-content\/uploads\/bb-plugin\/cache\/Mask-Group-39@2x-circle-b2589197a13c791d910f46dd10b27a87-.png\" alt=\"\u1eccw\u1ecd meji meji di ara w\u1ecdn mu\" itemprop=\"image\" height=\"500\" width=\"500\" title=\"\u1eb8gb\u1eb9 boju 39@2x\" onerror=\"this.style.display='none'\"  \/>\n\t\t\t\t<\/a>\n\t\t<h3><a href=\"\/yo\/oro\/abele-ebi-iwa-ipa\/\" target=\"_self\" rel=\"noopener\">Abele \/ \u00ccd\u00edl\u00e9 Iwa-ipa<\/a><\/h3>\t\t\n\t\t\t\t<a href=\"\/yo\/oro\/wiwa-oojo\/\" target=\"_self\" itemprop=\"url\" rel=\"noopener\">\n\t\t\t\t<img loading=\"lazy\" decoding=\"async\" src=\"https:\/\/211md.org\/wp-content\/uploads\/bb-plugin\/cache\/Employment-circle-bf72562329e950df948954f5d3f44b2e-.png\" alt=\"Mekaniki \u1ecdk\u1ecd ay\u1ecdk\u1eb9l\u1eb9 kan\" itemprop=\"image\" height=\"500\" width=\"500\" title=\"Igbanisise\" onerror=\"this.style.display='none'\"  \/>\n\t\t\t\t<\/a>\n\t\t<h3><a href=\"\/yo\/oro\/wiwa-oojo\/\" target=\"_self\" rel=\"noopener\">Igbanisise<\/a><\/h3>\t\t\n\t\t\t\t<a href=\"\/yo\/oro\/itoju-ilera\/\" target=\"_self\" itemprop=\"url\" rel=\"noopener\">\n\t\t\t\t<img loading=\"lazy\" decoding=\"async\" src=\"https:\/\/211md.org\/wp-content\/uploads\/bb-plugin\/cache\/Mask-Group-35@2x-circle-94be10c13e4adae1683b4589dc2f5b2f-.png\" alt=\"Dokita ti n wo \u1eb9s\u1eb9 aw\u1ecdn \u1ecdm\u1ecdkunrin\" itemprop=\"image\" height=\"500\" width=\"500\" title=\"\u1eb8gb\u1eb9 boju 35@2x\" onerror=\"this.style.display='none'\"  \/>\n\t\t\t\t<\/a>\n\t\t<h3><a href=\"\/yo\/oro\/itoju-ilera\/\" target=\"_self\" rel=\"noopener\">It\u1ecdju Ilera<\/a><\/h3>\t\t\n\t\t\t\t<a href=\"\/yo\/oro\/ounje\/\" target=\"_self\" itemprop=\"url\" rel=\"noopener\">\n\t\t\t\t<img loading=\"lazy\" decoding=\"async\" src=\"https:\/\/211md.org\/wp-content\/uploads\/bb-plugin\/cache\/Mask-Group-32@2x-circle-1c6d647dcaf998fa079d26735cedc92b-.png\" alt=\"Aw\u1ecdn \u1eb9f\u1ecd titun\" itemprop=\"image\" height=\"500\" width=\"500\" title=\"\u1eb8gb\u1eb9 boju 32@2x\" onerror=\"this.style.display='none'\"  \/>\n\t\t\t\t<\/a>\n\t\t<h3><a href=\"\/yo\/oro\/ounje\/\" target=\"_self\" rel=\"noopener\">Ounj\u1eb9<\/a><\/h3>\t\t\n\t\t\t\t<a href=\"\/yo\/oro\/ibugbe-ibugbe\/\" target=\"_self\" itemprop=\"url\" rel=\"noopener\">\n\t\t\t\t<img loading=\"lazy\" decoding=\"async\" src=\"https:\/\/211md.org\/wp-content\/uploads\/bb-plugin\/cache\/Mask-Group-34@2x-circle-b99c55fc16ef21f35e2f2a1f7cc37b9a-.png\" alt=\"Iy\u1eb9wu eka balikoni\" itemprop=\"image\" height=\"500\" width=\"500\" title=\"Iy\u1eb9wu-Complex\" onerror=\"this.style.display='none'\"  \/>\n\t\t\t\t<\/a>\n\t\t<h3><a href=\"\/yo\/oro\/ibugbe-ibugbe\/\" target=\"_self\" rel=\"noopener\">Ibugbe &amp; Koseemani<\/a><\/h3>\t\t\n\t\t\t\t<a href=\"\/yo\/oro\/tuntun-si-wa-ati-maryland\/\" target=\"_self\" itemprop=\"url\" rel=\"noopener\">\n\t\t\t\t<img loading=\"lazy\" decoding=\"async\" src=\"https:\/\/211md.org\/wp-content\/uploads\/bb-plugin\/cache\/American-flag-circle-0016cc327e27ef7aeb080f1da6c6e98b-.jpg\" alt=\"American Flag\" itemprop=\"image\" height=\"364\" width=\"1366\" title=\"American-flag\" onerror=\"this.style.display='none'\"  \/>\n\t\t\t\t<\/a>\n\t\t<h3><a href=\"\/yo\/oro\/tuntun-si-wa-ati-maryland\/\" target=\"_self\" rel=\"noopener\">I\u1e63il\u1ecd<\/a><\/h3>\t\t\n\t\t\t\t<a href=\"\/yo\/oro\/ofin-awon-i%e1%b9%a3e\/\" target=\"_self\" itemprop=\"url\" rel=\"noopener\">\n\t\t\t\t<img loading=\"lazy\" decoding=\"async\" src=\"https:\/\/211md.org\/wp-content\/uploads\/bb-plugin\/cache\/Housing-Legal-circle-9a8f3c1c72c54b6e1ce612d2993c1ad4-.png\" alt=\"Ofin gavel p\u1eb9lu kan ike awo\u1e63e ti a ile t\u00f3k\u00e0n si o\" itemprop=\"image\" height=\"348\" width=\"460\" title=\"Ofin Ile\" onerror=\"this.style.display='none'\"  \/>\n\t\t\t\t<\/a>\n\t\t<h3><a href=\"\/yo\/oro\/ofin-awon-i%e1%b9%a3e\/\" target=\"_self\" rel=\"noopener\">Aw\u1ecdn i\u1e63\u1eb9 ofin<\/a><\/h3>\t\t\n\t\t\t\t<a href=\"\/yo\/oro\/opolo-ilera\/\" target=\"_self\" itemprop=\"url\" rel=\"noopener\">\n\t\t\t\t<img loading=\"lazy\" decoding=\"async\" src=\"https:\/\/211md.org\/wp-content\/uploads\/bb-plugin\/cache\/Mask-Group-40@2x-circle-7bd9426367852fb3d841bc4bdc57a550-.png\" alt=\"Aw\u1ecdn profaili ti \u1ecdkunrin kan ati obinrin\" itemprop=\"image\" height=\"500\" width=\"500\" title=\"\u1eb8gb\u1eb9 boju 40@2x\" onerror=\"this.style.display='none'\"  \/>\n\t\t\t\t<\/a>\n\t\t<h3><a href=\"\/yo\/oro\/opolo-ilera\/\" target=\"_self\" rel=\"noopener\">Opolo Health<\/a><\/h3>\t\t\n\t\t\t\t<a href=\"\/yo\/ikorira\/\" target=\"_self\" itemprop=\"url\" rel=\"noopener\">\n\t\t\t\t<img loading=\"lazy\" decoding=\"async\" src=\"https:\/\/211md.org\/wp-content\/uploads\/bb-plugin\/cache\/Background-section-MDStophate-circle-08e2bae1cf9f2ad6cc83e01e23da8cb9-.jpg\" alt=\"Background-apakan-MDStophate\" itemprop=\"image\" height=\"768\" width=\"1366\" title=\"Background-apakan-MDStophate\" onerror=\"this.style.display='none'\"  \/>\n\t\t\t\t<\/a>\n\t\t<h3><a href=\"\/yo\/ikorira\/\" target=\"_self\" rel=\"noopener\">Duro Ikorira<\/a><\/h3>\t\t\n\t\t\t\t<a href=\"\/yo\/oro\/lilo-nkan-elo\/\" target=\"_self\" itemprop=\"url\" rel=\"noopener\">\n\t\t\t\t<img loading=\"lazy\" decoding=\"async\" src=\"https:\/\/211md.org\/wp-content\/uploads\/bb-plugin\/cache\/Substance-Use-circle-ad2d564932dc31267e0c32a6fb2d915c-.png\" alt=\"Aw\u1ecdn oogun fif\u1ecd \u1ecdw\u1ecd\" itemprop=\"image\" height=\"500\" width=\"500\" title=\"Nkan-Lilo\" onerror=\"this.style.display='none'\"  \/>\n\t\t\t\t<\/a>\n\t\t<h3><a href=\"\/yo\/oro\/lilo-nkan-elo\/\" target=\"_self\" rel=\"noopener\">Ohun elo Lilo<\/a><\/h3>\t\t\n\t\t\t\t<a href=\"\/yo\/oro\/ori-awon-i%e1%b9%a3e\/\" target=\"_self\" itemprop=\"url\" rel=\"noopener\">\n\t\t\t\t<img loading=\"lazy\" decoding=\"async\" src=\"https:\/\/211md.org\/wp-content\/uploads\/bb-plugin\/cache\/Mask-Group-34-circle-166a606e37e61188c9a17d5e634cda3c-.png\" alt=\"Eniyan \u00e0gb\u00e1ye jade owo oya-ori iwe\" itemprop=\"image\" height=\"500\" width=\"500\" title=\"\u1eb8gb\u1eb9 iboju 34\" onerror=\"this.style.display='none'\"  \/>\n\t\t\t\t<\/a>\n\t\t<h3><a href=\"\/yo\/oro\/ori-awon-i%e1%b9%a3e\/\" target=\"_self\" rel=\"noopener\">Aw\u1ecdn i\u1e63\u1eb9-ori<\/a><\/h3>\t\t\n\t\t\t\t<a href=\"\/yo\/oro\/iranlowo-ohun-elo\/\" target=\"_self\" itemprop=\"url\" rel=\"noopener\">\n\t\t\t\t<img loading=\"lazy\" decoding=\"async\" src=\"https:\/\/211md.org\/wp-content\/uploads\/bb-plugin\/cache\/Mask-Group-37@2x-circle-9661a11b9c4082079c9a1f06bc539567-.png\" alt=\"Atupa ina soke\" itemprop=\"image\" height=\"500\" width=\"500\" title=\"\u1eb8gb\u1eb9 boju 37@2x\" onerror=\"this.style.display='none'\"  \/>\n\t\t\t\t<\/a>\n\t\t<h3><a href=\"\/yo\/oro\/iranlowo-ohun-elo\/\" target=\"_self\" rel=\"noopener\">Iranl\u1ecdw\u1ecd IwUlO<\/a><\/h3>\t\t\n\t\t\t\t<a href=\"\/yo\/oro\/ogbo\/\" target=\"_self\" itemprop=\"url\" rel=\"noopener\">\n\t\t\t\t<img loading=\"lazy\" decoding=\"async\" src=\"https:\/\/211md.org\/wp-content\/uploads\/bb-plugin\/cache\/Veterans-circle-b5b2b017288a5af0f61a41d0f31d0f82-.png\" alt=\"\u1eccm\u1ecd-ogun ti nm\u00ec \u1ecdw\u1ecd \u1eb9nikan ti o r\u1eb9rin mus\u1eb9\" itemprop=\"image\" height=\"500\" width=\"500\" title=\"Ogbo\" onerror=\"this.style.display='none'\"  \/>\n\t\t\t\t<\/a>\n\t\t<h3><a href=\"\/yo\/oro\/ogbo\/\" target=\"_self\" rel=\"noopener\">Ogbo<\/a><\/h3>","protected":false},"excerpt":{"rendered":"<p>Eto Iranl\u1ecdw\u1ecd Yiyalo Pajawiri Maryland (ERAP) \u1e62e o ni wahala lati san iyalo r\u1eb9 nitori COVID-19? O le ni \u1eb9t\u1ecd fun iranl\u1ecdw\u1ecd owo p\u1eb9lu aw\u1ecdn sisanwo yiyalo l\u1ecdw\u1ecdl\u1ecdw\u1ecd tabi ti o k\u1ecdja. \u1eccp\u1ecdl\u1ecdp\u1ecd aw\u1ecdn eto ti pari igbeowosile fun iranl\u1ecdw\u1ecd iyalo ti o ni ibatan si COVID-19, \u1e63ugb\u1ecdn o tun le ni anfani lati gba iranl\u1ecdw\u1ecd nipas\u1eb9 orisun ile miiran. Ti o ba\u2026<\/p>","protected":false},"author":8,"featured_media":2434,"parent":926,"menu_order":0,"comment_status":"closed","ping_status":"closed","template":"","meta":{"footnotes":""},"class_list":["post-1963","page","type-page","status-publish","has-post-thumbnail","hentry"],"_links":{"self":[{"href":"https:\/\/211md.org\/yo\/wp-json\/wp\/v2\/pages\/1963","targetHints":{"allow":["GET"]}}],"collection":[{"href":"https:\/\/211md.org\/yo\/wp-json\/wp\/v2\/pages"}],"about":[{"href":"https:\/\/211md.org\/yo\/wp-json\/wp\/v2\/types\/page"}],"author":[{"embeddable":true,"href":"https:\/\/211md.org\/yo\/wp-json\/wp\/v2\/users\/8"}],"replies":[{"embeddable":true,"href":"https:\/\/211md.org\/yo\/wp-json\/wp\/v2\/comments?post=1963"}],"version-history":[{"count":0,"href":"https:\/\/211md.org\/yo\/wp-json\/wp\/v2\/pages\/1963\/revisions"}],"up":[{"embeddable":true,"href":"https:\/\/211md.org\/yo\/wp-json\/wp\/v2\/pages\/926"}],"wp:featuredmedia":[{"embeddable":true,"href":"https:\/\/211md.org\/yo\/wp-json\/wp\/v2\/media\/2434"}],"wp:attachment":[{"href":"https:\/\/211md.org\/yo\/wp-json\/wp\/v2\/media?parent=1963"}],"curies":[{"name":"wp","href":"https:\/\/api.w.org\/{rel}","templated":true}]}}