{"id":2010,"date":"2021-05-27T23:22:41","date_gmt":"2021-05-27T23:22:41","guid":{"rendered":"https:\/\/211md.org\/?page_id=2010"},"modified":"2026-01-08T09:44:30","modified_gmt":"2026-01-08T14:44:30","slug":"ounje-baltimore","status":"publish","type":"page","link":"https:\/\/211md.org\/yo\/resources\/food\/baltimore-food\/","title":{"rendered":"Wa Ounj\u1eb9 ni Ilu Baltimore"},"content":{"rendered":"<img decoding=\"async\" src=\"https:\/\/stg-maryland211-staging.kinsta.cloud\/wp-content\/uploads\/2025\/08\/5-1-scaled.png\" alt=\"5\" itemprop=\"image\" height=\"692\" width=\"2560\" title=\"5\" onerror=\"this.style.display='none'\" loading=\"lazy\" \/>\n\t\t<p>Looking for food in Baltimore City? There are several options available, including grocery delivery and produce box distribution.<\/p>\n\t\t\t<a href=\"#start\" target=\"_self\">\n\t\t\t\t\t\tB\u1eb9r\u1eb9\n\t\t\t\t\t<\/a>\n\t\t\t\t<img decoding=\"async\" src=\"https:\/\/211md.org\/wp-content\/plugins\/bb-plugin\/img\/pixel.png\" alt=\"\" itemprop=\"image\" onerror=\"this.style.display='none'\" loading=\"lazy\" \/>\n\t\t\t\t<img decoding=\"async\" src=\"https:\/\/stg-maryland211-staging.kinsta.cloud\/wp-content\/uploads\/2025\/08\/16.png\" alt=\"16\" itemprop=\"image\" height=\"1000\" width=\"1000\" title=\"16\" onerror=\"this.style.display='none'\" loading=\"lazy\" \/>\n\t\t\t\t<img decoding=\"async\" src=\"http:\/\/211md.org\/wp-content\/uploads\/2022\/05\/food-donation-box-from-food-bank.png\" alt=\"ounje \u1eb9bun apoti lati ounje bank\" itemprop=\"image\" title=\"ounje \u1eb9bun apoti lati ounje bank\" onerror=\"this.style.display='none'\" loading=\"lazy\" \/>\n\t<h2>Free Food Programs in Baltimore City<\/h2>\n<p>Agbegbe Baltimore Ilu ni aw\u1ecdn orisun ati atil\u1eb9yin fun aw\u1ecdn ti o ni ipa nipas\u1eb9 tiipa Federal tabi ti o dojuk\u1ecd ailabo ounj\u1eb9 fun idi miiran.<\/p>\n<h3>Produce Box Distribution<\/h3>\n<p>Residents can also get a 15-pound box of fresh produce, filled with fruits and vegetables, at locations throughout Baltimore City. These distribution events are held several days a week, and are expected to last through January 2026. There are 30 sites throughout Baltimore City, and events are held on various days of the week.<\/p>\n<p><a href=\"https:\/\/www.baltimorecity.gov\/shutdown\" target=\"_blank\" rel=\"noopener\">Wa<\/a> a date and location near you.<\/p>\n<h3>Home Delivered Food<\/h3>\n<p>If you are a Baltimore City resident and can&#8217;t afford meals or groceries and currently have no food at home or will run out before you can buy more, you may be able to request a free home-delivered grocery box. The box includes a week&#8217;s worth of non-perishable food.<\/p>\n<p>This program is typically available to adults 55+, but call and check the latest eligibility requirements.<\/p>\n<p>Sign up by contacting Maryland Access Point (MAP) in Baltimore City. Call 410-396-2273 (CARE).<\/p>\n\t<h3>Ounj\u1eb9 Project<\/h3>\n<p>UEMPOWER ti Maryland&#039;s \u201cIse agbese Ounj\u1eb9\u201d nfunni ni \u1ecdja ounj\u1eb9 agbejade kan ni Guusu iw\u1ecd-oorun Baltimore ni \u1eccj\u1ecdb\u1ecd, \u1eccj\u1ecdb\u1ecd, ati \u1eccj\u1ecdb\u1ecd. <a href=\"https:\/\/uempowerofmd.org\/the-food-project\/?fbclid=IwY2xjawNxoNJleHRuA2FlbQIxMABicmlkETF3WTRRMDFLWFgwcHFFYlBtAR7qY9aV3YUtn5csOAVMtq8igpfX7AZ0v-7JWNvfe_oC_Rz1og0p4yGTuL1lFg_aem_Cl_KH5FjNS0DfR4JLciMVA\" target=\"_blank\" rel=\"noopener\">Gba aw\u1ecdn igba tuntun<\/a> fun onje ati ounje ififunni. W\u1ecd\u0301n t\u00fan m\u00e1a \u0144 k\u00f3 o\u00fanj\u1eb9 w\u00e1 f\u00fan \u00e0w\u1ecdn t\u00f3 w\u00e0 n\u00edl\u00e9. UEMPOWER n \u1e63i\u1e63\u1eb9 p\u1eb9lu aw\u1ecdn alaba\u1e63i\u1e63\u1eb9p\u1ecd lati \u1e63e iranl\u1ecdw\u1ecd fun aw\u1ecdn eniyan k\u1ecd\u1ecdkan ati aw\u1ecdn idile lil\u00f6 kiri ni aw\u1ecdn anfani, aw\u1ecdn iwe a\u1e63\u1eb9, a\u1e63\u1ecd, ati di\u1eb9 sii.<\/p>\n<p>Ti o ba nilo ounj\u1eb9 tabi aw\u1ecdn i\u1e63\u1eb9 miiran, <a href=\"https:\/\/thefoodproject.jotform.com\/app\/252085176374966?fbclid=IwY2xjawNxn-1leHRuA2FlbQIxMABicmlkETF3WTRRMDFLWFgwcHFFYlBtAR4GlBC5R51LegBz-zIyswV4WOJWYca16ElrcV3SBIRFuCKwoKuZVm_aO4TyQg_aem_rcnPv2jagyzJg97yxnAMzw\" target=\"_blank\" rel=\"noopener\">f\u1ecdw\u1ecdsi f\u1ecd\u1ecdmu gbigbemi yii<\/a>.<\/p>\n<h3>So What Else Food Program<\/h3>\n<p>Fun aw\u1ecdn ile ounj\u1eb9, aw\u1ecdn ounj\u1eb9 ounj\u1eb9, ati aw\u1ecdn iled\u00ec\u00ed, \u1e63ab\u1eb9wo Nitorina Kini Ohun miiran. Orisi, opoiye, ati didara ounje le yat\u1ecd lojoojum\u1ecd. Mu apo tabi k\u1eb9k\u1eb9-\u1eb9r\u00f9 w\u00e1 lati gbe aw\u1ecdn nkan l\u1ecd si ile. Ti o wa ni Southwest Baltimore, Ile-i\u1e63\u1eb9 Ohun elo Baltimore \u1e63e iranl\u1ecdw\u1ecd fun agbegbe ni \u1ecdp\u1ecdl\u1ecdp\u1ecd aw\u1ecdn \u1ecdj\u1ecd ni \u1ecds\u1eb9 kan. <a href=\"https:\/\/sowhatelse.org\/\" target=\"_blank\" rel=\"noopener\">Gba aw\u1ecdn wakati tuntun w\u1ecdn<\/a> ati k\u1ecd \u1eb9k\u1ecd nipa aw\u1ecdn i\u1e63\u1eb9l\u1eb9 pataki fun aw\u1ecdn ti o ni ipa nipas\u1eb9 tiipa Federal.<\/p>\n<h3>Firiji Network<\/h3>\n<p>N\u1eb9tiw\u1ecd\u1ecdki Firiji Agbegbe BMore j\u1eb9 n\u1eb9tiw\u1ecd\u1ecdki ti aw\u1ecdn firiji ti o wa p\u1eb9lu ounj\u1eb9 ni agbegbe Baltimore Ilu. <a href=\"https:\/\/www.google.com\/maps\/d\/u\/0\/viewer?mid=144OL4Q89OhRc2JInBCT-TMrvVjZ5zG4&amp;ll=39.3519417%2C-76.60977299999999&amp;z=18\" target=\"_blank\" rel=\"noopener\">Wa aw\u1ecdn ipo p\u1eb9lu ounj\u1eb9<\/a>.<\/p>\n\t\t\t\t<a href=\"https:\/\/search.211md.org\/\" target=\"_blank\" rel=\"noopener\" itemprop=\"url\">\n\t\t\t\t<img decoding=\"async\" src=\"https:\/\/stg-maryland211-staging.kinsta.cloud\/wp-content\/uploads\/2025\/08\/2025_MdInfoNet_Icon-Sets-white_Locate.png\" alt=\"\" itemprop=\"image\" onerror=\"this.style.display='none'\" loading=\"lazy\" \/>\n\t\t\t\t<\/a>\n<h2><a href=\"https:\/\/search.211md.org\/\" target=\"_blank\" rel=\"noopener\">W\u1ecdp\u1ecd Baltimore Food Wiwa<\/a><\/h2><p>Click on the type of food you&#8217;re looking for in the Baltimore area, and search 211&#8217;s Community Resource Database. Narrow the results by entering a ZIP code.<\/p>\n\t\t\t<a href=\"https:\/\/search.211md.org\/search?query=BD-1800.2250&#038;query_type=taxonomy&#038;query_label=\" target=\"_blank\" rel=\"noopener\">\n\t\t\t\t\t\tAw\u1ecdn iwe-\u1eb9ri Ounj\u1eb9\n\t\t\t\t\t<\/a>\n\t\t\t<a href=\"https:\/\/search.211md.org\/search?query=BD-1800.2000&#038;query_type=taxonomy&#038;query_label=\" target=\"_blank\" rel=\"noopener\">\n\t\t\t\t\t\tIle ounj\u1eb9 ounj\u1eb9\n\t\t\t\t\t<\/a>\n\t\t\t<a href=\"https:\/\/search.211md.org\/search?query=BD-1875.2000&#038;query_type=taxonomy&#038;query_label=\" target=\"_blank\" rel=\"noopener\">\n\t\t\t\t\t\tFood Bank\n\t\t\t\t\t<\/a>\n\t\t\t<a href=\"https:\/\/search.211md.org\/search?query=BD-1800.8200-255&#038;query_label=Fresh+Food&#038;query_type=taxonomy&#038;distance=25\" target=\"_blank\" rel=\"noopener\">\n\t\t\t\t\t\tOunje Tuntun\n\t\t\t\t\t<\/a>\n\t\t\t<a href=\"https:\/\/search.211md.org\/search?query=Baby+Formula+%26+Food&#038;query_label=Baby+Formula+%26+Food&#038;query_type=taxonomy&#038;distance=25\" target=\"_blank\" rel=\"noopener\">\n\t\t\t\t\t\tF\u1ecd\u1ecdmu \/ Ounj\u1eb9 \u1eccm\u1ecd\n\t\t\t\t\t<\/a>\n\t\t\t<a href=\"https:\/\/search.211md.org\/search?query=BD-2400.2590&#038;query_type=taxonomy&#038;query_label=\" target=\"_blank\" rel=\"noopener\">\n\t\t\t\t\t\tIfiji\u1e63\u1eb9 Onje\n\t\t\t\t\t<\/a>\n\t<h2><b>Aw\u1ecdn \u1eb9dinwo Ile Onje Ni Baltimore<\/b><\/h2>\n<p>Aw\u1ecdn \u1ecdna afikun meji lo wa lati fipam\u1ecd sori aw\u1ecdn ounj\u1eb9:<\/p>\n<ul>\n<li>Pin Food Network<\/li>\n<li>B&#039;Di tuntun (nipas\u1eb9 Amazon)<\/li>\n<\/ul>\n<p>Aw\u1ecdn\u00a0<a href=\"https:\/\/211md.org\/yo\/oro\/ounje\/\" target=\"_blank\" rel=\"noopener\">Pin Food Network<\/a> j\u1eb9 ai-\u00e8r\u00e8 ti o pese aw\u1ecdn ounj\u1eb9 to ni ilera ni iw\u1ecdn idaji iye owo soobu. Aw\u1ecdn akoj\u1ecd a\u1e63ayan ti ni imudojuiw\u1ecdn ni gbogbo o\u1e63u, ati aw\u1ecdn ipo gbigba wa ni gbogbo Maryland.<\/p>\n<h3>Amazon eni<\/h3>\n<p>Aw\u1ecdn olukopa SNAP Ilu Baltimore (eyiti a m\u1ecd t\u1eb9l\u1eb9 bi aw\u1ecdn ont\u1eb9 ounj\u1eb9) le gba iwe-\u1eb9ri i\u1e63el\u1ecdp\u1ecd $20 nipas\u1eb9 B\u2019More Fresh ati Amazon. Niwon o j\u1eb9 \u1eb9ya Amazon eto, ounje yoo wa ni ji\u0161\u1eb9.<\/p>\n<p>Aw\u1ecdn iwe-\u1eb9ri naa wa ni \u1eb9\u1eb9kan ni o\u1e63u ati pe o gb\u1ecdd\u1ecd lo laarin \u1ecdgb\u1ecdn \u1ecdj\u1ecd.<\/p>\n<p>Eyi ni bii o \u1e63e n \u1e63i\u1e63\u1eb9.<\/p>\n<ul>\n<li>Na $5 lori SNAP\/EBT tuntun tabi aw\u1ecdn eso ati \u1eb9f\u1ecd tutunini ti o y\u1eb9.<\/li>\n<li>Gba iwe-\u1eb9ri $30 l\u1eb9hin rira naa.<\/li>\n<li>Na iwe-\u1eb9ri naa.<\/li>\n<li>Ilana naa le tun \u1e63e l\u1eb9\u1eb9kan ni o\u1e63u kan.<\/li>\n<\/ul>\n<p><em>Akiyesi: Aw\u1ecdn alaye eto j\u1eb9 koko \u1ecdr\u1ecd si iyipada.\u00a0<\/em><\/p>\n\t\t\t\t<img decoding=\"async\" src=\"https:\/\/211md.org\/wp-content\/uploads\/2021\/05\/Food-Donation.png\" alt=\"ounje ni baltimore\" itemprop=\"image\" height=\"348\" width=\"460\" title=\"\u1eb8bun Ounj\u1eb9\" onerror=\"this.style.display='none'\" loading=\"lazy\" \/>\n\t<h2>SNAP ati WIC<\/h2>\n<p>Ti o ba nilo iranl\u1ecdw\u1ecd lati sanwo fun aw\u1ecdn ile ounj\u1eb9, aw\u1ecdn eto iranl\u1ecdw\u1ecd ounj\u1eb9 meji wa.<\/p>\n<p>Ka it\u1ecds\u1ecdna 211 wa lori aw\u1ecdn eto mejeeji:<\/p>\n<ul>\n<li><a href=\"https:\/\/211md.org\/yo\/oro\/ounje\/ounje-awon-onte\/\">\u00c0fik\u00fan Eto Iranl\u1ecdw\u1ecd Ounj\u1eb9 tabi SNAP<\/a>\u00a0(aw\u1ecdn onj\u1eb9 ounj\u1eb9 t\u1eb9l\u1eb9) <\/li>\n<li><a href=\"https:\/\/211md.org\/yo\/oro\/ounje\/wic\/\">WIC<\/a> - fun aw\u1ecdn aboyun ti o y\u1eb9 ati aw\u1ecdn iya nt\u1ecdju ati aw\u1ecdn \u1ecdm\u1ecdde ti o to \u1ecddun 5<\/li>\n<\/ul>\n<p>Gba iranl\u1ecdw\u1ecd p\u1eb9lu aw\u1ecdn ohun elo w\u1ecdnyi. Aw\u1ecdn o\u1e63i\u1e63\u1eb9 i\u1e63\u1eb9 awuj\u1ecd \u1e63ab\u1eb9wo si aw\u1ecdn ile-i\u1e63\u1eb9 Aj\u1ecd\u1e63ep\u1ecd Awuj\u1ecd Agbegbe Ilu Baltimore (BCCAP) ni ipil\u1eb9 \u1ecds\u1eb9 kan lati \u1e63e iranl\u1ecdw\u1ecd p\u1eb9lu aw\u1ecdn eto ounj\u1eb9 w\u1ecdnyi. <a href=\"https:\/\/www.bmorechildren.com\/assistance\" target=\"_blank\" rel=\"noopener\">Kan si BCCAP<\/a> lati gba iranl\u1ecdw\u1ecd.<\/p>\n<h3>Wa Food Pantries<\/h3>\n<p>Ibi aaye data orisun orisun 211 ti agbegbe \u1e63e atok\u1ecd aw\u1ecdn orisun ounj\u1eb9 ni agbegbe Baltimore Ilu lati aw\u1ecdn yara kekere si aw\u1ecdn ibi idana bimo. Wa ohun ti o n wa p\u1eb9lu aw\u1ecdn wiwa ounj\u1eb9 ti o w\u1ecdp\u1ecd w\u1ecdnyi. T\u1eb9 koodu ZIP kan sii lati d\u00edn wiwa naa.<\/p>\n<p>&nbsp;<\/p>\n\t\t\t<a href=\"https:\/\/search.211md.org\/search?query=BD-1800.8200-250%2CNL-6000.9500%2CBD-5000.1500%2CBD-2400.2590%2CBD-5000.8300&#038;query_label=I+need+food+or+food+assistance.&#038;query_type=taxonomy&#038;distance=25\" target=\"_blank\" rel=\"noopener\">\n\t\t\t\t\t\tBaltimore City Food resources\n\t\t\t\t\t<\/a>\n\t\t\t\t<img decoding=\"async\" src=\"https:\/\/211md.org\/wp-content\/plugins\/bb-plugin\/img\/pixel.png\" alt=\"\" itemprop=\"image\" onerror=\"this.style.display='none'\" loading=\"lazy\" \/>\n\t\t\t\t<img decoding=\"async\" src=\"https:\/\/211md.org\/wp-content\/uploads\/bb-plugin\/cache\/Call-center-specialst-circle-4e9ecd7b3425be4576416abc911049bb-.jpg\" alt=\"Oloye ile-i\u1e63\u1eb9 ipe\" itemprop=\"image\" title=\"Ipe aarin pataki\" onerror=\"this.style.display='none'\" loading=\"lazy\" \/>\n<h2>T\u1eb9 211<\/h2><p>Soro si eniyan abojuto ati aanu 24\/7. W\u1ecdn tun le sop\u1ecd si aw\u1ecdn orisun.\u00a0<\/p>\n\t\t\t<a href=\"tel:%20+211\" target=\"_blank\" rel=\"noopener\">\n\t\t\t\t\t\tT\u1eb9 211 (alagbeka)\n\t\t\t\t\t<\/a>\n<h2>\n\t\t\tAlaye ti o j\u1ecdm\u1ecd\t<\/h2>\n\t\t<h4><a href=\"\/yo\/oro\/ailera-ti-ogbo\/?utm_source=Home&#038;utm_medium=Referral&#038;utm_campaign=211Resources&#038;utm_content=Aging\" target=\"_self\">Ti ogbo &amp; Alaabo<\/a><\/h4>\n\t\t\t\t<a href=\"\/yo\/oro\/ailera-ti-ogbo\/?utm_source=Home&#038;utm_medium=Referral&#038;utm_campaign=211Resources&#038;utm_content=Aging\"  target=\"_self\" itemprop=\"url\">\n\t\t\t\t<img decoding=\"async\" src=\"https:\/\/211md.org\/wp-content\/uploads\/bb-plugin\/cache\/2025_MdInfoNet_Icon-Sets_Aging-disability-square-c466727102cae71e5f27b8539bb51945-.png\" alt=\"\" itemprop=\"image\" onerror=\"this.style.display='none'\" loading=\"lazy\" \/>\n\t\t\t\t<\/a>\n\t\t<h4><a href=\"\/yo\/oro\/omo-idile\/?utm_source=Home&#038;utm_medium=Referral&#038;utm_campaign=211Resources&#038;utm_content=Children\" target=\"_self\">Aw\u1ecdn \u1ecdm\u1ecdde &amp; Aw\u1ecdn idile<\/a><\/h4>\n\t\t\t\t<a href=\"\/yo\/oro\/omo-idile\/?utm_source=Home&#038;utm_medium=Referral&#038;utm_campaign=211Resources&#038;utm_content=Children\"  target=\"_self\" itemprop=\"url\">\n\t\t\t\t<img decoding=\"async\" src=\"https:\/\/211md.org\/wp-content\/uploads\/bb-plugin\/cache\/2025_211_Icon-Sets_Child-care-square-f3b0d4edab3dcc467fadb5f55f4064c6-.png\" alt=\"parent and child icon for child care\" itemprop=\"image\" height=\"417\" width=\"417\" title=\"2025_211_Icon Sets_Child itoju\" onerror=\"this.style.display='none'\" loading=\"lazy\" \/>\n\t\t\t\t<\/a>\n\t\t<h4><a href=\"\/yo\/oro\/abele-ebi-iwa-ipa\/?utm_source=Home&#038;utm_medium=Referral&#038;utm_campaign=211Resources&#038;utm_content=Domestic\" target=\"_self\">Iwa-ipa Abele<\/a><\/h4>\n\t\t\t\t<a href=\"\/yo\/oro\/abele-ebi-iwa-ipa\/?utm_source=Home&#038;utm_medium=Referral&#038;utm_campaign=211Resources&#038;utm_content=Domestic\"  target=\"_self\" itemprop=\"url\">\n\t\t\t\t<img decoding=\"async\" src=\"https:\/\/211md.org\/wp-content\/uploads\/bb-plugin\/cache\/2025_211_Icon-Sets_Domestic-Violence-square-7b597694a6f05fe90cdc376aa573bc63-.png\" alt=\"House with a heart in the middle icon\" itemprop=\"image\" height=\"417\" width=\"417\" title=\"2025_211_Icon \u1e62eto_Iwa-ipa Abele\" onerror=\"this.style.display='none'\" loading=\"lazy\" \/>\n\t\t\t\t<\/a>\n\t\t<h4><a href=\"\/yo\/oro\/wiwa-oojo\/?utm_source=Home&#038;utm_medium=Referral&#038;utm_campaign=211Resources&#038;utm_content=Employment\" target=\"_self\">Igbanisise<\/a><\/h4>\n\t\t\t\t<a href=\"\/yo\/oro\/wiwa-oojo\/?utm_source=Home&#038;utm_medium=Referral&#038;utm_campaign=211Resources&#038;utm_content=Employment\"  target=\"_self\" itemprop=\"url\">\n\t\t\t\t<img decoding=\"async\" src=\"https:\/\/211md.org\/wp-content\/uploads\/bb-plugin\/cache\/2025_MdInfoNet_Icon-Sets_Employment-square-44707bd410e4df10a470bf130ebcea86-.png\" alt=\"\" itemprop=\"image\" onerror=\"this.style.display='none'\" loading=\"lazy\" \/>\n\t\t\t\t<\/a>\n\t\t<h4><a href=\"\/yo\/oro\/itoju-ilera\/?utm_source=Home&#038;utm_medium=Referral&#038;utm_campaign=211Resources&#038;utm_content=Health%20Care\" target=\"_self\">It\u1ecdju Ilera<\/a><\/h4>\n\t\t\t\t<a href=\"\/yo\/oro\/itoju-ilera\/?utm_source=Home&#038;utm_medium=Referral&#038;utm_campaign=211Resources&#038;utm_content=Health%20Care\"  target=\"_self\" itemprop=\"url\">\n\t\t\t\t<img decoding=\"async\" src=\"https:\/\/211md.org\/wp-content\/uploads\/bb-plugin\/cache\/2025_MdInfoNet_Icon-Sets_Health-Care-square-dee98a0060cbe0e7f27eda253fc12679-.png\" alt=\"\" itemprop=\"image\" onerror=\"this.style.display='none'\" loading=\"lazy\" \/>\n\t\t\t\t<\/a>\n\t\t<h4><a href=\"\/yo\/oro\/omo-idile\/itoju-ibatan\/?utm_source=Home&#038;utm_medium=Referral&#038;utm_campaign=211Resources&#038;utm_content=Kinship\" target=\"_self\">\u00ccb\u00e1tan<\/a><\/h4>\n\t\t\t\t<a href=\"\/yo\/oro\/omo-idile\/itoju-ibatan\/?utm_source=Home&#038;utm_medium=Referral&#038;utm_campaign=211Resources&#038;utm_content=Kinship\"  target=\"_self\" itemprop=\"url\">\n\t\t\t\t<img decoding=\"async\" src=\"https:\/\/211md.org\/wp-content\/uploads\/bb-plugin\/cache\/2025_211_Icon-Sets_Kinship-square-45bdf872866f5735f842c32071109267-.png\" alt=\"Aami ibatan\" itemprop=\"image\" height=\"417\" width=\"417\" title=\"2025_211_Icon Sets_Kinship\" onerror=\"this.style.display='none'\" loading=\"lazy\" \/>\n\t\t\t\t<\/a>\n\t\t<h4><a href=\"\/yo\/oro\/ofin-awon-i%e1%b9%a3e\/?utm_source=Home&#038;utm_medium=Referral&#038;utm_campaign=211Resources&#038;utm_content=Legal\" target=\"_self\">Aw\u1ecdn i\u1e63\u1eb9 ofin<\/a><\/h4>\n\t\t\t\t<a href=\"\/yo\/oro\/ofin-awon-i%e1%b9%a3e\/?utm_source=Home&#038;utm_medium=Referral&#038;utm_campaign=211Resources&#038;utm_content=Legal\"  target=\"_self\" itemprop=\"url\">\n\t\t\t\t<img decoding=\"async\" src=\"https:\/\/211md.org\/wp-content\/uploads\/bb-plugin\/cache\/2025_MdInfoNet_Icon-Sets_Legal-square-18fdf438feb8435588174d9046463257-.png\" alt=\"\" itemprop=\"image\" onerror=\"this.style.display='none'\" loading=\"lazy\" \/>\n\t\t\t\t<\/a>\n\t\t<h4><a href=\"\/yo\/oro\/opolo-ilera\/?utm_source=Home&#038;utm_medium=Referral&#038;utm_campaign=211Resources&#038;utm_content=Mental\" target=\"_self\">Opolo Health<\/a><\/h4>\n\t\t\t\t<a href=\"\/yo\/oro\/opolo-ilera\/?utm_source=Home&#038;utm_medium=Referral&#038;utm_campaign=211Resources&#038;utm_content=Mental\"  target=\"_self\" itemprop=\"url\">\n\t\t\t\t<img decoding=\"async\" src=\"https:\/\/211md.org\/wp-content\/uploads\/bb-plugin\/cache\/2025_MdInfoNet_Icon-Sets_Mental-Health-square-c59b38c4a993a947d4c9280fbe2d2fee-.png\" alt=\"\" itemprop=\"image\" onerror=\"this.style.display='none'\" loading=\"lazy\" \/>\n\t\t\t\t<\/a>\n\t\t<h4><a href=\"\/yo\/oro\/ogbon-inu\/?utm_source=Home&#038;utm_medium=Referral&#038;utm_campaign=211Resources&#038;utm_content=Reentry\" target=\"_self\">Atunw\u1ecdle<\/a><\/h4>\n\t\t\t\t<a href=\"\/yo\/oro\/ogbon-inu\/?utm_source=Home&#038;utm_medium=Referral&#038;utm_campaign=211Resources&#038;utm_content=Reentry\"  target=\"_self\" itemprop=\"url\">\n\t\t\t\t<img decoding=\"async\" src=\"https:\/\/211md.org\/wp-content\/uploads\/bb-plugin\/cache\/2025_211_Icon-Sets_Reentry-square-8676fea38abd920a832f45642fe31cca-.png\" alt=\"Aami iw\u1ecdle\" itemprop=\"image\" height=\"417\" width=\"417\" title=\"2025_211_Icon Sets_Reentry\" onerror=\"this.style.display='none'\" loading=\"lazy\" \/>\n\t\t\t\t<\/a>\n\t\t<h4><a href=\"\/yo\/oro\/lilo-nkan-elo\/?utm_source=Home&#038;utm_medium=Referral&#038;utm_campaign=211Resources&#038;utm_content=Substance\" target=\"_self\">Ohun elo Lilo<\/a><\/h4>\n\t\t\t\t<a href=\"\/yo\/oro\/lilo-nkan-elo\/?utm_source=Home&#038;utm_medium=Referral&#038;utm_campaign=211Resources&#038;utm_content=Substance\"  target=\"_self\" itemprop=\"url\">\n\t\t\t\t<img decoding=\"async\" src=\"https:\/\/211md.org\/wp-content\/uploads\/bb-plugin\/cache\/2025_MdInfoNet_Icon-Sets_Substance-Abuse-square-9022fec9d18a64118ad685c101885b55-.png\" alt=\"\" itemprop=\"image\" onerror=\"this.style.display='none'\" loading=\"lazy\" \/>\n\t\t\t\t<\/a>\n\t\t<h4><a href=\"\/yo\/oro\/ogbo\/?utm_source=Home&#038;utm_medium=Referral&#038;utm_campaign=211Resources&#038;utm_content=Veterans\" target=\"_self\">Ogbo<\/a><\/h4>\n\t\t\t\t<a href=\"\/yo\/oro\/ogbo\/?utm_source=Home&#038;utm_medium=Referral&#038;utm_campaign=211Resources&#038;utm_content=Veterans\"  target=\"_self\" itemprop=\"url\">\n\t\t\t\t<img decoding=\"async\" src=\"https:\/\/211md.org\/wp-content\/uploads\/bb-plugin\/cache\/2025_MdInfoNet_Icon-Sets_Rating-square-6e60d00cce4faa8e0a6d4ad7366aa733-.png\" alt=\"\" itemprop=\"image\" onerror=\"this.style.display='none'\" loading=\"lazy\" \/>\n\t\t\t\t<\/a>","protected":false},"excerpt":{"rendered":"<p>Looking for food in Baltimore City? There are several options available, including grocery delivery and produce box distribution. Get Started Free Food Programs in Baltimore City The Baltimore City area has resources and support for those impacted by the federal shutdown or who are facing food insecurity for any other reason. Produce Box Distribution Residents&hellip;<\/p>","protected":false},"author":8,"featured_media":3034,"parent":746,"menu_order":0,"comment_status":"closed","ping_status":"closed","template":"","meta":{"footnotes":""},"class_list":["post-2010","page","type-page","status-publish","has-post-thumbnail","hentry"],"_links":{"self":[{"href":"https:\/\/211md.org\/yo\/wp-json\/wp\/v2\/pages\/2010","targetHints":{"allow":["GET"]}}],"collection":[{"href":"https:\/\/211md.org\/yo\/wp-json\/wp\/v2\/pages"}],"about":[{"href":"https:\/\/211md.org\/yo\/wp-json\/wp\/v2\/types\/page"}],"author":[{"embeddable":true,"href":"https:\/\/211md.org\/yo\/wp-json\/wp\/v2\/users\/8"}],"replies":[{"embeddable":true,"href":"https:\/\/211md.org\/yo\/wp-json\/wp\/v2\/comments?post=2010"}],"version-history":[{"count":11,"href":"https:\/\/211md.org\/yo\/wp-json\/wp\/v2\/pages\/2010\/revisions"}],"predecessor-version":[{"id":34242,"href":"https:\/\/211md.org\/yo\/wp-json\/wp\/v2\/pages\/2010\/revisions\/34242"}],"up":[{"embeddable":true,"href":"https:\/\/211md.org\/yo\/wp-json\/wp\/v2\/pages\/746"}],"wp:featuredmedia":[{"embeddable":true,"href":"https:\/\/211md.org\/yo\/wp-json\/wp\/v2\/media\/3034"}],"wp:attachment":[{"href":"https:\/\/211md.org\/yo\/wp-json\/wp\/v2\/media?parent=2010"}],"curies":[{"name":"wp","href":"https:\/\/api.w.org\/{rel}","templated":true}]}}