{"id":2845,"date":"2022-04-13T18:12:36","date_gmt":"2022-04-13T22:12:36","guid":{"rendered":"https:\/\/211md.org\/?page_id=2845"},"modified":"2024-08-15T14:08:03","modified_gmt":"2024-08-15T18:08:03","slug":"ikorira","status":"publish","type":"page","link":"https:\/\/211md.org\/yo\/stophate\/","title":{"rendered":"#MDStopHate"},"content":{"rendered":"<h1>\n\t\t#MDStopHate\n\t<\/h1>\n\t<h3><strong>Jabo Ik\u014frir\u0103 Ati Iwa-iwa-ai\u1e63edeede Ati\/Tabi Aw\u1ecdn i\u1e63\u1eb9l\u1eb9 Ati<\/strong><br \/>\n<strong>Sop\u1ecd P\u1eb9lu Aw\u1ecdn orisun Agbegbe.<\/strong><\/h3>\n\t\t\t<a href=\"\/yo\/stophate-foomu\/\" target=\"_self\" rel=\"noopener\">\n\t\t\t\t\t\t\tDuro Ikorira\n\t\t\t\t\t<\/a>\n\t\u1e62e o nilo lati \u1e63e ijab\u1ecd lakoko ti o nl\u1ecd? K\u1ecd &quot;MDStopHate&quot; si 898-211 (TXT-211) lati \u1e63e faili kan<br \/>\nIroyin i\u1e63\u1eb9l\u1eb9 nipa lilo foonu alagbeka r\u1eb9.\n<p>&nbsp;<\/p>\n<p><em>211 Maryland nfunni ni aw\u1ecdn eto itaniji if\u1ecdr\u1ecdran\u1e63\u1eb9 eyiti o pese alaye orisun kan pato agbegbe tabi pese aw\u1ecdn itaniji ajalu. Msg. &amp; aw\u1ecdn o\u1e63uw\u1ecdn data le waye ati ifiran\u1e63\u1eb9. loorekoore. le yat\u1ecd. Fun Iranl\u1ecdw\u1ecd, \u1ecdr\u1ecd IRANL\u1eccW\u1ecc. Lati jade, fi \u1ecdr\u1ecd STOP ran\u1e63\u1eb9 si n\u1ecdmba kanna. Aw\u1ecdn ofin SMS ni kikun ni\u00a0<a href=\"https:\/\/211md.org\/yo\/sms\/\">https:\/\/211md.org\/sms\/<\/a>\u00a0yoo tun waye.<\/em><\/p>\n<h2>\n\t\tBawo ni O N\u1e63i\u1e63\u1eb9\n\t<\/h2>\n\t\t\t\t<a href=\"tel:+211\" target=\"_self\" itemprop=\"url\" rel=\"noopener\">\n\t\t\t\t<img loading=\"lazy\" decoding=\"async\" src=\"https:\/\/211md.org\/wp-content\/uploads\/2021\/05\/Screen-Shot-2021-05-26-at-11.27.15-AM.svg\" alt=\"Aworan ti N\u1ecdmba 1\" itemprop=\"image\" height=\"150\" width=\"150\" title=\"Aworan ti N\u1ecdmba 1\" onerror=\"this.style.display='none'\"  \/>\n\t\t\t\t<\/a>\n<h2><a href=\"tel:+211\" target=\"_self\" rel=\"noopener\">Live Hotline<\/a><\/h2>Jab\u1ecd ikorira, iyasoto tabi ipanilaya ati gba aw\u1ecdn it\u1ecdkasi si aw\u1ecdn orisun agbegbe nipas\u1eb9 tit\u1eb9<br \/>\n211.\n\t\t\t\t<a href=\"\/yo\/oro\/tuntun-si-wa-ati-maryland\/\" target=\"_self\" itemprop=\"url\" rel=\"noopener\">\n\t\t\t\t<img loading=\"lazy\" decoding=\"async\" src=\"https:\/\/211md.org\/wp-content\/uploads\/2021\/05\/Screen-Shot-2021-05-26-at-11.27.25-AM.svg\" alt=\"Aworan ti n\u1ecdmba 2\" itemprop=\"image\" height=\"150\" width=\"150\" title=\"Aworan ti N\u1ecdmba 2\" onerror=\"this.style.display='none'\"  \/>\n\t\t\t\t<\/a>\n<h2><a href=\"\/yo\/oro\/tuntun-si-wa-ati-maryland\/\" target=\"_self\" rel=\"noopener\">Aw\u1ecdn olu\u015fewadi Directory<\/a><\/h2><p>W\u1ecdle si eyikeyi orisun lati pade aw\u1ecdn iwulo r\u1eb9 nipa wiwa aaye data orisun ori ayelujara ti Maryland 211.<\/p>\n\t\t\t\t<a href=\"\/yo\/stophate-foomu\/\" target=\"_self\" itemprop=\"url\" rel=\"noopener\">\n\t\t\t\t<img loading=\"lazy\" decoding=\"async\" src=\"https:\/\/211md.org\/wp-content\/uploads\/2021\/05\/Screen-Shot-2021-05-26-at-11.27.40-AM.svg\" alt=\"Aworan ti n\u1ecdmba 3\" itemprop=\"image\" height=\"149\" width=\"149\" title=\"Aworan ti N\u1ecdmba 3\" onerror=\"this.style.display='none'\"  \/>\n\t\t\t\t<\/a>\n<h2><a href=\"\/yo\/stophate-foomu\/\" target=\"_self\" rel=\"noopener\">Ijab\u1ecd I\u1e63\u1eb9l\u1eb9<\/a><\/h2><p>\u1e62e ijab\u1ecd ara \u1eb9ni ti i\u1e63\u1eb9l\u1eb9 ti ikorira tabi iyasoto ni agbegbe r\u1eb9 ni iyara ati ir\u1ecdrun.<\/p>\n<h2>\n\t\tIkorira Ik\u014frir\u0103 Vs Ik\u014frir\u0103 is\u1eb9l\u1eb9\n\t<\/h2>\n\t<h3><strong>Kini Iyat\u1ecd?<\/strong><\/h3>\nTi o ba lero pe o ti ni if\u1ecdkansi nitori aw\u1ecdn abuda ti ara \u1eb9ni tabi \u1eb9gb\u1eb9 \u1eb9gb\u1eb9, jabo i\u1e63\u1eb9l\u1eb9 naa si 211 ki aw\u1ecdn ala\u1e63\u1eb9 le pinnu boya irufin kan ti \u1e63\u1eb9. K\u1ecd \u1eb9k\u1ecd di\u1eb9 sii nipa iyat\u1ecd laarin <a href=\"https:\/\/www.justice.gov\/hatecrimes\/learn-about-hate-crimes\" target=\"_blank\" rel=\"noopener\">ikorira odaran<\/a> ati aw\u1ecdn i\u1e63\u1eb9l\u1eb9 ikorira.\n<h3>\n\t\t\u00cc\u1e63\u1eb9\u0300l\u1eb9\u0300 \u00eck\u00f3r\u00ec\u00edra\n\t<\/h3>\n<h3>\n\t\t\u00cck\u00f3r\u00ec\u00edra \u1eb8\u1e63\u1eb9\n\t<\/h3>\n<p><strong>Ikosile ti ikorira tabi ifinran ti o ni itara nipas\u1eb9 abosi.<\/strong><\/p>\n<strong>Aw\u1ecdn ap\u1eb9\u1eb9r\u1eb9:<br \/>\n<\/strong>Isorosi ilokulo bi pipe oruk\u1ecd, ede abuku tabi aw\u1ecdn awada ibinu; \u1eb8\u0300y\u00e0 \u1eb9\u0300y\u00e0 t\u00e0b\u00ed \u00e0foj\u00fadi on\u00edf\u1eb9\u0300\u1eb9\u0301; Ipalara; Ipanilaya tabi intimidation; Pipin ti ikorira litireso\n<p><strong>Irokeke ti a fojusi, igbiyanju tabi ibaj\u1eb9 nitori aw\u1ecdn abuda ti ara \u1eb9ni tabi \u1eb9gb\u1eb9 \u1eb9gb\u1eb9.<\/strong><\/p>\n<strong>Aw\u1ecdn ap\u1eb9\u1eb9r\u1eb9:<br \/>\n<\/strong>Ijagidijagan, irokeke bombu, gbigbona, ik\u1ecdlu ti ara, ole, ibaj\u1eb9 ohun-ini p\u1eb9lu aw\u1ecdn ami ikorira, ede, graffiti\n\t\t\t<a href=\"\/yo\/oro\/\" target=\"_self\" rel=\"noopener\">\n\t\t\t\t\t\t\tOro\n\t\t\t\t\t<\/a>\n<h6>\n\t\tikorira\n\t<\/h6>\n<h2>Jab\u1ecd A Ik\u014frir\u0103 \u1eb8\u1e63\u1eb9 Tabi Ik\u014frir\u0103 is\u1eb9l\u1eb9<\/h2>\nKoju ki o \u1e63\u1eb9gun iyasoto, ikorira ati iwa-ipa! O le da ikorira duro nipa jijab\u1ecd r\u1eb9.<br \/>\nT\u1eb9 ni isal\u1eb9 lati jabo lori aw\u1ecdn i\u1e63e ikorira tabi ipanilaya ti o \u1e63\u1eb9l\u1eb9 ni agbegbe r\u1eb9.\n\t\t\t<a href=\"\/yo\/stophate-foomu\/\" target=\"_self\" rel=\"noopener\">\n\t\t\t\t\t\t\tJabo Bayi\n\t\t\t\t\t<\/a>\n\t<p><strong>Tabi\u00a0<a href=\"tel:+211\">T\u1eb9 211<\/a><\/strong><\/p>\n<h2>\n\t\tGba Iranl\u1ecdw\u1ecd\n\t<\/h2>\n<h3>\n\t\t<a href=\"https:\/\/search.211md.org\/search?query=DF-7020.3300,DF-7020.1000,PH-3500,HH-0500.8000-150,ND-6500.3300,DF-7000&#038;query_type=taxonomy&#038;query_label=&#038;query_language=en\" title=\"B\u1eb9r\u1eb9 Ilana Adayeba\" target=\"_blank\" rel=\"noopener\">\n\t\tB\u1eb9r\u1eb9 Ilana Adayeba\n\t\t<\/a>\n\t<\/h3>\n\t\t\t\t<a href=\"https:\/\/search.211md.org\/search?query=DF-7020.3300,DF-7020.1000,PH-3500,HH-0500.8000-150,ND-6500.3300,DF-7000&#038;query_type=taxonomy&#038;query_label=&#038;query_language=en\" target=\"_blank\" rel=\"noopener\" itemprop=\"url\">\n\t\t\t\t<img loading=\"lazy\" decoding=\"async\" src=\"https:\/\/211md.org\/wp-content\/uploads\/2022\/04\/Start-the-Naturalization-Proces.jpg\" alt=\"B\u1eb9r\u1eb9 Aw\u1ecdn ilana Adayeba\" itemprop=\"image\" height=\"862\" width=\"1280\" title=\"B\u1eb9r\u1eb9 Aw\u1ecdn ilana Adayeba\" onerror=\"this.style.display='none'\"  \/>\n\t\t\t\t<\/a>\n<h3>\n\t\t<a href=\"https:\/\/search.211md.org\/search?query=PH-2400.1500,PH-1250.1800,PH-1250.1400,NL-3000.1500,HL-8700,HL-8120.7800,HD-8000,FT-8000,BM-6500.1500-800&#038;query_type=taxonomy&#038;query_label=&#038;query_language=en\" title=\"Fi oruk\u1ecd sil\u1eb9 Aw\u1ecdn \u1ecdm\u1ecdde ni Aw\u1ecdn ile-iwe\" target=\"_blank\" rel=\"noopener\">\n\t\tFi oruk\u1ecd sil\u1eb9 Aw\u1ecdn \u1ecdm\u1ecdde ni Aw\u1ecdn ile-iwe\n\t\t<\/a>\n\t<\/h3>\n\t\t\t\t<a href=\"https:\/\/search.211md.org\/search?query=PH-2400.1500,PH-1250.1800,PH-1250.1400,NL-3000.1500,HL-8700,HL-8120.7800,HD-8000,FT-8000,BM-6500.1500-800&#038;query_type=taxonomy&#038;query_label=&#038;query_language=en\" target=\"_blank\" rel=\"noopener\" itemprop=\"url\">\n\t\t\t\t<img loading=\"lazy\" decoding=\"async\" src=\"https:\/\/211md.org\/wp-content\/uploads\/2022\/04\/Enroll-Children.jpg\" alt=\"Foruk\u1ecdsil\u1eb9 Aw\u1ecdn \u1ecdm\u1ecdde\" itemprop=\"image\" height=\"853\" width=\"1280\" title=\"Foruk\u1ecdsil\u1eb9 Aw\u1ecdn \u1ecdm\u1ecdde\" onerror=\"this.style.display='none'\"  \/>\n\t\t\t\t<\/a>\n<h3>\n\t\t<a href=\"https:\/\/search.211md.org\/search?query=HH-4500,HH-0500.0500,HH-0500.8000-150,HH-0500.2500,BM-6000.1500,BM-5050&#038;query_type=taxonomy&#038;query_label=&#038;query_language=en\" title=\"\u1eb8k\u1ecd\" target=\"_blank\" rel=\"noopener\">\n\t\t\u1eb8k\u1ecd\n\t\t<\/a>\n\t<\/h3>\n\t\t\t\t<a href=\"https:\/\/search.211md.org\/search?query=HH-4500,HH-0500.0500,HH-0500.8000-150,HH-0500.2500,BM-6000.1500,BM-5050&#038;query_type=taxonomy&#038;query_label=&#038;query_language=en\" target=\"_blank\" rel=\"noopener\" itemprop=\"url\">\n\t\t\t\t<img loading=\"lazy\" decoding=\"async\" src=\"https:\/\/211md.org\/wp-content\/uploads\/2022\/04\/Education.jpg\" alt=\"\u1eb8k\u1ecd\" itemprop=\"image\" height=\"842\" width=\"1280\" title=\"\u1eb8k\u1ecd\" onerror=\"this.style.display='none'\"  \/>\n\t\t\t\t<\/a>\n<h2>\n\t\tWa Iranl\u1ecdw\u1ecd Nipa \u1eb8ka\n\t<\/h2>\n\t\t\t\t<a href=\"\/yo\/oro\/ailera-ti-ogbo\/\" target=\"_self\" itemprop=\"url\" rel=\"noopener\">\n\t\t\t\t<img loading=\"lazy\" decoding=\"async\" src=\"https:\/\/211md.org\/wp-content\/uploads\/bb-plugin\/cache\/Mask-Group-41@2x-circle-73eaadba4cad8269faa4720e25cf1c85-.png\" alt=\"\u1eb8s\u1eb9 ti agbalagba obirin ati \u1ecdm\u1ecddebinrin ti nrin pap\u1ecd\" itemprop=\"image\" height=\"500\" width=\"500\" title=\"Aw\u1ecdn i\u1e63\u1eb9 ailera\" onerror=\"this.style.display='none'\"  \/>\n\t\t\t\t<\/a>\n\t\t<h3><a href=\"\/yo\/oro\/ailera-ti-ogbo\/\" target=\"_self\" rel=\"noopener\">Ti ogbo &amp; Alaabo<\/a><\/h3>\t\n\t\t\t\t<a href=\"\/yo\/oro\/omo-idile\/\" target=\"_self\" itemprop=\"url\" rel=\"noopener\">\n\t\t\t\t<img loading=\"lazy\" decoding=\"async\" src=\"https:\/\/211md.org\/wp-content\/uploads\/bb-plugin\/cache\/Mask-Group-38@2x-circle-ac40d46265fbec62083cd27f6dcf23b0-.png\" alt=\"\u1eccd\u1ecdm\u1ecdkunrin ati \u1ecdm\u1ecddebinrin kan n r\u1eb9rin mus\u1eb9 ati wiwo kam\u1eb9ra naa\" itemprop=\"image\" height=\"500\" width=\"500\" title=\"\u1eb8gb\u1eb9 boju 38@2x\" onerror=\"this.style.display='none'\"  \/>\n\t\t\t\t<\/a>\n\t\t<h3><a href=\"\/yo\/oro\/omo-idile\/\" target=\"_self\" rel=\"noopener\">Aw\u1ecdn \u1ecdm\u1ecdde &amp; Aw\u1ecdn idile<\/a><\/h3>\t\n\t\t\t\t<a href=\"\/yo\/oro\/covid-19-awon-olusewadi-aarin\/\" target=\"_self\" itemprop=\"url\" rel=\"noopener\">\n\t\t\t\t<img decoding=\"async\" src=\"https:\/\/211md.org\/wp-content\/uploads\/bb-plugin\/cache\/Data-Post-Image-COVID-circle-abdf7e097c6f7781a4f84df775b7857e-.png\" alt=\"\u1eb8ka COVID-19 kan\" itemprop=\"image\" title=\"Aworan Ifiweran\u1e63\u1eb9 Data - COVID\" onerror=\"this.style.display='none'\"  \/>\n\t\t\t\t<\/a>\n\t\t<h3><a href=\"\/yo\/oro\/covid-19-awon-olusewadi-aarin\/\" target=\"_self\" rel=\"noopener\">COVID<\/a><\/h3>\t\n\t\t\t\t<a href=\"\/yo\/oro\/abele-ebi-iwa-ipa\/\" target=\"_self\" itemprop=\"url\" rel=\"noopener\">\n\t\t\t\t<img loading=\"lazy\" decoding=\"async\" src=\"https:\/\/211md.org\/wp-content\/uploads\/bb-plugin\/cache\/Mask-Group-39@2x-circle-b2589197a13c791d910f46dd10b27a87-.png\" alt=\"\u1eccw\u1ecd meji meji di ara w\u1ecdn mu\" itemprop=\"image\" height=\"500\" width=\"500\" title=\"\u1eb8gb\u1eb9 boju 39@2x\" onerror=\"this.style.display='none'\"  \/>\n\t\t\t\t<\/a>\n\t\t<h3><a href=\"\/yo\/oro\/abele-ebi-iwa-ipa\/\" target=\"_self\" rel=\"noopener\">Abele \/ \u00ccd\u00edl\u00e9 Iwa-ipa<\/a><\/h3>\t\n\t\t\t\t<a href=\"\/yo\/oro\/wiwa-oojo\/\" target=\"_self\" itemprop=\"url\" rel=\"noopener\">\n\t\t\t\t<img loading=\"lazy\" decoding=\"async\" src=\"https:\/\/211md.org\/wp-content\/uploads\/bb-plugin\/cache\/Employment-circle-bf72562329e950df948954f5d3f44b2e-.png\" alt=\"Mekaniki \u1ecdk\u1ecd ay\u1ecdk\u1eb9l\u1eb9 kan\" itemprop=\"image\" height=\"500\" width=\"500\" title=\"Igbanisise\" onerror=\"this.style.display='none'\"  \/>\n\t\t\t\t<\/a>\n\t\t<h3><a href=\"\/yo\/oro\/wiwa-oojo\/\" target=\"_self\" rel=\"noopener\">Igbanisise<\/a><\/h3>\t\n\t\t\t\t<a href=\"\/yo\/oro\/itoju-ilera\/\" target=\"_self\" itemprop=\"url\" rel=\"noopener\">\n\t\t\t\t<img loading=\"lazy\" decoding=\"async\" src=\"https:\/\/211md.org\/wp-content\/uploads\/bb-plugin\/cache\/Mask-Group-35@2x-circle-94be10c13e4adae1683b4589dc2f5b2f-.png\" alt=\"Dokita ti n wo \u1eb9s\u1eb9 aw\u1ecdn \u1ecdm\u1ecdkunrin\" itemprop=\"image\" height=\"500\" width=\"500\" title=\"\u1eb8gb\u1eb9 boju 35@2x\" onerror=\"this.style.display='none'\"  \/>\n\t\t\t\t<\/a>\n\t\t<h3><a href=\"\/yo\/oro\/itoju-ilera\/\" target=\"_self\" rel=\"noopener\">It\u1ecdju Ilera<\/a><\/h3>\t\n\t\t\t\t<a href=\"\/yo\/oro\/ounje\/\" target=\"_self\" itemprop=\"url\" rel=\"noopener\">\n\t\t\t\t<img loading=\"lazy\" decoding=\"async\" src=\"https:\/\/211md.org\/wp-content\/uploads\/bb-plugin\/cache\/Mask-Group-32@2x-circle-1c6d647dcaf998fa079d26735cedc92b-.png\" alt=\"Aw\u1ecdn \u1eb9f\u1ecd titun\" itemprop=\"image\" height=\"500\" width=\"500\" title=\"\u1eb8gb\u1eb9 boju 32@2x\" onerror=\"this.style.display='none'\"  \/>\n\t\t\t\t<\/a>\n\t\t<h3><a href=\"\/yo\/oro\/ounje\/\" target=\"_self\" rel=\"noopener\">Ounj\u1eb9<\/a><\/h3>\t\n\t\t\t\t<a href=\"\/yo\/oro\/ibugbe-ibugbe\/\" target=\"_self\" itemprop=\"url\" rel=\"noopener\">\n\t\t\t\t<img loading=\"lazy\" decoding=\"async\" src=\"https:\/\/211md.org\/wp-content\/uploads\/bb-plugin\/cache\/Mask-Group-34@2x-circle-b99c55fc16ef21f35e2f2a1f7cc37b9a-.png\" alt=\"Iy\u1eb9wu eka balikoni\" itemprop=\"image\" height=\"500\" width=\"500\" title=\"Iy\u1eb9wu-Complex\" onerror=\"this.style.display='none'\"  \/>\n\t\t\t\t<\/a>\n\t\t<h3><a href=\"\/yo\/oro\/ibugbe-ibugbe\/\" target=\"_self\" rel=\"noopener\">Ibugbe &amp; Koseemani<\/a><\/h3>\t\n\t\t\t\t<a href=\"\/yo\/oro\/tuntun-si-wa-ati-maryland\/\" target=\"_self\" itemprop=\"url\" rel=\"noopener\">\n\t\t\t\t<img loading=\"lazy\" decoding=\"async\" src=\"https:\/\/211md.org\/wp-content\/uploads\/bb-plugin\/cache\/American-flag-circle-0016cc327e27ef7aeb080f1da6c6e98b-.jpg\" alt=\"titun si United States\" itemprop=\"image\" height=\"364\" width=\"1366\" title=\"American-flag\" onerror=\"this.style.display='none'\"  \/>\n\t\t\t\t<\/a>\n\t\t<h3><a href=\"\/yo\/oro\/tuntun-si-wa-ati-maryland\/\" target=\"_self\" rel=\"noopener\">I\u1e63il\u1ecd<\/a><\/h3>\t\n\t\t\t\t<a href=\"\/yo\/oro\/omo-idile\/itoju-ibatan\/\" target=\"_self\" itemprop=\"url\" rel=\"noopener\">\n\t\t\t\t<img decoding=\"async\" src=\"https:\/\/211md.org\/wp-content\/uploads\/bb-plugin\/cache\/kinship-family-navigating-a-computer-circle-045fee9d587aefb20221bfea41a2cf9b-.png\" alt=\"ibatan idile lil\u1ecd kiri k\u1ecdmputa kan\" itemprop=\"image\" title=\"ibatan idile lil\u1ecd kiri k\u1ecdmputa kan\" onerror=\"this.style.display='none'\"  \/>\n\t\t\t\t<\/a>\n\t\t<h3><a href=\"\/yo\/oro\/omo-idile\/itoju-ibatan\/\" target=\"_self\" rel=\"noopener\">\u00ccb\u00e1tan<\/a><\/h3>\t\n\t\t\t\t<a href=\"\/yo\/oro\/ofin-awon-i%e1%b9%a3e\/\" target=\"_self\" itemprop=\"url\" rel=\"noopener\">\n\t\t\t\t<img loading=\"lazy\" decoding=\"async\" src=\"https:\/\/211md.org\/wp-content\/uploads\/bb-plugin\/cache\/Housing-Legal-circle-9a8f3c1c72c54b6e1ce612d2993c1ad4-.png\" alt=\"Ofin gavel p\u1eb9lu kan ike awo\u1e63e ti a ile t\u00f3k\u00e0n si o\" itemprop=\"image\" height=\"348\" width=\"460\" title=\"Ofin Ile\" onerror=\"this.style.display='none'\"  \/>\n\t\t\t\t<\/a>\n\t\t<h3><a href=\"\/yo\/oro\/ofin-awon-i%e1%b9%a3e\/\" target=\"_self\" rel=\"noopener\">Aw\u1ecdn i\u1e63\u1eb9 ofin<\/a><\/h3>\t\n\t\t\t\t<a href=\"\/yo\/oro\/opolo-ilera\/\" target=\"_self\" itemprop=\"url\" rel=\"noopener\">\n\t\t\t\t<img loading=\"lazy\" decoding=\"async\" src=\"https:\/\/211md.org\/wp-content\/uploads\/bb-plugin\/cache\/Mask-Group-40@2x-circle-7bd9426367852fb3d841bc4bdc57a550-.png\" alt=\"Aw\u1ecdn profaili ti \u1ecdkunrin kan ati obinrin\" itemprop=\"image\" height=\"500\" width=\"500\" title=\"\u1eb8gb\u1eb9 boju 40@2x\" onerror=\"this.style.display='none'\"  \/>\n\t\t\t\t<\/a>\n\t\t<h3><a href=\"\/yo\/oro\/opolo-ilera\/\" target=\"_self\" rel=\"noopener\">Opolo Health<\/a><\/h3>\t\n\t\t\t\t<a href=\"\/yo\/oro\/ogbon-inu\/\" target=\"_self\" itemprop=\"url\" rel=\"noopener\">\n\t\t\t\t<img loading=\"lazy\" decoding=\"async\" src=\"https:\/\/211md.org\/wp-content\/uploads\/bb-plugin\/cache\/Diverse-group-of-community-members-circle-4457c114cd48613bc79a0fb50060319c-.jpg\" alt=\"\u1eb8gb\u1eb9 Oniruuru ti aw\u1ecdn \u1ecdm\u1ecd \u1eb9gb\u1eb9 agbegbe\" itemprop=\"image\" height=\"800\" width=\"1200\" title=\"\u1eb8gb\u1eb9 Oniruuru ti aw\u1ecdn \u1ecdm\u1ecd \u1eb9gb\u1eb9 agbegbe\" onerror=\"this.style.display='none'\"  \/>\n\t\t\t\t<\/a>\n\t\t<h3><a href=\"\/yo\/oro\/ogbon-inu\/\" target=\"_self\" rel=\"noopener\">Atunw\u1ecdle<\/a><\/h3>\t\n\t\t\t\t<a href=\"\/yo\/ikorira\/\" target=\"_self\" itemprop=\"url\" rel=\"noopener\">\n\t\t\t\t<img loading=\"lazy\" decoding=\"async\" src=\"https:\/\/211md.org\/wp-content\/uploads\/bb-plugin\/cache\/Background-section-MDStophate-circle-08e2bae1cf9f2ad6cc83e01e23da8cb9-.jpg\" alt=\"Background-apakan-MDStophate\" itemprop=\"image\" height=\"768\" width=\"1366\" title=\"Background-apakan-MDStophate\" onerror=\"this.style.display='none'\"  \/>\n\t\t\t\t<\/a>\n\t\t<h3><a href=\"\/yo\/ikorira\/\" target=\"_self\" rel=\"noopener\">Duro Ikorira<\/a><\/h3>\t\n\t\t\t\t<a href=\"\/yo\/oro\/lilo-nkan-elo\/\" target=\"_self\" itemprop=\"url\" rel=\"noopener\">\n\t\t\t\t<img loading=\"lazy\" decoding=\"async\" src=\"https:\/\/211md.org\/wp-content\/uploads\/bb-plugin\/cache\/Substance-Use-circle-ad2d564932dc31267e0c32a6fb2d915c-.png\" alt=\"Aw\u1ecdn oogun fif\u1ecd \u1ecdw\u1ecd\" itemprop=\"image\" height=\"500\" width=\"500\" title=\"Nkan-Lilo\" onerror=\"this.style.display='none'\"  \/>\n\t\t\t\t<\/a>\n\t\t<h3><a href=\"\/yo\/oro\/lilo-nkan-elo\/\" target=\"_self\" rel=\"noopener\">Ohun elo Lilo<\/a><\/h3>\t\n\t\t\t\t<a href=\"\/yo\/oro\/ori-awon-i%e1%b9%a3e\/\" target=\"_self\" itemprop=\"url\" rel=\"noopener\">\n\t\t\t\t<img loading=\"lazy\" decoding=\"async\" src=\"https:\/\/211md.org\/wp-content\/uploads\/bb-plugin\/cache\/Mask-Group-34-circle-166a606e37e61188c9a17d5e634cda3c-.png\" alt=\"Eniyan \u00e0gb\u00e1ye jade owo oya-ori iwe\" itemprop=\"image\" height=\"500\" width=\"500\" title=\"\u1eb8gb\u1eb9 iboju 34\" onerror=\"this.style.display='none'\"  \/>\n\t\t\t\t<\/a>\n\t\t<h3><a href=\"\/yo\/oro\/ori-awon-i%e1%b9%a3e\/\" target=\"_self\" rel=\"noopener\">Aw\u1ecdn i\u1e63\u1eb9-ori<\/a><\/h3>\t\n\t\t\t\t<a href=\"\/yo\/oro\/iranlowo-ohun-elo\/\" target=\"_self\" itemprop=\"url\" rel=\"noopener\">\n\t\t\t\t<img loading=\"lazy\" decoding=\"async\" src=\"https:\/\/211md.org\/wp-content\/uploads\/bb-plugin\/cache\/Mask-Group-37@2x-circle-9661a11b9c4082079c9a1f06bc539567-.png\" alt=\"Atupa ina soke\" itemprop=\"image\" height=\"500\" width=\"500\" title=\"\u1eb8gb\u1eb9 boju 37@2x\" onerror=\"this.style.display='none'\"  \/>\n\t\t\t\t<\/a>\n\t\t<h3><a href=\"\/yo\/oro\/iranlowo-ohun-elo\/\" target=\"_self\" rel=\"noopener\">Iranl\u1ecdw\u1ecd IwUlO<\/a><\/h3>\t\n\t\t\t\t<a href=\"\/yo\/oro\/ogbo\/\" target=\"_self\" itemprop=\"url\" rel=\"noopener\">\n\t\t\t\t<img decoding=\"async\" src=\"https:\/\/211md.org\/wp-content\/uploads\/bb-plugin\/cache\/Veterans-circle-7c6972a59826c74f1f658f61df785fc3-.png\" alt=\"\u1eccm\u1ecd-ogun ti nm\u00ec \u1ecdw\u1ecd \u1eb9nikan ti o r\u1eb9rin mus\u1eb9\" itemprop=\"image\" title=\"Ogbo\" onerror=\"this.style.display='none'\"  \/>\n\t\t\t\t<\/a>\n\t\t<h3><a href=\"\/yo\/oro\/ogbo\/\" target=\"_self\" rel=\"noopener\">Ogbo<\/a><\/h3>\t\n<h2>O \u1e63eun Fun Aw\u1ecdn alaba\u1e63i\u1e63\u1eb9p\u1ecd wa<\/h2>\n<p>Ni aj\u1ecd\u1e63ep\u1ecd p\u1eb9lu Gomina&#039;s Office of Community Initiatives ati Office of Immigration Affairs, 211 Maryland so titun America ati Marylanders to lominu ni aw\u1ecdn i\u1e63\u1eb9 ati ki o mu ki o r\u1ecdrun lati jabo ikorira ati abosi odaran ati\/tabi aw\u1ecdn i\u1e63\u1eb9l\u1eb9.<\/p>\n\t\t\t\t<img loading=\"lazy\" decoding=\"async\" src=\"https:\/\/211md.org\/wp-content\/uploads\/2022\/04\/Group-332.svg\" alt=\"\u1eb8gb\u1eb9 332\" itemprop=\"image\" height=\"215\" width=\"244\" title=\"\u1eb8gb\u1eb9 332\" onerror=\"this.style.display='none'\"  \/>\n\t\t\t\t<img loading=\"lazy\" decoding=\"async\" src=\"https:\/\/211md.org\/wp-content\/uploads\/2022\/04\/Group-333.svg\" alt=\"Maryland Gomina Office of Immigrant Affairs Logo\" itemprop=\"image\" height=\"215\" width=\"245\" title=\"Maryland Gomina Office of Immigrant Affairs Logo\" onerror=\"this.style.display='none'\"  \/>","protected":false},"excerpt":{"rendered":"<p>#MDStopHate Ijab\u1ecd Ik\u014frir\u0103 Ati Ir\u1eb9danu \u1eb8\u1e63\u1eb9 Ati\/Tabi Aw\u1ecdn i\u1e63\u1eb9l\u1eb9 Ati Sop\u1ecd P\u1eb9lu Aw\u1ecdn orisun Agbegbe. Duro Ikorira Nilo lati \u1e63e ijab\u1ecd kan lakoko ti o l\u1ecd bi? K\u1ecd \u201cMDStopHate\u201d si 898-211 (TXT-211) lati \u1e63e ijab\u1ecd i\u1e63\u1eb9l\u1eb9 nipa lilo foonu alagbeka r\u1eb9.  211 Maryland nfunni ni aw\u1ecdn eto itaniji if\u1ecdr\u1ecdran\u1e63\u1eb9 eyiti o pese alaye orisun kan pato agbegbe tabi pese aw\u1ecdn titaniji ajalu.\u2026<\/p>","protected":false},"author":8,"featured_media":2665,"parent":0,"menu_order":0,"comment_status":"closed","ping_status":"closed","template":"","meta":{"footnotes":""},"class_list":["post-2845","page","type-page","status-publish","has-post-thumbnail","hentry"],"_links":{"self":[{"href":"https:\/\/211md.org\/yo\/wp-json\/wp\/v2\/pages\/2845","targetHints":{"allow":["GET"]}}],"collection":[{"href":"https:\/\/211md.org\/yo\/wp-json\/wp\/v2\/pages"}],"about":[{"href":"https:\/\/211md.org\/yo\/wp-json\/wp\/v2\/types\/page"}],"author":[{"embeddable":true,"href":"https:\/\/211md.org\/yo\/wp-json\/wp\/v2\/users\/8"}],"replies":[{"embeddable":true,"href":"https:\/\/211md.org\/yo\/wp-json\/wp\/v2\/comments?post=2845"}],"version-history":[{"count":0,"href":"https:\/\/211md.org\/yo\/wp-json\/wp\/v2\/pages\/2845\/revisions"}],"wp:featuredmedia":[{"embeddable":true,"href":"https:\/\/211md.org\/yo\/wp-json\/wp\/v2\/media\/2665"}],"wp:attachment":[{"href":"https:\/\/211md.org\/yo\/wp-json\/wp\/v2\/media?parent=2845"}],"curies":[{"name":"wp","href":"https:\/\/api.w.org\/{rel}","templated":true}]}}