{"id":3207,"date":"2022-09-15T16:24:14","date_gmt":"2022-09-15T20:24:14","guid":{"rendered":"https:\/\/211md.org\/?page_id=3207"},"modified":"2025-09-09T11:28:33","modified_gmt":"2025-09-09T15:28:33","slug":"ikilo-ami-ati-overdose-iranlowo","status":"publish","type":"page","link":"https:\/\/211md.org\/yo\/resources\/substance-use\/warning-signs-and-overdose-help\/","title":{"rendered":"Bi o \u1e63e le Ran \u1eb8nikan Ti O \u1e62e A\u1e63eju"},"content":{"rendered":"<img loading=\"lazy\" decoding=\"async\" src=\"https:\/\/211md.org\/wp-content\/uploads\/2022\/07\/Dad-with-hand-on-his-sons-shoulder-providing-support.jpg\" alt=\"Baba p\u1eb9lu \u1ecdw\u1ecd lori ejika \u1ecdm\u1ecd r\u1eb9 ti n pese atil\u1eb9yin\" itemprop=\"image\" height=\"683\" width=\"1024\" title=\"Baba-p\u1eb9lu-\u1ecdw\u1ecd-lori-\u1ecdm\u1ecd r\u1eb9-ejika ti n pese atil\u1eb9yin\" onerror=\"this.style.display='none'\"  \/>\n\t<p>Af\u1eb9sodi j\u1eb9 arun idiju ti \u1ecdp\u1ecdl\u1ecd. Ni eto i\u1e63oogun kan, o le gb\u1ecd af\u1eb9sodi ti a pe ni rudurudu lilo nkan.<\/p>\n<p>Lakoko ti o nira lati lil\u00f6 kiri ni aw\u1ecdn ipo w\u1ecdnyi, gbigba \u1eb9ni k\u1ecd\u1ecdkan ni iranl\u1ecdw\u1ecd ti w\u1ecdn nilo ni kete bi o ti \u1e63ee \u1e63e pataki.<\/p>\n<p>Aw\u1ecdn \u1eb9ni-k\u1ecd\u1ecdkan le tun Ijakadi p\u1eb9lu aw\u1ecdn ifiyesi ilera \u1ecdp\u1ecdl\u1ecd tabi aw\u1ecdn \u1ecdran ilera ti o wa lab\u1eb9le. Ati pe, p\u1eb9lu lilo oogun, ewu nigbagbogbo wa ti iw\u1ecdn ap\u1ecdju apaniyan.<\/p>\n<h2>Aw\u1ecdn ami Ikil\u1ecd<\/h2>\n<p>Af\u1eb9sodi le ni ipa lori \u1eb9nik\u1eb9ni ni Maryland, laiwo \u1ecdj\u1ecd-ori, ije tabi oojo.<\/p>\n<p>O le \u1e63e iranl\u1ecdw\u1ecd lati d\u1eb9kun abuku ti af\u1eb9sodi nipa mim\u1ecd aw\u1ecdn ami ti af\u1eb9sodi ati gbigba \u1eb9ni k\u1ecd\u1ecdkan ni iranl\u1ecdw\u1ecd ti w\u1ecdn nilo ni kete bi o ti \u1e63ee.<\/p>\n<h3>Nkan Lo Aw\u1ecdn ami \u1eb8j\u1eb9<\/h3>\n<p>Iw\u1ecdnyi j\u1eb9 aw\u1ecdn ami ti \u1eb9nikan ti o ni rudurudu lilo nkan elo.<\/p>\n<ul>\n<li>\u1e62ab\u1eb9wo si aw\u1ecdn dokita pup\u1ecd lati gba aw\u1ecdn iwe ilana oogun<\/li>\n<li>Yiyipada aw\u1ecdn i\u1e63esi tabi ihuwasi<\/li>\n<li>\u00ccb\u00edn\u00fa<\/li>\n<li>Yiy\u1ecd kuro lati awujo i\u1e63\u1eb9l\u1eb9 ati akitiyan<\/li>\n<li>Aw\u1ecdn i\u1e63oro inawo ti ko \u1e63e alaye<\/li>\n<li>Sisun ni aw\u1ecdn akoko asan<\/li>\n<li>Lilo nkan elo loorekoore<\/li>\n<\/ul>\n<p>Aw\u1ecdn abuku nigbagbogbo \u1e63e idiw\u1ecd fun aw\u1ecdn eniyan k\u1ecd\u1ecdkan lati ri iranl\u1ecdw\u1ecd ti w\u1ecdn nilo.<\/p>\n<p>Ti \u1eb9nikan ti o m\u1ecd ba n \u1e63e afihan aw\u1ecdn ami ti af\u1eb9sodi, o le \u1e63e iranl\u1ecdw\u1ecd fun w\u1ecdn nipa pipese aw\u1ecdn orisun atil\u1eb9yin ati gba w\u1ecdn niyanju lati gba iranl\u1ecdw\u1ecd.<\/p>\n<p>Ma\u1e63e j\u1eb9 ki w\u1ecdn j\u1eb9 ki w\u1ecdn ran w\u1ecdn l\u1ecdw\u1ecd p\u1eb9lu iyalo w\u1ecdn tabi pese iranl\u1ecdw\u1ecd owo miiran.<\/p>\n<p>Paapaa, y\u1ecd aw\u1ecdn oogun oogun atij\u1ecd kuro ninu ile r\u1eb9.\u00a0<a href=\"https:\/\/211md.org\/yo\/oro\/lilo-nkan-elo\/oogun-nu\/\">Aw\u1ecdn \u1ecdna \u1ecdf\u1eb9 wa lati s\u1ecd aw\u1ecdn oogun atij\u1ecd sil\u1eb9<\/a>\u00a0nitorina o n \u1e63e idiw\u1ecd lilo nkan ati aabo ayika.<\/p>\n<p>Fojusi lori af\u1eb9sodi ati\u00a0<a href=\"https:\/\/211md.org\/yo\/oro\/lilo-nkan-elo\/\">ri aw\u1ecdn a\u1e63ayan it\u1ecdju ni Maryland<\/a>.<\/p>\n<h3>Ti idanim\u1ecd aw\u1ecdn ami ti ap\u1ecdju<\/h3>\n<p>Aw\u1ecdn oogun nigbagbogbo ni aw\u1ecdn alagbara ati apaniyan opioid sintetiki ti a m\u1ecd si fentanyl. O j\u1eb9 50x ni okun sii ju heroin ati idi pataki ti iku ap\u1ecdju ni Maryland.<\/p>\n<p>O ko le ri, olfato tabi lenu o. Nigbagbogbo a \u1e63afikun si aw\u1ecdn oogun miiran nitori pe o lagbara pup\u1ecd.<\/p>\n<p>Ti o ba ni aniyan nipa \u1eb9nikan ti o ro pe w\u1ecdn le ni af\u1eb9sodi, o tun y\u1eb9 ki o m\u1ecd aw\u1ecdn ami ti iw\u1ecdn ap\u1ecdju.<\/p>\n<p>Aw\u1ecdn ami ti iw\u1ecdn ap\u1ecdju p\u1eb9lu:<\/p>\n<ul>\n<li>Ariwo snoring tabi aw\u1ecdn ariwo ariwo<\/li>\n<li>\u00c8te tabi eekanna ika titan buluu<\/li>\n<li>Bia\/aw\u1ecd gr\u1eb9yish<\/li>\n<li>Aibikita, ti o ti k\u1ecdja, ko le s\u1ecdr\u1ecd tabi eniyan ti ko ni ibamu<\/li>\n<li>Ara r\u1ecd<\/li>\n<li>O l\u1ecdra tabi duro lilu \u1ecdkan<\/li>\n<li>Aijinile, o l\u1ecdra, duro tabi mimi alaibamu<\/li>\n<li>Aw\u1ecdn \u1ecdgb\u1ecdn motor ti ko dara ati is\u1ecdd\u1ecdkan<\/li>\n<li>Aw\u1ecdn \u1ecdm\u1ecd ile-iwe kekere ti ko dahun si ina tabi gbigbe<\/li>\n<li>Aw\u1ecdn ik\u1ecdlu<\/li>\n<li>Clammy aw\u1ecd<\/li>\n<\/ul>\n\t<h2><strong>Bii O \u1e62e \u1e62e Iranl\u1ecdw\u1ecd Fipam\u1ecd Igbesi aye P\u1eb9lu Naloxone<\/strong><\/h2>\n<p>80% ti aw\u1ecdn iku ap\u1ecdju waye ninu ile kan, ni ibamu si a\u00a0<a href=\"https:\/\/www.cdc.gov\/stopoverdose\/naloxone\/index.html\" target=\"_blank\" rel=\"noopener\">Aw\u1ecdn ile-i\u1e63\u1eb9 fun I\u1e63akoso Arun (CDC) Ijab\u1ecd Aw\u1ecdn ami pataki<\/a>.<\/p>\n<p>40% ti akoko, \u1eb9lomiran wa, ni ibamu si CDC.<\/p>\n<p>Naloxone \u1e63e iranl\u1ecdw\u1ecd fun aw\u1ecdn aladuro yiyipada aw\u1ecdn ipa ti iw\u1ecdn ap\u1ecdju.<\/p>\n<p>Aw\u1ecdn idile y\u1eb9 ki o ni oogun igbala-aye ni \u1ecdw\u1ecd ti w\u1ecdn ba m\u1ecd \u1eb9nikan ti o n tiraka p\u1eb9lu rudurudu lilo opioid.<\/p>\n\t<iframe loading=\"lazy\" width=\"560\" height=\"315\" src=\"https:\/\/www.youtube.com\/embed\/Sm5Tbb8YcgQ\" title=\"\u1eb8r\u1ecd orin fidio YouTube\" frameborder=\"0\" allow=\"accelerometer; autoplay; clipboard-write; encrypted-media; gyroscope; picture-in-picture\" allowfullscreen><\/iframe>\n\t\t<h3>K\u1ecd MDHope si 898211<\/h3><p>Sop\u1ecd si naloxone nitosi r\u1eb9, aw\u1ecdn aaye idal\u1eb9nu oogun oogun ati aw\u1ecdn orisun lilo nkan.<\/p>\n<p><em>211 Maryland nfunni ni aw\u1ecdn eto itaniji if\u1ecdr\u1ecdran\u1e63\u1eb9 eyiti o pese alaye orisun kan pato agbegbe tabi pese aw\u1ecdn itaniji ajalu. Msg. ati aw\u1ecdn o\u1e63uw\u1ecdn data le waye. Msg. igbohunsaf\u1eb9f\u1eb9 le yato. \u1eccr\u1ecd STOP si n\u1ecdmba kanna lati y\u1ecd\u1ecd kuro. Fun iranl\u1ecdw\u1ecd, fi \u1ecdr\u1ecd IRANL\u1eccW\u1ecc ran\u1e63\u1eb9. Aw\u1ecdn ofin SMS ni kikun ni <a href=\"https:\/\/211md.org\/yo\/sms\/\">https:\/\/211md.org\/sms\/<\/a> yoo tun waye.<\/em><\/p>\n\t<h3>Nibo Lati Gba Naloxone Ni Maryland<\/h3>\n<p>Ti o ko ba f\u1eb9 ki alaye naa ran\u1e63\u1eb9 si \u1ecd nipas\u1eb9 MDHope, aw\u1ecdn \u1ecdna miiran wa lati wa olupese naloxone ti o sunm\u1ecd jul\u1ecd ni agbegbe r\u1eb9.<\/p>\n<p>O tun le \u1e63ab\u1eb9wo si Eto Idahun A\u1e63eju iw\u1ecdn ap\u1ecdju (ODR) ni Maryland lati gba naloxone.\u00a0<a href=\"https:\/\/health.maryland.gov\/pha\/NALOXONE\/Pages\/Approved-Entities.aspx\" target=\"_blank\" rel=\"noopener\">O le wa eyi ti o sunm\u1ecd jul\u1ecd nibi<\/a>.<\/p>\n<p>O tun le rin sinu ile elegbogi kan ki o gba oogun naa laisi iwe ilana oogun ati laisi ik\u1eb9k\u1ecd. O j\u1eb9 aabo nipas\u1eb9 i\u1e63eduro pup\u1ecd jul\u1ecd ati Medikedi Maryland. Sib\u1eb9sib\u1eb9, o le ma wa ni i\u1e63ura. Oja le yat\u1ecd.<\/p>\n<p><a href=\"https:\/\/nextdistro.org\/maryland\" target=\"_blank\" rel=\"noopener\">Next Ipalara Idinku<\/a>\u00a0ati aw\u1ecdn\u00a0<a href=\"https:\/\/baltimoreharmreduction.org\/\" target=\"_blank\" rel=\"noopener\">Baltimore Ipalara Idinku I\u1e63\u1ecdkan<\/a>\u00a0yoo tun fi oogun igbala-aye ran\u1e63\u1eb9 si aw\u1ecdn olugbe Maryland fun \u1ecdf\u1eb9. Eto naa j\u1eb9 ap\u1eb9r\u1eb9 fun aw\u1ecdn \u1eb9ni-k\u1ecd\u1ecdkan ti ko f\u1eb9 lati gba oogun naa ni eniyan.<\/p>\n<p>Iw\u1ecd yoo nilo lati wo fidio ik\u1eb9k\u1ecd i\u1e63\u1eb9ju 4, dahun ibeere kukuru kan, ati pese alaye lati gba naloxone. Idanileko naa wa ni ede G\u1eb9\u1eb9si ati Spani.\u00a0<a href=\"https:\/\/nextdistro.org\/maryland-language\" target=\"_blank\" rel=\"noopener\">Gba ik\u1eb9k\u1ecd naa<\/a>.<\/p>\n\t<h2>Ofin Samaria ti o dara ti Maryland<\/h2>\n<p>Ofin n pese aw\u1ecdn aabo ofin kan nigbati o pe 9-1-1 lati \u1e63e iranl\u1ecdw\u1ecd fun \u1eb9ni k\u1ecd\u1ecdkan ti o ni iriri iw\u1ecdn ap\u1ecdju pajawiri.<\/p>\n<p>Ti o ba j\u1eb9ri pajawiri i\u1e63oogun ti o \u1e63\u1eb9l\u1eb9 nipas\u1eb9 iw\u1ecdn ap\u1ecdju, pe 9-1-1 l\u1eb9s\u1eb9k\u1eb9s\u1eb9.<\/p>\n<p><a href=\"https:\/\/health.maryland.gov\/qahealth\/substance-abuse\/Pages\/Good-Samaritan-Law.aspx\" target=\"_blank\" rel=\"noopener\">Ofin Samaria ti o dara ti Maryland<\/a>\u00a0gba \u1ecd laaye lati gba iranl\u1ecdw\u1ecd laisi iberu ti imuni tabi \u1eb9j\u1ecd fun \u1ecdp\u1ecdl\u1ecdp\u1ecd aw\u1ecdn ai\u1e63edeede, p\u1eb9lu:<\/p>\n<ul>\n<li>5-601: Nini tabi \u1e62i\u1e63akoso CDS<\/li>\n<li>5-619: O\u00f2g\u00f9n Paraphernalia<\/li>\n<li>5-620: I\u1e63akoso Paraphernalia<\/li>\n<li>\u00a7 10-114: Nini lab\u1eb9 \u1ecct\u00ed<\/li>\n<li>\u00a7 10-116: Gbigba \u1eccti fun Lilo Alail\u1eb9gb\u1eb9<\/li>\n<li>\u00a7 10-117: Ohun elo fun tabi gbigba agbara ti oti lab\u1eb9 \u1ecdj\u1ecd ori<\/li>\n<\/ul>\n<p>O tun \u1e63e aabo fun \u1ecd lati irufin parole, igba ak\u1ecdk\u1ecdw\u1ecd\u1e63\u1eb9 ati itusil\u1eb9 i\u1e63aaju ti \u1eb9ri irufin naa ba j\u1eb9 abajade ti gbigba iranl\u1ecdw\u1ecd tabi pese iranl\u1ecdw\u1ecd ti o \u1e63e iranl\u1ecdw\u1ecd lati gba \u1eb9mi \u1eb9nikan l\u00e0.<\/p>\n<p>Ibi-af\u1eb9de ni lati \u1e63e iranl\u1ecdw\u1ecd fun \u1eb9nikan ti o ni iriri iw\u1ecdn ap\u1ecdju pajawiri.<\/p>\n<p>O ko ni aabo ti o ba j\u1eb9ri pajawiri ati pe ko \u1e63e iranl\u1ecdw\u1ecd fun eniyan naa. Aw\u1ecdn agbofinro tun le \u1e63e aw\u1ecdn iwadii ati \u1e63aj\u1ecd \u1eb9ri bi ko \u1e63e kan si aw\u1ecdn odaran oogun tabi aw\u1ecdn odaran miiran ti a ko \u1e63e akoj\u1ecd.<\/p>\n\t\t\t\t<img loading=\"lazy\" decoding=\"async\" src=\"https:\/\/211md.org\/wp-content\/uploads\/2022\/07\/Naloxone-NARCAN-nasal-spray.jpg\" alt=\"Naloxone Narcan imu sokiri\" itemprop=\"image\" height=\"683\" width=\"1024\" title=\"Naloxone-NARCAN-nasal-spray\" onerror=\"this.style.display='none'\"  \/>\n<h2>Bawo ni Lati Ran \u1eb8nikan Ti o Overdoses<\/h2>\n<p>Naloxone\/NARCAN\u00ae l\u1eb9s\u1eb9k\u1eb9s\u1eb9 yiyipada aw\u1ecdn ipa ti iw\u1ecdn ap\u1ecdju. F\u1ecd\u1ecdmu ab\u1eb9r\u1eb9 kan wa tabi di\u1eb9 sii ni igbagbogbo, sokiri imu. O r\u1ecdrun lati lo o si wa laisi iwe ilana oogun.<\/p>\n<p>Ni Ilu Baltimore nikan, o ti fipam\u1ecd di\u1eb9 sii ju aw\u1ecdn \u1eb9mi 2800 l\u1ecd.<\/p>\n<p>Ti o ba ni NARCAN\u00ae wa, o le lo lati pese iranlowo l\u1eb9s\u1eb9k\u1eb9s\u1eb9 lakoko ti o nduro fun aw\u1ecdn o\u1e63i\u1e63\u1eb9 i\u1e63oogun lati de.<\/p>\n<h3>Lilo Naloxone<\/h3>\n<p>Naloxone j\u1eb9 sokiri imu tabi injector auto ti a lo ninu itan ita \u1eb9ni k\u1ecd\u1ecdkan.<\/p>\n<p>Iw\u1ecdnyi ni aw\u1ecdn igbes\u1eb9 lati t\u1eb9le ti o ba fura pe \u1eb9nikan ni iriri iw\u1ecdn ap\u1ecdju:<\/p>\n<h4>1. Gba Ifojusi W\u1ecdn.<\/h4>\n<p>Kigbe si \u1eb9ni k\u1ecd\u1ecdkan ki o beere boya w\u1ecdn nilo iranl\u1ecdw\u1ecd.<\/p>\n<h4>2. Bi won Sternum.<\/h4>\n<p>Bi won r\u1eb9 knuckles \u00ecd\u00far\u00f3\u1e63in\u1e63in si oke ati isal\u1eb9 aw\u1ecdn arin ti aw\u1ecdn eniyan k\u00e1 \u00e0y\u00e0.<\/p>\n<h4>3. ipe 9-1-1.<\/h4>\n<h4>4. Fun Naloxone.<\/h4>\n<p>Fi ipari nozzle sinu boya iho imu titi aw\u1ecdn ika \u1ecdw\u1ecd r\u1eb9 fi kan isal\u1eb9 imu eniyan naa.<\/p>\n<p>T\u1eb9 \u1e63in\u1e63in lati tu oogun naa sil\u1eb9.<\/p>\n<p>Ti iw\u1ecdn lilo ak\u1ecdk\u1ecd ko ba \u1e63i\u1e63\u1eb9 ni i\u1e63\u1eb9ju 1-3, tun \u1e63e.<\/p>\n<h4>5. \u1e62e atil\u1eb9yin fun Mimi w\u1ecdn.<\/h4>\n<p>Gbe eniyan naa si \u1eb9hin w\u1ecdn, ki o si t\u1eb9 \u1eb9gb\u1ecdn w\u1ecdn s\u1eb9hin. \u1e62ay\u1eb9wo lati rii daju pe ko si ohun ti o dina \u1ecdna at\u1eb9gun w\u1ecdn.<\/p>\n<p>Pa imu eniyan naa ki o si fi tir\u1eb9 bo \u1eb9nu w\u1ecdn. F\u1eb9 aw\u1ecdn \u1eb9mi deede 2, l\u1eb9hinna tun \u1e63e p\u1eb9lu \u1eb9mi kan ni gbogbo i\u1e63\u1eb9ju-aaya 5.<\/p>\n<p>O tun le \u1e63e aw\u1ecdn tit\u1eb9 \u00e0y\u00e0 ti o ba ni ik\u1eb9k\u1ecd CPR.<\/p>\n<h4>6. Ran Eniyan l\u1ecdw\u1ecd B\u1ecdsip\u1ecd.<\/h4>\n<p>Duro p\u1eb9lu \u1eb9ni k\u1ecd\u1ecdkan titi iranl\u1ecdw\u1ecd yoo fi de.<\/p>\n<p>Ti eniyan ba ni il\u1ecdsiwaju, gbe w\u1ecdn si inu w\u1ecdn p\u1eb9lu oju ati ori w\u1ecdn si \u1eb9gb\u1eb9. Fi \u1ecdw\u1ecd w\u1ecdn si ab\u1eb9 ori w\u1ecdn ki o t\u1eb9 \u1ebdkun w\u1ecdn ba fun atil\u1eb9yin.<\/p>\n<p>Naloxone kii yoo \u1e63e ipalara ti o ba fun \u1eb9nikan ti ko ni aw\u1ecdn opioids ninu eto w\u1ecdn.<\/p>\n<h2>Alaye ti o j\u1ecdm\u1ecd<\/h2>\n<p><a href=\"https:\/\/211md.org\/yo\/oro\/lilo-nkan-elo\/\">Wa It\u1ecdju<\/a><\/p>\n<p><a href=\"https:\/\/211md.org\/yo\/oro\/lilo-nkan-elo\/oogun-nu\/\">Itoju Oogun oogun<\/a><\/p>\n<p><a href=\"https:\/\/211md.org\/yo\/mdhope\/\">MDHope<\/a><\/p>\n\t<h2>Nilo lati \u1eccr\u1ecd?<\/h2>\n\t<h2>Pe tabi \u1eccr\u1ecd 988<\/h2>\n\t\t\t<a href=\"https:\/\/988lifeline.org\/chat\/\" target=\"_blank\" rel=\"noopener\">\n\t\t\t\t\t\t\tWiregbe Bayi (G\u1eb9\u1eb9si)\n\t\t\t\t\t<\/a>\n\t\t\t<a href=\"https:\/\/988lifeline.org\/es\/chat\/\" target=\"_blank\" rel=\"noopener\">\n\t\t\t\t\t\t\tChatea Ahora (Espa\u00f1ol)\n\t\t\t\t\t<\/a>\n\t<p>\u1eb8nik\u1eb9ni ti o nilo iranl\u1ecdw\u1ecd p\u1eb9lu ilera \u1ecdp\u1ecdl\u1ecd tabi aw\u1ecdn iwulo ti o j\u1ecdm\u1ecd lilo nkan le pe 988. <a href=\"https:\/\/988min.org\/\" target=\"_blank\" rel=\"noopener\"> K\u1ecd \u1eb9k\u1ecd nipa 988 ni Maryland.<\/a><\/p>\n<h2>\n\t\tWa Oro\n\t<\/h2>\n\t\t\t\t<a href=\"\/yo\/oro\/ailera-ti-ogbo\/\"  target=\"_self\" itemprop=\"url\">\n\t\t\t\t<img loading=\"lazy\" decoding=\"async\" src=\"https:\/\/211md.org\/wp-content\/uploads\/bb-plugin\/cache\/Mask-Group-41@2x-circle-73eaadba4cad8269faa4720e25cf1c85-.png\" alt=\"\u1eb8s\u1eb9 ti agbalagba obirin ati \u1ecdm\u1ecddebinrin ti nrin pap\u1ecd\" itemprop=\"image\" height=\"500\" width=\"500\" title=\"Aw\u1ecdn i\u1e63\u1eb9 ailera\" onerror=\"this.style.display='none'\"  \/>\n\t\t\t\t<\/a>\n\t\t<h3><a href=\"\/yo\/oro\/ailera-ti-ogbo\/\" target=\"_self\">Ti ogbo &amp; Alaabo<\/a><\/h3>\t\n\t\t\t\t<a href=\"\/yo\/oro\/omo-idile\/\"  target=\"_self\" itemprop=\"url\">\n\t\t\t\t<img loading=\"lazy\" decoding=\"async\" src=\"https:\/\/211md.org\/wp-content\/uploads\/bb-plugin\/cache\/Mask-Group-38@2x-circle-ac40d46265fbec62083cd27f6dcf23b0-.png\" alt=\"\u1eccd\u1ecdm\u1ecdkunrin ati \u1ecdm\u1ecddebinrin kan n r\u1eb9rin mus\u1eb9 ati wiwo kam\u1eb9ra naa\" itemprop=\"image\" height=\"500\" width=\"500\" title=\"\u1eb8gb\u1eb9 boju 38@2x\" onerror=\"this.style.display='none'\"  \/>\n\t\t\t\t<\/a>\n\t\t<h3><a href=\"\/yo\/oro\/omo-idile\/\" target=\"_self\">Aw\u1ecdn \u1ecdm\u1ecdde &amp; Aw\u1ecdn idile<\/a><\/h3>\t\n\t\t\t\t<a href=\"\/yo\/oro\/abele-ebi-iwa-ipa\/\"  target=\"_self\" itemprop=\"url\">\n\t\t\t\t<img loading=\"lazy\" decoding=\"async\" src=\"https:\/\/211md.org\/wp-content\/uploads\/bb-plugin\/cache\/Mask-Group-39@2x-circle-b2589197a13c791d910f46dd10b27a87-.png\" alt=\"\u1eccw\u1ecd meji meji di ara w\u1ecdn mu\" itemprop=\"image\" height=\"500\" width=\"500\" title=\"\u1eb8gb\u1eb9 boju 39@2x\" onerror=\"this.style.display='none'\"  \/>\n\t\t\t\t<\/a>\n\t\t<h3><a href=\"\/yo\/oro\/abele-ebi-iwa-ipa\/\" target=\"_self\">Abele \/ \u00ccd\u00edl\u00e9 Iwa-ipa<\/a><\/h3>\t\n\t\t\t\t<a href=\"\/yo\/oro\/wiwa-oojo\/\"  target=\"_self\" itemprop=\"url\">\n\t\t\t\t<img loading=\"lazy\" decoding=\"async\" src=\"https:\/\/211md.org\/wp-content\/uploads\/bb-plugin\/cache\/Employment-circle-bf72562329e950df948954f5d3f44b2e-.png\" alt=\"Mekaniki \u1ecdk\u1ecd ay\u1ecdk\u1eb9l\u1eb9 kan\" itemprop=\"image\" height=\"500\" width=\"500\" title=\"Igbanisise\" onerror=\"this.style.display='none'\"  \/>\n\t\t\t\t<\/a>\n\t\t<h3><a href=\"\/yo\/oro\/wiwa-oojo\/\" target=\"_self\">Igbanisise<\/a><\/h3>\t\n\t\t\t\t<a href=\"\/yo\/oro\/itoju-ilera\/\"  target=\"_self\" itemprop=\"url\">\n\t\t\t\t<img loading=\"lazy\" decoding=\"async\" src=\"https:\/\/211md.org\/wp-content\/uploads\/bb-plugin\/cache\/Mask-Group-35@2x-circle-94be10c13e4adae1683b4589dc2f5b2f-.png\" alt=\"Dokita ti n wo \u1eb9s\u1eb9 aw\u1ecdn \u1ecdm\u1ecdkunrin\" itemprop=\"image\" height=\"500\" width=\"500\" title=\"\u1eb8gb\u1eb9 boju 35@2x\" onerror=\"this.style.display='none'\"  \/>\n\t\t\t\t<\/a>\n\t\t<h3><a href=\"\/yo\/oro\/itoju-ilera\/\" target=\"_self\">It\u1ecdju Ilera<\/a><\/h3>\t\n\t\t\t\t<a href=\"\/yo\/oro\/ounje\/\"  target=\"_self\" itemprop=\"url\">\n\t\t\t\t<img loading=\"lazy\" decoding=\"async\" src=\"https:\/\/211md.org\/wp-content\/uploads\/bb-plugin\/cache\/Mask-Group-32@2x-circle-1c6d647dcaf998fa079d26735cedc92b-.png\" alt=\"Aw\u1ecdn \u1eb9f\u1ecd titun\" itemprop=\"image\" height=\"500\" width=\"500\" title=\"\u1eb8gb\u1eb9 boju 32@2x\" onerror=\"this.style.display='none'\"  \/>\n\t\t\t\t<\/a>\n\t\t<h3><a href=\"\/yo\/oro\/ounje\/\" target=\"_self\">Ounj\u1eb9<\/a><\/h3>\t\n\t\t\t\t<a href=\"\/yo\/oro\/ibugbe-ibugbe\/\"  target=\"_self\" itemprop=\"url\">\n\t\t\t\t<img loading=\"lazy\" decoding=\"async\" src=\"https:\/\/211md.org\/wp-content\/uploads\/bb-plugin\/cache\/Mask-Group-34@2x-circle-b99c55fc16ef21f35e2f2a1f7cc37b9a-.png\" alt=\"Iy\u1eb9wu eka balikoni\" itemprop=\"image\" height=\"500\" width=\"500\" title=\"Iy\u1eb9wu-Complex\" onerror=\"this.style.display='none'\"  \/>\n\t\t\t\t<\/a>\n\t\t<h3><a href=\"\/yo\/oro\/ibugbe-ibugbe\/\" target=\"_self\">Ibugbe &amp; Koseemani<\/a><\/h3>\t\n\t\t\t\t<a href=\"\/yo\/oro\/tuntun-si-wa-ati-maryland\/\"  target=\"_self\" itemprop=\"url\">\n\t\t\t\t<img loading=\"lazy\" decoding=\"async\" src=\"https:\/\/211md.org\/wp-content\/uploads\/bb-plugin\/cache\/American-flag-circle-0016cc327e27ef7aeb080f1da6c6e98b-.jpg\" alt=\"titun si United States\" itemprop=\"image\" height=\"364\" width=\"1366\" title=\"American-flag\" onerror=\"this.style.display='none'\"  \/>\n\t\t\t\t<\/a>\n\t\t<h3><a href=\"\/yo\/oro\/tuntun-si-wa-ati-maryland\/\" target=\"_self\">I\u1e63il\u1ecd<\/a><\/h3>\t\n\t\t\t\t<a href=\"\/yo\/oro\/omo-idile\/itoju-ibatan\/\"  target=\"_self\" itemprop=\"url\">\n\t\t\t\t<img decoding=\"async\" src=\"https:\/\/211md.org\/wp-content\/uploads\/bb-plugin\/cache\/kinship-family-navigating-a-computer-circle-045fee9d587aefb20221bfea41a2cf9b-.png\" alt=\"ibatan idile lil\u1ecd kiri k\u1ecdmputa kan\" itemprop=\"image\" title=\"ibatan idile lil\u1ecd kiri k\u1ecdmputa kan\" onerror=\"this.style.display='none'\"  \/>\n\t\t\t\t<\/a>\n\t\t<h3><a href=\"\/yo\/oro\/omo-idile\/itoju-ibatan\/\" target=\"_self\">\u00ccb\u00e1tan<\/a><\/h3>\t\n\t\t\t\t<a href=\"\/yo\/oro\/ofin-awon-i%e1%b9%a3e\/\"  target=\"_self\" itemprop=\"url\">\n\t\t\t\t<img loading=\"lazy\" decoding=\"async\" src=\"https:\/\/211md.org\/wp-content\/uploads\/bb-plugin\/cache\/Housing-Legal-circle-9a8f3c1c72c54b6e1ce612d2993c1ad4-.png\" alt=\"Ofin gavel p\u1eb9lu kan ike awo\u1e63e ti a ile t\u00f3k\u00e0n si o\" itemprop=\"image\" height=\"348\" width=\"460\" title=\"Ofin Ile\" onerror=\"this.style.display='none'\"  \/>\n\t\t\t\t<\/a>\n\t\t<h3><a href=\"\/yo\/oro\/ofin-awon-i%e1%b9%a3e\/\" target=\"_self\">Aw\u1ecdn i\u1e63\u1eb9 ofin<\/a><\/h3>\t\n\t\t\t\t<a href=\"\/yo\/oro\/opolo-ilera\/\"  target=\"_self\" itemprop=\"url\">\n\t\t\t\t<img loading=\"lazy\" decoding=\"async\" src=\"https:\/\/211md.org\/wp-content\/uploads\/bb-plugin\/cache\/Mask-Group-40@2x-circle-7bd9426367852fb3d841bc4bdc57a550-.png\" alt=\"Aw\u1ecdn profaili ti \u1ecdkunrin kan ati obinrin\" itemprop=\"image\" height=\"500\" width=\"500\" title=\"\u1eb8gb\u1eb9 boju 40@2x\" onerror=\"this.style.display='none'\"  \/>\n\t\t\t\t<\/a>\n\t\t<h3><a href=\"\/yo\/oro\/opolo-ilera\/\" target=\"_self\">Opolo Health<\/a><\/h3>\t\n\t\t\t\t<a href=\"\/yo\/oro\/ogbon-inu\/\"  target=\"_self\" itemprop=\"url\">\n\t\t\t\t<img loading=\"lazy\" decoding=\"async\" src=\"https:\/\/211md.org\/wp-content\/uploads\/bb-plugin\/cache\/Diverse-group-of-community-members-circle-4457c114cd48613bc79a0fb50060319c-.jpg\" alt=\"\u1eb8gb\u1eb9 Oniruuru ti aw\u1ecdn \u1ecdm\u1ecd \u1eb9gb\u1eb9 agbegbe\" itemprop=\"image\" height=\"800\" width=\"1200\" title=\"\u1eb8gb\u1eb9 Oniruuru ti aw\u1ecdn \u1ecdm\u1ecd \u1eb9gb\u1eb9 agbegbe\" onerror=\"this.style.display='none'\"  \/>\n\t\t\t\t<\/a>\n\t\t<h3><a href=\"\/yo\/oro\/ogbon-inu\/\" target=\"_self\">Atunw\u1ecdle<\/a><\/h3>\t\n\t\t\t\t<a href=\"\/yo\/ikorira\/\"  target=\"_self\" itemprop=\"url\">\n\t\t\t\t<img loading=\"lazy\" decoding=\"async\" src=\"https:\/\/211md.org\/wp-content\/uploads\/bb-plugin\/cache\/Background-section-MDStophate-circle-08e2bae1cf9f2ad6cc83e01e23da8cb9-.jpg\" alt=\"Background-apakan-MDStophate\" itemprop=\"image\" height=\"768\" width=\"1366\" title=\"Background-apakan-MDStophate\" onerror=\"this.style.display='none'\"  \/>\n\t\t\t\t<\/a>\n\t\t<h3><a href=\"\/yo\/ikorira\/\" target=\"_self\">Duro Ikorira<\/a><\/h3>\t\n\t\t\t\t<a href=\"\/yo\/oro\/lilo-nkan-elo\/\"  target=\"_self\" itemprop=\"url\">\n\t\t\t\t<img loading=\"lazy\" decoding=\"async\" src=\"https:\/\/211md.org\/wp-content\/uploads\/bb-plugin\/cache\/Substance-Use-circle-ad2d564932dc31267e0c32a6fb2d915c-.png\" alt=\"Aw\u1ecdn oogun fif\u1ecd \u1ecdw\u1ecd\" itemprop=\"image\" height=\"500\" width=\"500\" title=\"Nkan-Lilo\" onerror=\"this.style.display='none'\"  \/>\n\t\t\t\t<\/a>\n\t\t<h3><a href=\"\/yo\/oro\/lilo-nkan-elo\/\" target=\"_self\">Ohun elo Lilo<\/a><\/h3>\t\n\t\t\t\t<a href=\"\/yo\/oro\/ori-awon-i%e1%b9%a3e\/\"  target=\"_self\" itemprop=\"url\">\n\t\t\t\t<img loading=\"lazy\" decoding=\"async\" src=\"https:\/\/211md.org\/wp-content\/uploads\/bb-plugin\/cache\/Mask-Group-34-circle-166a606e37e61188c9a17d5e634cda3c-.png\" alt=\"Eniyan \u00e0gb\u00e1ye jade owo oya-ori iwe\" itemprop=\"image\" height=\"500\" width=\"500\" title=\"\u1eb8gb\u1eb9 iboju 34\" onerror=\"this.style.display='none'\"  \/>\n\t\t\t\t<\/a>\n\t\t<h3><a href=\"\/yo\/oro\/ori-awon-i%e1%b9%a3e\/\" target=\"_self\">Aw\u1ecdn i\u1e63\u1eb9-ori<\/a><\/h3>\t\n\t\t\t\t<a href=\"\/yo\/oro\/iranlowo-ohun-elo\/\"  target=\"_self\" itemprop=\"url\">\n\t\t\t\t<img loading=\"lazy\" decoding=\"async\" src=\"https:\/\/211md.org\/wp-content\/uploads\/bb-plugin\/cache\/Mask-Group-37@2x-circle-9661a11b9c4082079c9a1f06bc539567-.png\" alt=\"Atupa ina soke\" itemprop=\"image\" height=\"500\" width=\"500\" title=\"\u1eb8gb\u1eb9 boju 37@2x\" onerror=\"this.style.display='none'\"  \/>\n\t\t\t\t<\/a>\n\t\t<h3><a href=\"\/yo\/oro\/iranlowo-ohun-elo\/\" target=\"_self\">Iranl\u1ecdw\u1ecd IwUlO<\/a><\/h3>\t\n\t\t\t\t<a href=\"\/yo\/oro\/ogbo\/\"  target=\"_self\" itemprop=\"url\">\n\t\t\t\t<img decoding=\"async\" src=\"https:\/\/211md.org\/wp-content\/uploads\/bb-plugin\/cache\/Veterans-circle-7c6972a59826c74f1f658f61df785fc3-.png\" alt=\"\u1eccm\u1ecd-ogun ti nm\u00ec \u1ecdw\u1ecd \u1eb9nikan ti o r\u1eb9rin mus\u1eb9\" itemprop=\"image\" title=\"Ogbo\" onerror=\"this.style.display='none'\"  \/>\n\t\t\t\t<\/a>\n\t\t<h3><a href=\"\/yo\/oro\/ogbo\/\" target=\"_self\">Ogbo<\/a><\/h3>","protected":false},"excerpt":{"rendered":"<p>Af\u1eb9sodi j\u1eb9 arun idiju ti \u1ecdp\u1ecdl\u1ecd. Ni eto i\u1e63oogun kan, o le gb\u1ecd af\u1eb9sodi ti a pe ni rudurudu lilo nkan. Lakoko ti o nira lati lil\u00f6 kiri ni aw\u1ecdn ipo w\u1ecdnyi, gbigba \u1eb9ni k\u1ecd\u1ecdkan ni iranl\u1ecdw\u1ecd ti w\u1ecdn nilo ni kete bi o ti \u1e63ee \u1e63e pataki. Olukuluku le tun Ijakadi p\u1eb9lu aw\u1ecdn ifiyesi ilera \u1ecdp\u1ecdl\u1ecd tabi aw\u1ecdn \u1ecdran ilera ab\u1eb9l\u1eb9 miiran. Ati, p\u1eb9lu oogun\u2026<\/p>","protected":false},"author":7,"featured_media":3209,"parent":837,"menu_order":0,"comment_status":"closed","ping_status":"closed","template":"","meta":{"footnotes":""},"class_list":["post-3207","page","type-page","status-publish","has-post-thumbnail","hentry"],"_links":{"self":[{"href":"https:\/\/211md.org\/yo\/wp-json\/wp\/v2\/pages\/3207","targetHints":{"allow":["GET"]}}],"collection":[{"href":"https:\/\/211md.org\/yo\/wp-json\/wp\/v2\/pages"}],"about":[{"href":"https:\/\/211md.org\/yo\/wp-json\/wp\/v2\/types\/page"}],"author":[{"embeddable":true,"href":"https:\/\/211md.org\/yo\/wp-json\/wp\/v2\/users\/7"}],"replies":[{"embeddable":true,"href":"https:\/\/211md.org\/yo\/wp-json\/wp\/v2\/comments?post=3207"}],"version-history":[{"count":3,"href":"https:\/\/211md.org\/yo\/wp-json\/wp\/v2\/pages\/3207\/revisions"}],"predecessor-version":[{"id":33795,"href":"https:\/\/211md.org\/yo\/wp-json\/wp\/v2\/pages\/3207\/revisions\/33795"}],"up":[{"embeddable":true,"href":"https:\/\/211md.org\/yo\/wp-json\/wp\/v2\/pages\/837"}],"wp:featuredmedia":[{"embeddable":true,"href":"https:\/\/211md.org\/yo\/wp-json\/wp\/v2\/media\/3209"}],"wp:attachment":[{"href":"https:\/\/211md.org\/yo\/wp-json\/wp\/v2\/media?parent=3207"}],"curies":[{"name":"wp","href":"https:\/\/api.w.org\/{rel}","templated":true}]}}