{"id":3491,"date":"2022-11-09T18:47:54","date_gmt":"2022-11-09T23:47:54","guid":{"rendered":"https:\/\/211md.org\/?page_id=3491"},"modified":"2025-04-16T14:07:58","modified_gmt":"2025-04-16T18:07:58","slug":"stophate-foomu","status":"publish","type":"page","link":"https:\/\/211md.org\/yo\/stophate-form\/","title":{"rendered":"#MDStopHate F\u1ecd\u1ecdm\u00f9"},"content":{"rendered":"<h2>\n\t\tJabo Is\u1eb9l\u1eb9 Ik\u014frir\u0103 Tabi Ik\u014frir\u0103 Ik\u014frir\u0103\n\t<\/h2>\n\t<iframe loading=\"lazy\" src=\"https:\/\/forms.monday.com\/forms\/embed\/2605c6d98c4affe276cb9754df03a392?r=use1\" width=\"1500\" height=\"2800\"><\/iframe>","protected":false},"excerpt":{"rendered":"<p>Jabo Is\u1eb9l\u1eb9 Ik\u014frir\u0103 Tabi Ik\u014frir\u0103 Ik\u014frir\u0103<\/p>","protected":false},"author":13,"featured_media":2665,"parent":0,"menu_order":0,"comment_status":"closed","ping_status":"closed","template":"","meta":{"footnotes":""},"class_list":["post-3491","page","type-page","status-publish","has-post-thumbnail","hentry"],"_links":{"self":[{"href":"https:\/\/211md.org\/yo\/wp-json\/wp\/v2\/pages\/3491","targetHints":{"allow":["GET"]}}],"collection":[{"href":"https:\/\/211md.org\/yo\/wp-json\/wp\/v2\/pages"}],"about":[{"href":"https:\/\/211md.org\/yo\/wp-json\/wp\/v2\/types\/page"}],"author":[{"embeddable":true,"href":"https:\/\/211md.org\/yo\/wp-json\/wp\/v2\/users\/13"}],"replies":[{"embeddable":true,"href":"https:\/\/211md.org\/yo\/wp-json\/wp\/v2\/comments?post=3491"}],"version-history":[{"count":1,"href":"https:\/\/211md.org\/yo\/wp-json\/wp\/v2\/pages\/3491\/revisions"}],"predecessor-version":[{"id":4382,"href":"https:\/\/211md.org\/yo\/wp-json\/wp\/v2\/pages\/3491\/revisions\/4382"}],"wp:featuredmedia":[{"embeddable":true,"href":"https:\/\/211md.org\/yo\/wp-json\/wp\/v2\/media\/2665"}],"wp:attachment":[{"href":"https:\/\/211md.org\/yo\/wp-json\/wp\/v2\/media?parent=3491"}],"curies":[{"name":"wp","href":"https:\/\/api.w.org\/{rel}","templated":true}]}}