{"id":3749,"date":"2023-04-18T10:47:02","date_gmt":"2023-04-18T14:47:02","guid":{"rendered":"https:\/\/211md.org\/?page_id=3749"},"modified":"2025-09-20T11:24:47","modified_gmt":"2025-09-20T15:24:47","slug":"iyipada-tabili","status":"publish","type":"page","link":"https:\/\/211md.org\/yo\/changing-tables\/","title":{"rendered":"Wa A Iyipada Tabili ni Maryland"},"content":{"rendered":"<img decoding=\"async\" src=\"https:\/\/stg-maryland211-staging.kinsta.cloud\/wp-content\/uploads\/2025\/08\/5-1-scaled.png\" alt=\"5\" itemprop=\"image\" height=\"692\" width=\"2560\" title=\"5\" onerror=\"this.style.display='none'\" loading=\"lazy\" \/>\n\t\t<h1><a href=\"#start\" target=\"_self\">Ak\u1ecdle Oju-iwe Aiyipada<\/a><\/h1><p>\u1e62e o nira lati yi iled\u00ec\u00ed pada ni gbangba tabi pese it\u1ecdju ti ara \u1eb9ni fun \u1ecdm\u1ecdde tabi agbalagba?<\/p>\n<p>Aw\u1ecdn tabili iyipada gbogbo agbaye ati aw\u1ecdn ohun elo wa fun aw\u1ecdn alabojuto lati pese it\u1ecdju ti w\u1ecdn nilo, laibikita giga \u1eb9ni k\u1ecd\u1ecdkan tabi aw\u1ecdn iwulo pato.<\/p>\n<p>Wa \u1ecdkan nitosi.<\/p>\n\t\t\t<a href=\"#start\" target=\"_self\">\n\t\t\t\t\t\tB\u1eb9r\u1eb9\n\t\t\t\t\t<\/a>\n\t\t\t\t<img decoding=\"async\" src=\"https:\/\/211md.org\/wp-content\/plugins\/bb-plugin\/img\/pixel.png\" alt=\"\" itemprop=\"image\" onerror=\"this.style.display='none'\" loading=\"lazy\" \/>\n\t\t\t\t<img decoding=\"async\" src=\"https:\/\/stg-maryland211-staging.kinsta.cloud\/wp-content\/uploads\/2025\/08\/16.png\" alt=\"16\" itemprop=\"image\" height=\"1000\" width=\"1000\" title=\"16\" onerror=\"this.style.display='none'\" loading=\"lazy\" \/>\n\t\t\t\t<img decoding=\"async\" src=\"https:\/\/211md.org\/wp-content\/uploads\/2023\/04\/Changing-Table-at-Southern-Regional-Aquatic-Wellness-Center.jpg\" alt=\"Iyipada Tabili ni Ile-i\u1e63\u1eb9 Idaraya Omi Agbegbe Gusu\" itemprop=\"image\" height=\"800\" width=\"1200\" title=\"Iyipada Tabili ni Ile-i\u1e63\u1eb9 Idaraya Omi Agbegbe Gusu\" onerror=\"this.style.display='none'\" loading=\"lazy\" \/>\n\t\tIteriba: Prince George&#039;s County Department of Parks and Recreation\n\t<h2>Nibo ni lati wa aw\u1ecdn tabili iyipada gbogbo agbaye<\/h2>\n<p>211 \u1e63e iranl\u1ecdw\u1ecd fun aw\u1ecdn alabojuto lati wa aw\u1ecdn ohun elo w\u1ecdnyi ni aw\u1ecdn aaye gbangba jakejado Maryland.<\/p>\n<p>W\u1ecdn wa ni:<\/p>\n<ul>\n<li>aw\u1ecdn itura<\/li>\n<li>aw\u1ecdn ile-i\u1e63\u1eb9 ere idaraya<\/li>\n<li>Aw\u1ecdn ohun elo gbigbe \u1ecdp\u1ecdl\u1ecdp\u1ecd eniyan (ibudo \u1ecdk\u1ecd akero tabi papa \u1ecdk\u1ecd ofurufu)<\/li>\n<\/ul>\n<p>Ni O\u1e63u K\u1eb9wa \u1eccdun 2022, <a href=\"https:\/\/mgaleg.maryland.gov\/2021RS\/Chapters_noln\/CH_224_sb0061t.pdf\" target=\"_blank\" rel=\"noopener\">Maryland ofin<\/a> nilo a\u1e63ayan iraye si fun titun ati aw\u1ecdn ile ti a tun\u1e63e p\u1eb9lu aw\u1ecdn yara isinmi gbangba.<\/p>\n<p>Aw\u1ecdn ile-i\u1e63\u1eb9 ni iduro fun jijab\u1ecd alaye naa si 211.<\/p>\n<p>Ti o ba f\u1eb9 lati fi ohun elo kan kun, j\u1ecdw\u1ecd fi imeeli ran\u1e63\u1eb9 <a href=\"mailto:resources@211md.org\">resources@211md.org<\/a>.<\/p>\n\t\t\t<a href=\"mailto:%20resources@211md.org\" target=\"_blank\" rel=\"noopener\">\n\t\t\t\t\t\t\u1e62afikun tabili iyipada\n\t\t\t\t\t<\/a>\n\t<h2>Akoj\u1ecd ti aw\u1ecdn ohun elo iyipada<\/h2>\n<p>Eyi ni ibiti o ti le rii aw\u1ecdn wiw\u1ecdle w\u1ecdnyi, aw\u1ecdn ohun elo iyipada ni Maryland.<\/p>\n<h3>Anne Arundel County<\/h3>\n<p>Ni Anne Arundel County, aw\u1ecdn arinrin-ajo le wa tabili iyipada ni papa \u1ecdk\u1ecd ofurufu.<\/p>\n<h4>Baltimore Washington Papa \u1ecdk\u1ecd ofurufu<\/h4>\n<ul>\n<li>adir\u1eb9si: 7050 Friendship Rd, Baltimore MD 21240<\/li>\n<li>Aw\u1ecdn ak\u1ecdsil\u1eb9 ipo: \u1e62aaju aabo ni Terminal A, aabo inu laarin Aw\u1ecdn ebute B &amp; C, Ni Concourse D nipas\u1eb9 \u1eb9nu-\u1ecdna D7<\/li>\n<li><a href=\"http:\/\/www.bwiairport.com\/flying-with-us\/accessibility\" target=\"_blank\" rel=\"noopener\">Aaye ayelujara<\/a><\/li>\n<li>foonu: 410-859-7242<\/li>\n<li>Imeeli: adabwi@bwiairport.com<\/li>\n<li>Aw\u1ecdn \u1eb9ya:\n<ul>\n<li>N\u1ecdmba aw\u1ecdn ohun elo iyipada agbalagba: 3<\/li>\n<li>Giga adijositabulu: RARA<\/li>\n<li>Ibus\u1ecd \u1eb9y\u1ecdkan \/ ai\u1e63oju ak\u1ecd-abo \/ baluwe idile: B\u1eb8\u1eb8NI<\/li>\n<li>Ori iwe amusowo \/ ohun elo iw\u1eb9: R\u1eb8<\/li>\n<li>Agbara iwuwo: N\/A<\/li>\n<\/ul>\n<\/li>\n<\/ul>\n\t\t\t\t<img decoding=\"async\" src=\"https:\/\/211md.org\/wp-content\/uploads\/2024\/03\/Gary-J.-Arthur-Community-Center-Changing-Facility-with-tract-lift--300x400.jpg\" alt=\"Ile-i\u1e63\u1eb9 Iyipada Ile-i\u1e63\u1eb9 Gary J. Arthur Awuj\u1ecd p\u1eb9lu Gbe Tract\" itemprop=\"image\" height=\"400\" width=\"300\" title=\"Ile-i\u1e63\u1eb9 Iyipada Ile-i\u1e63\u1eb9 Gary J. Arthur p\u1eb9lu gbigbe gbigbe\" onerror=\"this.style.display='none'\" loading=\"lazy\" \/>\n\t<h3>Agbegbe Howard<\/h3>\n<p>Ni Howard County, \u1ecdp\u1ecdl\u1ecdp\u1ecd aw\u1ecdn agbegbe ati aw\u1ecdn ile-i\u1e63\u1eb9 a\u1e63a ni aw\u1ecdn tabili iyipada. Iw\u1ecdnyi p\u1eb9lu:<\/p>\n<ul>\n<li>Gary J. Arthur Community Center<\/li>\n<li>Harriet Tubman Cultural Center<\/li>\n<li>North Laurel Community ile-i\u1e63\u1eb9<\/li>\n<\/ul>\n<h4>Gary J. Arthur Community Center<\/h4>\n<ul>\n<li>adir\u1eb9si: 2400 MD-97, Cooksville, D\u00f3k\u00edt\u00e0<\/li>\n<li>Aw\u1ecdn ak\u1ecdsil\u1eb9 ipo: Ti o wa ni ita \u1eb9nu-\u1ecdna ak\u1ecdk\u1ecd ni aarin<\/li>\n<li><a href=\"https:\/\/www.howardcountymd.gov\/recreation-parks\/gary-j-arthur-community-center\" target=\"_blank\" rel=\"noopener\">Aaye ayelujara<\/a>\u00a0<\/li>\n<li>Foonu: 410-313-4840<\/li>\n<li>Imeeli: <a href=\"mailto:spotts@howardcountymd.gov\">spotts@howardcountymd.gov<\/a><\/li>\n<li>Aw\u1ecdn \u1eb9ya:\n<ul>\n<li>N\u1ecdmba aw\u1ecdn ohun elo iyipada agbalagba: 1<\/li>\n<li>Giga adijositabulu: B\u1eb8\u1eb8NI<\/li>\n<li>Ibus\u1ecd \u1eb9y\u1ecdkan\/a\u1e63oju ak\u1ecd tabi iw\u1eb9w\u1eb9 idile: B\u1eb8\u1eb8NI (2)<\/li>\n<li>Ori iwe iw\u1eb9 amusowo p\u1eb9lu ohun elo gbigbe orin oke: B\u1eb8\u1eb8NI<\/li>\n<li>Agbara iwuwo: 500 lb.<\/li>\n<\/ul>\n<\/li>\n<\/ul>\n\t\t\t\t<img decoding=\"async\" src=\"https:\/\/211md.org\/wp-content\/plugins\/bb-plugin\/img\/pixel.png\" alt=\"\" itemprop=\"image\" onerror=\"this.style.display='none'\" loading=\"lazy\" \/>\n\t<h4>Harriet Tubman Cultural Center<\/h4>\n<ul>\n<li>adir\u1eb9si: 8045 Harriet Tubman Lane, Columbia, D\u00f3k\u00edt\u00e0 21044<\/li>\n<li>Aw\u1ecdn ak\u1ecdsil\u1eb9 ipo: Ti o wa ni ita \u1eb9nu-\u1ecdna ak\u1ecdk\u1ecd ni aarin<\/li>\n<li><a href=\"https:\/\/www.howardcountymd.gov\/htcc\" target=\"_blank\" rel=\"noopener\">Aaye ayelujara<\/a><\/li>\n<li>foonu: 410-313-0860<\/li>\n<li>Imeeli: <a href=\"mailto:spotts@howardcountymd.gov\">spotts@howardcountymd.gov<\/a><\/li>\n<li>Aw\u1ecdn \u1eb9ya:\n<ul>\n<li>N\u1ecdmba aw\u1ecdn ohun elo iyipada agbalagba: 1<\/li>\n<li>Giga adijositabulu: B\u1eb8\u1eb8NI<\/li>\n<li>Ibus\u1ecd \u1eb9y\u1ecdkan\/a\u1e63oju ak\u1ecd tabi iw\u1eb9w\u1eb9 idile: B\u1eb8\u1eb8NI (2)<\/li>\n<li>Ori iwe amusowo \/ ohun elo iw\u1eb9: R\u1eb8<\/li>\n<li>Agbara iwuwo: 500 lb.<\/li>\n<\/ul>\n<\/li>\n<\/ul>\n\t\t\t\t<img decoding=\"async\" src=\"https:\/\/211md.org\/wp-content\/uploads\/2023\/04\/Harriet-Tubman-Cultural-Center-Changing-Table.jpg\" alt=\"Harriet Tubman Cultural Center Iyipada Table\" itemprop=\"image\" height=\"800\" width=\"1200\" title=\"Harriet Tubman Cultural Center Iyipada Table\" onerror=\"this.style.display='none'\" loading=\"lazy\" \/>\n\t\tIteriba: Howard County Department of Recreation &amp; Parks\n\t\t\t\t<img decoding=\"async\" src=\"https:\/\/211md.org\/wp-content\/uploads\/2023\/04\/Bathroom-with-changing-table-at-North-Laurel-Community-Center.jpg\" alt=\"Baluwe p\u1eb9lu tabili iyipada ni North Laurel Community Center\" itemprop=\"image\" height=\"800\" width=\"1200\" title=\"Baluwe p\u1eb9lu tabili iyipada ni North Laurel Community Center\" onerror=\"this.style.display='none'\" loading=\"lazy\" \/>\n\t\tIteriba: Howard County Department of Recreation &amp; Parks\n\t<h4>Ariwa<strong> Laurel Community Center<\/strong><\/h4>\n<ul>\n<li>adir\u1eb9si: 9411 Whiskey Isal\u1eb9 Road, Laurel MD 20723<\/li>\n<li>Aw\u1ecdn ak\u1ecdsil\u1eb9 ipo: Ti o wa ni ita \u1eb9nu-\u1ecdna ak\u1ecdk\u1ecd ni aarin<\/li>\n<li><a href=\"https:\/\/www.howardcountymd.gov\/nlcc\" target=\"_blank\" rel=\"noopener\">Aaye ayelujara<\/a><\/li>\n<li>foonu: 410-313-0390<\/li>\n<li>Imeeli: <a href=\"mailto:spotts@howardcountymd.gov\">spotts@howardcountymd.gov<\/a><\/li>\n<li>Aw\u1ecdn \u1eb9ya:\n<ul>\n<li>N\u1ecdmba aw\u1ecdn ohun elo iyipada agbalagba: 1<\/li>\n<li>Giga adijositabulu: B\u1eb8\u1eb8NI<\/li>\n<li>Ibus\u1ecd \u1eb9y\u1ecdkan\/a\u1e63oju ak\u1ecd tabi iw\u1eb9w\u1eb9 idile: B\u1eb8\u1eb8NI (2)<\/li>\n<li>Ori iwe amusowo \/ ohun elo iw\u1eb9: R\u1eb8<\/li>\n<li>Agbara iwuwo: 500 lb.<\/li>\n<\/ul>\n<\/li>\n<\/ul>\n\t<h3>Agbegbe Montgomery<\/h3>\n<p>Wa tabili iyipada gbogbo agbaye ni Montgomery County.<\/p>\n<h4>F. Scott Fitzgerald Theatre ni Rockville Civic Center Park<\/h4>\n<ul>\n<li>adir\u1eb9si: 603 Edmonston wak\u1ecd, Rockville, D\u00f3k\u00edt\u00e0 20851<\/li>\n<li>Aw\u1ecdn ak\u1ecdsil\u1eb9 ipo: Ti o wa ni ile-iy\u1eb9wu idile\/isinmi abo, nitosi ibebe il\u1eb9 ak\u1ecdk\u1ecd<\/li>\n<li><a href=\"https:\/\/www.rockvillemd.gov\/382\/F-Scott-Fitzgerald-Theatre\" target=\"_blank\" rel=\"noopener\">Aaye ayelujara<\/a><\/li>\n<li>Foonu: 240-314-8690; Maryland Relay 7-1-1 fun aw\u1ecdn onibara ti o j\u1eb9 aditi, lile ti igb\u1ecdran, tabi ni alaabo \u1ecdr\u1ecd.<\/li>\n<li>Imeeli:\u00a0<u><a title=\"mailto:theatre@rockvillemd.gov\" href=\"mailto:theatre@rockvillemd.gov\" data-linkindex=\"21\">theatre@rockvillemd.gov<\/a><\/u><\/li>\n<li>\u00a0Aw\u1ecdn \u1eb9ya:\n<ul>\n<li>N\u1ecdmba aw\u1ecdn ohun elo iyipada agbalagba: 1<\/li>\n<li>Giga adijositabulu: B\u1eb8\u1eb8NI<\/li>\n<li>Ibus\u1ecd \u1eb9y\u1ecdkan \/ ai\u1e63oju ak\u1ecd-abo \/ baluwe idile: B\u1eb8\u1eb8NI<\/li>\n<li>Ori iwe amusowo \/ ohun elo iw\u1eb9: R\u1eb8<\/li>\n<li>Aja Hoist\/G\u00edgb\u00e9: R\u1ecc\u0301<\/li>\n<li>Agbara iwuwo: 500 lbs.<\/li>\n<\/ul>\n<\/li>\n<\/ul>\n\t<h3>Prince George k\u00e1 County<\/h3>\n<p>Ni Prince George&#039;s County, aw\u1ecdn tabili iyipada wa ni:<\/p>\n<ul>\n<li>Ile-i\u1e63\u1eb9 Agbegbe Marlow Heights<\/li>\n<li>Southern Regional olomi Nini alafia Center<\/li>\n<li>Southern Area aquatics ati Recreation Complex<\/li>\n<\/ul>\n<h4>Ile-i\u1e63\u1eb9 Agbegbe Marlow Heights<\/h4>\n<ul>\n<li>Adir\u1eb9si ti ara: 2800 Saint Claire Drive, Temple Hills, MD 20748<\/li>\n<li>Aw\u1ecdn ak\u1ecdsil\u1eb9 ipo: Pa Yara Ipil\u1eb9-pup\u1ecd A<\/li>\n<li><u><a id=\"OWA74e1bdd9-939f-26ac-528c-76ef36bd5334\" title=\"https:\/\/www.pgparks.com\/facilities\/marlow-heights-community-center-community-center\" href=\"https:\/\/www.pgparks.com\/facilities\/marlow-heights-community-center\" data-auth=\"NotApplicable\" target=\"_blank\" rel=\"noopener\">Aaye ayelujara<\/a><\/u><\/li>\n<li>Foonu: 301-423-0505; Maryland Relay 7-1-1 fun aw\u1ecdn onibara ti o j\u1eb9 aditi, lile ti igb\u1ecdran, tabi ni alaabo \u1ecdr\u1ecd.<\/li>\n<li>Imeeli:\u00a0<u><a id=\"OWA126ee38b-7b28-cb25-0846-ed787bdefdff\" title=\"mailto:DisabilityServices@pgparks.com\" href=\"mailto:DisabilityServices@pgparks.com\">DisabilityServices@pgparks.com<\/a><\/u><\/li>\n<li>\u00a0Aw\u1ecdn \u1eb9ya:\n<ul>\n<li>N\u1ecdmba ti agbalagba<\/li>\n<li>Giga adijositabulu: B\u1eb8\u1eb8NI<\/li>\n<li>Ibus\u1ecd \u1eb9y\u1ecdkan \/ ai\u1e63oju ak\u1ecd-abo \/ baluwe idile: B\u1eb8\u1eb8NI<\/li>\n<li>Ori iwe amusowo \/ ohun elo iw\u1eb9: R\u1eb8<\/li>\n<li>Igbesoke Aja \/ Gbe: Rara<\/li>\n<li>Agbara iwuwo: 500lb.<\/li>\n<\/ul>\n<\/li>\n<\/ul>\n\t\t\t\t<img decoding=\"async\" src=\"http:\/\/211md.org\/wp-content\/uploads\/2025\/07\/Marlow-Heights-Community-Center-Changing-Table.jpg\" alt=\"Tabili Iyipada Ile-i\u1e63\u1eb9 Agbegbe Marlow Heights\" itemprop=\"image\" title=\"Tabili Iyipada Ile-i\u1e63\u1eb9 Agbegbe Marlow Heights\" onerror=\"this.style.display='none'\" loading=\"lazy\" \/>\n\t\tIteriba: Prince George&#039;s County Department of Recreation &amp; Parks\n\t\t\t\t<img decoding=\"async\" src=\"https:\/\/211md.org\/wp-content\/uploads\/2023\/04\/Universal-Changing-Table-up-against-wall.jpg\" alt=\"Gbogbo tabili iyipada soke lodi si odi\" itemprop=\"image\" height=\"800\" width=\"1200\" title=\"Universal Iyipada Table soke lodi si odi\" onerror=\"this.style.display='none'\" loading=\"lazy\" \/>\n\t\tIteriba: Prince George&#039;s County Department of Parks and Recreation\n\t<h4>Southern Regional olomi Nini alafia Center<\/h4>\n<ul>\n<li>Ti ara adir\u1eb9si: 7011 Bock Road, Fort Washington, D\u00f3k\u00edt\u00e0 20744<\/li>\n<li>Aw\u1ecdn ak\u1ecdsil\u1eb9 ipo: Pa aromiyo aarin \/ pool ibebe.<\/li>\n<li><a href=\"https:\/\/www.pgparks.com\/5117\/Southern-Regional-Aquatic-Wellness-Cente\" target=\"_blank\" rel=\"noopener\">Aaye ayelujara<\/a><\/li>\n<li>Foonu: 301-749-4180; Maryland Relay 7-1-1 fun aw\u1ecdn onibara ti o j\u1eb9 aditi, lile ti igb\u1ecdran, tabi ni alaabo \u1ecdr\u1ecd.<\/li>\n<li>Imeeli: AdaptedAquatics@pgparks.com<\/li>\n<li>Aw\u1ecdn \u1eb9ya ara \u1eb9r\u1ecd\n<ul>\n<li>N\u1ecdmba aw\u1ecdn ohun elo iyipada agbalagba: 1<\/li>\n<li>Giga adijositabulu: B\u1eb8\u1eb8NI<\/li>\n<li>Ibus\u1ecd \u1eb9y\u1ecdkan \/ ai\u1e63oju ak\u1ecd-abo \/ baluwe idile: B\u1eb8\u1eb8NI<\/li>\n<li>Ori iwe amusowo \/ ohun elo iw\u1eb9: B\u1eb8\u1eb8NI<\/li>\n<li>Agbara iwuwo: 484 lb.<\/li>\n<\/ul>\n<\/li>\n<\/ul>\n\t<h4>Southern Area aquatics ati Recreation Complex<\/h4>\n<ul>\n<li data-olk-copy-source=\"MessageBody\">Adir\u1eb9si ti ara: 13601 Missouri Ave, Brandywine, MD 20613<\/li>\n<li>Aw\u1ecdn ak\u1ecdsil\u1eb9 ipo: Ni pipa ibebe ak\u1ecdk\u1ecd, nitosi \u1eb9nu-\u1ecdna adagun-odo<\/li>\n<li><a title=\"https:\/\/pgparks.com\/facilities\/southern-area-aquatic-and-recreation-complex\" href=\"https:\/\/pgparks.com\/facilities\/southern-area-aquatic-and-recreation-complex\" target=\"_blank\" rel=\"noopener\" data-auth=\"NotApplicable\" data-linkindex=\"2\">Aaye ayelujara<\/a><\/li>\n<li>Foonu: 301-782-1442; Maryland Relay 7-1-1 fun aw\u1ecdn onibara ti o j\u1eb9 aditi, lile ti igb\u1ecdran, tabi ni alaabo \u1ecdr\u1ecd.<\/li>\n<li>Imeeli:\u00a0<a title=\"mailto:DisabilityServices@pgparks.com\" href=\"mailto:DisabilityServices@pgparks.com\" data-linkindex=\"3\">DisabilityServices@pgparks.com<\/a>\n<ul type=\"circle\">\n<li>Aw\u1ecdn \u1eb9ya:<\/li>\n<li>N\u1ecdmba aw\u1ecdn ohun elo iyipada agbalagba: 1<\/li>\n<li>Giga adijositabulu: B\u1eb8\u1eb8NI<\/li>\n<li>Ibus\u1ecd \u1eb9y\u1ecdkan \/ ai\u1e63oju ak\u1ecd-abo \/ baluwe idile: B\u1eb8\u1eb8NI<\/li>\n<li>Ori iwe amusowo \/ ohun elo iw\u1eb9: B\u1eb8\u1eb8NI<\/li>\n<li>Igbega Aja \/ Gbe: B\u1eb8\u1eb8NI (mu k\u00e0nn\u00e0k\u00e0nn\u00e0 tir\u1eb9)<\/li>\n<li>Agbara iwuwo: 500lb.<\/li>\n<\/ul>\n<\/li>\n<\/ul>\n\t\t\t\t<img decoding=\"async\" src=\"https:\/\/211md.org\/wp-content\/uploads\/2025\/01\/Southern-Area-Aquatics-and-Recreation-Complex-Changing-Table.jpg\" alt=\"Southern Area aquatics ati Recreation Complex Iyipada Table\" itemprop=\"image\" height=\"800\" width=\"1200\" title=\"Southern Area aquatics ati Recreation Complex Iyipada Table\" onerror=\"this.style.display='none'\" loading=\"lazy\" \/>\n\t\tIteriba: Prince George&#039;s County Department of Parks and Recreation\n<h2>\n\t\t\tAlaye ti o j\u1ecdm\u1ecd\t<\/h2>\n\t\t<h4><a href=\"\/yo\/oro\/ailera-ti-ogbo\/\" target=\"_self\">Ti ogbo &amp; Alaabo<\/a><\/h4>\n\t\t\t\t<a href=\"\/yo\/oro\/ailera-ti-ogbo\/\"  target=\"_self\" itemprop=\"url\">\n\t\t\t\t<img decoding=\"async\" src=\"https:\/\/211md.org\/wp-content\/uploads\/bb-plugin\/cache\/2025_MdInfoNet_Icon-Sets_Aging-disability-square-c466727102cae71e5f27b8539bb51945-.png\" alt=\"2025_MdInfoNet_Icon Sets_Aging-alaabo\" itemprop=\"image\" title=\"2025_MdInfoNet_Icon Sets_Aging-alaabo\" onerror=\"this.style.display='none'\" loading=\"lazy\" \/>\n\t\t\t\t<\/a>\n\t\t<h4><a href=\"https:\/\/211md.org\/yo\/oro\/omo-idile\/\" target=\"_blank\" rel=\"noopener\">Aw\u1ecdn \u1ecdm\u1ecdde &amp; Aw\u1ecdn idile<\/a><\/h4>\n\t\t\t\t<a href=\"https:\/\/211md.org\/yo\/oro\/omo-idile\/\" target=\"_blank\" rel=\"noopener\" itemprop=\"url\">\n\t\t\t\t<img decoding=\"async\" src=\"https:\/\/211md.org\/wp-content\/uploads\/bb-plugin\/cache\/2025_211_Icon-Sets_Child-care-square-a8953c7678f51ed443764342b64ee948-.png\" alt=\"2025_211_Icon Sets_Child itoju\" itemprop=\"image\" title=\"2025_211_Icon Sets_Child itoju\" onerror=\"this.style.display='none'\" loading=\"lazy\" \/>\n\t\t\t\t<\/a>\n\t\t<h4><a href=\"\/yo\/oro\/abele-ebi-iwa-ipa\/\" target=\"_self\">Iwa-ipa Abele<\/a><\/h4>\n\t\t\t\t<a href=\"\/yo\/oro\/abele-ebi-iwa-ipa\/\"  target=\"_self\" itemprop=\"url\">\n\t\t\t\t<img decoding=\"async\" src=\"https:\/\/211md.org\/wp-content\/uploads\/bb-plugin\/cache\/2025_211_Icon-Sets_Domestic-Violence-square-e6e48b12d9d44dadd394e0d40debfd96-.png\" alt=\"Aami iwa-ipa ab\u1eb9le\" itemprop=\"image\" title=\"2025_211_Icon \u1e62eto_Iwa-ipa Abele\" onerror=\"this.style.display='none'\" loading=\"lazy\" \/>\n\t\t\t\t<\/a>\n\t\t<h4><a href=\"\/yo\/oro\/wiwa-oojo\/\" target=\"_self\">Igbanisise<\/a><\/h4>\n\t\t\t\t<a href=\"\/yo\/oro\/wiwa-oojo\/\"  target=\"_self\" itemprop=\"url\">\n\t\t\t\t<img decoding=\"async\" src=\"https:\/\/211md.org\/wp-content\/uploads\/bb-plugin\/cache\/2025_MdInfoNet_Icon-Sets_Employment-square-44707bd410e4df10a470bf130ebcea86-.png\" alt=\"2025_MdInfoNet_Icon Sets_Employment\" itemprop=\"image\" title=\"2025_MdInfoNet_Icon Sets_Employment\" onerror=\"this.style.display='none'\" loading=\"lazy\" \/>\n\t\t\t\t<\/a>\n\t\t<h4><a href=\"\/yo\/oro\/itoju-ilera\/\" target=\"_self\">It\u1ecdju Ilera<\/a><\/h4>\n\t\t\t\t<a href=\"\/yo\/oro\/itoju-ilera\/\"  target=\"_self\" itemprop=\"url\">\n\t\t\t\t<img decoding=\"async\" src=\"https:\/\/211md.org\/wp-content\/uploads\/bb-plugin\/cache\/2025_MdInfoNet_Icon-Sets_Health-Care-square-dee98a0060cbe0e7f27eda253fc12679-.png\" alt=\"2025_MdInfoNet_Icon Sets_Health It\u1ecdju\" itemprop=\"image\" title=\"2025_MdInfoNet_Icon Sets_Health It\u1ecdju\" onerror=\"this.style.display='none'\" loading=\"lazy\" \/>\n\t\t\t\t<\/a>\n\t\t<h4><a href=\"\/yo\/oro\/omo-idile\/itoju-ibatan\/\" target=\"_self\">\u00ccb\u00e1tan<\/a><\/h4>\n\t\t\t\t<a href=\"\/yo\/oro\/omo-idile\/itoju-ibatan\/\"  target=\"_self\" itemprop=\"url\">\n\t\t\t\t<img decoding=\"async\" src=\"https:\/\/211md.org\/wp-content\/uploads\/bb-plugin\/cache\/2025_211_Icon-Sets_Kinship-square-21d4c353354c53c083c80118abb066f2-.png\" alt=\"Aami ibatan\" itemprop=\"image\" title=\"2025_211_Icon Sets_Kinship\" onerror=\"this.style.display='none'\" loading=\"lazy\" \/>\n\t\t\t\t<\/a>\n\t\t<h4><a href=\"\/yo\/oro\/ofin-awon-i%e1%b9%a3e\/\" target=\"_self\">Aw\u1ecdn i\u1e63\u1eb9 ofin<\/a><\/h4>\n\t\t\t\t<a href=\"\/yo\/oro\/ofin-awon-i%e1%b9%a3e\/\"  target=\"_self\" itemprop=\"url\">\n\t\t\t\t<img decoding=\"async\" src=\"https:\/\/211md.org\/wp-content\/uploads\/bb-plugin\/cache\/2025_MdInfoNet_Icon-Sets_Legal-square-18fdf438feb8435588174d9046463257-.png\" alt=\"2025_MdInfoNet_Icon Sets_Legal\" itemprop=\"image\" title=\"2025_MdInfoNet_Icon Sets_Legal\" onerror=\"this.style.display='none'\" loading=\"lazy\" \/>\n\t\t\t\t<\/a>\n\t\t<h4><a href=\"\/yo\/oro\/opolo-ilera\/\" target=\"_self\">Opolo Health<\/a><\/h4>\n\t\t\t\t<a href=\"\/yo\/oro\/opolo-ilera\/\"  target=\"_self\" itemprop=\"url\">\n\t\t\t\t<img decoding=\"async\" src=\"https:\/\/211md.org\/wp-content\/uploads\/bb-plugin\/cache\/2025_MdInfoNet_Icon-Sets_Mental-Health-square-c59b38c4a993a947d4c9280fbe2d2fee-.png\" alt=\"2025_MdInfoNet_Icon Sets_Mental Health\" itemprop=\"image\" title=\"2025_MdInfoNet_Icon Sets_Mental Health\" onerror=\"this.style.display='none'\" loading=\"lazy\" \/>\n\t\t\t\t<\/a>\n\t\t<h4><a href=\"\/yo\/oro\/ogbon-inu\/\" target=\"_self\">Atunw\u1ecdle<\/a><\/h4>\n\t\t\t\t<a href=\"\/yo\/oro\/ogbon-inu\/\"  target=\"_self\" itemprop=\"url\">\n\t\t\t\t<img decoding=\"async\" src=\"https:\/\/211md.org\/wp-content\/uploads\/bb-plugin\/cache\/2025_211_Icon-Sets_Reentry-square-f36b65d903a62fd4c3819ff05988ca60-.png\" alt=\"Aami iw\u1ecdle\" itemprop=\"image\" title=\"2025_211_Icon Sets_Reentry\" onerror=\"this.style.display='none'\" loading=\"lazy\" \/>\n\t\t\t\t<\/a>\n\t\t<h4><a href=\"\/yo\/oro\/lilo-nkan-elo\/\" target=\"_self\">Ohun elo Lilo<\/a><\/h4>\n\t\t\t\t<a href=\"\/yo\/oro\/lilo-nkan-elo\/\"  target=\"_self\" itemprop=\"url\">\n\t\t\t\t<img decoding=\"async\" src=\"https:\/\/211md.org\/wp-content\/uploads\/bb-plugin\/cache\/2025_MdInfoNet_Icon-Sets_Substance-Abuse-square-9022fec9d18a64118ad685c101885b55-.png\" alt=\"2025_MdInfoNet_Icon Sets_Substance Abuse\" itemprop=\"image\" title=\"2025_MdInfoNet_Icon Sets_Substance Abuse\" onerror=\"this.style.display='none'\" loading=\"lazy\" \/>\n\t\t\t\t<\/a>\n\t\t<h4><a href=\"\/yo\/oro\/ogbo\/\" target=\"_self\">Ogbo<\/a><\/h4>\n\t\t\t\t<a href=\"\/yo\/oro\/ogbo\/\"  target=\"_self\" itemprop=\"url\">\n\t\t\t\t<img decoding=\"async\" src=\"https:\/\/211md.org\/wp-content\/uploads\/bb-plugin\/cache\/2025_MdInfoNet_Icon-Sets_Rating-square-6e60d00cce4faa8e0a6d4ad7366aa733-.png\" alt=\"2025_MdInfoNet_Icon Sets_Rating\" itemprop=\"image\" title=\"2025_MdInfoNet_Icon Sets_Rating\" onerror=\"this.style.display='none'\" loading=\"lazy\" \/>\n\t\t\t\t<\/a>","protected":false},"excerpt":{"rendered":"<p>Ak\u1ecdle Oju-iwe Aiyipada \u1e62e o nira lati yi iled\u00ec\u00ed pada ni gbangba tabi pese it\u1ecdju ti ara \u1eb9ni fun \u1ecdm\u1ecdde tabi agbalagba? Aw\u1ecdn tabili iyipada gbogbo agbaye ati aw\u1ecdn ohun elo wa fun aw\u1ecdn alabojuto lati pese it\u1ecdju ti w\u1ecdn nilo, laibikita giga \u1eb9ni k\u1ecd\u1ecdkan tabi aw\u1ecdn iwulo pato. Wa \u1ecdkan nitosi. B\u1eb9r\u1eb9 Iteriba: \u1eb8ka Prince George&#039;s County\u2026<\/p>","protected":false},"author":7,"featured_media":3751,"parent":0,"menu_order":0,"comment_status":"closed","ping_status":"closed","template":"","meta":{"footnotes":""},"class_list":["post-3749","page","type-page","status-publish","has-post-thumbnail","hentry"],"_links":{"self":[{"href":"https:\/\/211md.org\/yo\/wp-json\/wp\/v2\/pages\/3749","targetHints":{"allow":["GET"]}}],"collection":[{"href":"https:\/\/211md.org\/yo\/wp-json\/wp\/v2\/pages"}],"about":[{"href":"https:\/\/211md.org\/yo\/wp-json\/wp\/v2\/types\/page"}],"author":[{"embeddable":true,"href":"https:\/\/211md.org\/yo\/wp-json\/wp\/v2\/users\/7"}],"replies":[{"embeddable":true,"href":"https:\/\/211md.org\/yo\/wp-json\/wp\/v2\/comments?post=3749"}],"version-history":[{"count":9,"href":"https:\/\/211md.org\/yo\/wp-json\/wp\/v2\/pages\/3749\/revisions"}],"predecessor-version":[{"id":33847,"href":"https:\/\/211md.org\/yo\/wp-json\/wp\/v2\/pages\/3749\/revisions\/33847"}],"wp:featuredmedia":[{"embeddable":true,"href":"https:\/\/211md.org\/yo\/wp-json\/wp\/v2\/media\/3751"}],"wp:attachment":[{"href":"https:\/\/211md.org\/yo\/wp-json\/wp\/v2\/media?parent=3749"}],"curies":[{"name":"wp","href":"https:\/\/api.w.org\/{rel}","templated":true}]}}