{"id":3758,"date":"2023-05-01T11:24:18","date_gmt":"2023-05-01T15:24:18","guid":{"rendered":"https:\/\/211md.org\/?page_id=3758"},"modified":"2025-09-11T08:53:11","modified_gmt":"2025-09-11T12:53:11","slug":"odomokunrin-support","status":"publish","type":"page","link":"https:\/\/211md.org\/yo\/resources\/mental-health\/teen-support\/","title":{"rendered":"Bii Aw\u1ecdn obi ati Aw\u1ecdn Olut\u1ecdju Le \u1e62e atil\u1eb9yin Ilera \u1eccp\u1ecdl\u1ecd \u1eccd\u1ecdm\u1ecdkunrin"},"content":{"rendered":"<img decoding=\"async\" src=\"https:\/\/stg-maryland211-staging.kinsta.cloud\/wp-content\/uploads\/2025\/08\/5-1-scaled.png\" alt=\"5\" itemprop=\"image\" height=\"692\" width=\"2560\" title=\"5\" onerror=\"this.style.display='none'\" loading=\"lazy\" \/>\n\t\t<h1><a href=\"#start\" target=\"_self\">Ak\u1ecdle Oju-iwe Aiyipada<\/a><\/h1><p>Nigbati ilera opolo \u1ecdd\u1ecd ba lagbara, w\u1ecdn le \u1e63akoso aw\u1ecdn giga \u1eb9dun ati aw\u1ecdn ipal\u1ecdl\u1ecd ti o wa p\u1eb9lu i\u1e63awari agbaye w\u1ecdn. <\/p>\n<p>Iranl\u1ecdw\u1ecd wa fun aw\u1ecdn ifiyesi ilera \u1ecdp\u1ecdl\u1ecd. K\u1ecd \u1eb9k\u1ecd bi o \u1e63e le \u1e63e atil\u1eb9yin fun aw\u1ecdn \u1ecdd\u1ecd ni igbesi aye r\u1eb9.\u00a0<\/p>\n\t\t\t<a href=\"#start\" target=\"_self\">\n\t\t\t\t\t\tB\u1eb9r\u1eb9\n\t\t\t\t\t<\/a>\n\t\t\t\t<img decoding=\"async\" src=\"https:\/\/211md.org\/wp-content\/plugins\/bb-plugin\/img\/pixel.png\" alt=\"\" itemprop=\"image\" onerror=\"this.style.display='none'\" loading=\"lazy\" \/>\n\t\t\t\t<img decoding=\"async\" src=\"https:\/\/stg-maryland211-staging.kinsta.cloud\/wp-content\/uploads\/2025\/08\/16.png\" alt=\"16\" itemprop=\"image\" height=\"1000\" width=\"1000\" title=\"16\" onerror=\"this.style.display='none'\" loading=\"lazy\" \/>\n\t\t\t\t<img decoding=\"async\" src=\"http:\/\/211md.org\/wp-content\/uploads\/2023\/04\/Lonely-teen-by-himself-at-school.png\" alt=\"\u1eccd\u1ecdm\u1ecdkunrin ti o dawa nikan ni ile-iwe\" itemprop=\"image\" title=\"\u1eccd\u1ecdm\u1ecdkunrin ti o dawa nikan ni ile-iwe\" onerror=\"this.style.display='none'\" loading=\"lazy\" \/>\n\t<h2>Wiwa Iranl\u1ecdw\u1ecd \u1eccp\u1ecdl\u1ecd \u1eccd\u1ecdm\u1ecdkunrin<\/h2>\n<p>Atil\u1eb9yin ti o t\u1ecd ni akoko ti o t\u1ecd le \u1e63e iranl\u1ecdw\u1ecd fun \u1ecdd\u1ecd lati \u1e63e rere ati dena aw\u1ecdn i\u1e63oro p\u1eb9lu \u1eb9k\u1ecd, aw\u1ecdn ibatan, tabi <a href=\"https:\/\/211md.org\/yo\/oro\/lilo-nkan-elo\/\">ipalara oludoti<\/a>.<\/p>\n<p>Iranl\u1ecdw\u1ecd wa ni Maryland nipas\u1eb9:<\/p>\n<ul>\n<li>aw\u1ecdn <a href=\"https:\/\/988min.org\/\" target=\"_blank\" rel=\"noopener\">988 gboona<\/a> (atil\u1eb9yin idaamu). Pe tabi \u1ecdr\u1ecd 988, tabi <a href=\"https:\/\/988lifeline.org\/chat\/\" target=\"_blank\" rel=\"noopener\">iwiregbe ni English<\/a> tabi <a href=\"https:\/\/988lifeline.org\/es\/chat\/\" target=\"_blank\" rel=\"noopener\">Sipeeni<\/a>.<\/li>\n<li>aw\u1ecdn olupese it\u1ecdju ak\u1ecdk\u1ecd, bii dokita \u1ecdm\u1ecd tabi dokita \u1eb9bi r\u1eb9<\/li>\n<li>ile-iwe \u00ecgbim\u1ecd<\/li>\n<li>211 \u1ecdd\u1ecdm\u1ecdkunrin nk\u1ecd eto ti a npe ni <a href=\"https:\/\/211md.org\/yo\/nipa\/awon-ifororan%e1%b9%a3e\/myoungminds\/\">MDYoungMinds<\/a><\/li>\n<li>telehealth support eto<\/li>\n<li>aw\u1ecdn alam\u1ecddaju ilera \u1ecdp\u1ecdl\u1ecd, bii aw\u1ecdn oludamoran, aw\u1ecdn o\u1e63i\u1e63\u1eb9 awuj\u1ecd, aw\u1ecdn onim\u1ecd-jinl\u1eb9, tabi aw\u1ecdn onim\u1ecd-jinl\u1eb9<\/li>\n<\/ul>\n<p>O tun le wa aw\u1ecdn olupese ilera ti opolo ninu aaye data ilera ihuwasi ti ipinle, eyiti N\u1eb9tiw\u1ecd\u1ecdki Alaye ti Maryland fun ni agbara.<\/p>\n\t\t\t<a href=\"https:\/\/search.988.mdinfonet.org\/\" target=\"_blank\" rel=\"noopener\">\n\t\t\t\t\t\t\tWa fun olupese ilera opolo\n\t\t\t\t\t<\/a>\n\t<h2>Nilo lati \u1eccr\u1ecd?\u00a0<\/h2>\n<p>&nbsp;<\/p>\n\t<h2>Pe tabi \u1eccr\u1ecd 988<\/h2>\n\t\t\t<a href=\"https:\/\/988lifeline.org\/chat\/\" target=\"_blank\" rel=\"noopener\">\n\t\t\t\t\t\t\tWiregbe Bayi (G\u1eb9\u1eb9si)\n\t\t\t\t\t<\/a>\n\t\t\t<a href=\"https:\/\/988lifeline.org\/es\/chat\/\" target=\"_blank\" rel=\"noopener\">\n\t\t\t\t\t\t\tChatea Ahora (Espa\u00f1ol)\n\t\t\t\t\t<\/a>\n\t<p>\u1eb8nik\u1eb9ni ti o nilo iranl\u1ecdw\u1ecd p\u1eb9lu ilera \u1ecdp\u1ecdl\u1ecd tabi aw\u1ecdn iwulo ti o j\u1ecdm\u1ecd lilo nkan le pe 988. <a href=\"https:\/\/988min.org\/\" target=\"_blank\" rel=\"noopener\">K\u1ecd \u1eb9k\u1ecd nipa 988 ni Maryland<\/a>.<\/p>\n\t<h2>Aw\u1ecdn ami ikil\u1ecd<\/h2>\n<p>Ni \u1ecdp\u1ecdl\u1ecdp\u1ecd aw\u1ecdn \u1ecdm\u1ecdde, aw\u1ecdn ifiyesi ilera opolo ko \u1e63e akiyesi, tabi w\u1ecdn ko ni iranl\u1ecdw\u1ecd. Mim\u1ecd aw\u1ecdn ami le \u1e63e iranl\u1ecdw\u1ecd fun \u1ecdd\u1ecd lati gba iranl\u1ecdw\u1ecd.<\/p>\n<p><a href=\"https:\/\/pubmed.ncbi.nlm.nih.gov\/15939837\/\" target=\"_blank\" rel=\"noopener\">Iwadi<\/a> fihan pe 50% ti aw\u1ecdn i\u1e63oro ilera \u1ecdp\u1ecdl\u1ecd farahan nipas\u1eb9 \u1ecdj\u1ecd-ori 14.<\/p>\n<p>Ni ibamu si aw\u1ecdn <a href=\"https:\/\/www.mhamd.org\/wp-content\/uploads\/2023\/02\/DiscussingYourChildsMentalHealthwithYourPrimaryCareProvider_factsheet_CMHMBHIPP_Jan2023.pdf\" target=\"_blank\" rel=\"noopener\">Opolo Health Association of Maryland<\/a>, aw\u1ecdn obi ati aw\u1ecdn alabojuto y\u1eb9 ki o wa aw\u1ecdn ami w\u1ecdnyi ti aisan \u1ecdp\u1ecdl\u1ecd tabi ipo ilera \u1ecdp\u1ecdl\u1ecd:<\/p>\n<ul>\n<li>I\u1e63oro ni ile, ile-iwe, tabi lawuj\u1ecd. \u1eccm\u1ecdde le ja si ija tabi \u1e63e buburu ni ile-iwe.<\/li>\n<li>Aw\u1ecdn aniyan ni gbogbo igba.<\/li>\n<li>Aw\u1ecdn iyipada ti o \u1e63e akiyesi si oorun, i\u1e63esi, ij\u1eb9un, tabi ihuwasi.<\/li>\n<li>Aw\u1ecdn ap\u1eb9r\u1eb9 ti i\u1e63\u1eb9 \u1e63i\u1e63e atunwi ti o dabaru p\u1eb9lu wiwa si ile-iwe, oorun, tabi itara.<\/li>\n<li>Aw\u1ecdn ikunsinu ti ibanuj\u1eb9 p\u1ecd si, ibinu, aap\u1ecdn, aibal\u1eb9, iyi ara \u1eb9ni kekere, ati ibanuj\u1eb9.<\/li>\n<li>Ko r\u1eb9rin tabi r\u1eb9rin mus\u1eb9.<\/li>\n<li>Irora loorekoore, ikun tabi efori laisi idi i\u1e63oogun ti a m\u1ecd.<\/li>\n<li>Ko le joko j\u1eb9.<\/li>\n<li>Ko han lati t\u1eb9tisi aw\u1ecdn it\u1ecdnis\u1ecdna.<\/li>\n<li>Aw\u1ecdn i\u1e63e laisi ero.<\/li>\n<li>Ni aw\u1ecdn ihuwasi ti idagbasoke ko y\u1eb9 ki o j\u1eb9 \u1ecdran m\u1ecd bi aibal\u1eb9, rir\u1ecd, tabi ile.<\/li>\n<li>Ni wahala \u1e63i\u1e63e aw\u1ecdn \u1ecdr\u1eb9 nitori ibinu tabi iwa ihuwasi.<\/li>\n<li>Lo akoko di\u1eb9 sii nikan.<\/li>\n<li>Yago fun aw\u1ecdn i\u1e63\u1eb9 tabi aw\u1ecdn nkan ti \u1eb9ni k\u1ecd\u1ecdkan ti nif\u1eb9 t\u1eb9l\u1eb9.<\/li>\n<li>Akoko lile ni aw\u1ecdn ipo ti o lo lati dara.<\/li>\n<li>Nilo atil\u1eb9yin di\u1eb9 sii.<\/li>\n<li>Ni ihuwasi ibalopo ti o ni di\u1eb9 sii ju iwariiri deede.<\/li>\n<li>\u1e62i\u1e63\u1eb9 p\u1eb9lu ina leralera.<\/li>\n<li>Iwa ika si aw\u1ecdn \u1eb9ranko.<\/li>\n<li>Ngb\u1ecd ohun tabi ri ohun.<\/li>\n<li>Nlo oogun tabi oti.<\/li>\n<\/ul>\n<p>Ti o ba ni ibakcdun, gba iranl\u1ecdw\u1ecd ati atil\u1eb9yin. Gbekele ikun r\u1eb9 bi obi tabi olut\u1ecdju.<\/p>\n\t<h3>Aw\u1ecdn ami ti ibanuj\u1eb9 \u1ecdd\u1ecd<\/h3>\n<p>Ibanuj\u1eb9 j\u1eb9 \u1ecdkan iru ipo ilera \u1ecdp\u1ecdl\u1ecd.<\/p>\n<blockquote><p>20% ti aw\u1ecdn \u1ecdd\u1ecd ti o wa ni \u1ecddun 12-17 ti ni iriri i\u1e63\u1eb9l\u1eb9 ibanuj\u1eb9 nla kan, ni ibamu si <a href=\"https:\/\/www.cdc.gov\/childrensmentalhealth\/features\/understanding-public-health-concern.html\" target=\"_blank\" rel=\"noopener\">\u00c0j\u1ecd CDC<\/a>.<\/p><\/blockquote>\n<p>Lakoko ti a ma n ronu nipa ibanuj\u1eb9 nigbagbogbo bi nini \u201cblues,\u201d iy\u1eb9n kii \u1e63e ami nigbagbogbo, paapaa ninu aw\u1ecdn \u1ecdm\u1ecdde, aw\u1ecdn \u1ecdd\u1ecd \/ aw\u1ecdn \u1ecdd\u1ecd ati aw\u1ecdn \u1ecdd\u1ecd. Ibanuj\u1eb9 j\u1eb9 di\u1eb9 sii ju jij\u1eb9 ir\u1eb9w\u1eb9si.<\/p>\n<p>Aw\u1ecdn ami ti ibanuj\u1eb9 le yipada bi \u1ecdj\u1ecd-ori \u1eb9ni k\u1ecd\u1ecdkan.<\/p>\n<p>Fun ap\u1eb9\u1eb9r\u1eb9, di\u1eb9 ninu aw\u1ecdn aami aisan ninu \u1ecdm\u1ecdde ti o ni ibanuj\u1eb9 le j\u1eb9:<\/p>\n<ul>\n<li>aniyan<\/li>\n<li>jije cranky<\/li>\n<li>clingy<\/li>\n<li>kiko lati l\u1ecd si ile-iwe<\/li>\n<\/ul>\n<p>Aw\u1ecdn \u1ecdm\u1ecdde ati aw\u1ecdn \u1ecdd\u1ecd le:<\/p>\n<ul>\n<li>gba wahala ni ile-iwe<\/li>\n<li>gba banuje aw\u1ecdn i\u1e63\u1ecdr\u1ecd<\/li>\n<li>lero \u00e0\u00ecn\u00edsinmi<\/li>\n<li>ni kekere ara-niyi<\/li>\n<\/ul>\n<p>Aw\u1ecdn agbalagba \u1ecdd\u1ecd le:<\/p>\n<ul>\n<li>j\u1eb9 ibinu<\/li>\n<li>ni a odi wo ti aye<\/li>\n<\/ul>\n<p>Nigbati aw\u1ecdn ikunsinu w\u1ecdnyi ba t\u1eb9siwaju pup\u1ecd jul\u1ecd fun aw\u1ecdn \u1ecds\u1eb9 ati pe o ko le dojuk\u1ecd tabi \u1e63e aw\u1ecdn nkan ti o gbadun nigbakan, o to akoko lati gba iranl\u1ecdw\u1ecd.<\/p>\n<h3>aw\u1ecdn ibeere lati \u1e63e iranl\u1ecdw\u1ecd idanim\u1ecd ibanuj\u1eb9<\/h3>\n<p>Lati \u1e63e iranl\u1ecdw\u1ecd idanim\u1ecd ati mu ibanuj\u1eb9 ni kutukutu, aw\u1ecdn <a href=\"https:\/\/www.nimh.nih.gov\/health\/publications\/teen-depression\" target=\"_blank\" rel=\"noopener\">National Institute of opolo Health<\/a>\u00a0daba bibeere arar\u1eb9 aw\u1ecdn ibeere w\u1ecdnyi.<\/p>\n<p>\u1e62e \u1ecdm\u1ecd mi tabi \u1e63e Mo lero\u2026.?<\/p>\n<ul>\n<li>Ibanuj\u1eb9, aniyan, asan tabi \u201cofo\u201d?<\/li>\n<li>Ko nif\u1eb9 si aw\u1ecdn i\u1e63\u1eb9 ti Mo gbadun nigbakan?<\/li>\n<li>Ni ir\u1ecdrun banuje, ibinu, tabi ibinu?<\/li>\n<li>Mo n y\u1ecdkuro lati aw\u1ecdn \u1ecdr\u1eb9 ati \u1eb9bi?<\/li>\n<li>Nj\u1eb9 Emi ko \u1e63e daradara ni ile-iwe?<\/li>\n<li>Ounj\u1eb9 ojoojum\u1ecd ati isesi oorun mi yipada?<\/li>\n<li>O r\u1eb9, o r\u1eb9w\u1eb9si tabi ti ni iriri pipadanu iranti?<\/li>\n<li>Bi ipalara ara mi tabi pipa ara \u1eb9ni?<\/li>\n<\/ul>\n<p>Aw\u1ecdn aami aisan le yat\u1ecd lati eniyan si eniyan.<\/p>\n<p>O le ni aw\u1ecdn aami aisan di\u1eb9 tabi di\u1eb9 di\u1eb9.<\/p>\n<p>Soro si alam\u1ecddaju o\u1e63i\u1e63\u1eb9 ti o ba ni aw\u1ecdn ifiyesi. Pe 988 fun iranl\u1ecdw\u1ecd l\u1eb9s\u1eb9k\u1eb9s\u1eb9.<\/p>\n\t<h2>Social Media ati opolo ilera<\/h2>\n<p>\u1eccna asop\u1ecd kan wa laarin ibanuj\u1eb9 ati ipinya ti a rii ati aw\u1ecdn \u1ecdd\u1ecd p\u1eb9lu lilo media awuj\u1ecd giga.<\/p>\n<p>Lilo intan\u1eb9\u1eb9ti giga ati af\u1eb9sodi intan\u1eb9\u1eb9ti tun ni asop\u1ecd p\u1eb9lu ipalara ti ara \u1eb9ni.<\/p>\n<blockquote><p>Aw\u1ecdn \u1ecdd\u1ecd ti o lo aw\u1ecdn wakati m\u1eb9ta tabi di\u1eb9 sii fun \u1ecdj\u1ecd kan lori \u1eb9r\u1ecd itanna j\u1eb9 35% di\u1eb9 sii lati ni ifosiwewe eewu igb\u1eb9mi ara \u1eb9ni bii \u1e63i\u1e63e eto kan, ni ibamu si iwadii ti a t\u1eb9jade ninu <a href=\"https:\/\/journals.sagepub.com\/doi\/10.1177\/2167702617723376\" target=\"_blank\" rel=\"noopener\">Association fun \u00c0k\u00f3b\u00e1 Im\u1ecd<\/a>.<\/p><\/blockquote>\n<p>Ti o ba m\u1ecd \u1ecdd\u1ecdm\u1ecdkunrin kan ti o s\u1ecdr\u1ecd nipa ipalara fun ara w\u1ecdn tabi aw\u1ecdn \u1eb9lomiran, gba iranl\u1ecdw\u1ecd l\u1eb9s\u1eb9k\u1eb9s\u1eb9. Pe tabi firan\u1e63\u1eb9 988. O tun le iwiregbe p\u1eb9lu 988 Igb\u1eb9mi ara \u1eb9ni &amp; Crisis Lifeline ni <a href=\"https:\/\/988lifeline.org\/chat\/\" target=\"_blank\" rel=\"noopener\">English<\/a> tabi <a href=\"https:\/\/988lifeline.org\/es\/chat\/\" target=\"_blank\" rel=\"noopener\">Sipeeni<\/a>.<\/p>\n\t\t\t<a href=\"https:\/\/988lifeline.org\/chat\/\" target=\"_blank\" rel=\"noopener\">\n\t\t\t\t\t\t\tWiregbe p\u1eb9lu 988 (G\u1eb9\u1eb9si)\n\t\t\t\t\t<\/a>\n\t\t\t<a href=\"https:\/\/988lifeline.org\/es\/chat\/\" target=\"_blank\" rel=\"noopener\">\n\t\t\t\t\t\t\tWiregbe p\u1eb9lu 988 (ede Spani)\n\t\t\t\t\t<\/a>\n\t\t\t\t<img decoding=\"async\" src=\"https:\/\/211md.org\/wp-content\/uploads\/2024\/02\/teens-on-social-media.jpg\" alt=\"odo lori awujo media\" itemprop=\"image\" height=\"800\" width=\"1200\" title=\"odo lori awujo media\" onerror=\"this.style.display='none'\" loading=\"lazy\" \/>\n\t<h3>awujo media Ikil\u1ecd ami<\/h3>\n<p>Bojuto a \u1ecdm\u1ecd k\u00e1 awujo media ati online a\u1e63ayan i\u1e63\u1eb9-\u1e63i\u1e63e.<\/p>\n<p>M\u1ecd aw\u1ecdn ami ikil\u1ecd ti ip\u1ecdnju \u1ecdp\u1ecdl\u1ecd. Iw\u1ecdnyi le p\u1eb9lu aw\u1ecdn ifiran\u1e63\u1eb9 bii:<\/p>\n<ul>\n<li>&quot;Emi ko le \u1e63e ohunkohun.&quot; 1TP5 funrarar\u1eb9<\/li>\n<li>&quot;Mo korira gbogbo eniyan.&quot;<\/li>\n<li>\u1eccj\u1ecd miiran ko l\u1ecd si ile-iwe.<\/li>\n<li>Hashtags odi ati emojis bi #depressed ati #cutting.<\/li>\n<li>\u1eccr\u1ecd sis\u1ecd ti if\u1eb9 lati ku, ainireti \u1eb9dun iyara ati iyara, fifun aw\u1ecdn ohun ti ara \u1eb9ni, sis\u1ecd o dab\u1ecd.<\/li>\n<li>Iwa iwa.<\/li>\n<li>Insomnia posts.<\/li>\n<\/ul>\n<p>Ti iw\u1ecd tabi \u1eb9nikan ti o m\u1ecd ti n \u1e63afihan aw\u1ecdn ami idaamu, kan si alam\u1ecddaju ti o\u1e63i\u1e63\u1eb9 l\u1eb9s\u1eb9k\u1eb9s\u1eb9 nipa pipe tabi fifiran\u1e63\u1eb9 988.<\/p>\n\t\t\t\t<img decoding=\"async\" src=\"http:\/\/211md.org\/wp-content\/uploads\/2023\/04\/Parent-comforting-depressed-kid.png\" alt=\"obi itunu \u1ecdm\u1ecd nre\" itemprop=\"image\" title=\"\u1eccm\u1ecd ti o ni ibanuj\u1eb9 obi\" onerror=\"this.style.display='none'\" loading=\"lazy\" \/>\n\t<h2>Atil\u1eb9yin fun Aw\u1ecdn obi<\/h2>\n<p>O m\u1ecd kini lati \u1e63e nigbati \u1ecdm\u1ecd r\u1eb9 ba ni iba tabi ikolu eti, \u1e63ugb\u1ecdn kini nipa \u1e63i\u1e63e it\u1ecdju ilera \u1ecdp\u1ecdl\u1ecd w\u1ecdn? O le \u1e63e ohun kanna - pe dokita \u1ecdm\u1ecd r\u1eb9.<\/p>\n<p>W\u1ecdn le \u1e63e iranl\u1ecdw\u1ecd p\u1eb9lu aw\u1ecdn ifiyesi ilera \u1ecdp\u1ecdl\u1ecd bii aibal\u1eb9 \u1ecdd\u1ecd, ibanuj\u1eb9, rudurudu jij\u1eb9, ibalokanj\u1eb9 ati di\u1eb9 sii.<\/p>\n<p>\u1e62e ibara\u1eb9nis\u1ecdr\u1ecd otit\u1ecd. Ti dokita \u1ecdm\u1ecdde ko ba funni ni atil\u1eb9yin inu \u1ecdfiisi, w\u1ecdn le gba iw\u1ecd ati atil\u1eb9yin \u1ecdm\u1ecd r\u1eb9 nipas\u1eb9 eto atil\u1eb9yin ilera \u1ecdp\u1ecdl\u1ecd jakejado ipinl\u1eb9.<\/p>\n<h3>S\u1ecdr\u1ecd si dokita \u1ecdm\u1ecd r\u1eb9<\/h3>\n<p>Nitorinaa, bawo ni o \u1e63e s\u1ecdr\u1ecd si dokita \u1ecdm\u1ecd r\u1eb9 nipa ilera \u1ecdp\u1ecdl\u1ecd \u1ecdm\u1ecd?<\/p>\n<p>Pe ki o s\u1ecdr\u1ecd p\u1eb9lu \u1ecdfiisi ki o beere l\u1ecdw\u1ecd w\u1ecdn fun ipinnu lati pade ninu eniyan tabi t\u1eb9lifoonu. M\u1ecd \u1eb9ni ti o y\u1eb9 ki o l\u1ecd si ipinnu lati pade.<\/p>\n<p>\u1e62e aw\u1ecdn obi mejeeji \/ aw\u1ecdn alabojuto wa, ati pe o y\u1eb9 ki \u1ecdm\u1ecd naa l\u1ecd si ipinnu lati pade?<\/p>\n\t<p>\u1eb8gb\u1eb9 Ilera \u1eccp\u1ecdl\u1ecd ti Maryland ati I\u1e63\u1ecdkan Ilera Ihuwasi ti Maryland ni It\u1ecdju Alak\u1ecdb\u1eb9r\u1eb9 Aw\u1ecdn \u1ecdm\u1ecdde (BHIPP) \u1e63e agbekal\u1eb9 iwe it\u1ecdsona kan p\u1eb9lu aw\u1ecdn ilana igbes\u1eb9-nipas\u1eb9-igbes\u1eb9 fun jiroro lori ilera \u1ecdp\u1ecdl\u1ecd \u1ecdm\u1ecdde p\u1eb9lu dokita r\u1eb9.<\/p>\n<p>Iwe it\u1ecdsona naa p\u1eb9lu aw\u1ecdn ibeere alaye ati aw\u1ecdn aaye sis\u1ecd lati b\u1eb9r\u1eb9 ibara\u1eb9nis\u1ecdr\u1ecd naa ati rii daju pe \u1ecdm\u1ecd r\u1eb9 gba iranl\u1ecdw\u1ecd pataki.<\/p>\n\t\t\t<a href=\"https:\/\/www.mhamd.org\/wp-content\/uploads\/2023\/02\/DiscussingYourChildsMentalHealthwithYourPrimaryCareProvider_factsheet_CMHMBHIPP_Jan2023.pdf\" target=\"_blank\" rel=\"noopener\">\n\t\t\t\t\t\t\tdownload sample d\u00ec\n\t\t\t\t\t<\/a>\n\t<p>\u1e62aaju ipinnu lati pade, \u1e63e iwe ihuwasi ati aw\u1ecdn ifiyesi ki o ni nkan lati t\u1ecdka lakoko ijiroro ati aw\u1ecdn ap\u1eb9\u1eb9r\u1eb9 kan pato lati jiroro.<\/p>\n<p>J\u1eb9 olododo ati alaye ninu aw\u1ecdn ibara\u1eb9nis\u1ecdr\u1ecd w\u1ecdnyi. Ranti, iw\u1ecd kii \u1e63e nikan, ati iranl\u1ecdw\u1ecd wa.<\/p>\n<p>Ti ibara\u1eb9nis\u1ecdr\u1ecd ba \u1e63oro, j\u1eb9 ki dokita r\u1eb9 m\u1ecd eyi.<\/p>\n<p>Ranti, o n \u1e63e ipade y\u1eb9n nitori pe o bikita nipa \u1ecdm\u1ecd naa.<\/p>\n<p>D\u1ecdkita r\u1eb9 le t\u1ecdka \u1ecdm\u1ecd naa si \u1ecdp\u1ecdl\u1ecdp\u1ecd aw\u1ecdn alam\u1ecddaju ilera \u1ecdp\u1ecdl\u1ecd, p\u1eb9lu:<\/p>\n<ul>\n<li>psychiatrist<\/li>\n<li>aisanasinwin n\u1ecd\u1ecdsi<\/li>\n<li>awujo osise<\/li>\n<li>iwe-a\u0161\u1eb9 \u1ecdj\u1ecdgb\u1ecdn \u00ecgbim\u1ecd<\/li>\n<li>psychotherapists<\/li>\n<li>neuropsychologists<\/li>\n<\/ul>\n<h3>Nipa BHIPP<\/h3>\n<p>I\u1e63\u1ecdkan Ihuwasi Maryland ni It\u1ecdju Alak\u1ecdb\u1eb9r\u1eb9 Paediatric (BHIPP) \u1e63i\u1e63\u1eb9 p\u1eb9lu aw\u1ecdn oniwosan \u1ecdm\u1ecdde, aw\u1ecdn alam\u1ecddaju i\u1e63oogun pajawiri, aw\u1ecdn oniwosan idile, n\u1ecd\u1ecdsi ile-iwe, ati aw\u1ecdn alam\u1ecddaju ilera miiran lati \u1e63e atil\u1eb9yin fun aw\u1ecdn \u1ecdd\u1ecd ati aw\u1ecdn \u1ecdd\u1ecd.<\/p>\n<p>Aw\u1ecdn alam\u1ecdja wa ni aw\u1ecdn agbegbe bii:<\/p>\n<ul>\n<li>Isakoso oogun:<\/li>\n<li>Aw\u1ecdn oran aisan<\/li>\n<li>Idaduro idagbasoke<\/li>\n<li>Aw\u1ecdn \u1ecdran ile-iwe \/ \u1eb9k\u1ecd<\/li>\n<li>Autism jul\u1ecd.Oniranran s\u00e9ges\u00e8ge<\/li>\n<li>Ipalara<\/li>\n<li>Ni ib\u1eb9r\u1eb9 ewe ilera ilera<\/li>\n<\/ul>\n<p><a href=\"https:\/\/mdbhipp.org\/telepsychiatry-access-program.html\" target=\"_blank\" rel=\"noopener\">Aw\u1ecdn it\u1ecdkasi<\/a> A \u1e63e nipas\u1eb9 dokita it\u1ecdju ak\u1ecdk\u1ecd.<\/p>\n\t<h2>Aw\u1ecdn orisun ilera \u1ecdp\u1ecdl\u1ecd fun aw\u1ecdn \u1ecdd\u1ecd ati aw\u1ecdn \u1ecdm\u1ecdde<\/h2>\n<p>Aw\u1ecdn orisun pup\u1ecd lo wa lati \u1e63e atil\u1eb9yin fun aw\u1ecdn \u1ecdd\u1ecd ati aw\u1ecdn \u1ecdm\u1ecdde p\u1eb9lu ilera \u1ecdp\u1ecdl\u1ecd w\u1ecdn.<\/p>\n<p>Ti iw\u1ecd tabi \u1eb9nikan ti o m\u1ecd pe o wa ninu idaamu, pe 988 fun atil\u1eb9yin l\u1eb9s\u1eb9k\u1eb9s\u1eb9.<\/p>\n<p>O tun le <a href=\"https:\/\/search.988.mdinfonet.org\/\" target=\"_blank\" rel=\"noopener\">wa fun im\u1ecdran ati aw\u1ecdn \u1eb9gb\u1eb9 atil\u1eb9yin<\/a> ninu aaye data ilera ihuwasi ihuwasi ti ipinle, ti o ni agbara nipas\u1eb9 N\u1eb9tiw\u1ecd\u1ecdki Alaye Maryland.<\/p>\n<p>Eto atil\u1eb9yin if\u1ecdr\u1ecdran\u1e63\u1eb9 ti o dojuk\u1ecd \u1ecdd\u1ecd tun wa. Aw\u1ecdn \u1ecdd\u1ecd le foruk\u1ecdsil\u1eb9 fun\u00a0<a href=\"https:\/\/211md.org\/yo\/nipa\/awon-ifororan%e1%b9%a3e\/myoungminds\/\">MDYoungMinds<\/a>. O pese atil\u1eb9yin \u1ecdr\u1ecd aw\u1ecdn ifiran\u1e63\u1eb9. Iw\u1ecdnyi le p\u1eb9lu aw\u1ecdn orisun lori ibanuj\u1eb9, \u1ecdd\u1ecd ati ilera \u1ecdp\u1ecdl\u1ecd \u1ecdd\u1ecd ati aw\u1ecdn eto atil\u1eb9yin.<\/p>\n<h3>Maryland I\u1e63\u1ecdkan ti Aw\u1ecdn idile<\/h3>\n<p>O tun le gba atil\u1eb9yin lati \u1ecdd\u1ecd aw\u1ecdn aj\u1ecd bi Maryland Coalition of Families. W\u1ecdn \u1e63e atil\u1eb9yin aw\u1ecdn i\u1e63\u1eb9 ilera \u1ecdp\u1ecdl\u1ecd fun aw\u1ecdn \u1ecdm\u1ecdde ati pe o le \u1e63e iranl\u1ecdw\u1ecd fun \u1ecd lati lil\u00f6 kiri aw\u1ecdn i\u1e63\u1eb9 ni ile-iwe ati ni agbegbe lakoko ti o tun n \u1e63e agbero fun \u1ecdm\u1ecd r\u1eb9 ni gbogbo ipele idagbasoke.<\/p>\n<p>\u1e62e igbasil\u1eb9 Apo Ohun elo \u1eb8bi ti Ilera Aw\u1ecdn \u1ecdm\u1ecdde ni <a href=\"https:\/\/www.childrensmentalhealthmatters.org\/files\/2021\/03\/CMHM-Family-Resource-Kit-2021.pdf\" target=\"_blank\" rel=\"noopener\">English<\/a> tabi <a href=\"https:\/\/www.childrensmentalhealthmatters.org\/files\/2021\/07\/CMHM-Family-Resource-Kit-2021_ES.pdf\" target=\"_blank\" rel=\"noopener\">Sipeeni<\/a>. O j\u1eb9 it\u1ecds\u1ecdna okeer\u1eb9 si aw\u1ecdn ami aisan ilera \u1ecdp\u1ecdl\u1ecd ati aw\u1ecdn ami lakoko ti o n pese aw\u1ecdn a\u1e63ayan it\u1ecdju ati atil\u1eb9yin ni Maryland.<\/p>\n<p>Nipas\u1eb9 I\u1e63\u1ecdkan ti Aw\u1ecdn idile Maryland <a href=\"https:\/\/www.mdcoalition.org\/who-we-help\/youth-helping-youth\/\" target=\"_blank\" rel=\"noopener\">Gbigba Ofurufu<\/a> eto, aw\u1ecdn \u1ecdd\u1ecd tun le sop\u1ecd p\u1eb9lu aw\u1ecdn \u1eb9l\u1eb9gb\u1eb9 ti o ti ni iriri ibakcdun ilera \u1ecdp\u1ecdl\u1ecd tabi ibalokan.<\/p>\n<h3>Opolo Health Association<\/h3>\n<p>\u1eb8gb\u1eb9 Ilera \u1eccp\u1ecdl\u1ecd ti Maryland tun ni alaye alaye fun <a href=\"https:\/\/www.mhamd.org\/information-and-help\/children-and-youth\/signs-and-symptoms\/\" target=\"_blank\" rel=\"noopener\">kan pato opolo ilera ipo<\/a> ati aw\u1ecdn ohun elo ti o le \u1e63e iranl\u1ecdw\u1ecd.<\/p>\n<h2>\n\t\t\tAlaye ti o j\u1ecdm\u1ecd\t<\/h2>\n\t\t<h4><a href=\"\/yo\/oro\/ailera-ti-ogbo\/\" target=\"_self\">Ti ogbo &amp; Alaabo<\/a><\/h4>\n\t\t\t\t<a href=\"\/yo\/oro\/ailera-ti-ogbo\/\"  target=\"_self\" itemprop=\"url\">\n\t\t\t\t<img decoding=\"async\" src=\"https:\/\/211md.org\/wp-content\/uploads\/bb-plugin\/cache\/2025_MdInfoNet_Icon-Sets_Aging-disability-square-c466727102cae71e5f27b8539bb51945-.png\" alt=\"2025_MdInfoNet_Icon Sets_Aging-alaabo\" itemprop=\"image\" title=\"2025_MdInfoNet_Icon Sets_Aging-alaabo\" onerror=\"this.style.display='none'\" loading=\"lazy\" \/>\n\t\t\t\t<\/a>\n\t\t<h4><a href=\"https:\/\/211md.org\/yo\/oro\/omo-idile\/\" target=\"_blank\" rel=\"noopener\">Aw\u1ecdn \u1ecdm\u1ecdde &amp; Aw\u1ecdn idile<\/a><\/h4>\n\t\t\t\t<a href=\"https:\/\/211md.org\/yo\/oro\/omo-idile\/\" target=\"_blank\" rel=\"noopener\" itemprop=\"url\">\n\t\t\t\t<img decoding=\"async\" src=\"https:\/\/211md.org\/wp-content\/uploads\/bb-plugin\/cache\/2025_211_Icon-Sets_Child-care-square-a8953c7678f51ed443764342b64ee948-.png\" alt=\"2025_211_Icon Sets_Child itoju\" itemprop=\"image\" title=\"2025_211_Icon Sets_Child itoju\" onerror=\"this.style.display='none'\" loading=\"lazy\" \/>\n\t\t\t\t<\/a>\n\t\t<h4><a href=\"\/yo\/oro\/abele-ebi-iwa-ipa\/\" target=\"_self\">Iwa-ipa Abele<\/a><\/h4>\n\t\t\t\t<a href=\"\/yo\/oro\/abele-ebi-iwa-ipa\/\"  target=\"_self\" itemprop=\"url\">\n\t\t\t\t<img decoding=\"async\" src=\"https:\/\/211md.org\/wp-content\/uploads\/bb-plugin\/cache\/2025_211_Icon-Sets_Domestic-Violence-square-e6e48b12d9d44dadd394e0d40debfd96-.png\" alt=\"Aami iwa-ipa ab\u1eb9le\" itemprop=\"image\" title=\"2025_211_Icon \u1e62eto_Iwa-ipa Abele\" onerror=\"this.style.display='none'\" loading=\"lazy\" \/>\n\t\t\t\t<\/a>\n\t\t<h4><a href=\"\/yo\/oro\/wiwa-oojo\/\" target=\"_self\">Igbanisise<\/a><\/h4>\n\t\t\t\t<a href=\"\/yo\/oro\/wiwa-oojo\/\"  target=\"_self\" itemprop=\"url\">\n\t\t\t\t<img decoding=\"async\" src=\"https:\/\/211md.org\/wp-content\/uploads\/bb-plugin\/cache\/2025_MdInfoNet_Icon-Sets_Employment-square-44707bd410e4df10a470bf130ebcea86-.png\" alt=\"2025_MdInfoNet_Icon Sets_Employment\" itemprop=\"image\" title=\"2025_MdInfoNet_Icon Sets_Employment\" onerror=\"this.style.display='none'\" loading=\"lazy\" \/>\n\t\t\t\t<\/a>\n\t\t<h4><a href=\"\/yo\/oro\/itoju-ilera\/\" target=\"_self\">It\u1ecdju Ilera<\/a><\/h4>\n\t\t\t\t<a href=\"\/yo\/oro\/itoju-ilera\/\"  target=\"_self\" itemprop=\"url\">\n\t\t\t\t<img decoding=\"async\" src=\"https:\/\/211md.org\/wp-content\/uploads\/bb-plugin\/cache\/2025_MdInfoNet_Icon-Sets_Health-Care-square-dee98a0060cbe0e7f27eda253fc12679-.png\" alt=\"2025_MdInfoNet_Icon Sets_Health It\u1ecdju\" itemprop=\"image\" title=\"2025_MdInfoNet_Icon Sets_Health It\u1ecdju\" onerror=\"this.style.display='none'\" loading=\"lazy\" \/>\n\t\t\t\t<\/a>\n\t\t<h4><a href=\"\/yo\/oro\/omo-idile\/itoju-ibatan\/\" target=\"_self\">\u00ccb\u00e1tan<\/a><\/h4>\n\t\t\t\t<a href=\"\/yo\/oro\/omo-idile\/itoju-ibatan\/\"  target=\"_self\" itemprop=\"url\">\n\t\t\t\t<img decoding=\"async\" src=\"https:\/\/211md.org\/wp-content\/uploads\/bb-plugin\/cache\/2025_211_Icon-Sets_Kinship-square-21d4c353354c53c083c80118abb066f2-.png\" alt=\"Aami ibatan\" itemprop=\"image\" title=\"2025_211_Icon Sets_Kinship\" onerror=\"this.style.display='none'\" loading=\"lazy\" \/>\n\t\t\t\t<\/a>\n\t\t<h4><a href=\"\/yo\/oro\/ofin-awon-i%e1%b9%a3e\/\" target=\"_self\">Aw\u1ecdn i\u1e63\u1eb9 ofin<\/a><\/h4>\n\t\t\t\t<a href=\"\/yo\/oro\/ofin-awon-i%e1%b9%a3e\/\"  target=\"_self\" itemprop=\"url\">\n\t\t\t\t<img decoding=\"async\" src=\"https:\/\/211md.org\/wp-content\/uploads\/bb-plugin\/cache\/2025_MdInfoNet_Icon-Sets_Legal-square-18fdf438feb8435588174d9046463257-.png\" alt=\"2025_MdInfoNet_Icon Sets_Legal\" itemprop=\"image\" title=\"2025_MdInfoNet_Icon Sets_Legal\" onerror=\"this.style.display='none'\" loading=\"lazy\" \/>\n\t\t\t\t<\/a>\n\t\t<h4><a href=\"\/yo\/oro\/opolo-ilera\/\" target=\"_self\">Opolo Health<\/a><\/h4>\n\t\t\t\t<a href=\"\/yo\/oro\/opolo-ilera\/\"  target=\"_self\" itemprop=\"url\">\n\t\t\t\t<img decoding=\"async\" src=\"https:\/\/211md.org\/wp-content\/uploads\/bb-plugin\/cache\/2025_MdInfoNet_Icon-Sets_Mental-Health-square-c59b38c4a993a947d4c9280fbe2d2fee-.png\" alt=\"2025_MdInfoNet_Icon Sets_Mental Health\" itemprop=\"image\" title=\"2025_MdInfoNet_Icon Sets_Mental Health\" onerror=\"this.style.display='none'\" loading=\"lazy\" \/>\n\t\t\t\t<\/a>\n\t\t<h4><a href=\"\/yo\/oro\/ogbon-inu\/\" target=\"_self\">Atunw\u1ecdle<\/a><\/h4>\n\t\t\t\t<a href=\"\/yo\/oro\/ogbon-inu\/\"  target=\"_self\" itemprop=\"url\">\n\t\t\t\t<img decoding=\"async\" src=\"https:\/\/211md.org\/wp-content\/uploads\/bb-plugin\/cache\/2025_211_Icon-Sets_Reentry-square-f36b65d903a62fd4c3819ff05988ca60-.png\" alt=\"Aami iw\u1ecdle\" itemprop=\"image\" title=\"2025_211_Icon Sets_Reentry\" onerror=\"this.style.display='none'\" loading=\"lazy\" \/>\n\t\t\t\t<\/a>\n\t\t<h4><a href=\"\/yo\/oro\/lilo-nkan-elo\/\" target=\"_self\">Ohun elo Lilo<\/a><\/h4>\n\t\t\t\t<a href=\"\/yo\/oro\/lilo-nkan-elo\/\"  target=\"_self\" itemprop=\"url\">\n\t\t\t\t<img decoding=\"async\" src=\"https:\/\/211md.org\/wp-content\/uploads\/bb-plugin\/cache\/2025_MdInfoNet_Icon-Sets_Substance-Abuse-square-9022fec9d18a64118ad685c101885b55-.png\" alt=\"2025_MdInfoNet_Icon Sets_Substance Abuse\" itemprop=\"image\" title=\"2025_MdInfoNet_Icon Sets_Substance Abuse\" onerror=\"this.style.display='none'\" loading=\"lazy\" \/>\n\t\t\t\t<\/a>\n\t\t<h4><a href=\"\/yo\/oro\/ogbo\/\" target=\"_self\">Ogbo<\/a><\/h4>\n\t\t\t\t<a href=\"\/yo\/oro\/ogbo\/\"  target=\"_self\" itemprop=\"url\">\n\t\t\t\t<img decoding=\"async\" src=\"https:\/\/211md.org\/wp-content\/uploads\/bb-plugin\/cache\/2025_MdInfoNet_Icon-Sets_Rating-square-6e60d00cce4faa8e0a6d4ad7366aa733-.png\" alt=\"2025_MdInfoNet_Icon Sets_Rating\" itemprop=\"image\" title=\"2025_MdInfoNet_Icon Sets_Rating\" onerror=\"this.style.display='none'\" loading=\"lazy\" \/>\n\t\t\t\t<\/a>","protected":false},"excerpt":{"rendered":"<p>Ak\u1ecdle Oju-iwe Aiyipada Nigbati ilera \u1ecdp\u1ecdl\u1ecd \u1ecdd\u1ecd ba lagbara, w\u1ecdn le \u1e63akoso aw\u1ecdn giga ti \u1eb9dun ati aw\u1ecdn isal\u1eb9 ti o wa p\u1eb9lu lil\u1ecd kiri agbaye w\u1ecdn. Iranl\u1ecdw\u1ecd wa fun aw\u1ecdn ifiyesi ilera \u1ecdp\u1ecdl\u1ecd. K\u1ecd \u1eb9k\u1ecd bi o \u1e63e le \u1e63e atil\u1eb9yin fun aw\u1ecdn \u1ecdd\u1ecd ni igbesi aye r\u1eb9. B\u1eb9r\u1eb9 Wiwa Iranl\u1ecdw\u1ecd Ilera \u1eccp\u1ecdl\u1ecd \u1eccd\u1ecdm\u1ecdkunrin Atil\u1eb9yin ti o t\u1ecd ni akoko ti o t\u1ecd le\u2026<\/p>","protected":false},"author":7,"featured_media":4018,"parent":836,"menu_order":0,"comment_status":"closed","ping_status":"closed","template":"","meta":{"footnotes":""},"class_list":["post-3758","page","type-page","status-publish","has-post-thumbnail","hentry"],"_links":{"self":[{"href":"https:\/\/211md.org\/yo\/wp-json\/wp\/v2\/pages\/3758","targetHints":{"allow":["GET"]}}],"collection":[{"href":"https:\/\/211md.org\/yo\/wp-json\/wp\/v2\/pages"}],"about":[{"href":"https:\/\/211md.org\/yo\/wp-json\/wp\/v2\/types\/page"}],"author":[{"embeddable":true,"href":"https:\/\/211md.org\/yo\/wp-json\/wp\/v2\/users\/7"}],"replies":[{"embeddable":true,"href":"https:\/\/211md.org\/yo\/wp-json\/wp\/v2\/comments?post=3758"}],"version-history":[{"count":4,"href":"https:\/\/211md.org\/yo\/wp-json\/wp\/v2\/pages\/3758\/revisions"}],"predecessor-version":[{"id":33832,"href":"https:\/\/211md.org\/yo\/wp-json\/wp\/v2\/pages\/3758\/revisions\/33832"}],"up":[{"embeddable":true,"href":"https:\/\/211md.org\/yo\/wp-json\/wp\/v2\/pages\/836"}],"wp:featuredmedia":[{"embeddable":true,"href":"https:\/\/211md.org\/yo\/wp-json\/wp\/v2\/media\/4018"}],"wp:attachment":[{"href":"https:\/\/211md.org\/yo\/wp-json\/wp\/v2\/media?parent=3758"}],"curies":[{"name":"wp","href":"https:\/\/api.w.org\/{rel}","templated":true}]}}