{"id":4075,"date":"2024-06-17T08:03:13","date_gmt":"2024-06-17T12:03:13","guid":{"rendered":"https:\/\/211md.org\/?page_id=4075"},"modified":"2026-01-21T13:08:57","modified_gmt":"2026-01-21T18:08:57","slug":"ogbon-inu","status":"publish","type":"page","link":"https:\/\/211md.org\/yo\/resources\/mdreentry\/","title":{"rendered":"Gbigbaw\u1ecdle Maryland"},"content":{"rendered":"<h2>Sop\u1ecd si Aw\u1ecdn orisun Atunw\u1ecdle<\/h2>\n<p>Kaab\u1ecd si oju-iwe orisun-iduro kan tuntun ti Maryland lati \u1e63e iranl\u1ecdw\u1ecd fun aw\u1ecdn ti o wa ni \u1eb9w\u1ecdn ati ti o wa ni \u1eb9w\u1ecdn t\u1eb9l\u1eb9, ati aw\u1ecdn idile w\u1ecdn. Wa alaye ati aw\u1ecdn orisun ti o nilo ati t\u1ecdsi.<\/p>\n<p>&nbsp;<\/p>\n\t\t<h3>\t\n\t\u1eccr\u1ecd Atunw\u1ecdle si 898-211<\/h3><p>Foruk\u1ecdsil\u1eb9 fun aw\u1ecdn if\u1ecdr\u1ecdran\u1e63\u1eb9 p\u1eb9lu alaye atunda, aw\u1ecdn i\u1e63\u1eb9, aw\u1ecdn eto ati aw\u1ecdn i\u1e63\u1eb9l\u1eb9.<\/p>\n<p><em>Aw\u1ecdn olumulo alagbeka tun le t\u1eb9 b\u1ecdtini ni isal\u1eb9 lati \u1e63e alabapin nipas\u1eb9 if\u1ecdr\u1ecdran\u1e63\u1eb9.<\/em><\/p>\n\t\t\t<a href=\"sms:\/\/898-211;?&#038;body=Reentry\"  target=\"_self\">\n\t\t\t\t\t\t\tForuk\u1ecdsil\u1eb9\n\t\t\t\t\t<\/a>\n\t<p><em>* N\u1eb9tiw\u1ecd\u1ecdki Ifitonileti Maryland 211 Maryland Inc. nfunni ni aw\u1ecdn eto itaniji if\u1ecdr\u1ecdran\u1e63\u1eb9 eyiti o pese alaye orisun-\u1eb9kun tabi pese aw\u1ecdn itaniji ajalu. Msg. &amp; aw\u1ecdn o\u1e63uw\u1ecdn data le waye ati ifiran\u1e63\u1eb9. loorekoore. le yat\u1ecd. Fun Iranl\u1ecdw\u1ecd, \u1ecdr\u1ecd IRANL\u1eccW\u1ecc. Lati jade, fi \u1ecdr\u1ecd STOP ran\u1e63\u1eb9 si n\u1ecdmba kanna. Aw\u1ecdn ofin SMS ni kikun ni <a href=\"https:\/\/211md.org\/yo\/sms\/\">https:\/\/211md.org\/sms\/<\/a> yoo tun waye.\u00a0<\/em><\/p>\n<figure itemscope itemtype=\"https:\/\/schema.org\/ImageObject\">\n\t\t\t\t<img decoding=\"async\" src=\"http:\/\/211md.org\/wp-content\/uploads\/2024\/06\/Department-of-Public-Safety-and-Corrections.png\" alt=\"Sakaani ti Aabo ati Aw\u1ecdn atun\u1e63e\" title=\"Sakaani ti Aabo ati Aw\u1ecdn atun\u1e63e\" onerror=\"this.style.display='none'\" loading=\"lazy\" \/>\n\t<\/figure>\n<figure itemscope itemtype=\"https:\/\/schema.org\/ImageObject\">\n\t\t\t\t<img decoding=\"async\" src=\"http:\/\/211md.org\/wp-content\/uploads\/2025\/05\/211-MIN_Logo-rgb.svg\" alt=\"211 MIN logo aw\u1ecd\" height=\"310\" width=\"1366\" title=\"211-MIN_Logo-rgb\" onerror=\"this.style.display='none'\" loading=\"lazy\" \/>\n\t<\/figure>\n\t<h2>Wa Fun Aw\u1ecdn orisun Atunw\u1ecdle<\/h2>\n<h3><em>\u00c0k\u1ecd\u0301k\u1ecd\u0301-ti-ir\u00fa-ir\u00fa-ir\u00fa-ipam\u1ecd\u0301 \u00ecpad\u00e0b\u1ecd\u0300 \u00e0w\u1ecdn ohun \u00e8l\u00f2 \u00ecp\u00ednl\u1eb9\u0300 n\u00ed Maryland<\/em><\/h3>\n\tWa aw\u1ecdn orisun atundaw\u1ecdle nipas\u1eb9 koodu ZIP.<br \/>\nAw\u1ecdn orisun w\u1ecdnyi j\u1eb9 ay\u1eb9wo lati \u1ecdd\u1ecd aw\u1ecdn ile-i\u1e63\u1eb9 ti o ni igb\u1eb9k\u1eb9le ti o ni if\u1ecdkansi lati mu ailewu ati ilera p\u1ecd si, idinku is\u1ecdd\u1ecdtun.\n\t\t\t<a href=\"https:\/\/search.211md.org\/search?filters%5Bspecial_populations%5D%5B0%5D=Justice%20Involvement\"  target=\"_blank\" rel=\"noopener\">\n\t\t\t\t\t\t\tWa\n\t\t\t\t\t<\/a>\n\t\t<h2>\t\n\tT\u1eb9 211<\/h2><p>Sop\u1ecd si i\u1e63\u1eb9 ati aw\u1ecdn orisun agbegbe 24\/7\/365.<\/p>\n\t<h2>Ooj\u1ecd fun Idajo-Okiki<\/h2>\n<p>Aw\u1ecdn \u1eb9gb\u1eb9 Maryland duro ni imurasil\u1eb9 lati \u1e63e iranl\u1ecdw\u1ecd ti o kan idajo lati wa i\u1e63\u1eb9 kan ki w\u1ecdn le \u1e63a\u1e63ey\u1ecdri ominira ati a\u1e63ey\u1ecdri fun ara w\u1ecdn ati aw\u1ecdn idile w\u1ecdn. Di\u1eb9 ninu aw\u1ecdn i\u1e63owo \u1e63e ipinnu lati fun aw\u1ecdn eniyan ti o wa ni \u1eb9w\u1ecdn t\u1eb9l\u1eb9 ni aye keji nipa igbanisise w\u1ecdn.<\/p>\n<p>K\u1ecd \u1eb9k\u1ecd nipa aw\u1ecdn eto ti o wa lati \u1e63e iranl\u1ecdw\u1ecd fun aw\u1ecdn ti o wa ni \u1eb9w\u1ecdn t\u1eb9l\u1eb9.<\/p>\n<h3>Atunw\u1ecdle Navigator<\/h3>\n<p>G\u1eb9\u0301g\u1eb9\u0301 b\u00ed ara \u00e8t\u00f2 \u00ect\u00fas\u00edl\u1eb9\u0300 \u1eb9\u0300w\u1ecd\u0300n, o l\u00e8 ti p\u00e0d\u00e9 A\u1e63\u00e0w\u00e1kiri T\u00edt\u00fan. O le de \u1ecdd\u1ecd Navigator Reentry \u1e63aaju, lakoko tabi l\u1eb9hin itusil\u1eb9 r\u1eb9.<\/p>\n<p>W\u1ecdn le \u1e63e iranl\u1ecdw\u1ecd p\u1eb9lu alaye ati aw\u1ecdn orisun fun:<\/p>\n<ul>\n<li>ooj\u1ecd anfani<\/li>\n<li>ogbon ise<\/li>\n<li>i\u1e63\u1eb9 Igbaninimoran<\/li>\n<li>expungement idanileko<\/li>\n<li>awujo support<\/li>\n<\/ul>\n<p>W\u1ecdn tun le so \u1ecd p\u1ecd si Ile-i\u1e63\u1eb9 I\u1e63\u1eb9 Am\u1eb9rika ati aw\u1ecdn i\u1e63\u1eb9 atil\u1eb9yin r\u1eb9.<\/p>\n<p>Aw\u1ecdn awak\u1ecd w\u1ecdnyi wa jakejado Maryland. Wa a <a href=\"https:\/\/www.dllr.state.md.us\/employment\/reentry.shtml\" target=\"_blank\" rel=\"noopener\">Atunw\u1ecdle Navigator<\/a> nitosi r\u1eb9.<\/p>\n<figure itemscope itemtype=\"https:\/\/schema.org\/ImageObject\">\n\t\t\t\t<img decoding=\"async\" src=\"https:\/\/211md.org\/wp-content\/plugins\/bb-plugin\/img\/pixel.png\" alt=\"\" onerror=\"this.style.display='none'\" loading=\"lazy\" \/>\n\t<\/figure>\n<figure itemscope itemtype=\"https:\/\/schema.org\/ImageObject\">\n\t\t\t\t<img decoding=\"async\" src=\"http:\/\/211md.org\/wp-content\/uploads\/2024\/06\/Job-training-in-a-warehouse.jpg\" alt=\"Ik\u1eb9k\u1ecd i\u1e63\u1eb9 ni ile itaja kan\" title=\"Ik\u1eb9k\u1ecd i\u1e63\u1eb9 ni ile itaja kan\" onerror=\"this.style.display='none'\" loading=\"lazy\" \/>\n\t<\/figure>\n\t<h3>Maryland k\u00e1 American Job ile-i\u1e63\u1eb9<\/h3>\n<p>Iranl\u1ecdw\u1ecd tun wa lati gbogbo aw\u1ecdn Ile-i\u1e63\u1eb9 I\u1e63\u1eb9 Am\u1eb9rika ti Maryland. W\u1ecdn le pese iranl\u1ecdw\u1ecd \u1ecdf\u1eb9 p\u1eb9lu aw\u1ecdn i\u1e63\u1eb9 ti o j\u1ecdm\u1ecd i\u1e63\u1eb9 g\u1eb9g\u1eb9bi:<\/p>\n<ul>\n<li>iwakiri \u1ecdm\u1ecd<\/li>\n<li>aw\u1ecdn it\u1ecdkasi si aw\u1ecdn eto ik\u1eb9k\u1ecd<\/li>\n<li>placement i\u1e63\u1eb9<\/li>\n<li>bere Prepu<\/li>\n<li>ise olorijori idanileko<\/li>\n<li>imurasil\u1eb9 i\u1e63\u1eb9<\/li>\n<\/ul>\n<p><a href=\"https:\/\/www.dllr.state.md.us\/county\/\" target=\"_blank\" rel=\"noopener\">Wa \u1ecdkan nitosi r\u1eb9<\/a>!<\/p>\n\t<h2>Wiwa i\u1e63\u1eb9 kan p\u1eb9lu igbasil\u1eb9 \u1ecddar\u00e0n<\/h2>\n<p>Ni afikun si aw\u1ecdn American Job ile-i\u1e63\u1eb9, aw\u1ecdn <a href=\"https:\/\/mwejobs.maryland.gov\/vosnet\/default.aspx\" target=\"_blank\" rel=\"noopener\">Maryland Workforce Exchange<\/a> (MWE) le \u1e63e iranl\u1ecdw\u1ecd p\u1eb9lu aw\u1ecdn iwulo ti o j\u1ecdm\u1ecd i\u1e63\u1eb9 ti \u1eb9l\u1eb9w\u1ecdn atij\u1ecd ti o tun pada si i\u1e63\u1eb9 i\u1e63\u1eb9.<\/p>\n<p>MWE j\u1eb9 orisun orisun fun aw\u1ecdn atok\u1ecd i\u1e63\u1eb9 ni Maryland, \u1e63ugb\u1ecdn o tun le \u1e63e iranl\u1ecdw\u1ecd p\u1eb9lu aw\u1ecdn i\u1e63\u1eb9 ooj\u1ecd w\u1ecdnyi:<\/p>\n<ul>\n<li><a href=\"https:\/\/mwejobs.maryland.gov\/vosnet\/JobBanks\/JobSearchCriteriaQuick.aspx\" target=\"_blank\" rel=\"noopener\">wa aw\u1ecdn i\u1e63\u1eb9<\/a><\/li>\n<li><a href=\"https:\/\/mwejobs.maryland.gov\/vosnet\/loginintro.aspx?action=resumes&amp;plang=E\" target=\"_blank\" rel=\"noopener\">\u1e63\u1eb9da bere<\/a><\/li>\n<li><a href=\"https:\/\/mwejobs.maryland.gov\/vosnet\/MenuLandingPage.aspx?enc=+7ijYqb\/pbmrM\/FoEheZYzKCHV+pK2S8fEZwdY+SZUI=\" target=\"_blank\" rel=\"noopener\">lo aw\u1ecdn i\u1e63\u1eb9 i\u1e63\u1eb9<\/a><\/li>\n<li><a href=\"https:\/\/mwejobs.maryland.gov\/vosnet\/default.aspx\" target=\"_blank\" rel=\"noopener\">ri eko courses ati ik\u1eb9k\u1ecd<\/a><\/li>\n<\/ul>\n<p>Lo aw\u1ecdn irin\u1e63\u1eb9 MWE ti o ba j\u1eb9 o\u1e63i\u1e63\u1eb9 ati \u201cti \u1e63etan i\u1e63\u1eb9.\u201d MWE so aw\u1ecdn o\u1e63i\u1e63\u1eb9 ati aw\u1ecdn agbanisi\u1e63\u1eb9 ti o f\u1eb9 lati b\u1eb9w\u1eb9 aw\u1ecdn \u1eb9l\u1eb9\u1e63\u1eb9 t\u1eb9l\u1eb9 ti o n wa i\u1e63\u1eb9 kan.<\/p>\n<p>K\u1ecd \u1eb9k\u1ecd nipa aw\u1ecdn eto imurasil\u1eb9 i\u1e63\u1eb9 miiran lori <a href=\"https:\/\/211md.org\/yo\/oro\/wiwa-oojo\/\">211 k\u00e1 gbogbo ooj\u1ecd iwe<\/a>.<\/p>\n<h3>Aw\u1ecdn i\u1e63owo \u1e63e adehun si aw\u1ecdn aye keji<\/h3>\n<p>Aw\u1ecdn \u1eb9ni-k\u1ecd\u1ecdkan ti o wa ni \u1eb9w\u1ecdn t\u1eb9l\u1eb9 tun le wa aw\u1ecdn aye lati aw\u1ecdn i\u1e63owo ti o f\u1eb9 lati fun aw\u1ecdn eniyan ti o kan idajo ni aye keji. <a href=\"https:\/\/secondchancebusinesscoalition.org\/about\" target=\"_blank\" rel=\"noopener\">Eyi ni atok\u1ecd ti Aw\u1ecdn \u1ecdm\u1ecd \u1eb9gb\u1eb9 I\u1e63\u1ecdkan I\u1e63owo Chance Keji<\/a>. Aw\u1ecdn ile-i\u1e63\u1eb9 aladani nla n funni ni igbanisise anfani keji. Aw\u1ecdn \u1eb9l\u1eb9\u1e63\u1eb9 t\u1eb9l\u1eb9 le wo lati rii boya eyikeyi ninu aw\u1ecdn i\u1e63owo naa ni aw\u1ecdn aye i\u1e63\u1eb9 eyikeyi.<\/p>\n<p>Ni Maryland, <a href=\"https:\/\/secondchancebusinesscoalition.org\/find-partners?production_partnerOrganization%5Bmenu%5D%5Blocation.state%5D=Maryland\" target=\"_blank\" rel=\"noopener\">eyi ni akoj\u1ecd kan<\/a> ti Keji Chance Business Coalition aw\u1ecdn alaba\u0161ep\u1ecd.<\/p>\n<p>Pada Home Baltimore\u00ae tun pese a <a href=\"https:\/\/returnhome.org\/services\/job-opportunities\" target=\"_blank\" rel=\"noopener\">akoj\u1ecd aw\u1ecdn anfani i\u1e63\u1eb9<\/a> fun pada Baltimore olugbe.<\/p>\n<h3>Fun aw\u1ecdn agbanisi\u1e63\u1eb9<\/h3>\n<p>Aw\u1ecdn eto tun wa lati \u1e63e iranl\u1ecdw\u1ecd fun aw\u1ecdn agbanisi\u1e63\u1eb9 ti o nif\u1eb9 si igbanisise aw\u1ecdn eniyan ti o wa ni \u1eb9w\u1ecdn t\u1eb9l\u1eb9, g\u1eb9g\u1eb9bi aw\u1ecdn\u00a0<a href=\"https:\/\/www.dllr.state.md.us\/employment\/wotc.shtml\" target=\"_blank\" rel=\"noopener\">Ise Anfani Tax Credit<\/a> ati aw\u1ecdn\u00a0<a href=\"https:\/\/www.unicor.gov\/Inmate_Bonding.aspx\" target=\"_blank\" rel=\"noopener\">Federal i\u1e63oot\u1ecd mnu eto<\/a> fun igbanisise tele Federal elewon.<\/p>\n<h2>Expungement Iranl\u1ecdw\u1ecd<\/h2>\n<p>Aw\u1ecdn agb\u1eb9j\u1ecdro le \u1e63e iranl\u1ecdw\u1ecd fun aw\u1ecdn eniyan ti o wa ni \u1eb9w\u1ecdn t\u1eb9l\u1eb9 p\u1eb9lu imukuro. Eyi j\u1eb9 ilana ti ofin nibiti o ti beere pe ki aw\u1ecdn igbasil\u1eb9 i\u1e63aaju di edidi tabi parun.<\/p>\n<p>Maryland Legal Aid gbalejo os\u1eb9-ati aw\u1ecdn ile-iwosan o\u1e63oo\u1e63u ni gbogbo ipinl\u1eb9 lati \u1e63e iranl\u1ecdw\u1ecd fun aw\u1ecdn eniyan ti o y\u1eb9 p\u1eb9lu \u1ecdp\u1ecdl\u1ecdp\u1ecd aw\u1ecdn \u1ecdran ofin, p\u1eb9lu imukuro. Aw\u1ecdn ile-iwosan naa j\u1eb9 \u1ecdf\u1eb9 ati o\u1e63i\u1e63\u1eb9 nipas\u1eb9 Iranl\u1ecdw\u1ecd Legal Legal Maryland, aw\u1ecdn agb\u1eb9j\u1ecdro pro bono, aw\u1ecdn a\u1e63ofin, o\u1e63i\u1e63\u1eb9 ij\u1ecdba, ati aw\u1ecdn \u1ecdm\u1ecd ile-iwe ofin.\u00a0 <a href=\"https:\/\/www.mdlab.org\/free-legal-clinics\/\" target=\"_blank\" rel=\"noopener\">\u1e62ay\u1eb9wo fun ile-iwosan ti n b\u1ecd ni agbegbe r\u1eb9<\/a>. Di\u1eb9 ninu aw\u1ecdn ile-iwosan w\u1ecdnyi ni idojuk\u1ecd lori imukuro nikan, ati aw\u1ecdn akoko miiran, o j\u1eb9 \u1ecdp\u1ecdl\u1ecdp\u1ecd aw\u1ecdn \u1ecdran ti ofin, eyiti imukuro le j\u1eb9 \u1ecdkan ninu w\u1ecdn.<\/p>\n\t<h2>Community Support<\/h2>\n\t<p>\u1eb8ka ti Aabo Gbogbo eniyan ati Aw\u1ecdn i\u1e63\u1eb9 Atunse (DPCS) - <a href=\"https:\/\/www.dpscs.state.md.us\/index.shtml\" target=\"_blank\" rel=\"noopener\">Gbogbo Aw\u1ecdn Eto<\/a><\/p>\n<p>DPSCS \u2013 <a href=\"https:\/\/www.dpscs.state.md.us\/agencies\/ci.shtml\" target=\"_blank\" rel=\"noopener\">Aw\u1ecdn Eto Idoko-owo Agbegbe<\/a> (bii Ipadab\u1ecd)<\/p>\n<p><a href=\"https:\/\/search.211md.org\/search?query=DPSCS&amp;query_label=Reentry%20Services&amp;query_type=taxonomy\" target=\"_blank\" rel=\"noopener\">211 Reentry Resources<\/a><\/p>\n<p><a href=\"https:\/\/returnhome.org\/\" target=\"_blank\" rel=\"noopener\">Pada Home Baltimore<\/a><\/p>\n<p><a href=\"https:\/\/www.princegeorgescountymd.gov\/community\/health--human-services\/health-services\/programs--services\/behavioral-health\/the-bridge-center-at-adams-house\" target=\"_blank\" rel=\"noopener\">Bridge Center ni Adam k\u00e1 House<\/a> (Prince George&#039;s County)<\/p>\n<p>&nbsp;<\/p>\n\t\t<h4><a href=\"\/yo\/oro\/ailera-ti-ogbo\/?utm_source=Home&#038;utm_medium=Referral&#038;utm_campaign=211Resources&#038;utm_content=Aging\" target=\"_self\">Ti ogbo &amp; Alaabo<\/a><\/h4><figure itemscope itemtype=\"https:\/\/schema.org\/ImageObject\">\n\t\t\t\t<a href=\"\/yo\/oro\/ailera-ti-ogbo\/?utm_source=Home&#038;utm_medium=Referral&#038;utm_campaign=211Resources&#038;utm_content=Aging\"  target=\"_self\" itemprop=\"url\">\n\t\t\t\t<img decoding=\"async\" src=\"https:\/\/211md.org\/wp-content\/uploads\/bb-plugin\/cache\/2025_MdInfoNet_Icon-Sets_Aging-disability-square-c466727102cae71e5f27b8539bb51945-.png\" alt=\"\" onerror=\"this.style.display='none'\" loading=\"lazy\" \/>\n\t\t\t\t<\/a>\n\t<\/figure>\n\t\t<h4><a href=\"\/yo\/oro\/omo-idile\/?utm_source=Home&#038;utm_medium=Referral&#038;utm_campaign=211Resources&#038;utm_content=Children\" target=\"_self\">Aw\u1ecdn \u1ecdm\u1ecdde &amp; Aw\u1ecdn idile<\/a><\/h4><figure itemscope itemtype=\"https:\/\/schema.org\/ImageObject\">\n\t\t\t\t<a href=\"\/yo\/oro\/omo-idile\/?utm_source=Home&#038;utm_medium=Referral&#038;utm_campaign=211Resources&#038;utm_content=Children\"  target=\"_self\" itemprop=\"url\">\n\t\t\t\t<img decoding=\"async\" src=\"https:\/\/211md.org\/wp-content\/uploads\/bb-plugin\/cache\/2025_211_Icon-Sets_Child-care-square-f3b0d4edab3dcc467fadb5f55f4064c6-.png\" alt=\"parent and child icon for child care\" height=\"417\" width=\"417\" title=\"2025_211_Icon Sets_Child itoju\" onerror=\"this.style.display='none'\" loading=\"lazy\" \/>\n\t\t\t\t<\/a>\n\t<\/figure>\n\t\t<h4><a href=\"\/yo\/oro\/abele-ebi-iwa-ipa\/?utm_source=Home&#038;utm_medium=Referral&#038;utm_campaign=211Resources&#038;utm_content=Domestic\" target=\"_self\">Iwa-ipa Abele<\/a><\/h4><figure itemscope itemtype=\"https:\/\/schema.org\/ImageObject\">\n\t\t\t\t<a href=\"\/yo\/oro\/abele-ebi-iwa-ipa\/?utm_source=Home&#038;utm_medium=Referral&#038;utm_campaign=211Resources&#038;utm_content=Domestic\"  target=\"_self\" itemprop=\"url\">\n\t\t\t\t<img decoding=\"async\" src=\"https:\/\/211md.org\/wp-content\/uploads\/bb-plugin\/cache\/2025_211_Icon-Sets_Domestic-Violence-square-7b597694a6f05fe90cdc376aa573bc63-.png\" alt=\"House with a heart in the middle icon\" height=\"417\" width=\"417\" title=\"2025_211_Icon \u1e62eto_Iwa-ipa Abele\" onerror=\"this.style.display='none'\" loading=\"lazy\" \/>\n\t\t\t\t<\/a>\n\t<\/figure>\n\t\t<h4><a href=\"\/yo\/oro\/wiwa-oojo\/?utm_source=Home&#038;utm_medium=Referral&#038;utm_campaign=211Resources&#038;utm_content=Employment\" target=\"_self\">Igbanisise<\/a><\/h4><figure itemscope itemtype=\"https:\/\/schema.org\/ImageObject\">\n\t\t\t\t<a href=\"\/yo\/oro\/wiwa-oojo\/?utm_source=Home&#038;utm_medium=Referral&#038;utm_campaign=211Resources&#038;utm_content=Employment\"  target=\"_self\" itemprop=\"url\">\n\t\t\t\t<img decoding=\"async\" src=\"https:\/\/211md.org\/wp-content\/uploads\/bb-plugin\/cache\/2025_MdInfoNet_Icon-Sets_Employment-square-44707bd410e4df10a470bf130ebcea86-.png\" alt=\"\" onerror=\"this.style.display='none'\" loading=\"lazy\" \/>\n\t\t\t\t<\/a>\n\t<\/figure>\n\t\t<h4><a href=\"\/yo\/oro\/itoju-ilera\/?utm_source=Home&#038;utm_medium=Referral&#038;utm_campaign=211Resources&#038;utm_content=Health%20Care\" target=\"_self\">It\u1ecdju Ilera<\/a><\/h4><figure itemscope itemtype=\"https:\/\/schema.org\/ImageObject\">\n\t\t\t\t<a href=\"\/yo\/oro\/itoju-ilera\/?utm_source=Home&#038;utm_medium=Referral&#038;utm_campaign=211Resources&#038;utm_content=Health%20Care\"  target=\"_self\" itemprop=\"url\">\n\t\t\t\t<img decoding=\"async\" src=\"https:\/\/211md.org\/wp-content\/uploads\/bb-plugin\/cache\/2025_MdInfoNet_Icon-Sets_Health-Care-square-dee98a0060cbe0e7f27eda253fc12679-.png\" alt=\"\" onerror=\"this.style.display='none'\" loading=\"lazy\" \/>\n\t\t\t\t<\/a>\n\t<\/figure>\n\t\t<h4><a href=\"\/yo\/oro\/omo-idile\/itoju-ibatan\/?utm_source=Home&#038;utm_medium=Referral&#038;utm_campaign=211Resources&#038;utm_content=Kinship\" target=\"_self\">\u00ccb\u00e1tan<\/a><\/h4><figure itemscope itemtype=\"https:\/\/schema.org\/ImageObject\">\n\t\t\t\t<a href=\"\/yo\/oro\/omo-idile\/itoju-ibatan\/?utm_source=Home&#038;utm_medium=Referral&#038;utm_campaign=211Resources&#038;utm_content=Kinship\"  target=\"_self\" itemprop=\"url\">\n\t\t\t\t<img decoding=\"async\" src=\"https:\/\/211md.org\/wp-content\/uploads\/bb-plugin\/cache\/2025_211_Icon-Sets_Kinship-square-45bdf872866f5735f842c32071109267-.png\" alt=\"Aami ibatan\" height=\"417\" width=\"417\" title=\"2025_211_Icon Sets_Kinship\" onerror=\"this.style.display='none'\" loading=\"lazy\" \/>\n\t\t\t\t<\/a>\n\t<\/figure>\n\t\t<h4><a href=\"\/yo\/oro\/ofin-awon-i%e1%b9%a3e\/?utm_source=Home&#038;utm_medium=Referral&#038;utm_campaign=211Resources&#038;utm_content=Legal\" target=\"_self\">Aw\u1ecdn i\u1e63\u1eb9 ofin<\/a><\/h4><figure itemscope itemtype=\"https:\/\/schema.org\/ImageObject\">\n\t\t\t\t<a href=\"\/yo\/oro\/ofin-awon-i%e1%b9%a3e\/?utm_source=Home&#038;utm_medium=Referral&#038;utm_campaign=211Resources&#038;utm_content=Legal\"  target=\"_self\" itemprop=\"url\">\n\t\t\t\t<img decoding=\"async\" src=\"https:\/\/211md.org\/wp-content\/uploads\/bb-plugin\/cache\/2025_MdInfoNet_Icon-Sets_Legal-square-18fdf438feb8435588174d9046463257-.png\" alt=\"\" onerror=\"this.style.display='none'\" loading=\"lazy\" \/>\n\t\t\t\t<\/a>\n\t<\/figure>\n\t\t<h4><a href=\"\/yo\/oro\/opolo-ilera\/?utm_source=Home&#038;utm_medium=Referral&#038;utm_campaign=211Resources&#038;utm_content=Mental\" target=\"_self\">Opolo Health<\/a><\/h4><figure itemscope itemtype=\"https:\/\/schema.org\/ImageObject\">\n\t\t\t\t<a href=\"\/yo\/oro\/opolo-ilera\/?utm_source=Home&#038;utm_medium=Referral&#038;utm_campaign=211Resources&#038;utm_content=Mental\"  target=\"_self\" itemprop=\"url\">\n\t\t\t\t<img decoding=\"async\" src=\"https:\/\/211md.org\/wp-content\/uploads\/bb-plugin\/cache\/2025_MdInfoNet_Icon-Sets_Mental-Health-square-c59b38c4a993a947d4c9280fbe2d2fee-.png\" alt=\"\" onerror=\"this.style.display='none'\" loading=\"lazy\" \/>\n\t\t\t\t<\/a>\n\t<\/figure>\n\t\t<h4><a href=\"\/yo\/oro\/ogbon-inu\/?utm_source=Home&#038;utm_medium=Referral&#038;utm_campaign=211Resources&#038;utm_content=Reentry\" target=\"_self\">Atunw\u1ecdle<\/a><\/h4><figure itemscope itemtype=\"https:\/\/schema.org\/ImageObject\">\n\t\t\t\t<a href=\"\/yo\/oro\/ogbon-inu\/?utm_source=Home&#038;utm_medium=Referral&#038;utm_campaign=211Resources&#038;utm_content=Reentry\"  target=\"_self\" itemprop=\"url\">\n\t\t\t\t<img decoding=\"async\" src=\"https:\/\/211md.org\/wp-content\/uploads\/bb-plugin\/cache\/2025_211_Icon-Sets_Reentry-square-8676fea38abd920a832f45642fe31cca-.png\" alt=\"Aami iw\u1ecdle\" height=\"417\" width=\"417\" title=\"2025_211_Icon Sets_Reentry\" onerror=\"this.style.display='none'\" loading=\"lazy\" \/>\n\t\t\t\t<\/a>\n\t<\/figure>\n\t\t<h4><a href=\"\/yo\/oro\/lilo-nkan-elo\/?utm_source=Home&#038;utm_medium=Referral&#038;utm_campaign=211Resources&#038;utm_content=Substance\" target=\"_self\">Ohun elo Lilo<\/a><\/h4><figure itemscope itemtype=\"https:\/\/schema.org\/ImageObject\">\n\t\t\t\t<a href=\"\/yo\/oro\/lilo-nkan-elo\/?utm_source=Home&#038;utm_medium=Referral&#038;utm_campaign=211Resources&#038;utm_content=Substance\"  target=\"_self\" itemprop=\"url\">\n\t\t\t\t<img decoding=\"async\" src=\"https:\/\/211md.org\/wp-content\/uploads\/bb-plugin\/cache\/2025_MdInfoNet_Icon-Sets_Substance-Abuse-square-9022fec9d18a64118ad685c101885b55-.png\" alt=\"\" onerror=\"this.style.display='none'\" loading=\"lazy\" \/>\n\t\t\t\t<\/a>\n\t<\/figure>\n\t\t<h4><a href=\"\/yo\/oro\/ogbo\/?utm_source=Home&#038;utm_medium=Referral&#038;utm_campaign=211Resources&#038;utm_content=Veterans\" target=\"_self\">Ogbo<\/a><\/h4><figure itemscope itemtype=\"https:\/\/schema.org\/ImageObject\">\n\t\t\t\t<a href=\"\/yo\/oro\/ogbo\/?utm_source=Home&#038;utm_medium=Referral&#038;utm_campaign=211Resources&#038;utm_content=Veterans\"  target=\"_self\" itemprop=\"url\">\n\t\t\t\t<img decoding=\"async\" src=\"https:\/\/211md.org\/wp-content\/uploads\/bb-plugin\/cache\/2025_MdInfoNet_Icon-Sets_Rating-square-6e60d00cce4faa8e0a6d4ad7366aa733-.png\" alt=\"\" onerror=\"this.style.display='none'\" loading=\"lazy\" \/>\n\t\t\t\t<\/a>\n\t<\/figure>","protected":false},"excerpt":{"rendered":"<p>\u1e62e Sop\u1ecd si Aw\u1ecdn orisun Atunw\u1ecdle Kaabo si oju-iwe orisun-iduro kan tuntun ti Maryland lati \u1e63e iranl\u1ecdw\u1ecd fun aw\u1ecdn ti o wa ni \u1eb9w\u1ecdn ati ti o wa ni \u1eb9w\u1ecdn t\u1eb9l\u1eb9, ati aw\u1ecdn idile w\u1ecdn. Wa alaye ati aw\u1ecdn orisun ti o nilo ati t\u1ecdsi.  Text Reentry to 898-211 Foruk\u1ecdsil\u1eb9 fun aw\u1ecdn if\u1ecdr\u1ecdran\u1e63\u1eb9 p\u1eb9lu alaye atunk\u1ecd, aw\u1ecdn i\u1e63\u1eb9, aw\u1ecdn eto ati aw\u1ecdn i\u1e63\u1eb9l\u1eb9. Aw\u1ecdn olumulo alagbeka tun le t\u1eb9 b\u1ecdtini\u2026<\/p>","protected":false},"author":7,"featured_media":4087,"parent":930,"menu_order":0,"comment_status":"closed","ping_status":"closed","template":"","meta":{"footnotes":""},"class_list":["post-4075","page","type-page","status-publish","has-post-thumbnail","hentry"],"_links":{"self":[{"href":"https:\/\/211md.org\/yo\/wp-json\/wp\/v2\/pages\/4075","targetHints":{"allow":["GET"]}}],"collection":[{"href":"https:\/\/211md.org\/yo\/wp-json\/wp\/v2\/pages"}],"about":[{"href":"https:\/\/211md.org\/yo\/wp-json\/wp\/v2\/types\/page"}],"author":[{"embeddable":true,"href":"https:\/\/211md.org\/yo\/wp-json\/wp\/v2\/users\/7"}],"replies":[{"embeddable":true,"href":"https:\/\/211md.org\/yo\/wp-json\/wp\/v2\/comments?post=4075"}],"version-history":[{"count":9,"href":"https:\/\/211md.org\/yo\/wp-json\/wp\/v2\/pages\/4075\/revisions"}],"predecessor-version":[{"id":33660,"href":"https:\/\/211md.org\/yo\/wp-json\/wp\/v2\/pages\/4075\/revisions\/33660"}],"up":[{"embeddable":true,"href":"https:\/\/211md.org\/yo\/wp-json\/wp\/v2\/pages\/930"}],"wp:featuredmedia":[{"embeddable":true,"href":"https:\/\/211md.org\/yo\/wp-json\/wp\/v2\/media\/4087"}],"wp:attachment":[{"href":"https:\/\/211md.org\/yo\/wp-json\/wp\/v2\/media?parent=4075"}],"curies":[{"name":"wp","href":"https:\/\/api.w.org\/{rel}","templated":true}]}}