{"id":4812,"date":"2025-06-26T07:09:59","date_gmt":"2025-06-26T11:09:59","guid":{"rendered":"https:\/\/211md.org\/?page_id=4812"},"modified":"2025-06-26T07:10:01","modified_gmt":"2025-06-26T11:10:01","slug":"dei","status":"publish","type":"page","link":"https:\/\/211md.org\/yo\/about\/dei\/","title":{"rendered":"Oniruuru, Idogba, ati Gb\u00f3l\u00f3h\u00f9n Ifisi"},"content":{"rendered":"<p>N\u1eb9tiw\u1ecd\u1ecdki Ifitonileti Maryland (MdInfoNet) eyiti o \u1e63e agbara eto 211 ni Maryland pese oniruuru, d\u1ecdgbad\u1ecdgba ati ibi i\u1e63\u1eb9 ifisi - nibiti gbogbo aw\u1ecdn o\u1e63i\u1e63\u1eb9, igbim\u1ecd, ati aw\u1ecdn oluy\u1ecd\u1ecdda, ohunkohun ti ak\u1ecd-abo, \u1eb9ya, \u1eb9ya, \u1ecdj\u1ecd-ori, i\u1e63alaye ibalopo tabi idanim\u1ecd, \u1eb9sin, ipo eto-\u1ecdr\u1ecd, eto-\u1eb9k\u1ecd, tabi alaabo, ni rilara pe o niye ati \u1ecdw\u1ecd.<\/p>\n\t<h3>Anfani dogba<\/h3>\n<p>A \u1e63e ileri si \u1ecdna ti kii \u1e63e iyas\u1ecdt\u1ecd lati pese aye dogba fun i\u1e63\u1eb9 ati il\u1ecdsiwaju. A b\u1ecd\u0300w\u1ecd\u0300 f\u00fan, a s\u00ec m\u1ecdy\u00ec or\u00ed\u1e63ir\u00ed\u1e63i \u00ecr\u00edr\u00ed \u00ecgb\u00e9s\u00ed ay\u00e9, a s\u00ec \u0144 sa gbogbo ip\u00e1 wa l\u00e1ti r\u00ed i p\u00e9 gbogbo ohun ni a n\u00edye l\u00f3r\u00ed \u00e0ti gb\u00edgb\u1ecd\u0301.<\/p>\n<p>A gbagb\u1ecd pe oniruuru, inifura, ati aw\u1ecdn i\u1e63e ifisi y\u1eb9 ki o wa ni iwaju ti i\u1e63\u1eb9 ti a n\u1e63e lojoojum\u1ecd.<\/p>\n<h3>Oniruuru olori<\/h3>\n<p>A ti pinnu lati rii daju pe akoko ati aw\u1ecdn orisun ni ipin lati faagun aw\u1ecdn adari oniruuru di\u1eb9 sii laarin igbim\u1ecd ati o\u1e63i\u1e63\u1eb9 wa. Bakannaa agbawi fun aw\u1ecdn eto imulo ti gbogbo eniyan ati aladani ti o \u1e63e igbelaruge oniruuru, inifura, ati ifisi ati koju aw\u1ecdn eto ati aw\u1ecdn eto imulo ti o \u1e63\u1eb9da ai\u1e63edeede, ir\u1eb9j\u1eb9, ati iyat\u1ecd.<\/p>\n\t\t\t\t<img decoding=\"async\" src=\"http:\/\/211md.org\/wp-content\/uploads\/2025\/06\/Diverse-group-of-workers.jpg\" alt=\"\u1eb8gb\u1eb9 Oniruuru ti aw\u1ecdn o\u1e63i\u1e63\u1eb9\" itemprop=\"image\" title=\"\u1eb8gb\u1eb9 Oniruuru ti aw\u1ecdn o\u1e63i\u1e63\u1eb9\" onerror=\"this.style.display='none'\" loading='lazy' \/>\n\t\t\t\t<img decoding=\"async\" src=\"https:\/\/211md.org\/wp-content\/plugins\/bb-plugin\/img\/pixel.png\" alt=\"\" itemprop=\"image\" onerror=\"this.style.display='none'\" loading='lazy' \/>\n\t\t\t\t<img decoding=\"async\" src=\"https:\/\/211md.org\/wp-content\/plugins\/bb-plugin\/img\/pixel.png\" alt=\"\" itemprop=\"image\" onerror=\"this.style.display='none'\" loading='lazy' \/>\n\t\t\t\t<img decoding=\"async\" src=\"http:\/\/211md.org\/wp-content\/uploads\/2025\/06\/Annapolis-Maryland.jpg\" alt=\"Annapolis Maryland\" itemprop=\"image\" title=\"Annapolis Maryland\" onerror=\"this.style.display='none'\" loading='lazy' \/>\n\t\t\t\t<img decoding=\"async\" src=\"https:\/\/211md.org\/wp-content\/plugins\/bb-plugin\/img\/pixel.png\" alt=\"\" itemprop=\"image\" onerror=\"this.style.display='none'\" loading='lazy' \/>\n\t<h3>Agbegbe wa<\/h3>\n<p>A gbe aw\u1ecdn agbegbe wa soke nipa idamo ati agbawi fun aw\u1ecdn i\u1e63\u1eb9 ti o pade apap\u1ecd, aw\u1ecdn iwulo ipil\u1eb9 ti aw\u1ecdn eniyan k\u1ecd\u1ecdkan.<\/p>\n<p>A \u1e63e ileri lati \u1e63e atil\u1eb9yin \u1eb9t\u1ecd gbogbo eniyan lati ni ipade aw\u1ecdn iwulo eniyan pataki w\u1ecdn.<\/p>","protected":false},"excerpt":{"rendered":"<p>N\u1eb9tiw\u1ecd\u1ecdki Ifitonileti Maryland (MdInfoNet) eyiti o \u1e63e agbara eto 211 ni Maryland n pese oniruuru, d\u1ecdgbad\u1ecdgba ati aaye i\u1e63\u1eb9 ifisi - nibiti gbogbo aw\u1ecdn o\u1e63i\u1e63\u1eb9, igbim\u1ecd, ati aw\u1ecdn oluy\u1ecd\u1ecdda, ohunkohun ti ak\u1ecd-abo, \u1eb9ya, \u1eb9ya, \u1ecdj\u1ecd-ori, i\u1e63alaye ibalopo tabi idanim\u1ecd, \u1eb9sin, ipo eto-\u1ecdr\u1ecd, eto-\u1eb9k\u1ecd, tabi alaabo, ni rilara pe o niye ati \u1ecdw\u1ecd. Anfani d\u1ecdgba A \u1e63e ileri si \u1ecdna ti kii \u1e63e iyasoto\u2026<\/p>","protected":false},"author":7,"featured_media":0,"parent":521,"menu_order":0,"comment_status":"closed","ping_status":"closed","template":"","meta":{"footnotes":""},"class_list":["post-4812","page","type-page","status-publish","hentry"],"_links":{"self":[{"href":"https:\/\/211md.org\/yo\/wp-json\/wp\/v2\/pages\/4812","targetHints":{"allow":["GET"]}}],"collection":[{"href":"https:\/\/211md.org\/yo\/wp-json\/wp\/v2\/pages"}],"about":[{"href":"https:\/\/211md.org\/yo\/wp-json\/wp\/v2\/types\/page"}],"author":[{"embeddable":true,"href":"https:\/\/211md.org\/yo\/wp-json\/wp\/v2\/users\/7"}],"replies":[{"embeddable":true,"href":"https:\/\/211md.org\/yo\/wp-json\/wp\/v2\/comments?post=4812"}],"version-history":[{"count":3,"href":"https:\/\/211md.org\/yo\/wp-json\/wp\/v2\/pages\/4812\/revisions"}],"predecessor-version":[{"id":4818,"href":"https:\/\/211md.org\/yo\/wp-json\/wp\/v2\/pages\/4812\/revisions\/4818"}],"up":[{"embeddable":true,"href":"https:\/\/211md.org\/yo\/wp-json\/wp\/v2\/pages\/521"}],"wp:attachment":[{"href":"https:\/\/211md.org\/yo\/wp-json\/wp\/v2\/media?parent=4812"}],"curies":[{"name":"wp","href":"https:\/\/api.w.org\/{rel}","templated":true}]}}