{"id":486,"date":"2021-03-29T16:04:06","date_gmt":"2021-03-29T16:04:06","guid":{"rendered":"https:\/\/211md.org\/?page_id=486"},"modified":"2026-01-08T08:51:22","modified_gmt":"2026-01-08T13:51:22","slug":"alaba%e1%b9%a3epo","status":"publish","type":"page","link":"https:\/\/211md.org\/yo\/partner\/","title":{"rendered":"Community Service olupese"},"content":{"rendered":"<img decoding=\"async\" src=\"https:\/\/stg-maryland211-staging.kinsta.cloud\/wp-content\/uploads\/2025\/08\/5-1-scaled.png\" alt=\"5\" itemprop=\"image\" height=\"692\" width=\"2560\" title=\"5\" onerror=\"this.style.display='none'\" loading=\"lazy\" \/>\n\t\t<p>A n \u1e63i\u1e63\u1eb9 p\u1eb9lu aw\u1ecdn olupese agbegbe lati so Marylanders si aw\u1ecdn iwulo pataki. G\u1eb9g\u1eb9bi alabojuto ipinl\u1eb9 ti a fun ni a\u1e63\u1eb9 fun aw\u1ecdn i\u1e63\u1eb9 211, N\u1eb9tiw\u1ecd\u1ecdki Alaye ti Maryland tun \u1e63e iraye si alaye. <\/p>\n<p>Ti o ba n \u1e63e iranl\u1ecdw\u1ecd fun aw\u1ecdn ti o ni ipa nipas\u1eb9 tiipa Federal, s\u1ecd fun wa nipa r\u1eb9 lori <a href=\"https:\/\/bit.ly\/211-food-help\" target=\"_blank\" rel=\"noopener\">f\u1ecd\u1ecdmu yi<\/a> nitorina a le s\u1ecd fun gbogbo eniyan ti aw\u1ecdn orisun to wa nitosi.<\/p>\n\t\t\t<a href=\"#start\" target=\"_self\">\n\t\t\t\t\t\tB\u1eb9r\u1eb9\n\t\t\t\t\t<\/a>\n\t\t\t\t<img decoding=\"async\" src=\"https:\/\/211md.org\/wp-content\/plugins\/bb-plugin\/img\/pixel.png\" alt=\"\" itemprop=\"image\" onerror=\"this.style.display='none'\" loading=\"lazy\" \/>\n\t\t\t\t<img decoding=\"async\" src=\"https:\/\/211md.org\/wp-content\/uploads\/2023\/01\/211-database.png\" alt=\"211 searchable aw\u1ecdn olu\u015fewadi database\" itemprop=\"image\" height=\"564\" width=\"1024\" title=\"211 database\" onerror=\"this.style.display='none'\" loading=\"lazy\" \/>\n\t\t<h2>\u1e62afikun orisun Agbegbe r\u1eb9 si ibi ipam\u1ecd data wa<\/h2>\n\t\t<p>P\u1eb9lu aw\u1ecdn orisun agbegbe ti o ju 8,500, data data wa j\u1eb9 okeer\u1eb9 ti ipinl\u1eb9 fun aw\u1ecdn iwulo pataki.<\/p>\n<p><a href=\"https:\/\/211md.org\/yo\/ifisi-imulo\/\" rel=\"noopener\">Ka<\/a> wa ifisi imulo. Ti ile-i\u1e63\u1eb9 r\u1eb9 ba pade aw\u1ecdn ibeere, <a href=\"http:\/\/search.211md.org\" target=\"_blank\" rel=\"noopener\">\u1e63ay\u1eb9wo<\/a> lati rii boya o ti \u1e63e atok\u1ecd t\u1eb9l\u1eb9.<\/p>\n<p>Ko \u1e63e akoj\u1ecd? S\u1ecd fun wa pe o f\u1eb9 darap\u1ecd m\u1ecd aaye data orisun orisun agbegbe.<\/p>\n\t\t\t<a href=\"https:\/\/docs.google.com\/forms\/d\/e\/1FAIpQLSdP1V4oqiAOGr2uK9rkCIxzTpexnlyuDmDkqfJ0CjtIbmWV0A\/viewform\" target=\"_blank\" rel=\"noopener\">\n\t\t\t\t\t\t\tFi aw\u1ecdn olu\u015fewadi kun\n\t\t\t\t\t<\/a>\n\t<h3>\u1e62e imudojuiw\u1ecdn Akoj\u1ecd Aw\u1ecdn orisun R\u1eb9<\/h3>\n<p>Nj\u1eb9 siseto ile-ib\u1eb9w\u1eb9 r\u1eb9 yipada tabi aw\u1ecdn wakati r\u1eb9? Ti o ba nilo lati \u1e63e imudojuiw\u1ecdn atok\u1ecd aw\u1ecdn orisun r\u1eb9, fi imeeli ran\u1e63\u1eb9 si wa ni: <a href=\"mailto:resources@211md.org\" target=\"_blank\" rel=\"noopener\">resources@211md.org<\/a>.<\/p>\n\t\t\t\t<img decoding=\"async\" src=\"https:\/\/211md.org\/wp-content\/uploads\/2023\/01\/2022_MIN_Logo_White.png\" alt=\"MIN Logo White\" itemprop=\"image\" height=\"446\" width=\"1272\" title=\"2022_MIN_Logo_White\" onerror=\"this.style.display='none'\" loading=\"lazy\" \/>\n\t\t\n\t\t<h3><strong>Lati \u1ecddun 2010, <\/strong><strong>Maryland Alaye Network<br \/>\nti fi agbara si eto 211 ni Maryland.<\/strong><\/h3>\n\t\t\t<a href=\"https:\/\/mdinfonet.org\/\" target=\"_blank\" rel=\"noopener\">\n\t\t\t\t\t\tK\u1ecd \u1eb9k\u1ecd di\u1eb9 si\n\t\t\t\t\t<\/a>\n\t\t\t\t<img decoding=\"async\" src=\"https:\/\/211md.org\/wp-content\/uploads\/2023\/01\/211-MD_Logo-white-400x273.png\" alt=\"211 Maryland Logo white\" itemprop=\"image\" height=\"273\" width=\"400\" title=\"211-MD_Logo-funfun\" onerror=\"this.style.display='none'\" loading=\"lazy\" \/>\n\t<h2>J\u1eb9 ki Aw\u1ecdn miiran M\u1ecd Nipa 211<\/h2>\n<h4><em>\u1e62e igbasil\u1eb9 ati lo ohun elo irin\u1e63\u1eb9 titaja 211 naa<\/em><\/h4>\n<p>A dup\u1eb9 l\u1ecdw\u1ecd iranl\u1ecdw\u1ecd r\u1eb9 lati so Marylanders p\u1ecd si 211. \u1e62e igbasil\u1eb9 aw\u1ecdn ohun elo titaja oni-n\u1ecdmba tabi pa\u1e63\u1eb9 aw\u1ecdn ohun elo ti o \u1e63etan lati pin p\u1eb9lu agbegbe r\u1eb9.<\/p>\n\t\t\t<a href=\"https:\/\/211md.org\/yo\/tita-irin%e1%b9%a3e\/\" target=\"_blank\" rel=\"noopener\">\n\t\t\t\t\t\t\tGba Aw\u1ecdn ohun elo Titaja\n\t\t\t\t\t<\/a>\n\t\t\t\t<img decoding=\"async\" src=\"http:\/\/211md.org\/wp-content\/uploads\/2021\/05\/Top-View-Postcard-Mockup-scaled.jpg\" alt=\"211 Maryland noya aw\u1ecdn kaadi\" itemprop=\"image\" title=\"Top Wo kaadi ifiran\u1e63\u1eb9 Mockup\" onerror=\"this.style.display='none'\" loading=\"lazy\" \/>\n\t\t<h2>Ni ibeere Nipa 211?<\/h2>\n\t\t<p>Ka Aw\u1ecdn Ibeere Nigbagbogbo (FAQs) wa tabi\u00a0<strong><a href=\"\/yo\/pe-wa\/\">pe wa<\/a>.<\/strong><\/p>\n\t\t\t<a href=\"\/yo\/nipa\/faq\/\" target=\"_self\">\n\t\t\t\t\t\t\tKa aw\u1ecdn FAQ wa\n\t\t\t\t\t<\/a>\n<h2>\n\t\t\t\u00ccb\u00e1\u1e63ep\u1ecd \u1e62e Aw\u1ecdn agbegbe Ni okun sii\t<\/h2>\n\t<p>Ni aw\u1ecdn akoko iwulo nla, aw\u1ecdn ile-i\u1e63\u1eb9 ipinl\u1eb9 ati agbegbe yipada si wa lati sop\u1ecd aw\u1ecdn Marylanders.<\/p>\n\t\t\t\t<img decoding=\"async\" src=\"http:\/\/211md.org\/wp-content\/uploads\/2022\/04\/Group-333.svg\" alt=\"Maryland Gomina Office of Immigrant Affairs Logo\" itemprop=\"image\" height=\"215\" width=\"245\" title=\"Maryland Gomina Office of Immigrant Affairs Logo\" onerror=\"this.style.display='none'\" loading=\"lazy\" \/>\n<h3>MDStopHate<\/h3><p>Jab\u1ecd ikorira, iyasoto tabi ipanilaya.<\/p>\n<p>211 tun j\u1eb9 orisun iduro-\u1ecdkan fun aw\u1ecdn a\u1e63ikiri ati aw\u1ecdn ara ilu Am\u1eb9rika tuntun, n pese atil\u1eb9yin multilingual ni aw\u1ecdn ede 150+.<\/p>\n<p>&nbsp;<\/p>\n\t\t\t\t<img decoding=\"async\" src=\"http:\/\/211md.org\/wp-content\/uploads\/2021\/05\/Health-DoL_primary_rgb_300ppi-1@2x.png\" alt=\"Maryland Department of Health logo\" itemprop=\"image\" title=\"Ilera DoL_primary_rgb_300ppi (1) @ 2x\" onerror=\"this.style.display='none'\" loading=\"lazy\" \/>\n<h3>211 I\u1e63\u1ecdkan It\u1ecdju Ilera ti ihuwasi<\/h3><p>Aw\u1ecdn eto w\u1ecdnyi so o\u1e63i\u1e63\u1eb9 ile-iwosan ati aw\u1ecdn alaisan si aw\u1ecdn i\u1e63\u1eb9 ilera ihuwasi ti agbegbe. W\u1ecdn tun pa lupu naa p\u1eb9lu aw\u1ecdn alaisan ati aw\u1ecdn olu\u1e63eto idasil\u1eb9.<\/p>\n<p>&nbsp;<\/p>\n<h2>\n\t\t\tAw\u1ecdn alaba\u1e63ep\u1ecd wa\t<\/h2>\n\t\t\t\t<img decoding=\"async\" src=\"https:\/\/211md.org\/wp-content\/uploads\/2021\/04\/NAMI-Md@2x.png\" alt=\"NAMI Maryland logo\" itemprop=\"image\" height=\"38\" width=\"210\" title=\"NAMI Md @ 2x\" onerror=\"this.style.display='none'\" loading=\"lazy\" \/>\n\t\t\t\t<img decoding=\"async\" src=\"http:\/\/211md.org\/wp-content\/uploads\/2021\/06\/DOH-Logo.svg\" alt=\"Maryland Department of Health logo\" itemprop=\"image\" height=\"95\" width=\"118\" title=\"DOH Logo\" onerror=\"this.style.display='none'\" loading=\"lazy\" \/>\n\t\t\t\t<img decoding=\"async\" src=\"http:\/\/211md.org\/wp-content\/uploads\/2024\/01\/Mid-Shore-Health-Improvement-Coalition-logo.png\" alt=\"Mid Shore Health Imudara I\u1e63\u1ecdkan logo\" itemprop=\"image\" title=\"Mid Shore Health Imudara I\u1e63\u1ecdkan logo\" onerror=\"this.style.display='none'\" loading=\"lazy\" \/>\n\t\t\t\t<img decoding=\"async\" src=\"https:\/\/211md.org\/wp-content\/uploads\/2021\/05\/Aging-DoL_primary_rgb_300ppi-3@2x.png\" alt=\"Maryland Department of Agbo logo\" itemprop=\"image\" height=\"213\" width=\"260\" title=\"DoL_primary_rgb_300ppi ti ogbo (3) @ 2x\" onerror=\"this.style.display='none'\" loading=\"lazy\" \/>\n\t\t\t\t<img decoding=\"async\" src=\"http:\/\/211md.org\/wp-content\/uploads\/2024\/06\/Department-of-Public-Safety-and-Corrections.png\" alt=\"Sakaani ti Aabo ati Aw\u1ecdn atun\u1e63e\" itemprop=\"image\" title=\"Sakaani ti Aabo ati Aw\u1ecdn atun\u1e63e\" onerror=\"this.style.display='none'\" loading=\"lazy\" \/>\n\t\t\t\t<img decoding=\"async\" src=\"https:\/\/211md.org\/wp-content\/uploads\/2021\/06\/DoL_juvenile-logo.svg\" alt=\"Maryland Department of ewe Services logo\" itemprop=\"image\" height=\"103\" width=\"118\" title=\"DoL_juvenile logo\" onerror=\"this.style.display='none'\" loading=\"lazy\" \/>\n\t\t\t\t<img decoding=\"async\" src=\"https:\/\/211md.org\/wp-content\/uploads\/2021\/05\/RALI-Logo.svg\" alt=\"RALI logo\" itemprop=\"image\" height=\"111\" width=\"236\" title=\"RALI Logo\" onerror=\"this.style.display='none'\" loading=\"lazy\" \/>\n\t\t\t\t<img decoding=\"async\" src=\"https:\/\/211md.org\/wp-content\/uploads\/2023\/01\/MDEM-primary-black-logo.png\" alt=\"MDEM dudu aami ak\u1ecdk\u1ecd\" itemprop=\"image\" height=\"233\" width=\"266\" title=\"MDEM dudu aami ak\u1ecdk\u1ecd\" onerror=\"this.style.display='none'\" loading=\"lazy\" \/>\n\t\t\t\t<img decoding=\"async\" src=\"https:\/\/211md.org\/wp-content\/uploads\/2021\/06\/MDH-logo.svg\" alt=\"\u1eb8ka Ilera ti Maryland ti Imurasil\u1eb9 ati aami Idahun\" itemprop=\"image\" height=\"101\" width=\"172\" title=\"MDH logo\" onerror=\"this.style.display='none'\" loading=\"lazy\" \/>\n\t\t\t<a href=\"https:\/\/211md.org\/yo\/pe-wa\/\" target=\"_self\">\n\t\t\t\t\t\t\tJ\u1eb9 ki a Alaba\u1e63ep\u1ecd\n\t\t\t\t\t<\/a>\n\t<h2>Aw\u1ecdn ibeere Nigbagbogbo fun Aw\u1ecdn alaba\u1e63ep\u1ecd<\/h2>\n\t\t\t\t\t<h3 id=\"fl-accordion--label-0\" tabindex=\"0\" aria-controls=\"fl-accordion--panel-0\">Kini 211 Maryland?<\/h3>\n\t\t\t\t\t\t\t\t\t\t\t<a href=\"#\" id=\"fl-accordion--icon-0\"  tabindex=\"0\"><i title=\"K\u1ecdlul\u1eb9\">K\u1ecdlul\u1eb9<\/i><\/a>\n\t\t\t\t\t<p>211 Maryland ni ilera okeer\u1eb9 jul\u1ecd ti ipinl\u1eb9 ati Alaye Aw\u1ecdn i\u1e63\u1eb9 eniyan ati Eto Ifiran\u1e63\u1eb9. P\u1eb9lu aw\u1ecdn orisun to ju 7,500 l\u1ecd, aw\u1ecdn \u1eb9ni-k\u1ecd\u1ecdkan p\u1eb9lu aw\u1ecdn iwulo pataki le ni asop\u1ecd si iranl\u1ecdw\u1ecd agbegbe 24\/7\/365. 211 Maryland j\u1eb9 i\u1e63\u1eb9 \u1ecdf\u1eb9 ati a\u1e63iri, p\u1eb9lu itum\u1ecd ti o wa ni aw\u1ecdn ede 150+.<\/p>\n<p>Aw\u1ecdn<a href=\"https:\/\/mdinfonet.org\/\" target=\"_blank\" rel=\"noopener\">\u00a0Maryland Alaye Network<\/a>\u00a0(MdInfoNet), 501(c) 3 agbari ti kii \u1e63e ere, j\u1eb9 alabojuto ti ipinl\u1eb9 ti a yan fun eto 211 ni Maryland.<\/p>\n\t\t\t\t\t<h3 id=\"fl-accordion--label-1\" tabindex=\"0\" aria-controls=\"fl-accordion--panel-1\">Bawo ni o \u1e63e t\u1ecdju data data orisun r\u1eb9 titi di oni?<\/h3>\n\t\t\t\t\t\t\t\t\t\t\t<a href=\"#\" id=\"fl-accordion--icon-1\"  tabindex=\"0\"><i title=\"Faagun\">Faagun<\/i><\/a>\n\t\t\t\t\t<p>Ipil\u1eb9 data okeer\u1eb9 ti di\u1eb9 sii ju aw\u1ecdn orisun 7,500 ni gbogbo ipinl\u1eb9 ti ni imudojuiw\u1ecdn ni o kere ju l\u1eb9\u1eb9kan l\u1ecddun ati nigbagbogbo nigbagbogbo. A gb\u1eb9k\u1eb9le i\u1e63eduro \u1ecddun wa, aw\u1ecdn imudojuiw\u1ecdn lati \u1ecdd\u1ecd aw\u1ecdn ile-i\u1e63\u1eb9, ati aw\u1ecdn esi lati \u1ecdd\u1ecd aw\u1ecdn olupe lati so Marylanders p\u1ecd p\u1eb9lu aw\u1ecdn orisun to dara jul\u1ecd fun ipo w\u1ecdn ati aw\u1ecdn afij\u1eb9\u1eb9ri eto tuntun ni akoko iwulo w\u1ecdn.<\/p>\n<p><a href=\"https:\/\/211md.org\/yo\/alaba%e1%b9%a3epo\/\">J\u1eb9risi \u00e8t\u00f2 r\u1eb9 ni aaye data 211 Maryland<\/a>, ati imudojuiw\u1ecdn.<\/p>\n\t\t\t\t\t<h3 id=\"fl-accordion--label-2\" tabindex=\"0\" aria-controls=\"fl-accordion--panel-2\">Bawo ni MO \u1e63e \u1e63afikun ib\u1eb9w\u1eb9 mi si ibi ipam\u1ecd data?<\/h3>\n\t\t\t\t\t\t\t\t\t\t\t<a href=\"#\" id=\"fl-accordion--icon-2\"  tabindex=\"0\"><i title=\"Faagun\">Faagun<\/i><\/a>\n\t\t\t\t\t<p>G\u1eb9g\u1eb9bi asopo aarin fun Maryland, a \u1e63e it\u1eb9w\u1ecdgba aw\u1ecdn ajo tuntun si ibi ipam\u1ecd data wa. A gba aw\u1ecdn ibeere lati \u1ecdd\u1ecd ai-jere w\u1ecdnyi ati aw\u1ecdn \u1eb9gb\u1eb9 fun ere:<\/p>\n<ul>\n<li>Ai-jere\u00a0<u>ati<\/u>\u00a0aw\u1ecdn \u1eb9gb\u1eb9 ti o \u1e63e pataki fun ere ati aw\u1ecdn ile-i\u1e63\u1eb9 ij\u1ecdba ati aw\u1ecdn o\u1e63i\u1e63\u1eb9 ti n pese ilera, i\u1e63\u1eb9 awuj\u1ecd, eto-\u1eb9k\u1ecd, ile-ikawe, ooj\u1ecd, ofin, ere idaraya ati aw\u1ecdn i\u1e63\u1eb9 eniyan miiran.<\/li>\n<li>Aw\u1ecdn \u1eb9gb\u1eb9 ti ko ni ere, g\u1eb9g\u1eb9bi aw\u1ecdn \u1eb9gb\u1eb9 \u1eb9sin, aw\u1ecdn \u1eb9gb\u1eb9 awuj\u1ecd ati aw\u1ecdn \u1eb9gb\u1eb9 agbegbe, ti o funni ni aw\u1ecdn i\u1e63\u1eb9 si agbegbe ni gbogbogbo, kii \u1e63e si aw\u1ecdn \u1ecdm\u1ecd \u1eb9gb\u1eb9 tiw\u1ecdn nikan.<\/li>\n<li>Aw\u1ecdn \u1eb9gb\u1eb9 atil\u1eb9yin ti ara \u1eb9ni ti kii \u1e63e \u00e8r\u00e8 (\u201c\u1eb9gb\u1eb9 oluranl\u1ecdw\u1ecd ara-\u1eb9ni\u201d j\u1eb9 apej\u1ecd atinuwa ti aw\u1ecdn eniyan ti o pin iru i\u1e63oro kan, ipo tabi itan).<\/li>\n<li>Ai-jere\u00a0<u>ati<\/u>\u00a0lominu ni fun-\u00e8r\u00e8, olona-ipinle tabi ti orile-ede ajo ko wa ni Maryland ti o pese ilera ati eda eniyan aw\u1ecdn olugbe Maryland.<\/li>\n<li>Aw\u1ecdn ajo ti ko ni ere ti o \u1e63e agbero fun aw\u1ecdn eto i\u1e63\u1eb9 eniyan ati aw\u1ecdn eto imulo ti o \u1e63e atil\u1eb9yin agbegbe ilera.<\/li>\n<\/ul>\n<p>Fun alaye di\u1eb9 sii ati lati b\u1eb9r\u1eb9 ilana elo,\u00a0<a href=\"https:\/\/211md.org\/yo\/alaba%e1%b9%a3epo\/\">l\u1ecd nibi.<\/a><\/p>\n\t\t\t\t\t<h3 id=\"fl-accordion--label-3\" tabindex=\"0\" aria-controls=\"fl-accordion--panel-3\">Nj\u1eb9 aw\u1ecdn alam\u1ecdja ipe 211 Maryland r\u1eb9 ti ni ik\u1eb9k\u1ecd tabi ti ni if\u1ecdw\u1ecdsi?<\/h3>\n\t\t\t\t\t\t\t\t\t\t\t<a href=\"#\" id=\"fl-accordion--icon-3\"  tabindex=\"0\"><i title=\"Faagun\">Faagun<\/i><\/a>\n\t\t\t\t\t<p>Aw\u1ecdn o\u1e63i\u1e63\u1eb9 ile-i\u1e63\u1eb9 ipe j\u1eb9 if\u1ecdw\u1ecdsi ati eto ti a f\u1ecdw\u1ecdsi nipas\u1eb9 Alliance of Information and Referral Systems (AIRS) ati \u1eb8gb\u1eb9 Am\u1eb9rika ti Suicidology (AAS). Mejeji ni o wa oril\u1eb9-, \u1ecdj\u1ecdgb\u1ecdn ajo.<\/p>\n<p>Alaye ati Aw\u1ecdn alam\u1ecdja Ifiran\u1e63\u1eb9 tun j\u1eb9 \u1eb9k\u1ecd ati ni iriri ni ilera ati aw\u1ecdn orisun i\u1e63\u1eb9 eniyan. W\u1ecdn ni oye oye tabi oye titunto si ni i\u1e63\u1eb9 awuj\u1ecd, aw\u1ecdn i\u1e63\u1eb9 eniyan, im\u1ecdran tabi aw\u1ecdn aaye ti o j\u1ecdm\u1ecd, p\u1eb9lu o kere ju \u1ecddun kan ti iriri.<\/p>\n\t\t\t\t\t<h3 id=\"fl-accordion--label-4\" tabindex=\"0\" aria-controls=\"fl-accordion--panel-4\">Iru aw\u1ecdn ipe wo ni o dahun?<\/h3>\n\t\t\t\t\t\t\t\t\t\t\t<a href=\"#\" id=\"fl-accordion--icon-4\"  tabindex=\"0\"><i title=\"Faagun\">Faagun<\/i><\/a>\n\t\t\t\t\t<p>211 Maryland le \u1e63i\u1e63\u1eb9 bi asopo aarin fun ilera pataki at\u1eb9le ati aw\u1ecdn iwulo i\u1e63\u1eb9 eniyan:<\/p>\n<ul>\n<li>Ounj\u1eb9<\/li>\n<li>Ibugbe<\/li>\n<li>Pajawiri ibi aabo<\/li>\n<li>Iranl\u1ecdw\u1ecd IwUlO<\/li>\n<li>Iranl\u1ecdw\u1ecd owo<\/li>\n<li>ilokulo nkan elo<\/li>\n<li>Opolo ilera<\/li>\n<li>Igb\u1eb9mi ara \u1eb9ni ati idaamu idaamu<\/li>\n<li>It\u1ecdju Ilera<\/li>\n<li>Aw\u1ecdn \u1ecdm\u1ecdde ati aw\u1ecdn idile (it\u1ecdju \u1ecdm\u1ecdde, atil\u1eb9yin obi, aw\u1ecdn ipese ati a\u1e63\u1ecd, imurasil\u1eb9 ile-iwe)<\/li>\n<li>Alaye-ori ati iranl\u1ecdw\u1ecd igbaradi<\/li>\n<li>Ti ogbo ati ailera<\/li>\n<li>Aw\u1ecdn i\u1e63\u1eb9 ofin<\/li>\n<li>Iwa-ipa ti ile, ibi aabo ati atil\u1eb9yin<\/li>\n<li>Igbanisise<\/li>\n<li>Ogbo<\/li>\n<li>Gbigbe<\/li>\n<\/ul>\n\t\t\t\t\t<h3 id=\"fl-accordion--label-5\" tabindex=\"0\" aria-controls=\"fl-accordion--panel-5\">Kini iyato laarin 211 Maryland United Way Helpline ati 211 Maryland?<\/h3>\n\t\t\t\t\t\t\t\t\t\t\t<a href=\"#\" id=\"fl-accordion--icon-5\"  tabindex=\"0\"><i title=\"Faagun\">Faagun<\/i><\/a>\n\t\t\t\t\t<p>Ti i\u1e63eto nipas\u1eb9 ofin ipinl\u1eb9, N\u1eb9tiw\u1ecd\u1ecdki Alaye Maryland (MdInfoNet) j\u1eb9 alabojuto ti ipinl\u1eb9 ti a yan fun eto 211 ni Maryland. MdInfoNet n \u1e63e abojuto ati \u1e63et\u1ecdju alaye ati n\u1eb9tiw\u1ecd\u1ecdki i\u1e63\u1eb9 it\u1ecdkasi ti o wa fun gbogbo aw\u1ecdn olugbe Maryland. Lati so Marylanders ni gbogbo aw\u1ecdn agbegbe ti ipinle, a gb\u1eb9k\u1eb9le n\u1eb9tiw\u1ecdki kan ti aw\u1ecdn ile-i\u1e63\u1eb9 ipe.<\/p>\n<p>\u1eccna United ti Central Maryland pese agbegbe fun agbegbe kan ti ipinl\u1eb9 naa. 211 Maryland nlo aw\u1ecdn ile-i\u1e63\u1eb9 ipe miiran ti a gbe ni ilana lati de \u1ecdd\u1ecd Marylanders ni gbogbo aw\u1ecdn agbegbe ti ipinl\u1eb9 naa.<\/p>\n\t\t\t\t\t<h3 id=\"fl-accordion--label-6\" tabindex=\"0\" aria-controls=\"fl-accordion--panel-6\">Bawo ni MO \u1e63e j\u1eb9 ki aw\u1ecdn miiran m\u1ecd nipa 211 Maryland ati aw\u1ecdn eto r\u1eb9?<\/h3>\n\t\t\t\t\t\t\t\t\t\t\t<a href=\"#\" id=\"fl-accordion--icon-6\"  tabindex=\"0\"><i title=\"Faagun\">Faagun<\/i><\/a>\n\t\t\t\t\t<p>A dup\u1eb9 l\u1ecdw\u1ecd ti o j\u1eb9 ki Marylanders m\u1ecd nipa aw\u1ecdn eto ati i\u1e63\u1eb9 211 Maryland. O le lo aw\u1ecdn kaadi ijade eto wa ati aw\u1ecdn iwe otit\u1ecd.\u00a0<a href=\"https:\/\/211md.org\/yo\/tita-irin%e1%b9%a3e\/\" target=\"_blank\" rel=\"noopener\">\u1e62e igbasil\u1eb9 aw\u1ecdn irin\u1e63\u1eb9 titaja.<\/a><\/p>\n\t\t\t\t\t<h3 id=\"fl-accordion--label-7\" tabindex=\"0\" aria-controls=\"fl-accordion--panel-7\">Bawo ni 211 Maryland \u1e63e inawo?<\/h3>\n\t\t\t\t\t\t\t\t\t\t\t<a href=\"#\" id=\"fl-accordion--icon-7\"  tabindex=\"0\"><i title=\"Faagun\">Faagun<\/i><\/a>\n\t\t\t\t\t<p>Eto 211 ni Maryland ni agbara nipas\u1eb9 aw\u1ecdn\u00a0<a href=\"https:\/\/mdinfonet.org\/\" target=\"_blank\" rel=\"noopener\">Maryland Alaye Network<\/a>, a 501 (c) (3) jere agbari. Owo ti wa ni gba lati aw\u1ecdn ilu ati ni ik\u1ecdk\u1ecd aladani.<\/p>\n\t\t\t\t\t<h3 id=\"fl-accordion--label-8\" tabindex=\"0\" aria-controls=\"fl-accordion--panel-8\">\u1e62e aw\u1ecdn \u1eb9bun owo-ori j\u1eb9 idinku bi?<\/h3>\n\t\t\t\t\t\t\t\t\t\t\t<a href=\"#\" id=\"fl-accordion--icon-8\"  tabindex=\"0\"><i title=\"Faagun\">Faagun<\/i><\/a>\n\t\t\t\t\t<p>B\u1eb9\u1eb9ni.\u00a0<a href=\"https:\/\/211md.org\/yo\/%e1%b9%a3etore\/\">Aw\u1ecdn \u1eb9bun j\u1eb9 owo-ori-deductible<\/a>.<\/p>\n\t\t\t\t\t<h3 id=\"fl-accordion--label-9\" tabindex=\"0\" aria-controls=\"fl-accordion--panel-9\">Bawo ni MO \u1e63e kan si eto 211 ni Maryland?<\/h3>\n\t\t\t\t\t\t\t\t\t\t\t<a href=\"#\" id=\"fl-accordion--icon-9\"  tabindex=\"0\"><i title=\"Faagun\">Faagun<\/i><\/a>\n\t\t\t\t\t<p><strong>Imeeli:\u00a0<\/strong><a href=\"mailto:info@211md.org\">info@211md.org<\/a><\/p>\n<p><strong>meeli:<\/strong>\u00a09770 Patuxent Woods wak\u1ecd, Suite 334, Columbia, D\u00f3k\u00edt\u00e0 21046<\/p>","protected":false},"excerpt":{"rendered":"<p>A n \u1e63i\u1e63\u1eb9 p\u1eb9lu aw\u1ecdn olupese agbegbe lati so Marylanders si aw\u1ecdn iwulo pataki. G\u1eb9g\u1eb9bi alabojuto ipinl\u1eb9 ti a fun ni a\u1e63\u1eb9 fun aw\u1ecdn i\u1e63\u1eb9 211, N\u1eb9tiw\u1ecd\u1ecdki Alaye ti Maryland tun \u1e63e iraye si alaye. Ti o ba n \u1e63e iranl\u1ecdw\u1ecd fun aw\u1ecdn ti o ni ipa nipas\u1eb9 tiipa Federal, s\u1ecd fun wa nipa r\u1eb9 lori f\u1ecd\u1ecdmu yii ki a le s\u1ecd fun gbogbo eniyan ti aw\u1ecdn orisun nitosi. B\u1eb9r\u1eb9 Fikun-un\u2026<\/p>","protected":false},"author":8,"featured_media":33780,"parent":0,"menu_order":0,"comment_status":"closed","ping_status":"closed","template":"","meta":{"footnotes":""},"class_list":["post-486","page","type-page","status-publish","has-post-thumbnail","hentry"],"_links":{"self":[{"href":"https:\/\/211md.org\/yo\/wp-json\/wp\/v2\/pages\/486","targetHints":{"allow":["GET"]}}],"collection":[{"href":"https:\/\/211md.org\/yo\/wp-json\/wp\/v2\/pages"}],"about":[{"href":"https:\/\/211md.org\/yo\/wp-json\/wp\/v2\/types\/page"}],"author":[{"embeddable":true,"href":"https:\/\/211md.org\/yo\/wp-json\/wp\/v2\/users\/8"}],"replies":[{"embeddable":true,"href":"https:\/\/211md.org\/yo\/wp-json\/wp\/v2\/comments?post=486"}],"version-history":[{"count":11,"href":"https:\/\/211md.org\/yo\/wp-json\/wp\/v2\/pages\/486\/revisions"}],"predecessor-version":[{"id":34166,"href":"https:\/\/211md.org\/yo\/wp-json\/wp\/v2\/pages\/486\/revisions\/34166"}],"wp:featuredmedia":[{"embeddable":true,"href":"https:\/\/211md.org\/yo\/wp-json\/wp\/v2\/media\/33780"}],"wp:attachment":[{"href":"https:\/\/211md.org\/yo\/wp-json\/wp\/v2\/media?parent=486"}],"curies":[{"name":"wp","href":"https:\/\/api.w.org\/{rel}","templated":true}]}}