{"id":4932,"date":"2025-08-18T17:21:52","date_gmt":"2025-08-18T21:21:52","guid":{"rendered":"https:\/\/211md.org\/?page_id=4932"},"modified":"2025-10-14T19:36:17","modified_gmt":"2025-10-14T23:36:17","slug":"ibi-aabo","status":"publish","type":"page","link":"https:\/\/211md.org\/yo\/resources\/children-families\/safe-haven\/","title":{"rendered":"Ibi Ailewu: Iranl\u1ecdw\u1ecd fun Aw\u1ecdn obi Tuntun Ti Ko le T\u1ecdju \u1eccm\u1ecd"},"content":{"rendered":"<img decoding=\"async\" src=\"http:\/\/211md.org\/wp-content\/uploads\/2025\/07\/Pregnant-mom-looking-out-window.jpg\" alt=\"Iya aboyun ti n wo oju ferese\" itemprop=\"image\" title=\"Iya aboyun ti n wo oju ferese\" onerror=\"this.style.display='none'\" loading=\"lazy\" \/>\n\t<p>Iranl\u1ecdw\u1ecd wa fun aw\u1ecdn alaboyun tabi aw\u1ecdn ti w\u1ecdn ti bim\u1ecd laip\u1eb9 ti w\u1ecdn ko \u1e63etan lati j\u1eb9 obi tabi b\u1eb9r\u1eb9 idile.<\/p>\n<h2>Kini Ibi Ailewu?<\/h2>\n<p>Ailewu Haven n pese yiyan ti ofin ati ailewu fun aw\u1ecdn obi lati fi \u1ecdm\u1ecd ti ko farapa sil\u1eb9 ni ailoruk\u1ecd ti o to \u1ecdj\u1ecd 60.<\/p>\n<p>Ko si aw\u1ecdn abajade ofin fun lilo eto naa ti \u1ecdm\u1ecd ba ti ni it\u1ecdju titi di aaye y\u1eb9n.<\/p>\n<p>O ko ni lati dahun ibeere eyikeyi.<\/p>\n<p>Ibi-af\u1eb9de ni lati fun aw\u1ecdn obi ni yiyan ailewu ati lati fun aw\u1ecdn \u1ecdm\u1ecd ikoko ni ib\u1eb9r\u1eb9 ilera.<\/p>\n\t<h2>Bawo ni O N\u1e63i\u1e63\u1eb9<\/h2>\n<p>Aw\u1ecdn obi tabi agbalagba miiran ti o ju \u1ecddun 18 l\u1ecd le fi \u1ecdm\u1ecd le l\u1ecdw\u1ecd ni ile-i\u1e63\u1eb9 ti a yan.<\/p>\n<p>Iw\u1ecdnyi p\u1eb9lu aw\u1ecdn ile ina, aw\u1ecdn ibudo \u1ecdl\u1ecdpa, tabi \u1ecdfiisi i\u1e63oogun ti a y\u00e0n.<\/p>\n<p>Gbogbo ohun ti o nilo lati s\u1ecd ni, \u201cEyi j\u1eb9 \u1eccm\u1ecd Ibi Ailewu.\u201d<\/p>\n<p>G\u1eb9g\u1eb9bi alaba\u1e63i\u1e63\u1eb9p\u1ecd Safe Haven, 211 le so Marylanders p\u1ecd si aw\u1ecdn agbegbe Ailewu ti agbegbe.<\/p>\n<p>T\u1eb9 211 ki o si ba eniyan alaanu ati alaanu s\u1ecdr\u1ecd ti yoo pese atil\u1eb9yin igb\u1eb9k\u1eb9le ati mim\u1ecd.<\/p>\n\t\t\t\t<img decoding=\"async\" src=\"https:\/\/211md.org\/wp-content\/uploads\/2025\/08\/Safe-Haven-logo-400x279.png\" alt=\"Ailewu Haven logo\" itemprop=\"image\" height=\"279\" width=\"400\" title=\"Ailewu Haven logo\" onerror=\"this.style.display='none'\" loading=\"lazy\" \/>\n\t\t<h3>Wa Ibi Ibi Ailewu kan<\/h3>\n\t\t<p>Aw\u1ecdn obi tun le wa aw\u1ecdn ipo ni Maryland nipas\u1eb9 koodu ZIP.<\/p>\n<p>Nigbati \u1eb9ni k\u1ecd\u1ecdkan ba de p\u1eb9lu \u1ecdm\u1ecd ti ko ni ipalara, s\u1ecd \u201cEyi j\u1eb9 \u1eccm\u1ecd Ile-i\u1e63\u1eb9 Ailewu.\u201d<\/p>\n\t\t\t<a href=\"https:\/\/search.211md.org\/search?query=LJ-5000.8000&#038;query_label=Safe+Havens+for+Abandoned+Newborns&#038;query_type=taxonomy\" target=\"_blank\" rel=\"noopener\">\n\t\t\t\t\t\t\tWa A Ailewu Haven ipo\n\t\t\t\t\t<\/a>\n\t<h3>Aw\u1ecdn ibeere Nigbagbogbo<\/h3>\n<p>\u1e62e aw\u1ecdn ibeere? Gba aw\u1ecdn idahun tabi pe 211 fun iranl\u1ecdw\u1ecd.<\/p>\n<h3>Kini Ibi Ailewu?<\/h3>\n<p>Eto ti a \u1e63e lati daabobo \u1ecdm\u1ecd tuntun l\u1ecdw\u1ecd ewu tabi iku ati lati daabobo \u1ecd l\u1ecdw\u1ecd igbese ofin.<\/p>\n<p>O le fi \u1ecdm\u1ecd naa sil\u1eb9 laisi imuni tabi \u1eb9j\u1ecd laarin aw\u1ecdn \u1ecdj\u1ecd 60 ti ibim\u1ecd.<\/p>\n<h3>Kini o tum\u1ecd si laisi ipalara?<\/h3>\n<p>Iy\u1eb9n tum\u1ecd si pe \u1ecdm\u1ecd ikoko ko ni ilokulo tabi gbagbe, ati pe ko si \u1eb9ri ti ipalara ti ara tabi ikuna lati t\u1ecdju \u1ecdm\u1ecd naa.<\/p>\n<h3>Nibo ni a le fi aw\u1ecdn \u1ecdm\u1ecd ikoko kuro lailewu?<\/h3>\n<p>A le fi aw\u1ecdn \u1ecdm\u1ecd naa sil\u1eb9 ni ailoruk\u1ecd ni ile-iwosan Maryland, \u1ecdfiisi i\u1e63oogun ti a y\u00e0n, ago \u1ecdl\u1ecdpa tabi ibudo ina. <a href=\"https:\/\/search.211md.org\/search?query=LJ-5000.8000&amp;query_label=Safe+Havens+for+Abandoned+Newborns&amp;query_type=taxonomy\" target=\"_blank\" rel=\"noopener\">Wa<\/a> Fun ipo Ailewu nipas\u1eb9 koodu ZIP tabi t\u1eb9 211.<\/p>\n<h3>K\u00ed l\u00f3 y\u1eb9 k\u00ed \u1eb9n\u00ec kan s\u1ecd n\u00edgb\u00e0 \u00ecm\u00fa\u1e63\u1eb9?<\/h3>\n<p>N\u00eckan s\u1ecd, \u201cEyi j\u1eb9 \u1eccm\u1ecd Hafefe Ailewu,\u201d ki o si rin kuro.<\/p>\n<p>O le beere l\u1ecdw\u1ecd r\u1eb9 aw\u1ecdn ibeere nipa ilera \u1ecdm\u1ecd ati itan ilera idile ki aw\u1ecdn alabojuto le pese it\u1ecdju to dara jul\u1ecd fun \u1ecdm\u1ecd ikoko, \u1e63ugb\u1ecdn ko si \u1ecdranyan lati dahun aw\u1ecdn ibeere w\u1ecdnyi.<\/p>\n<h3>Eru ba mi. Nj\u1eb9 \u1eb9lomiran le \u1e63e it\u1ecdr\u1eb9 fun mi?<\/h3>\n<p>B\u1eb9\u1eb9ni, niw\u1ecdn igba ti w\u1ecdn ba ti ju \u1ecddun 18 l\u1ecd. Ko si ibeere ti o nilo lati dahun.<\/p>\n<p>Kan s\u1ecd, \u201cEyi j\u1eb9 \u1eccm\u1ecd Haven Ailewu.\u201d<\/p>\n<h3>Kini yoo \u1e63\u1eb9l\u1eb9 si \u1ecdm\u1ecd naa?<\/h3>\n<p>\u1eccm\u1ecd ikoko naa yoo gba eyikeyi it\u1ecdju ilera to \u1e63e pataki ati pe l\u1eb9hinna yoo gba sil\u1eb9 si \u1eb8ka ti Aw\u1ecdn I\u1e63\u1eb9 Awuj\u1ecd ti agbegbe ati gbe fun is\u1ecdd\u1ecdm\u1ecd.<\/p>\n<h3>T\u00ed mo b\u00e1 y\u00ed \u1ecdk\u00e0n mi pad\u00e0 \u0144k\u1ecd\u0301?<\/h3>\n<p>Ibi-af\u1eb9de ni lati gbe \u1ecdm\u1ecd naa si ile ayeraye, ailewu, iduro\u1e63in\u1e63in. Sib\u1eb9sib\u1eb9, aw\u1ecdn eniyan k\u1ecd\u1ecdkan le kan si \u1eb8ka ti Aw\u1ecdn I\u1e63\u1eb9 Awuj\u1ecd ti agbegbe w\u1ecdn.<\/p>\n<h3>Nibo ni obi le gba it\u1ecdju ilera?<\/h3>\n<p>Ti o ba ni iriri irora, \u1eb9j\u1eb9 ti o wuwo, tabi ni iba, l\u1ecd si yara pajawiri ti o sunm\u1ecd jul\u1ecd tabi kan si dokita kan fun iranl\u1ecdw\u1ecd.<\/p>\n<p>Ranti, titan \u1ecdm\u1ecd si ailewu Haven j\u1eb9 ofin, ati pe iw\u1ecd kii yoo koju aw\u1ecdn abajade.<\/p>\n<h3>Ni aw\u1ecdn ibeere miiran?<\/h3>\n<p>T\u1eb9 211, \u1eb8ka Aw\u1ecdn I\u1e63\u1eb9 Eniyan ni 1-800-332-6347, tabi kan <a href=\"https:\/\/dhs.maryland.gov\/local-offices\/\" target=\"_blank\" rel=\"noopener\">agbegbe<\/a> Department of Social Services. Aw\u1ecdn ipe j\u1eb9 ailoruk\u1ecd. Beere lati ba \u1eb9nikan s\u1ecdr\u1ecd p\u1eb9lu Hafe Haven.<\/p>\n<p>&nbsp;<\/p>","protected":false},"excerpt":{"rendered":"<p>Iranl\u1ecdw\u1ecd wa fun aw\u1ecdn alaboyun tabi aw\u1ecdn ti w\u1ecdn ti bim\u1ecd laip\u1eb9 ti w\u1ecdn ko \u1e63etan lati j\u1eb9 obi tabi b\u1eb9r\u1eb9 idile. Kini Ibi Ailewu? Ailewu Haven n pese yiyan ti ofin ati ailewu fun aw\u1ecdn obi lati fi \u1ecdm\u1ecd ti ko farapa sil\u1eb9 ni ailoruk\u1ecd ti o to \u1ecdj\u1ecd 60. Ko si\u2026<\/p>","protected":false},"author":7,"featured_media":4934,"parent":839,"menu_order":0,"comment_status":"closed","ping_status":"closed","template":"","meta":{"footnotes":""},"class_list":["post-4932","page","type-page","status-publish","has-post-thumbnail","hentry"],"_links":{"self":[{"href":"https:\/\/211md.org\/yo\/wp-json\/wp\/v2\/pages\/4932","targetHints":{"allow":["GET"]}}],"collection":[{"href":"https:\/\/211md.org\/yo\/wp-json\/wp\/v2\/pages"}],"about":[{"href":"https:\/\/211md.org\/yo\/wp-json\/wp\/v2\/types\/page"}],"author":[{"embeddable":true,"href":"https:\/\/211md.org\/yo\/wp-json\/wp\/v2\/users\/7"}],"replies":[{"embeddable":true,"href":"https:\/\/211md.org\/yo\/wp-json\/wp\/v2\/comments?post=4932"}],"version-history":[{"count":6,"href":"https:\/\/211md.org\/yo\/wp-json\/wp\/v2\/pages\/4932\/revisions"}],"predecessor-version":[{"id":4985,"href":"https:\/\/211md.org\/yo\/wp-json\/wp\/v2\/pages\/4932\/revisions\/4985"}],"up":[{"embeddable":true,"href":"https:\/\/211md.org\/yo\/wp-json\/wp\/v2\/pages\/839"}],"wp:featuredmedia":[{"embeddable":true,"href":"https:\/\/211md.org\/yo\/wp-json\/wp\/v2\/media\/4934"}],"wp:attachment":[{"href":"https:\/\/211md.org\/yo\/wp-json\/wp\/v2\/media?parent=4932"}],"curies":[{"name":"wp","href":"https:\/\/api.w.org\/{rel}","templated":true}]}}