{"id":669,"date":"2021-04-01T18:13:40","date_gmt":"2021-04-01T18:13:40","guid":{"rendered":"https:\/\/211md.org\/?page_id=669"},"modified":"2026-04-29T16:39:23","modified_gmt":"2026-04-29T20:39:23","slug":"faq","status":"publish","type":"page","link":"https:\/\/211md.org\/yo\/about\/faq\/","title":{"rendered":"211 MD FAQs"},"content":{"rendered":"<h2>Aw\u1ecdn ibeere Nigbagbogbo<\/h2>\n<p>K\u1ecd \u1eb9k\u1ecd di\u1eb9 sii nipa aw\u1ecdn FAQ gbogbogbo wa ni isal\u1eb9 tabi <a href=\"https:\/\/211md.org\/yo\/alaba%e1%b9%a3epo\/#faq\">be wa Partners iwe<\/a> fun Partner FAQ&#039;s.<\/p>\n\t\t\t\t\t<h3 id=\"fl-accordion--label-0\">Kini 211 Maryland?<\/h3>\n\t\t\t\t\t\t\t\t\t\t\t<button type=\"button\" id=\"fl-accordion--icon-0\" aria-expanded=\"true\" aria-controls=\"fl-accordion--panel-0\"><i>K\u1ecdlul\u1eb9<\/i><\/button>\n\t\t\t\t\t<p>211 is the state&#8217;s most comprehensive health and human services Information and Referral System. With over 7,500 resources, individuals with essential needs can get connected to local help. 211 Maryland is a free and confidential service, with translation available in 150+ languages.<\/p>\n<p>Aw\u1ecdn\u00a0<a href=\"https:\/\/mdinfonet.org\/\" target=\"_blank\" rel=\"noopener\">Maryland Alaye Network<\/a>, 501(c) 3 agbari ti kii \u1e63e \u00e8r\u00e8, j\u1eb9 alabojuto ti ipinl\u1eb9 ti a yan fun eto 211 ni Maryland.<\/p>\n\t\t\t\t\t<h3 id=\"fl-accordion--label-1\">Bawo ni MO \u1e63e w\u1ecdle si Aw\u1ecdn orisun 211 Maryland?<\/h3>\n\t\t\t\t\t\t\t\t\t\t\t<button type=\"button\" id=\"fl-accordion--icon-1\" aria-expanded=\"false\" aria-controls=\"fl-accordion--panel-1\"><i>Faagun<\/i><\/button>\n\t\t\t\t\t<p>Connect with 211 by:<\/p>\n<ul>\n<li>Tit\u1eb9 ipe\u00a0<strong>211\u00a0<\/strong>lati eyikeyi foonu.<\/li>\n<li><a href=\"https:\/\/search.211md.org\/\" target=\"_blank\" rel=\"noopener\">Searching for resources in our database 24\/7\/365.<\/a><\/li>\n<li><a href=\"https:\/\/211md.org\/yo\/nipa\/awon-ifororan%e1%b9%a3e\/\" rel=\"noopener\">Iforuk\u1ecdsil\u1eb9 fun ti nl\u1ecd l\u1ecdw\u1ecd, atil\u1eb9yin ifiran\u1e63\u1eb9 if\u1ecdr\u1ecdran\u1e63\u1eb9<\/a>.<\/li>\n<\/ul>\n<p>O j\u1eb9 \u1eccf\u1eb9 ati orisun a\u1e63iri agbegbe ti o wa si\u00a0<u>gbogbo eniyan<\/u>\u00a0ni Maryland. \u1eccr\u1ecd ati aw\u1ecdn i\u1e63\u1eb9 fifiran\u1e63\u1eb9 data le lo.<\/p>\n\t\t\t\t\t<h3 id=\"fl-accordion--label-2\">Kini n\u1ecdmba foonu 211 Maryland?<\/h3>\n\t\t\t\t\t\t\t\t\t\t\t<button type=\"button\" id=\"fl-accordion--icon-2\" aria-expanded=\"false\" aria-controls=\"fl-accordion--panel-2\"><i>Faagun<\/i><\/button>\n\t\t\t\t\t<p>Kan si 211 Maryland nipa tit\u1eb9 211. Aw\u1ecdn alam\u1ecdja wa 24\/7\/365.<\/p>\n\t\t\t\t\t<h3 id=\"fl-accordion--label-3\">Nigbawo ni MO le pe 211 Maryland?<\/h3>\n\t\t\t\t\t\t\t\t\t\t\t<button type=\"button\" id=\"fl-accordion--icon-3\" aria-expanded=\"false\" aria-controls=\"fl-accordion--panel-3\"><i>Faagun<\/i><\/button>\n\t\t\t\t\t<p>211 wa 24 wakati lojum\u1ecd, 7 \u1ecdj\u1ecd \u1ecds\u1eb9 kan, 365 \u1ecdj\u1ecd ni odun.<\/p>\n\t\t\t\t\t<h3 id=\"fl-accordion--label-4\">Bawo ni 211 Maryland \u1e62e Le Ran Mi l\u1ecdw\u1ecd?<\/h3>\n\t\t\t\t\t\t\t\t\t\t\t<button type=\"button\" id=\"fl-accordion--icon-4\" aria-expanded=\"false\" aria-controls=\"fl-accordion--panel-4\"><i>Faagun<\/i><\/button>\n\t\t\t\t\t<p><strong>Alaye itara ati Ifiran\u1e63\u1eb9\u00a0<\/strong>Aw\u1ecdn alam\u1ecdja loye pe o le j\u1eb9 nija lati lil\u00f6 kiri ni iruniloju iruniloju nigbakan ti ilera ati aw\u1ecdn orisun eniyan. W\u1ecdn yoo lo koodu ZIP r\u1eb9 lati \u1e63ewadii ibi-ipam\u1ecd orisun orisun wa ti o ju 7,000 aw\u1ecdn ile-i\u1e63\u1eb9 ati aw\u1ecdn i\u1e63\u1eb9 l\u1ecd. A yoo so \u1ecd p\u1ecd si aw\u1ecdn ile-i\u1e63\u1eb9 ati aw\u1ecdn i\u1e63\u1eb9 ti o dara jul\u1ecd nitosi r\u1eb9 ati dahun aw\u1ecdn ibeere lori aw\u1ecdn iwulo ailopin w\u1ecdnyi:<\/p>\n<ul>\n<li>Ounj\u1eb9<\/li>\n<li>Ibugbe ati ibugbe<\/li>\n<li>Pajawiri ibi aabo<\/li>\n<li>Iranl\u1ecdw\u1ecd IwUlO<\/li>\n<li>Iranl\u1ecdw\u1ecd owo<\/li>\n<li>Opolo ilera<\/li>\n<li>ilokulo nkan elo<\/li>\n<li>Igb\u1eb9mi ara \u1eb9ni ati idaamu idaamu<\/li>\n<li>Idanwo COVID-19<\/li>\n<li>It\u1ecdju Ilera<\/li>\n<li>Aw\u1ecdn \u1ecdm\u1ecdde ati aw\u1ecdn idile (abojuto \u1ecdm\u1ecd, atil\u1eb9yin obi, aw\u1ecdn ipese ati a\u1e63\u1ecd ati imurasil\u1eb9 ile-iwe)<\/li>\n<li>Ti ogbo ati ailera<\/li>\n<li>Aw\u1ecdn i\u1e63\u1eb9 ofin<\/li>\n<li>Tax Prepu alaye<\/li>\n<li>Ogbo<\/li>\n<li>Iwa-ipa abele<\/li>\n<li>Igbanisise<\/li>\n<li>Gbigbe<\/li>\n<\/ul>\n<p>Ni ipari ipe, iw\u1ecd yoo mura lati \u1e63e igbese lati gba iranl\u1ecdw\u1ecd ti o nilo.<\/p>\n\t\t\t\t\t<h3 id=\"fl-accordion--label-5\">Kini MO le nireti Nigbati Mo Pe?<\/h3>\n\t\t\t\t\t\t\t\t\t\t\t<button type=\"button\" id=\"fl-accordion--icon-5\" aria-expanded=\"false\" aria-controls=\"fl-accordion--panel-5\"><i>Faagun<\/i><\/button>\n\t\t\t\t\t<ol>\n<li>T\u1eb9 211.<\/li>\n<li>A 211 ojogbon yio\u00a0<strong>gbo<\/strong>\u00a0si aw\u1ecdn ifiyesi r\u1eb9.<\/li>\n<li>\u1eccj\u1ecdgb\u1ecdn yoo beere aw\u1ecdn ibeere si\u00a0<strong>\u1e63e idanim\u1ecd aw\u1ecdn aini aini r\u1eb9<\/strong>.<\/li>\n<li>Iw\u1ecd yoo pese r\u1eb9<strong>\u00a0ipo<\/strong>\u00a0lati \u1e63e iranl\u1ecdw\u1ecd lati pinnu aw\u1ecdn orisun ni agbegbe r\u1eb9.<\/li>\n<li>O le pese\u00a0<strong>ibi iwifunni<\/strong>\u00a0ti o ba f\u1eb9 ipe at\u1eb9le lati pese aw\u1ecdn orisun afikun.<\/li>\n<li>Alam\u1ecdja orisun orisun ipe so \u1ecd p\u1ecd p\u1eb9lu\u00a0<strong>oro<\/strong>.<\/li>\n<\/ol>\n<p>Gbogbo aw\u1ecdn ipe j\u1eb9 asiri.<\/p>\n\t\t\t\t\t<h3 id=\"fl-accordion--label-6\">Kini Ti Foonu Alagbeka Mi Ko Ni Sop\u1ecd P\u1eb9lu 211 Maryland?<\/h3>\n\t\t\t\t\t\t\t\t\t\t\t<button type=\"button\" id=\"fl-accordion--icon-6\" aria-expanded=\"false\" aria-controls=\"fl-accordion--panel-6\"><i>Faagun<\/i><\/button>\n\t\t\t\t\t<p>Pup\u1ecd aw\u1ecdn foonu \u1e63e atil\u1eb9yin tit\u1eb9 211. Ti o ba ni i\u1e63oro, o tun le pe:<\/p>\n<ul>\n<li>Gusu (Olu) Maryland: 1-866-770-1910<\/li>\n<li>Central Maryland: 1-866-406-8156<\/li>\n<li>Eastern Shore: 1-866-231-7101<\/li>\n<li>Western Maryland: 1-866-411-6803<\/li>\n<\/ul>\n\t\t\t\t\t<h3 id=\"fl-accordion--label-7\">Ti Mo ba j\u1eb9 Adit\u00ed Tabi Igb\u1ecdran lile?<\/h3>\n\t\t\t\t\t\t\t\t\t\t\t<button type=\"button\" id=\"fl-accordion--icon-7\" aria-expanded=\"false\" aria-controls=\"fl-accordion--panel-7\"><i>Faagun<\/i><\/button>\n\t\t\t\t\t<p>Pe 7-1-1 lati w\u1ecdle si 211 Maryland nipas\u1eb9 Maryland Relay.<\/p>\n\t\t\t\t\t<h3 id=\"fl-accordion--label-8\">Aw\u1ecdn ede wo ni o wa?<\/h3>\n\t\t\t\t\t\t\t\t\t\t\t<button type=\"button\" id=\"fl-accordion--icon-8\" aria-expanded=\"false\" aria-controls=\"fl-accordion--panel-8\"><i>Faagun<\/i><\/button>\n\t\t\t\t\t<p>G\u1eb9\u1eb9si ati aw\u1ecdn alam\u1ecdja ti n s\u1ecd ede Sipanisi wa, ati itum\u1ecd ni aw\u1ecdn ede 150+.<\/p>\n\t\t\t\t\t<h3 id=\"fl-accordion--label-9\">\u1e62e MO le Wa Aw\u1ecdn orisun Funrarara mi?<\/h3>\n\t\t\t\t\t\t\t\t\t\t\t<button type=\"button\" id=\"fl-accordion--icon-9\" aria-expanded=\"false\" aria-controls=\"fl-accordion--panel-9\"><i>Faagun<\/i><\/button>\n\t\t\t\t\t<p>B\u1eb9\u1eb9ni! Aaye data ori ayelujara wa ni aw\u1ecdn orisun to ju 7,000 l\u1ecd ni gbogbo ipinl\u1eb9.<\/p>\n<p>Wa nipas\u1eb9\u00a0<strong>koko\u00a0<\/strong>tabi tir\u1eb9<strong> ipo. <\/strong>L\u1ecd si\u00a0<a href=\"https:\/\/search.211md.org\/\" target=\"_blank\" rel=\"noopener\">\u00e0w\u00e1r\u00ed.211md.org<\/a>\u00a0lati b\u1eb9r\u1eb9 wiwa r\u1eb9 loni.<\/p>\n\t\t\t\t\t<h3 id=\"fl-accordion--label-10\">Bawo ni MO \u1e62e Le Gba Atil\u1eb9yin Ti nl\u1ecd l\u1ecdw\u1ecd?<\/h3>\n\t\t\t\t\t\t\t\t\t\t\t<button type=\"button\" id=\"fl-accordion--icon-10\" aria-expanded=\"false\" aria-controls=\"fl-accordion--panel-10\"><i>Faagun<\/i><\/button>\n\t\t\t\t\t<p>211 Maryland ipese\u00a0<a href=\"\/yo\/nipa\/awon-ifororan%e1%b9%a3e\/\">atil\u1eb9yin if\u1ecdr\u1ecdran\u1e63\u1eb9 ti nl\u1ecd l\u1ecdw\u1ecd<\/a>\u00a0ni English ati Spanish. Foruk\u1ecdsil\u1eb9 nipa kik\u1ecd eyikeyi ninu aw\u1ecdn koko-\u1ecdr\u1ecd w\u1ecdnyi si 898-211 (TXT211).<\/p>\n<ul>\n<li>Ti ogbo ati aw\u1ecdn alaabo: MDAging<\/li>\n<li>Aw\u1ecdn odaran ikorira ati aw\u1ecdn i\u1e63\u1eb9l\u1eb9: MDStopHate<\/li>\n<li>ibatan: MDKinCares<\/li>\n<li>Opolo Nini alafia: MDMindHealth | MDsaludMental<\/li>\n<li>ilera opolo \u1ecdd\u1ecd: MDYoungMinds<\/li>\n<li>Aw\u1ecdn i\u1e63\u1eb9l\u1eb9 Midshore ati aw\u1ecdn orisun agbegbe: MidShore<\/li>\n<li>Opioid support: MDHope<\/li>\n<li>Aw\u1ecdn eto atunw\u1ecdle fun aw\u1ecdn eniyan ti o wa ni \u1eb9w\u1ecdn ati aw\u1ecdn ti o wa ni \u1eb9w\u1ecdn t\u1eb9l\u1eb9 ati aw\u1ecdn idile: Ipadab\u1ecd<\/li>\n<li>Ogbo: MDCom2Vets<\/li>\n<li>Nini alafia: MDWellness<\/li>\n<\/ul>\n<p><em>211 Maryland nfunni ni aw\u1ecdn eto itaniji if\u1ecdr\u1ecdran\u1e63\u1eb9 eyiti o pese alaye orisun kan pato agbegbe tabi pese aw\u1ecdn itaniji ajalu. Ifiran\u1e63\u1eb9 ati aw\u1ecdn o\u1e63uw\u1ecdn data le waye. Ifiran\u1e63\u1eb9 igbohunsaf\u1eb9f\u1eb9 le yat\u1ecd. \u1eccr\u1ecd STOP si n\u1ecdmba kanna lati y\u1ecd\u1ecd kuro. Fun iranl\u1ecdw\u1ecd, fi \u1ecdr\u1ecd IRANL\u1eccW\u1ecc ran\u1e63\u1eb9. Aw\u1ecdn ofin SMS ni kikun ni\u00a0<a href=\"https:\/\/211md.org\/yo\/sms\/\">https:\/\/211md.org\/sms\/<\/a>\u00a0ati\u00a0<a href=\"https:\/\/211md.org\/yo\/ipamo-eto-imulo\/\">\u00ecpam\u1ecd eto imulo<\/a>\u00a0yoo tun waye.\u00a0<\/em><\/p>","protected":false},"excerpt":{"rendered":"<p>Frequently Asked Questions Learn more about our general FAQ&#8217;s below or visit our Partners page for Partner FAQ&#8217;s. What is 211 Maryland? Collapse 211 is the state&#8217;s most comprehensive health and human services Information and Referral System. With over 7,500 resources, individuals with essential needs can get connected to local help. 211 Maryland is a&hellip;<\/p>","protected":false},"author":8,"featured_media":1622,"parent":521,"menu_order":0,"comment_status":"closed","ping_status":"closed","template":"","meta":{"footnotes":""},"class_list":["post-669","page","type-page","status-publish","has-post-thumbnail","hentry"],"_links":{"self":[{"href":"https:\/\/211md.org\/yo\/wp-json\/wp\/v2\/pages\/669","targetHints":{"allow":["GET"]}}],"collection":[{"href":"https:\/\/211md.org\/yo\/wp-json\/wp\/v2\/pages"}],"about":[{"href":"https:\/\/211md.org\/yo\/wp-json\/wp\/v2\/types\/page"}],"author":[{"embeddable":true,"href":"https:\/\/211md.org\/yo\/wp-json\/wp\/v2\/users\/8"}],"replies":[{"embeddable":true,"href":"https:\/\/211md.org\/yo\/wp-json\/wp\/v2\/comments?post=669"}],"version-history":[{"count":6,"href":"https:\/\/211md.org\/yo\/wp-json\/wp\/v2\/pages\/669\/revisions"}],"predecessor-version":[{"id":34631,"href":"https:\/\/211md.org\/yo\/wp-json\/wp\/v2\/pages\/669\/revisions\/34631"}],"up":[{"embeddable":true,"href":"https:\/\/211md.org\/yo\/wp-json\/wp\/v2\/pages\/521"}],"wp:featuredmedia":[{"embeddable":true,"href":"https:\/\/211md.org\/yo\/wp-json\/wp\/v2\/media\/1622"}],"wp:attachment":[{"href":"https:\/\/211md.org\/yo\/wp-json\/wp\/v2\/media?parent=669"}],"curies":[{"name":"wp","href":"https:\/\/api.w.org\/{rel}","templated":true}]}}