{"id":707,"date":"2021-04-05T20:35:47","date_gmt":"2021-04-05T20:35:47","guid":{"rendered":"https:\/\/211md.org\/?page_id=707"},"modified":"2023-10-31T14:58:30","modified_gmt":"2023-10-31T18:58:30","slug":"data","status":"publish","type":"page","link":"https:\/\/211md.org\/yo\/data\/","title":{"rendered":"Data"},"content":{"rendered":"<img decoding=\"async\" src=\"https:\/\/211md.org\/wp-content\/uploads\/2021\/05\/Find-Your-Story.png\" alt=\"\u1eccw\u1ecd ti o di gilasi mimu ti n wo aw\u1ecdn aworan profaili ti \u1ecdp\u1ecdl\u1ecdp\u1ecd eniyan\" itemprop=\"image\" title=\"Wa Itan R\u1eb9\" onerror=\"this.style.display='none'\">\n\t<h2>Gbogbo \u00c8n\u00ecy\u00e0n Ni \u00cct\u00e0n<\/h2>\n<p><strong>A mu aw\u1ecdn itan ti agbegbe r\u1eb9 wa si igbesi aye p\u1eb9lu data wa.<\/strong><\/p>\n<p>Gba aw\u1ecdn oye itan ati akoko gidi fun \u1e63i\u1e63e ipinnu ilana p\u1eb9lu aw\u1ecdn dasibodu data ipin. \u1e62e af\u1eb9ri aw\u1ecdn ibi-aye ati aw\u1ecdn a\u1e63a agbegbe. Data ti wa ni imudojuiw\u1ecdn os\u1eb9.<\/p>\n<h2>\n\t\tYe Data Wa\n\t<\/h2>\n\t\t\t\t<a href=\"https:\/\/app.powerbi.com\/view?r=eyJrIjoiNjQ1ODhiMGUtODc0OC00NjcyLWJjOTgtNTE3YTNlM2E0OTcyIiwidCI6ImJjNTRlYmRiLTU3NDYtNDZmYS1iOGM0LWVkZWFkNjE2MmY2ZCIsImMiOjF9\" target=\"_blank\" rel=\"noopener\" itemprop=\"url\">\n\t\t\t\t<img decoding=\"async\" src=\"https:\/\/211md.org\/wp-content\/uploads\/bb-plugin\/cache\/contacts-2-square.png\" alt=\"Ogunl\u1ecdg\u1ecd eniyan\" itemprop=\"image\" title=\"aw\u1ecdn olubas\u1ecdr\u1ecd (2)\" onerror=\"this.style.display='none'\">\n\t\t\t\t<\/a>\n<h3><a href=\"https:\/\/app.powerbi.com\/view?r=eyJrIjoiNjQ1ODhiMGUtODc0OC00NjcyLWJjOTgtNTE3YTNlM2E0OTcyIiwidCI6ImJjNTRlYmRiLTU3NDYtNDZmYS1iOGM0LWVkZWFkNjE2MmY2ZCIsImMiOjF9\" target=\"_blank\" rel=\"noopener\">Aw\u1ecdn olubas\u1ecdr\u1ecd<\/a><\/h3>\t\t\n<p>Gba data lori iye aw\u1ecdn Marylanders nilo iranl\u1ecdw\u1ecd ni agbegbe kan pato tabi koodu ZIP.<\/p>\n<a href=\"https:\/\/app.powerbi.com\/view?r=eyJrIjoiNjQ1ODhiMGUtODc0OC00NjcyLWJjOTgtNTE3YTNlM2E0OTcyIiwidCI6ImJjNTRlYmRiLTU3NDYtNDZmYS1iOGM0LWVkZWFkNjE2MmY2ZCIsImMiOjF9\" rel=\"noopener\" target=\"_blank\">Wo Dasibodu<\/a>\t\t\n\t\t\t\t<a href=\"https:\/\/app.powerbi.com\/view?r=eyJrIjoiZjZiYTc5M2UtOWUzYS00MWRjLThhM2EtZTg2Y2QxYzljZGE1IiwidCI6ImJjNTRlYmRiLTU3NDYtNDZmYS1iOGM0LWVkZWFkNjE2MmY2ZCIsImMiOjF9&amp;pageName=ReportSection5aceecb1f28d8306afa3\" target=\"_blank\" rel=\"noopener\" itemprop=\"url\">\n\t\t\t\t<img decoding=\"async\" src=\"https:\/\/211md.org\/wp-content\/uploads\/bb-plugin\/cache\/Data-Post-Image-COVID-square.png\" alt=\"\u1eb8ka COVID-19 kan\" itemprop=\"image\" title=\"Aworan Ifiweran\u1e63\u1eb9 Data - COVID\" onerror=\"this.style.display='none'\">\n\t\t\t\t<\/a>\n<h3><a href=\"https:\/\/app.powerbi.com\/view?r=eyJrIjoiZjZiYTc5M2UtOWUzYS00MWRjLThhM2EtZTg2Y2QxYzljZGE1IiwidCI6ImJjNTRlYmRiLTU3NDYtNDZmYS1iOGM0LWVkZWFkNjE2MmY2ZCIsImMiOjF9&amp;pageName=ReportSection5aceecb1f28d8306afa3\" target=\"_blank\" rel=\"noopener\">COVID 19<\/a><\/h3>\t\t\n\t\t\t<p>\u1e62e awari aw\u1ecdn iwulo ibatan COVID-19 ni agbegbe r\u1eb9, p\u1eb9lu aw\u1ecdn alaye kan pato lori idanwo ati aw\u1ecdn iwulo ounj\u1eb9.<\/p>\n<a href=\"https:\/\/app.powerbi.com\/view?r=eyJrIjoiZjZiYTc5M2UtOWUzYS00MWRjLThhM2EtZTg2Y2QxYzljZGE1IiwidCI6ImJjNTRlYmRiLTU3NDYtNDZmYS1iOGM0LWVkZWFkNjE2MmY2ZCIsImMiOjF9&amp;pageName=ReportSection5aceecb1f28d8306afa3\" rel=\"noopener\" target=\"_blank\">Wo Dasibodu<\/a>\t\t\n\t\t\t\t<a href=\"https:\/\/app.powerbi.com\/view?r=eyJrIjoiN2I5OTdiNWItZDNmMC00NDZkLWJhOTYtOWJmNTJiYzYwMmZiIiwidCI6ImJjNTRlYmRiLTU3NDYtNDZmYS1iOGM0LWVkZWFkNjE2MmY2ZCIsImMiOjF9\" target=\"_blank\" rel=\"noopener\" itemprop=\"url\">\n\t\t\t\t<img decoding=\"async\" src=\"https:\/\/211md.org\/wp-content\/uploads\/bb-plugin\/cache\/Data-Post-Image-Demographics-square.png\" alt=\"\u1eb8gb\u1eb9 kan ti eniyan n r\u1eb9rin mus\u1eb9 ni kam\u1eb9ra\" itemprop=\"image\" title=\"Data Post Aworan - Demographics\" onerror=\"this.style.display='none'\">\n\t\t\t\t<\/a>\n<h3><a href=\"https:\/\/app.powerbi.com\/view?r=eyJrIjoiN2I5OTdiNWItZDNmMC00NDZkLWJhOTYtOWJmNTJiYzYwMmZiIiwidCI6ImJjNTRlYmRiLTU3NDYtNDZmYS1iOGM0LWVkZWFkNjE2MmY2ZCIsImMiOjF9\" target=\"_blank\" rel=\"noopener\">Aw\u1ecdn eniyan nipa eniyan<\/a><\/h3>\t\t\n<p>\u1e62awari aw\u1ecdn alaye nipa aw\u1ecdn eniyan ti aw\u1ecdn olubas\u1ecdr\u1ecd Maryland 211.<\/p>\n<a href=\"https:\/\/app.powerbi.com\/view?r=eyJrIjoiN2I5OTdiNWItZDNmMC00NDZkLWJhOTYtOWJmNTJiYzYwMmZiIiwidCI6ImJjNTRlYmRiLTU3NDYtNDZmYS1iOGM0LWVkZWFkNjE2MmY2ZCIsImMiOjF9\" rel=\"noopener\" target=\"_blank\">Wo Dasibodu<\/a>\t\t\n\t\t\t\t<a href=\"https:\/\/app.powerbi.com\/view?r=eyJrIjoiN2UwMGViNTctMDliYS00MGI3LTk4ZTMtZmNkN2NmZWNkMDk4IiwidCI6ImJjNTRlYmRiLTU3NDYtNDZmYS1iOGM0LWVkZWFkNjE2MmY2ZCIsImMiOjF9&amp;pageName=ReportSection5aceecb1f28d8306afa3\" target=\"_blank\" rel=\"noopener\" itemprop=\"url\">\n\t\t\t\t<img decoding=\"async\" src=\"https:\/\/211md.org\/wp-content\/uploads\/bb-plugin\/cache\/Data-Post-Image-Food-Insecurity-square.png\" alt=\"\u00c8n\u00ecy\u00e0n \u0144 t\u00fa \u00e0p\u00f3t\u00ed o\u00fanj\u1eb9 o\u00fanj\u1eb9\" itemprop=\"image\" title=\"Aworan Ifiweran\u1e63\u1eb9 Data - Ailabo Ounj\u1eb9\" onerror=\"this.style.display='none'\">\n\t\t\t\t<\/a>\n<h3><a href=\"https:\/\/app.powerbi.com\/view?r=eyJrIjoiN2UwMGViNTctMDliYS00MGI3LTk4ZTMtZmNkN2NmZWNkMDk4IiwidCI6ImJjNTRlYmRiLTU3NDYtNDZmYS1iOGM0LWVkZWFkNjE2MmY2ZCIsImMiOjF9&amp;pageName=ReportSection5aceecb1f28d8306afa3\" target=\"_blank\" rel=\"noopener\">COVID-19 Ailabo Ounj\u1eb9<\/a><\/h3>\t\t\n<p>Wa aw\u1ecdn ipo p\u1eb9lu ailabo ounj\u1eb9 ti o tobi jul\u1ecd lakoko COVID-19.<\/p>\n<a href=\"https:\/\/app.powerbi.com\/view?r=eyJrIjoiN2UwMGViNTctMDliYS00MGI3LTk4ZTMtZmNkN2NmZWNkMDk4IiwidCI6ImJjNTRlYmRiLTU3NDYtNDZmYS1iOGM0LWVkZWFkNjE2MmY2ZCIsImMiOjF9&amp;pageName=ReportSection5aceecb1f28d8306afa3\" rel=\"noopener\" target=\"_blank\">Wo Dasibodu<\/a>\t\t\n\t\t\t\t<a href=\"https:\/\/app.powerbi.com\/view?r=eyJrIjoiZDcxYWJlYjEtODQ5NC00N2ZlLTlhYTEtZjliYzkzZTExNjgxIiwidCI6ImJjNTRlYmRiLTU3NDYtNDZmYS1iOGM0LWVkZWFkNjE2MmY2ZCIsImMiOjF9&amp;pageName=ReportSection\" target=\"_blank\" rel=\"noopener\" itemprop=\"url\">\n\t\t\t\t<img decoding=\"async\" src=\"https:\/\/211md.org\/wp-content\/uploads\/bb-plugin\/cache\/Data-Post-Image-Needs-square.png\" alt=\"Maryland asia\" itemprop=\"image\" title=\"Aworan Ifiweran\u1e63\u1eb9 Data - Aw\u1ecdn iwulo\" onerror=\"this.style.display='none'\">\n\t\t\t\t<\/a>\n<h3><a href=\"https:\/\/app.powerbi.com\/view?r=eyJrIjoiZDcxYWJlYjEtODQ5NC00N2ZlLTlhYTEtZjliYzkzZTExNjgxIiwidCI6ImJjNTRlYmRiLTU3NDYtNDZmYS1iOGM0LWVkZWFkNjE2MmY2ZCIsImMiOjF9&amp;pageName=ReportSection\" target=\"_blank\" rel=\"noopener\">Aw\u1ecdn nilo<\/a><\/h3>\t\t\n\t\t\t<p>\u1e62awari ilera ati aw\u1ecdn iwulo i\u1e63\u1eb9 eniyan ati bii w\u1ecdn ti yipada ni akoko pup\u1ecd. Paapaa, \u1e63awari aw\u1ecdn aini aini pade.<\/p>\n<a href=\"https:\/\/app.powerbi.com\/view?r=eyJrIjoiZDcxYWJlYjEtODQ5NC00N2ZlLTlhYTEtZjliYzkzZTExNjgxIiwidCI6ImJjNTRlYmRiLTU3NDYtNDZmYS1iOGM0LWVkZWFkNjE2MmY2ZCIsImMiOjF9&amp;pageName=ReportSection\" rel=\"noopener\" target=\"_blank\">Wo Dasibodu<\/a>\t\t\n\t\t\t\t<a href=\"https:\/\/app.powerbi.com\/view?r=eyJrIjoiOGJlY2U1OGItMDBmOS00NTI5LTgzNTQtYWU0ZjkxZWYzNTJhIiwidCI6ImJjNTRlYmRiLTU3NDYtNDZmYS1iOGM0LWVkZWFkNjE2MmY2ZCIsImMiOjF9\" target=\"_blank\" rel=\"noopener\" itemprop=\"url\">\n\t\t\t\t<img decoding=\"async\" src=\"https:\/\/211md.org\/wp-content\/uploads\/bb-plugin\/cache\/agencies-square.png\" alt=\"A igbalode ile\" itemprop=\"image\" title=\"aw\u1ecdn ile-i\u1e63\u1eb9\" onerror=\"this.style.display='none'\">\n\t\t\t\t<\/a>\n<h3><a href=\"https:\/\/app.powerbi.com\/view?r=eyJrIjoiOGJlY2U1OGItMDBmOS00NTI5LTgzNTQtYWU0ZjkxZWYzNTJhIiwidCI6ImJjNTRlYmRiLTU3NDYtNDZmYS1iOGM0LWVkZWFkNjE2MmY2ZCIsImMiOjF9\" target=\"_blank\" rel=\"noopener\">Aw\u1ecdn ile-i\u1e63\u1eb9 It\u1ecdkasi<\/a><\/h3>\t\t\n<p>\u1e62awari aw\u1ecdn ile-i\u1e63\u1eb9 211 t\u1ecdka si Marylanders, ati aw\u1ecdn iwulo pataki ti a koju.<\/p>\n<a href=\"https:\/\/app.powerbi.com\/view?r=eyJrIjoiOGJlY2U1OGItMDBmOS00NTI5LTgzNTQtYWU0ZjkxZWYzNTJhIiwidCI6ImJjNTRlYmRiLTU3NDYtNDZmYS1iOGM0LWVkZWFkNjE2MmY2ZCIsImMiOjF9\" rel=\"noopener\" target=\"_blank\">Wo Dasibodu<\/a>\t\t\n\t<h2>Adani Data Dashboards<\/h2>\n<p>\u1e62e o nilo package data ti a \u1e63e adani tabi dasibodu \u1e63i\u1e63e alabapin p\u1eb9lu alaye ni afikun? Gba aw\u1ecdn metiriki afikun bii aw\u1ecdn ile-ib\u1eb9w\u1eb9 gbigba aw\u1ecdn it\u1ecdkasi Maryland 211 pup\u1ecd jul\u1ecd ati di\u1eb9 sii. Ni afikun, a yoo \u1e63ep\u1ecd data wa sinu aw\u1ecdn dasibodu ti ajo r\u1eb9 lati \u1e63awari paapaa aw\u1ecdn oye ti o ni ipa di\u1eb9 sii.<\/p>\n<p><strong>Kan si wa loni nipa dasibodu data ti a \u1e63e adani, tabi ibeere data gbogbogbo.<\/strong><\/p>","protected":false},"excerpt":{"rendered":"<p>Gbogbo Eniyan Ni Itan A mu aw\u1ecdn itan agbegbe r\u1eb9 wa si igbesi aye p\u1eb9lu data wa. Gba aw\u1ecdn oye itan ati akoko gidi fun \u1e63i\u1e63e ipinnu ilana p\u1eb9lu aw\u1ecdn dasibodu data ipin. \u1e62e af\u1eb9ri aw\u1ecdn ibi-aye ati aw\u1ecdn a\u1e63a agbegbe. Data ti wa ni imudojuiw\u1ecdn os\u1eb9. \u1e62awari Aw\u1ecdn olubas\u1ecdr\u1ecd Data Wa Gba data lori iye aw\u1ecdn Marylanders nilo iranl\u1ecdw\u1ecd ni agbegbe kan pato tabi\u2026<\/p>","protected":false},"author":8,"featured_media":1631,"parent":0,"menu_order":0,"comment_status":"closed","ping_status":"closed","template":"","meta":{"footnotes":""},"class_list":["post-707","page","type-page","status-publish","has-post-thumbnail","hentry"],"_links":{"self":[{"href":"https:\/\/211md.org\/yo\/wp-json\/wp\/v2\/pages\/707","targetHints":{"allow":["GET"]}}],"collection":[{"href":"https:\/\/211md.org\/yo\/wp-json\/wp\/v2\/pages"}],"about":[{"href":"https:\/\/211md.org\/yo\/wp-json\/wp\/v2\/types\/page"}],"author":[{"embeddable":true,"href":"https:\/\/211md.org\/yo\/wp-json\/wp\/v2\/users\/8"}],"replies":[{"embeddable":true,"href":"https:\/\/211md.org\/yo\/wp-json\/wp\/v2\/comments?post=707"}],"version-history":[{"count":0,"href":"https:\/\/211md.org\/yo\/wp-json\/wp\/v2\/pages\/707\/revisions"}],"wp:featuredmedia":[{"embeddable":true,"href":"https:\/\/211md.org\/yo\/wp-json\/wp\/v2\/media\/1631"}],"wp:attachment":[{"href":"https:\/\/211md.org\/yo\/wp-json\/wp\/v2\/media?parent=707"}],"curies":[{"name":"wp","href":"https:\/\/api.w.org\/{rel}","templated":true}]}}