{"id":719,"date":"2021-04-05T21:15:11","date_gmt":"2021-04-05T21:15:11","guid":{"rendered":"https:\/\/211md.org\/?page_id=719"},"modified":"2024-09-19T06:31:43","modified_gmt":"2024-09-19T10:31:43","slug":"awon-i%e1%b9%a3e-%e1%b9%a3i%e1%b9%a3e","status":"publish","type":"page","link":"https:\/\/211md.org\/yo\/about\/careers\/","title":{"rendered":"Aw\u1ecdn i\u1e63\u1eb9-\u1e63i\u1e63e"},"content":{"rendered":"<h2>I\u1e63\u1eb9 ti O \u1e62e Iyat\u1ecd<\/h2>\n<p>211 Maryland ti wa ni a dagba 501 (c) (3) jere p\u1eb9lu n\u1ecdmba kan ti titun ati ki o moriwu Atinuda. Lati lo, firan\u1e63\u1eb9 ib\u1eb9r\u1eb9 r\u1eb9 ati aw\u1ecdn ibeere isanwo si&nbsp;<a href=\"mailto:info@211md.org\">info@211md.org<\/a>. J\u1ecdw\u1ecd ko si aw\u1ecdn ipe foonu.<\/p>\n\t<h2>\u1e62ii Aw\u1ecdn ipo<\/h2>\n<p>Ko si aw\u1ecdn ipo \u1e63i\u1e63i ni akoko yii.<\/p>\n\t<h2>\u1e62i\u1e63\u1eb9 Ni 211 Maryland, Inc<\/h2>\n<p>Mo gbagb\u1ecd pe olukuluku wa gb\u1ecdd\u1ecd wa itum\u1ecd ninu i\u1e63\u1eb9 wa ati pe o \u1e63\u1eb9l\u1eb9 ni ti o dara jul\u1ecd nigbati o ba m\u1ecd pe kii \u1e63e i\u1e63\u1eb9 nikan, \u1e63ugb\u1ecdn nkan ti o \u1e63e iranl\u1ecdw\u1ecd fun il\u1ecdsiwaju aw\u1ecdn igbesi aye aw\u1ecdn elomiran. Aw\u1ecdn o\u1e63i\u1e63\u1eb9 ti N\u1eb9tiw\u1ecd\u1ecdki Alaye ti Maryland, ti a tun m\u1ecd ni 211 Maryland, tiraka lati \u1e63e iyat\u1ecd lojoojum\u1ecd. O b\u1eb9r\u1eb9 p\u1eb9lu wa&nbsp;<strong>Brand Ileri<\/strong>&nbsp;<em>\u201clati gbe aw\u1ecdn eniyan k\u1ecd\u1ecdkan ati agbegbe soke nipa sisop\u1ecd aw\u1ecdn ti o ni aw\u1ecdn aini aini pade si aw\u1ecdn orisun pataki.\u201d<\/em><\/p>\n<p>G\u1eb9g\u1eb9bi asopo aarin 24\/7\/365 si ilera ati aw\u1ecdn i\u1e63\u1eb9 eniyan fun ipinl\u1eb9, a ni n\u1eb9tiw\u1ecd\u1ecdki ti aw\u1ecdn ile-i\u1e63\u1eb9 ipe, ti o j\u1eb9 ak\u1ecdni ti n \u1e63e atil\u1eb9yin fun aw\u1ecdn ti o nilo. Im\u1ecd-\u1eb9r\u1ecd wa ngbanilaaye \u1eb9nik\u1eb9ni lati sop\u1ecd p\u1eb9lu wa nipas\u1eb9 foonu, \u1ecdr\u1ecd tabi iwiregbe. Aw\u1ecdn alaba\u1e63i\u1e63\u1eb9p\u1ecd agbegbe ti o \u1e63i\u1e63\u1eb9 p\u1eb9lu wa j\u1eb9 ki o \u1e63ee \u1e63e lati pade aw\u1ecdn iwulo ti ko ni ibamu ti di\u1eb9 sii ju 400,000 Marylanders ni \u1ecddun k\u1ecd\u1ecdkan.<\/p>\n<p>Iran ajo wa nyorisi wa lati fojuinu \u1e63e ohun ti ko \u1e63ee \u1e63e ati pe \u012dd\u00e0s\u012dl\u1eb9 ti wa ni ipo lati j\u1eb9 olori ni aaye wa.<\/p>\n<p>\u1eb8gb\u1eb9 211 Maryland ti \u1e63\u1ecdkan. Bi a \u1e63e n faagun \u1eb9gb\u1eb9 wa, Mo ni inudidun nipa gbogbo aw\u1ecdn \u1ecdna ti talenti \u1eb9ni k\u1ecd\u1ecdkan ati iriri \u1e63e ap\u1eb9r\u1eb9 aw\u1ecdn igbesi aye Marylanders ati olukuluku w\u1ecdn, idagbasoke \u1ecdj\u1ecdgb\u1ecdn!<\/p>\n<p>- Quinton Askew, Alakoso ati Alakoso<\/p>","protected":false},"excerpt":{"rendered":"<p>I\u1e63\u1eb9 ti o \u1e62e Iyat\u1ecd 211 Maryland j\u1eb9 501 (c) (3) ti ko ni ere ti o dagba p\u1eb9lu n\u1ecdmba ti aw\u1ecdn ipil\u1eb9\u1e63\u1eb9 tuntun ati moriwu. Lati lo, firan\u1e63\u1eb9 ib\u1eb9r\u1eb9 r\u1eb9 ati aw\u1ecdn ibeere isanwo si info@211md.org. J\u1ecdw\u1ecd ko si aw\u1ecdn ipe foonu. \u1e62ii Aw\u1ecdn ipo Ko si aw\u1ecdn ipo \u1e63i\u1e63i ni akoko yii. \u1e62i\u1e63\u1eb9 Ni 211 Maryland, Inc Mo gbagb\u1ecd pe olukuluku wa gb\u1ecdd\u1ecd wa itum\u1ecd\u2026<\/p>","protected":false},"author":8,"featured_media":1630,"parent":521,"menu_order":0,"comment_status":"closed","ping_status":"closed","template":"","meta":{"footnotes":""},"class_list":["post-719","page","type-page","status-publish","has-post-thumbnail","hentry"],"_links":{"self":[{"href":"https:\/\/211md.org\/yo\/wp-json\/wp\/v2\/pages\/719","targetHints":{"allow":["GET"]}}],"collection":[{"href":"https:\/\/211md.org\/yo\/wp-json\/wp\/v2\/pages"}],"about":[{"href":"https:\/\/211md.org\/yo\/wp-json\/wp\/v2\/types\/page"}],"author":[{"embeddable":true,"href":"https:\/\/211md.org\/yo\/wp-json\/wp\/v2\/users\/8"}],"replies":[{"embeddable":true,"href":"https:\/\/211md.org\/yo\/wp-json\/wp\/v2\/comments?post=719"}],"version-history":[{"count":0,"href":"https:\/\/211md.org\/yo\/wp-json\/wp\/v2\/pages\/719\/revisions"}],"up":[{"embeddable":true,"href":"https:\/\/211md.org\/yo\/wp-json\/wp\/v2\/pages\/521"}],"wp:featuredmedia":[{"embeddable":true,"href":"https:\/\/211md.org\/yo\/wp-json\/wp\/v2\/media\/1630"}],"wp:attachment":[{"href":"https:\/\/211md.org\/yo\/wp-json\/wp\/v2\/media?parent=719"}],"curies":[{"name":"wp","href":"https:\/\/api.w.org\/{rel}","templated":true}]}}