{"id":746,"date":"2021-04-06T12:57:18","date_gmt":"2021-04-06T12:57:18","guid":{"rendered":"https:\/\/211md.org\/?page_id=746"},"modified":"2026-02-20T16:18:13","modified_gmt":"2026-02-20T21:18:13","slug":"ounje","status":"publish","type":"page","link":"https:\/\/211md.org\/yo\/resources\/food\/","title":{"rendered":"Maryland&#8217;s Guide to Free Food"},"content":{"rendered":"<figure data-animation-delay=\"0\" data-animation-duration=\"1\" itemscope=\"\" itemtype=\"https:\/\/schema.org\/ImageObject\">\n\t\t\t\t<img decoding=\"async\" src=\"https:\/\/stg-maryland211-staging.kinsta.cloud\/wp-content\/uploads\/2025\/08\/5-1-scaled.png\" alt=\"5\" height=\"692\" width=\"2560\" title=\"5\" onerror=\"this.style.display='none'\" loading=\"lazy\">\n\t<\/figure>\n\t\t<p>Aw\u1ecdn idiyele ounj\u1eb9 ti o p\u1ecd si j\u1eb9 isanwo aw\u1ecdn isuna ounj\u1eb9 fun aw\u1ecdn idile ati aw\u1ecdn eniyan k\u1ecd\u1ecdkan, ati pe a wa nibi lati \u1e63e iranl\u1ecdw\u1ecd fun \u1ecd lati k\u1ecd \u1eb9k\u1ecd nipa aw\u1ecdn eto iranl\u1ecdw\u1ecd ounj\u1eb9.<\/p>\n<p>Start searching for food pantries. Or keep reading for other food programs, including grocery savings, senior, and food assistance programs such as&nbsp;SNAP and WIC.<\/p>\n\t\t\t<a href=\"https:\/\/search.211md.org\/search?query=food+pantry&amp;query_label=food+pantry&amp;query_type=text\" target=\"_self\">\n\t\t\t\t\t\tFind Food Pantries Near You\n\t\t\t\t\t<\/a>\n<figure data-animation-delay=\"0\" data-animation-duration=\"1\" itemscope=\"\" itemtype=\"https:\/\/schema.org\/ImageObject\">\n\t\t\t\t<img decoding=\"async\" src=\"http:\/\/211md.org\/wp-content\/uploads\/2023\/10\/Food-pantry-box-of-food.jpg\" alt=\"Man handing out box of food\" title=\"Food panti apoti ti ounje\" onerror=\"this.style.display='none'\" loading=\"lazy\">\n\t<\/figure>\n\t<h4>Quickly Find What You Need<\/h4>\n<p><a href=\"#Resources\">Aw\u1ecdn ounj\u1eb9 ounj\u1eb9<\/a> |&nbsp;Free <a href=\"#hot\">gbona<\/a> meal |&nbsp;<a href=\"#grocery\">Grocery savings<\/a> programs | <a href=\"#SNAP\">Ounj\u1eb9<\/a> benefit programs |&nbsp;<a href=\"#seniors\">Seniors<\/a> |<\/p>\n<p><a href=\"#summer\">Summer food<\/a> for kids<\/p>\n<figure data-animation-delay=\"0\" data-animation-duration=\"1\" itemscope=\"\" itemtype=\"https:\/\/schema.org\/ImageObject\">\n\t\t\t\t<img decoding=\"async\" src=\"http:\/\/211md.org\/wp-content\/uploads\/2022\/09\/Grassroots-Food-Pantry.jpg\" alt=\"Grassroots Food Yara ipal\u1eb9m\u1ecd ounj\u1eb9 ni Columbia, D\u00f3k\u00edt\u00e0\" title=\"Grassroots-Ounje-Pantry\" onerror=\"this.style.display='none'\" loading=\"lazy\">\n\t<\/figure>\n\t<h2>Kini Aw\u1ecdn Pantries Ounj\u1eb9 Pese?<\/h2>\n<p>Aw\u1ecdn ile itaja ounj\u1eb9 n pese iranl\u1ecdw\u1ecd fun igba di\u1eb9, pese aw\u1ecdn ounj\u1eb9 ounj\u1eb9 \u1ecdf\u1eb9 bii:<\/p>\n<ul>\n<li>ounje omo<\/li>\n<li>akara<\/li>\n<li>akolo de<\/li>\n<li>ar\u1ecd<\/li>\n<li>iled\u00ec\u00ed<\/li>\n<li>\u00eck\u00f3k\u00f3 agbekal\u1eb9<\/li>\n<li>pasita<\/li>\n<li>\u1eb9f\u1ecd<\/li>\n<\/ul>\n<p>Ile-itaja k\u1ecd\u1ecdkan ni aw\u1ecdn it\u1ecds\u1ecdna yiy\u1eb9 ni tir\u1eb9. O le j\u1eb9 aw\u1ecdn opin lori iye igba aw\u1ecdn ounj\u1eb9 ounj\u1eb9 wa fun \u1eb9ni k\u1ecd\u1ecdkan tabi \u1eb9bi. Paapaa, aw\u1ecdn it\u1ecdkasi le nilo lati \u1eb8ka Aw\u1ecdn I\u1e63\u1eb9 Awuj\u1ecd. &nbsp;<\/p>\n<h3>How do I find food pantries near me?<\/h3>\n<p>Aw\u1ecdn pantries wa ni aw\u1ecdn ile ij\u1ecdsin, aw\u1ecdn aj\u1ecd, ati aw\u1ecdn aj\u1ecd agbegbe miiran.<\/p>\n<p>Our 211 Community Resource Database lists hundreds of local food pantries throughout Maryland, providing information on eligibility, hours, and contact details for further assistance.<\/p>\n\t\t\t<a href=\"https:\/\/search.211md.org\/search?query=food+pantry&amp;query_label=food+pantry&amp;query_type=text\" target=\"_blank\" rel=\"noopener\">\n\t\t\t\t\t\tWa Yara ipal\u1eb9m\u1ecd ounj\u1eb9 kan\n\t\t\t\t\t<\/a>\n\t<h3>Baltimore City Produce Boxes<\/h3>\n<p>Baltimore City is also handing out 15-pound fruit and vegetable produce boxes to residents through January.<\/p>\n<p>There are 30 sites throughout Baltimore City, and events are held several days a week. <a href=\"https:\/\/content.govdelivery.com\/attachments\/MDBALT\/2025\/11\/10\/file_attachments\/3456905\/Produce%20Box%20Schedule.pdf\" target=\"_blank\" rel=\"noopener\">Find a nearby location<\/a> and learn about other food programs in the area on <a href=\"https:\/\/211md.org\/yo\/oro\/ounje\/ounje-baltimore\/\">211&#8217;s Baltimore City Food Guide<\/a>.<\/p>\n<p>&nbsp;<\/p>\n\t<h2>Find Free Food Nearby<\/h2>\n<p>Search the Community Resource Database for nearby organizations that can help with free food and reduced cost groceries. These are common searches to get started. Click the button below that fits the need, and then on the results page, enter a ZIP code to find nearby locations.<\/p>\n\t\t\t<a href=\"https:\/\/search.211md.org\/search?query=BD-1800.2250&amp;query_label=Food+vouchers&amp;query_type=taxonomy&amp;utm_source=211&amp;utm_medium=Referral&amp;utm_campaign=Foodlink&amp;utm_content=Food%20Vouchers\" target=\"_blank\" rel=\"noopener\">\n\t\t\t\t\t\tAw\u1ecdn iwe-\u1eb9ri Ounj\u1eb9\n\t\t\t\t\t<\/a>\n\t\t\t<a href=\"https:\/\/search.211md.org\/search?query=Food+Banks+%26+Pantries&amp;query_label=Food+Banks+%26+Pantries&amp;query_type=taxonomy\" target=\"_blank\" rel=\"noopener\">\n\t\t\t\t\t\tFood Bank\n\t\t\t\t\t<\/a>\n\t\t\t<a href=\"https:\/\/search.211md.org\/search?query=BD-1800.2250&amp;query_type=taxonomy&amp;query_label=&amp;utm_source=&amp;utm_medium=Referral&amp;utm_campaign=Foodlink&amp;utm_content=Fresh%20Food\" target=\"_blank\" rel=\"noopener\">\n\t\t\t\t\t\tOunje Tuntun\n\t\t\t\t\t<\/a>\n\t\t\t<a href=\"https:\/\/search.211md.org\/search?query=BD-1800.8200-250&amp;query_label=Formula%2FBaby+Food&amp;query_type=taxonomy&amp;utm_source=&amp;utm_medium=Referral&amp;utm_campaign=Foodlink&amp;utm_content=Baby%20Formula\" target=\"_blank\" rel=\"noopener\">\n\t\t\t\t\t\tF\u1ecd\u1ecdmu \/ Ounj\u1eb9 \u1eccm\u1ecd\n\t\t\t\t\t<\/a>\n\t\t\t<a href=\"https:\/\/search.211md.org\/search?query=BD-2400.2590&amp;query_type=taxonomy&amp;query_label=&amp;utm_source=&amp;utm_medium=Referral&amp;utm_campaign=Foodlink&amp;utm_content=Grocery%20Delivery\" target=\"_blank\" rel=\"noopener\">\n\t\t\t\t\t\tIfiji\u1e63\u1eb9 Onje\n\t\t\t\t\t<\/a>\n<figure itemscope=\"\" itemtype=\"https:\/\/schema.org\/ImageObject\">\n\t\t\t\t<img decoding=\"async\" src=\"https:\/\/211md.org\/wp-content\/uploads\/2025\/10\/Latina-family-cooking.jpg\" alt=\"Latina family making dinner\" height=\"1500\" width=\"2000\" title=\"Latina ebi sise\" onerror=\"this.style.display='none'\" loading=\"lazy\">\n\t<\/figure>\n\t\t<h2>Fi Owo pam\u1ecd sori Ile Onje<\/h2>\n\t\t<p>Marylanders le \u1e63afipam\u1ecd to 50% lori aw\u1ecdn ounj\u1eb9 nipas\u1eb9 N\u1eb9tiw\u1ecd\u1ecdki Ounje SHARE. Nitorinaa, idiyele naa j\u1eb9 $22 nikan fun iye $45 ti aw\u1ecdn ohun elo ilera ipil\u1eb9 bi amuaradagba, aw\u1ecdn eso titun, ati \u1eb9f\u1ecd.<\/p>\n<h3>Kini N\u1eb9tiw\u1ecd\u1ecdki Ounj\u1eb9 SHARE?<\/h3>\n<p>The&nbsp;SHARE Food Network is a nonprofit organization that offers healthy, nutritious groceries throughout Maryland, courtesy of Catholic Charities, Archdiocese of Washington.<\/p>\n<p>W\u1ecdn \u1e63e aw\u1ecdn rira iw\u1ecdn-giga, gbigbe lori aw\u1ecdn ifowopam\u1ecd pataki si Marylanders.&nbsp;<\/p>\n<h3>M\u1eb9nu W\u1eb9 Digan?<\/h3>\n<p>Eto yi wa fun gbogbo Marylanders. Ohun elo ko nilo, \u1e63ugb\u1ecdn SHARE Food Network beere l\u1ecdw\u1ecd aw\u1ecdn alabara lati \u1e63e igbasil\u1eb9 o kere ju wakati meji ti i\u1e63\u1eb9 si agbegbe w\u1ecdn \u1e63aaju rira ni o\u1e63uw\u1ecdn \u1eb9dinwo yii.<\/p>\n<h3>\u1e62e o le Lo Aw\u1ecdn onj\u1eb9 Ounj\u1eb9?<\/h3>\n<p>Yes.&nbsp;EBT cards, <strong>ti a lo fun aw\u1ecdn onj\u1eb9 ounj\u1eb9,<\/strong> ti gba lati sanwo fun package. &nbsp;<\/p>\n<p>Ti o ko ba ni kaadi EBT, <a href=\"https:\/\/211md.org\/yo\/oro\/ounje\/ounje-awon-onte\/\">\u1e63ay\u1eb9wo lati rii boya o y\u1eb9 fun aw\u1ecdn ont\u1eb9 ounj\u1eb9<\/a>&nbsp;lati \u1e63e iranl\u1ecdw\u1ecd ai\u1e63edeede aw\u1ecdn idiyele ti aw\u1ecdn ounj\u1eb9.<\/p>\n<h3>Bi o \u1e63e le ra lati SHARE<\/h3>\n<p>Ni gbogbo o\u1e63u, a \u1e63e idasil\u1eb9 akoj\u1ecd a\u1e63ayan tuntun kan, ti o \u1e63e alaye apoti o\u1e63u y\u1eb9n.<\/p>\n<p>Orders&nbsp;are due&nbsp;by a specific date&nbsp;each month, and distribution is at a set time.&nbsp;<\/p>\n<p>Find a nearby SHARE site to order food. &nbsp;<\/p>\n\t\t\t<a href=\"https:\/\/www.catholiccharitiesdc.org\/program\/share-food-network\/\" target=\"_blank\" rel=\"noopener\">\n\t\t\t\t\t\tConnect with SHARE\n\t\t\t\t\t<\/a>\n<h2>\n\t\t\tAw\u1ecdn Eto Iranl\u1ecdw\u1ecd Ounj\u1eb9\t<\/h2>\n\t\t\t\t\t\t\t\t<a href=\"https:\/\/211md.org\/yo\/oro\/ounje\/ounje-awon-onte\/\" target=\"_self\">\n\t\t\t\t\t\t<\/a>\n\t<h3><a href=\"https:\/\/211md.org\/yo\/oro\/ounje\/ounje-awon-onte\/\" target=\"_self\">Supplemental Nutrition Assistance Program (SNAP)<\/a><\/h3><p>Formerly known as food stamps, helps low-income families purchase food.<\/p>\n<p>&nbsp;<\/p>\n\t\t\t<a href=\"https:\/\/211md.org\/yo\/oro\/ounje\/ounje-awon-onte\/\" target=\"_self\">\n\t\t\t\t\t\t\t211&#8217;s guide to snap\n\t\t\t\t\t<\/a>\n\t\t\t\t\t\t\t\t<a href=\"https:\/\/211md.org\/yo\/oro\/ounje\/wic\/\" target=\"_blank\" rel=\"noopener\">\n\t\t\t\t\t\t<\/a>\n\t<h3><a href=\"https:\/\/211md.org\/yo\/oro\/ounje\/wic\/\" target=\"_blank\" rel=\"noopener\">Aw\u1ecdn Obirin, Aw\u1ecdn \u1ecdm\u1ecdde, ati Aw\u1ecdn \u1ecdm\u1ecdde (WIC)<\/a><\/h3><p>Provides nutritional assistance to pregnant women, new mothers who are breastfeeding, and children up to the age of 5.<\/p>\n\t\t\t<a href=\"https:\/\/211md.org\/yo\/oro\/ounje\/wic\/\" target=\"_blank\" rel=\"noopener\">\n\t\t\t\t\t\t\t211&#8217;s Guide to WIC\n\t\t\t\t\t<\/a>\n\t\t\t\t\t\t\t\t<a href=\"https:\/\/dhs.maryland.gov\/sunbucks\/\" target=\"_blank\" rel=\"noopener\">\n\t\t\t\t\t\t<\/a>\n\t<h3><a href=\"https:\/\/dhs.maryland.gov\/sunbucks\/\" target=\"_blank\" rel=\"noopener\">Maryland SUN Bucks (Summer Food)<\/a><\/h3><p>Helps families feed school-aged children who qualify for free or reduced lunches during the summer.<\/p>\n\t\t\t<a href=\"https:\/\/dhs.maryland.gov\/sunbucks\/\" target=\"_blank\" rel=\"noopener\">\n\t\t\t\t\t\t\tLearn about Sun Bucks\n\t\t\t\t\t<\/a>\n<figure data-animation-delay=\"0\" data-animation-duration=\"1\" itemscope=\"\" itemtype=\"https:\/\/schema.org\/ImageObject\">\n\t\t\t\t<img decoding=\"async\" src=\"http:\/\/211md.org\/wp-content\/uploads\/2021\/05\/Food-Line.png\" alt=\"Bimo idana ounje ila\" title=\"Food Line\" onerror=\"this.style.display='none'\" loading=\"lazy\">\n\t<\/figure>\n\t\t<h2>Aw\u1ecdn ounj\u1eb9 gbigbona<\/h2>\n\t\t<p>\u1e62e o nilo ounj\u1eb9 to gbona? Aw\u1ecdn aj\u1ecd agbegbe tun pese ounj\u1eb9 \u1ecdf\u1eb9. Aw\u1ecdn ounj\u1eb9 w\u1ecdnyi wa ni aw\u1ecdn ibi idana ounj\u1eb9 \u1ecdb\u1eb9 ati fun aw\u1ecdn agbalagba, ni aw\u1ecdn aaye ounj\u1eb9 apej\u1ecdp\u1ecd.&nbsp;&nbsp;<\/p>\n<h3>Wa a Bimo idana<\/h3>\n<p>Aw\u1ecdn ibi idana bimo nfunni ni \u1ecdf\u1eb9, ounj\u1eb9 gbona lakoko aw\u1ecdn wakati kan. Di\u1eb9 ninu aw\u1ecdn n pese ounj\u1eb9 lojoojum\u1ecd, nigba ti aw\u1ecdn miiran n\u1e63e ounj\u1eb9 ni \u1ecds\u1eb9 tabi o\u1e63oo\u1e63u.<\/p>\n<p>Nigbagbogbo, aw\u1ecdn eniyan k\u1ecd\u1ecdkan le \u1e63afihan ati j\u1eb9un laisi ibojuwo yiyan. <\/p>\n<p>Aw\u1ecdn ibi idana ounj\u1eb9 le wa nibikibi ni agbegbe, \u1e63ugb\u1ecdn nigbagbogbo ni a gbalejo ni aw\u1ecdn ile ij\u1ecdsin ati aw\u1ecdn \u1eb9gb\u1eb9 agbegbe miiran.&nbsp;<\/p>\n<p>Wa \u1ecdkan nitosi. \u1e62ewadii nipas\u1eb9 koodu ZIP ninu aaye data orisun orisun agbegbe.<\/p>\n\t\t\t<a href=\"https:\/\/search.211md.org\/search?query=BD-5000.8300&amp;query_type=taxonomy&amp;query_label=&amp;utm_source=211&amp;utm_medium=Referral&amp;utm_campaign=Foodlink&amp;utm_content=Soup%20Kitchen\" target=\"_self\">\n\t\t\t\t\t\tWa ibi idana ounj\u1eb9 \u1ecdb\u1eb9\n\t\t\t\t\t<\/a>\n\t<h3>Aw\u1ecdn ounj\u1eb9 giga<\/h3>\n<p>Aw\u1ecdn ile-i\u1e63\u1eb9 agba ati aw\u1ecdn ile-i\u1e63\u1eb9 agbegbe miiran le pese aw\u1ecdn ounj\u1eb9 apej\u1ecdp\u1ecd fun aw\u1ecdn eniyan agbalagba ti w\u1ecdn gbe ni ominira \u1e63ugb\u1ecdn nilo iranl\u1ecdw\u1ecd p\u1eb9lu igbaradi ounj\u1eb9.<\/p>\n<p>Aw\u1ecdn eto ifiji\u1e63\u1eb9 ile tun wa.<\/p>\n<p>O le wa aw\u1ecdn a\u1e63ayan mejeeji ni aaye data orisun okeer\u1eb9 wa.<\/p>\n<p>&nbsp;<\/p>\n\t\t\t<a href=\"https:\/\/search.211md.org\/search?query=BD-5000.1500&amp;query_type=taxonomy&amp;query_label=&amp;utm_source=211&amp;utm_medium=Referral&amp;utm_campaign=Foodlink&amp;utm_content=Senior%20Meals\" target=\"_blank\" rel=\"noopener\">\n\t\t\t\t\t\tOga Ounj\u1eb9 Ojula\n\t\t\t\t\t<\/a>\n\t\t\t<a href=\"https:\/\/search.211md.org\/search?query=BD-5000.3500&amp;query_type=taxonomy&amp;query_label=&amp;utm_source=211&amp;utm_medium=Referral&amp;utm_campaign=Foodlink&amp;utm_content=Home%20Delivery\" target=\"_blank\" rel=\"noopener\">\n\t\t\t\t\t\tIfiji\u1e63\u1eb9 Ile\n\t\t\t\t\t<\/a>\n<figure data-animation-delay=\"0\" data-animation-duration=\"1\" itemscope=\"\" itemtype=\"https:\/\/schema.org\/ImageObject\">\n\t\t\t\t<img decoding=\"async\" src=\"http:\/\/211md.org\/wp-content\/uploads\/2025\/09\/Senior-meals.jpg\" alt=\"Seniors eating\" title=\"Aw\u1ecdn ounj\u1eb9 agbalagba\" onerror=\"this.style.display='none'\" loading=\"lazy\">\n\t<\/figure>\n<p>&nbsp;<\/p>\n<h2>Nilo Nkankan miran?<\/h2>\n<p>211 ni alaye ati aw\u1ecdn it\u1ecdkasi fun aw\u1ecdn iwulo pataki miiran. K\u1ecd \u1eb9k\u1ecd nipa aw\u1ecdn eto iranl\u1ecdw\u1ecd ti o wa fun ile, iranl\u1ecdw\u1ecd ohun elo, it\u1ecdju \u1ecdm\u1ecdde, it\u1ecdju ilera, ati di\u1eb9 sii!<\/p>\n<p>&nbsp;<\/p>\n\t\t\t<a href=\"\/yo\/oro\/iranlowo-ohun-elo\/?utm_source=211&amp;utm_medium=Referral&amp;utm_campaign=Foodlink&amp;utm_content=needsomethingelse\" target=\"_self\">\n\t\t\t\t\t\tgba iranl\u1ecdw\u1ecd IwUlO\n\t\t\t\t\t<\/a>\n\t\t\t<a href=\"\/yo\/oro\/ibugbe-ibugbe\/?utm_source=211&amp;utm_medium=Referral&amp;utm_campaign=Foodlink&amp;utm_content=needsomethingelse\" target=\"_self\">\n\t\t\t\t\t\tri ibugbe\n\t\t\t\t\t<\/a>\n\t\t\t<a href=\"\/yo\/oro\/omo-idile\/?utm_source=211&amp;utm_medium=Referral&amp;utm_campaign=Foodlink&amp;utm_content=needsomethingelse\" target=\"_self\">\n\t\t\t\t\t\tIt\u1ecdju \u1ecdm\u1ecdde\n\t\t\t\t\t<\/a>\n\t\t\t<a href=\"\/yo\/oro-nipa-county\/?utm_source=211&amp;utm_medium=Referral&amp;utm_campaign=Foodlink&amp;utm_content=needsomethingelse\" target=\"_self\">\n\t\t\t\t\t\toro nipa county\n\t\t\t\t\t<\/a>\n\t\t<h2>Aw\u1ecdn ounj\u1eb9 \u1ecdf\u1eb9 Ni Ile-iwe<\/h2>\n\t\t<p>Aw\u1ecdn ile-iwe nfunni ni aw\u1ecdn ounj\u1eb9 \u1ecdf\u1eb9 ati idinku-dinku si aw\u1ecdn \u1ecdm\u1ecd ile-iwe nipas\u1eb9 Eto Ounj\u1eb9 owur\u1ecd ati Ounj\u1eb9 Ile-iwe ti Oril\u1eb9-ede. \u1e62ay\u1eb9wo p\u1eb9lu ile-iwe agbegbe \u1ecdm\u1ecd fun aw\u1ecdn ibeere yiy\u1eb9 ni pato.<\/p>\n<h3>Maryland Summer Ounj\u1eb9 Ojula<\/h3>\n<p>During the summer or extended school closures,&nbsp;Maryland schools participate in the&nbsp;Summer Food Service Program&nbsp;(SFSP), also known as Summer Meals Program. It&#8217;s a federally funded program administered by the state of Maryland to help serve free, healthy meals during summer break.&nbsp;<\/p>\n<p>Aw\u1ecdn aaye ounj\u1eb9 igba ooru le yipada ni gbogbo \u1ecddun. Aw\u1ecdn agbegbe ile-iwe tun m\u1ecd iru aw\u1ecdn ajo ti yoo fi aw\u1ecdn ounj\u1eb9 igba ooru \u1ecdf\u1eb9 fun aw\u1ecdn \u1ecdm\u1ecdde. Aw\u1ecdn <a href=\"https:\/\/mars.msde.maryland.gov\/MARS_SiteSearch\/Home\/Indexna\" target=\"_blank\" rel=\"noopener\">Maryland Ounj\u1eb9 Aye<\/a> tun wa lati wa ipo kan.<\/p>\n<p>Ni afikun, aw\u1ecdn \u1ecdm\u1ecd ile-iwe ti o gba ounj\u1eb9 \u1ecdf\u1eb9 tabi dinku lakoko \u1ecddun ile-iwe le y\u1eb9 fun aw\u1ecdn \u1eb9tu SUN.<\/p>\n\t\t\t<a href=\"https:\/\/search.211md.org\/search?query=BD-5000.8500&amp;query_label=Summer+Food+Service+Programs&amp;query_type=taxonomy&amp;utm_source=211&amp;utm_medium=Referral&amp;utm_campaign=Foodlink&amp;utm_content=summermeals\" target=\"_blank\" rel=\"noopener\">\n\t\t\t\t\t\tWa aw\u1ecdn eto ounj\u1eb9 igba ooru\n\t\t\t\t\t<\/a>\n<figure itemscope=\"\" itemtype=\"https:\/\/schema.org\/ImageObject\">\n\t\t\t\t<img decoding=\"async\" src=\"https:\/\/211md.org\/wp-content\/plugins\/bb-plugin\/img\/pixel.png\" alt=\"\" onerror=\"this.style.display='none'\" loading=\"lazy\">\n\t<\/figure>\n\t\t<figure itemscope=\"\" itemtype=\"https:\/\/schema.org\/ImageObject\">\n\t\t\t\t<img decoding=\"async\" src=\"https:\/\/211md.org\/wp-content\/uploads\/bb-plugin\/cache\/Call-center-specialst-circle-4e9ecd7b3425be4576416abc911049bb-.jpg\" alt=\"Oloye ile-i\u1e63\u1eb9 ipe\" title=\"Ipe aarin pataki\" onerror=\"this.style.display='none'\" loading=\"lazy\">\n\t<\/figure>\n<h2>T\u1eb9 211<\/h2><p>Soro si eniyan abojuto ati aanu 24\/7. W\u1ecdn tun le sop\u1ecd si aw\u1ecdn orisun.&nbsp;<\/p>\n\t\t\t<a href=\"tel:%20+211\" target=\"_blank\" rel=\"noopener\">\n\t\t\t\t\t\tT\u1eb9 211 (alagbeka)\n\t\t\t\t\t<\/a>\n<h2>\n\t\t\tGba Alaye Di\u1eb9 sii lori Aw\u1ecdn Eto Ounj\u1eb9\t<\/h2>\n\t\t<h4><a href=\"\/yo\/oro\/ailera-ti-ogbo\/?utm_source=Home&amp;utm_medium=Referral&amp;utm_campaign=211Resources&amp;utm_content=Aging\" target=\"_self\">Ti ogbo &amp; Alaabo<\/a><\/h4><figure itemscope=\"\" itemtype=\"https:\/\/schema.org\/ImageObject\">\n\t\t\t\t<a href=\"\/yo\/oro\/ailera-ti-ogbo\/?utm_source=Home&amp;utm_medium=Referral&amp;utm_campaign=211Resources&amp;utm_content=Aging\" target=\"_self\" itemprop=\"url\">\n\t\t\t\t<img decoding=\"async\" src=\"https:\/\/211md.org\/wp-content\/uploads\/bb-plugin\/cache\/2025_MdInfoNet_Icon-Sets_Aging-disability-square-c466727102cae71e5f27b8539bb51945-.png\" alt=\"\" onerror=\"this.style.display='none'\" loading=\"lazy\">\n\t\t\t\t<\/a>\n\t<\/figure>\n\t\t<h4><a href=\"\/yo\/oro\/omo-idile\/?utm_source=Home&amp;utm_medium=Referral&amp;utm_campaign=211Resources&amp;utm_content=Children\" target=\"_self\">Aw\u1ecdn \u1ecdm\u1ecdde &amp; Aw\u1ecdn idile<\/a><\/h4><figure itemscope=\"\" itemtype=\"https:\/\/schema.org\/ImageObject\">\n\t\t\t\t<a href=\"\/yo\/oro\/omo-idile\/?utm_source=Home&amp;utm_medium=Referral&amp;utm_campaign=211Resources&amp;utm_content=Children\" target=\"_self\" itemprop=\"url\">\n\t\t\t\t<img decoding=\"async\" src=\"https:\/\/211md.org\/wp-content\/uploads\/bb-plugin\/cache\/2025_211_Icon-Sets_Child-care-square-f3b0d4edab3dcc467fadb5f55f4064c6-.png\" alt=\"parent and child icon for child care\" height=\"417\" width=\"417\" title=\"2025_211_Icon Sets_Child itoju\" onerror=\"this.style.display='none'\" loading=\"lazy\">\n\t\t\t\t<\/a>\n\t<\/figure>\n\t\t<h4><a href=\"\/yo\/oro\/abele-ebi-iwa-ipa\/?utm_source=Home&amp;utm_medium=Referral&amp;utm_campaign=211Resources&amp;utm_content=Domestic\" target=\"_self\">Iwa-ipa Abele<\/a><\/h4><figure itemscope=\"\" itemtype=\"https:\/\/schema.org\/ImageObject\">\n\t\t\t\t<a href=\"\/yo\/oro\/abele-ebi-iwa-ipa\/?utm_source=Home&amp;utm_medium=Referral&amp;utm_campaign=211Resources&amp;utm_content=Domestic\" target=\"_self\" itemprop=\"url\">\n\t\t\t\t<img decoding=\"async\" src=\"https:\/\/211md.org\/wp-content\/uploads\/bb-plugin\/cache\/2025_211_Icon-Sets_Domestic-Violence-square-7b597694a6f05fe90cdc376aa573bc63-.png\" alt=\"House with a heart in the middle icon\" height=\"417\" width=\"417\" title=\"2025_211_Icon \u1e62eto_Iwa-ipa Abele\" onerror=\"this.style.display='none'\" loading=\"lazy\">\n\t\t\t\t<\/a>\n\t<\/figure>\n\t\t<h4><a href=\"\/yo\/oro\/wiwa-oojo\/?utm_source=Home&amp;utm_medium=Referral&amp;utm_campaign=211Resources&amp;utm_content=Employment\" target=\"_self\">Igbanisise<\/a><\/h4><figure itemscope=\"\" itemtype=\"https:\/\/schema.org\/ImageObject\">\n\t\t\t\t<a href=\"\/yo\/oro\/wiwa-oojo\/?utm_source=Home&amp;utm_medium=Referral&amp;utm_campaign=211Resources&amp;utm_content=Employment\" target=\"_self\" itemprop=\"url\">\n\t\t\t\t<img decoding=\"async\" src=\"https:\/\/211md.org\/wp-content\/uploads\/bb-plugin\/cache\/2025_MdInfoNet_Icon-Sets_Employment-square-44707bd410e4df10a470bf130ebcea86-.png\" alt=\"\" onerror=\"this.style.display='none'\" loading=\"lazy\">\n\t\t\t\t<\/a>\n\t<\/figure>\n\t\t<h4><a href=\"\/yo\/oro\/itoju-ilera\/?utm_source=Home&amp;utm_medium=Referral&amp;utm_campaign=211Resources&amp;utm_content=Health%20Care\" target=\"_self\">It\u1ecdju Ilera<\/a><\/h4><figure itemscope=\"\" itemtype=\"https:\/\/schema.org\/ImageObject\">\n\t\t\t\t<a href=\"\/yo\/oro\/itoju-ilera\/?utm_source=Home&amp;utm_medium=Referral&amp;utm_campaign=211Resources&amp;utm_content=Health%20Care\" target=\"_self\" itemprop=\"url\">\n\t\t\t\t<img decoding=\"async\" src=\"https:\/\/211md.org\/wp-content\/uploads\/bb-plugin\/cache\/2025_MdInfoNet_Icon-Sets_Health-Care-square-dee98a0060cbe0e7f27eda253fc12679-.png\" alt=\"\" onerror=\"this.style.display='none'\" loading=\"lazy\">\n\t\t\t\t<\/a>\n\t<\/figure>\n\t\t<h4><a href=\"\/yo\/oro\/omo-idile\/itoju-ibatan\/?utm_source=Home&amp;utm_medium=Referral&amp;utm_campaign=211Resources&amp;utm_content=Kinship\" target=\"_self\">\u00ccb\u00e1tan<\/a><\/h4><figure itemscope=\"\" itemtype=\"https:\/\/schema.org\/ImageObject\">\n\t\t\t\t<a href=\"\/yo\/oro\/omo-idile\/itoju-ibatan\/?utm_source=Home&amp;utm_medium=Referral&amp;utm_campaign=211Resources&amp;utm_content=Kinship\" target=\"_self\" itemprop=\"url\">\n\t\t\t\t<img decoding=\"async\" src=\"https:\/\/211md.org\/wp-content\/uploads\/bb-plugin\/cache\/2025_211_Icon-Sets_Kinship-square-45bdf872866f5735f842c32071109267-.png\" alt=\"Aami ibatan\" height=\"417\" width=\"417\" title=\"2025_211_Icon Sets_Kinship\" onerror=\"this.style.display='none'\" loading=\"lazy\">\n\t\t\t\t<\/a>\n\t<\/figure>\n\t\t<h4><a href=\"\/yo\/oro\/ofin-awon-i%e1%b9%a3e\/?utm_source=Home&amp;utm_medium=Referral&amp;utm_campaign=211Resources&amp;utm_content=Legal\" target=\"_self\">Aw\u1ecdn i\u1e63\u1eb9 ofin<\/a><\/h4><figure itemscope=\"\" itemtype=\"https:\/\/schema.org\/ImageObject\">\n\t\t\t\t<a href=\"\/yo\/oro\/ofin-awon-i%e1%b9%a3e\/?utm_source=Home&amp;utm_medium=Referral&amp;utm_campaign=211Resources&amp;utm_content=Legal\" target=\"_self\" itemprop=\"url\">\n\t\t\t\t<img decoding=\"async\" src=\"https:\/\/211md.org\/wp-content\/uploads\/bb-plugin\/cache\/2025_MdInfoNet_Icon-Sets_Legal-square-18fdf438feb8435588174d9046463257-.png\" alt=\"\" onerror=\"this.style.display='none'\" loading=\"lazy\">\n\t\t\t\t<\/a>\n\t<\/figure>\n\t\t<h4><a href=\"\/yo\/oro\/opolo-ilera\/?utm_source=Home&amp;utm_medium=Referral&amp;utm_campaign=211Resources&amp;utm_content=Mental\" target=\"_self\">Opolo Health<\/a><\/h4><figure itemscope=\"\" itemtype=\"https:\/\/schema.org\/ImageObject\">\n\t\t\t\t<a href=\"\/yo\/oro\/opolo-ilera\/?utm_source=Home&amp;utm_medium=Referral&amp;utm_campaign=211Resources&amp;utm_content=Mental\" target=\"_self\" itemprop=\"url\">\n\t\t\t\t<img decoding=\"async\" src=\"https:\/\/211md.org\/wp-content\/uploads\/bb-plugin\/cache\/2025_MdInfoNet_Icon-Sets_Mental-Health-square-c59b38c4a993a947d4c9280fbe2d2fee-.png\" alt=\"\" onerror=\"this.style.display='none'\" loading=\"lazy\">\n\t\t\t\t<\/a>\n\t<\/figure>\n\t\t<h4><a href=\"\/yo\/oro\/ogbon-inu\/?utm_source=Home&amp;utm_medium=Referral&amp;utm_campaign=211Resources&amp;utm_content=Reentry\" target=\"_self\">Atunw\u1ecdle<\/a><\/h4><figure itemscope=\"\" itemtype=\"https:\/\/schema.org\/ImageObject\">\n\t\t\t\t<a href=\"\/yo\/oro\/ogbon-inu\/?utm_source=Home&amp;utm_medium=Referral&amp;utm_campaign=211Resources&amp;utm_content=Reentry\" target=\"_self\" itemprop=\"url\">\n\t\t\t\t<img decoding=\"async\" src=\"https:\/\/211md.org\/wp-content\/uploads\/bb-plugin\/cache\/2025_211_Icon-Sets_Reentry-square-8676fea38abd920a832f45642fe31cca-.png\" alt=\"Aami iw\u1ecdle\" height=\"417\" width=\"417\" title=\"2025_211_Icon Sets_Reentry\" onerror=\"this.style.display='none'\" loading=\"lazy\">\n\t\t\t\t<\/a>\n\t<\/figure>\n\t\t<h4><a href=\"\/yo\/oro\/lilo-nkan-elo\/?utm_source=Home&amp;utm_medium=Referral&amp;utm_campaign=211Resources&amp;utm_content=Substance\" target=\"_self\">Ohun elo Lilo<\/a><\/h4><figure itemscope=\"\" itemtype=\"https:\/\/schema.org\/ImageObject\">\n\t\t\t\t<a href=\"\/yo\/oro\/lilo-nkan-elo\/?utm_source=Home&amp;utm_medium=Referral&amp;utm_campaign=211Resources&amp;utm_content=Substance\" target=\"_self\" itemprop=\"url\">\n\t\t\t\t<img decoding=\"async\" src=\"https:\/\/211md.org\/wp-content\/uploads\/bb-plugin\/cache\/2025_MdInfoNet_Icon-Sets_Substance-Abuse-square-4f414f085e657267739c181957754f48-.png\" alt=\"Pills for substance Use icon\" title=\"2025_MdInfoNet_Icon-Sets_Substance-Abuse\" onerror=\"this.style.display='none'\" loading=\"lazy\">\n\t\t\t\t<\/a>\n\t<\/figure>\n\t\t<h4><a href=\"\/yo\/oro\/ogbo\/?utm_source=Home&amp;utm_medium=Referral&amp;utm_campaign=211Resources&amp;utm_content=Veterans\" target=\"_self\">Ogbo<\/a><\/h4><figure itemscope=\"\" itemtype=\"https:\/\/schema.org\/ImageObject\">\n\t\t\t\t<a href=\"\/yo\/oro\/ogbo\/?utm_source=Home&amp;utm_medium=Referral&amp;utm_campaign=211Resources&amp;utm_content=Veterans\" target=\"_self\" itemprop=\"url\">\n\t\t\t\t<img decoding=\"async\" src=\"https:\/\/211md.org\/wp-content\/uploads\/bb-plugin\/cache\/2025_MdInfoNet_Icon-Sets_Rating-square-6e60d00cce4faa8e0a6d4ad7366aa733-.png\" alt=\"\" onerror=\"this.style.display='none'\" loading=\"lazy\">\n\t\t\t\t<\/a>\n\t<\/figure>","protected":false},"excerpt":{"rendered":"<p>Increasing food costs are stretching food budgets for families and individuals, and we&#8217;re here to help you learn about food assistance programs. Start searching for food pantries. Or keep reading for other food programs, including grocery savings, senior, and food assistance programs such as&nbsp;SNAP and WIC. Find Food Pantries Near You Quickly Find What You&hellip;<\/p>","protected":false},"author":8,"featured_media":3896,"parent":930,"menu_order":0,"comment_status":"closed","ping_status":"closed","template":"","meta":{"footnotes":""},"class_list":["post-746","page","type-page","status-publish","has-post-thumbnail","hentry"],"_links":{"self":[{"href":"https:\/\/211md.org\/yo\/wp-json\/wp\/v2\/pages\/746","targetHints":{"allow":["GET"]}}],"collection":[{"href":"https:\/\/211md.org\/yo\/wp-json\/wp\/v2\/pages"}],"about":[{"href":"https:\/\/211md.org\/yo\/wp-json\/wp\/v2\/types\/page"}],"author":[{"embeddable":true,"href":"https:\/\/211md.org\/yo\/wp-json\/wp\/v2\/users\/8"}],"replies":[{"embeddable":true,"href":"https:\/\/211md.org\/yo\/wp-json\/wp\/v2\/comments?post=746"}],"version-history":[{"count":11,"href":"https:\/\/211md.org\/yo\/wp-json\/wp\/v2\/pages\/746\/revisions"}],"predecessor-version":[{"id":34361,"href":"https:\/\/211md.org\/yo\/wp-json\/wp\/v2\/pages\/746\/revisions\/34361"}],"up":[{"embeddable":true,"href":"https:\/\/211md.org\/yo\/wp-json\/wp\/v2\/pages\/930"}],"wp:featuredmedia":[{"embeddable":true,"href":"https:\/\/211md.org\/yo\/wp-json\/wp\/v2\/media\/3896"}],"wp:attachment":[{"href":"https:\/\/211md.org\/yo\/wp-json\/wp\/v2\/media?parent=746"}],"curies":[{"name":"wp","href":"https:\/\/api.w.org\/{rel}","templated":true}]}}