{"id":836,"date":"2021-04-08T19:38:57","date_gmt":"2021-04-08T19:38:57","guid":{"rendered":"https:\/\/211md.org\/?page_id=836"},"modified":"2025-12-01T14:22:37","modified_gmt":"2025-12-01T19:22:37","slug":"opolo-ilera","status":"publish","type":"page","link":"https:\/\/211md.org\/yo\/resources\/mental-health\/","title":{"rendered":"Wa Atil\u1eb9yin Ilera \u1eccp\u1ecdl\u1ecd ni Maryland"},"content":{"rendered":"<img decoding=\"async\" src=\"https:\/\/stg-maryland211-staging.kinsta.cloud\/wp-content\/uploads\/2025\/08\/5-1-scaled.png\" alt=\"5\" itemprop=\"image\" height=\"692\" width=\"2560\" title=\"5\" onerror=\"this.style.display='none'\" loading=\"lazy\" \/>\n\t\t<p>Iranl\u1ecdw\u1ecd wa fun \u1eb9nik\u1eb9ni ti o ngbiyanju p\u1eb9lu aibal\u1eb9, \u015fuga, aw\u1ecdn ero ti igb\u1eb9mi ara \u1eb9ni, aibal\u1eb9, aap\u1ecdn, tabi aw\u1ecdn ifiyesi ilera \u1ecdp\u1ecdl\u1ecd miiran. Iw\u1ecd ko dawa!<\/p>\n<p>T\u1eb9 988 lati sop\u1ecd p\u1eb9lu iranl\u1ecdw\u1ecd l\u1eb9s\u1eb9k\u1eb9s\u1eb9.<\/p>\n<p>Aw\u1ecdn orisun a\u1e63iri tun wa lati \u1e63e atil\u1eb9yin ilera \u1ecdd\u1ecd ati agbalagba.<\/p>\n\t\t\t<a href=\"#start\" target=\"_self\">\n\t\t\t\t\t\tB\u1eb9r\u1eb9\n\t\t\t\t\t<\/a>\n\t\t\t\t<img decoding=\"async\" src=\"https:\/\/211md.org\/wp-content\/plugins\/bb-plugin\/img\/pixel.png\" alt=\"\" itemprop=\"image\" onerror=\"this.style.display='none'\" loading=\"lazy\" \/>\n\t\t\t\t<img decoding=\"async\" src=\"https:\/\/stg-maryland211-staging.kinsta.cloud\/wp-content\/uploads\/2025\/08\/16.png\" alt=\"16\" itemprop=\"image\" height=\"1000\" width=\"1000\" title=\"16\" onerror=\"this.style.display='none'\" loading=\"lazy\" \/>\n\t\t\t\t<img decoding=\"async\" src=\"http:\/\/211md.org\/wp-content\/uploads\/2025\/10\/Thoughtful-man-sitting-on-park-bench.jpg\" alt=\"Laniiyan eniyan joko lori o duro si ibikan ibujoko\" itemprop=\"image\" title=\"Laniiyan eniyan joko lori o duro si ibikan ibujoko\" onerror=\"this.style.display='none'\" loading=\"lazy\" \/>\n\t<h3>Kini yoo \u1e63\u1eb9l\u1eb9 Nigbati O Pe 988 Ni Maryland<\/h3>\n<p>T\u00f3 o b\u00e1 m\u1ecd \u1eb9n\u00ec kan t\u00f3 \u0144 ron\u00fa l\u00e1ti pa ara r\u1eb9\u0300, m\u00e1 \u1e63e fi \u00ed s\u00edl\u1eb9\u0300.<\/p>\n<p>Gbiyanju lati gba oluf\u1eb9 r\u1eb9 lati wa iranl\u1ecdw\u1ecd l\u1eb9s\u1eb9k\u1eb9s\u1eb9 nipa pipe 988.<\/p>\n<p>Aw\u1ecdn alam\u1ecdja ti o ni oye ti i\u1e63\u1eb9-\u1ecdj\u1ecdgb\u1ecdn wa 24\/7\/365 lati gb\u1ecd ati s\u1ecdr\u1ecd.<\/p>\n<p>Aw\u1ecdn alam\u1ecdja 211 p\u1eb9lu Idahun Idaamu Baltimore dahun di\u1eb9 ninu aw\u1ecdn ipe w\u1ecdnyi.<\/p>\n<p>Elijah McBride ni Alakoso Ile-i\u1e63\u1eb9 Ipe, o si s\u1ecd nipa aw\u1ecdn \u1ecdna ti w\u1ecdn le \u1e63e iranl\u1ecdw\u1ecd fun aw\u1ecdn eniyan k\u1ecd\u1ecdkan lori \u201c<a href=\"https:\/\/211md.org\/yo\/adaro-ese\/baltimore-city-mental-health\/\" target=\"_blank\" rel=\"noopener\">Kini 211 naa?&quot; adar\u1ecd ese<\/a>.<\/p>\n<blockquote><p>\u201cNitorinaa, nigba ti \u1eb9nikan ba w\u1ecdle, w\u1ecdn yoo sop\u1ecd taara p\u1eb9lu oludam\u1ecdran t\u1eb9lifoonu ti o\u1e63i\u1e63\u1eb9 kan. Oludamoran gboona y\u1eb9n yoo pese alaye deedee ati deede si w\u1ecdn, t\u1eb9tisi w\u1ecdn, ati nitoot\u1ecd aw\u1ecdn a\u1e63ayan agbara ati aw\u1ecdn ojutu si aaw\u1ecd pato tabi i\u1e63oro ti w\u1ecdn \u1e63afihan lori foonu, \u201dMcBride salaye.<\/p><\/blockquote>\n<p>Wiregbe lori ayelujara p\u1eb9lu alam\u1ecddaju ilera \u1ecdp\u1ecdl\u1ecd tabi t\u1eb9 tabi k\u1ecd \u1ecdr\u1ecd 988.<\/p>\n\t\t\t<a href=\"https:\/\/988lifeline.org\/chat\/\" target=\"_blank\" rel=\"noopener\">\n\t\t\t\t\t\t\tWiregbe p\u1eb9lu 988 (G\u1eb9\u1eb9si)\n\t\t\t\t\t<\/a>\n\t\t\t<a href=\"https:\/\/988lifeline.org\/es\/home\/\" target=\"_blank\" rel=\"noopener\">\n\t\t\t\t\t\t\tWiregbe p\u1eb9lu 988 (Spanish)\n\t\t\t\t\t<\/a>\n\t\t\t\t<a href=\"https:\/\/search.988.mdinfonet.org\/\" target=\"_blank\" rel=\"noopener\" itemprop=\"url\">\n\t\t\t\t<img decoding=\"async\" src=\"https:\/\/stg-maryland211-staging.kinsta.cloud\/wp-content\/uploads\/2025\/08\/2025_MdInfoNet_Icon-Sets-white_Locate.png\" alt=\"\" itemprop=\"image\" onerror=\"this.style.display='none'\" loading=\"lazy\" \/>\n\t\t\t\t<\/a>\n<h2><a href=\"https:\/\/search.988.mdinfonet.org\/\" target=\"_blank\" rel=\"noopener\">Wa Aw\u1ecdn orisun Ilera \u1eccp\u1ecdl\u1ecd Bayi<\/a><\/h2><p>Wa atil\u1eb9yin ilera ihuwasi nitosi r\u1eb9, nipa wiwa aaye data 988, agbara nipas\u1eb9 Maryland Information Network ati 211.<\/p>\n<p>T\u1eb9 koodu ZIP r\u1eb9 sii ki o lo aw\u1ecdn as\u1eb9 lati d\u00edn aw\u1ecdn abajade naa.<\/p>\n\t\t\t<a href=\"https:\/\/search.988.mdinfonet.org\/\" target=\"_blank\" rel=\"noopener\">\n\t\t\t\t\t\t\tWa Bayi\n\t\t\t<\/a>\n\t\t\t\t<img decoding=\"async\" src=\"http:\/\/211md.org\/wp-content\/uploads\/2025\/10\/Adult-texting.jpg\" alt=\"Agbalagba nk\u1ecd \u1ecdr\u1ecd\" itemprop=\"image\" title=\"Agbalagba nk\u1ecd \u1ecdr\u1ecd\" onerror=\"this.style.display='none'\" loading=\"lazy\" \/>\n\t<h3>211 Aw\u1ecdn eto if\u1ecdr\u1ecdran\u1e63\u1eb9<\/h3>\n<p>A nfunni ni alaye meji ati aw\u1ecdn eto if\u1ecdr\u1ecdran\u1e63\u1eb9 iwuri. Gba aw\u1ecdn if\u1ecdr\u1ecdran\u1e63\u1eb9 p\u1eb9lu aw\u1ecdn im\u1ecdran i\u1e63e i\u1e63e ati aw\u1ecdn irin\u1e63\u1eb9 OT il\u1ecdsiwaju ilera \u1ecdp\u1ecdl\u1ecd.<\/p>\n<p>W\u1ecdn j\u1eb9 \u1ecdf\u1eb9 ati asiri.<\/p>\n<p>Aw\u1ecdn eto meji lo wa, \u1ecdkan fun aw\u1ecdn agbalagba ni ede G\u1eb9\u1eb9si ati ede Spani ati eto \u1ecdr\u1ecd \u1ecdr\u1ecd \u1ecdd\u1ecd G\u1eb9\u1eb9si.<\/p>\n<h3>MDindHealth\/MDSaludMental (Aw\u1ecdn agbalagba)<\/h3>\n<p>Aw\u1ecdn agbalagba le gba iforuk\u1ecdsil\u1eb9 fun MDindHealth (G\u1eb9\u1eb9si) tabi MDsaludMental (Spanish).<\/p>\n<p>Lori alagbeka, t\u1eb9 \u1ecdr\u1ecd-\u1ecdr\u1ecd lati \u1e63ii if\u1ecdr\u1ecdran\u1e63\u1eb9.<\/p>\n<p>Bib\u1eb9\u1eb9k\u1ecd, fi \u1ecdr\u1ecd ran\u1e63\u1eb9 si 898-211.<\/p>\n<p>English: \u1eccr\u1ecd\u00a0<strong>MDMindHealth<\/strong>\u00a0to 898-211<\/p>\n<p>Spanish: \u1eccr\u1ecd\u00a0<strong>MDsaludMental\u00a0<\/strong>to 898-211<\/p>\n<p>&nbsp;<\/p>\n\t\t\t<a href=\"sms:\/\/898-211;?&#038;body=MDMINDHEALTH\" target=\"_blank\" rel=\"noopener\">\n\t\t\t\t\t\t\u1eccr\u1ecd mdmindhealth\n\t\t\t\t\t<\/a>\n\t\t\t<a href=\"sms:\/\/898-211;?&#038;body=MDSALUDMENTAL\" target=\"_blank\" rel=\"noopener\">\n\t\t\t\t\t\t\u1eccr\u1ecd MdSaludMental\n\t\t\t\t\t<\/a>\n\t<p><em>211 Maryland nfunni ni aw\u1ecdn eto itaniji if\u1ecdr\u1ecdran\u1e63\u1eb9 eyiti o pese alaye orisun kan pato agbegbe tabi pese aw\u1ecdn itaniji ajalu. Msg. &amp; aw\u1ecdn o\u1e63uw\u1ecdn data le waye ati ifiran\u1e63\u1eb9. loorekoore. le yat\u1ecd. Fun Iranl\u1ecdw\u1ecd, \u1ecdr\u1ecd IRANL\u1eccW\u1ecc. Lati jade, fi \u1ecdr\u1ecd STOP ran\u1e63\u1eb9 si n\u1ecdmba kanna. Aw\u1ecdn ofin SMS ni kikun ni\u00a0<a href=\"https:\/\/211md.org\/yo\/sms\/\">https:\/\/211md.org\/sms\/<\/a>\u00a0yoo tun waye.<\/em><\/p>\n\t\t<h3>MDYoungMinds (Aw\u1ecdn \u1ecdd\u1ecd)<\/h3>\n<p>Aw\u1ecdn \u1ecdd\u1ecd le gba aw\u1ecdn if\u1ecdr\u1ecdran\u1e63\u1eb9 alaye ti o dojuk\u1ecd aw\u1ecdn ifiyesi \u1ecdd\u1ecd lati MDYoungMinds.<\/p>\n<p>Lori alagbeka, t\u1eb9 \u1ecdr\u1ecd-\u1ecdr\u1ecd lati \u1e63ii if\u1ecdr\u1ecdran\u1e63\u1eb9. Bib\u1eb9\u1eb9k\u1ecd, fi \u1ecdr\u1ecd ran\u1e63\u1eb9 si n\u1ecdmba foonu naa.<\/p>\n<p>Aw\u1ecdn \u1ecdd\u1ecd: \u1eccr\u1ecd<strong>\u00a0MDYoungMinds\u00a0<\/strong>to 898-211<\/p>\n\t\t\t<a href=\"tel:+211sms:\/\/898-211;?&#038;body=MDYOUNGMINDS\" target=\"_blank\" rel=\"noopener\">\n\t\t\t\t\t\t\u1eccr\u1ecd MdYoungMinds\n\t\t\t\t\t<\/a>\n\t\t\t\t<img decoding=\"async\" src=\"http:\/\/211md.org\/wp-content\/uploads\/2025\/10\/Teen-texting.jpg\" alt=\"\u1ecdd\u1ecdm\u1ecdkunrin nk\u1ecd \u1ecdr\u1ecd\" itemprop=\"image\" title=\"\u1eccd\u1ecdm\u1ecdkunrin nk\u1ecd \u1ecdr\u1ecd\" onerror=\"this.style.display='none'\" loading=\"lazy\" \/>\n\t<h2>Bawo ni Ilera \u1eccp\u1ecdl\u1ecd \u1e62e \u1e62e Ipa Wa<\/h2>\n<p>Ilera \u1ecdp\u1ecdl\u1ecd ni ipa bi o \u1e63e ronu, rilara ati i\u1e63e. O pinnu bi o \u1e63e ni ibatan si aw\u1ecdn miiran, \u1e63e aw\u1ecdn yiyan ati mu wahala, ni ibamu si aw\u1ecdn <a href=\"https:\/\/www.samhsa.gov\/mental-health\" target=\"_blank\" rel=\"noopener\">Ohun elo Abuse ati Opolo Health Services Administration<\/a> (SAMHSA).<\/p>\n<p>O kan \u1e63e pataki bi ilera ti ara r\u1eb9. <a href=\"https:\/\/211md.org\/yo\/oro\/opolo-ilera\/suga\/\">Ibanuj\u1eb9<\/a> le paapaa p\u1ecd si aw\u1ecdn eewu di\u1eb9 ninu aw\u1ecdn ifiyesi ilera ti ara.<\/p>\n<p>Ti o ba n tiraka, beere fun iranl\u1ecdw\u1ecd. O j\u1eb9 ami ti agbara. A wa nibi nigbati o nilo wa jul\u1ecd.<\/p>\n<p>T\u1eb9 2-1-1 ati pe a le sop\u1ecd m\u1ecd \u1ecd lati \u1e63e atil\u1eb9yin.<\/p>\n\t\t\t\t<img decoding=\"async\" src=\"http:\/\/211md.org\/wp-content\/uploads\/2023\/04\/Woman-in-wheelchair-getting-mental-health-support.jpg\" alt=\"Obinrin ti o wa lori k\u1eb9k\u1eb9 ti n gba atil\u1eb9yin ilera \u1ecdp\u1ecdl\u1ecd\" itemprop=\"image\" title=\"Obinrin ti o wa lori k\u1eb9k\u1eb9 ti n gba atil\u1eb9yin ilera \u1ecdp\u1ecdl\u1ecd\" onerror=\"this.style.display='none'\" loading=\"lazy\" \/>\n\t<h2>Bii o \u1e63e le wa olupese ilera \u1ecdp\u1ecdl\u1ecd<\/h2>\n<p>Wiwa olupese ilera \u1ecdp\u1ecdl\u1ecd le gba akoko. Tan-an <a href=\"https:\/\/211md.org\/yo\/buloogi\/eka\/adaro-ese-2\/\">Kini 211 naa? adar\u1ecd ese<\/a> ati Aw\u1ecdn nkan ti o kere ati Eto Ilera \u1eccp\u1ecdl\u1ecd lori 92Q, a ti s\u1ecdr\u1ecd p\u1eb9lu aw\u1ecdn alam\u1ecdja ilera ihuwasi nipa aw\u1ecdn akoko idaduro ati i\u1e63oro wiwa \u1eb9nikan ti o gb\u1eb9k\u1eb9le, pataki fun agbegbe Black.<\/p>\n<p>O le gba aw\u1ecdn olupese di\u1eb9 \u1e63aaju ki o to rii pe o y\u1eb9. \u1e62ugb\u1ecdn ma\u1e63e fa idaduro it\u1ecdju. B\u1eb9r\u1eb9 ibara\u1eb9nis\u1ecdr\u1ecd p\u1eb9lu oniwosan ti o wa ni kete bi o ti \u1e63ee.<\/p>\n<p>Nigbati o ba wa onim\u1ecdwosan ti o t\u1ecd fun \u1ecd, beere nipa:<\/p>\n<ul>\n<li>orisi ti ailera ti won nse<\/li>\n<li>aw\u1ecdn a\u1e63ayan it\u1ecdju<\/li>\n<li>aw\u1ecdn \u1ecdna sisan<\/li>\n<\/ul>\n<p>&nbsp;<\/p>\n\t<p>O f\u1eb9 oniwosan oniwosan o le ni otit\u1ecd ati ibara\u1eb9nis\u1ecdr\u1ecd gbangba p\u1eb9lu. O le gba aw\u1ecdn igbiyanju di\u1eb9 \u1e63aaju ki o to wa eyi ti o sop\u1ecd p\u1eb9lu ati gb\u1eb9k\u1eb9le. Ti yiyan ak\u1ecdk\u1ecd r\u1eb9 ko ba wa, b\u1eb9r\u1eb9 ibara\u1eb9nis\u1ecdr\u1ecd p\u1eb9lu oniwosan ti o ni aw\u1ecdn \u1e63i\u1e63i. O j\u1eb9 aaye ib\u1eb9r\u1eb9. Iranl\u1ecdw\u1ecd ilera opolo j\u1eb9 ilana kan.<\/p>\n<p><a href=\"https:\/\/211md.org\/yo\/buloogi\/opolo-ilera-ikunsinu\/\">It\u1ecdju ailera le \u1e63e iranl\u1ecdw\u1ecd fun \u1ecd ni rilara pe a f\u1ecdw\u1ecdsi<\/a> ki o si fi aw\u1ecdn \u1ecdr\u1ecd si ohun ti o rilara.<\/p>\n<p>\u1e62eto <a href=\"https:\/\/211md.org\/yo\/buloogi\/opolo-ilera-afojusun\/\" target=\"_blank\" rel=\"noopener\">opolo ilera afojusun<\/a> ti o sise fun o. Ranti, o dara lati ma dara.<\/p>\n\t\t\t\t<a href=\"https:\/\/search.988.mdinfonet.org\/\" target=\"_blank\" rel=\"noopener\" itemprop=\"url\">\n\t\t\t\t<img decoding=\"async\" src=\"https:\/\/stg-maryland211-staging.kinsta.cloud\/wp-content\/uploads\/2025\/08\/2025_MdInfoNet_Icon-Sets-white_Locate.png\" alt=\"\" itemprop=\"image\" onerror=\"this.style.display='none'\" loading=\"lazy\" \/>\n\t\t\t\t<\/a>\n<h2><a href=\"https:\/\/search.988.mdinfonet.org\/\" target=\"_blank\" rel=\"noopener\">Wa fun Opolo Health Olupese<\/a><\/h2><p>Sop\u1ecd si aw\u1ecdn olupese nitosi r\u1eb9. \u1e62ewadii aaye data 988, agbara nipas\u1eb9 N\u1eb9tiw\u1ecd\u1ecdki Alaye Maryland ati 211.<\/p>\n\t\t\t<a href=\"https:\/\/search.988.mdinfonet.org\/\" target=\"_blank\" rel=\"noopener\">\n\t\t\t\t\t\t\tWa Bayi\n\t\t\t<\/a>\n<h2>\n\t\t\tAlaye Afikun fun Ilera \u1eccp\u1ecdl\u1ecd\t<\/h2>\n\t<h3>211 adar\u1ecd-ese<\/h3>\n<p>T\u1eb9siwaju kik\u1ecd \u1eb9k\u1ecd nipa atil\u1eb9yin ilera \u1ecdp\u1ecdl\u1ecd agbegbe p\u1eb9lu aw\u1ecdn orisun ilera \u1ecdp\u1ecdl\u1ecd 211 p\u1eb9lu aw\u1ecdn adar\u1ecd-ese ati ijiroro agbegbe kan lori ilera \u1ecdp\u1ecdl\u1ecd aw\u1ecdn \u1ecdkunrin.<\/p>\n\t<h2>Nilo lati \u1eccr\u1ecd?\u00a0<\/h2>\n<p>&nbsp;<\/p>\n\t<h2>Pe tabi \u1eccr\u1ecd 988<\/h2>\n\t\t\t<a href=\"https:\/\/988lifeline.org\/chat\/\" target=\"_blank\" rel=\"noopener\">\n\t\t\t\t\t\t\tWiregbe Bayi (G\u1eb9\u1eb9si)\n\t\t\t\t\t<\/a>\n\t\t\t<a href=\"https:\/\/988lifeline.org\/es\/chat\/\" target=\"_blank\" rel=\"noopener\">\n\t\t\t\t\t\t\tChatea Ahora (Espa\u00f1ol)\n\t\t\t\t\t<\/a>\n\t<p>\u1eb8nik\u1eb9ni ti o nilo iranl\u1ecdw\u1ecd p\u1eb9lu ilera \u1ecdp\u1ecdl\u1ecd tabi aw\u1ecdn iwulo ti o j\u1ecdm\u1ecd lilo nkan le pe 988. <a href=\"https:\/\/health.maryland.gov\/bha\/Pages\/988md.aspx\" target=\"_blank\" rel=\"noopener\">K\u1ecd \u1eb9k\u1ecd nipa 988 ni Maryland<\/a>.<\/p>\n\t\t<h4><a href=\"\/yo\/oro\/ailera-ti-ogbo\/?utm_source=Home&#038;utm_medium=Referral&#038;utm_campaign=211Resources&#038;utm_content=Aging\" target=\"_self\">Ti ogbo &amp; Alaabo<\/a><\/h4>\n\t\t\t\t<a href=\"\/yo\/oro\/ailera-ti-ogbo\/?utm_source=Home&#038;utm_medium=Referral&#038;utm_campaign=211Resources&#038;utm_content=Aging\"  target=\"_self\" itemprop=\"url\">\n\t\t\t\t<img decoding=\"async\" src=\"https:\/\/211md.org\/wp-content\/uploads\/bb-plugin\/cache\/2025_MdInfoNet_Icon-Sets_Aging-disability-square-c466727102cae71e5f27b8539bb51945-.png\" alt=\"\" itemprop=\"image\" onerror=\"this.style.display='none'\" loading=\"lazy\" \/>\n\t\t\t\t<\/a>\n\t\t<h4><a href=\"\/yo\/oro\/omo-idile\/?utm_source=Home&#038;utm_medium=Referral&#038;utm_campaign=211Resources&#038;utm_content=Children\" target=\"_self\">Aw\u1ecdn \u1ecdm\u1ecdde &amp; Aw\u1ecdn idile<\/a><\/h4>\n\t\t\t\t<a href=\"\/yo\/oro\/omo-idile\/?utm_source=Home&#038;utm_medium=Referral&#038;utm_campaign=211Resources&#038;utm_content=Children\"  target=\"_self\" itemprop=\"url\">\n\t\t\t\t<img decoding=\"async\" src=\"https:\/\/211md.org\/wp-content\/uploads\/bb-plugin\/cache\/2025_211_Icon-Sets_Child-care-square-f3b0d4edab3dcc467fadb5f55f4064c6-.png\" alt=\"parent and child icon for child care\" itemprop=\"image\" height=\"417\" width=\"417\" title=\"2025_211_Icon Sets_Child itoju\" onerror=\"this.style.display='none'\" loading=\"lazy\" \/>\n\t\t\t\t<\/a>\n\t\t<h4><a href=\"\/yo\/oro\/abele-ebi-iwa-ipa\/?utm_source=Home&#038;utm_medium=Referral&#038;utm_campaign=211Resources&#038;utm_content=Domestic\" target=\"_self\">Iwa-ipa Abele<\/a><\/h4>\n\t\t\t\t<a href=\"\/yo\/oro\/abele-ebi-iwa-ipa\/?utm_source=Home&#038;utm_medium=Referral&#038;utm_campaign=211Resources&#038;utm_content=Domestic\"  target=\"_self\" itemprop=\"url\">\n\t\t\t\t<img decoding=\"async\" src=\"https:\/\/211md.org\/wp-content\/uploads\/bb-plugin\/cache\/2025_211_Icon-Sets_Domestic-Violence-square-7b597694a6f05fe90cdc376aa573bc63-.png\" alt=\"Aami iwa-ipa ab\u1eb9le\" itemprop=\"image\" height=\"417\" width=\"417\" title=\"2025_211_Icon \u1e62eto_Iwa-ipa Abele\" onerror=\"this.style.display='none'\" loading=\"lazy\" \/>\n\t\t\t\t<\/a>\n\t\t<h4><a href=\"\/yo\/oro\/wiwa-oojo\/?utm_source=Home&#038;utm_medium=Referral&#038;utm_campaign=211Resources&#038;utm_content=Employment\" target=\"_self\">Igbanisise<\/a><\/h4>\n\t\t\t\t<a href=\"\/yo\/oro\/wiwa-oojo\/?utm_source=Home&#038;utm_medium=Referral&#038;utm_campaign=211Resources&#038;utm_content=Employment\"  target=\"_self\" itemprop=\"url\">\n\t\t\t\t<img decoding=\"async\" src=\"https:\/\/211md.org\/wp-content\/uploads\/bb-plugin\/cache\/2025_MdInfoNet_Icon-Sets_Employment-square-44707bd410e4df10a470bf130ebcea86-.png\" alt=\"\" itemprop=\"image\" onerror=\"this.style.display='none'\" loading=\"lazy\" \/>\n\t\t\t\t<\/a>\n\t\t<h4><a href=\"\/yo\/oro\/itoju-ilera\/?utm_source=Home&#038;utm_medium=Referral&#038;utm_campaign=211Resources&#038;utm_content=Health%20Care\" target=\"_self\">It\u1ecdju Ilera<\/a><\/h4>\n\t\t\t\t<a href=\"\/yo\/oro\/itoju-ilera\/?utm_source=Home&#038;utm_medium=Referral&#038;utm_campaign=211Resources&#038;utm_content=Health%20Care\"  target=\"_self\" itemprop=\"url\">\n\t\t\t\t<img decoding=\"async\" src=\"https:\/\/211md.org\/wp-content\/uploads\/bb-plugin\/cache\/2025_MdInfoNet_Icon-Sets_Health-Care-square-dee98a0060cbe0e7f27eda253fc12679-.png\" alt=\"\" itemprop=\"image\" onerror=\"this.style.display='none'\" loading=\"lazy\" \/>\n\t\t\t\t<\/a>\n\t\t<h4><a href=\"\/yo\/oro\/omo-idile\/itoju-ibatan\/?utm_source=Home&#038;utm_medium=Referral&#038;utm_campaign=211Resources&#038;utm_content=Kinship\" target=\"_self\">\u00ccb\u00e1tan<\/a><\/h4>\n\t\t\t\t<a href=\"\/yo\/oro\/omo-idile\/itoju-ibatan\/?utm_source=Home&#038;utm_medium=Referral&#038;utm_campaign=211Resources&#038;utm_content=Kinship\"  target=\"_self\" itemprop=\"url\">\n\t\t\t\t<img decoding=\"async\" src=\"https:\/\/211md.org\/wp-content\/uploads\/bb-plugin\/cache\/2025_211_Icon-Sets_Kinship-square-45bdf872866f5735f842c32071109267-.png\" alt=\"Aami ibatan\" itemprop=\"image\" height=\"417\" width=\"417\" title=\"2025_211_Icon Sets_Kinship\" onerror=\"this.style.display='none'\" loading=\"lazy\" \/>\n\t\t\t\t<\/a>\n\t\t<h4><a href=\"\/yo\/oro\/ofin-awon-i%e1%b9%a3e\/?utm_source=Home&#038;utm_medium=Referral&#038;utm_campaign=211Resources&#038;utm_content=Legal\" target=\"_self\">Aw\u1ecdn i\u1e63\u1eb9 ofin<\/a><\/h4>\n\t\t\t\t<a href=\"\/yo\/oro\/ofin-awon-i%e1%b9%a3e\/?utm_source=Home&#038;utm_medium=Referral&#038;utm_campaign=211Resources&#038;utm_content=Legal\"  target=\"_self\" itemprop=\"url\">\n\t\t\t\t<img decoding=\"async\" src=\"https:\/\/211md.org\/wp-content\/uploads\/bb-plugin\/cache\/2025_MdInfoNet_Icon-Sets_Legal-square-18fdf438feb8435588174d9046463257-.png\" alt=\"\" itemprop=\"image\" onerror=\"this.style.display='none'\" loading=\"lazy\" \/>\n\t\t\t\t<\/a>\n\t\t<h4><a href=\"\/yo\/oro\/opolo-ilera\/?utm_source=Home&#038;utm_medium=Referral&#038;utm_campaign=211Resources&#038;utm_content=Mental\" target=\"_self\">Opolo Health<\/a><\/h4>\n\t\t\t\t<a href=\"\/yo\/oro\/opolo-ilera\/?utm_source=Home&#038;utm_medium=Referral&#038;utm_campaign=211Resources&#038;utm_content=Mental\"  target=\"_self\" itemprop=\"url\">\n\t\t\t\t<img decoding=\"async\" src=\"https:\/\/211md.org\/wp-content\/uploads\/bb-plugin\/cache\/2025_MdInfoNet_Icon-Sets_Mental-Health-square-c59b38c4a993a947d4c9280fbe2d2fee-.png\" alt=\"\" itemprop=\"image\" onerror=\"this.style.display='none'\" loading=\"lazy\" \/>\n\t\t\t\t<\/a>\n\t\t<h4><a href=\"\/yo\/oro\/ogbon-inu\/?utm_source=Home&#038;utm_medium=Referral&#038;utm_campaign=211Resources&#038;utm_content=Reentry\" target=\"_self\">Atunw\u1ecdle<\/a><\/h4>\n\t\t\t\t<a href=\"\/yo\/oro\/ogbon-inu\/?utm_source=Home&#038;utm_medium=Referral&#038;utm_campaign=211Resources&#038;utm_content=Reentry\"  target=\"_self\" itemprop=\"url\">\n\t\t\t\t<img decoding=\"async\" src=\"https:\/\/211md.org\/wp-content\/uploads\/bb-plugin\/cache\/2025_211_Icon-Sets_Reentry-square-8676fea38abd920a832f45642fe31cca-.png\" alt=\"Aami iw\u1ecdle\" itemprop=\"image\" height=\"417\" width=\"417\" title=\"2025_211_Icon Sets_Reentry\" onerror=\"this.style.display='none'\" loading=\"lazy\" \/>\n\t\t\t\t<\/a>\n\t\t<h4><a href=\"\/yo\/oro\/lilo-nkan-elo\/?utm_source=Home&#038;utm_medium=Referral&#038;utm_campaign=211Resources&#038;utm_content=Substance\" target=\"_self\">Ohun elo Lilo<\/a><\/h4>\n\t\t\t\t<a href=\"\/yo\/oro\/lilo-nkan-elo\/?utm_source=Home&#038;utm_medium=Referral&#038;utm_campaign=211Resources&#038;utm_content=Substance\"  target=\"_self\" itemprop=\"url\">\n\t\t\t\t<img decoding=\"async\" src=\"https:\/\/211md.org\/wp-content\/uploads\/bb-plugin\/cache\/2025_MdInfoNet_Icon-Sets_Substance-Abuse-square-9022fec9d18a64118ad685c101885b55-.png\" alt=\"\" itemprop=\"image\" onerror=\"this.style.display='none'\" loading=\"lazy\" \/>\n\t\t\t\t<\/a>\n\t\t<h4><a href=\"\/yo\/oro\/ogbo\/?utm_source=Home&#038;utm_medium=Referral&#038;utm_campaign=211Resources&#038;utm_content=Veterans\" target=\"_self\">Ogbo<\/a><\/h4>\n\t\t\t\t<a href=\"\/yo\/oro\/ogbo\/?utm_source=Home&#038;utm_medium=Referral&#038;utm_campaign=211Resources&#038;utm_content=Veterans\"  target=\"_self\" itemprop=\"url\">\n\t\t\t\t<img decoding=\"async\" src=\"https:\/\/211md.org\/wp-content\/uploads\/bb-plugin\/cache\/2025_MdInfoNet_Icon-Sets_Rating-square-6e60d00cce4faa8e0a6d4ad7366aa733-.png\" alt=\"\" itemprop=\"image\" onerror=\"this.style.display='none'\" loading=\"lazy\" \/>\n\t\t\t\t<\/a>","protected":false},"excerpt":{"rendered":"<p>Iranl\u1ecdw\u1ecd wa fun \u1eb9nik\u1eb9ni ti o ngbiyanju p\u1eb9lu aibal\u1eb9, \u015fuga, aw\u1ecdn ero ti igb\u1eb9mi ara \u1eb9ni, aibal\u1eb9, aap\u1ecdn, tabi aw\u1ecdn ifiyesi ilera \u1ecdp\u1ecdl\u1ecd miiran. Iw\u1ecd ko dawa! T\u1eb9 988 lati sop\u1ecd p\u1eb9lu iranl\u1ecdw\u1ecd l\u1eb9s\u1eb9k\u1eb9s\u1eb9. Aw\u1ecdn orisun a\u1e63iri tun wa lati \u1e63e atil\u1eb9yin ilera \u1ecdd\u1ecd ati agbalagba. B\u1eb9r\u1eb9 Kini yoo \u1e63\u1eb9l\u1eb9 Nigbati O Pe 988 Ni Maryland Ti o ba\u2026<\/p>","protected":false},"author":8,"featured_media":33920,"parent":930,"menu_order":0,"comment_status":"closed","ping_status":"closed","template":"","meta":{"footnotes":""},"class_list":["post-836","page","type-page","status-publish","has-post-thumbnail","hentry"],"_links":{"self":[{"href":"https:\/\/211md.org\/yo\/wp-json\/wp\/v2\/pages\/836","targetHints":{"allow":["GET"]}}],"collection":[{"href":"https:\/\/211md.org\/yo\/wp-json\/wp\/v2\/pages"}],"about":[{"href":"https:\/\/211md.org\/yo\/wp-json\/wp\/v2\/types\/page"}],"author":[{"embeddable":true,"href":"https:\/\/211md.org\/yo\/wp-json\/wp\/v2\/users\/8"}],"replies":[{"embeddable":true,"href":"https:\/\/211md.org\/yo\/wp-json\/wp\/v2\/comments?post=836"}],"version-history":[{"count":11,"href":"https:\/\/211md.org\/yo\/wp-json\/wp\/v2\/pages\/836\/revisions"}],"predecessor-version":[{"id":33961,"href":"https:\/\/211md.org\/yo\/wp-json\/wp\/v2\/pages\/836\/revisions\/33961"}],"up":[{"embeddable":true,"href":"https:\/\/211md.org\/yo\/wp-json\/wp\/v2\/pages\/930"}],"wp:featuredmedia":[{"embeddable":true,"href":"https:\/\/211md.org\/yo\/wp-json\/wp\/v2\/media\/33920"}],"wp:attachment":[{"href":"https:\/\/211md.org\/yo\/wp-json\/wp\/v2\/media?parent=836"}],"curies":[{"name":"wp","href":"https:\/\/api.w.org\/{rel}","templated":true}]}}