{"id":838,"date":"2021-04-08T19:41:22","date_gmt":"2021-04-08T19:41:22","guid":{"rendered":"https:\/\/211md.org\/?page_id=838"},"modified":"2026-04-03T14:28:37","modified_gmt":"2026-04-03T18:28:37","slug":"itoju-ilera","status":"publish","type":"page","link":"https:\/\/211md.org\/yo\/resources\/health-care\/","title":{"rendered":"Wa \u1eccf\u1eb9 ati It\u1ecdju Ilera Iye-kekere"},"content":{"rendered":"<figure data-animation-delay=\"0\" data-animation-duration=\"1\" itemscope itemtype=\"https:\/\/schema.org\/ImageObject\">\n\t\t\t\t<img decoding=\"async\" src=\"https:\/\/stg-maryland211-staging.kinsta.cloud\/wp-content\/uploads\/2025\/08\/5-1-scaled.png\" alt=\"5\" height=\"692\" width=\"2560\" title=\"5\" onerror=\"this.style.display='none'\" loading=\"lazy\" \/>\n\t<\/figure>\n\t\t<p>\u1e62e o n wa ile-iwosan ilera \u1ecdf\u1eb9 tabi idiyele kekere tabi aw\u1ecdn orisun i\u1e63oogun miiran? Aw\u1ecdn i\u1e63\u1eb9 ilera le p\u1eb9lu aw\u1ecdn ibojuwo idena, aw\u1ecdn idanwo lab, it\u1ecdju alaboyun, ohun elo i\u1e63oogun ti iye owo kekere, it\u1ecdju oju, it\u1ecdju eh\u00edn, idanwo oyun, aw\u1ecdn ile-iwosan oniwosan oniwosan, i\u1e63eduro, ati di\u1eb9 sii.<\/p>\n\t\t\t<a href=\"#start\"  target=\"_self\">\n\t\t\t\t\t\tB\u1eb9r\u1eb9\n\t\t\t\t\t<\/a>\n<figure data-animation-delay=\"0\" data-animation-duration=\"1\" itemscope itemtype=\"https:\/\/schema.org\/ImageObject\">\n\t\t\t\t<img decoding=\"async\" src=\"https:\/\/211md.org\/wp-content\/plugins\/bb-plugin\/img\/pixel.png\" alt=\"\" onerror=\"this.style.display='none'\" loading=\"lazy\" \/>\n\t<\/figure>\n<figure data-animation-delay=\"0\" data-animation-duration=\"1.3\" itemscope itemtype=\"https:\/\/schema.org\/ImageObject\">\n\t\t\t\t<img decoding=\"async\" src=\"https:\/\/stg-maryland211-staging.kinsta.cloud\/wp-content\/uploads\/2025\/08\/16.png\" alt=\"16\" height=\"1000\" width=\"1000\" title=\"16\" onerror=\"this.style.display='none'\" loading=\"lazy\" \/>\n\t<\/figure>\n\t\t<figure itemscope itemtype=\"https:\/\/schema.org\/ImageObject\">\n\t\t\t\t<a href=\"https:\/\/search.211md.org\/\"  target=\"_blank\" rel=\"noopener\"  itemprop=\"url\">\n\t\t\t\t<img decoding=\"async\" src=\"https:\/\/stg-maryland211-staging.kinsta.cloud\/wp-content\/uploads\/2025\/08\/2025_MdInfoNet_Icon-Sets-white_Locate.png\" alt=\"\" onerror=\"this.style.display='none'\" loading=\"lazy\" \/>\n\t\t\t\t<\/a>\n\t<\/figure>\n<h2><a href=\"https:\/\/search.211md.org\/\" target=\"_blank\"  rel=\"noopener\">Aw\u1ecdn orisun It\u1ecdju Ilera ti o w\u1ecdp\u1ecd<\/a><\/h2><p>Ibi aaye data orisun orisun 211 le \u1e63e iranl\u1ecdw\u1ecd fun \u1ecd lati wa aw\u1ecdn orisun it\u1ecdju ilera. B\u1eb9r\u1eb9 p\u1eb9lu aw\u1ecdn iwadii olokiki w\u1ecdnyi.<\/p>\n\t\t\t<a href=\"https:\/\/search.211md.org\/search?query=LV-6800&#038;query_type=taxonomy&#038;query_label=\"  target=\"_blank\" rel=\"noopener\">\n\t\t\t\t\t\tIt\u1ecdju \u1ecdm\u1ecdde\n\t\t\t\t\t<\/a>\n\t\t\t<a href=\"https:\/\/search.211md.org\/search?query=LT-3400&#038;query_type=taxonomy&#038;query_label=\"  target=\"_blank\" rel=\"noopener\">\n\t\t\t\t\t\taw\u1ecdn ajesara\n\t\t\t\t\t<\/a>\n\t\t\t<a href=\"https:\/\/search.211md.org\/search?query=LV-2400&#038;query_type=taxonomy&#038;query_label=\"  target=\"_blank\" rel=\"noopener\">\n\t\t\t\t\t\tit\u1ecdju oju\n\t\t\t\t\t<\/a>\n\t\t\t<a href=\"https:\/\/search.211md.org\/search?query=LJ-2000.6750&#038;query_type=taxonomy&#038;query_label=\"  target=\"_blank\" rel=\"noopener\">\n\t\t\t\t\t\tigbeyewo oyun\n\t\t\t\t\t<\/a>\n\t\t\t<a href=\"https:\/\/search.211md.org\/search?query=Transportation%20Medical&#038;query_type=text\"  target=\"_blank\" rel=\"noopener\">\n\t\t\t\t\t\tMedical Transportation\n\t\t\t\t\t<\/a>\n\t\t\t<a href=\"https:\/\/search.211md.org\/search?query=Mammograms%20Breast%20Exams&#038;query_type=text\"  target=\"_blank\" rel=\"noopener\">\n\t\t\t\t\t\tAw\u1ecdn ay\u1eb9wo mammograms \/ igbaya\n\t\t\t\t\t<\/a>\n\t\t\t<a href=\"https:\/\/search.211md.org\/search?query=LT-1750.0500&#038;query_label=AIDS%2FHIV+Clinics&#038;query_type=taxonomy\"  target=\"_blank\" rel=\"noopener\">\n\t\t\t\t\t\tAw\u1ecdn ile iwosan AIDS \/ HIV\n\t\t\t\t\t<\/a>\n<figure itemscope itemtype=\"https:\/\/schema.org\/ImageObject\">\n\t\t\t\t<img decoding=\"async\" src=\"https:\/\/211md.org\/wp-content\/uploads\/2022\/05\/doctor-with-young-child-providing-health-care.jpg\" alt=\"dokita p\u1eb9lu \u1ecdm\u1ecd kekere ti n pese it\u1ecdju ilera\" height=\"682\" width=\"1024\" title=\"dokita-p\u1eb9lu-odo-\u1ecdm\u1ecd-pese-ilera-it\u1ecdju\" onerror=\"this.style.display='none'\" loading=\"lazy\" \/>\n\t<\/figure>\n\t<h2>Nibo ni lati gba it\u1ecdju ilera idiyele kekere<\/h2>\n<p>It\u1ecdju ilera \u1ecdf\u1eb9 ati idiyele kekere ati i\u1e63eduro ilera wa ni Maryland.<\/p>\n<p>Aw\u1ecdn \u1eb9ka ilera agbegbe, ti o wa ni aw\u1ecdn agbegbe jakejado Maryland pese di\u1eb9 ninu aw\u1ecdn i\u1e63\u1eb9 i\u1e63oogun, p\u1eb9lu aw\u1ecdn aj\u1eb9sara, aw\u1ecdn ay\u1eb9wo idena, ati <a href=\"https:\/\/211md.org\/yo\/oro\/itoju-ilera\/itoju-ehin\/\">itoju eh\u00edn<\/a>. Aw\u1ecdn i\u1e63\u1eb9 i\u1e63oogun le yat\u1ecd nipas\u1eb9 ipo ati pe aw\u1ecdn ibeere yiyan le wa.<\/p>\n<p>Aw\u1ecdn ile-iwosan agbegbe tun pese it\u1ecdju, g\u1eb9g\u1eb9bi aw\u1ecdn ay\u1eb9wo ati aw\u1ecdn ipinnu lati pade dokita. Aw\u1ecdn i\u1e63\u1eb9 yoo yat\u1ecd nipas\u1eb9 ipo ati iru ile-i\u1e63\u1eb9, \u1e63ugb\u1ecdn di\u1eb9 ninu aw\u1ecdn i\u1e63\u1eb9 le j\u1eb9:<\/p>\n<ul>\n<li>\u1e62ay\u1eb9wo-ups<\/li>\n<li>Aw\u1ecdn ay\u1eb9wo idena<\/li>\n<li>Itoju nigbati o ba \u1e63aisan.<\/li>\n<li>Itoju oyun<\/li>\n<li>Aw\u1ecdn ajesara<\/li>\n<li>Aw\u1ecdn ib\u1eb9wo \u1ecdm\u1ecd daradara<\/li>\n<li>Itoju eh\u00edn<\/li>\n<li>Aw\u1ecdn oogun oogun<\/li>\n<li>Opolo ilera ati nkan elo \u1eb8j\u1eb9 (SUD) support<\/li>\n<\/ul>\n\t\t\t<a href=\"https:\/\/health.maryland.gov\/Pages\/departments.ASPX\" target=\"_blank\" rel=\"noopener\">\n\t\t\t\t\t\tWa \u1eb8ka Ilera kan\n\t\t\t\t\t<\/a>\n\t<p>&nbsp;<\/p>\n<p>Ti dokita r\u1eb9 ba pa\u1e63\u1eb9 oogun ti o ko le san, aw\u1ecdn eto iranl\u1ecdw\u1ecd alaisan ati aw\u1ecdn eto \u1eb9dinwo wa ni aw\u1ecdn ile elegbogi Maryland ti o kopa. K\u1ecd \u1eb9k\u1ecd nipa aw\u1ecdn <a href=\"https:\/\/211md.org\/yo\/oro\/itoju-ilera\/awon-iwe-ilana-oogun\/\">oogun eni eto<\/a> wa ni Maryland.<\/p>\n<p>Ti o ba ni \u1ecdran \u00ecd\u00edyel\u00e9 i\u1e63oogun tabi ko le ni owo-owo i\u1e63oogun r\u1eb9, agbegbe ati ti oril\u1eb9-ede <a href=\"https:\/\/211md.org\/yo\/oro\/itoju-ilera\/egbogi-inawo-iranlowo\/\">iranl\u1ecdw\u1ecd wa fun egbogi inawo<\/a>. O tun le y\u1eb9 fun aw\u1ecdn ohun elo i\u1e63oogun \u1ecdf\u1eb9 g\u1eb9g\u1eb9bi aw\u1ecdn crutches, aw\u1ecdn k\u1eb9k\u1eb9, tabi aw\u1ecdn ohun elo i\u1e63oogun ti o t\u1ecd.<\/p>\n\t\t<h2>Bi o \u1e63e le Wa It\u1ecdju Ilera ti \u1eccp\u1ecdl\u1ecd ti o ni ifarada<\/h2>\n\t\t<p>O tun le gba alaisan alaisan, ile iwosan, ati aw\u1ecdn i\u1e63\u1eb9 igbim\u1ecdran lati \u1ecdd\u1ecd olupese ilera ihuwasi ni Maryland.<\/p>\n<p>Di\u1eb9 ninu aw\u1ecdn ajo w\u1ecdnyi le pese aw\u1ecdn i\u1e63\u1eb9 \u1ecdf\u1eb9 tabi iye owo kekere.<\/p>\n<p>Ti o ba nilo iranl\u1ecdw\u1ecd l\u1eb9s\u1eb9k\u1eb9s\u1eb9 p\u1eb9lu aw\u1ecdn ero ti igb\u1eb9mi ara \u1eb9ni tabi ip\u1ecdnju \u1eb9dun, pe 9-8-8 lati s\u1ecdr\u1ecd p\u1eb9lu alam\u1ecddaju ti o\u1e63i\u1e63\u1eb9.<\/p>\n<p>N\u1eb9tiw\u1ecd\u1ecdki Alaye ti Maryland, eyiti o \u1e63e agbara aw\u1ecdn i\u1e63\u1eb9 211 ni Maryland, \u1e63e agbara data orisun orisun ilera ihuwasi 988.<\/p>\n<p>Sop\u1ecd si aw\u1ecdn olupese. Yan aw\u1ecdn as\u1eb9 lati d\u00edn wiwa, ki o si t\u1eb9 koodu ZIP kan sii.<\/p>\n\t\t\t<a href=\"https:\/\/search.988.mdinfonet.org\/\" target=\"_blank\" rel=\"noopener\">\n\t\t\t\t\t\t\tFind Mental Health Providers\n\t\t\t<\/a>\n\t<p>Ti o ba n tiraka p\u1eb9lu ilera \u1ecdp\u1ecdl\u1ecd, m\u1ecd pe iw\u1ecd kii \u1e63e nikan. <a href=\"\/yo\/oro\/opolo-ilera\/suga\/\">M\u1ecd aw\u1ecdn ami ikil\u1ecd ti ibanuj\u1eb9<\/a>\u00a0ati\u00a0<a href=\"\/yo\/oro\/opolo-ilera\/idena-ara-eni\/\">igb\u1eb9mi ara \u1eb9ni<\/a>, ki o le gba iranl\u1ecdw\u1ecd fun ara r\u1eb9 tabi \u1eb9nikan ti o nif\u1eb9.<\/p>\n<h3>Ohun elo Lilo<\/h3>\n<p>Itoju ati atil\u1eb9yin tun wa fun aw\u1ecdn ifiyesi lilo nkan elo.<\/p>\n<p>O le pe 9-8-8 lati ba \u1eb9nikan s\u1ecdr\u1ecd l\u1eb9s\u1eb9k\u1eb9s\u1eb9 nipa lilo nkan elo.<\/p>\n<p>Iwari\u00a0<a href=\"https:\/\/211md.org\/yo\/oro\/lilo-nkan-elo\/\" target=\"_blank\" rel=\"noopener\">nkan na it\u1ecdju aw\u1ecdn a\u1e63ayan<\/a> ati aw\u1ecdn eto ifarada.<\/p>\n\t<h2>Nilo lati \u1eccr\u1ecd?\u00a0<\/h2>\n<p>&nbsp;<\/p>\n\t<h2>Pe tabi \u1eccr\u1ecd 988<\/h2>\n\t\t\t<a href=\"https:\/\/988lifeline.org\/chat\/\" target=\"_blank\" rel=\"noopener\">\n\t\t\t\t\t\t\tWiregbe Bayi (G\u1eb9\u1eb9si)\n\t\t\t\t\t<\/a>\n\t\t\t<a href=\"https:\/\/988lifeline.org\/es\/chat\/\" target=\"_blank\" rel=\"noopener\">\n\t\t\t\t\t\t\tChatea Ahora (Espa\u00f1ol)\n\t\t\t\t\t<\/a>\n\t<p>\u1eb8nik\u1eb9ni ti o nilo iranl\u1ecdw\u1ecd p\u1eb9lu ilera \u1ecdp\u1ecdl\u1ecd tabi aw\u1ecdn iwulo ti o j\u1ecdm\u1ecd lilo nkan le pe 988. <a href=\"https:\/\/988min.org\/\" target=\"_blank\" rel=\"noopener\">K\u1ecd \u1eb9k\u1ecd nipa 988 ni Maryland<\/a>.<\/p>\n<figure itemscope itemtype=\"https:\/\/schema.org\/ImageObject\">\n\t\t\t\t<img decoding=\"async\" src=\"https:\/\/211md.org\/wp-content\/plugins\/bb-plugin\/img\/pixel.png\" alt=\"\" onerror=\"this.style.display='none'\" loading=\"lazy\" \/>\n\t<\/figure>\n\t\t<figure itemscope itemtype=\"https:\/\/schema.org\/ImageObject\">\n\t\t\t\t<img decoding=\"async\" src=\"https:\/\/211md.org\/wp-content\/uploads\/bb-plugin\/cache\/Call-center-specialst-circle-4e9ecd7b3425be4576416abc911049bb-.jpg\" alt=\"Oloye ile-i\u1e63\u1eb9 ipe\" title=\"Ipe aarin pataki\" onerror=\"this.style.display='none'\" loading=\"lazy\" \/>\n\t<\/figure>\n<h2>T\u1eb9 211<\/h2><p>Soro si eniyan abojuto ati aanu 24\/7. W\u1ecdn tun le sop\u1ecd si aw\u1ecdn orisun.\u00a0<\/p>\n\t\t\t<a href=\"tel:%20+211\"  target=\"_blank\" rel=\"noopener\">\n\t\t\t\t\t\tT\u1eb9 211 (alagbeka)\n\t\t\t\t\t<\/a>\n<h2>\n\t\t\tRelated Health information\t<\/h2>\n\t\t<h4><a href=\"\/yo\/oro\/ailera-ti-ogbo\/?utm_source=Home&#038;utm_medium=Referral&#038;utm_campaign=211Resources&#038;utm_content=Aging\" target=\"_self\">Ti ogbo &amp; Alaabo<\/a><\/h4><figure itemscope itemtype=\"https:\/\/schema.org\/ImageObject\">\n\t\t\t\t<a href=\"\/yo\/oro\/ailera-ti-ogbo\/?utm_source=Home&#038;utm_medium=Referral&#038;utm_campaign=211Resources&#038;utm_content=Aging\"  target=\"_self\" itemprop=\"url\">\n\t\t\t\t<img decoding=\"async\" src=\"https:\/\/211md.org\/wp-content\/uploads\/bb-plugin\/cache\/2025_MdInfoNet_Icon-Sets_Aging-disability-square-c466727102cae71e5f27b8539bb51945-.png\" alt=\"\" onerror=\"this.style.display='none'\" loading=\"lazy\" \/>\n\t\t\t\t<\/a>\n\t<\/figure>\n\t\t<h4><a href=\"\/yo\/oro\/omo-idile\/?utm_source=Home&#038;utm_medium=Referral&#038;utm_campaign=211Resources&#038;utm_content=Children\" target=\"_self\">Aw\u1ecdn \u1ecdm\u1ecdde &amp; Aw\u1ecdn idile<\/a><\/h4><figure itemscope itemtype=\"https:\/\/schema.org\/ImageObject\">\n\t\t\t\t<a href=\"\/yo\/oro\/omo-idile\/?utm_source=Home&#038;utm_medium=Referral&#038;utm_campaign=211Resources&#038;utm_content=Children\"  target=\"_self\" itemprop=\"url\">\n\t\t\t\t<img decoding=\"async\" src=\"https:\/\/211md.org\/wp-content\/uploads\/bb-plugin\/cache\/2025_211_Icon-Sets_Child-care-square-f3b0d4edab3dcc467fadb5f55f4064c6-.png\" alt=\"parent and child icon for child care\" height=\"417\" width=\"417\" title=\"2025_211_Icon Sets_Child itoju\" onerror=\"this.style.display='none'\" loading=\"lazy\" \/>\n\t\t\t\t<\/a>\n\t<\/figure>\n\t\t<h4><a href=\"\/yo\/oro\/abele-ebi-iwa-ipa\/?utm_source=Home&#038;utm_medium=Referral&#038;utm_campaign=211Resources&#038;utm_content=Domestic\" target=\"_self\">Iwa-ipa Abele<\/a><\/h4><figure itemscope itemtype=\"https:\/\/schema.org\/ImageObject\">\n\t\t\t\t<a href=\"\/yo\/oro\/abele-ebi-iwa-ipa\/?utm_source=Home&#038;utm_medium=Referral&#038;utm_campaign=211Resources&#038;utm_content=Domestic\"  target=\"_self\" itemprop=\"url\">\n\t\t\t\t<img decoding=\"async\" src=\"https:\/\/211md.org\/wp-content\/uploads\/bb-plugin\/cache\/2025_211_Icon-Sets_Domestic-Violence-square-7b597694a6f05fe90cdc376aa573bc63-.png\" alt=\"House with a heart in the middle icon\" height=\"417\" width=\"417\" title=\"2025_211_Icon \u1e62eto_Iwa-ipa Abele\" onerror=\"this.style.display='none'\" loading=\"lazy\" \/>\n\t\t\t\t<\/a>\n\t<\/figure>\n\t\t<h4><a href=\"\/yo\/oro\/wiwa-oojo\/?utm_source=Home&#038;utm_medium=Referral&#038;utm_campaign=211Resources&#038;utm_content=Employment\" target=\"_self\">Igbanisise<\/a><\/h4><figure itemscope itemtype=\"https:\/\/schema.org\/ImageObject\">\n\t\t\t\t<a href=\"\/yo\/oro\/wiwa-oojo\/?utm_source=Home&#038;utm_medium=Referral&#038;utm_campaign=211Resources&#038;utm_content=Employment\"  target=\"_self\" itemprop=\"url\">\n\t\t\t\t<img decoding=\"async\" src=\"https:\/\/211md.org\/wp-content\/uploads\/bb-plugin\/cache\/2025_MdInfoNet_Icon-Sets_Employment-square-44707bd410e4df10a470bf130ebcea86-.png\" alt=\"\" onerror=\"this.style.display='none'\" loading=\"lazy\" \/>\n\t\t\t\t<\/a>\n\t<\/figure>\n\t\t<h4><a href=\"\/yo\/oro\/itoju-ilera\/?utm_source=Home&#038;utm_medium=Referral&#038;utm_campaign=211Resources&#038;utm_content=Health%20Care\" target=\"_self\">It\u1ecdju Ilera<\/a><\/h4><figure itemscope itemtype=\"https:\/\/schema.org\/ImageObject\">\n\t\t\t\t<a href=\"\/yo\/oro\/itoju-ilera\/?utm_source=Home&#038;utm_medium=Referral&#038;utm_campaign=211Resources&#038;utm_content=Health%20Care\"  target=\"_self\" itemprop=\"url\">\n\t\t\t\t<img decoding=\"async\" src=\"https:\/\/211md.org\/wp-content\/uploads\/bb-plugin\/cache\/2025_MdInfoNet_Icon-Sets_Health-Care-square-dee98a0060cbe0e7f27eda253fc12679-.png\" alt=\"\" onerror=\"this.style.display='none'\" loading=\"lazy\" \/>\n\t\t\t\t<\/a>\n\t<\/figure>\n\t\t<h4><a href=\"\/yo\/oro\/tuntun-si-wa-ati-maryland\/?utm_source=Home&#038;utm_medium=Referral&#038;utm_campaign=211Resources&#038;utm_content=Immigration\" target=\"_self\">I\u1e63il\u1ecd<\/a><\/h4><figure itemscope itemtype=\"https:\/\/schema.org\/ImageObject\">\n\t\t\t\t<a href=\"\/yo\/oro\/tuntun-si-wa-ati-maryland\/?utm_source=Home&#038;utm_medium=Referral&#038;utm_campaign=211Resources&#038;utm_content=Immigration\"  target=\"_self\" itemprop=\"url\">\n\t\t\t\t<img decoding=\"async\" src=\"https:\/\/211md.org\/wp-content\/uploads\/bb-plugin\/cache\/2025_MdInfoNet_Icon-Sets_Immigration-square-8b97b7fdfe5e6071405e216855065118-.png\" alt=\"I\u1e63il\u1ecd icon\" title=\"2025_MdInfoNet_Icon-Sets_Immigration\" onerror=\"this.style.display='none'\" loading=\"lazy\" \/>\n\t\t\t\t<\/a>\n\t<\/figure>\n\t\t<h4><a href=\"\/yo\/oro\/omo-idile\/itoju-ibatan\/?utm_source=Home&#038;utm_medium=Referral&#038;utm_campaign=211Resources&#038;utm_content=Kinship\" target=\"_self\">\u00ccb\u00e1tan<\/a><\/h4><figure itemscope itemtype=\"https:\/\/schema.org\/ImageObject\">\n\t\t\t\t<a href=\"\/yo\/oro\/omo-idile\/itoju-ibatan\/?utm_source=Home&#038;utm_medium=Referral&#038;utm_campaign=211Resources&#038;utm_content=Kinship\"  target=\"_self\" itemprop=\"url\">\n\t\t\t\t<img decoding=\"async\" src=\"https:\/\/211md.org\/wp-content\/uploads\/bb-plugin\/cache\/2025_211_Icon-Sets_Kinship-square-45bdf872866f5735f842c32071109267-.png\" alt=\"Aami ibatan\" height=\"417\" width=\"417\" title=\"2025_211_Icon Sets_Kinship\" onerror=\"this.style.display='none'\" loading=\"lazy\" \/>\n\t\t\t\t<\/a>\n\t<\/figure>\n\t\t<h4><a href=\"\/yo\/oro\/ofin-awon-i%e1%b9%a3e\/?utm_source=Home&#038;utm_medium=Referral&#038;utm_campaign=211Resources&#038;utm_content=Legal\" target=\"_self\">Aw\u1ecdn i\u1e63\u1eb9 ofin<\/a><\/h4><figure itemscope itemtype=\"https:\/\/schema.org\/ImageObject\">\n\t\t\t\t<a href=\"\/yo\/oro\/ofin-awon-i%e1%b9%a3e\/?utm_source=Home&#038;utm_medium=Referral&#038;utm_campaign=211Resources&#038;utm_content=Legal\"  target=\"_self\" itemprop=\"url\">\n\t\t\t\t<img decoding=\"async\" src=\"https:\/\/211md.org\/wp-content\/uploads\/bb-plugin\/cache\/2025_MdInfoNet_Icon-Sets_Legal-square-18fdf438feb8435588174d9046463257-.png\" alt=\"\" onerror=\"this.style.display='none'\" loading=\"lazy\" \/>\n\t\t\t\t<\/a>\n\t<\/figure>\n\t\t<h4><a href=\"\/yo\/oro\/opolo-ilera\/?utm_source=Home&#038;utm_medium=Referral&#038;utm_campaign=211Resources&#038;utm_content=Mental\" target=\"_self\">Opolo Health<\/a><\/h4><figure itemscope itemtype=\"https:\/\/schema.org\/ImageObject\">\n\t\t\t\t<a href=\"\/yo\/oro\/opolo-ilera\/?utm_source=Home&#038;utm_medium=Referral&#038;utm_campaign=211Resources&#038;utm_content=Mental\"  target=\"_self\" itemprop=\"url\">\n\t\t\t\t<img decoding=\"async\" src=\"https:\/\/211md.org\/wp-content\/uploads\/bb-plugin\/cache\/2025_MdInfoNet_Icon-Sets_Mental-Health-square-c59b38c4a993a947d4c9280fbe2d2fee-.png\" alt=\"\" onerror=\"this.style.display='none'\" loading=\"lazy\" \/>\n\t\t\t\t<\/a>\n\t<\/figure>\n\t\t<h4><a href=\"\/yo\/oro\/ogbon-inu\/?utm_source=Home&#038;utm_medium=Referral&#038;utm_campaign=211Resources&#038;utm_content=Reentry\" target=\"_self\">Atunw\u1ecdle<\/a><\/h4><figure itemscope itemtype=\"https:\/\/schema.org\/ImageObject\">\n\t\t\t\t<a href=\"\/yo\/oro\/ogbon-inu\/?utm_source=Home&#038;utm_medium=Referral&#038;utm_campaign=211Resources&#038;utm_content=Reentry\"  target=\"_self\" itemprop=\"url\">\n\t\t\t\t<img decoding=\"async\" src=\"https:\/\/211md.org\/wp-content\/uploads\/bb-plugin\/cache\/2025_211_Icon-Sets_Reentry-square-8676fea38abd920a832f45642fe31cca-.png\" alt=\"Aami iw\u1ecdle\" height=\"417\" width=\"417\" title=\"2025_211_Icon Sets_Reentry\" onerror=\"this.style.display='none'\" loading=\"lazy\" \/>\n\t\t\t\t<\/a>\n\t<\/figure>\n\t\t<h4><a href=\"\/yo\/oro\/lilo-nkan-elo\/?utm_source=Home&#038;utm_medium=Referral&#038;utm_campaign=211Resources&#038;utm_content=Substance\" target=\"_self\">Ohun elo Lilo<\/a><\/h4><figure itemscope itemtype=\"https:\/\/schema.org\/ImageObject\">\n\t\t\t\t<a href=\"\/yo\/oro\/lilo-nkan-elo\/?utm_source=Home&#038;utm_medium=Referral&#038;utm_campaign=211Resources&#038;utm_content=Substance\"  target=\"_self\" itemprop=\"url\">\n\t\t\t\t<img decoding=\"async\" src=\"https:\/\/211md.org\/wp-content\/uploads\/bb-plugin\/cache\/2025_MdInfoNet_Icon-Sets_Substance-Abuse-square-4f414f085e657267739c181957754f48-.png\" alt=\"Pills for substance Use icon\" title=\"2025_MdInfoNet_Icon-Sets_Substance-Abuse\" onerror=\"this.style.display='none'\" loading=\"lazy\" \/>\n\t\t\t\t<\/a>\n\t<\/figure>\n\t\t<h4><a href=\"\/yo\/oro\/ogbo\/?utm_source=Home&#038;utm_medium=Referral&#038;utm_campaign=211Resources&#038;utm_content=Veterans\" target=\"_self\">Ogbo<\/a><\/h4><figure itemscope itemtype=\"https:\/\/schema.org\/ImageObject\">\n\t\t\t\t<a href=\"\/yo\/oro\/ogbo\/?utm_source=Home&#038;utm_medium=Referral&#038;utm_campaign=211Resources&#038;utm_content=Veterans\"  target=\"_self\" itemprop=\"url\">\n\t\t\t\t<img decoding=\"async\" src=\"https:\/\/211md.org\/wp-content\/uploads\/bb-plugin\/cache\/2025_MdInfoNet_Icon-Sets_Rating-square-6e60d00cce4faa8e0a6d4ad7366aa733-.png\" alt=\"\" onerror=\"this.style.display='none'\" loading=\"lazy\" \/>\n\t\t\t\t<\/a>\n\t<\/figure>","protected":false},"excerpt":{"rendered":"<p>\u1e62e o n wa ile-iwosan ilera \u1ecdf\u1eb9 tabi idiyele kekere tabi aw\u1ecdn orisun i\u1e63oogun miiran? Aw\u1ecdn i\u1e63\u1eb9 ilera le p\u1eb9lu aw\u1ecdn ibojuwo idena, aw\u1ecdn idanwo lab, it\u1ecdju alaboyun, ohun elo i\u1e63oogun ti iye owo kekere, it\u1ecdju oju, it\u1ecdju eh\u00edn, idanwo oyun, aw\u1ecdn ile-iwosan oniwosan oniwosan, i\u1e63eduro, ati di\u1eb9 sii. B\u1eb9r\u1eb9 Aw\u1ecdn orisun It\u1ecdju Ilera ti o w\u1ecdp\u1ecd Aw\u1ecdn aaye data orisun orisun 211 le \u1e63e iranl\u1ecdw\u1ecd fun \u1ecd lati wa\u2026<\/p>","protected":false},"author":8,"featured_media":3045,"parent":930,"menu_order":0,"comment_status":"closed","ping_status":"closed","template":"","meta":{"footnotes":""},"class_list":["post-838","page","type-page","status-publish","has-post-thumbnail","hentry"],"_links":{"self":[{"href":"https:\/\/211md.org\/yo\/wp-json\/wp\/v2\/pages\/838","targetHints":{"allow":["GET"]}}],"collection":[{"href":"https:\/\/211md.org\/yo\/wp-json\/wp\/v2\/pages"}],"about":[{"href":"https:\/\/211md.org\/yo\/wp-json\/wp\/v2\/types\/page"}],"author":[{"embeddable":true,"href":"https:\/\/211md.org\/yo\/wp-json\/wp\/v2\/users\/8"}],"replies":[{"embeddable":true,"href":"https:\/\/211md.org\/yo\/wp-json\/wp\/v2\/comments?post=838"}],"version-history":[{"count":11,"href":"https:\/\/211md.org\/yo\/wp-json\/wp\/v2\/pages\/838\/revisions"}],"predecessor-version":[{"id":34450,"href":"https:\/\/211md.org\/yo\/wp-json\/wp\/v2\/pages\/838\/revisions\/34450"}],"up":[{"embeddable":true,"href":"https:\/\/211md.org\/yo\/wp-json\/wp\/v2\/pages\/930"}],"wp:featuredmedia":[{"embeddable":true,"href":"https:\/\/211md.org\/yo\/wp-json\/wp\/v2\/media\/3045"}],"wp:attachment":[{"href":"https:\/\/211md.org\/yo\/wp-json\/wp\/v2\/media?parent=838"}],"curies":[{"name":"wp","href":"https:\/\/api.w.org\/{rel}","templated":true}]}}