{"id":912,"date":"2021-04-14T20:04:50","date_gmt":"2021-04-14T20:04:50","guid":{"rendered":"https:\/\/211md.org\/?page_id=912"},"modified":"2026-01-16T08:31:10","modified_gmt":"2026-01-16T13:31:10","slug":"pe-wa","status":"publish","type":"page","link":"https:\/\/211md.org\/yo\/contact-us\/","title":{"rendered":"Pe wa"},"content":{"rendered":"<p><strong>Dial 211 for questions about food, housing, rent, or other essential needs. <\/strong><\/p>\n<p>\u1e62ab\u1eb9wo si wa <a href=\"\/yo\/nipa\/gba-iranlowo\/\">gba oju-iwe iranl\u1ecdw\u1ecd<\/a> to learn more about the ways to connect with help.<\/p>\n<p>For general questions, not related to an essential need, you can contact us below or by emailing us at: <a href=\"mailto:info@211MD.org\" target=\"_blank\" rel=\"noopener\">info@211MD.org<\/a><\/p>\n<p>*We will respond when we can. To connect with help, please dial 211 or use the 211 Community Resource Database to <a href=\"http:\/\/search.211md.org\" target=\"_blank\" rel=\"noopener\">search for resources<\/a>.<\/p>\n\t<h2>Nini Wahala?<\/h2>\n<p>Pup\u1ecd aw\u1ecdn foonu \u1e63e atil\u1eb9yin tit\u1eb9 211. Ti o ba ni wahala lati de \u1ecdd\u1ecd 211, o le pe lo aw\u1ecdn n\u1ecdmba w\u1ecdnyi lati ba alam\u1ecdja ipe 211 s\u1ecdr\u1ecd:<\/p>\n<strong>Agbegbe Olu &amp; S. Maryland:<\/strong>\u00a0301-864-7161<br \/>\nCalvert, Charles, Prince George&#039;s, Aw\u1ecdn agbegbe St. Mary ati gusu 2\/3rd ti Montgomery County\n<strong>Central Maryland:<\/strong> 1-866-406-8156<br \/>\nAnne Arundel, Baltimore, Ilu Baltimore, Carroll, Harford, ati Aw\u1ecdn agbegbe Howard\n<strong>Okun Ila-oorun:<\/strong>\u00a01-866-231-7101<br \/>\nCaroline, Cecil, Dorchester, Kent, Queen Anne, Somerset, Talbot, Wicomico ati Aw\u1ecdn agbegbe Worcester\n<strong>Western Maryland:<\/strong>\u00a01-866-411-6803<br \/>\nAllegany, Frederick, Garrett ati Aw\u1ecdn agbegbe Washington ati ariwa 1\/3rd ti Montgomery County\n\t<h2>Pe wa<\/h2>\n<p>O le de \u1ecdd\u1ecd \u1ecdfiisi wa nipa pipe 301-970-9888.<\/p>\n<strong>Adir\u1eb9si:<\/strong><br \/>\n<a href=\"https:\/\/maps.app.goo.gl\/rvmzh444CPiBK11C6\" target=\"_blank\" rel=\"noopener\">Maryland Information Network, powering 211 Maryland<\/a><br \/>\n9770 Patuxent Woods wak\u1ecd<br \/>\nSuite 334<br \/>\nColumbia, D\u00f3k\u00edt\u00e0 21046\n<p>&nbsp;<\/p>","protected":false},"excerpt":{"rendered":"<p>Dial 211 for questions about food, housing, rent, or other essential needs. Visit our get help page to learn more about the ways to connect with help. For general questions, not related to an essential need, you can contact us below or by emailing us at: info@211MD.org *We will respond when we can. To connect&hellip;<\/p>","protected":false},"author":8,"featured_media":931,"parent":0,"menu_order":0,"comment_status":"closed","ping_status":"closed","template":"","meta":{"footnotes":""},"class_list":["post-912","page","type-page","status-publish","has-post-thumbnail","hentry"],"_links":{"self":[{"href":"https:\/\/211md.org\/yo\/wp-json\/wp\/v2\/pages\/912","targetHints":{"allow":["GET"]}}],"collection":[{"href":"https:\/\/211md.org\/yo\/wp-json\/wp\/v2\/pages"}],"about":[{"href":"https:\/\/211md.org\/yo\/wp-json\/wp\/v2\/types\/page"}],"author":[{"embeddable":true,"href":"https:\/\/211md.org\/yo\/wp-json\/wp\/v2\/users\/8"}],"replies":[{"embeddable":true,"href":"https:\/\/211md.org\/yo\/wp-json\/wp\/v2\/comments?post=912"}],"version-history":[{"count":8,"href":"https:\/\/211md.org\/yo\/wp-json\/wp\/v2\/pages\/912\/revisions"}],"predecessor-version":[{"id":4874,"href":"https:\/\/211md.org\/yo\/wp-json\/wp\/v2\/pages\/912\/revisions\/4874"}],"wp:featuredmedia":[{"embeddable":true,"href":"https:\/\/211md.org\/yo\/wp-json\/wp\/v2\/media\/931"}],"wp:attachment":[{"href":"https:\/\/211md.org\/yo\/wp-json\/wp\/v2\/media?parent=912"}],"curies":[{"name":"wp","href":"https:\/\/api.w.org\/{rel}","templated":true}]}}