{"id":920,"date":"2021-04-15T13:52:40","date_gmt":"2021-04-15T13:52:40","guid":{"rendered":"https:\/\/211md.org\/?page_id=920"},"modified":"2025-06-24T16:57:50","modified_gmt":"2025-06-24T20:57:50","slug":"aces","status":"publish","type":"page","link":"https:\/\/211md.org\/yo\/resources\/children-families\/aces\/","title":{"rendered":"Idil\u1ecdw\u1ecd Aw\u1ecdn ip\u1ecdnju \u1ecdm\u1ecdde"},"content":{"rendered":"<p>Aw\u1ecdn iriri \u1ecdm\u1ecdde, rere ati buburu, \u1e63e ap\u1eb9r\u1eb9 \u1ecdp\u1ecdl\u1ecd idagbasoke \u1ecdm\u1ecdde. Aw\u1ecdn agbegbe \u1e63e ipa kan ni ipese aw\u1ecdn agbegbe rere ati idil\u1ecdw\u1ecd aw\u1ecdn ip\u1ecdnju.<\/p>\n<h2>K\u00ed N\u00ecd\u00ed T\u00ed \u00ccp\u1ecd\u0301nj\u00fa \u1eccm\u1ecdd\u00e9 Fi \u1e62e P\u00e0t\u00e0k\u00ec?<\/h2>\n<p>Aw\u1ecdn iriri \u1ecdm\u1ecdde buburu ati aw\u1ecdn agbegbe j\u1eb9 w\u1ecdp\u1ecd. W\u1ecdn p\u1eb9lu aw\u1ecdn nkan bii ij\u1eb9ri iwa-ipa tabi ni iriri iyasoto.<\/p>\n<p>Ti aw\u1ecdn \u1ecdm\u1ecdde ko ba gba atil\u1eb9yin nigba ti nk\u1ecdju si aw\u1ecdn ip\u1ecdnju, o le fa ipalara ti o p\u1eb9, ti o dinku ilera \u1eb9dun ati ti ara aw\u1ecdn \u1ecdm\u1ecdde.<\/p>\n<p>Nigbati aw\u1ecdn \u1ecdm\u1ecdde ba farahan si ip\u1ecdnju nla, ati pe aw\u1ecdn agbalagba ko wa nib\u1eb9 lati \u1e63e iranl\u1ecdw\u1ecd fun w\u1ecdn lati koju, aw\u1ecdn eto aap\u1ecdn w\u1ecdn le mu \u1e63i\u1e63\u1eb9 p\u1ecd. \u201cIdahun aap\u1ecdn majele\u201d yii \u1e63e alekun eewu ti aw\u1ecdn i\u1e63oro ilera nigbamii. Sib\u1eb9sib\u1eb9 aw\u1ecdn \u1ecdm\u1ecdde le farada aap\u1ecdn lile - ti o ba j\u1eb9 iduro\u1e63in\u1e63in, aw\u1ecdn ibatan agbalagba ti o \u1e63e idahun wa ni aaye lati da ipa odi naa duro.<\/p>\n\t\t\t\t<img decoding=\"async\" src=\"http:\/\/211md.org\/wp-content\/uploads\/2024\/02\/Mom-comforting-daughter-grabbing-her-face.jpg\" alt=\"Mama itunu \u1ecdm\u1ecdbinrin nigba iponju grabbing oju r\u1eb9\" itemprop=\"image\" title=\"Mama itunu \u1ecdm\u1ecdbinrin grabbing oju r\u1eb9\" onerror=\"this.style.display='none'\"  \/>\n\t<h3>Bawo ni Ibanuj\u1eb9 Tete \u1e62e Ipa Aw\u1ecdn \u1ecdm\u1ecdde<\/h3>\n<p>Ni ipari aw\u1ecdn \u1ecddun 1990, iwadii ala-il\u1eb9 fihan ibatan ti o lagbara laarin pataki, aw\u1ecdn i\u1e63\u1eb9l\u1eb9 odi ni igba ewe ati ilera ti ara ati ti \u1ecdp\u1ecdl\u1ecd eniyan ni agba.<\/p>\n<p>Aw\u1ecdn <a href=\"https:\/\/vetoviolence.cdc.gov\/apps\/aces-infographic\/\" target=\"_blank\" rel=\"noopener\">Iwadi Aw\u1ecdn iriri \u1eccm\u1ecdde ti ko dara (ACE).<\/a> beere l\u1ecdw\u1ecd aw\u1ecdn alaisan agbalagba lati \u1e63ab\u1ecd di\u1eb9 ninu aw\u1ecdn i\u1e63\u1eb9l\u1eb9 ti o lewu ti o le ni iriri \u1e63aaju ki o to \u1ecdj\u1ecd ori 18. Aw\u1ecdn oniwadi beere ni pato nipa aw\u1ecdn iriri 10 ti o nira - aw\u1ecdn nkan bi ij\u1eb9ri tabi iriri iwa-ipa tabi gbigbe p\u1eb9lu \u1ecdm\u1ecd \u1eb9gb\u1eb9 \u1eb9bi ti o ni aisan ailera - ati l\u1eb9hinna wo lati wo bi n\u1ecdmba aw\u1ecdn ACE \u1e63e t\u1ecdpa p\u1eb9lu aw\u1ecdn abajade ilera ilera agbalagba.<\/p>\n<p>Di\u1eb9 ninu aw\u1ecdn awari ni ibamu p\u1eb9lu ohun ti a le reti. Fun ap\u1eb9\u1eb9r\u1eb9, aw\u1ecdn eniyan ti o ti ni iriri ilokulo tabi aibikita bi aw\u1ecdn \u1ecdm\u1ecdde ni o \u1e63eese lati ni aw\u1ecdn italaya ilera \u1ecdp\u1ecdl\u1ecd bi aw\u1ecdn agbalagba.<\/p>\n<p>\u1e62ugb\u1ecdn aw\u1ecdn awari miiran j\u1eb9 iyal\u1eb9nu - bii riri pe di\u1eb9 sii ni kutukutu ip\u1ecdnju eniyan ni iriri di\u1eb9 sii ni ipa ti o ni ni igbesi aye nigbamii. I\u1e63\u1eb9l\u1eb9 pataki kan ni igba ewe dabi pe o ni di\u1eb9 tabi ko ni aw\u1ecdn abajade igba pip\u1eb9. \u1e62ugb\u1ecdn aw\u1ecdn ACE pup\u1ecd p\u1ecd si eewu aw\u1ecdn i\u1e63oro ilera ni agba.<\/p>\n<p>Fun ap\u1eb9\u1eb9r\u1eb9, aw\u1ecdn \u1ecdm\u1ecdde ti o ni iriri aw\u1ecdn iriri ikolu m\u1eb9rin j\u1eb9 il\u1ecdpo meji ti o le \u1e63e ay\u1eb9wo p\u1eb9lu ak\u00e0n ju aw\u1ecdn ti ko ni aw\u1ecdn iriri pataki ti ipalara \u1ecdm\u1ecdde.<\/p>\n<h3>\u1e62e Ip\u1ecdnju W\u1ecdp\u1ecd?<\/h3>\n<p>B\u00ed \u00ecw\u1ecd t\u00e0b\u00ed \u1ecdm\u1ecd r\u1eb9 b\u00e1 ti doj\u00fa k\u1ecd \u00ecp\u1ecd\u0301nj\u00fa \u0144l\u00e1, k\u00ec \u00ed \u1e63e \u00ecw\u1ecd n\u00eckan. Pup\u1ecd eniyan ni Maryland ti ni iriri o kere ju iru ip\u1ecdnju kan nipas\u1eb9 akoko ti w\u1ecdn j\u1eb9 agbalagba.<\/p>\n<blockquote><p>Nipa 1 ni 4 olugbe Maryland ti ni iriri 3 tabi di\u1eb9 sii ACE, ni ibamu si <a href=\"http:\/\/goccp.maryland.gov\/wp-content\/uploads\/ACEs-Handouts.pdf\" target=\"_blank\" rel=\"noopener\">Igbim\u1ecd Ipinle Maryland lori ilokulo \u1ecdm\u1ecdde &amp; Aibikita<\/a>.<\/p><\/blockquote>\n\t\t<h2>\t\n\tPe 9-8-8 fun Atil\u1eb9yin Ilera \u1eccp\u1ecdl\u1ecd<\/h2><p>Ti iw\u1ecd tabi \u1ecdm\u1ecd r\u1eb9 ba ti ni iriri ip\u1ecdnju nla ati pe o ni aniyan pe o kan ilera r\u1eb9 tabi ilera \u1ecdp\u1ecdl\u1ecd, pe 9-8-8 fun iranl\u1ecdw\u1ecd l\u1eb9s\u1eb9k\u1eb9s\u1eb9.<\/p>\n<p>O tun le wa aw\u1ecdn <a href=\"https:\/\/search.988.mdinfonet.org\/\" target=\"_blank\" rel=\"noopener\">ibi ipam\u1ecd data ilera ihuwasi ti ipinl\u1eb9 jul\u1ecd<\/a> fun atil\u1eb9yin nitosi r\u1eb9.<\/p>\n\t<h2>K\u00ed L\u00e8 \u1e62e?<\/h2>\n<p>G\u1eb9g\u1eb9bi ipinle, a le \u1e63e igbelaruge ilera ati ilera nipas\u1eb9 gbigbe aw\u1ecdn igbes\u1eb9 lati dena aw\u1ecdn ip\u1ecdnju ni ak\u1ecdk\u1ecd ati fifun atil\u1eb9yin fun aw\u1ecdn eniyan ti o ti ni iriri ip\u1ecdnju, paapaa aw\u1ecdn \u1ecdm\u1ecdde ati aw\u1ecdn agbalagba ni igbesi aye w\u1ecdn.<\/p>\n<p>O le gb\u1ecd <a href=\"https:\/\/211md.org\/yo\/isele-16-springboard-awujo-awon-i%e1%b9%a3e\/\" target=\"_blank\" rel=\"noopener\">Episode 17 ti Kini 211 naa? adar\u1ecd ese lati gb\u1ecd bi Springboard Community Services<\/a> n \u1e63i\u1e63\u1eb9 p\u1eb9lu <a href=\"https:\/\/www.springboardmd.org\/adverse-childhood-experiences-interface-training\/\" target=\"_blank\" rel=\"noopener\">Agbegbe Harford<\/a> lati k\u1ecd agbegbe ti ara \u1eb9ni iwosan ti o dinku aw\u1ecdn i\u1e63\u1eb9l\u1eb9 ti aw\u1ecdn iriri \u1ecdm\u1ecdde buburu.<\/p>\n\t\t\t\t<img decoding=\"async\" src=\"http:\/\/211md.org\/wp-content\/uploads\/2024\/02\/Dad-and-daughter-bonding-with-heads-together-looking-at-each-other-smiling.jpg\" alt=\"Baba ati \u1ecdm\u1ecdbinrin n wo ara w\u1ecdn ni \u1eb9rin\" itemprop=\"image\" title=\"B\u00e0b\u00e1 \u00e0ti \u1ecdm\u1ecdb\u00ecnrin \u0144 f\u1ecdw\u1ecd\u0301 sow\u1ecd\u0301 p\u1ecd\u0300 p\u1eb9\u0300l\u00fa \u00e0w\u1ecdn or\u00ed pap\u1ecd\u0300 \u0144 wo ara w\u1ecdn t\u00ed w\u1ecd\u0301n \u0144 r\u1eb9\u0301r\u00ecn-\u00edn m\u00fas\u1eb9\u0301\" onerror=\"this.style.display='none'\"  \/>\n\t\t\t\t<img decoding=\"async\" src=\"http:\/\/211md.org\/wp-content\/uploads\/2024\/02\/Dad-talking-to-his-child-on-park-bench.jpg\" alt=\"B\u00e0b\u00e1 \u0144 b\u00e1 \u1ecdm\u1ecd r\u1eb9\u0300 s\u1ecd\u0300r\u1ecd\u0300 l\u00f3r\u00ed \u00ecj\u00f3k\u00f2\u00f3 \u1ecdgb\u00e0 \u00ectura\" itemprop=\"image\" title=\"\u1eccm\u1ecdbinrin \u1ecdd\u1ecdm\u1ecdkunrin ti o l\u1eb9wa ti n s\u1ecd aw\u1ecdn a\u1e63iri fun baba, ni isinmi lori ibujoko ni \u1ecdgba i\u1e63ere\" onerror=\"this.style.display='none'\"  \/>\n\t<h3>211 So Aw\u1ecdn obi p\u1ecd si Atil\u1eb9yin<\/h3>\n<p>O gba agbegbe kan lati \u1e63e idiw\u1ecd ACE. Atil\u1eb9yin \u1ecdr\u1ecd-aje, aw\u1ecdn obi rere ati abojuto didara ati \u1eb9k\u1ecd j\u1eb9 aw\u1ecdn \u1ecdna ipil\u1eb9 m\u1eb9ta lati \u1e63e idiw\u1ecd ibalokanj\u1eb9 yii.\u00a0\u00a0<\/p>\n<p>211 atil\u1eb9yin aw\u1ecdn obi p\u1eb9lu oro fun <a href=\"https:\/\/211md.org\/yo\/oro\/ibugbe-ibugbe\/\">ibugbe<\/a>, <a href=\"https:\/\/211md.org\/yo\/oro\/iranlowo-ohun-elo\/\">owo IwUlO<\/a>, <a href=\"https:\/\/211md.org\/yo\/oro\/wiwa-oojo\/\">ise sise<\/a> ati <a href=\"https:\/\/211md.org\/yo\/oro\/omo-idile\/\">it\u1ecdju \u1ecdm\u1ecd<\/a>.\u00a0\u00a0<\/p>\n<p>Nigbati o ba pe 2-1-1, iw\u1ecd yoo s\u1ecdr\u1ecd si Alaye ati Alam\u1ecdja Ifiran\u1e63\u1eb9 ti o le \u1e63e iranl\u1ecdw\u1ecd fun \u1ecd lati \u1e63e idanim\u1ecd aw\u1ecdn eto ati aw\u1ecdn orisun ti o le pese atil\u1eb9yin.<\/p>\n<p>O tun le sop\u1ecd p\u1eb9lu a <a href=\"https:\/\/211md.org\/yo\/oro\/omo-idile\/jije-obi\/\">Eto atil\u1eb9yin \u1eb9l\u1eb9gb\u1eb9 \u1eb9bi tabi eto atil\u1eb9yin obi miiran<\/a>.<\/p>\n\t<h3>Atil\u1eb9yin \u1ecdr\u1ecd \u1ecdd\u1ecdm\u1ecdkunrin<\/h3>\n<p><a href=\"https:\/\/211md.org\/yo\/nipa\/awon-ifororan%e1%b9%a3e\/myoungminds\/\">MDYoungMinds<\/a> j\u1eb9 eto atil\u1eb9yin \u1ecdr\u1ecd \u1ecdd\u1ecd ti o jiroro aw\u1ecdn ifiyesi \u1ecdd\u1ecd. Foruk\u1ecdsil\u1eb9 nipa kik\u1ecd MDYoungMinds si 898-211.<\/p>\n<p>Ti iw\u1ecd tabi \u1eb9nikan ti o m\u1ecd nilo atil\u1eb9yin l\u1eb9s\u1eb9k\u1eb9s\u1eb9, pe tabi fi \u1ecdr\u1ecd ran\u1e63\u1eb9 988. Iw\u1ecd yoo s\u1ecdr\u1ecd tabi firan\u1e63\u1eb9 p\u1eb9lu \u1eb9nikan ni 988 Suicide &amp; Crisis Lifeline. Online chats ni <a href=\"https:\/\/988lifeline.org\/chat\/\" target=\"_blank\" rel=\"noopener\">English<\/a> ati <a href=\"https:\/\/988lifeline.org\/es\/chat\/\" target=\"_blank\" rel=\"noopener\">Sipeeni<\/a> tun wa.\u00a0<\/p>\n<p>&nbsp;<\/p>\n\t<h3>Darap\u1ecd m\u1ecd \u1eb9gb\u1eb9 atil\u1eb9yin \u1eb9l\u1eb9gb\u1eb9 \u1eb9bi kan<\/h3>\n<p>O tun le kan si I\u1e63\u1ecdkan Aw\u1ecdn idile ti Maryland. W\u1ecdn funni ni Aw\u1ecdn alam\u1ecdja Alam\u1ecdja \u1eb8l\u1eb9gb\u1eb9 \u1eb8l\u1eb9gb\u1eb9 ti o le \u1e63e iranl\u1ecdw\u1ecd fun aw\u1ecdn idile lil\u00f6 kiri aw\u1ecdn i\u1e63\u1eb9, t\u1eb9tisi aw\u1ecdn ifiyesi, l\u1ecd si aw\u1ecdn ipade p\u1eb9lu \u1eb9bi, \u1e63alaye aw\u1ecdn \u1eb9t\u1ecd, \u1e63e aw\u1ecdn asop\u1ecd, pese aw\u1ecdn anfani ik\u1eb9k\u1ecd ati ijade.\u00a0<\/p>\n<p>\u1eccf\u1eb9 ni i\u1e63\u1eb9 naa. Pe 410-730-8267 ki o t\u1eb9 1 fun atil\u1eb9yin l\u1eb9s\u1eb9k\u1eb9s\u1eb9. O tun le\u00a0<a href=\"http:\/\/www.mdcoalition.org\/get-help-now\/list-of-family-navigators\" target=\"_blank\" rel=\"noopener\">kan si alam\u1ecdja atil\u1eb9yin \u1eb9l\u1eb9gb\u1eb9 agbegbe ni agbegbe r\u1eb9<\/a>.\u00a0<\/p>\n<p>MCF tun nfunni ni aw\u1ecdn \u1eb9gb\u1eb9 atil\u1eb9yin ni gbogbo ipinl\u1eb9 fun ibinuj\u1eb9, lilo nkan, atil\u1eb9yin \u1eb9l\u1eb9gb\u1eb9 ati di\u1eb9 sii.\u00a0<a href=\"http:\/\/www.mdcoalition.org\/get-help-now\/parent-caregiver-support-groups\" target=\"_blank\" rel=\"noopener\">Wa \u1eb9gb\u1eb9 atil\u1eb9yin Maryland fun aw\u1ecdn obi, aw\u1ecdn alabojuto tabi aw\u1ecdn \u1ecdd\u1ecd<\/a>.\u00a0<\/p>\n<p>O tun le wa aw\u1ecdn orisun fun \u1ecdp\u1ecdl\u1ecdp\u1ecd aw\u1ecdn ifiyesi ilera \u1ecdp\u1ecdl\u1ecd bii ibalokanj\u1eb9, ADHD ati ibanuj\u1eb9 ninu Ohun elo Ohun elo \u1eb8bi ti Ilera \u1eccp\u1ecdl\u1ecd Aw\u1ecdn \u1ecdm\u1ecdde, ti o wa ninu <a href=\"https:\/\/www.childrensmentalhealthmatters.org\/files\/2021\/03\/CMHM-Family-Resource-Kit-2021.pdf\" target=\"_blank\" rel=\"noopener\">English<\/a> ati <a href=\"https:\/\/www.childrensmentalhealthmatters.org\/files\/2021\/07\/CMHM-Family-Resource-Kit-2021_ES.pdf\" target=\"_blank\" rel=\"noopener\">Sipeeni<\/a>.<\/p>\n<p>&nbsp;<\/p>\n<h2>Alaye ti o j\u1ecdm\u1ecd<\/h2>\n<p><a title=\"Jije Obi\" href=\"https:\/\/211md.org\/yo\/oro\/omo-idile\/jije-obi\/\">Atil\u1eb9yin obi<\/a><\/p>\n<p><a title=\"Aw\u1ecdn eto Ooru\" href=\"https:\/\/211md.org\/yo\/oro\/omo-idile\/ooru-awon-eto\/\">Aw\u1ecdn eto Ooru<\/a><\/p>\n<p><a title=\"Nini \u1eccm\u1ecd\" href=\"https:\/\/211md.org\/yo\/oro\/omo-idile\/nini-omo\/\">Nini \u1eccm\u1ecd<\/a><\/p>\n<p><a href=\"https:\/\/211md.org\/yo\/oro\/ounje\/wic\/\">Aw\u1ecdn Obirin, Aw\u1ecdn \u1ecdm\u1ecdde ati Aw\u1ecdn \u1ecdm\u1ecdde (WIC)<\/a><\/p>\n<p><a title=\"Omo Mi Ko Dari\" href=\"https:\/\/211md.org\/yo\/oro\/omo-idile\/awon-iwa-omo\/\">Aw\u1ecdn iwa \u1ecdm\u1ecd<\/a><\/p>\n<p><a href=\"https:\/\/211md.org\/yo\/oro\/omo-idile\/itoju-ibatan\/\" target=\"_blank\" rel=\"noopener\">It\u1ecdju ibatan<\/a><\/p>\n<p><a href=\"https:\/\/211md.org\/yo\/oro\/omo-idile\/ibatan-ibatan\/\" target=\"_blank\" rel=\"noopener\">Lil\u1ecd kiri ibatan<\/a><\/p>\n<h2>\n\t\tWa Oro\n\t<\/h2>\n\t\t\t\t<a href=\"\/yo\/oro\/ailera-ti-ogbo\/\"  target=\"_self\" itemprop=\"url\">\n\t\t\t\t<img loading=\"lazy\" decoding=\"async\" src=\"https:\/\/211md.org\/wp-content\/uploads\/bb-plugin\/cache\/Mask-Group-41@2x-circle-73eaadba4cad8269faa4720e25cf1c85-.png\" alt=\"\u1eb8s\u1eb9 ti agbalagba obirin ati \u1ecdm\u1ecddebinrin ti nrin pap\u1ecd\" itemprop=\"image\" height=\"500\" width=\"500\" title=\"Aw\u1ecdn i\u1e63\u1eb9 ailera\" onerror=\"this.style.display='none'\"  \/>\n\t\t\t\t<\/a>\n\t\t<h3><a href=\"\/yo\/oro\/ailera-ti-ogbo\/\" target=\"_self\">Ti ogbo &amp; Alaabo<\/a><\/h3>\t\n\t\t\t\t<a href=\"\/yo\/oro\/omo-idile\/\"  target=\"_self\" itemprop=\"url\">\n\t\t\t\t<img loading=\"lazy\" decoding=\"async\" src=\"https:\/\/211md.org\/wp-content\/uploads\/bb-plugin\/cache\/Mask-Group-38@2x-circle-ac40d46265fbec62083cd27f6dcf23b0-.png\" alt=\"\u1eccd\u1ecdm\u1ecdkunrin ati \u1ecdm\u1ecddebinrin kan n r\u1eb9rin mus\u1eb9 ati wiwo kam\u1eb9ra naa\" itemprop=\"image\" height=\"500\" width=\"500\" title=\"\u1eb8gb\u1eb9 boju 38@2x\" onerror=\"this.style.display='none'\"  \/>\n\t\t\t\t<\/a>\n\t\t<h3><a href=\"\/yo\/oro\/omo-idile\/\" target=\"_self\">Aw\u1ecdn \u1ecdm\u1ecdde &amp; Aw\u1ecdn idile<\/a><\/h3>\t\n\t\t\t\t<a href=\"\/yo\/oro\/abele-ebi-iwa-ipa\/\"  target=\"_self\" itemprop=\"url\">\n\t\t\t\t<img loading=\"lazy\" decoding=\"async\" src=\"https:\/\/211md.org\/wp-content\/uploads\/bb-plugin\/cache\/Mask-Group-39@2x-circle-b2589197a13c791d910f46dd10b27a87-.png\" alt=\"\u1eccw\u1ecd meji meji di ara w\u1ecdn mu\" itemprop=\"image\" height=\"500\" width=\"500\" title=\"\u1eb8gb\u1eb9 boju 39@2x\" onerror=\"this.style.display='none'\"  \/>\n\t\t\t\t<\/a>\n\t\t<h3><a href=\"\/yo\/oro\/abele-ebi-iwa-ipa\/\" target=\"_self\">Abele \/ \u00ccd\u00edl\u00e9 Iwa-ipa<\/a><\/h3>\t\n\t\t\t\t<a href=\"\/yo\/oro\/wiwa-oojo\/\"  target=\"_self\" itemprop=\"url\">\n\t\t\t\t<img loading=\"lazy\" decoding=\"async\" src=\"https:\/\/211md.org\/wp-content\/uploads\/bb-plugin\/cache\/Employment-circle-bf72562329e950df948954f5d3f44b2e-.png\" alt=\"Mekaniki \u1ecdk\u1ecd ay\u1ecdk\u1eb9l\u1eb9 kan\" itemprop=\"image\" height=\"500\" width=\"500\" title=\"Igbanisise\" onerror=\"this.style.display='none'\"  \/>\n\t\t\t\t<\/a>\n\t\t<h3><a href=\"\/yo\/oro\/wiwa-oojo\/\" target=\"_self\">Igbanisise<\/a><\/h3>\t\n\t\t\t\t<a href=\"\/yo\/oro\/itoju-ilera\/\"  target=\"_self\" itemprop=\"url\">\n\t\t\t\t<img loading=\"lazy\" decoding=\"async\" src=\"https:\/\/211md.org\/wp-content\/uploads\/bb-plugin\/cache\/Mask-Group-35@2x-circle-94be10c13e4adae1683b4589dc2f5b2f-.png\" alt=\"Dokita ti n wo \u1eb9s\u1eb9 aw\u1ecdn \u1ecdm\u1ecdkunrin\" itemprop=\"image\" height=\"500\" width=\"500\" title=\"\u1eb8gb\u1eb9 boju 35@2x\" onerror=\"this.style.display='none'\"  \/>\n\t\t\t\t<\/a>\n\t\t<h3><a href=\"\/yo\/oro\/itoju-ilera\/\" target=\"_self\">It\u1ecdju Ilera<\/a><\/h3>\t\n\t\t\t\t<a href=\"\/yo\/oro\/ounje\/\"  target=\"_self\" itemprop=\"url\">\n\t\t\t\t<img loading=\"lazy\" decoding=\"async\" src=\"https:\/\/211md.org\/wp-content\/uploads\/bb-plugin\/cache\/Mask-Group-32@2x-circle-1c6d647dcaf998fa079d26735cedc92b-.png\" alt=\"Aw\u1ecdn \u1eb9f\u1ecd titun\" itemprop=\"image\" height=\"500\" width=\"500\" title=\"\u1eb8gb\u1eb9 boju 32@2x\" onerror=\"this.style.display='none'\"  \/>\n\t\t\t\t<\/a>\n\t\t<h3><a href=\"\/yo\/oro\/ounje\/\" target=\"_self\">Ounj\u1eb9<\/a><\/h3>\t\n\t\t\t\t<a href=\"\/yo\/oro\/ibugbe-ibugbe\/\"  target=\"_self\" itemprop=\"url\">\n\t\t\t\t<img loading=\"lazy\" decoding=\"async\" src=\"https:\/\/211md.org\/wp-content\/uploads\/bb-plugin\/cache\/Mask-Group-34@2x-circle-b99c55fc16ef21f35e2f2a1f7cc37b9a-.png\" alt=\"Iy\u1eb9wu eka balikoni\" itemprop=\"image\" height=\"500\" width=\"500\" title=\"Iy\u1eb9wu-Complex\" onerror=\"this.style.display='none'\"  \/>\n\t\t\t\t<\/a>\n\t\t<h3><a href=\"\/yo\/oro\/ibugbe-ibugbe\/\" target=\"_self\">Ibugbe &amp; Koseemani<\/a><\/h3>\t\n\t\t\t\t<a href=\"\/yo\/oro\/tuntun-si-wa-ati-maryland\/\"  target=\"_self\" itemprop=\"url\">\n\t\t\t\t<img loading=\"lazy\" decoding=\"async\" src=\"https:\/\/211md.org\/wp-content\/uploads\/bb-plugin\/cache\/American-flag-circle-0016cc327e27ef7aeb080f1da6c6e98b-.jpg\" alt=\"titun si United States\" itemprop=\"image\" height=\"364\" width=\"1366\" title=\"American-flag\" onerror=\"this.style.display='none'\"  \/>\n\t\t\t\t<\/a>\n\t\t<h3><a href=\"\/yo\/oro\/tuntun-si-wa-ati-maryland\/\" target=\"_self\">I\u1e63il\u1ecd<\/a><\/h3>\t\n\t\t\t\t<a href=\"\/yo\/oro\/omo-idile\/itoju-ibatan\/\"  target=\"_self\" itemprop=\"url\">\n\t\t\t\t<img decoding=\"async\" src=\"https:\/\/211md.org\/wp-content\/uploads\/bb-plugin\/cache\/kinship-family-navigating-a-computer-circle-045fee9d587aefb20221bfea41a2cf9b-.png\" alt=\"ibatan idile lil\u1ecd kiri k\u1ecdmputa kan\" itemprop=\"image\" title=\"ibatan idile lil\u1ecd kiri k\u1ecdmputa kan\" onerror=\"this.style.display='none'\"  \/>\n\t\t\t\t<\/a>\n\t\t<h3><a href=\"\/yo\/oro\/omo-idile\/itoju-ibatan\/\" target=\"_self\">\u00ccb\u00e1tan<\/a><\/h3>\t\n\t\t\t\t<a href=\"\/yo\/oro\/ofin-awon-i%e1%b9%a3e\/\"  target=\"_self\" itemprop=\"url\">\n\t\t\t\t<img loading=\"lazy\" decoding=\"async\" src=\"https:\/\/211md.org\/wp-content\/uploads\/bb-plugin\/cache\/Housing-Legal-circle-9a8f3c1c72c54b6e1ce612d2993c1ad4-.png\" alt=\"Ofin gavel p\u1eb9lu kan ike awo\u1e63e ti a ile t\u00f3k\u00e0n si o\" itemprop=\"image\" height=\"348\" width=\"460\" title=\"Ofin Ile\" onerror=\"this.style.display='none'\"  \/>\n\t\t\t\t<\/a>\n\t\t<h3><a href=\"\/yo\/oro\/ofin-awon-i%e1%b9%a3e\/\" target=\"_self\">Aw\u1ecdn i\u1e63\u1eb9 ofin<\/a><\/h3>\t\n\t\t\t\t<a href=\"\/yo\/oro\/opolo-ilera\/\"  target=\"_self\" itemprop=\"url\">\n\t\t\t\t<img loading=\"lazy\" decoding=\"async\" src=\"https:\/\/211md.org\/wp-content\/uploads\/bb-plugin\/cache\/Mask-Group-40@2x-circle-7bd9426367852fb3d841bc4bdc57a550-.png\" alt=\"Aw\u1ecdn profaili ti \u1ecdkunrin kan ati obinrin\" itemprop=\"image\" height=\"500\" width=\"500\" title=\"\u1eb8gb\u1eb9 boju 40@2x\" onerror=\"this.style.display='none'\"  \/>\n\t\t\t\t<\/a>\n\t\t<h3><a href=\"\/yo\/oro\/opolo-ilera\/\" target=\"_self\">Opolo Health<\/a><\/h3>\t\n\t\t\t\t<a href=\"\/yo\/oro\/ogbon-inu\/\"  target=\"_self\" itemprop=\"url\">\n\t\t\t\t<img loading=\"lazy\" decoding=\"async\" src=\"https:\/\/211md.org\/wp-content\/uploads\/bb-plugin\/cache\/Diverse-group-of-community-members-circle-4457c114cd48613bc79a0fb50060319c-.jpg\" alt=\"\u1eb8gb\u1eb9 Oniruuru ti aw\u1ecdn \u1ecdm\u1ecd \u1eb9gb\u1eb9 agbegbe\" itemprop=\"image\" height=\"800\" width=\"1200\" title=\"\u1eb8gb\u1eb9 Oniruuru ti aw\u1ecdn \u1ecdm\u1ecd \u1eb9gb\u1eb9 agbegbe\" onerror=\"this.style.display='none'\"  \/>\n\t\t\t\t<\/a>\n\t\t<h3><a href=\"\/yo\/oro\/ogbon-inu\/\" target=\"_self\">Atunw\u1ecdle<\/a><\/h3>\t\n\t\t\t\t<a href=\"\/yo\/ikorira\/\"  target=\"_self\" itemprop=\"url\">\n\t\t\t\t<img loading=\"lazy\" decoding=\"async\" src=\"https:\/\/211md.org\/wp-content\/uploads\/bb-plugin\/cache\/Background-section-MDStophate-circle-08e2bae1cf9f2ad6cc83e01e23da8cb9-.jpg\" alt=\"Background-apakan-MDStophate\" itemprop=\"image\" height=\"768\" width=\"1366\" title=\"Background-apakan-MDStophate\" onerror=\"this.style.display='none'\"  \/>\n\t\t\t\t<\/a>\n\t\t<h3><a href=\"\/yo\/ikorira\/\" target=\"_self\">Duro Ikorira<\/a><\/h3>\t\n\t\t\t\t<a href=\"\/yo\/oro\/lilo-nkan-elo\/\"  target=\"_self\" itemprop=\"url\">\n\t\t\t\t<img loading=\"lazy\" decoding=\"async\" src=\"https:\/\/211md.org\/wp-content\/uploads\/bb-plugin\/cache\/Substance-Use-circle-ad2d564932dc31267e0c32a6fb2d915c-.png\" alt=\"Aw\u1ecdn oogun fif\u1ecd \u1ecdw\u1ecd\" itemprop=\"image\" height=\"500\" width=\"500\" title=\"Nkan-Lilo\" onerror=\"this.style.display='none'\"  \/>\n\t\t\t\t<\/a>\n\t\t<h3><a href=\"\/yo\/oro\/lilo-nkan-elo\/\" target=\"_self\">Ohun elo Lilo<\/a><\/h3>\t\n\t\t\t\t<a href=\"\/yo\/oro\/ori-awon-i%e1%b9%a3e\/\"  target=\"_self\" itemprop=\"url\">\n\t\t\t\t<img loading=\"lazy\" decoding=\"async\" src=\"https:\/\/211md.org\/wp-content\/uploads\/bb-plugin\/cache\/Mask-Group-34-circle-166a606e37e61188c9a17d5e634cda3c-.png\" alt=\"Eniyan \u00e0gb\u00e1ye jade owo oya-ori iwe\" itemprop=\"image\" height=\"500\" width=\"500\" title=\"\u1eb8gb\u1eb9 iboju 34\" onerror=\"this.style.display='none'\"  \/>\n\t\t\t\t<\/a>\n\t\t<h3><a href=\"\/yo\/oro\/ori-awon-i%e1%b9%a3e\/\" target=\"_self\">Aw\u1ecdn i\u1e63\u1eb9-ori<\/a><\/h3>\t\n\t\t\t\t<a href=\"\/yo\/oro\/iranlowo-ohun-elo\/\"  target=\"_self\" itemprop=\"url\">\n\t\t\t\t<img loading=\"lazy\" decoding=\"async\" src=\"https:\/\/211md.org\/wp-content\/uploads\/bb-plugin\/cache\/Mask-Group-37@2x-circle-9661a11b9c4082079c9a1f06bc539567-.png\" alt=\"Atupa ina soke\" itemprop=\"image\" height=\"500\" width=\"500\" title=\"\u1eb8gb\u1eb9 boju 37@2x\" onerror=\"this.style.display='none'\"  \/>\n\t\t\t\t<\/a>\n\t\t<h3><a href=\"\/yo\/oro\/iranlowo-ohun-elo\/\" target=\"_self\">Iranl\u1ecdw\u1ecd IwUlO<\/a><\/h3>\t\n\t\t\t\t<a href=\"\/yo\/oro\/ogbo\/\"  target=\"_self\" itemprop=\"url\">\n\t\t\t\t<img decoding=\"async\" src=\"https:\/\/211md.org\/wp-content\/uploads\/bb-plugin\/cache\/Veterans-circle-7c6972a59826c74f1f658f61df785fc3-.png\" alt=\"\u1eccm\u1ecd-ogun ti nm\u00ec \u1ecdw\u1ecd \u1eb9nikan ti o r\u1eb9rin mus\u1eb9\" itemprop=\"image\" title=\"Ogbo\" onerror=\"this.style.display='none'\"  \/>\n\t\t\t\t<\/a>\n\t\t<h3><a href=\"\/yo\/oro\/ogbo\/\" target=\"_self\">Ogbo<\/a><\/h3>","protected":false},"excerpt":{"rendered":"<p>Aw\u1ecdn iriri \u1ecdm\u1ecdde, rere ati buburu, \u1e63e ap\u1eb9r\u1eb9 \u1ecdp\u1ecdl\u1ecd idagbasoke \u1ecdm\u1ecdde. Aw\u1ecdn agbegbe \u1e63e ipa kan ni ipese aw\u1ecdn agbegbe rere ati idil\u1ecdw\u1ecd aw\u1ecdn ip\u1ecdnju. K\u00ed N\u00ecd\u00ed T\u00ed \u00ccp\u1ecd\u0301nj\u00fa \u1eccm\u1ecdd\u00e9 Fi \u1e62e P\u00e0t\u00e0k\u00ec? Aw\u1ecdn iriri \u1ecdm\u1ecdde buburu ati aw\u1ecdn agbegbe j\u1eb9 w\u1ecdp\u1ecd. W\u1ecdn p\u1eb9lu aw\u1ecdn nkan bii ij\u1eb9ri iwa-ipa tabi ni iriri iyasoto. Ti aw\u1ecdn \u1ecdm\u1ecdde ko ba gba atil\u1eb9yin nigba ti nk\u1ecdju si ip\u1ecdnju, o le fa igba pip\u1eb9\u2026<\/p>","protected":false},"author":8,"featured_media":1977,"parent":839,"menu_order":0,"comment_status":"closed","ping_status":"closed","template":"","meta":{"footnotes":""},"class_list":["post-920","page","type-page","status-publish","has-post-thumbnail","hentry"],"_links":{"self":[{"href":"https:\/\/211md.org\/yo\/wp-json\/wp\/v2\/pages\/920","targetHints":{"allow":["GET"]}}],"collection":[{"href":"https:\/\/211md.org\/yo\/wp-json\/wp\/v2\/pages"}],"about":[{"href":"https:\/\/211md.org\/yo\/wp-json\/wp\/v2\/types\/page"}],"author":[{"embeddable":true,"href":"https:\/\/211md.org\/yo\/wp-json\/wp\/v2\/users\/8"}],"replies":[{"embeddable":true,"href":"https:\/\/211md.org\/yo\/wp-json\/wp\/v2\/comments?post=920"}],"version-history":[{"count":3,"href":"https:\/\/211md.org\/yo\/wp-json\/wp\/v2\/pages\/920\/revisions"}],"predecessor-version":[{"id":4708,"href":"https:\/\/211md.org\/yo\/wp-json\/wp\/v2\/pages\/920\/revisions\/4708"}],"up":[{"embeddable":true,"href":"https:\/\/211md.org\/yo\/wp-json\/wp\/v2\/pages\/839"}],"wp:featuredmedia":[{"embeddable":true,"href":"https:\/\/211md.org\/yo\/wp-json\/wp\/v2\/media\/1977"}],"wp:attachment":[{"href":"https:\/\/211md.org\/yo\/wp-json\/wp\/v2\/media?parent=920"}],"curies":[{"name":"wp","href":"https:\/\/api.w.org\/{rel}","templated":true}]}}