{"id":922,"date":"2021-04-15T14:24:25","date_gmt":"2021-04-15T14:24:25","guid":{"rendered":"https:\/\/211md.org\/?page_id=922"},"modified":"2026-02-02T08:48:53","modified_gmt":"2026-02-02T13:48:53","slug":"abele-ebi-iwa-ipa","status":"publish","type":"page","link":"https:\/\/211md.org\/yo\/resources\/domestic-family-violence\/","title":{"rendered":"\u1eb8bi ati Atil\u1eb9yin Iwa-ipa Abele ni Maryland"},"content":{"rendered":"<figure data-animation-delay=\"0\" data-animation-duration=\"1\" itemscope itemtype=\"https:\/\/schema.org\/ImageObject\">\n\t\t\t\t<img decoding=\"async\" src=\"https:\/\/stg-maryland211-staging.kinsta.cloud\/wp-content\/uploads\/2025\/08\/5-1-scaled.png\" alt=\"5\" height=\"692\" width=\"2560\" title=\"5\" onerror=\"this.style.display='none'\" loading=\"lazy\" \/>\n\t<\/figure>\n\t\t<h1><a href=\"#start\" target=\"_self\">Ak\u1ecdle Oju-iwe Aiyipada<\/a><\/h1><p>Lati aw\u1ecdn ohun elo pajawiri fun aw\u1ecdn olufaragba iwa-ipa abele nl\u1ecd ile ni kiakia si iranl\u1ecdw\u1ecd ofin, atil\u1eb9yin \u1ecdf\u1eb9 ati asiri wa. Iwa-ipa ile kii \u1e63e \u1eb9bi r\u1eb9 rara. Sop\u1ecd m\u1ecd aw\u1ecdn laini iwa-ipa ile, <a href=\"#community\">aw\u1ecdn ohun elo agbegbe,<\/a> ati <a href=\"#sexual\">ibalopo sele si<\/a> support fun aw\u1ecdn olufaragba ti abele ati ebi iwa-ipa. K\u1ecd \u1eb9k\u1ecd naa <a href=\"#warning\">\u00eck\u00ecl\u1ecd ami<\/a>\u00a0ki o si ri <a href=\"#emergency\">pajawiri si dabobo<\/a> nitosi r\u1eb9.<\/p>\n<p>Paapaa, k\u1ecd \u1eb9k\u1ecd nipa aw\u1ecdn i\u1e63\u1eb9 aabo fun <a href=\"#children\">omode<\/a> ati <a href=\"#adults\">agbalagba<\/a>.<\/p>\n\t\t\t<a href=\"#start\"  target=\"_self\">\n\t\t\t\t\t\tB\u1eb9r\u1eb9\n\t\t\t\t\t<\/a>\n<figure data-animation-delay=\"0\" data-animation-duration=\"1\" itemscope itemtype=\"https:\/\/schema.org\/ImageObject\">\n\t\t\t\t<img decoding=\"async\" src=\"https:\/\/211md.org\/wp-content\/plugins\/bb-plugin\/img\/pixel.png\" alt=\"\" onerror=\"this.style.display='none'\" loading=\"lazy\" \/>\n\t<\/figure>\n<figure data-animation-delay=\"0\" data-animation-duration=\"1.3\" itemscope itemtype=\"https:\/\/schema.org\/ImageObject\">\n\t\t\t\t<img decoding=\"async\" src=\"https:\/\/stg-maryland211-staging.kinsta.cloud\/wp-content\/uploads\/2025\/08\/16.png\" alt=\"16\" height=\"1000\" width=\"1000\" title=\"16\" onerror=\"this.style.display='none'\" loading=\"lazy\" \/>\n\t<\/figure>\n<figure itemscope itemtype=\"https:\/\/schema.org\/ImageObject\">\n\t\t\t\t<img decoding=\"async\" src=\"http:\/\/211md.org\/wp-content\/uploads\/2025\/09\/two-friends-hugging-and-offering-support.jpg\" alt=\"\u1ecdr\u1eb9 meji fam\u1ecdra ati ki o nse support\" title=\"\u1ecdr\u1eb9 meji fam\u1ecdra ati ki o nse support\" onerror=\"this.style.display='none'\" loading=\"lazy\" \/>\n\t<\/figure>\n<h2>Koseemani Pajawiri ati Aw\u1ecdn Pataki miiran<\/h2>\n<p>Nigbati o ba sal\u1ecd ipo iwa-ipa ile, o le l\u1ecd kuro ni ile r\u1eb9 ni kiakia ati laisi aw\u1ecdn nkan pataki. Aw\u1ecdn eto wa lati \u1e63e iranl\u1ecdw\u1ecd p\u1eb9lu eyi.<\/p>\n<p>Aw\u1ecdn <a href=\"https:\/\/www.mnadv.org\/get-help\/how-to-help\/\" target=\"_blank\" rel=\"noopener\">N\u1eb9tiw\u1ecd\u1ecdki Maryland Lodi si Iwa-ipa Abele<\/a> nfunni ni atil\u1eb9yin, p\u1eb9lu ohun elo pajawiri.<\/p>\n<h3>Aarin-Tera Support<\/h3>\n<p>Ni Kent, Dorchester, Queen Anne&#039;s, Talbot ati Caroline kaunti, sop\u1ecd p\u1eb9lu aw\u1ecdn <a href=\"https:\/\/mscfv.org\/get-help\" target=\"_blank\" rel=\"noopener\">Igbim\u1ecd Mid-Tera lori Iwa-ipa \u00ccd\u00edl\u00e9<\/a>.<\/p>\n<p>W\u1ecdn pese 24\/7 p\u1eb9lu:<\/p>\n<ul>\n<li>idaamu idaamu<\/li>\n<li>pajawiri koseemani<\/li>\n<li>ailewu igbogun<\/li>\n<li>aabo \u1ecdsin<\/li>\n<li>alaye ati referral<\/li>\n<li>imolara support<\/li>\n<li>Igbaninimoran ati it\u1ecdnis\u1ecdna<\/li>\n<li>ofin aw\u1ecdn i\u1e63\u1eb9<\/li>\n<\/ul>\n<p><img loading=\"lazy\" decoding=\"async\" src=\"http:\/\/211md.org\/wp-content\/uploads\/2025\/08\/2025_MdInfoNet_Icon-Sets_Phone-150x150.png\" alt=\"Aami foonu\" width=\"75\" height=\"75\" \/>Pe Igbim\u1ecd Mid- Shore lori Gbona Iwa-ipa \u1eb8bi ni 1-800-927-4673.<\/p>\n\t<h2>Hotlines fun iranl\u1ecdw\u1ecd<\/h2>\n\t\t<h3>\t\n\t911<br \/> Pajawiri<\/h3><p>T\u1eb9 911 ti o ba wa ninu ewu, ati pe o nilo iranl\u1ecdw\u1ecd pajawiri.<\/p>\n\t\t<h3>\t\n\tNational Domestic Violence Hotline<\/h3><p>T\u1eb9 1-800-799-SAFE (7233) ki o si gba alaye lori aw\u1ecdn ibi aabo ati aw\u1ecdn olupese iwa-ipa ile miiran.<\/p>\n<p>O tun le iwiregbe laaye tabi fi \u1ecdr\u1ecd ran\u1e63\u1eb9 START si 88788.<\/p>\n\t\t<h3>\t\n\t211 <br \/> Alaye &amp; Oro<\/h3><p>T\u1eb9 211 lati sop\u1ecd si aw\u1ecdn orisun agbegbe. Alaye abojuto ati aanu ati Aw\u1ecdn alam\u1ecdja Ifiran\u1e63\u1eb9 tun le \u1e63e iranl\u1ecdw\u1ecd p\u1eb9lu ounj\u1eb9, ile, ilera ofin, iranl\u1ecdw\u1ecd ohun elo, it\u1ecdju ilera, alaini\u1e63\u1eb9, ati aw\u1ecdn iwulo pataki miiran.<\/p>\n<p>&nbsp;<\/p>\n\t\t<figure itemscope itemtype=\"https:\/\/schema.org\/ImageObject\">\n\t\t\t\t<img decoding=\"async\" src=\"https:\/\/stg-maryland211-staging.kinsta.cloud\/wp-content\/uploads\/2025\/08\/2025_MdInfoNet_Icon-Sets-white_Locate.png\" alt=\"\" onerror=\"this.style.display='none'\" loading=\"lazy\" \/>\n\t<\/figure>\n<h2>Aw\u1ecdn orisun Iwa-ipa Abele ti o w\u1ecdp\u1ecd<\/h2><p>Wa aaye data orisun orisun 211 lati wa iranl\u1ecdw\u1ecd. T\u1eb9 koodu ZIP kan sii lati wa iranl\u1ecdw\u1ecd nitosi r\u1eb9.<\/p>\n\t\t\t<a href=\"https:\/\/search.211md.org\/search?query=RP-1500.1400-200&#038;query_type=taxonomy&#038;query_label=\" target=\"_blank\" rel=\"noopener\">\n\t\t\t\t\t\tAbele Violence Hotlines\n\t\t\t\t\t<\/a>\n\t\t\t<a href=\"https:\/\/search.211md.org\/search?query=FT-6940&#038;query_type=taxonomy&#038;query_label=\" target=\"_blank\" rel=\"noopener\">\n\t\t\t\t\t\tAw\u1ecdn a\u1e63\u1eb9 Iham\u1ecd Idaabobo\n\t\t\t\t\t<\/a>\n\t\t\t<a href=\"https:\/\/search.211md.org\/search?query=RP-1500.1400-300&#038;query_type=taxonomy&#038;query_label=\" target=\"_blank\" rel=\"noopener\">\n\t\t\t\t\t\tEda eniyan gbigbe Hotline\n\t\t\t\t\t<\/a>\n\t\t\t<a href=\"https:\/\/search.211md.org\/search?query=RP-1500.1400-750&#038;query_type=taxonomy&#038;query_label=\" target=\"_blank\" rel=\"noopener\">\n\t\t\t\t\t\tIbalopo sele Hotline\n\t\t\t\t\t<\/a>\n\t\t\t<a href=\"https:\/\/search.211md.org\/search?query=BH-1800.1500-100&#038;query_label=Domestic+Violence+Shelters&#038;query_type=taxonomy\" target=\"_blank\" rel=\"noopener\">\n\t\t\t\t\t\tAw\u1ecdn ibi aabo Iwa-ipa Abele\n\t\t\t\t\t<\/a>\n\t\t\t<a href=\"https:\/\/search.211md.org\/search?query=RP-1500.1400-700&#038;query_type=taxonomy&#038;query_label=\" target=\"_blank\" rel=\"noopener\">\n\t\t\t\t\t\tRunaway \/ aini ile Youth Helplines\n\t\t\t\t\t<\/a>\n<figure itemscope itemtype=\"https:\/\/schema.org\/ImageObject\">\n\t\t\t\t<img decoding=\"async\" src=\"https:\/\/211md.org\/wp-content\/uploads\/2024\/05\/Counselor-talking-to-a-woman.jpg\" alt=\"Oludamoran s\u1ecdr\u1ecd si obinrin kan\" height=\"800\" width=\"1200\" title=\"Oludamoran s\u1ecdr\u1ecd si obinrin kan\" onerror=\"this.style.display='none'\" loading=\"lazy\" \/>\n\t<\/figure>\n\t<h2>Aw\u1ecdn ami ikil\u1ecd<\/h2>\n<p>O le nira lati rii aw\u1ecdn ami ikil\u1ecd ti iwa-ipa ile. Ile-i\u1e63\u1eb9 Idaamu Igbesi aye, eyiti o j\u1eb9 \u1ecdm\u1ecd \u1eb9gb\u1eb9 ti N\u1eb9tiw\u1ecd\u1ecdki Ile-i\u1e63\u1eb9 Ipe 211, pese atil\u1eb9yin si aw\u1ecdn olufaragba. W\u1ecdn \u1e63e ilana aw\u1ecdn ihuwasi il\u1ecdsiwaju ati i\u1e63akoso ti o le rii, p\u1eb9lu aw\u1ecdn ami w\u1ecdnyi ti ibatan ti ko ni ilera:<\/p>\n<ul>\n<li>I\u1e63akoso<\/li>\n<li>\u00ccy\u00e0ra\u1eb9ni\u1e63\u1ecd\u0301t\u1ecd\u0300<\/li>\n<li>Sabotage<\/li>\n<li>\u1eb8sun<\/li>\n<li>Lodi<\/li>\n<li>Oti<\/li>\n<li>Ow\u00fa<\/li>\n<li>Ibinu<\/li>\n<li>Kikankikan<\/li>\n<\/ul>\n<p>Aw\u1ecdn <a href=\"https:\/\/www.lifecrisiscenter.org\/program\/Domestic-Violence.htm\" target=\"_blank\" rel=\"noopener\">Life Crisis Center describes the warning signs<\/a> and provides strategies for victims in a relationship with warning signs.<\/p>\n<p>O tun le pe 211 lati ni asop\u1ecd si olupese i\u1e63\u1eb9 iwa-ipa ab\u1eb9le kan tabi pe wakati 24 <a href=\"https:\/\/www.thehotline.org\/\" target=\"_blank\" rel=\"noopener\">National Domestic Violence Hotline<\/a> pa 1-800-799-SAFE (7233).<\/p>\n<h2>Ibalopo sele Iranl\u1ecdw\u1ecd<\/h2>\n<p>\u1eccf\u1eb9 ati iranl\u1ecdw\u1ecd asiri wa fun aw\u1ecdn olufaragba ti ik\u1ecdlu ibalopo. Sop\u1ecd p\u1eb9lu aw\u1ecdn amoye ti o le pese atil\u1eb9yin, ki o m\u1ecd pe ik\u1ecdlu ibalopo kii \u1e63e \u1eb9bi r\u1eb9 rara.<\/p>\n<h4>Sop\u1ecd si aw\u1ecdn orisun.<\/h4>\n<p>T\u1eb9 2-1-1 lati wa atil\u1eb9yin nitosi r\u1eb9 tabi de \u1ecdd\u1ecd si oju opo w\u1eb9\u1eb9bu ik\u1ecdlu ibalop\u1ecd lati gba alaye \u1ecdf\u1eb9 ati a\u1e63iri.<\/p>\n\t\t\t<a href=\"https:\/\/search.211md.org\/search?query=RP-1500.1400-750&#038;query_label=Sexual%20Assault%20Hotlines&#038;query_type=taxonomy\" target=\"_blank\" rel=\"noopener\">\n\t\t\t\t\t\tWa Ibalopo sele Hotlines\/Aw\u1ecdn orisun\n\t\t\t\t\t<\/a>\n\t<h3>Idanwo I\u1e63oogun \u1eccf\u1eb9<\/h3>\n<p>Eto Ailewu ti Maryland (Ibalopo Aw\u1ecdn idanwo oniwadi Ibalopo) pese aw\u1ecdn idanwo i\u1e63oogun \u1ecdf\u1eb9. Aw\u1ecdn akosemose ti ni ik\u1eb9k\u1ecd lati \u1e63i\u1e63\u1eb9 p\u1eb9lu aw\u1ecdn iyok\u00f9 ati pe w\u1ecdn yoo gba \u1eb9ri, pese it\u1ecdju i\u1e63oogun, ati funni ni ijum\u1ecds\u1ecdr\u1ecd ifihan HIV.<\/p>\n<p>O le \u1e63e idanwo Ailewu paapaa ti o ko ba f\u1eb9 lati fa \u1ecdl\u1ecdpa sinu ipo naa. Ti o ba j\u1eb9 olufaragba ik\u1ecdlu ibalopo, de \u1ecdd\u1ecd fun atil\u1eb9yin. <a href=\"https:\/\/mcasa.org\/survivors\/getting-medical-attention\" target=\"_blank\" rel=\"noopener\">Wa aw\u1ecdn eto SAFE ni Maryland<\/a>.<\/p>\n<h3>Ifipabanilopo \u1eb8j\u1eb9 ati Gbigba Center<\/h3>\n<p>Iranl\u1ecdw\u1ecd tun wa lati n\u1eb9tiw\u1ecdki Maryland ti Idaamu ifipabanilopo ati Aw\u1ecdn ile-i\u1e63\u1eb9 Imularada. W\u1ecdn pese idaamu idaamu ati im\u1ecdran. W\u1ecdn yoo tun l\u1ecd p\u1eb9lu r\u1eb9 si ile-iwosan, aw\u1ecdn if\u1ecdr\u1ecdwanil\u1eb9nuwo \u1ecdl\u1ecdpa, ati ile-\u1eb9j\u1ecd.<\/p>\n<p>O le t\u1eb9 2-1-1 lati wa ile-i\u1e63\u1eb9 nitosi r\u1eb9 tabi \u1e63ab\u1eb9wo si\u00a0<a href=\"https:\/\/mcasa.org\/survivors\/find-a-rape-crisis-center\" target=\"_blank\" rel=\"noopener\">Maryland Coalition Lodi si ibalopo sele si<\/a> (MCASA) aaye ayelujara fun akoj\u1ecd aw\u1ecdn ile-i\u1e63\u1eb9.<\/p>\n<h3>Iranl\u1ecdw\u1ecd ofin<\/h3>\n<p>MCASA tun ni Ile-i\u1e63\u1eb9 Ofin Ibalop\u1ecd Ibalopo (SALI), eyiti o pese aw\u1ecdn i\u1e63\u1eb9 ofin ni kikun si aw\u1ecdn iyok\u00f9. <a href=\"https:\/\/mcasa.org\/survivors\/sali?fbclid=IwZXh0bgNhZW0CMTAAAR1kEo1Ku2GD3GKBOhAz1XXVPvOr68tlAOPPlcrOFiTKhmFIMM4RlndB7a4_aem_AXbTaSde3vm4kISD6ssAc2DvpCxSyWKv-2To8ILAwIAQntLzjKXzkLGWpmWyYNAX_R98yzEsaXiKtXw57NYZB3Dv#services\" target=\"_blank\" rel=\"noopener\">K\u1ecd \u1eb9k\u1ecd di\u1eb9 si<\/a> nipa aw\u1ecdn i\u1e63\u1eb9 ti w\u1ecdn pese.<\/p>\n\t<h2>Abuse ati Aibikita<\/h2>\n<p>Ilokulo \u1ecdm\u1ecd ati\/tabi aibikita le j\u1eb9 ijab\u1ecd lainidii si \u1eb8ka ti Aw\u1ecdn I\u1e63\u1eb9 Awuj\u1ecd ti agbegbe tabi agbofinro.<\/p>\n<p>Ni gbogbogbo, aw\u1ecdn ami ti <a href=\"https:\/\/dhs.maryland.gov\/child-protective-services\/reporting-suspected-child-abuse-or-neglect\/what-is-child-abuse-and-neglect\/\" target=\"_blank\" rel=\"noopener\">ilokulo \u1ecdm\u1ecd ati gbagbe<\/a>\u00a0le p\u1eb9lu:<\/p>\n<ul>\n<li aria-level=\"1\">ipalara ti ara si \u1ecdm\u1ecdde, paapaa nigbati ko ba han<\/li>\n<li aria-level=\"1\">ikuna lati fun abojuto to dara tabi akiyesi<\/li>\n<li aria-level=\"1\">fifi \u1ecdm\u1ecd sil\u1eb9 laini abojuto nibiti ilera tabi alaafia \u1ecdm\u1ecd ti \u1e63e ipalara tabi ewu nla wa ti iru ipalara b\u1eb9\u1eb9.<\/li>\n<li aria-level=\"1\">ilobirin ibalopo tabi ilokulo<\/li>\n<li aria-level=\"1\">ailagbara ti opolo tabi agbara \u1ecdp\u1ecdl\u1ecd lati \u1e63i\u1e63\u1eb9<\/li>\n<li aria-level=\"1\">wiwa \u1eb9ri igb\u1eb9k\u1eb9le ti ilokulo ti ara, aibikita, tabi ilokulo ibalop\u1ecd ti ko ti ni itelorun tako<\/li>\n<\/ul>\n<p>Ti ipinle ba y\u1ecd \u1ecdm\u1ecd (lab\u1eb9 \u1ecddun 18) kuro ni ile w\u1ecdn, a\u00a0<a href=\"https:\/\/mdcourts.gov\/legalhelp\/childabuseneglect\" target=\"_blank\" rel=\"noopener\">ilana ofin<\/a> wa ni aaye lati rii daju aabo ati iranl\u1ecdw\u1ecd \u1ecdm\u1ecd naa.<\/p>\n<p>Wa aw\u1ecdn orisun aabo \u1ecdm\u1ecdde ni agbegbe 211 Community Resource Database tabi t\u1eb9 211.<\/p>\n\t\t\t<a href=\"https:\/\/search.211md.org\/search?query=PH-6500.1500&#038;query_type=taxonomy&#038;query_label=\" target=\"_blank\" rel=\"noopener\">\n\t\t\t\t\t\tAw\u1ecdn ohun elo aabo \u1ecdm\u1ecdde\n\t\t\t\t\t<\/a>\n\t<h2>Agbalagba Idaabobo Services<\/h2>\n<p>Ipinle naa tun funni ni Aw\u1ecdn i\u1e63\u1eb9 Idaabobo Agba fun \u1eb9nik\u1eb9ni ti o ju \u1ecddun 18 ti ko ni agbara ti ara tabi ti \u1ecdp\u1ecdl\u1ecd lati \u1e63e abojuto aw\u1ecdn iwulo w\u1ecdn. Aw\u1ecdn ami ihuwasi, awuj\u1ecd, owo ati ti ara ti ilokulo ati aibikita wa p\u1eb9lu aw\u1ecdn \u1eb9ni-k\u1ecd\u1ecdkan ti o ni ipalara ati aw\u1ecdn agbalagba agbalagba. Iw\u1ecdnyi le p\u1eb9lu:<\/p>\n<ul>\n<li aria-level=\"1\">Idamu ati igbagbe<\/li>\n<li aria-level=\"1\">Iberu, ailagbara, itiju<\/li>\n<li aria-level=\"1\">\u00ccy\u00e0ra\u1eb9ni\u1e63\u1ecd\u0301t\u1ecd\u0300<\/li>\n<li aria-level=\"1\">Iwa-ipa tabi ilokulo oogun<\/li>\n<li aria-level=\"1\">Dani ifowo a\u1e63ayan i\u1e63\u1eb9-\u1e63i\u1e63e<\/li>\n<li aria-level=\"1\">Iyipada ninu inawo isesi<\/li>\n<li aria-level=\"1\">Aw\u1ecdn owo ti a ko sanwo<\/li>\n<li aria-level=\"1\">Ti o farahan ni id\u1ecdti tabi ti ko ni irun<\/li>\n<li aria-level=\"1\">\u00c0\u00ecj\u1eb9unrek\u00e1n\u00fa, gb\u00edgb\u1eb9<\/li>\n<li aria-level=\"1\">Ipo i\u1e63oogun ti ko ni it\u1ecdju<\/li>\n<li aria-level=\"1\">Aw\u1ecdn gige, aw\u1ecdn \u1ecdgb\u1eb9, \u1ecdgb\u1eb9 tabi aw\u1ecdn ami miiran<\/li>\n<li aria-level=\"1\">Ko le s\u1ecdr\u1ecd lar\u1ecdw\u1ecdto<\/li>\n<li aria-level=\"1\">Iwa-ipa tabi ilokulo oogun<\/li>\n<\/ul>\n<p><a href=\"https:\/\/dhs.maryland.gov\/documents\/Brochures\/Adult%20Services%20Flyers\/SSA-AdultProtectiveAbuse_dg.pdf\" target=\"_blank\" rel=\"noopener\">K\u1ecd \u1eb9k\u1ecd nipa gbogbo aw\u1ecdn ami<\/a>\u00a0lati Maryland Department of Human Services.<\/p>\n<p>Jabo ifura agbalagba abuse to 1-800-91-DENA (1-800-917-7383).<\/p>\n<p>Ibi aaye data orisun orisun 211 n pese atok\u1ecd ti aw\u1ecdn i\u1e63\u1eb9 aabo agbalagba.<\/p>\n\t\t\t<a href=\"https:\/\/search.211md.org\/search?query=PH-6500.0500&#038;query_type=taxonomy&#038;query_label=\" target=\"_blank\" rel=\"noopener\">\n\t\t\t\t\t\tWa aw\u1ecdn orisun aabo agba\n\t\t\t\t\t<\/a>\n<figure itemscope itemtype=\"https:\/\/schema.org\/ImageObject\">\n\t\t\t\t<img decoding=\"async\" src=\"https:\/\/211md.org\/wp-content\/plugins\/bb-plugin\/img\/pixel.png\" alt=\"\" onerror=\"this.style.display='none'\" loading=\"lazy\" \/>\n\t<\/figure>\n\t\t<figure itemscope itemtype=\"https:\/\/schema.org\/ImageObject\">\n\t\t\t\t<img decoding=\"async\" src=\"https:\/\/211md.org\/wp-content\/uploads\/bb-plugin\/cache\/Call-center-specialst-circle-4e9ecd7b3425be4576416abc911049bb-.jpg\" alt=\"Oloye ile-i\u1e63\u1eb9 ipe\" title=\"Ipe aarin pataki\" onerror=\"this.style.display='none'\" loading=\"lazy\" \/>\n\t<\/figure>\n<h2>T\u1eb9 211<\/h2><p>Soro si eniyan abojuto ati aanu 24\/7. W\u1ecdn tun le sop\u1ecd si aw\u1ecdn orisun.\u00a0<\/p>\n\t\t<h4><a href=\"\/yo\/oro\/ailera-ti-ogbo\/?utm_source=Home&#038;utm_medium=Referral&#038;utm_campaign=211Resources&#038;utm_content=Aging\" target=\"_self\">Ti ogbo &amp; Alaabo<\/a><\/h4><figure itemscope itemtype=\"https:\/\/schema.org\/ImageObject\">\n\t\t\t\t<a href=\"\/yo\/oro\/ailera-ti-ogbo\/?utm_source=Home&#038;utm_medium=Referral&#038;utm_campaign=211Resources&#038;utm_content=Aging\"  target=\"_self\" itemprop=\"url\">\n\t\t\t\t<img decoding=\"async\" src=\"https:\/\/211md.org\/wp-content\/uploads\/bb-plugin\/cache\/2025_MdInfoNet_Icon-Sets_Aging-disability-square-c466727102cae71e5f27b8539bb51945-.png\" alt=\"\" onerror=\"this.style.display='none'\" loading=\"lazy\" \/>\n\t\t\t\t<\/a>\n\t<\/figure>\n\t\t<h4><a href=\"\/yo\/oro\/omo-idile\/?utm_source=Home&#038;utm_medium=Referral&#038;utm_campaign=211Resources&#038;utm_content=Children\" target=\"_self\">Aw\u1ecdn \u1ecdm\u1ecdde &amp; Aw\u1ecdn idile<\/a><\/h4><figure itemscope itemtype=\"https:\/\/schema.org\/ImageObject\">\n\t\t\t\t<a href=\"\/yo\/oro\/omo-idile\/?utm_source=Home&#038;utm_medium=Referral&#038;utm_campaign=211Resources&#038;utm_content=Children\"  target=\"_self\" itemprop=\"url\">\n\t\t\t\t<img decoding=\"async\" src=\"https:\/\/211md.org\/wp-content\/uploads\/bb-plugin\/cache\/2025_211_Icon-Sets_Child-care-square-f3b0d4edab3dcc467fadb5f55f4064c6-.png\" alt=\"parent and child icon for child care\" height=\"417\" width=\"417\" title=\"2025_211_Icon Sets_Child itoju\" onerror=\"this.style.display='none'\" loading=\"lazy\" \/>\n\t\t\t\t<\/a>\n\t<\/figure>\n\t\t<h4><a href=\"\/yo\/oro\/abele-ebi-iwa-ipa\/?utm_source=Home&#038;utm_medium=Referral&#038;utm_campaign=211Resources&#038;utm_content=Domestic\" target=\"_self\">Iwa-ipa Abele<\/a><\/h4><figure itemscope itemtype=\"https:\/\/schema.org\/ImageObject\">\n\t\t\t\t<a href=\"\/yo\/oro\/abele-ebi-iwa-ipa\/?utm_source=Home&#038;utm_medium=Referral&#038;utm_campaign=211Resources&#038;utm_content=Domestic\"  target=\"_self\" itemprop=\"url\">\n\t\t\t\t<img decoding=\"async\" src=\"https:\/\/211md.org\/wp-content\/uploads\/bb-plugin\/cache\/2025_211_Icon-Sets_Domestic-Violence-square-7b597694a6f05fe90cdc376aa573bc63-.png\" alt=\"House with a heart in the middle icon\" height=\"417\" width=\"417\" title=\"2025_211_Icon \u1e62eto_Iwa-ipa Abele\" onerror=\"this.style.display='none'\" loading=\"lazy\" \/>\n\t\t\t\t<\/a>\n\t<\/figure>\n\t\t<h4><a href=\"\/yo\/oro\/wiwa-oojo\/?utm_source=Home&#038;utm_medium=Referral&#038;utm_campaign=211Resources&#038;utm_content=Employment\" target=\"_self\">Igbanisise<\/a><\/h4><figure itemscope itemtype=\"https:\/\/schema.org\/ImageObject\">\n\t\t\t\t<a href=\"\/yo\/oro\/wiwa-oojo\/?utm_source=Home&#038;utm_medium=Referral&#038;utm_campaign=211Resources&#038;utm_content=Employment\"  target=\"_self\" itemprop=\"url\">\n\t\t\t\t<img decoding=\"async\" src=\"https:\/\/211md.org\/wp-content\/uploads\/bb-plugin\/cache\/2025_MdInfoNet_Icon-Sets_Employment-square-44707bd410e4df10a470bf130ebcea86-.png\" alt=\"\" onerror=\"this.style.display='none'\" loading=\"lazy\" \/>\n\t\t\t\t<\/a>\n\t<\/figure>\n\t\t<h4><a href=\"\/yo\/oro\/itoju-ilera\/?utm_source=Home&#038;utm_medium=Referral&#038;utm_campaign=211Resources&#038;utm_content=Health%20Care\" target=\"_self\">It\u1ecdju Ilera<\/a><\/h4><figure itemscope itemtype=\"https:\/\/schema.org\/ImageObject\">\n\t\t\t\t<a href=\"\/yo\/oro\/itoju-ilera\/?utm_source=Home&#038;utm_medium=Referral&#038;utm_campaign=211Resources&#038;utm_content=Health%20Care\"  target=\"_self\" itemprop=\"url\">\n\t\t\t\t<img decoding=\"async\" src=\"https:\/\/211md.org\/wp-content\/uploads\/bb-plugin\/cache\/2025_MdInfoNet_Icon-Sets_Health-Care-square-dee98a0060cbe0e7f27eda253fc12679-.png\" alt=\"\" onerror=\"this.style.display='none'\" loading=\"lazy\" \/>\n\t\t\t\t<\/a>\n\t<\/figure>\n\t\t<h4><a href=\"\/yo\/oro\/omo-idile\/itoju-ibatan\/?utm_source=Home&#038;utm_medium=Referral&#038;utm_campaign=211Resources&#038;utm_content=Kinship\" target=\"_self\">\u00ccb\u00e1tan<\/a><\/h4><figure itemscope itemtype=\"https:\/\/schema.org\/ImageObject\">\n\t\t\t\t<a href=\"\/yo\/oro\/omo-idile\/itoju-ibatan\/?utm_source=Home&#038;utm_medium=Referral&#038;utm_campaign=211Resources&#038;utm_content=Kinship\"  target=\"_self\" itemprop=\"url\">\n\t\t\t\t<img decoding=\"async\" src=\"https:\/\/211md.org\/wp-content\/uploads\/bb-plugin\/cache\/2025_211_Icon-Sets_Kinship-square-45bdf872866f5735f842c32071109267-.png\" alt=\"Aami ibatan\" height=\"417\" width=\"417\" title=\"2025_211_Icon Sets_Kinship\" onerror=\"this.style.display='none'\" loading=\"lazy\" \/>\n\t\t\t\t<\/a>\n\t<\/figure>\n\t\t<h4><a href=\"\/yo\/oro\/ofin-awon-i%e1%b9%a3e\/?utm_source=Home&#038;utm_medium=Referral&#038;utm_campaign=211Resources&#038;utm_content=Legal\" target=\"_self\">Aw\u1ecdn i\u1e63\u1eb9 ofin<\/a><\/h4><figure itemscope itemtype=\"https:\/\/schema.org\/ImageObject\">\n\t\t\t\t<a href=\"\/yo\/oro\/ofin-awon-i%e1%b9%a3e\/?utm_source=Home&#038;utm_medium=Referral&#038;utm_campaign=211Resources&#038;utm_content=Legal\"  target=\"_self\" itemprop=\"url\">\n\t\t\t\t<img decoding=\"async\" src=\"https:\/\/211md.org\/wp-content\/uploads\/bb-plugin\/cache\/2025_MdInfoNet_Icon-Sets_Legal-square-18fdf438feb8435588174d9046463257-.png\" alt=\"\" onerror=\"this.style.display='none'\" loading=\"lazy\" \/>\n\t\t\t\t<\/a>\n\t<\/figure>\n\t\t<h4><a href=\"\/yo\/oro\/opolo-ilera\/?utm_source=Home&#038;utm_medium=Referral&#038;utm_campaign=211Resources&#038;utm_content=Mental\" target=\"_self\">Opolo Health<\/a><\/h4><figure itemscope itemtype=\"https:\/\/schema.org\/ImageObject\">\n\t\t\t\t<a href=\"\/yo\/oro\/opolo-ilera\/?utm_source=Home&#038;utm_medium=Referral&#038;utm_campaign=211Resources&#038;utm_content=Mental\"  target=\"_self\" itemprop=\"url\">\n\t\t\t\t<img decoding=\"async\" src=\"https:\/\/211md.org\/wp-content\/uploads\/bb-plugin\/cache\/2025_MdInfoNet_Icon-Sets_Mental-Health-square-c59b38c4a993a947d4c9280fbe2d2fee-.png\" alt=\"\" onerror=\"this.style.display='none'\" loading=\"lazy\" \/>\n\t\t\t\t<\/a>\n\t<\/figure>\n\t\t<h4><a href=\"\/yo\/oro\/ogbon-inu\/?utm_source=Home&#038;utm_medium=Referral&#038;utm_campaign=211Resources&#038;utm_content=Reentry\" target=\"_self\">Atunw\u1ecdle<\/a><\/h4><figure itemscope itemtype=\"https:\/\/schema.org\/ImageObject\">\n\t\t\t\t<a href=\"\/yo\/oro\/ogbon-inu\/?utm_source=Home&#038;utm_medium=Referral&#038;utm_campaign=211Resources&#038;utm_content=Reentry\"  target=\"_self\" itemprop=\"url\">\n\t\t\t\t<img decoding=\"async\" src=\"https:\/\/211md.org\/wp-content\/uploads\/bb-plugin\/cache\/2025_211_Icon-Sets_Reentry-square-8676fea38abd920a832f45642fe31cca-.png\" alt=\"Aami iw\u1ecdle\" height=\"417\" width=\"417\" title=\"2025_211_Icon Sets_Reentry\" onerror=\"this.style.display='none'\" loading=\"lazy\" \/>\n\t\t\t\t<\/a>\n\t<\/figure>\n\t\t<h4><a href=\"\/yo\/oro\/lilo-nkan-elo\/?utm_source=Home&#038;utm_medium=Referral&#038;utm_campaign=211Resources&#038;utm_content=Substance\" target=\"_self\">Ohun elo Lilo<\/a><\/h4><figure itemscope itemtype=\"https:\/\/schema.org\/ImageObject\">\n\t\t\t\t<a href=\"\/yo\/oro\/lilo-nkan-elo\/?utm_source=Home&#038;utm_medium=Referral&#038;utm_campaign=211Resources&#038;utm_content=Substance\"  target=\"_self\" itemprop=\"url\">\n\t\t\t\t<img decoding=\"async\" src=\"https:\/\/211md.org\/wp-content\/uploads\/bb-plugin\/cache\/2025_MdInfoNet_Icon-Sets_Substance-Abuse-square-9022fec9d18a64118ad685c101885b55-.png\" alt=\"\" onerror=\"this.style.display='none'\" loading=\"lazy\" \/>\n\t\t\t\t<\/a>\n\t<\/figure>\n\t\t<h4><a href=\"\/yo\/oro\/ogbo\/?utm_source=Home&#038;utm_medium=Referral&#038;utm_campaign=211Resources&#038;utm_content=Veterans\" target=\"_self\">Ogbo<\/a><\/h4><figure itemscope itemtype=\"https:\/\/schema.org\/ImageObject\">\n\t\t\t\t<a href=\"\/yo\/oro\/ogbo\/?utm_source=Home&#038;utm_medium=Referral&#038;utm_campaign=211Resources&#038;utm_content=Veterans\"  target=\"_self\" itemprop=\"url\">\n\t\t\t\t<img decoding=\"async\" src=\"https:\/\/211md.org\/wp-content\/uploads\/bb-plugin\/cache\/2025_MdInfoNet_Icon-Sets_Rating-square-6e60d00cce4faa8e0a6d4ad7366aa733-.png\" alt=\"\" onerror=\"this.style.display='none'\" loading=\"lazy\" \/>\n\t\t\t\t<\/a>\n\t<\/figure>","protected":false},"excerpt":{"rendered":"<p>Ak\u1ecdle Oju-iwe Aiyipada Lati aw\u1ecdn ohun elo pajawiri fun aw\u1ecdn olufaragba iwa-ipa abele nl\u1ecd ile ni kiakia si iranl\u1ecdw\u1ecd ofin, atil\u1eb9yin \u1ecdf\u1eb9 ati asiri wa. Iwa-ipa ile kii \u1e63e \u1eb9bi r\u1eb9 rara. \u1e62e asop\u1ecd si aw\u1ecdn oju opo w\u1eb9\u1eb9bu iwa-ipa abele, aw\u1ecdn orisun agbegbe, ati atil\u1eb9yin ik\u1ecdlu ibalopo fun aw\u1ecdn olufaragba iwa-ipa ile ati idile. K\u1ecd \u1eb9k\u1ecd aw\u1ecdn ami ikil\u1ecd ki o wa aw\u1ecdn ibi aabo pajawiri\u2026<\/p>","protected":false},"author":8,"featured_media":2004,"parent":930,"menu_order":0,"comment_status":"closed","ping_status":"closed","template":"","meta":{"footnotes":""},"class_list":["post-922","page","type-page","status-publish","has-post-thumbnail","hentry"],"_links":{"self":[{"href":"https:\/\/211md.org\/yo\/wp-json\/wp\/v2\/pages\/922","targetHints":{"allow":["GET"]}}],"collection":[{"href":"https:\/\/211md.org\/yo\/wp-json\/wp\/v2\/pages"}],"about":[{"href":"https:\/\/211md.org\/yo\/wp-json\/wp\/v2\/types\/page"}],"author":[{"embeddable":true,"href":"https:\/\/211md.org\/yo\/wp-json\/wp\/v2\/users\/8"}],"replies":[{"embeddable":true,"href":"https:\/\/211md.org\/yo\/wp-json\/wp\/v2\/comments?post=922"}],"version-history":[{"count":8,"href":"https:\/\/211md.org\/yo\/wp-json\/wp\/v2\/pages\/922\/revisions"}],"predecessor-version":[{"id":33743,"href":"https:\/\/211md.org\/yo\/wp-json\/wp\/v2\/pages\/922\/revisions\/33743"}],"up":[{"embeddable":true,"href":"https:\/\/211md.org\/yo\/wp-json\/wp\/v2\/pages\/930"}],"wp:featuredmedia":[{"embeddable":true,"href":"https:\/\/211md.org\/yo\/wp-json\/wp\/v2\/media\/2004"}],"wp:attachment":[{"href":"https:\/\/211md.org\/yo\/wp-json\/wp\/v2\/media?parent=922"}],"curies":[{"name":"wp","href":"https:\/\/api.w.org\/{rel}","templated":true}]}}