{"id":955,"date":"2021-04-15T18:59:01","date_gmt":"2021-04-15T18:59:01","guid":{"rendered":"https:\/\/211md.org\/?page_id=955"},"modified":"2025-12-01T11:05:08","modified_gmt":"2025-12-01T16:05:08","slug":"alapapo-owo","status":"publish","type":"page","link":"https:\/\/211md.org\/yo\/resources\/utility-assistance\/heating-bills\/","title":{"rendered":"Gba Iranl\u1ecdw\u1ecd Owo P\u1eb9lu Iwe-a\u1e63\u1eb9 Alapapo Maryland R\u1eb9"},"content":{"rendered":"<img decoding=\"async\" src=\"https:\/\/stg-maryland211-staging.kinsta.cloud\/wp-content\/uploads\/2025\/08\/5-1-scaled.png\" alt=\"5\" itemprop=\"image\" height=\"692\" width=\"2560\" title=\"5\" onerror=\"this.style.display='none'\" loading=\"lazy\" \/>\n\t\t<p>Stay warm during the winter with utility assistance programs that offset the costs of the heating bill.\u00a0<\/p>\n<p>Learn about the heating programs available to help. You can also dial 211 at any time to speak with a caring person who will connect you to utility help.<\/p>\n\t\t\t<a href=\"#start\" target=\"_self\">\n\t\t\t\t\t\tB\u1eb9r\u1eb9\n\t\t\t\t\t<\/a>\n\t\t\t\t<img decoding=\"async\" src=\"https:\/\/211md.org\/wp-content\/plugins\/bb-plugin\/img\/pixel.png\" alt=\"\" itemprop=\"image\" onerror=\"this.style.display='none'\" loading=\"lazy\" \/>\n\t\t\t\t<img decoding=\"async\" src=\"https:\/\/stg-maryland211-staging.kinsta.cloud\/wp-content\/uploads\/2025\/08\/16.png\" alt=\"16\" itemprop=\"image\" height=\"1000\" width=\"1000\" title=\"16\" onerror=\"this.style.display='none'\" loading=\"lazy\" \/>\n\t\t\t\t<img decoding=\"async\" src=\"http:\/\/211md.org\/wp-content\/uploads\/2025\/01\/mom-trying-to-stay-warm-holding-son.jpg\" alt=\"Mama gbiyanju lati duro gbona dani \u1ecdm\u1ecd\" itemprop=\"image\" title=\"Mama gbiyanju lati duro gbona dani \u1ecdm\u1ecd\" onerror=\"this.style.display='none'\" loading=\"lazy\" \/>\n\t<h2>Pajawiri Iranl\u1ecdw\u1ecd P\u1eb9lu A alapapo Bill<\/h2>\n<p>Aw\u1ecdn a\u1e63ayan pup\u1ecd lo wa fun aw\u1ecdn idile ti o ni \u1eb9t\u1ecd ti o nilo iranl\u1ecdw\u1ecd pajawiri p\u1eb9lu owo igbona w\u1ecdn:<\/p>\n<ul>\n<li>\u1eb8bun lati \u1ecdd\u1ecd \u1eccfiisi ti Aw\u1ecdn Eto Agbara Ile (OHEP).<\/li>\n<li>Atil\u1eb9yin lati Owo Idana.<\/li>\n<li>Pa aabo nigba igba otutu.<\/li>\n<li>Iranl\u1ecdw\u1ecd lati \u1ecdd\u1ecd aw\u1ecdn alanu agbegbe tabi aw\u1ecdn \u1eb9gb\u1eb9 ti o da lori igbagb\u1ecd.<\/li>\n<li>Aw\u1ecdn eto oju ojo.<\/li>\n<\/ul>\n<p>Nitorinaa, bawo ni o \u1e63e rii ojutu ti o dara jul\u1ecd fun ipo r\u1eb9?<\/p>\n<ol>\n<li><strong>T\u1eb9 2-1-1<\/strong>. Aw\u1ecdn alam\u1ecdja orisun alabojuto wa le sop\u1ecd m\u1ecd \u1ecd lati \u1e63e iranl\u1ecdw\u1ecd.<\/li>\n<li><strong><a href=\"https:\/\/search.211md.org\/search?query=Office+of+Home+Energy+Programs&amp;query_label=Office+of+Home+Energy+Programs&amp;query_type=text\" target=\"_blank\" rel=\"noopener\">Wa ibi ipam\u1ecd data wa<\/a> <\/strong>lati wa aw\u1ecdn ifunni ipinl\u1eb9 ati aw\u1ecdn aj\u1ecd agbegbe ti o f\u1eb9 lati \u1e63e iranl\u1ecdw\u1ecd p\u1eb9lu aw\u1ecdn owo igbona.<\/li>\n<li>K\u1ecd \u1eb9k\u1ecd nipa aw\u1ecdn\u00a0<strong>alapapo iranlowo eto<\/strong> ati yiy\u1eb9 ni isal\u1eb9.<\/li>\n<\/ol>\n\t<h2>\u1eccfiisi Aw\u1ecdn Eto Agbara Ile (OHEP)<\/h2>\n<p>Duro gbona p\u1eb9lu aw\u1ecdn eto lati <a href=\"https:\/\/dhs.maryland.gov\/office-of-home-energy-programs\/local-home-energy-program-office\/\" target=\"_blank\" rel=\"noreferrer noopener\">\u1eccfiisi Aw\u1ecdn Eto Agbara Ile (OHEP)<\/a>. Aw\u1ecdn idile Maryland ti o ni \u1eb9t\u1ecd ti owo-wiw\u1ecdle le \u1e63e deede fun iranl\u1ecdw\u1ecd lati san owo-owo iwulo w\u1ecdn ati mimu ooru duro lakoko igba otutu. K\u1ecd \u1eb9k\u1ecd nipa \u1ecdp\u1ecdl\u1ecdp\u1ecd aw\u1ecdn eto OHEP ti o le \u1e63e iranl\u1ecdw\u1ecd p\u1eb9lu owo alapapo.<\/p>\n<h4><em>Eto Iranl\u1ecdw\u1ecd Agbara ti Maryland (MEAP)<\/em><\/h4>\n<p>Eto Iranlowo Agbara ti Maryland (MEAP) n pese aw\u1ecdn ifunni alapapo si aw\u1ecdn idile ti o ni \u1eb9t\u1ecd ni owo oya. O ko nilo akiyesi pipa lati gba iranl\u1ecdw\u1ecd.<\/p>\n<p>\u1eb8bun naa sanwo fun olupese idana r\u1eb9 tabi ohun elo fun \u1ecd.<\/p>\n<p>Ni afikun si MEAP, o le y\u1eb9 fun aw\u1ecdn eto alapapo miiran.<\/p>\n<h4><em>Eto Idaabobo I\u1e63\u1eb9 IwUlO (USPP)<\/em><\/h4>\n<p>Gbogbo aw\u1ecdn onibara ti o ni \u1eb9t\u1ecd MEAP ko le pa ooru w\u1ecdn ni igba otutu. Idaabobo y\u1eb9n ni a funni nipas\u1eb9 Eto Idaabobo I\u1e63\u1eb9 IwUlO tabi USPP.<\/p>\n<p>K\u1ecd \u1eb9k\u1ecd bi o \u1e63e le lo fun iranl\u1ecdw\u1ecd yii ati bii o \u1e63e le kun ohun elo naa sinu <a href=\"https:\/\/211md.org\/yo\/oro\/iranlowo-ohun-elo\/\">It\u1ecds\u1ecdna iranl\u1ecdw\u1ecd IwUlO 211<\/a>.<\/p>\n<h4><em>Eto I\u1e63\u1eb9 I\u1e63\u1eb9 Itanna Gbogbo agbaye (EUSP)<\/em><\/h4>\n<p>Ti o ba ti ile r\u1eb9 ni o ni ina ooru, aw\u1ecdn <a href=\"http:\/\/www.opc.maryland.gov\/Home\/Energy-Assistance-Tool-Kit\" target=\"_blank\" rel=\"noreferrer noopener\">Maryland Office of People k\u00e1 Igbaninimoran<\/a> \u1e63eduro pe ki o yan MEAP ati EUSP lori ohun elo iranl\u1ecdw\u1ecd agbara ile.<\/p>\n<p>EUSP san ipin kan ti owo ina m\u1ecdnam\u1ecdna l\u1ecdw\u1ecdl\u1ecdw\u1ecd r\u1eb9. O tun gbe sori ero \u00ecd\u00edyel\u00e9 isuna p\u1eb9lu ile-i\u1e63\u1eb9 ina m\u1ecdnam\u1ecdna r\u1eb9 lati \u1e63e iranl\u1ecdw\u1ecd tan kaakiri iye owo aw\u1ecdn owo-owo r\u1eb9 ni deede jakejado \u1ecddun. Ni \u1ecdna y\u1eb9n, o le yago fun aw\u1ecdn alekun owo ni aw\u1ecdn o\u1e63u igba otutu tutu tabi ooru ti ooru.<\/p>\n<h4><em>Gaasi Arrerage feyinti Iranl\u1ecdw\u1ecd<\/em><\/h4>\n<p>Aw\u1ecdn <strong>Gaasi<\/strong>\u00a0<strong>Arrearage Iranl\u1ecdw\u1ecd feyinti<\/strong>\u00a0Eto (GARA) \u1e63e iranl\u1ecdw\u1ecd fun aw\u1ecdn alabara p\u1eb9lu ina m\u1ecdnam\u1ecdna ati aw\u1ecdn owo gaasi ti o k\u1ecdja ti o ju $300 l\u1ecd. Aw\u1ecdn alabara ti o ni \u1eb9t\u1ecd le gba to $2,000 si iwe-owo IwUlO w\u1ecdn.<\/p>\n<p>\u1e62e akiyesi nigbati o ba beere fun \u1eb9bun yii bi o \u1e63e j\u1eb9 nikan\u00a0<u>wa fun aw\u1ecdn onibara l\u1eb9\u1eb9kan ni gbogbo \u1ecddun meje<\/u>, p\u1eb9lu aw\u1ecdn imukuro.<\/p>\n<h3>Waye fun iranl\u1ecdw\u1ecd alapapo<\/h3>\n<p>\u1e62etan lati beere fun iranl\u1ecdw\u1ecd? T\u1eb9le eyi\u00a0<a href=\"https:\/\/211md.org\/yo\/iranlowo-ohun-elo\/\" target=\"_blank\" rel=\"noopener\">igbese-nipas\u1eb9-Igbese It\u1ecds\u1ecdna<\/a> fun oye bi o \u1e63e le kun ohun elo naa, aw\u1ecdn a\u1e63i\u1e63e ti o w\u1ecdp\u1ecd lati yago fun, ati alaye lori iwe ti a beere.<\/p>\n<p>Ti o ba \u1e63etan lati l\u1ecd taara si ohun elo naa, lo ni bayi fun\u00a0<a href=\"https:\/\/mydhrbenefits.dhr.state.md.us\/dashboardClient\/#\/home\" target=\"_blank\" rel=\"noopener\">aw\u1ecdn anfani iranl\u1ecdw\u1ecd agbara ni Maryland<\/a>.<\/p>\n\t\t\t\t<a href=\"https:\/\/search.211md.org\/\" target=\"_blank\" rel=\"noopener\" itemprop=\"url\">\n\t\t\t\t<img decoding=\"async\" src=\"https:\/\/stg-maryland211-staging.kinsta.cloud\/wp-content\/uploads\/2025\/08\/2025_MdInfoNet_Icon-Sets-white_Locate.png\" alt=\"\" itemprop=\"image\" onerror=\"this.style.display='none'\" loading=\"lazy\" \/>\n\t\t\t\t<\/a>\n<h2><a href=\"https:\/\/search.211md.org\/\" target=\"_blank\" rel=\"noopener\">Wa Aw\u1ecdn orisun Bayi<\/a><\/h2><p>Wa <strong>awujo oro <\/strong>fun ounje, itoju ilera, ile ati siwaju sii ninu wa database. Wa nipas\u1eb9 koodu ZIP.<\/p>\n\t\t\t<a href=\"https:\/\/search.211md.org\/\" target=\"_blank\" rel=\"noopener\">\n\t\t\t\t\t\t\tWa Bayi\n\t\t\t<\/a>\n\t\t\t\t<img decoding=\"async\" src=\"http:\/\/211md.org\/wp-content\/uploads\/2025\/12\/cold-woman-looking-at-heating-bill.jpg\" alt=\"Cold woman looking at heating bill\" itemprop=\"image\" title=\"cold woman looking at heating bill\" onerror=\"this.style.display='none'\" loading=\"lazy\" \/>\n\t<h2>\u1eccfiisi Aw\u1ecdn Eto Agbara Ile (OHEP)<\/h2>\n<p>Duro gbona p\u1eb9lu aw\u1ecdn eto lati <a href=\"https:\/\/dhs.maryland.gov\/office-of-home-energy-programs\/local-home-energy-program-office\/\" target=\"_blank\" rel=\"noreferrer noopener\">\u1eccfiisi Aw\u1ecdn Eto Agbara Ile (OHEP)<\/a>. Aw\u1ecdn idile Maryland ti o ni \u1eb9t\u1ecd ti owo-wiw\u1ecdle le \u1e63e deede fun iranl\u1ecdw\u1ecd lati san owo-owo iwulo w\u1ecdn ati mimu ooru duro lakoko igba otutu. K\u1ecd \u1eb9k\u1ecd nipa \u1ecdp\u1ecdl\u1ecdp\u1ecd aw\u1ecdn eto OHEP ti o le \u1e63e iranl\u1ecdw\u1ecd p\u1eb9lu owo alapapo.<\/p>\n<h4><em>Eto Iranl\u1ecdw\u1ecd Agbara ti Maryland (MEAP)<\/em><\/h4>\n<p>Eto Iranlowo Agbara ti Maryland (MEAP) n pese aw\u1ecdn ifunni alapapo si aw\u1ecdn idile ti o ni \u1eb9t\u1ecd ni owo oya. O ko nilo akiyesi pipa lati gba iranl\u1ecdw\u1ecd.<\/p>\n<p>\u1eb8bun naa sanwo fun olupese idana r\u1eb9 tabi ohun elo fun \u1ecd.<\/p>\n<p>Ni afikun si MEAP, o le y\u1eb9 fun aw\u1ecdn eto alapapo miiran.<\/p>\n<h4><em>Eto Idaabobo I\u1e63\u1eb9 IwUlO (USPP)<\/em><\/h4>\n<p>Gbogbo aw\u1ecdn onibara ti o ni \u1eb9t\u1ecd MEAP ko le pa ooru w\u1ecdn ni igba otutu. Idaabobo y\u1eb9n ni a funni nipas\u1eb9 Eto Idaabobo I\u1e63\u1eb9 IwUlO tabi USPP.<\/p>\n<p>K\u1ecd \u1eb9k\u1ecd bi o \u1e63e le lo fun iranl\u1ecdw\u1ecd yii ati bii o \u1e63e le kun ohun elo naa sinu <a href=\"https:\/\/211md.org\/yo\/oro\/iranlowo-ohun-elo\/\">It\u1ecds\u1ecdna iranl\u1ecdw\u1ecd IwUlO 211<\/a>.<\/p>\n<h4><em>Eto I\u1e63\u1eb9 I\u1e63\u1eb9 Itanna Gbogbo agbaye (EUSP)<\/em><\/h4>\n<p>Ti o ba ti ile r\u1eb9 ni o ni ina ooru, aw\u1ecdn <a href=\"http:\/\/www.opc.maryland.gov\/Home\/Energy-Assistance-Tool-Kit\" target=\"_blank\" rel=\"noreferrer noopener\">Maryland Office of People k\u00e1 Igbaninimoran<\/a> \u1e63eduro pe ki o yan MEAP ati EUSP lori ohun elo iranl\u1ecdw\u1ecd agbara ile.<\/p>\n<p>EUSP san ipin kan ti owo ina m\u1ecdnam\u1ecdna l\u1ecdw\u1ecdl\u1ecdw\u1ecd r\u1eb9. O tun gbe sori ero \u00ecd\u00edyel\u00e9 isuna p\u1eb9lu ile-i\u1e63\u1eb9 ina m\u1ecdnam\u1ecdna r\u1eb9 lati \u1e63e iranl\u1ecdw\u1ecd tan kaakiri iye owo aw\u1ecdn owo-owo r\u1eb9 ni deede jakejado \u1ecddun. Ni \u1ecdna y\u1eb9n, o le yago fun aw\u1ecdn alekun owo ni aw\u1ecdn o\u1e63u igba otutu tutu tabi ooru ti ooru.<\/p>\n\t<h4><em>Gaasi Arrerage feyinti Iranl\u1ecdw\u1ecd<\/em><\/h4>\n<p>Aw\u1ecdn <strong>Gaasi<\/strong>\u00a0<strong>Arrearage Iranl\u1ecdw\u1ecd feyinti<\/strong>\u00a0Eto (GARA) \u1e63e iranl\u1ecdw\u1ecd fun aw\u1ecdn alabara p\u1eb9lu ina m\u1ecdnam\u1ecdna ati aw\u1ecdn owo gaasi ti o k\u1ecdja ti o ju $300 l\u1ecd. Aw\u1ecdn alabara ti o ni \u1eb9t\u1ecd le gba to $2,000 si iwe-owo IwUlO w\u1ecdn.<\/p>\n<p>\u1e62e akiyesi nigbati o ba beere fun \u1eb9bun yii bi o \u1e63e j\u1eb9 nikan\u00a0<u>wa fun aw\u1ecdn onibara l\u1eb9\u1eb9kan ni gbogbo \u1ecddun meje<\/u>, p\u1eb9lu aw\u1ecdn imukuro.<\/p>\n<h3>Waye fun iranl\u1ecdw\u1ecd alapapo<\/h3>\n<p>\u1e62etan lati beere fun iranl\u1ecdw\u1ecd? T\u1eb9le eyi\u00a0<a href=\"https:\/\/211md.org\/yo\/iranlowo-ohun-elo\/\" target=\"_blank\" rel=\"noopener\">igbese-nipas\u1eb9-Igbese It\u1ecds\u1ecdna<\/a> fun oye bi o \u1e63e le kun ohun elo naa, aw\u1ecdn a\u1e63i\u1e63e ti o w\u1ecdp\u1ecd lati yago fun, ati alaye lori iwe ti a beere.<\/p>\n<p>Ti o ba \u1e63etan lati l\u1ecd taara si ohun elo naa, lo ni bayi fun\u00a0<a href=\"https:\/\/mydhrbenefits.dhr.state.md.us\/dashboardClient\/#\/home\" target=\"_blank\" rel=\"noopener\">aw\u1ecdn anfani iranl\u1ecdw\u1ecd agbara ni Maryland<\/a>.<\/p>\n\t<h3>Maryland idana Fund<\/h3>\n<p>Aw\u1ecdn ifunni OHEP le ma bo gbogbo owo igbona r\u1eb9. Tabi o le ma \u1e63e deede fun iranl\u1ecdw\u1ecd. Aw\u1ecdn <a href=\"https:\/\/fuelfundmaryland.org\/\" target=\"_blank\" rel=\"noreferrer noopener\">Idana Fund of Maryland<\/a> le ni anfani lati \u1e63e iranl\u1ecdw\u1ecd ninu aw\u1ecdn \u1ecdran naa.<\/p>\n<p>Kan si Owo Idana ti o ba nilo iranl\u1ecdw\u1ecd afikun l\u1eb9hin ti o ti beere fun aw\u1ecdn ifunni ipinl\u1eb9. O gb\u1ecdd\u1ecd k\u1ecdk\u1ecd pari ohun elo iranl\u1ecdw\u1ecd agbara OHEP.<\/p>\n<p>Aw\u1ecdn \u1eb9ni-k\u1ecd\u1ecdkan w\u1ecdnyi le ni \u1eb9t\u1ecd fun Fund Fund:<\/p>\n<ul>\n<li>Aw\u1ecdn alabara BGE tabi aw\u1ecdn \u1eb9ni-k\u1ecd\u1ecdkan ti o jade tabi ti o f\u1eb9r\u1eb9 jade ninu epo olopobobo lakoko aw\u1ecdn o\u1e63u igba otutu, O\u1e63u k\u1ecdkanla-O\u1e63\u00f9.<\/li>\n<li>Ko gba iranl\u1ecdw\u1ecd Fund Fund ni aw\u1ecdn \u1ecdj\u1ecd 365 s\u1eb9hin.<\/li>\n<li>Ibugbe ti ge asop\u1ecd agbara.<\/li>\n<li>Ti n\u1e63i\u1e63e l\u1ecdw\u1ecd BGE pa akiyesi.<\/li>\n<li>\u1e62e aw\u1ecdn sisanwo a\u1e63ey\u1ecdri 4 ni aw\u1ecdn \u1ecdj\u1ecd 365 s\u1eb9hin.<\/li>\n<\/ul>\n<p>O le gba owo nikan lati owo-inawo l\u1eb9\u1eb9kan ni \u1ecddun kan. Igbeowo ti wa ni opin. <a href=\"https:\/\/fuelfundmaryland.org\/apply\" target=\"_blank\" rel=\"noopener\">Kan si Owo Idana<\/a>.<\/p>\n\t\t\t\t<img decoding=\"async\" src=\"http:\/\/211md.org\/wp-content\/uploads\/2025\/07\/Man-turning-on-thermostat.jpg\" alt=\"\u1ecckunrin titan thermostat\" itemprop=\"image\" title=\"\u1ecckunrin titan thermostat\" onerror=\"this.style.display='none'\" loading=\"lazy\" \/>\n\t<h3>Aw\u1ecdn \u1ecdna miiran Lati Gba Iranl\u1ecdw\u1ecd P\u1eb9lu Iwe-owo Alapapo<\/h3>\n<p>N\u1ecdmba aw\u1ecdn \u1eb9gb\u1eb9 ti o da lori igbagb\u1ecd agbegbe ati aw\u1ecdn alanu ti o le funni ni afikun iranl\u1ecdw\u1ecd owo si aw\u1ecdn idile agbegbe. O le wa aw\u1ecdn \u1eb9gb\u1eb9 w\u1ecdnyi nipa wiwa <a href=\"http:\/\/search.211md.org\" target=\"_blank\" rel=\"noopener\">211 Maryland k\u00e1 database ti awujo oro<\/a>.<\/p>\n<p>O tun le pe ile-i\u1e63\u1eb9 ohun elo r\u1eb9 lati rii boya w\u1ecdn le pese iranl\u1ecdw\u1ecd. Eyi ni aw\u1ecdn n\u1ecdmba lati de \u1ecdd\u1ecd aw\u1ecdn eto iranl\u1ecdw\u1ecd agbara w\u1ecdn:<\/p>\n<ul>\n<li><a href=\"http:\/\/www.bge.com\/MyAccount\/CustomerSupport\/Pages\/BillPaymentAssistance.aspx\" target=\"_blank\" rel=\"noreferrer noopener\">BGE<\/a>\u00a0&#8211; 800-685-0123<\/li>\n<li><a href=\"http:\/\/www.pepco.com\/MyAccount\/CustomerSupport\/Pages\/MD\/BillPaymentAssistance.aspx\" target=\"_blank\" rel=\"noreferrer noopener\">Pepco<\/a>\u00a0&#8211; 202-833-7500<\/li>\n<li><a href=\"http:\/\/www.delmarva.com\/MyAccount\/CustomerSupport\/Pages\/DE\/BillPaymentAssistance.aspx\" target=\"_blank\" rel=\"noreferrer noopener\">Delmarva Agbara<\/a>\u00a0&#8211; 800-375-7117<\/li>\n<li><a href=\"http:\/\/www.firstenergycorp.com\/help\/billingpayments\/assistance_serviceprogram\/potomac_edison_maryland.html\" target=\"_blank\" rel=\"noreferrer noopener\">Potomac Edison<\/a>\u00a0&#8211; 800-686-0011<\/li>\n<li><a href=\"https:\/\/www.columbiagasmd.com\/bills-and-payments\/financial-support\/income-eligible-assistance-programs#:~:text=Maryland%20Energy%20Assistance%20Program%20(MEAP,-800-272-2714.\" target=\"_blank\" rel=\"noreferrer noopener\">Gaasi Columbia<\/a>\u00a0888-927-4427<\/li>\n<li><a href=\"http:\/\/www.smeco.coop\/account\/universal-service-program\" target=\"_blank\" rel=\"noreferrer noopener\">SMECO<\/a>\u00a0888-4440-3311<\/li>\n<li><a href=\"https:\/\/www.washingtongas.com\/home-owners\/savings\/energy-assistance\" target=\"_blank\" rel=\"noreferrer noopener\">Gaasi Washington<\/a>\u00a0&#8211; 844-927-4427<\/li>\n<\/ul>\n\t<h2>Aw\u1ecdn eto oju ojo<\/h2>\n<p>O tun le \u1e63e aw\u1ecdn igbes\u1eb9 lati j\u1eb9 ki ile r\u1eb9 ni agbara-daradara. Eyi le \u1e63e iranl\u1ecdw\u1ecd ni igba otutu ati aw\u1ecdn osu ooru. Aw\u1ecdn window mimu, aw\u1ecdn il\u1eb9kun edidi ati idabobo j\u1eb9 aw\u1ecdn \u1ecdna nla lati dinku aw\u1ecdn idiyele iwulo.<\/p>\n<p>Aw\u1ecdn\u00a0<a href=\"https:\/\/dhcd.maryland.gov\/Pages\/EnergyEfficiency\/default.aspx\" target=\"_blank\" rel=\"noreferrer noopener\">\u1eb8ka Ile ti Maryland ati Idagbasoke Agbegbe<\/a>\u00a0ni n\u1ecdmba aw\u1ecdn eto lati \u1e63e iranl\u1ecdw\u1ecd fun gbogbo aw\u1ecdn onile mu il\u1ecdsiwaju ti ile w\u1ecdn \u1e63i\u1e63\u1eb9. Aw\u1ecdn eto \u1e63e iranl\u1ecdw\u1ecd p\u1eb9lu idabobo, atun\u1e63e ileru ati rir\u1ecdpo, aw\u1ecdn il\u1ecdsiwaju eto omi gbona ati aw\u1ecdn il\u1ecdsiwaju ilera ati ailewu miiran.<\/p>\n<p>Nib\u1eb9 ni o wa tun\u00a0<a href=\"https:\/\/dhcd.maryland.gov\/Residents\/Pages\/wap\/Default.aspx\" target=\"_blank\" rel=\"noopener\">oju ojo ati aw\u1ecdn eto agbara-daradara<\/a>\u00a0wa fun aw\u1ecdn olugbe Maryland ti owo oya kekere. O le y\u1eb9 fun i\u1e63ay\u1eb9wo agbara ti ko ni idiyele lati \u1e63e idanim\u1ecd aw\u1ecdn agbegbe ti ibakcdun ati aw\u1ecdn atun\u1e63e ile. Eto ti o y\u1eb9 fun owo-wiw\u1ecdle ni a funni ni ipele agbegbe.<\/p>\n\t\t\t\t<img decoding=\"async\" src=\"https:\/\/211md.org\/wp-content\/plugins\/bb-plugin\/img\/pixel.png\" alt=\"\" itemprop=\"image\" onerror=\"this.style.display='none'\" loading=\"lazy\" \/>\n\t\t\t\t<img decoding=\"async\" src=\"https:\/\/211md.org\/wp-content\/uploads\/bb-plugin\/cache\/Call-center-specialst-circle-4e9ecd7b3425be4576416abc911049bb-.jpg\" alt=\"Oloye ile-i\u1e63\u1eb9 ipe\" itemprop=\"image\" title=\"Ipe aarin pataki\" onerror=\"this.style.display='none'\" loading=\"lazy\" \/>\n<h2>T\u1eb9 211<\/h2><p>Soro si eniyan abojuto ati aanu 24\/7. W\u1ecdn tun le sop\u1ecd si aw\u1ecdn orisun.\u00a0<\/p>\n\t\t\t<a href=\"tel:%20+211\" target=\"_blank\" rel=\"noopener\">\n\t\t\t\t\t\tT\u1eb9 211 (alagbeka)\n\t\t\t\t\t<\/a>\n\t<h2>More Utility Help<\/h2>\n\t\t<h4><a href=\"\/yo\/oro\/ailera-ti-ogbo\/?utm_source=Home&#038;utm_medium=Referral&#038;utm_campaign=211Resources&#038;utm_content=Aging\" target=\"_self\">Ti ogbo &amp; Alaabo<\/a><\/h4>\n\t\t\t\t<a href=\"\/yo\/oro\/ailera-ti-ogbo\/?utm_source=Home&#038;utm_medium=Referral&#038;utm_campaign=211Resources&#038;utm_content=Aging\"  target=\"_self\" itemprop=\"url\">\n\t\t\t\t<img decoding=\"async\" src=\"https:\/\/211md.org\/wp-content\/uploads\/bb-plugin\/cache\/2025_MdInfoNet_Icon-Sets_Aging-disability-square-c466727102cae71e5f27b8539bb51945-.png\" alt=\"\" itemprop=\"image\" onerror=\"this.style.display='none'\" loading=\"lazy\" \/>\n\t\t\t\t<\/a>\n\t\t<h4><a href=\"\/yo\/oro\/omo-idile\/?utm_source=Home&#038;utm_medium=Referral&#038;utm_campaign=211Resources&#038;utm_content=Children\" target=\"_self\">Aw\u1ecdn \u1ecdm\u1ecdde &amp; Aw\u1ecdn idile<\/a><\/h4>\n\t\t\t\t<a href=\"\/yo\/oro\/omo-idile\/?utm_source=Home&#038;utm_medium=Referral&#038;utm_campaign=211Resources&#038;utm_content=Children\"  target=\"_self\" itemprop=\"url\">\n\t\t\t\t<img decoding=\"async\" src=\"https:\/\/211md.org\/wp-content\/uploads\/bb-plugin\/cache\/2025_211_Icon-Sets_Child-care-square-f3b0d4edab3dcc467fadb5f55f4064c6-.png\" alt=\"parent and child icon for child care\" itemprop=\"image\" height=\"417\" width=\"417\" title=\"2025_211_Icon Sets_Child itoju\" onerror=\"this.style.display='none'\" loading=\"lazy\" \/>\n\t\t\t\t<\/a>\n\t\t<h4><a href=\"\/yo\/oro\/abele-ebi-iwa-ipa\/?utm_source=Home&#038;utm_medium=Referral&#038;utm_campaign=211Resources&#038;utm_content=Domestic\" target=\"_self\">Iwa-ipa Abele<\/a><\/h4>\n\t\t\t\t<a href=\"\/yo\/oro\/abele-ebi-iwa-ipa\/?utm_source=Home&#038;utm_medium=Referral&#038;utm_campaign=211Resources&#038;utm_content=Domestic\"  target=\"_self\" itemprop=\"url\">\n\t\t\t\t<img decoding=\"async\" src=\"https:\/\/211md.org\/wp-content\/uploads\/bb-plugin\/cache\/2025_211_Icon-Sets_Domestic-Violence-square-7b597694a6f05fe90cdc376aa573bc63-.png\" alt=\"Aami iwa-ipa ab\u1eb9le\" itemprop=\"image\" height=\"417\" width=\"417\" title=\"2025_211_Icon \u1e62eto_Iwa-ipa Abele\" onerror=\"this.style.display='none'\" loading=\"lazy\" \/>\n\t\t\t\t<\/a>\n\t\t<h4><a href=\"\/yo\/oro\/wiwa-oojo\/?utm_source=Home&#038;utm_medium=Referral&#038;utm_campaign=211Resources&#038;utm_content=Employment\" target=\"_self\">Igbanisise<\/a><\/h4>\n\t\t\t\t<a href=\"\/yo\/oro\/wiwa-oojo\/?utm_source=Home&#038;utm_medium=Referral&#038;utm_campaign=211Resources&#038;utm_content=Employment\"  target=\"_self\" itemprop=\"url\">\n\t\t\t\t<img decoding=\"async\" src=\"https:\/\/211md.org\/wp-content\/uploads\/bb-plugin\/cache\/2025_MdInfoNet_Icon-Sets_Employment-square-44707bd410e4df10a470bf130ebcea86-.png\" alt=\"\" itemprop=\"image\" onerror=\"this.style.display='none'\" loading=\"lazy\" \/>\n\t\t\t\t<\/a>\n\t\t<h4><a href=\"\/yo\/oro\/itoju-ilera\/?utm_source=Home&#038;utm_medium=Referral&#038;utm_campaign=211Resources&#038;utm_content=Health%20Care\" target=\"_self\">It\u1ecdju Ilera<\/a><\/h4>\n\t\t\t\t<a href=\"\/yo\/oro\/itoju-ilera\/?utm_source=Home&#038;utm_medium=Referral&#038;utm_campaign=211Resources&#038;utm_content=Health%20Care\"  target=\"_self\" itemprop=\"url\">\n\t\t\t\t<img decoding=\"async\" src=\"https:\/\/211md.org\/wp-content\/uploads\/bb-plugin\/cache\/2025_MdInfoNet_Icon-Sets_Health-Care-square-dee98a0060cbe0e7f27eda253fc12679-.png\" alt=\"\" itemprop=\"image\" onerror=\"this.style.display='none'\" loading=\"lazy\" \/>\n\t\t\t\t<\/a>\n\t\t<h4><a href=\"\/yo\/oro\/omo-idile\/itoju-ibatan\/?utm_source=Home&#038;utm_medium=Referral&#038;utm_campaign=211Resources&#038;utm_content=Kinship\" target=\"_self\">\u00ccb\u00e1tan<\/a><\/h4>\n\t\t\t\t<a href=\"\/yo\/oro\/omo-idile\/itoju-ibatan\/?utm_source=Home&#038;utm_medium=Referral&#038;utm_campaign=211Resources&#038;utm_content=Kinship\"  target=\"_self\" itemprop=\"url\">\n\t\t\t\t<img decoding=\"async\" src=\"https:\/\/211md.org\/wp-content\/uploads\/bb-plugin\/cache\/2025_211_Icon-Sets_Kinship-square-45bdf872866f5735f842c32071109267-.png\" alt=\"Aami ibatan\" itemprop=\"image\" height=\"417\" width=\"417\" title=\"2025_211_Icon Sets_Kinship\" onerror=\"this.style.display='none'\" loading=\"lazy\" \/>\n\t\t\t\t<\/a>\n\t\t<h4><a href=\"\/yo\/oro\/ofin-awon-i%e1%b9%a3e\/?utm_source=Home&#038;utm_medium=Referral&#038;utm_campaign=211Resources&#038;utm_content=Legal\" target=\"_self\">Aw\u1ecdn i\u1e63\u1eb9 ofin<\/a><\/h4>\n\t\t\t\t<a href=\"\/yo\/oro\/ofin-awon-i%e1%b9%a3e\/?utm_source=Home&#038;utm_medium=Referral&#038;utm_campaign=211Resources&#038;utm_content=Legal\"  target=\"_self\" itemprop=\"url\">\n\t\t\t\t<img decoding=\"async\" src=\"https:\/\/211md.org\/wp-content\/uploads\/bb-plugin\/cache\/2025_MdInfoNet_Icon-Sets_Legal-square-18fdf438feb8435588174d9046463257-.png\" alt=\"\" itemprop=\"image\" onerror=\"this.style.display='none'\" loading=\"lazy\" \/>\n\t\t\t\t<\/a>\n\t\t<h4><a href=\"\/yo\/oro\/opolo-ilera\/?utm_source=Home&#038;utm_medium=Referral&#038;utm_campaign=211Resources&#038;utm_content=Mental\" target=\"_self\">Opolo Health<\/a><\/h4>\n\t\t\t\t<a href=\"\/yo\/oro\/opolo-ilera\/?utm_source=Home&#038;utm_medium=Referral&#038;utm_campaign=211Resources&#038;utm_content=Mental\"  target=\"_self\" itemprop=\"url\">\n\t\t\t\t<img decoding=\"async\" src=\"https:\/\/211md.org\/wp-content\/uploads\/bb-plugin\/cache\/2025_MdInfoNet_Icon-Sets_Mental-Health-square-c59b38c4a993a947d4c9280fbe2d2fee-.png\" alt=\"\" itemprop=\"image\" onerror=\"this.style.display='none'\" loading=\"lazy\" \/>\n\t\t\t\t<\/a>\n\t\t<h4><a href=\"\/yo\/oro\/ogbon-inu\/?utm_source=Home&#038;utm_medium=Referral&#038;utm_campaign=211Resources&#038;utm_content=Reentry\" target=\"_self\">Atunw\u1ecdle<\/a><\/h4>\n\t\t\t\t<a href=\"\/yo\/oro\/ogbon-inu\/?utm_source=Home&#038;utm_medium=Referral&#038;utm_campaign=211Resources&#038;utm_content=Reentry\"  target=\"_self\" itemprop=\"url\">\n\t\t\t\t<img decoding=\"async\" src=\"https:\/\/211md.org\/wp-content\/uploads\/bb-plugin\/cache\/2025_211_Icon-Sets_Reentry-square-8676fea38abd920a832f45642fe31cca-.png\" alt=\"Aami iw\u1ecdle\" itemprop=\"image\" height=\"417\" width=\"417\" title=\"2025_211_Icon Sets_Reentry\" onerror=\"this.style.display='none'\" loading=\"lazy\" \/>\n\t\t\t\t<\/a>\n\t\t<h4><a href=\"\/yo\/oro\/lilo-nkan-elo\/?utm_source=Home&#038;utm_medium=Referral&#038;utm_campaign=211Resources&#038;utm_content=Substance\" target=\"_self\">Ohun elo Lilo<\/a><\/h4>\n\t\t\t\t<a href=\"\/yo\/oro\/lilo-nkan-elo\/?utm_source=Home&#038;utm_medium=Referral&#038;utm_campaign=211Resources&#038;utm_content=Substance\"  target=\"_self\" itemprop=\"url\">\n\t\t\t\t<img decoding=\"async\" src=\"https:\/\/211md.org\/wp-content\/uploads\/bb-plugin\/cache\/2025_MdInfoNet_Icon-Sets_Substance-Abuse-square-9022fec9d18a64118ad685c101885b55-.png\" alt=\"\" itemprop=\"image\" onerror=\"this.style.display='none'\" loading=\"lazy\" \/>\n\t\t\t\t<\/a>\n\t\t<h4><a href=\"\/yo\/oro\/ogbo\/?utm_source=Home&#038;utm_medium=Referral&#038;utm_campaign=211Resources&#038;utm_content=Veterans\" target=\"_self\">Ogbo<\/a><\/h4>\n\t\t\t\t<a href=\"\/yo\/oro\/ogbo\/?utm_source=Home&#038;utm_medium=Referral&#038;utm_campaign=211Resources&#038;utm_content=Veterans\"  target=\"_self\" itemprop=\"url\">\n\t\t\t\t<img decoding=\"async\" src=\"https:\/\/211md.org\/wp-content\/uploads\/bb-plugin\/cache\/2025_MdInfoNet_Icon-Sets_Rating-square-6e60d00cce4faa8e0a6d4ad7366aa733-.png\" alt=\"\" itemprop=\"image\" onerror=\"this.style.display='none'\" loading=\"lazy\" \/>\n\t\t\t\t<\/a>","protected":false},"excerpt":{"rendered":"<p>Stay warm during the winter with utility assistance programs that offset the costs of the heating bill.\u00a0 Learn about the heating programs available to help. You can also dial 211 at any time to speak with a caring person who will connect you to utility help. Get Started Emergency Help With A Heating Bill There&hellip;<\/p>","protected":false},"author":8,"featured_media":33725,"parent":932,"menu_order":0,"comment_status":"closed","ping_status":"closed","template":"","meta":{"footnotes":""},"class_list":["post-955","page","type-page","status-publish","has-post-thumbnail","hentry"],"_links":{"self":[{"href":"https:\/\/211md.org\/yo\/wp-json\/wp\/v2\/pages\/955","targetHints":{"allow":["GET"]}}],"collection":[{"href":"https:\/\/211md.org\/yo\/wp-json\/wp\/v2\/pages"}],"about":[{"href":"https:\/\/211md.org\/yo\/wp-json\/wp\/v2\/types\/page"}],"author":[{"embeddable":true,"href":"https:\/\/211md.org\/yo\/wp-json\/wp\/v2\/users\/8"}],"replies":[{"embeddable":true,"href":"https:\/\/211md.org\/yo\/wp-json\/wp\/v2\/comments?post=955"}],"version-history":[{"count":4,"href":"https:\/\/211md.org\/yo\/wp-json\/wp\/v2\/pages\/955\/revisions"}],"predecessor-version":[{"id":4859,"href":"https:\/\/211md.org\/yo\/wp-json\/wp\/v2\/pages\/955\/revisions\/4859"}],"up":[{"embeddable":true,"href":"https:\/\/211md.org\/yo\/wp-json\/wp\/v2\/pages\/932"}],"wp:featuredmedia":[{"embeddable":true,"href":"https:\/\/211md.org\/yo\/wp-json\/wp\/v2\/media\/33725"}],"wp:attachment":[{"href":"https:\/\/211md.org\/yo\/wp-json\/wp\/v2\/media?parent=955"}],"curies":[{"name":"wp","href":"https:\/\/api.w.org\/{rel}","templated":true}]}}