{"id":957,"date":"2021-04-15T19:16:53","date_gmt":"2021-04-15T19:16:53","guid":{"rendered":"https:\/\/211md.org\/?page_id=957"},"modified":"2025-12-01T11:54:31","modified_gmt":"2025-12-01T16:54:31","slug":"itanna-owo","status":"publish","type":"page","link":"https:\/\/211md.org\/yo\/resources\/utility-assistance\/electric-bills\/","title":{"rendered":"Gba Iranl\u1ecdw\u1ecd Sisanwo Owo-owo ina ina Maryland"},"content":{"rendered":"<img decoding=\"async\" src=\"https:\/\/stg-maryland211-staging.kinsta.cloud\/wp-content\/uploads\/2025\/08\/5-1-scaled.png\" alt=\"5\" itemprop=\"image\" height=\"692\" width=\"2560\" title=\"5\" onerror=\"this.style.display='none'\" loading=\"lazy\" \/>\n\t\t<p>Do you need help paying your electric bill? There are several ways to get help, whether you have service from Baltimore Gas and Electric (BGE), Southern Maryland Electric Cooperative (SMECO), Pepco or another utility.<\/p>\n<p>Local charities and faith-based organizations in communities throughout Maryland provide financial assistance, weatherization programs, and financial support. There are also grants available from the state to help with the electric bill.<\/p>\n\t\t\t<a href=\"#start\" target=\"_self\">\n\t\t\t\t\t\tB\u1eb9r\u1eb9\n\t\t\t\t\t<\/a>\n\t\t\t\t<img decoding=\"async\" src=\"https:\/\/211md.org\/wp-content\/plugins\/bb-plugin\/img\/pixel.png\" alt=\"\" itemprop=\"image\" onerror=\"this.style.display='none'\" loading=\"lazy\" \/>\n\t\t\t\t<img decoding=\"async\" src=\"https:\/\/stg-maryland211-staging.kinsta.cloud\/wp-content\/uploads\/2025\/08\/16.png\" alt=\"16\" itemprop=\"image\" height=\"1000\" width=\"1000\" title=\"16\" onerror=\"this.style.display='none'\" loading=\"lazy\" \/>\n\t\t\t\t<img decoding=\"async\" src=\"http:\/\/211md.org\/wp-content\/uploads\/2025\/12\/woman-looking-at-electric-bill.jpg\" alt=\"woman looking at electric bill\" itemprop=\"image\" title=\"woman looking at electric bill\" onerror=\"this.style.display='none'\" loading=\"lazy\" \/>\n<h2>Office of Home Energy Aw\u1ecdn eto<\/h2>\n<p>Energy assistance programs can help offset some of the cost of your electric bill. There are several types of programs available from the Office of Home Energy Programs (OHEP).<\/p>\n<p>The income-eligible grant application requires you to select a program, so learn about the options.<\/p>\n<h3>Eto Iranl\u1ecdw\u1ecd Agbara ti Maryland (MEAP)<\/h3>\n<p>Ti o ba\u00a0<a href=\"https:\/\/211md.org\/yo\/iranlowo-ohun-elo\/alapapo-owo\/\" target=\"_blank\" rel=\"noopener\">gbona ile r\u1eb9 p\u1eb9lu ina,<\/a>\u00a0you may be eligible for the\u00a0Maryland Energy Assistance Program\u00a0or MEAP grant.<\/p>\n<p>O le lo paapaa ti o ba ni ifitonileti pipa tabi pipa lati ile-i\u1e63\u1eb9 ohun elo naa.<\/p>\n\t<h3>Eto I\u1e63\u1eb9 I\u1e63\u1eb9 Itanna Gbogbo agbaye (EUSP)<\/h3>\n<p>O le gba iranl\u1ecdw\u1ecd nipas\u1eb9 Eto I\u1e63\u1eb9 I\u1e63\u1eb9 Agbaye Electric (EUSP) fun aw\u1ecdn owo ina. Aw\u1ecdn alabara ti o ni \u1eb9t\u1ecd gba iranl\u1ecdw\u1ecd owo p\u1eb9lu ipin kan ti owo ina m\u1ecdnam\u1ecdna l\u1ecdw\u1ecdl\u1ecdw\u1ecd w\u1ecdn. Aw\u1ecdn owo ti wa ni san taara si aw\u1ecdn ina ile.<\/p>\n<p>Nitorinaa, bawo ni o \u1e63e y\u1eb9 fun \u1eb9bun EUSP? O da lori owo-wiw\u1ecdle ile r\u1eb9 ati lilo ina m\u1ecdnam\u1ecdna ni aw\u1ecdn o\u1e63u 12 to k\u1ecdja.<\/p>\n<p>Aw\u1ecdn alabara EUSP tun wa lori ero \u00ecd\u00edyel\u00e9 isuna kan ti o tan kaakiri aw\u1ecdn idiyele iwulo \u1ecdd\u1ecd\u1ecddun ju \u1ecddun kan l\u1ecd. Ni \u1ecdna y\u1eb9n, o san iye kanna ni o\u1e63u k\u1ecd\u1ecdkan kuku ju pataki di\u1eb9 sii lati o\u1e63u kan tabi akoko si ekeji.<\/p>\n<h3>Iranlowo If\u1eb9hinti If\u1eb9yinti (ARA)<\/h3>\n<p>The\u00a0Arrearage Retirement Assistance\u00a0(ARA) grant can help if you have a past-due electric or gas bill over $300. You only\u00a0<u>y\u1eb9 fun eyi l\u1eb9\u1eb9kan ni gbogbo \u1ecddun meje<\/u>, p\u1eb9lu aw\u1ecdn imukuro. \u1eb8bun yii nfunni to $2,000 si iwe-owo IwUlO ti o k\u1ecdja.<\/p>\n<p>Lati gba \u1eb9bun ARA, o gb\u1ecdd\u1ecd ni \u1eb9t\u1ecd fun \u1eb9bun EUSP kan.<\/p>\n<h3>Nbere Fun Iranl\u1ecdw\u1ecd<\/h3>\n<p>Before you apply for one of these <a href=\"https:\/\/dhs.maryland.gov\/office-of-home-energy-programs\/local-home-energy-program-office\/\" target=\"_blank\" rel=\"noopener\">OHEP programs<\/a>, understand the guidelines and application process. You&#8217;ll need several documents verifying your identity, residency, and income.<\/p>\n<p>Ready to apply for energy help? Make sure you understand how the OHEP application works, common mistakes and all the documents you&#8217;ll need to upload if you apply online. Read <a href=\"https:\/\/211md.org\/yo\/oro\/iranlowo-ohun-elo\/\">211&#8217;s utility assistance application guide<\/a>.<\/p>\n<p>Ti o ba \u1e63etan lati kun ohun elo ori ayelujara,\u00a0<a href=\"https:\/\/mydhrbenefits.dhr.state.md.us\/dashboardClient\/#\/home\" target=\"_blank\" rel=\"noopener\">b\u1eb9r\u1eb9 bayi<\/a>.<\/p>\n\t\t\t\t<a href=\"https:\/\/search.211md.org\/\" target=\"_blank\" rel=\"noopener\" itemprop=\"url\">\n\t\t\t\t<img decoding=\"async\" src=\"https:\/\/stg-maryland211-staging.kinsta.cloud\/wp-content\/uploads\/2025\/08\/2025_MdInfoNet_Icon-Sets-white_Locate.png\" alt=\"\" itemprop=\"image\" onerror=\"this.style.display='none'\" loading=\"lazy\" \/>\n\t\t\t\t<\/a>\n<h2><a href=\"https:\/\/search.211md.org\/\" target=\"_blank\" rel=\"noopener\">Wa Aw\u1ecdn orisun Bayi<\/a><\/h2><p>Wa <strong>awujo oro <\/strong>fun ounje, itoju ilera, ile ati siwaju sii ninu wa database. Wa nipas\u1eb9 koodu ZIP.<\/p>\n\t\t\t<a href=\"https:\/\/search.211md.org\/\" target=\"_blank\" rel=\"noopener\">\n\t\t\t\t\t\t\tWa Bayi\n\t\t\t<\/a>\n\t\t\t\t<img decoding=\"async\" src=\"http:\/\/211md.org\/wp-content\/uploads\/2025\/12\/Utility-worker-on-pole-and-sun-behind-him.jpg\" alt=\"Utility worker on pole and sun behind him\" itemprop=\"image\" title=\"Utility worker on pole and sun behind him\" onerror=\"this.style.display='none'\" loading=\"lazy\" \/>\n<h2>Iranl\u1ecdw\u1ecd Ile-i\u1e63\u1eb9 IwUlO<\/h2>\n<p>Utility companies like BGE, Pepco, SMECO, and other Maryland utilities offer programs to help customers pay their bills and avoid a turn off notice.<\/p>\n<h3>Kini MO \u1e62e Ti MO ba Ni Akiyesi Paa?<\/h3>\n<p>Paapaa ti ile-i\u1e63\u1eb9 ohun elo ba s\u1ecd fun \u1ecd pe w\u1ecdn ti pa agbara r\u1eb9, o tun le bere fun iranl\u1ecdw\u1ecd nipas\u1eb9 OHEP. Ranti, aw\u1ecdn afij\u1eb9\u1eb9ri owo-wiw\u1ecdle wa.<\/p>\n<p>Ti \u1eb9bun naa ko ba bo iye kikun ti owo-owo r\u1eb9 ti o k\u1ecdja, o le ni anfani lati\u00a0<a href=\"https:\/\/211md.org\/yo\/iranlowo-ohun-elo\/\" rel=\"noopener\">gba iranlowo owo lati ajo miiran<\/a>.<\/p>\n<p>Eto isanwo o\u1e63u 12 tun j\u1eb9 a\u1e63ayan. \u1e62eto eyi taara p\u1eb9lu ile-i\u1e63\u1eb9 ohun elo r\u1eb9.<\/p>\n<h3>Eto Isanwo Ile-i\u1e63\u1eb9 IwUlO<\/h3>\n<p>Kan si ile-i\u1e63\u1eb9 ohun elo r\u1eb9 nigbagbogbo nigbati o nilo iranl\u1ecdw\u1ecd afikun p\u1eb9lu iwe-owo r\u1eb9 lati wo iru aw\u1ecdn a\u1e63ayan ti o wa ni agbegbe agbegbe r\u1eb9.<\/p>\n<p>Ti o ba nilo iranl\u1ecdw\u1ecd lati san owo-owo ohun elo r\u1eb9 lati ile-i\u1e63\u1eb9 miiran, kan si w\u1ecdn taara:<\/p>\n<ul>\n<li><a href=\"https:\/\/www.bge.com\/MyAccount\/CustomerSupport\/Pages\/AssistancePrograms.aspx\" target=\"_blank\" rel=\"noopener\">Iranl\u1ecdw\u1ecd isanwo owo BGE<\/a><\/li>\n<li><a href=\"https:\/\/www.smeco.coop\/account\/universal-service-program\" target=\"_blank\" rel=\"noopener\">SMECO owo iranl\u1ecdw\u1ecd<\/a><\/li>\n<li><a href=\"https:\/\/www.pepco.com\/MyAccount\/CustomerSupport\/Pages\/MD\/BillPaymentAssistance.aspx\" target=\"_blank\" rel=\"noopener\">Pepco agbara iranl\u1ecdw\u1ecd<\/a><\/li>\n<li><a href=\"https:\/\/www.firstenergycorp.com\/help\/billingpayments\/assistance_serviceprogram\/potomac_edison_maryland.html\" target=\"_blank\" rel=\"noopener\">Potomac Edison iranl\u1ecdw\u1ecd<\/a><\/li>\n<li><a href=\"https:\/\/www.delmarva.com\/MyAccount\/CustomerSupport\/Pages\/DE\/BillPaymentAssistance.aspx\" target=\"_blank\" rel=\"noopener\">Delmarva Agbara<\/a><\/li>\n<\/ul>\n<p>211 Maryland tun wa 24\/7\/365 lati \u1e63e am\u1ecdna r\u1eb9 nipas\u1eb9 iranl\u1ecdw\u1ecd ohun elo fun owo itanna r\u1eb9. T\u1eb9 2-1-1.<\/p>\n<p>Di\u1eb9 ninu aw\u1ecdn ile-i\u1e63\u1eb9 ohun elo ni aw\u1ecdn eto ti o le \u1e63e iranl\u1ecdw\u1ecd.<\/p>\n\t<h3>Iranl\u1ecdw\u1ecd P\u1eb9lu BGE Bill<\/h3>\n<p>Ti o ba nilo iranl\u1ecdw\u1ecd lati san owo-owo BGE r\u1eb9, o le beere fun eto agbara ipinl\u1eb9, pataki MEAP tabi EUSP.<\/p>\n<p>BGE tun \u1e63e alabapin ninu aw\u1ecdn eto pup\u1ecd lati \u1e63e iranl\u1ecdw\u1ecd fun aw\u1ecdn alabara lati \u1e63afipam\u1ecd owo lori owo ina m\u1ecdnam\u1ecdna w\u1ecdn. Iw\u1ecdnyi p\u1eb9lu:<\/p>\n<ul>\n<li><a href=\"https:\/\/www.bgesmartenergy.com\/residential\" target=\"_blank\" rel=\"noopener\">BGE Smart Energy Savers Eto<\/a>(R) - aw\u1ecdn eto, aw\u1ecdn i\u1e63\u1eb9 ati aw\u1ecdn imoriya lati dinku lilo agbara ati fi owo pam\u1ecd.<\/li>\n<li><a href=\"https:\/\/bgesmartenergy.com\/residential\/rebates-and-discounts\/smart-thermostats\" target=\"_blank\" rel=\"noopener\">Aw\u1ecdn ere ti a ti sop\u1ecd<\/a>\u2120 - jo&#039;gun $50 fun aw\u1ecdn iw\u1ecdn otutu \u1ecdl\u1ecdgb\u1ecdn ti o peye.<\/li>\n<li>EmPOWER Maryland Limited Owo oya Eto \u1e62i\u1e63e Lilo Agbara (LIEEP) - i\u1e63ay\u1eb9wo agbara ile \u1ecdf\u1eb9 ati aw\u1ecdn il\u1ecdsiwaju ile fun aw\u1ecdn ti o y\u1eb9.<\/li>\n<\/ul>\n<p>Ti o ba ni aw\u1ecdn ifiyesi nipa owo r\u1eb9, kan si BGE taara. Ti o ba j\u1eb9 ibeere gbigba, pe 1-800-685-2210. Fun aw\u1ecdn ibeere miiran, pe 1-800-685-0123.<\/p>\n<p>BGE le ni anfani lati \u1e63i\u1e63\u1eb9 eto isanwo fun \u1ecd, so \u1ecd p\u1ecd si eto iranl\u1ecdw\u1ecd ohun elo tabi foruk\u1ecdsil\u1eb9 r\u1eb9 ni \u00ecd\u00edyel\u00e9 isuna.<\/p>\n<p>Idiyele isuna n tan aw\u1ecdn sisanwo r\u1eb9 jade jakejado \u1ecddun, nitorinaa aw\u1ecdn sisanwo o\u1e63oo\u1e63u r\u1eb9 j\u1eb9 deede di\u1eb9 sii ni o\u1e63u k\u1ecd\u1ecdkan.<\/p>\n<h3>Pepco IwUlO Iranl\u1ecdw\u1ecd<\/h3>\n<p>Pepco nfunni ni \u1eb9bun $1,000 fun aw\u1ecdn idile p\u1eb9lu akiyesi gige asop\u1ecd. O wa nipas\u1eb9 aw\u1ecdn\u00a0<a href=\"https:\/\/www.pepco.com\/MyAccount\/CustomerSupport\/Pages\/MD\/BillPaymentAssistance.aspx\" target=\"_blank\" rel=\"noopener\">Pepco Washington Area idana Fund Partnership<\/a>, ti a n\u1e63akoso nipas\u1eb9 aw\u1ecdn Igbala Army. Ni Prince George&#039;s County, pe 301-277-6103. Ni Agbegbe Montgomery, pe 301-515-5354 fun iranl\u1ecdw\u1ecd.<\/p>\n<h2>\n\t\t\tMu Lilo Agbara Ile R\u1eb9 dara si\t<\/h2>\n\t<p>Eto EmPOWER Maryland Lopin Owo oya Lilo \u1e62i\u1e63e Agbara (LIEEP) \u1e63e iranl\u1ecdw\u1ecd fun aw\u1ecdn idile ti o ni opin ti o fi sori \u1eb9r\u1ecd aw\u1ecdn \u1ecdja ile lati \u1e63e iranl\u1ecdw\u1ecd fun aw\u1ecdn olugbe lati t\u1ecdju agbara ati dinku owo ina m\u1ecdnam\u1ecdna w\u1ecdn. Aw\u1ecdn il\u1ecdsiwaju ile j\u1eb9 laisi idiyele ati pe o le p\u1eb9lu:<\/p>\n<ul>\n<li>p\u1eb9lu idabobo<\/li>\n<li>aw\u1ecdn il\u1ecdsiwaju omi gbona<\/li>\n<li>imudojuiw\u1ecdn ina<\/li>\n<li>ileru ninu ati tun\u0161e<\/li>\n<li>retrofit firiji<\/li>\n<li>aw\u1ecdn ohun elo ilera ati ailewu miiran<\/li>\n<\/ul>\n<p>Aw\u1ecdn onibara ti o ni \u1eb9t\u1ecd ti BGE, Delmarva Power, FirstEnergy, Pepco, SMECO tabi Washington Gas le\u00a0<a href=\"https:\/\/dhcd.maryland.gov\/Residents\/Pages\/lieep\/default.aspx\" target=\"_blank\" rel=\"noopener\">y\u1eb9 fun eto naa ti owo-wiw\u1ecdle w\u1ecdn ba pade aw\u1ecdn ilana eto<\/a>.<\/p>\n<h3>Bawo ni EmPower Maryland\/LIEEP \u1e62i\u1e63\u1eb9<\/h3>\n<p>Aw\u1ecdn ohun elo ti wa ni sil\u1eb9 si aw\u1ecdn\u00a0<a href=\"https:\/\/dhcd.maryland.gov\/Residents\/Pages\/lieep\/EmPOWER-PreApp.aspx\" target=\"_blank\" rel=\"noopener\">\u1eb8ka Ile ti Maryland ati Idagbasoke Agbegbe<\/a>, ati aw\u1ecdn ile-i\u1e63\u1eb9 agbegbe pari i\u1e63\u1eb9 ni aw\u1ecdn ile fun \u1ecdf\u1eb9.<\/p>\n<p>Ti o ba yege, i\u1e63ay\u1eb9wo agbara ile ti \u1e63e. Iy\u1eb9n \u1e63e idanim\u1ecd ibi ti ile n padanu agbara ati bii o \u1e63e le mu itunu dara ati dinku pipadanu agbara ati nitorinaa aw\u1ecdn idiyele.<\/p>\n<p>Agbanisi\u1e63\u1eb9 yoo l\u1eb9hinna pari i\u1e63\u1eb9 ti a \u1e63e i\u1e63eduro.<\/p>\n\t\t\t\t<img decoding=\"async\" src=\"https:\/\/211md.org\/wp-content\/plugins\/bb-plugin\/img\/pixel.png\" alt=\"\" itemprop=\"image\" onerror=\"this.style.display='none'\" loading=\"lazy\" \/>\n\t\t\t\t<img decoding=\"async\" src=\"https:\/\/211md.org\/wp-content\/uploads\/bb-plugin\/cache\/Call-center-specialst-circle-4e9ecd7b3425be4576416abc911049bb-.jpg\" alt=\"Oloye ile-i\u1e63\u1eb9 ipe\" itemprop=\"image\" title=\"Ipe aarin pataki\" onerror=\"this.style.display='none'\" loading=\"lazy\" \/>\n<h2>T\u1eb9 211<\/h2><p>Soro si eniyan abojuto ati aanu 24\/7. W\u1ecdn tun le sop\u1ecd si aw\u1ecdn orisun.\u00a0<\/p>\n\t\t\t<a href=\"tel:%20+211\" target=\"_blank\" rel=\"noopener\">\n\t\t\t\t\t\tT\u1eb9 211 (alagbeka)\n\t\t\t\t\t<\/a>\n\t<h2>Other Utility Assistance Help<\/h2>\n\t\t<h4><a href=\"\/yo\/oro\/ailera-ti-ogbo\/?utm_source=Home&#038;utm_medium=Referral&#038;utm_campaign=211Resources&#038;utm_content=Aging\" target=\"_self\">Ti ogbo &amp; Alaabo<\/a><\/h4>\n\t\t\t\t<a href=\"\/yo\/oro\/ailera-ti-ogbo\/?utm_source=Home&#038;utm_medium=Referral&#038;utm_campaign=211Resources&#038;utm_content=Aging\"  target=\"_self\" itemprop=\"url\">\n\t\t\t\t<img decoding=\"async\" src=\"https:\/\/211md.org\/wp-content\/uploads\/bb-plugin\/cache\/2025_MdInfoNet_Icon-Sets_Aging-disability-square-c466727102cae71e5f27b8539bb51945-.png\" alt=\"\" itemprop=\"image\" onerror=\"this.style.display='none'\" loading=\"lazy\" \/>\n\t\t\t\t<\/a>\n\t\t<h4><a href=\"\/yo\/oro\/omo-idile\/?utm_source=Home&#038;utm_medium=Referral&#038;utm_campaign=211Resources&#038;utm_content=Children\" target=\"_self\">Aw\u1ecdn \u1ecdm\u1ecdde &amp; Aw\u1ecdn idile<\/a><\/h4>\n\t\t\t\t<a href=\"\/yo\/oro\/omo-idile\/?utm_source=Home&#038;utm_medium=Referral&#038;utm_campaign=211Resources&#038;utm_content=Children\"  target=\"_self\" itemprop=\"url\">\n\t\t\t\t<img decoding=\"async\" src=\"https:\/\/211md.org\/wp-content\/uploads\/bb-plugin\/cache\/2025_211_Icon-Sets_Child-care-square-f3b0d4edab3dcc467fadb5f55f4064c6-.png\" alt=\"parent and child icon for child care\" itemprop=\"image\" height=\"417\" width=\"417\" title=\"2025_211_Icon Sets_Child itoju\" onerror=\"this.style.display='none'\" loading=\"lazy\" \/>\n\t\t\t\t<\/a>\n\t\t<h4><a href=\"\/yo\/oro\/abele-ebi-iwa-ipa\/?utm_source=Home&#038;utm_medium=Referral&#038;utm_campaign=211Resources&#038;utm_content=Domestic\" target=\"_self\">Iwa-ipa Abele<\/a><\/h4>\n\t\t\t\t<a href=\"\/yo\/oro\/abele-ebi-iwa-ipa\/?utm_source=Home&#038;utm_medium=Referral&#038;utm_campaign=211Resources&#038;utm_content=Domestic\"  target=\"_self\" itemprop=\"url\">\n\t\t\t\t<img decoding=\"async\" src=\"https:\/\/211md.org\/wp-content\/uploads\/bb-plugin\/cache\/2025_211_Icon-Sets_Domestic-Violence-square-7b597694a6f05fe90cdc376aa573bc63-.png\" alt=\"Aami iwa-ipa ab\u1eb9le\" itemprop=\"image\" height=\"417\" width=\"417\" title=\"2025_211_Icon \u1e62eto_Iwa-ipa Abele\" onerror=\"this.style.display='none'\" loading=\"lazy\" \/>\n\t\t\t\t<\/a>\n\t\t<h4><a href=\"\/yo\/oro\/wiwa-oojo\/?utm_source=Home&#038;utm_medium=Referral&#038;utm_campaign=211Resources&#038;utm_content=Employment\" target=\"_self\">Igbanisise<\/a><\/h4>\n\t\t\t\t<a href=\"\/yo\/oro\/wiwa-oojo\/?utm_source=Home&#038;utm_medium=Referral&#038;utm_campaign=211Resources&#038;utm_content=Employment\"  target=\"_self\" itemprop=\"url\">\n\t\t\t\t<img decoding=\"async\" src=\"https:\/\/211md.org\/wp-content\/uploads\/bb-plugin\/cache\/2025_MdInfoNet_Icon-Sets_Employment-square-44707bd410e4df10a470bf130ebcea86-.png\" alt=\"\" itemprop=\"image\" onerror=\"this.style.display='none'\" loading=\"lazy\" \/>\n\t\t\t\t<\/a>\n\t\t<h4><a href=\"\/yo\/oro\/itoju-ilera\/?utm_source=Home&#038;utm_medium=Referral&#038;utm_campaign=211Resources&#038;utm_content=Health%20Care\" target=\"_self\">It\u1ecdju Ilera<\/a><\/h4>\n\t\t\t\t<a href=\"\/yo\/oro\/itoju-ilera\/?utm_source=Home&#038;utm_medium=Referral&#038;utm_campaign=211Resources&#038;utm_content=Health%20Care\"  target=\"_self\" itemprop=\"url\">\n\t\t\t\t<img decoding=\"async\" src=\"https:\/\/211md.org\/wp-content\/uploads\/bb-plugin\/cache\/2025_MdInfoNet_Icon-Sets_Health-Care-square-dee98a0060cbe0e7f27eda253fc12679-.png\" alt=\"\" itemprop=\"image\" onerror=\"this.style.display='none'\" loading=\"lazy\" \/>\n\t\t\t\t<\/a>\n\t\t<h4><a href=\"\/yo\/oro\/omo-idile\/itoju-ibatan\/?utm_source=Home&#038;utm_medium=Referral&#038;utm_campaign=211Resources&#038;utm_content=Kinship\" target=\"_self\">\u00ccb\u00e1tan<\/a><\/h4>\n\t\t\t\t<a href=\"\/yo\/oro\/omo-idile\/itoju-ibatan\/?utm_source=Home&#038;utm_medium=Referral&#038;utm_campaign=211Resources&#038;utm_content=Kinship\"  target=\"_self\" itemprop=\"url\">\n\t\t\t\t<img decoding=\"async\" src=\"https:\/\/211md.org\/wp-content\/uploads\/bb-plugin\/cache\/2025_211_Icon-Sets_Kinship-square-45bdf872866f5735f842c32071109267-.png\" alt=\"Aami ibatan\" itemprop=\"image\" height=\"417\" width=\"417\" title=\"2025_211_Icon Sets_Kinship\" onerror=\"this.style.display='none'\" loading=\"lazy\" \/>\n\t\t\t\t<\/a>\n\t\t<h4><a href=\"\/yo\/oro\/ofin-awon-i%e1%b9%a3e\/?utm_source=Home&#038;utm_medium=Referral&#038;utm_campaign=211Resources&#038;utm_content=Legal\" target=\"_self\">Aw\u1ecdn i\u1e63\u1eb9 ofin<\/a><\/h4>\n\t\t\t\t<a href=\"\/yo\/oro\/ofin-awon-i%e1%b9%a3e\/?utm_source=Home&#038;utm_medium=Referral&#038;utm_campaign=211Resources&#038;utm_content=Legal\"  target=\"_self\" itemprop=\"url\">\n\t\t\t\t<img decoding=\"async\" src=\"https:\/\/211md.org\/wp-content\/uploads\/bb-plugin\/cache\/2025_MdInfoNet_Icon-Sets_Legal-square-18fdf438feb8435588174d9046463257-.png\" alt=\"\" itemprop=\"image\" onerror=\"this.style.display='none'\" loading=\"lazy\" \/>\n\t\t\t\t<\/a>\n\t\t<h4><a href=\"\/yo\/oro\/opolo-ilera\/?utm_source=Home&#038;utm_medium=Referral&#038;utm_campaign=211Resources&#038;utm_content=Mental\" target=\"_self\">Opolo Health<\/a><\/h4>\n\t\t\t\t<a href=\"\/yo\/oro\/opolo-ilera\/?utm_source=Home&#038;utm_medium=Referral&#038;utm_campaign=211Resources&#038;utm_content=Mental\"  target=\"_self\" itemprop=\"url\">\n\t\t\t\t<img decoding=\"async\" src=\"https:\/\/211md.org\/wp-content\/uploads\/bb-plugin\/cache\/2025_MdInfoNet_Icon-Sets_Mental-Health-square-c59b38c4a993a947d4c9280fbe2d2fee-.png\" alt=\"\" itemprop=\"image\" onerror=\"this.style.display='none'\" loading=\"lazy\" \/>\n\t\t\t\t<\/a>\n\t\t<h4><a href=\"\/yo\/oro\/ogbon-inu\/?utm_source=Home&#038;utm_medium=Referral&#038;utm_campaign=211Resources&#038;utm_content=Reentry\" target=\"_self\">Atunw\u1ecdle<\/a><\/h4>\n\t\t\t\t<a href=\"\/yo\/oro\/ogbon-inu\/?utm_source=Home&#038;utm_medium=Referral&#038;utm_campaign=211Resources&#038;utm_content=Reentry\"  target=\"_self\" itemprop=\"url\">\n\t\t\t\t<img decoding=\"async\" src=\"https:\/\/211md.org\/wp-content\/uploads\/bb-plugin\/cache\/2025_211_Icon-Sets_Reentry-square-8676fea38abd920a832f45642fe31cca-.png\" alt=\"Aami iw\u1ecdle\" itemprop=\"image\" height=\"417\" width=\"417\" title=\"2025_211_Icon Sets_Reentry\" onerror=\"this.style.display='none'\" loading=\"lazy\" \/>\n\t\t\t\t<\/a>\n\t\t<h4><a href=\"\/yo\/oro\/lilo-nkan-elo\/?utm_source=Home&#038;utm_medium=Referral&#038;utm_campaign=211Resources&#038;utm_content=Substance\" target=\"_self\">Ohun elo Lilo<\/a><\/h4>\n\t\t\t\t<a href=\"\/yo\/oro\/lilo-nkan-elo\/?utm_source=Home&#038;utm_medium=Referral&#038;utm_campaign=211Resources&#038;utm_content=Substance\"  target=\"_self\" itemprop=\"url\">\n\t\t\t\t<img decoding=\"async\" src=\"https:\/\/211md.org\/wp-content\/uploads\/bb-plugin\/cache\/2025_MdInfoNet_Icon-Sets_Substance-Abuse-square-9022fec9d18a64118ad685c101885b55-.png\" alt=\"\" itemprop=\"image\" onerror=\"this.style.display='none'\" loading=\"lazy\" \/>\n\t\t\t\t<\/a>\n\t\t<h4><a href=\"\/yo\/oro\/ogbo\/?utm_source=Home&#038;utm_medium=Referral&#038;utm_campaign=211Resources&#038;utm_content=Veterans\" target=\"_self\">Ogbo<\/a><\/h4>\n\t\t\t\t<a href=\"\/yo\/oro\/ogbo\/?utm_source=Home&#038;utm_medium=Referral&#038;utm_campaign=211Resources&#038;utm_content=Veterans\"  target=\"_self\" itemprop=\"url\">\n\t\t\t\t<img decoding=\"async\" src=\"https:\/\/211md.org\/wp-content\/uploads\/bb-plugin\/cache\/2025_MdInfoNet_Icon-Sets_Rating-square-6e60d00cce4faa8e0a6d4ad7366aa733-.png\" alt=\"\" itemprop=\"image\" onerror=\"this.style.display='none'\" loading=\"lazy\" \/>\n\t\t\t\t<\/a>","protected":false},"excerpt":{"rendered":"<p>Do you need help paying your electric bill? There are several ways to get help, whether you have service from Baltimore Gas and Electric (BGE), Southern Maryland Electric Cooperative (SMECO), Pepco or another utility. Local charities and faith-based organizations in communities throughout Maryland provide financial assistance, weatherization programs, and financial support. There are also grants&hellip;<\/p>","protected":false},"author":8,"featured_media":34263,"parent":932,"menu_order":0,"comment_status":"closed","ping_status":"closed","template":"","meta":{"footnotes":""},"class_list":["post-957","page","type-page","status-publish","has-post-thumbnail","hentry"],"_links":{"self":[{"href":"https:\/\/211md.org\/yo\/wp-json\/wp\/v2\/pages\/957","targetHints":{"allow":["GET"]}}],"collection":[{"href":"https:\/\/211md.org\/yo\/wp-json\/wp\/v2\/pages"}],"about":[{"href":"https:\/\/211md.org\/yo\/wp-json\/wp\/v2\/types\/page"}],"author":[{"embeddable":true,"href":"https:\/\/211md.org\/yo\/wp-json\/wp\/v2\/users\/8"}],"replies":[{"embeddable":true,"href":"https:\/\/211md.org\/yo\/wp-json\/wp\/v2\/comments?post=957"}],"version-history":[{"count":2,"href":"https:\/\/211md.org\/yo\/wp-json\/wp\/v2\/pages\/957\/revisions"}],"predecessor-version":[{"id":4652,"href":"https:\/\/211md.org\/yo\/wp-json\/wp\/v2\/pages\/957\/revisions\/4652"}],"up":[{"embeddable":true,"href":"https:\/\/211md.org\/yo\/wp-json\/wp\/v2\/pages\/932"}],"wp:featuredmedia":[{"embeddable":true,"href":"https:\/\/211md.org\/yo\/wp-json\/wp\/v2\/media\/34263"}],"wp:attachment":[{"href":"https:\/\/211md.org\/yo\/wp-json\/wp\/v2\/media?parent=957"}],"curies":[{"name":"wp","href":"https:\/\/api.w.org\/{rel}","templated":true}]}}