{"id":958,"date":"2021-04-15T19:32:27","date_gmt":"2021-04-15T19:32:27","guid":{"rendered":"https:\/\/211md.org\/?page_id=958"},"modified":"2026-03-04T10:43:10","modified_gmt":"2026-03-04T15:43:10","slug":"ogbo","status":"publish","type":"page","link":"https:\/\/211md.org\/yo\/resources\/veterans\/","title":{"rendered":"Ogbo"},"content":{"rendered":"<figure data-animation-delay=\"0\" data-animation-duration=\"1\" itemscope itemtype=\"https:\/\/schema.org\/ImageObject\">\n\t\t\t\t<img decoding=\"async\" src=\"https:\/\/stg-maryland211-staging.kinsta.cloud\/wp-content\/uploads\/2025\/08\/5-1-scaled.png\" alt=\"5\" height=\"692\" width=\"2560\" title=\"5\" onerror=\"this.style.display='none'\" loading=\"lazy\" \/>\n\t<\/figure>\n\t\t<p>\u1eccp\u1ecdl\u1ecdp\u1ecd aw\u1ecdn anfani wa fun eyiti Aw\u1ecdn Ogbo, aw\u1ecdn \u1ecdm\u1ecd \u1eb9gb\u1eb9 i\u1e63\u1eb9, ati aw\u1ecdn idile w\u1ecdn le y\u1eb9. <\/p>\n<p>Lati l\u1ecd kiri lori iruniloju aw\u1ecdn orisun, t\u1eb9 211 lati ba Alaye kan s\u1ecdr\u1ecd ati Alam\u1ecdja Ifiran\u1e63\u1eb9 tabi b\u1eb9r\u1eb9 p\u1eb9lu kan <a href=\"https:\/\/www.va.gov\/REACH\/\" target=\"_blank\" rel=\"noopener\">iyera eni wo<\/a> lati Department of Veterans Affairs.<\/p>\n<p>\u1e62awari aw\u1ecdn orisun fun aw\u1ecdn italaya ti o ni ibatan si i\u1e63\u1eb9 r\u1eb9, eto-\u1eb9k\u1ecd, ibanuj\u1eb9, ipadanu, ibanuj\u1eb9, ipinya, aw\u1ecdn inawo, aw\u1ecdn ibatan, ailera, aw\u1ecdn iyipada igbesi aye, ati di\u1eb9 sii.<\/p>\n\t\t\t<a href=\"#start\"  target=\"_self\">\n\t\t\t\t\t\tB\u1eb9r\u1eb9\n\t\t\t\t\t<\/a>\n<figure data-animation-delay=\"0\" data-animation-duration=\"1\" itemscope itemtype=\"https:\/\/schema.org\/ImageObject\">\n\t\t\t\t<img decoding=\"async\" src=\"https:\/\/211md.org\/wp-content\/plugins\/bb-plugin\/img\/pixel.png\" alt=\"\" onerror=\"this.style.display='none'\" loading=\"lazy\" \/>\n\t<\/figure>\n<figure data-animation-delay=\"0\" data-animation-duration=\"1.3\" itemscope itemtype=\"https:\/\/schema.org\/ImageObject\">\n\t\t\t\t<img decoding=\"async\" src=\"https:\/\/stg-maryland211-staging.kinsta.cloud\/wp-content\/uploads\/2025\/08\/16.png\" alt=\"16\" height=\"1000\" width=\"1000\" title=\"16\" onerror=\"this.style.display='none'\" loading=\"lazy\" \/>\n\t<\/figure>\n<figure data-animation-delay=\"0\" data-animation-duration=\"1\" itemscope itemtype=\"https:\/\/schema.org\/ImageObject\">\n\t\t\t\t<img decoding=\"async\" src=\"http:\/\/211md.org\/wp-content\/uploads\/2025\/10\/two-older-veterans-helping-each-other-at-park.jpg\" alt=\"meji agbalagba Ogbo ran k\u1ecd\u1ecdkan miiran ni o duro si ibikan\" title=\"meji agbalagba Ogbo ran k\u1ecd\u1ecdkan miiran ni o duro si ibikan\" onerror=\"this.style.display='none'\" loading=\"lazy\" \/>\n\t<\/figure>\n\t<h2>Aw\u1ecdn i\u1e63\u1eb9 oniwosan: Nibo ni Lati B\u1eb9r\u1eb9<\/h2>\n<p>Aw\u1ecdn\u00a0<a href=\"https:\/\/veterans.maryland.gov\/\" target=\"_blank\" rel=\"noopener\">Maryland Department of Veterans Affairs<\/a> ni Aw\u1ecdn O\u1e63i\u1e63\u1eb9 I\u1e63\u1eb9 agbegbe ti o le \u1e63e iranl\u1ecdw\u1ecd fun Aw\u1ecdn Ogbo ati aw\u1ecdn igb\u1eb9k\u1eb9le ti o y\u1eb9 lati gba aw\u1ecdn anfani. Wa ohun\u00a0<a href=\"https:\/\/veterans.maryland.gov\/maryland-department-of-veterans-affairs-service-benefits-program\/\" target=\"_blank\" rel=\"noopener\">\u1ecdfiisi nitosi r\u1eb9<\/a>.\u00a0<\/p>\n<p>Lati ba \u1eb9nikan s\u1ecdr\u1ecd ninu Eto I\u1e63\u1eb9, pe 800-446-4926, ext. 6450.\u00a0<\/p>\n<p>Ni \u1ecdp\u1ecdl\u1ecdp\u1ecd aw\u1ecdn \u1ecdran, nigba wiwa alaye lori aw\u1ecdn anfani VA Federal, o dara jul\u1ecd lati kan si \u1eccfiisi Aw\u1ecdn anfani agbegbe, eyiti yoo pese ibojuwo ati iranl\u1ecdw\u1ecd lati ni asop\u1ecd p\u1eb9lu aw\u1ecdn eto eyiti o y\u1eb9 fun.\u00a0<a href=\"https:\/\/www.benefits.va.gov\/benefits\/offices.asp\" target=\"_blank\" rel=\"noopener\">Wa \u1ecdfiisi agbegbe kan nitosi r\u1eb9<\/a>\u00a0tabi ipe 1-800-827-1000.\u00a0<\/p>\n<p>Aw\u1ecdn orisun pup\u1ecd tun wa ninu aaye data 211.\u00a0\u00a0<\/p>\n<ul>\n<li><a href=\"https:\/\/search.211md.org\/search?query=FT-1000.9000&amp;query_type=taxonomy&amp;query_label=\" target=\"_blank\" rel=\"noopener\">Iranl\u1ecdw\u1ecd oniwosan Anfani<\/a><\/li>\n<li data-leveltext=\"\uf0b7\" data-font=\"Symbol\" data-listid=\"7\" aria-setsize=\"-1\" data-aria-posinset=\"1\" data-aria-level=\"1\"><a href=\"https:\/\/search.211md.org\/search?query=NS-1800.9000&amp;query_type=taxonomy&amp;query_label=\" target=\"_blank\" rel=\"noopener\">Ogbo Biinu ati ifehinti Anfani<\/a><\/li>\n<\/ul>\n\t\t<figure itemscope itemtype=\"https:\/\/schema.org\/ImageObject\">\n\t\t\t\t<img decoding=\"async\" src=\"https:\/\/stg-maryland211-staging.kinsta.cloud\/wp-content\/uploads\/2025\/08\/2025_MdInfoNet_Icon-Sets-white_Locate.png\" alt=\"\" onerror=\"this.style.display='none'\" loading=\"lazy\" \/>\n\t<\/figure>\n<h2>Wa oniwosan Resources<\/h2><p>Search the 211 Community Resource Database for Veteran-related resources.<\/p>\n\t\t\t<a href=\"https:\/\/search.211md.org\/search?query=FT-1000.9000&#038;query_type=taxonomy&#038;query_label=\" target=\"_blank\" rel=\"noopener\">\n\t\t\t\t\t\t\tiranl\u1ecdw\u1ecd p\u1eb9lu oniwosan anfani\n\t\t\t\t\t<\/a>\n\t\t\t<a href=\"https:\/\/search.211md.org\/search?query=NS-1800.9000&#038;query_type=taxonomy&#038;query_label=\" target=\"_blank\" rel=\"noopener\">\n\t\t\t\t\t\t\tbiinu ati anfani\n\t\t\t\t\t<\/a>\n\t\t\t<a href=\"https:\/\/search.211md.org\/search?query=TM-5100&#038;query_type=taxonomy&#038;query_label=\" target=\"_blank\" rel=\"noopener\">\n\t\t\t\t\t\t\tAw\u1ecdn ile-i\u1e63\u1eb9 atil\u1eb9yin idile\n\t\t\t\t\t<\/a>\n<figure data-animation-delay=\"0\" data-animation-duration=\"1\" itemscope itemtype=\"https:\/\/schema.org\/ImageObject\">\n\t\t\t\t<img decoding=\"async\" src=\"http:\/\/211md.org\/wp-content\/uploads\/2025\/10\/Veteran-family-supporting-each-other.jpg\" alt=\"Ogbo ebi atil\u1eb9yin k\u1ecd\u1ecdkan miiran\" title=\"Ogbo ebi atil\u1eb9yin k\u1ecd\u1ecdkan miiran\" onerror=\"this.style.display='none'\" loading=\"lazy\" \/>\n\t<\/figure>\n\t<h3><b>Gbogbogbo Support<\/b>\u00a0<\/h3>\n<p>Sakaani ti Idaabobo owo\u00a0<a href=\"https:\/\/www.militaryonesource.mil\/\" target=\"_blank\" rel=\"noopener\">Ologun OneSource<\/a>, eyiti o funni ni aw\u1ecdn ijum\u1ecds\u1ecdr\u1ecd \u1eb9ni-k\u1ecd\u1ecdkan, ik\u1eb9k\u1ecd ati im\u1ecdran ti kii \u1e63e i\u1e63oogun fun aw\u1ecdn i\u1e63\u1eb9-ori, i\u1e63akoso owo, aw\u1ecdn obi ati abojuto \u1ecdm\u1ecd, iranl\u1ecdw\u1ecd i\u1e63\u1eb9, aw\u1ecdn oju opo w\u1eb9\u1eb9bu, aw\u1ecdn irin\u1e63\u1eb9 imu\u1e63i\u1e63\u1eb9 gbigbe ati di\u1eb9 sii.\u00a0\u00a0<\/p>\n<p>\u1eccp\u1ecdl\u1ecdp\u1ecd aw\u1ecdn \u1ecdm\u1ecd \u1eb9gb\u1eb9 Ologun OneSource ni iriri ologun (Aw\u1ecdn Ogbo, aw\u1ecdn iyawo, Aw\u1ecdn olu\u1e63\u1ecd, Aw\u1ecdn ifipam\u1ecd), ati pe gbogbo w\u1ecdn gba ik\u1eb9k\u1ecd ti nl\u1ecd l\u1ecdw\u1ecd lori aw\u1ecdn \u1ecdran ologun ati igbesi aye ologun.\u00a0<\/p>\n<p>Aw\u1ecdn <a href=\"https:\/\/www.redcross.org\/get-help\/military-families\/services-for-veterans.html\" target=\"_blank\" rel=\"noopener\">American Red Cross<\/a> tun \u1e63e atil\u1eb9yin Aw\u1ecdn Ogbo, aw\u1ecdn \u1ecdm\u1ecd \u1eb9gb\u1eb9 ologun ati aw\u1ecdn idile w\u1ecdn lakoko ati l\u1eb9hin aw\u1ecdn imu\u1e63i\u1e63\u1eb9. W\u1ecdn funni ni iranl\u1ecdw\u1ecd owo, iranl\u1ecdw\u1ecd p\u1eb9lu aw\u1ecdn \u1eb9t\u1ecd oniwosan ati aw\u1ecdn anfani ati pese ibara\u1eb9nis\u1ecdr\u1ecd to \u1e63e pataki ti ipo pajawiri ba wa lakoko imu\u1e63i\u1e63\u1eb9 kan.<\/p>\n\t<h2>Igbaninimoran Fun Aw\u1ecdn Ogbo Ati \u1eb8bi W\u1ecdn<\/h2>\n<p>Orisirisi lo wa <a href=\"https:\/\/211md.org\/yo\/oro\/ogbo\/ilera-opolo-fun-awon-ogbo\/\">opolo ilera eto<\/a> fun Ogbo ati aw\u1ecdn idile w\u1ecdn ni Maryland.<\/p>\n<p><a href=\"https:\/\/health.maryland.gov\/bha\/veterans\/\" target=\"_blank\" rel=\"noopener\">Ifaramo Maryland to Ogbo<\/a> (MCV) \u1e63e asop\u1ecd aw\u1ecdn \u1ecdm\u1ecd \u1eb9gb\u1eb9 i\u1e63\u1eb9 Maryland, Aw\u1ecdn Ogbo ati aw\u1ecdn idile w\u1ecdn si ilera \u1ecdp\u1ecdl\u1ecd ati atil\u1eb9yin ilokulo nkan. Ajo naa \u1e63e iranl\u1ecdw\u1ecd p\u1eb9lu \u1ecdp\u1ecdl\u1ecdp\u1ecd aw\u1ecdn iwulo, lati ilera ihuwasi si ile, laibikita ipo idasil\u1eb9 tabi akoko i\u1e63\u1eb9.<\/p>\n<p>Ajo naa nfunni ni aw\u1ecdn i\u1e63\u1eb9 if\u1ecdkasi, atil\u1eb9yin \u1eb9l\u1eb9gb\u1eb9, igbeowosile idaamu, idena igb\u1eb9mi ara \u1eb9ni, ik\u1eb9k\u1ecd ati eto-\u1eb9k\u1ecd ati aw\u1ecdn ay\u1eb9wo-\u1ecds\u1eb9 tabi \u1ecds\u1eb9 meji nipas\u1eb9 Ipe I\u1e63i\u1e63\u1eb9 I\u1e63i\u1e63\u1eb9 MCV.<\/p>\n<p><a href=\"\/yo\/adaro-ese\/podcast-episode-4-veterans\/\" rel=\"noopener\">Ka iwe af\u1ecdw\u1ecdk\u1ecd tabi t\u1eb9tisi<\/a>\u00a0si adar\u1ecd-ese \u201cKini 211\u201d lati ni im\u1ecd siwaju sii nipa aw\u1ecdn eto ti a funni nipas\u1eb9 Ifaram\u1ecd Maryland si Aw\u1ecdn Ogbo.\u00a0<\/p>\n<p>Aw\u1ecdn Alakoso Aw\u1ecdn orisun Agbegbe \u1e63i\u1e63\u1eb9 p\u1eb9lu Eto It\u1ecdju Ilera VA, aw\u1ecdn olupese agbegbe ati aw\u1ecdn alai\u1e63\u1eb9 ti o funni ni iranl\u1ecdw\u1ecd.\u00a0<\/p>\n<p>Aw\u1ecdn \u1ecdm\u1ecd \u1eb9gb\u1eb9 i\u1e63\u1eb9, Aw\u1ecdn Ogbo ati aw\u1ecdn \u1ecdm\u1ecd \u1eb9gb\u1eb9 \u1eb9bi le de \u1ecdd\u1ecd MCV nipa pipe 877-770-4801.\u00a0<\/p>\n<h3>Ninu idaamu? Gba atil\u1eb9yin ni bayi<\/h3>\n<p>Ti o ba j\u1eb9 \u1ecdm\u1ecd \u1eb9gb\u1eb9 i\u1e63\u1eb9 kan, Ogbo tabi \u1ecdm\u1ecd \u1eb9gb\u1eb9 \u1eb9bi ati ninu idaamu tabi ti o ni aw\u1ecdn ero ti igb\u1eb9mi ara \u1eb9ni, pe 988 ati T\u1eb9 1, lati ba \u1eb9nikan s\u1ecdr\u1ecd p\u1eb9lu Laini \u1eb8j\u1eb9 Veterans.<\/p>\n<p>O tun le <a href=\"http:\/\/veteranscrisisline.net\/Chat\" target=\"_blank\" rel=\"noopener\">iwiregbe online<\/a> p\u1eb9lu Ogbo \u1eb8j\u1eb9 Line.\u00a0<\/p>\n<figure data-animation-delay=\"0\" data-animation-duration=\"1\" itemscope itemtype=\"https:\/\/schema.org\/ImageObject\">\n\t\t\t\t<img decoding=\"async\" src=\"http:\/\/211md.org\/wp-content\/uploads\/2025\/10\/veteran-hugging-a-dog.jpg\" alt=\"oniwosan hugging a aja\" title=\"oniwosan hugging a aja\" onerror=\"this.style.display='none'\" loading=\"lazy\" \/>\n\t<\/figure>\n<h3>Ologbo Ologbo<\/h3>\n<p>N\u00ed \u00ecb\u00e1mu p\u1eb9\u0300l\u00fa \u00ecran w\u1ecdn ti \u00ecr\u00e0nw\u1ecd\u0301 l\u00e1ti \u201c\u1e63e \u00e0\u1e63ey\u1ecdr\u00ed j\u00f9l\u1ecd, \u00ecran t\u00ed a t\u00fant\u00fan\u1e63e d\u00e1rad\u00e1ra ti \u00e0w\u1ecdn \u1ecdm\u1ecd \u1eb9gb\u1eb9\u0301 i\u1e63\u1eb9\u0301 \u00ecs\u00ecn t\u00ed \u00f3 farapa n\u00edn\u00fa \u00ect\u00e0n or\u00edl\u1eb9\u0300-\u00e8d\u00e8 wa,\u201d\u00a0<a href=\"https:\/\/woundedwarriorproject.org\/\" target=\"_blank\" rel=\"noopener\">Egbo Jagunjagun Project<\/a> ni \u1ecdp\u1ecdl\u1ecdp\u1ecd aw\u1ecdn eto ti a \u1e63e lati \u1e63e atil\u1eb9yin \u1ecdkan ati ara daradara bi iwuri fun agbara eto-\u1ecdr\u1ecd ati adehun igbeyawo.\u00a0\u00a0<\/p>\n<p>Aw\u1ecdn eto w\u1ecdn ni idojuk\u1ecd lori iranl\u1ecdw\u1ecd Aw\u1ecdn Ogbo p\u1eb9lu aw\u1ecdn ipalara ti o waye ni tabi l\u1eb9hin O\u1e63u K\u1eb9san \u1eccj\u1ecd 11, \u1eccdun 2001. Ni \u1ecdp\u1ecdl\u1ecdp\u1ecd aw\u1ecdn \u1ecdran, aw\u1ecdn \u1ecdm\u1ecd \u1eb9gb\u1eb9 idile jagunjagun ti o gb\u1ecdgb\u1eb9 tun ni iwuri lati kopa.\u00a0<\/p>\n<p>\u1eccfiisi agbegbe ti n \u1e63i\u1e63\u1eb9 Maryland wa ni Washington DC, ati pe o le de \u1ecdd\u1ecd ni 202-558-4301.\u00a0<\/p>\n<h2>Aini ile<\/h2>\n<p>Ti o ba j\u1eb9 oniwosan ti o wa ninu ewu aini ile tabi t\u1eb9l\u1eb9 ninu ipo y\u1eb9n, pe 211 lati wa aw\u1ecdn eto agbegbe ti o le \u1e63e iranl\u1ecdw\u1ecd p\u1eb9lu aw\u1ecdn iwulo l\u1eb9s\u1eb9k\u1eb9s\u1eb9 ati <a href=\"https:\/\/211md.org\/yo\/oro\/ogbo\/iranlowo-ile-fun-ogbo\/\">atil\u1eb9yin ile igba pip\u1eb9<\/a>.<\/p>\n<p>Ogbo tun le gba support lati aw\u1ecdn <a href=\"https:\/\/www.va.gov\/HOMELESS\/NationalCallCenter.asp\" target=\"_blank\" rel=\"noopener\">Ile-i\u1e63\u1eb9 Ipe ti Oril\u1eb9-ede fun Aw\u1ecdn Ogbo aini ile<\/a>. Aw\u1ecdn oludamoran ik\u1eb9k\u1ecd wa 24\/7\/365 lati pese atil\u1eb9yin. Pe 1-877-4AID-VET (877-424-3838). W\u1ecdn yoo pese alaye lori aw\u1ecdn eto aini ile VA, it\u1ecdju ilera ati aw\u1ecdn i\u1e63\u1eb9 miiran.\u00a0\u00a0<\/p>\n<h2>\n\t\t\tAfikun oniwosan alaye\t<\/h2>\n<figure itemscope itemtype=\"https:\/\/schema.org\/ImageObject\">\n\t\t\t\t<img decoding=\"async\" src=\"https:\/\/211md.org\/wp-content\/plugins\/bb-plugin\/img\/pixel.png\" alt=\"\" onerror=\"this.style.display='none'\" loading=\"lazy\" \/>\n\t<\/figure>\n\t\t<figure itemscope itemtype=\"https:\/\/schema.org\/ImageObject\">\n\t\t\t\t<img decoding=\"async\" src=\"https:\/\/211md.org\/wp-content\/uploads\/bb-plugin\/cache\/Call-center-specialst-circle-4e9ecd7b3425be4576416abc911049bb-.jpg\" alt=\"Oloye ile-i\u1e63\u1eb9 ipe\" title=\"Ipe aarin pataki\" onerror=\"this.style.display='none'\" loading=\"lazy\" \/>\n\t<\/figure>\n<h2>T\u1eb9 211<\/h2><p>Soro si eniyan abojuto ati aanu 24\/7. W\u1ecdn tun le sop\u1ecd si aw\u1ecdn orisun.\u00a0<\/p>\n\t\t\t<a href=\"tel:%20+211\"  target=\"_blank\" rel=\"noopener\">\n\t\t\t\t\t\tT\u1eb9 211 (alagbeka)\n\t\t\t\t\t<\/a>\n\t\t<h4><a href=\"\/yo\/oro\/ailera-ti-ogbo\/?utm_source=Home&#038;utm_medium=Referral&#038;utm_campaign=211Resources&#038;utm_content=Aging\" target=\"_self\">Ti ogbo &amp; Alaabo<\/a><\/h4><figure itemscope itemtype=\"https:\/\/schema.org\/ImageObject\">\n\t\t\t\t<a href=\"\/yo\/oro\/ailera-ti-ogbo\/?utm_source=Home&#038;utm_medium=Referral&#038;utm_campaign=211Resources&#038;utm_content=Aging\"  target=\"_self\" itemprop=\"url\">\n\t\t\t\t<img decoding=\"async\" src=\"https:\/\/211md.org\/wp-content\/uploads\/bb-plugin\/cache\/2025_MdInfoNet_Icon-Sets_Aging-disability-square-c466727102cae71e5f27b8539bb51945-.png\" alt=\"\" onerror=\"this.style.display='none'\" loading=\"lazy\" \/>\n\t\t\t\t<\/a>\n\t<\/figure>\n\t\t<h4><a href=\"\/yo\/oro\/omo-idile\/?utm_source=Home&#038;utm_medium=Referral&#038;utm_campaign=211Resources&#038;utm_content=Children\" target=\"_self\">Aw\u1ecdn \u1ecdm\u1ecdde &amp; Aw\u1ecdn idile<\/a><\/h4><figure itemscope itemtype=\"https:\/\/schema.org\/ImageObject\">\n\t\t\t\t<a href=\"\/yo\/oro\/omo-idile\/?utm_source=Home&#038;utm_medium=Referral&#038;utm_campaign=211Resources&#038;utm_content=Children\"  target=\"_self\" itemprop=\"url\">\n\t\t\t\t<img decoding=\"async\" src=\"https:\/\/211md.org\/wp-content\/uploads\/bb-plugin\/cache\/2025_211_Icon-Sets_Child-care-square-f3b0d4edab3dcc467fadb5f55f4064c6-.png\" alt=\"parent and child icon for child care\" height=\"417\" width=\"417\" title=\"2025_211_Icon Sets_Child itoju\" onerror=\"this.style.display='none'\" loading=\"lazy\" \/>\n\t\t\t\t<\/a>\n\t<\/figure>\n\t\t<h4><a href=\"\/yo\/oro\/abele-ebi-iwa-ipa\/?utm_source=Home&#038;utm_medium=Referral&#038;utm_campaign=211Resources&#038;utm_content=Domestic\" target=\"_self\">Iwa-ipa Abele<\/a><\/h4><figure itemscope itemtype=\"https:\/\/schema.org\/ImageObject\">\n\t\t\t\t<a href=\"\/yo\/oro\/abele-ebi-iwa-ipa\/?utm_source=Home&#038;utm_medium=Referral&#038;utm_campaign=211Resources&#038;utm_content=Domestic\"  target=\"_self\" itemprop=\"url\">\n\t\t\t\t<img decoding=\"async\" src=\"https:\/\/211md.org\/wp-content\/uploads\/bb-plugin\/cache\/2025_211_Icon-Sets_Domestic-Violence-square-7b597694a6f05fe90cdc376aa573bc63-.png\" alt=\"House with a heart in the middle icon\" height=\"417\" width=\"417\" title=\"2025_211_Icon \u1e62eto_Iwa-ipa Abele\" onerror=\"this.style.display='none'\" loading=\"lazy\" \/>\n\t\t\t\t<\/a>\n\t<\/figure>\n\t\t<h4><a href=\"\/yo\/oro\/wiwa-oojo\/?utm_source=Home&#038;utm_medium=Referral&#038;utm_campaign=211Resources&#038;utm_content=Employment\" target=\"_self\">Igbanisise<\/a><\/h4><figure itemscope itemtype=\"https:\/\/schema.org\/ImageObject\">\n\t\t\t\t<a href=\"\/yo\/oro\/wiwa-oojo\/?utm_source=Home&#038;utm_medium=Referral&#038;utm_campaign=211Resources&#038;utm_content=Employment\"  target=\"_self\" itemprop=\"url\">\n\t\t\t\t<img decoding=\"async\" src=\"https:\/\/211md.org\/wp-content\/uploads\/bb-plugin\/cache\/2025_MdInfoNet_Icon-Sets_Employment-square-44707bd410e4df10a470bf130ebcea86-.png\" alt=\"\" onerror=\"this.style.display='none'\" loading=\"lazy\" \/>\n\t\t\t\t<\/a>\n\t<\/figure>\n\t\t<h4><a href=\"\/yo\/oro\/itoju-ilera\/?utm_source=Home&#038;utm_medium=Referral&#038;utm_campaign=211Resources&#038;utm_content=Health%20Care\" target=\"_self\">It\u1ecdju Ilera<\/a><\/h4><figure itemscope itemtype=\"https:\/\/schema.org\/ImageObject\">\n\t\t\t\t<a href=\"\/yo\/oro\/itoju-ilera\/?utm_source=Home&#038;utm_medium=Referral&#038;utm_campaign=211Resources&#038;utm_content=Health%20Care\"  target=\"_self\" itemprop=\"url\">\n\t\t\t\t<img decoding=\"async\" src=\"https:\/\/211md.org\/wp-content\/uploads\/bb-plugin\/cache\/2025_MdInfoNet_Icon-Sets_Health-Care-square-dee98a0060cbe0e7f27eda253fc12679-.png\" alt=\"\" onerror=\"this.style.display='none'\" loading=\"lazy\" \/>\n\t\t\t\t<\/a>\n\t<\/figure>\n\t\t<h4><a href=\"\/yo\/oro\/tuntun-si-wa-ati-maryland\/?utm_source=Home&#038;utm_medium=Referral&#038;utm_campaign=211Resources&#038;utm_content=Immigration\" target=\"_self\">I\u1e63il\u1ecd<\/a><\/h4><figure itemscope itemtype=\"https:\/\/schema.org\/ImageObject\">\n\t\t\t\t<a href=\"\/yo\/oro\/tuntun-si-wa-ati-maryland\/?utm_source=Home&#038;utm_medium=Referral&#038;utm_campaign=211Resources&#038;utm_content=Immigration\"  target=\"_self\" itemprop=\"url\">\n\t\t\t\t<img decoding=\"async\" src=\"https:\/\/211md.org\/wp-content\/uploads\/bb-plugin\/cache\/2025_MdInfoNet_Icon-Sets_Immigration-square-8b97b7fdfe5e6071405e216855065118-.png\" alt=\"I\u1e63il\u1ecd icon\" title=\"2025_MdInfoNet_Icon-Sets_Immigration\" onerror=\"this.style.display='none'\" loading=\"lazy\" \/>\n\t\t\t\t<\/a>\n\t<\/figure>\n\t\t<h4><a href=\"\/yo\/oro\/omo-idile\/itoju-ibatan\/?utm_source=Home&#038;utm_medium=Referral&#038;utm_campaign=211Resources&#038;utm_content=Kinship\" target=\"_self\">\u00ccb\u00e1tan<\/a><\/h4><figure itemscope itemtype=\"https:\/\/schema.org\/ImageObject\">\n\t\t\t\t<a href=\"\/yo\/oro\/omo-idile\/itoju-ibatan\/?utm_source=Home&#038;utm_medium=Referral&#038;utm_campaign=211Resources&#038;utm_content=Kinship\"  target=\"_self\" itemprop=\"url\">\n\t\t\t\t<img decoding=\"async\" src=\"https:\/\/211md.org\/wp-content\/uploads\/bb-plugin\/cache\/2025_211_Icon-Sets_Kinship-square-45bdf872866f5735f842c32071109267-.png\" alt=\"Aami ibatan\" height=\"417\" width=\"417\" title=\"2025_211_Icon Sets_Kinship\" onerror=\"this.style.display='none'\" loading=\"lazy\" \/>\n\t\t\t\t<\/a>\n\t<\/figure>\n\t\t<h4><a href=\"\/yo\/oro\/ofin-awon-i%e1%b9%a3e\/?utm_source=Home&#038;utm_medium=Referral&#038;utm_campaign=211Resources&#038;utm_content=Legal\" target=\"_self\">Aw\u1ecdn i\u1e63\u1eb9 ofin<\/a><\/h4><figure itemscope itemtype=\"https:\/\/schema.org\/ImageObject\">\n\t\t\t\t<a href=\"\/yo\/oro\/ofin-awon-i%e1%b9%a3e\/?utm_source=Home&#038;utm_medium=Referral&#038;utm_campaign=211Resources&#038;utm_content=Legal\"  target=\"_self\" itemprop=\"url\">\n\t\t\t\t<img decoding=\"async\" src=\"https:\/\/211md.org\/wp-content\/uploads\/bb-plugin\/cache\/2025_MdInfoNet_Icon-Sets_Legal-square-18fdf438feb8435588174d9046463257-.png\" alt=\"\" onerror=\"this.style.display='none'\" loading=\"lazy\" \/>\n\t\t\t\t<\/a>\n\t<\/figure>\n\t\t<h4><a href=\"\/yo\/oro\/opolo-ilera\/?utm_source=Home&#038;utm_medium=Referral&#038;utm_campaign=211Resources&#038;utm_content=Mental\" target=\"_self\">Opolo Health<\/a><\/h4><figure itemscope itemtype=\"https:\/\/schema.org\/ImageObject\">\n\t\t\t\t<a href=\"\/yo\/oro\/opolo-ilera\/?utm_source=Home&#038;utm_medium=Referral&#038;utm_campaign=211Resources&#038;utm_content=Mental\"  target=\"_self\" itemprop=\"url\">\n\t\t\t\t<img decoding=\"async\" src=\"https:\/\/211md.org\/wp-content\/uploads\/bb-plugin\/cache\/2025_MdInfoNet_Icon-Sets_Mental-Health-square-c59b38c4a993a947d4c9280fbe2d2fee-.png\" alt=\"\" onerror=\"this.style.display='none'\" loading=\"lazy\" \/>\n\t\t\t\t<\/a>\n\t<\/figure>\n\t\t<h4><a href=\"\/yo\/oro\/ogbon-inu\/?utm_source=Home&#038;utm_medium=Referral&#038;utm_campaign=211Resources&#038;utm_content=Reentry\" target=\"_self\">Atunw\u1ecdle<\/a><\/h4><figure itemscope itemtype=\"https:\/\/schema.org\/ImageObject\">\n\t\t\t\t<a href=\"\/yo\/oro\/ogbon-inu\/?utm_source=Home&#038;utm_medium=Referral&#038;utm_campaign=211Resources&#038;utm_content=Reentry\"  target=\"_self\" itemprop=\"url\">\n\t\t\t\t<img decoding=\"async\" src=\"https:\/\/211md.org\/wp-content\/uploads\/bb-plugin\/cache\/2025_211_Icon-Sets_Reentry-square-8676fea38abd920a832f45642fe31cca-.png\" alt=\"Aami iw\u1ecdle\" height=\"417\" width=\"417\" title=\"2025_211_Icon Sets_Reentry\" onerror=\"this.style.display='none'\" loading=\"lazy\" \/>\n\t\t\t\t<\/a>\n\t<\/figure>\n\t\t<h4><a href=\"\/yo\/oro\/lilo-nkan-elo\/?utm_source=Home&#038;utm_medium=Referral&#038;utm_campaign=211Resources&#038;utm_content=Substance\" target=\"_self\">Ohun elo Lilo<\/a><\/h4><figure itemscope itemtype=\"https:\/\/schema.org\/ImageObject\">\n\t\t\t\t<a href=\"\/yo\/oro\/lilo-nkan-elo\/?utm_source=Home&#038;utm_medium=Referral&#038;utm_campaign=211Resources&#038;utm_content=Substance\"  target=\"_self\" itemprop=\"url\">\n\t\t\t\t<img decoding=\"async\" src=\"https:\/\/211md.org\/wp-content\/uploads\/bb-plugin\/cache\/2025_MdInfoNet_Icon-Sets_Substance-Abuse-square-4f414f085e657267739c181957754f48-.png\" alt=\"Pills for substance Use icon\" title=\"2025_MdInfoNet_Icon-Sets_Substance-Abuse\" onerror=\"this.style.display='none'\" loading=\"lazy\" \/>\n\t\t\t\t<\/a>\n\t<\/figure>\n\t\t<h4><a href=\"\/yo\/oro\/ogbo\/?utm_source=Home&#038;utm_medium=Referral&#038;utm_campaign=211Resources&#038;utm_content=Veterans\" target=\"_self\">Ogbo<\/a><\/h4><figure itemscope itemtype=\"https:\/\/schema.org\/ImageObject\">\n\t\t\t\t<a href=\"\/yo\/oro\/ogbo\/?utm_source=Home&#038;utm_medium=Referral&#038;utm_campaign=211Resources&#038;utm_content=Veterans\"  target=\"_self\" itemprop=\"url\">\n\t\t\t\t<img decoding=\"async\" src=\"https:\/\/211md.org\/wp-content\/uploads\/bb-plugin\/cache\/2025_MdInfoNet_Icon-Sets_Rating-square-6e60d00cce4faa8e0a6d4ad7366aa733-.png\" alt=\"\" onerror=\"this.style.display='none'\" loading=\"lazy\" \/>\n\t\t\t\t<\/a>\n\t<\/figure>","protected":false},"excerpt":{"rendered":"<p>\u1eccp\u1ecdl\u1ecdp\u1ecd aw\u1ecdn anfani wa fun eyiti Aw\u1ecdn Ogbo, aw\u1ecdn \u1ecdm\u1ecd \u1eb9gb\u1eb9 i\u1e63\u1eb9, ati aw\u1ecdn idile w\u1ecdn le y\u1eb9. Lati lil\u00f6 kiri ni iruniloju aw\u1ecdn orisun, t\u1eb9 211 lati s\u1ecdr\u1ecd si Alaye ati Alam\u1ecdja Ifiran\u1e63\u1eb9 tabi b\u1eb9r\u1eb9 p\u1eb9lu igbelew\u1ecdn ara-\u1eb9ni lati \u1eb8ka Aw\u1ecdn \u1ecdran Aw\u1ecdn Ogbo. \u1e62awari aw\u1ecdn orisun fun aw\u1ecdn italaya ti o ni ibatan si i\u1e63\u1eb9 r\u1eb9, eto-\u1eb9k\u1ecd, ibanuj\u1eb9, ipadanu, ibanuj\u1eb9, ipinya,\u2026<\/p>","protected":false},"author":8,"featured_media":1413,"parent":930,"menu_order":0,"comment_status":"closed","ping_status":"closed","template":"","meta":{"footnotes":""},"class_list":["post-958","page","type-page","status-publish","has-post-thumbnail","hentry"],"_links":{"self":[{"href":"https:\/\/211md.org\/yo\/wp-json\/wp\/v2\/pages\/958","targetHints":{"allow":["GET"]}}],"collection":[{"href":"https:\/\/211md.org\/yo\/wp-json\/wp\/v2\/pages"}],"about":[{"href":"https:\/\/211md.org\/yo\/wp-json\/wp\/v2\/types\/page"}],"author":[{"embeddable":true,"href":"https:\/\/211md.org\/yo\/wp-json\/wp\/v2\/users\/8"}],"replies":[{"embeddable":true,"href":"https:\/\/211md.org\/yo\/wp-json\/wp\/v2\/comments?post=958"}],"version-history":[{"count":5,"href":"https:\/\/211md.org\/yo\/wp-json\/wp\/v2\/pages\/958\/revisions"}],"predecessor-version":[{"id":34407,"href":"https:\/\/211md.org\/yo\/wp-json\/wp\/v2\/pages\/958\/revisions\/34407"}],"up":[{"embeddable":true,"href":"https:\/\/211md.org\/yo\/wp-json\/wp\/v2\/pages\/930"}],"wp:featuredmedia":[{"embeddable":true,"href":"https:\/\/211md.org\/yo\/wp-json\/wp\/v2\/media\/1413"}],"wp:attachment":[{"href":"https:\/\/211md.org\/yo\/wp-json\/wp\/v2\/media?parent=958"}],"curies":[{"name":"wp","href":"https:\/\/api.w.org\/{rel}","templated":true}]}}