{"id":962,"date":"2021-04-16T13:37:14","date_gmt":"2021-04-16T13:37:14","guid":{"rendered":"https:\/\/211md.org\/?page_id=962"},"modified":"2025-10-14T22:03:06","modified_gmt":"2025-10-15T02:03:06","slug":"awon-ifororan%e1%b9%a3e","status":"publish","type":"page","link":"https:\/\/211md.org\/yo\/about\/text-messages\/","title":{"rendered":"Aw\u1ecdn If\u1ecdr\u1ecdran\u1e63\u1eb9"},"content":{"rendered":"<h2>Ifitonileti Ati Aw\u1ecdn If\u1ecdr\u1ecdran\u1e63\u1eb9 Awuj\u1ecd<\/h2>\n<p>211 Maryland n fun aw\u1ecdn olugbe ni n\u1ecdmba aw\u1ecdn \u1ecdna lati ni asop\u1ecd si ilera pataki ati aw\u1ecdn orisun eniyan. Ni afikun si pipe 211, a funni ni aw\u1ecdn ipolongo PUSH-ALERT \u1ecdr\u1ecd. O fi \u201cKoko-\u1ecdr\u1ecd\u201d ran\u1e63\u1eb9 si n\u1ecdmba kan iw\u1ecd yoo gba atil\u1eb9yin ati aw\u1ecdn if\u1ecdr\u1ecdran\u1e63\u1eb9 alaye.<\/p>\n\t\t\t\t<img decoding=\"async\" src=\"https:\/\/211md.org\/wp-content\/uploads\/2021\/04\/Informational-and-Inspirational-Text-Messages-from-211-Maryland-.jpg\" alt=\"Obinrin rerin a ojuami ati iPhone\" itemprop=\"image\" height=\"630\" width=\"1200\" title=\"Ifitonileti ati Aw\u1ecdn If\u1ecdr\u1ecdran\u1e63\u1eb9 Igbesi aye lati 211 Maryland\" onerror=\"this.style.display='none'\" loading='lazy' \/>\n\t<p>Ti o ba wa lori alagbeka, t\u1eb9 b\u1ecdtini \u1ecdr\u1ecd-\u1ecdr\u1ecd lati \u1e63ii if\u1ecdr\u1ecdran\u1e63\u1eb9. Bib\u1eb9\u1eb9k\u1ecd, fi \u1ecdr\u1ecd ran\u1e63\u1eb9 si n\u1ecdmba foonu naa.<\/p>\n\t\t<p><em>211 Maryland nfunni ni aw\u1ecdn eto itaniji if\u1ecdr\u1ecdran\u1e63\u1eb9 eyiti o pese alaye orisun kan pato agbegbe tabi pese aw\u1ecdn itaniji ajalu. Ifiran\u1e63\u1eb9 ati aw\u1ecdn o\u1e63uw\u1ecdn data le waye. Ifiran\u1e63\u1eb9 igbohunsaf\u1eb9f\u1eb9 le yat\u1ecd. \u1eccr\u1ecd STOP si n\u1ecdmba kanna lati y\u1ecd\u1ecd kuro. Fun iranl\u1ecdw\u1ecd, fi \u1ecdr\u1ecd IRANL\u1eccW\u1ecc ran\u1e63\u1eb9. Aw\u1ecdn ofin SMS ni kikun ni <a href=\"https:\/\/211md.org\/yo\/sms\/\">https:\/\/211md.org\/sms\/<\/a> ati <a href=\"https:\/\/211md.org\/yo\/ipamo-eto-imulo\/\">\u00ecpam\u1ecd eto imulo<\/a> yoo tun waye.\u00a0<\/em><\/p>\n\t\t<h3><a href=\"sms:\/\/898-211;?&#038;body=MDYoungMinds\" target=\"_blank\"  rel=\"noopener\">\u1eccd\u1ecdm\u1ecdkunrin Opolo Health Support<\/a><\/h3><p><strong>MDYoungMinds<\/strong>\u00a0\u1e63e atil\u1eb9yin ilera \u1ecdp\u1ecdl\u1ecd ti aw\u1ecdn \u1eb9ni-k\u1ecd\u1ecdkan \u1ecdj\u1ecd-ori 18 ati k\u00e9ker\u00e9.<\/p>\n<p>K\u1ecd \u1eb9k\u1ecd nipa aw\u1ecdn\u00a0<a href=\"https:\/\/211md.org\/yo\/oro\/opolo-ilera\/suga\/\" target=\"_blank\" rel=\"noopener\">ami ti \u1ecdd\u1ecdm\u1ecdkunrin \u015fuga<\/a>\u00a0ati aw\u1ecdn \u1ecdna\u00a0<a href=\"https:\/\/211md.org\/yo\/nipa\/awon-ifororan%e1%b9%a3e\/myoungminds\/\" target=\"_blank\" rel=\"noopener\">MDYoungMinds<\/a>\u00a0le \u1e63e atil\u1eb9yin fun aw\u1ecdn \u1ecdd\u1ecd ati aw\u1ecdn \u1ecdd\u1ecd.<\/p>\n<p>Alaba\u1e63ep\u1ecd: \u1eb8ka Ilera ti Maryland, \u1eccfiisi Idena Igb\u1eb9mi ara \u1eb9ni<\/p>\n<p>K\u1ecd MDYoungMinds si 898-211.<\/p>\n\t\t\t<a href=\"sms:\/\/898-211;?&#038;body=MDYoungMinds\" target=\"_blank\" rel=\"noopener\">\n\t\t\t\t\t\t\t\u1eccr\u1ecd MDYoungMinds\n\t\t\t\t\t<\/a>\n\t\t<h3><a href=\"sms:\/\/898-211;?&#038;body=MDMINDHEALTH\" target=\"_blank\"  rel=\"noopener\">Opolo Health<\/a><\/h3><p><strong>MDMindHealth<\/strong>\u00a0nfunni ni aw\u1ecdn ifiran\u1e63\u1eb9 iwuri, aw\u1ecdn itaniji lati \u1e63et\u1ecdju ilera \u1ecdp\u1ecdl\u1ecd to dara, ati aw\u1ecdn orisun fun aw\u1ecdn i\u1e63\u1eb9 aaw\u1ecd Maryland ati im\u1ecdran. Aw\u1ecdn if\u1ecdr\u1ecdran\u1e63\u1eb9 naa tun wa ni ede Spani ni\u00a0<strong>MDsaludMental<\/strong>.<\/p>\n<p><a href=\"https:\/\/211md.org\/yo\/nipa\/awon-ifororan%e1%b9%a3e\/md-ilera\/\">K\u1ecd \u1eb9k\u1ecd di\u1eb9 sii nipa aw\u1ecdn \u1ecdna MDMindHealth<\/a>\u00a0le \u1e63e iranl\u1ecdw\u1ecd fun \u1ecd tabi \u1eb9nikan ti o m\u1ecd.<\/p>\n<p>Alaba\u1e63ep\u1ecd: \u1eb8ka Ilera ti Maryland, Isakoso Ilera ihuwasi<\/p>\n<p>K\u1ecd MDmindHealth si 898-211<\/p>\n<p>K\u1ecd MDsaludMental si 898-211<\/p>\n\t\t\t<a href=\"sms:\/\/898-211;?&#038;body=MDMINDHEALTH\" target=\"_blank\" rel=\"noopener\">\n\t\t\t\t\t\t\t\u1eccr\u1ecd MDMindHealth\n\t\t\t\t\t<\/a>\n\t\t\t<a href=\"sms:\/\/898-211;?&#038;body=MDSALUDMENTAL\" target=\"_blank\" rel=\"noopener\">\n\t\t\t\t\t\t\t\u1eccr\u1ecd MDsaludmental\n\t\t\t\t\t<\/a>\n\t\t<h3><a href=\"sms:\/\/898-211;?&#038;body=MDKinCares\" target=\"_blank\"  rel=\"noopener\">Atil\u1eb9yin ibatan<\/a><\/h3><p><strong>MDKinCares<\/strong>\u00a0pese iwuri, atil\u1eb9yin ati aw\u1ecdn ohun elo si aw\u1ecdn olut\u1ecdju.<\/p>\n<p>Alaba\u1e63ep\u1ecd: Maryland Department of Human Services<\/p>\n<p>K\u1ecd MDKinCares si 898-211.<\/p>\n\t\t\t<a href=\"sms:\/\/898-211;?&#038;body=MDKinCares\" target=\"_blank\" rel=\"noopener\">\n\t\t\t\t\t\t\t\u1eccr\u1ecd MDKinCares\n\t\t\t\t\t<\/a>\n\t\t<h3><a href=\"sms:\/\/898-211;?&#038;body=MDAging\" target=\"_blank\"  rel=\"noopener\">Agbalagba Ati Agbalagba P\u1eb9lu Disabilities<\/a><\/h3><p><strong>MDAging<\/strong>\u00a0pese iraye si l\u1eb9s\u1eb9k\u1eb9s\u1eb9 ati ibeere si aw\u1ecdn olupese i\u1e63\u1eb9 ati aw\u1ecdn orisun fun aw\u1ecdn agbalagba ati aw\u1ecdn alabojuto ti aw\u1ecdn agbalagba ti o ni ailera.<\/p>\n<p>Alaba\u1e63ep\u1ecd: Maryland Department of Aging<\/p>\n<p>\u1eccr\u1ecd MDAging si 898-211<\/p>\n\t\t\t<a href=\"sms:\/\/898-211;?&#038;body=MDAging\" target=\"_blank\" rel=\"noopener\">\n\t\t\t\t\t\t\t\u1eccr\u1ecd MDAging\n\t\t\t\t\t<\/a>\n\t\t<h3><a href=\"sms:\/\/898-211;?&#038;body=MidShore\" target=\"_blank\"  rel=\"noopener\">Aw\u1ecdn i\u1e63\u1eb9l\u1eb9 Mid Shore ati Aw\u1ecdn orisun Agbegbe<\/a><\/h3><p><strong>MidShore<\/strong> so aw\u1ecdn olugbe ni Queen Anne&#039;s, Kent, Talbot, Dorchester ati aw\u1ecdn agbegbe Caroline si aw\u1ecdn i\u1e63\u1eb9l\u1eb9 agbegbe ati aw\u1ecdn orisun agbegbe. <a href=\"https:\/\/211md.org\/yo\/kini-211\/\">K\u1ecd \u1eb9k\u1ecd di\u1eb9 si<\/a> nipa aw\u1ecdn \u1ecdna ti Mid Shore n so aw\u1ecdn olugbe p\u1ecd si 211.<\/p>\n<p>Alaba\u1e63ep\u1ecd: I\u1e63\u1ecdkan Imudara Ilera Mid Shore<\/p>\n<p>\u1eccr\u1ecd Midshore si 898-211<\/p>\n\t\t\t<a href=\"sms:\/\/898-211;?&#038;body=MidShore\" target=\"_blank\" rel=\"noopener\">\n\t\t\t\t\t\t\t\u1eccr\u1ecd MidShore\n\t\t\t\t\t<\/a>\n\t\t<h3><a href=\"sms:\/\/898-211;?&#038;body=MDSTopHate\" target=\"_blank\"  rel=\"noopener\">Jabo Ik\u014frir\u0103 Ik\u014frir\u0103 Ati odaran<\/a><\/h3><p><strong>MDStopHate<\/strong>\u00a0j\u1eb9 orisun \u1ecdkan-idaduro fun jijab\u1ecd aw\u1ecdn iwa-ipa ikorira ati aw\u1ecdn i\u1e63\u1eb9l\u1eb9 ati pese aw\u1ecdn orisun si aw\u1ecdn olufaragba.\u00a0<a href=\"https:\/\/211md.org\/yo\/ikorira\/\" target=\"_blank\" rel=\"noopener\">Da ikorira nipa riroyin o!<\/a><\/p>\n<p>Alaba\u1e63ep\u1ecd: Gomina Office of Immigrant Affairs | Gomina Office of Community Initiative<\/p>\n<p>K\u1ecd MDStopHate si 898-211<\/p>\n\t\t\t<a href=\"sms:\/\/898-211;?&#038;body=MDSTopHate\" target=\"_blank\" rel=\"noopener\">\n\t\t\t\t\t\t\t\u1eccr\u1ecd MDStopHate\n\t\t\t\t\t<\/a>\n\t\t<h3><a href=\"sms:\/\/898-211;?&#038;body=Reentry\" target=\"_blank\"  rel=\"noopener\">Atunw\u1ecdle<\/a><\/h3><p><strong>Atunw\u1ecdle<\/strong> so aw\u1ecdn \u1eb9ni-k\u1ecd\u1ecdkan ati aw\u1ecdn ti a fi sinu tubu t\u1eb9l\u1eb9 ati aw\u1ecdn idile w\u1ecdn si aw\u1ecdn orisun, aw\u1ecdn i\u1e63\u1eb9l\u1eb9, ati alaye. <a href=\"https:\/\/211md.org\/yo\/oro\/ogbon-inu\/\">K\u1ecd \u1eb9k\u1ecd di\u1eb9 si<\/a> nipa aw\u1ecdn \u1ecdna ti aj\u1ecd\u1e63ep\u1ecd yii n so aw\u1ecdn idile p\u1ecd si aw\u1ecdn orisun atunda.<\/p>\n<p>Alaba\u1e63ep\u1ecd: \u1eb8ka Aabo Ilu ti Maryland ati Aw\u1ecdn I\u1e63\u1eb9 Atunse (DPSCS)<\/p>\n<p>\u1eccr\u1ecd Atunw\u1ecdle si 898-211<\/p>\n\t\t\t<a href=\"sms:\/\/898-211;?&#038;body=Reentry\" target=\"_blank\" rel=\"noopener\">\n\t\t\t\t\t\t\t\u1eccr\u1ecd Atunw\u1ecdle\n\t\t\t\t\t<\/a>\n\t\t<h3><a href=\"sms:\/\/898-211;?&#038;body=MDCom2Vets\" target=\"_blank\"  rel=\"noopener\">Ogbo<\/a><\/h3><p><strong>MDCom2Vets<\/strong>\u00a0mu aw\u1ecdn asop\u1ecd p\u1ecd p\u1eb9lu Aw\u1ecdn Ogbo ati pese aw\u1ecdn imudojuiw\u1ecdn ti nl\u1ecd l\u1ecdw\u1ecd fun aw\u1ecdn i\u1e63\u1eb9l\u1eb9, aw\u1ecdn orisun ati aw\u1ecdn olupese ti o wa ni agbegbe kan.<\/p>\n<p>Alaba\u1e63ep\u1ecd: \u1eb8ka Ilera ti Maryland, Isakoso Ilera ihuwasi<\/p>\n<p>K\u1ecd MDCom2Vets si 898-211<\/p>\n\t\t\t<a href=\"sms:\/\/898-211;?&#038;body=MDCom2Vets\" target=\"_blank\" rel=\"noopener\">\n\t\t\t\t\t\t\t\u1eccr\u1ecd MDCom2Vets\n\t\t\t\t\t<\/a>\n\t\t<h3><a href=\"sms:\/\/898-211;?&#038;body=MDWellness\" target=\"_blank\"  rel=\"noopener\">Nini alafia<\/a><\/h3><p><strong>MDWellness<\/strong>\u00a0fojusi lori iranl\u1ecdw\u1ecd ak\u1ecdk\u1ecd ti ilera \u1ecdp\u1ecdl\u1ecd fun i\u1e63\u1eb9 iranl\u1ecdw\u1ecd. Aw\u1ecdn alabapin gba aw\u1ecdn \u1ecdgb\u1ecdn ati aw\u1ecdn orisun lati w\u1ecdle si aw\u1ecdn i\u1e63\u1eb9 i\u1e63akoso aap\u1ecdn nipas\u1eb9 i\u1e63aro, ounj\u1eb9 ounj\u1eb9 ati ibatan awuj\u1ecd.<\/p>\n<p>Alaba\u1e63ep\u1ecd: University of Maryland<\/p>\n<p>K\u1ecd MDWellness si 898-211<\/p>\n\t\t\t<a href=\"sms:\/\/898-211;?&#038;body=MDWellness\" target=\"_blank\" rel=\"noopener\">\n\t\t\t\t\t\t\t\u1eccr\u1ecd MDWellness\n\t\t\t\t\t<\/a>\n<h2>Sop\u1ecd P\u1eb9lu Olugbo R\u1eb9 Lori-Ibeere<\/h2>\n<p>Lo Syeed if\u1ecdr\u1ecdran\u1e63\u1eb9 211 Maryland lati fi aw\u1ecdn ifiran\u1e63\u1eb9 ti a \u1e63e adani ran\u1e63\u1eb9 si aw\u1ecdn olugbo r\u1eb9. Beere nipa aw\u1ecdn o\u1e63uw\u1ecdn ati i\u1e63\u1eb9 \u1e63i\u1e63e, ati darap\u1ecd m\u1ecd aw\u1ecdn ajo miiran ti nlo 211 MD t\u1eb9l\u1eb9 lati firan\u1e63\u1eb9 aw\u1ecdn if\u1ecdr\u1ecdran\u1e63\u1eb9. <a href=\"https:\/\/211md.org\/yo\/pe-wa\/\">Kan si wa loni.<\/a><\/p>","protected":false},"excerpt":{"rendered":"<p>Ifitonileti Ati Aw\u1ecdn Ifiran\u1e63\u1eb9 If\u1ecdr\u1ecdran\u1e63\u1eb9 211 Maryland fun aw\u1ecdn olugbe ni \u1ecdp\u1ecdl\u1ecdp\u1ecd aw\u1ecdn \u1ecdna lati ni asop\u1ecd si ilera pataki ati aw\u1ecdn orisun eniyan. Ni afikun si pipe 211, a funni ni aw\u1ecdn ipolongo PUSH-ALERT \u1ecdr\u1ecd. O fi \u201cKoko-\u1ecdr\u1ecd\u201d ran\u1e63\u1eb9 si n\u1ecdmba kan iw\u1ecd yoo gba atil\u1eb9yin ati aw\u1ecdn if\u1ecdr\u1ecdran\u1e63\u1eb9 alaye. Ti o ba wa lori alagbeka, t\u1eb9 \u1ecdr\u1ecd-\u1ecdr\u1ecd naa\u2026<\/p>","protected":false},"author":8,"featured_media":1925,"parent":521,"menu_order":0,"comment_status":"closed","ping_status":"closed","template":"","meta":{"footnotes":""},"class_list":["post-962","page","type-page","status-publish","has-post-thumbnail","hentry"],"_links":{"self":[{"href":"https:\/\/211md.org\/yo\/wp-json\/wp\/v2\/pages\/962","targetHints":{"allow":["GET"]}}],"collection":[{"href":"https:\/\/211md.org\/yo\/wp-json\/wp\/v2\/pages"}],"about":[{"href":"https:\/\/211md.org\/yo\/wp-json\/wp\/v2\/types\/page"}],"author":[{"embeddable":true,"href":"https:\/\/211md.org\/yo\/wp-json\/wp\/v2\/users\/8"}],"replies":[{"embeddable":true,"href":"https:\/\/211md.org\/yo\/wp-json\/wp\/v2\/comments?post=962"}],"version-history":[{"count":4,"href":"https:\/\/211md.org\/yo\/wp-json\/wp\/v2\/pages\/962\/revisions"}],"predecessor-version":[{"id":4830,"href":"https:\/\/211md.org\/yo\/wp-json\/wp\/v2\/pages\/962\/revisions\/4830"}],"up":[{"embeddable":true,"href":"https:\/\/211md.org\/yo\/wp-json\/wp\/v2\/pages\/521"}],"wp:featuredmedia":[{"embeddable":true,"href":"https:\/\/211md.org\/yo\/wp-json\/wp\/v2\/media\/1925"}],"wp:attachment":[{"href":"https:\/\/211md.org\/yo\/wp-json\/wp\/v2\/media?parent=962"}],"curies":[{"name":"wp","href":"https:\/\/api.w.org\/{rel}","templated":true}]}}