{"id":973,"date":"2021-04-16T15:37:10","date_gmt":"2021-04-16T15:37:10","guid":{"rendered":"https:\/\/211md.org\/?page_id=973"},"modified":"2025-09-07T16:24:29","modified_gmt":"2025-09-07T20:24:29","slug":"idena-ilekuro","status":"publish","type":"page","link":"https:\/\/211md.org\/yo\/resources\/housing-shelter\/eviction-prevention\/","title":{"rendered":"Nilo Iranl\u1ecdw\u1ecd P\u1eb9lu Iyalo? Bawo ni Lati Dena Iy\u1ecdkuro"},"content":{"rendered":"<p>\u1e62e o ni wahala lati san iyalo r\u1eb9 bi? 211 le \u1e63e iranl\u1ecdw\u1ecd.<\/p>\n<h2>Gba Iranl\u1ecdw\u1ecd Sisanwo Iyalo<\/h2>\n<p>Aw\u1ecdn alam\u1ecdja 211 le \u1e63e iranl\u1ecdw\u1ecd idanim\u1ecd aw\u1ecdn ile-i\u1e63\u1eb9 agbegbe ti n pese iranl\u1ecdw\u1ecd owo lati \u1e63e ai\u1e63edeede aw\u1ecdn idiyele iyalo. W\u1ecdn le pese alaye kan pato nipa aw\u1ecdn eto naa, p\u1eb9lu boya akiyesi ifil\u1ecdkuro ti ile-\u1eb9j\u1ecd ti pa\u1e63\u1eb9, lati y\u1eb9 fun iranl\u1ecdw\u1ecd.<\/p>\n<p>Lati gba iranl\u1ecdw\u1ecd lati san iyalo:<\/p>\n<ul>\n<li>T\u1eb9 211<\/li>\n<li>Wa aw\u1ecdn orisun agbegbe ni aaye data 211. Eyi ni wiwa meji lati j\u1eb9 ki o b\u1eb9r\u1eb9 \u2013 <a href=\"https:\/\/search.211md.org\/search?query=BH-3800.7000&amp;query_type=taxonomy&amp;query_label=&amp;query_language=en\" target=\"_blank\" rel=\"noopener\">iranlowo san iyalo<\/a>\u00a0ati <a href=\"https:\/\/search.211md.org\/search?query=BH-3800.8000&amp;query_type=taxonomy&amp;query_label=&amp;query_language=en\" target=\"_blank\" rel=\"noopener\">iranl\u1ecdw\u1ecd idogo aabo.<\/a><\/li>\n<\/ul>\n<h3>Aw\u1ecdn \u1eb9t\u1ecd R\u1eb9 Bi Agbat\u1ecdju<\/h3>\n<p>Ni afikun si wiwa iranl\u1ecdw\u1ecd owo fun iranl\u1ecdw\u1ecd p\u1eb9lu iyalo, s\u1ecdr\u1ecd p\u1eb9lu onile r\u1eb9 nipa ipo r\u1eb9 ki o rii boya eto isanwo \u1e63ee \u1e63e.<\/p>\n<p>M\u1ecd r\u1eb9\u00a0<a href=\"\/yo\/oro\/ofin-awon-i%e1%b9%a3e\/ayalegbe-awon-eto\/\" rel=\"noopener\">ofin aw\u1ecdn \u1eb9t\u1ecd ati adehun lab\u1eb9 aw\u1ecdn ya<\/a>.<\/p>\n<h3>Idena Iy\u1ecdkuro Nitori COVID-19<\/h3>\n<p>O tun le y\u1eb9 fun\u00a0<a href=\"\/yo\/oro\/ibugbe-ibugbe\/covid-yiyalo-iranlowo\/\" rel=\"noopener\">Iranl\u1ecdw\u1ecd yiyalo pajawiri ti ajakaye-arun naa ba kan \u1ecd<\/a>.<\/p>\n<p>\u1eb8ka Ile ti Maryland ati Idagbasoke Agbegbe n \u1e63e abojuto Iba\u1e63ep\u1ecd Idena Idena Iy\u1ecdkuro. O le lo nipas\u1eb9 agbegbe agbegbe r\u1eb9 fun atil\u1eb9yin yiyalo nitori COVID-19.<\/p>\n<p>Agbegbe k\u1ecd\u1ecdkan ni alaye ohun elo eto tir\u1eb9. Aw\u1ecdn owo ni opin ati \u1ecdp\u1ecdl\u1ecdp\u1ecd aw\u1ecdn eto ti pari.<\/p>\n<p>&nbsp;<\/p>\n\t\t\t\t<img decoding=\"async\" src=\"https:\/\/211md.org\/wp-content\/uploads\/2021\/06\/Moving.png\" alt=\"T\u1ecdk\u1ecdtaya tenumo nipa gbigbe\" itemprop=\"image\" height=\"348\" width=\"460\" title=\"Gbigbe\" onerror=\"this.style.display='none'\" loading='lazy' \/>\n\t\t\t\t<img decoding=\"async\" src=\"https:\/\/211md.org\/wp-content\/uploads\/2021\/05\/Apartment-Complex.png\" alt=\"Ohun iy\u1eb9wu eka\" itemprop=\"image\" height=\"348\" width=\"460\" title=\"Iy\u1eb9wu Complex\" onerror=\"this.style.display='none'\" loading='lazy' \/>\n\t<h2>Wa Ibugbe<\/h2>\n<p>Ti o ba f\u1eb9 lati jade kuro ati nilo ile ti o ni ifarada, wa iy\u1eb9wu tabi ile fun iyalo lori\u00a0<a href=\"https:\/\/marylandhousingsearch.org\/\" target=\"_blank\" rel=\"noopener\">Maryland Housing Search<\/a>.<\/p>\n<p>Aw\u1ecdn\u00a0<a href=\"https:\/\/search.211md.org\/search?query=BH-7000.4600&amp;query_type=taxonomy&amp;query_label=&amp;query_language=en\" target=\"_blank\" rel=\"noopener\">orisun gbogbo ipinl\u1eb9 tun ni atok\u1ecd ti owo-wiw\u1ecdle kekere ati ile iyalo ti a \u1e63e alabapin si<\/a>.<\/p>\n<h2>Alaye ti o j\u1ecdm\u1ecd<\/h2>\n<p><a href=\"https:\/\/211md.org\/yo\/oro\/ibugbe-ibugbe\/\">Gbogbogbo Housing Information<\/a><\/p>\n<p><a title=\"y\u00e1 \/ igba l\u1ecdw\u1ecd \u1eb9ni \" href=\"https:\/\/211md.org\/yo\/oro\/ibugbe-ibugbe\/igba-lowo-eni\/\">y\u00e1 \/ igba l\u1ecdw\u1ecd \u1eb9ni<\/a><\/p>\n<p><a href=\"https:\/\/211md.org\/yo\/oro\/ibugbe-ibugbe\/senior-housing\/\" target=\"_blank\" rel=\"noopener\">Agba Housing<\/a><\/p>\n<h2>\n\t\t\tWa Oro\t<\/h2>\n\t\t\t\t<a href=\"\/yo\/oro\/ailera-ti-ogbo\/\"  target=\"_self\" itemprop=\"url\">\n\t\t\t\t<img decoding=\"async\" src=\"https:\/\/211md.org\/wp-content\/uploads\/bb-plugin\/cache\/Mask-Group-41@2x-circle-73eaadba4cad8269faa4720e25cf1c85-.png\" alt=\"\u1eb8s\u1eb9 ti agbalagba obirin ati \u1ecdm\u1ecddebinrin ti nrin pap\u1ecd\" itemprop=\"image\" height=\"500\" width=\"500\" title=\"Aw\u1ecdn i\u1e63\u1eb9 ailera\" onerror=\"this.style.display='none'\" loading='lazy' \/>\n\t\t\t\t<\/a>\n\t\t<h3><a href=\"\/yo\/oro\/ailera-ti-ogbo\/\" target=\"_self\">Ti ogbo &amp; Alaabo<\/a><\/h3>\t\n\t\t\t\t<a href=\"\/yo\/oro\/omo-idile\/\"  target=\"_self\" itemprop=\"url\">\n\t\t\t\t<img decoding=\"async\" src=\"https:\/\/211md.org\/wp-content\/uploads\/bb-plugin\/cache\/Mask-Group-38@2x-circle-ac40d46265fbec62083cd27f6dcf23b0-.png\" alt=\"\u1eccd\u1ecdm\u1ecdkunrin ati \u1ecdm\u1ecddebinrin kan n r\u1eb9rin mus\u1eb9 ati wiwo kam\u1eb9ra naa\" itemprop=\"image\" height=\"500\" width=\"500\" title=\"\u1eb8gb\u1eb9 boju 38@2x\" onerror=\"this.style.display='none'\" loading='lazy' \/>\n\t\t\t\t<\/a>\n\t\t<h3><a href=\"\/yo\/oro\/omo-idile\/\" target=\"_self\">Aw\u1ecdn \u1ecdm\u1ecdde &amp; Aw\u1ecdn idile<\/a><\/h3>\t\n\t\t\t\t<a href=\"\/yo\/oro\/abele-ebi-iwa-ipa\/\"  target=\"_self\" itemprop=\"url\">\n\t\t\t\t<img decoding=\"async\" src=\"https:\/\/211md.org\/wp-content\/uploads\/bb-plugin\/cache\/Mask-Group-39@2x-circle-b2589197a13c791d910f46dd10b27a87-.png\" alt=\"\u1eccw\u1ecd meji meji di ara w\u1ecdn mu\" itemprop=\"image\" height=\"500\" width=\"500\" title=\"\u1eb8gb\u1eb9 boju 39@2x\" onerror=\"this.style.display='none'\" loading='lazy' \/>\n\t\t\t\t<\/a>\n\t\t<h3><a href=\"\/yo\/oro\/abele-ebi-iwa-ipa\/\" target=\"_self\">Abele \/ \u00ccd\u00edl\u00e9 Iwa-ipa<\/a><\/h3>\t\n\t\t\t\t<a href=\"\/yo\/oro\/wiwa-oojo\/\"  target=\"_self\" itemprop=\"url\">\n\t\t\t\t<img decoding=\"async\" src=\"https:\/\/211md.org\/wp-content\/uploads\/bb-plugin\/cache\/Employment-circle-bf72562329e950df948954f5d3f44b2e-.png\" alt=\"Mekaniki \u1ecdk\u1ecd ay\u1ecdk\u1eb9l\u1eb9 kan\" itemprop=\"image\" height=\"500\" width=\"500\" title=\"Igbanisise\" onerror=\"this.style.display='none'\" loading='lazy' \/>\n\t\t\t\t<\/a>\n\t\t<h3><a href=\"\/yo\/oro\/wiwa-oojo\/\" target=\"_self\">Igbanisise<\/a><\/h3>\t\n\t\t\t\t<a href=\"\/yo\/oro\/itoju-ilera\/\"  target=\"_self\" itemprop=\"url\">\n\t\t\t\t<img decoding=\"async\" src=\"https:\/\/211md.org\/wp-content\/uploads\/bb-plugin\/cache\/Mask-Group-35@2x-circle-94be10c13e4adae1683b4589dc2f5b2f-.png\" alt=\"Dokita ti n wo \u1eb9s\u1eb9 aw\u1ecdn \u1ecdm\u1ecdkunrin\" itemprop=\"image\" height=\"500\" width=\"500\" title=\"\u1eb8gb\u1eb9 boju 35@2x\" onerror=\"this.style.display='none'\" loading='lazy' \/>\n\t\t\t\t<\/a>\n\t\t<h3><a href=\"\/yo\/oro\/itoju-ilera\/\" target=\"_self\">It\u1ecdju Ilera<\/a><\/h3>\t\n\t\t\t\t<a href=\"\/yo\/oro\/ounje\/\"  target=\"_self\" itemprop=\"url\">\n\t\t\t\t<img decoding=\"async\" src=\"https:\/\/211md.org\/wp-content\/uploads\/bb-plugin\/cache\/Mask-Group-32@2x-circle-1c6d647dcaf998fa079d26735cedc92b-.png\" alt=\"Aw\u1ecdn \u1eb9f\u1ecd titun\" itemprop=\"image\" height=\"500\" width=\"500\" title=\"\u1eb8gb\u1eb9 boju 32@2x\" onerror=\"this.style.display='none'\" loading='lazy' \/>\n\t\t\t\t<\/a>\n\t\t<h3><a href=\"\/yo\/oro\/ounje\/\" target=\"_self\">Ounj\u1eb9<\/a><\/h3>\t\n\t\t\t\t<a href=\"\/yo\/oro\/ibugbe-ibugbe\/\"  target=\"_self\" itemprop=\"url\">\n\t\t\t\t<img decoding=\"async\" src=\"https:\/\/211md.org\/wp-content\/uploads\/bb-plugin\/cache\/Mask-Group-34@2x-circle-b99c55fc16ef21f35e2f2a1f7cc37b9a-.png\" alt=\"Iy\u1eb9wu eka balikoni\" itemprop=\"image\" height=\"500\" width=\"500\" title=\"Iy\u1eb9wu-Complex\" onerror=\"this.style.display='none'\" loading='lazy' \/>\n\t\t\t\t<\/a>\n\t\t<h3><a href=\"\/yo\/oro\/ibugbe-ibugbe\/\" target=\"_self\">Ibugbe &amp; Koseemani<\/a><\/h3>\t\n\t\t\t\t<a href=\"\/yo\/oro\/tuntun-si-wa-ati-maryland\/\"  target=\"_self\" itemprop=\"url\">\n\t\t\t\t<img decoding=\"async\" src=\"https:\/\/211md.org\/wp-content\/uploads\/bb-plugin\/cache\/American-flag-circle-0016cc327e27ef7aeb080f1da6c6e98b-.jpg\" alt=\"titun si United States\" itemprop=\"image\" height=\"364\" width=\"1366\" title=\"American-flag\" onerror=\"this.style.display='none'\" loading='lazy' \/>\n\t\t\t\t<\/a>\n\t\t<h3><a href=\"\/yo\/oro\/tuntun-si-wa-ati-maryland\/\" target=\"_self\">I\u1e63il\u1ecd<\/a><\/h3>\t\n\t\t\t\t<a href=\"\/yo\/oro\/omo-idile\/itoju-ibatan\/\"  target=\"_self\" itemprop=\"url\">\n\t\t\t\t<img decoding=\"async\" src=\"https:\/\/211md.org\/wp-content\/uploads\/bb-plugin\/cache\/kinship-family-navigating-a-computer-circle-045fee9d587aefb20221bfea41a2cf9b-.png\" alt=\"ibatan idile lil\u1ecd kiri k\u1ecdmputa kan\" itemprop=\"image\" title=\"ibatan idile lil\u1ecd kiri k\u1ecdmputa kan\" onerror=\"this.style.display='none'\" loading='lazy' \/>\n\t\t\t\t<\/a>\n\t\t<h3><a href=\"\/yo\/oro\/omo-idile\/itoju-ibatan\/\" target=\"_self\">\u00ccb\u00e1tan<\/a><\/h3>\t\n\t\t\t\t<a href=\"\/yo\/oro\/ofin-awon-i%e1%b9%a3e\/\"  target=\"_self\" itemprop=\"url\">\n\t\t\t\t<img decoding=\"async\" src=\"https:\/\/211md.org\/wp-content\/uploads\/bb-plugin\/cache\/Housing-Legal-circle-9a8f3c1c72c54b6e1ce612d2993c1ad4-.png\" alt=\"Ofin gavel p\u1eb9lu kan ike awo\u1e63e ti a ile t\u00f3k\u00e0n si o\" itemprop=\"image\" height=\"348\" width=\"460\" title=\"Ofin Ile\" onerror=\"this.style.display='none'\" loading='lazy' \/>\n\t\t\t\t<\/a>\n\t\t<h3><a href=\"\/yo\/oro\/ofin-awon-i%e1%b9%a3e\/\" target=\"_self\">Aw\u1ecdn i\u1e63\u1eb9 ofin<\/a><\/h3>\t\n\t\t\t\t<a href=\"\/yo\/oro\/opolo-ilera\/\"  target=\"_self\" itemprop=\"url\">\n\t\t\t\t<img decoding=\"async\" src=\"https:\/\/211md.org\/wp-content\/uploads\/bb-plugin\/cache\/Mask-Group-40@2x-circle-7bd9426367852fb3d841bc4bdc57a550-.png\" alt=\"Aw\u1ecdn profaili ti \u1ecdkunrin kan ati obinrin\" itemprop=\"image\" height=\"500\" width=\"500\" title=\"\u1eb8gb\u1eb9 boju 40@2x\" onerror=\"this.style.display='none'\" loading='lazy' \/>\n\t\t\t\t<\/a>\n\t\t<h3><a href=\"\/yo\/oro\/opolo-ilera\/\" target=\"_self\">Opolo Health<\/a><\/h3>\t\n\t\t\t\t<a href=\"\/yo\/oro\/ogbon-inu\/\"  target=\"_self\" itemprop=\"url\">\n\t\t\t\t<img decoding=\"async\" src=\"https:\/\/211md.org\/wp-content\/uploads\/bb-plugin\/cache\/Diverse-group-of-community-members-circle-4457c114cd48613bc79a0fb50060319c-.jpg\" alt=\"\u1eb8gb\u1eb9 Oniruuru ti aw\u1ecdn \u1ecdm\u1ecd \u1eb9gb\u1eb9 agbegbe\" itemprop=\"image\" height=\"800\" width=\"1200\" title=\"\u1eb8gb\u1eb9 Oniruuru ti aw\u1ecdn \u1ecdm\u1ecd \u1eb9gb\u1eb9 agbegbe\" onerror=\"this.style.display='none'\" loading='lazy' \/>\n\t\t\t\t<\/a>\n\t\t<h3><a href=\"\/yo\/oro\/ogbon-inu\/\" target=\"_self\">Atunw\u1ecdle<\/a><\/h3>\t\n\t\t\t\t<a href=\"\/yo\/ikorira\/\"  target=\"_self\" itemprop=\"url\">\n\t\t\t\t<img decoding=\"async\" src=\"https:\/\/211md.org\/wp-content\/uploads\/bb-plugin\/cache\/Background-section-MDStophate-circle-08e2bae1cf9f2ad6cc83e01e23da8cb9-.jpg\" alt=\"Background-apakan-MDStophate\" itemprop=\"image\" height=\"768\" width=\"1366\" title=\"Background-apakan-MDStophate\" onerror=\"this.style.display='none'\" loading='lazy' \/>\n\t\t\t\t<\/a>\n\t\t<h3><a href=\"\/yo\/ikorira\/\" target=\"_self\">Duro Ikorira<\/a><\/h3>\t\n\t\t\t\t<a href=\"\/yo\/oro\/lilo-nkan-elo\/\"  target=\"_self\" itemprop=\"url\">\n\t\t\t\t<img decoding=\"async\" src=\"https:\/\/211md.org\/wp-content\/uploads\/bb-plugin\/cache\/Substance-Use-circle-ad2d564932dc31267e0c32a6fb2d915c-.png\" alt=\"Aw\u1ecdn oogun fif\u1ecd \u1ecdw\u1ecd\" itemprop=\"image\" height=\"500\" width=\"500\" title=\"Nkan-Lilo\" onerror=\"this.style.display='none'\" loading='lazy' \/>\n\t\t\t\t<\/a>\n\t\t<h3><a href=\"\/yo\/oro\/lilo-nkan-elo\/\" target=\"_self\">Ohun elo Lilo<\/a><\/h3>\t\n\t\t\t\t<a href=\"\/yo\/oro\/ori-awon-i%e1%b9%a3e\/\"  target=\"_self\" itemprop=\"url\">\n\t\t\t\t<img decoding=\"async\" src=\"https:\/\/211md.org\/wp-content\/uploads\/bb-plugin\/cache\/Mask-Group-34-circle-166a606e37e61188c9a17d5e634cda3c-.png\" alt=\"Eniyan \u00e0gb\u00e1ye jade owo oya-ori iwe\" itemprop=\"image\" height=\"500\" width=\"500\" title=\"\u1eb8gb\u1eb9 iboju 34\" onerror=\"this.style.display='none'\" loading='lazy' \/>\n\t\t\t\t<\/a>\n\t\t<h3><a href=\"\/yo\/oro\/ori-awon-i%e1%b9%a3e\/\" target=\"_self\">Aw\u1ecdn i\u1e63\u1eb9-ori<\/a><\/h3>\t\n\t\t\t\t<a href=\"\/yo\/oro\/iranlowo-ohun-elo\/\"  target=\"_self\" itemprop=\"url\">\n\t\t\t\t<img decoding=\"async\" src=\"https:\/\/211md.org\/wp-content\/uploads\/bb-plugin\/cache\/Mask-Group-37@2x-circle-9661a11b9c4082079c9a1f06bc539567-.png\" alt=\"Atupa ina soke\" itemprop=\"image\" height=\"500\" width=\"500\" title=\"\u1eb8gb\u1eb9 boju 37@2x\" onerror=\"this.style.display='none'\" loading='lazy' \/>\n\t\t\t\t<\/a>\n\t\t<h3><a href=\"\/yo\/oro\/iranlowo-ohun-elo\/\" target=\"_self\">Iranl\u1ecdw\u1ecd IwUlO<\/a><\/h3>\t\n\t\t\t\t<a href=\"\/yo\/oro\/ogbo\/\"  target=\"_self\" itemprop=\"url\">\n\t\t\t\t<img decoding=\"async\" src=\"https:\/\/211md.org\/wp-content\/uploads\/bb-plugin\/cache\/Veterans-circle-7c6972a59826c74f1f658f61df785fc3-.png\" alt=\"\u1eccm\u1ecd-ogun ti nm\u00ec \u1ecdw\u1ecd \u1eb9nikan ti o r\u1eb9rin mus\u1eb9\" itemprop=\"image\" title=\"Ogbo\" onerror=\"this.style.display='none'\" loading='lazy' \/>\n\t\t\t\t<\/a>\n\t\t<h3><a href=\"\/yo\/oro\/ogbo\/\" target=\"_self\">Ogbo<\/a><\/h3>","protected":false},"excerpt":{"rendered":"<p>\u1e62e o ni wahala lati san iyalo r\u1eb9 bi? 211 le \u1e63e iranl\u1ecdw\u1ecd. Gba Iranl\u1ecdw\u1ecd Sisanwo Iyalo Aw\u1ecdn alam\u1ecdja 211 le \u1e63e iranl\u1ecdw\u1ecd idanim\u1ecd aw\u1ecdn ile-i\u1e63\u1eb9 agbegbe ti n pese iranl\u1ecdw\u1ecd owo lati \u1e63e ai\u1e63edeede aw\u1ecdn idiyele iyalo. W\u1ecdn le pese alaye kan pato nipa aw\u1ecdn eto naa, p\u1eb9lu boya akiyesi ifil\u1ecdkuro ti ile-\u1eb9j\u1ecd ti pa\u1e63\u1eb9, lati y\u1eb9 fun iranl\u1ecdw\u1ecd. Lati gba iranl\u1ecdw\u1ecd lati san iyalo: T\u1eb9 211\u2026<\/p>","protected":false},"author":8,"featured_media":2432,"parent":926,"menu_order":0,"comment_status":"closed","ping_status":"closed","template":"","meta":{"footnotes":""},"class_list":["post-973","page","type-page","status-publish","has-post-thumbnail","hentry"],"_links":{"self":[{"href":"https:\/\/211md.org\/yo\/wp-json\/wp\/v2\/pages\/973","targetHints":{"allow":["GET"]}}],"collection":[{"href":"https:\/\/211md.org\/yo\/wp-json\/wp\/v2\/pages"}],"about":[{"href":"https:\/\/211md.org\/yo\/wp-json\/wp\/v2\/types\/page"}],"author":[{"embeddable":true,"href":"https:\/\/211md.org\/yo\/wp-json\/wp\/v2\/users\/8"}],"replies":[{"embeddable":true,"href":"https:\/\/211md.org\/yo\/wp-json\/wp\/v2\/comments?post=973"}],"version-history":[{"count":4,"href":"https:\/\/211md.org\/yo\/wp-json\/wp\/v2\/pages\/973\/revisions"}],"predecessor-version":[{"id":4666,"href":"https:\/\/211md.org\/yo\/wp-json\/wp\/v2\/pages\/973\/revisions\/4666"}],"up":[{"embeddable":true,"href":"https:\/\/211md.org\/yo\/wp-json\/wp\/v2\/pages\/926"}],"wp:featuredmedia":[{"embeddable":true,"href":"https:\/\/211md.org\/yo\/wp-json\/wp\/v2\/media\/2432"}],"wp:attachment":[{"href":"https:\/\/211md.org\/yo\/wp-json\/wp\/v2\/media?parent=973"}],"curies":[{"name":"wp","href":"https:\/\/api.w.org\/{rel}","templated":true}]}}