{"id":985,"date":"2021-04-16T17:24:12","date_gmt":"2021-04-16T17:24:12","guid":{"rendered":"https:\/\/211md.org\/?page_id=985"},"modified":"2025-10-23T18:21:25","modified_gmt":"2025-10-23T22:21:25","slug":"alaini%e1%b9%a3e-anfani","status":"publish","type":"page","link":"https:\/\/211md.org\/yo\/resources\/employment-search\/unemployment-benefits\/","title":{"rendered":"Maryland Alaini\u1e63\u1eb9 Anfani"},"content":{"rendered":"<img decoding=\"async\" src=\"https:\/\/stg-maryland211-staging.kinsta.cloud\/wp-content\/uploads\/2025\/08\/5-1-scaled.png\" alt=\"5\" itemprop=\"image\" height=\"692\" width=\"2560\" title=\"5\" onerror=\"this.style.display='none'\" loading=\"lazy\" \/>\n\t\t<p>Aw\u1ecdn o\u1e63i\u1e63\u1eb9 Maryland ti o padanu \u1eb9bi w\u1ecdn laisi \u1eb9bi tiw\u1ecdn le j\u1eb9 \u1eb9t\u1ecd fun aw\u1ecdn anfani alaini\u1e63\u1eb9. Eto naa pese aw\u1ecdn anfani i\u1e63eduro alaini\u1e63\u1eb9 fun igba di\u1eb9 (UI) lati r\u1ecdpo apakan ti owo-wiw\u1ecdle \u1ecdkan.<\/p>\n<p>Ni Maryland, aw\u1ecdn eniyan k\u1ecd\u1ecdkan gb\u1ecdd\u1ecd \u1e63aj\u1ecd ni \u1ecds\u1eb9 kan ati rii daju pe w\u1ecdn n wa i\u1e63\u1eb9 kan ni itara.<\/p>\n<p>K\u1ecd \u1eb9k\u1ecd bi o \u1e63e le lo fun aw\u1ecdn anfani, gba i\u1e63eduro ilera lakoko alaini\u1e63\u1eb9, ati bii o \u1e63e le beere aw\u1ecdn anfani lori aw\u1ecdn ipadab\u1ecd owo-ori.<\/p>\n\t\t\t<a href=\"#start\" target=\"_self\">\n\t\t\t\t\t\tB\u1eb9r\u1eb9\n\t\t\t\t\t<\/a>\n\t\t\t\t<img decoding=\"async\" src=\"https:\/\/211md.org\/wp-content\/plugins\/bb-plugin\/img\/pixel.png\" alt=\"\" itemprop=\"image\" onerror=\"this.style.display='none'\" loading=\"lazy\" \/>\n\t\t\t\t<img decoding=\"async\" src=\"https:\/\/stg-maryland211-staging.kinsta.cloud\/wp-content\/uploads\/2025\/08\/16.png\" alt=\"16\" itemprop=\"image\" height=\"1000\" width=\"1000\" title=\"16\" onerror=\"this.style.display='none'\" loading=\"lazy\" \/>\n\t\t\t\t<img decoding=\"async\" src=\"http:\/\/211md.org\/wp-content\/uploads\/2021\/05\/Girl-Looking-At-Phone-scaled.jpg\" alt=\"\u1eccm\u1ecdbinrin ti n wo foonu p\u1eb9lu iwe akiyesi ati pen\" itemprop=\"image\" title=\"Hispanic,Latin, \u1eccd\u1ecdm\u1ecdde,\u1eccd\u1ecdm\u1ecdb\u00ecnrin,K\u1ecdl\u1eb9\u1eb9j\u00ec,Akeko,Dimu,Foonuiyara,K\u1eb9k\u1ecd\u1ecd\" onerror=\"this.style.display='none'\" loading=\"lazy\" \/>\n<h2>Kini n\u1ecdmba alaini\u1e63\u1eb9 ni Maryland?<\/h2>\n<p>Aw\u1ecdn n\u1ecdmba alaini\u1e63\u1eb9 ak\u1ecdk\u1ecd meji wa. \u1ecckan j\u1eb9 oluranlowo laaye ati ekeji ni eto foonu IVR. O tun le b\u1eb9r\u1eb9 a <a href=\"http:\/\/www.labor.maryland.gov\/employment\/unemployment.shtml\" target=\"_blank\" rel=\"noopener\">iwiregbe p\u1eb9lu foju Iranl\u1ecdw\u1ecd<\/a>.<\/p>\n<p>Ibeere tuntun tabi fun alaye lori ibeere ti o wa t\u1eb9l\u1eb9:<\/p>\n<img loading=\"lazy\" decoding=\"async\" src=\"http:\/\/211md.org\/wp-content\/uploads\/2025\/08\/2025_MdInfoNet_Icon-Sets_Phone-400x400.png\" alt=\"Aami foonu\" width=\"50\" height=\"50\" \/>Pe<br \/>\n667-206-6520. Ij\u1eb9risi \u1eb9t\u1ecd \u1ecds\u1eb9, tun PIN kan, tabi \u1e63ay\u1eb9wo ipo sisanwo: ipe <img loading=\"lazy\" decoding=\"async\" src=\"http:\/\/211md.org\/wp-content\/uploads\/2025\/08\/2025_MdInfoNet_Icon-Sets_Phone-400x400.png\" alt=\"Aami foonu\" width=\"50\" height=\"50\" \/>Pe<br \/>\n410-949-0022.\n<p>&nbsp;<\/p>\n<p>A\u1e63ayan tun wa lati <a href=\"http:\/\/www.labor.maryland.gov\/employment\/officenum.shtml\" target=\"_blank\" rel=\"noopener\">iwiregbe online<\/a>.<\/p>\n<h3>Federal tiipa ati alaini\u1e63\u1eb9<\/h3>\n<p>Ti o ba j\u1eb9 o\u1e63i\u1e63\u1eb9 ij\u1ecdba apap\u1ecd, o le ni \u1eb9t\u1ecd fun alaini\u1e63\u1eb9 lakoko tiipa ij\u1ecdba. O da lori ipo r\u1eb9. <a href=\"https:\/\/labor.maryland.gov\/unemployment-insurance\/claimants\/federal-employees\/frequently-asked-questions.shtml\" target=\"_blank\" rel=\"noopener\">Aw\u1ecdn \u00ccb\u00e9\u00e8r\u00e8 Nigbagbogbo bi w\u1ecdnyi<\/a> lati \u1eb8ka I\u1e63\u1eb9 ti Maryland \u1e63e iranl\u1ecdw\u1ecd lati dahun aw\u1ecdn ibeere ti o w\u1ecdp\u1ecd nipa aw\u1ecdn anfani.<\/p>\n<p>A tun wa <a href=\"https:\/\/labor.maryland.gov\/federalworkers\/shutdownloan\/\" target=\"_blank\" rel=\"noopener\">Eto Awin Tiipa Federal<\/a> ti o pese awin $700 odo-anfani ti o san pada l\u1eb9hin tiipa ba pari ati isanwo pada ti gba.<\/p>\n<h3><b>Kini BEACON 2.0?<\/b><\/h3>\n<p>\u1eb8ka I\u1e63\u1eb9 ti Maryland, Pipin ti I\u1e63eduro Alaini\u1e63\u1eb9, lo eto ti a pe <a href=\"https:\/\/beacon.labor.maryland.gov\/beacon\/claimant-page.html\" target=\"_blank\" rel=\"noopener\">BEACON 2.0<\/a> lati \u1e63e iranl\u1ecdw\u1ecd fun Marylanders ni iforuk\u1ecdsil\u1eb9 fun aw\u1ecdn anfani alaini\u1e63\u1eb9 ati i\u1e63akoso aw\u1ecdn i\u1e63eduro i\u1e63eduro alaini\u1e63\u1eb9 (WEBCERT).<\/p>\n<h3>Aw\u1ecdn iwe a\u1e63\u1eb9 wo ni o nilo lati faili fun alaini\u1e63\u1eb9<\/h3>\n<p>\u1e62aaju \u1e63i\u1e63e iforuk\u1ecdsil\u1eb9 fun alaini\u1e63\u1eb9, \u1e63aj\u1ecd aw\u1ecdn iwe a\u1e63\u1eb9 ti ipinl\u1eb9 yoo nilo lati j\u1eb9risi ibeere r\u1eb9. Iw\u1ecdnyi p\u1eb9lu alaye ti ara \u1eb9ni ati itan-i\u1e63\u1eb9 i\u1e63\u1eb9 fun aw\u1ecdn o\u1e63u 18 s\u1eb9hin. Iw\u1ecd yoo nilo oruk\u1ecd, adir\u1eb9si, ati n\u1ecdmba foonu fun gbogbo aw\u1ecdn agbanisi\u1e63\u1eb9 r\u1eb9 ni akoko y\u1eb9n.<\/p>\n<p>Aw\u1ecdn olub\u1eb9w\u1eb9 le beere fun aw\u1ecdn iwe a\u1e63\u1eb9 bii:<\/p>\n<ul>\n<li>san stubs<\/li>\n<li>W-2<\/li>\n<li>1099 f\u1ecd\u1ecdmu<\/li>\n<li>owo-ori pada<\/li>\n<\/ul>\n<p><a href=\"http:\/\/www.labor.maryland.gov\/employment\/uiclaimdocs.pdf\" target=\"_blank\" rel=\"noopener\">K\u1ecd \u1eb9k\u1ecd nipa aw\u1ecdn iwe a\u1e63\u1eb9<\/a> ti o le nilo lati faili kan nipe.<\/p>\n<h3><b>Bii o \u1e63e le j\u1eb9ri \u1eb9t\u1ecd ni \u1ecds\u1eb9 k\u1ecd\u1ecdkan<\/b><\/h3>\n<p>Ni \u1ecds\u1eb9 k\u1ecd\u1ecdkan, aw\u1ecdn alanfani alaini\u1e63\u1eb9 nilo lati \u1e63aj\u1ecd iwe-\u1eb9ri \u1eb9t\u1ecd kan. O le \u1e63ee \u1e63e \u1ecdkan ninu aw\u1ecdn \u1ecdna m\u1eb9ta:<\/p>\n<ul>\n<li aria-level=\"1\">Iforuk\u1ecdsil\u1eb9 nipas\u1eb9\u00a0<a href=\"https:\/\/beacon.labor.maryland.gov\/beacon\/claimant-page.html\" target=\"_blank\" rel=\"noopener\">BEACON 2.0<\/a><\/li>\n<li aria-level=\"1\">Lilo ohun elo ti a pe ni \u201cAini\u1e63\u1eb9 MD fun Aw\u1ecdn olupe.\u201d Gba lati ayelujara lori aw\u1ecdn\u00a0<a href=\"https:\/\/bit.ly\/AppleMDBEACON\" target=\"_blank\" rel=\"noopener\">Apple iTunes itaja<\/a>\u00a0tabi\u00a0<a href=\"https:\/\/bit.ly\/GoogleMDBEACON\" target=\"_blank\" rel=\"noopener\">Google Play<\/a>.<\/li>\n<li aria-level=\"1\">Npe 410-949-0022<\/li>\n<\/ul>\n\t\t<h2><a href=\"https:\/\/labor.maryland.gov\/unemployment-insurance\/claimants\/job-search.shtml\" target=\"_blank\" rel=\"noopener\">Ti a beere os\u1eb9 Job Activites<\/a><\/h2><p>Lati t\u1eb9siwaju lati ni \u1eb9t\u1ecd fun aw\u1ecdn anfani alaini\u1e63\u1eb9, Marylanders gb\u1ecdd\u1ecd wa i\u1e63\u1eb9 kan ni itara.<\/p>\n<p>Ni \u1ecds\u1eb9 k\u1ecd\u1ecdkan, aw\u1ecdn ti n wa i\u1e63\u1eb9 gb\u1ecdd\u1ecd pari o kere ju aw\u1ecdn i\u1e63\u1eb9 igbanisise ti o wulo m\u1eb9ta. O kere ju \u1ecdkan gb\u1ecdd\u1ecd j\u1eb9 olubas\u1ecdr\u1ecd i\u1e63\u1eb9.<\/p>\n<p>Olubas\u1ecdr\u1ecd i\u1e63\u1eb9 ti o y\u1eb9 j\u1eb9 kikan si agbanisi\u1e63\u1eb9 ti o p\u1ecdju. O le wa ni eniyan, lori ayelujara tabi nipas\u1eb9 fax tabi imeeli.<\/p>\n<p>\u1eb8ka I\u1e63\u1eb9 ti Maryland ni atok\u1ecd ti aw\u1ecdn i\u1e63\u1eb9 \u1e63i\u1e63e ti o y\u1eb9 fun ibeere yii.<\/p>\n<p>&nbsp;<\/p>\n\t\t\t<a href=\"https:\/\/labor.maryland.gov\/unemployment-insurance\/claimants\/job-search.shtml\" target=\"_blank\" rel=\"noopener\">\n\t\t\t\t\t\t\tK\u1ecd \u1eb9k\u1ecd di\u1eb9 si\n\t\t\t\t\t<\/a>\n\t\t\t\t<a href=\"https:\/\/search.211md.org\/\" target=\"_blank\" rel=\"noopener\" itemprop=\"url\">\n\t\t\t\t<img decoding=\"async\" src=\"https:\/\/stg-maryland211-staging.kinsta.cloud\/wp-content\/uploads\/2025\/08\/2025_MdInfoNet_Icon-Sets-white_Locate.png\" alt=\"\" itemprop=\"image\" onerror=\"this.style.display='none'\" loading=\"lazy\" \/>\n\t\t\t\t<\/a>\n<h2><a href=\"https:\/\/search.211md.org\/\" target=\"_blank\" rel=\"noopener\">Wa Aw\u1ecdn orisun Bayi<\/a><\/h2><p>Wa <strong>awujo oro <\/strong>fun ounje, itoju ilera, ile ati siwaju sii ninu wa database. Wa nipas\u1eb9 koodu ZIP.<\/p>\n\t\t\t<a href=\"https:\/\/search.211md.org\/\" target=\"_blank\" rel=\"noopener\">\n\t\t\t\t\t\t\tWa Bayi\n\t\t\t<\/a>\n\t\t\t\t<img decoding=\"async\" src=\"http:\/\/211md.org\/wp-content\/uploads\/2025\/09\/person-doing-taxes.jpg\" alt=\"eniyan n ori, \u00e0gb\u00e1ye 1040 f\u1ecd\u1ecdmu\" itemprop=\"image\" title=\"eniyan n-ori\" onerror=\"this.style.display='none'\" loading=\"lazy\" \/>\n\t\t<h2>Bawo ni lati faili owo-ori lori alaini\u1e63\u1eb9<\/h2>\n<p>Nigbati o ba fi owo-ori sil\u1eb9, aw\u1ecdn olugba i\u1e63eduro alaini\u1e63\u1eb9 (UI) pese \u1eb9ri ti aw\u1ecdn anfani (owo) ti o gba p\u1eb9lu F\u1ecd\u1ecdm\u00f9 1099-G.<\/p>\n<h3>Kini F\u1ecd\u1ecdmu 1099-G?<\/h3>\n<p>F\u1ecd\u1ecdmu yii ni a pe ni Gb\u00f3l\u00f3h\u00f9n fun Aw\u1ecdn olugba ti Aw\u1ecdn sisanwo Ij\u1ecdba kan.<\/p>\n<p>F\u1ecd\u1ecdmu 1099-G p\u1eb9lu lapap\u1ecd anfani alaini\u1e63\u1eb9 Maryland fun \u1ecddun kal\u1eb9nda k\u1ecd\u1ecdkan.<\/p>\n<p>O le yat\u1ecd si ohun ti a gba fun aw\u1ecdn \u1ecds\u1eb9 (s) ti alaini\u1e63\u1eb9 ti o sanwo.<\/p>\n<p>Fun aw\u1ecdn ibeere, s\u1ecdr\u1ecd si olu\u1e63eto owo-ori. Aw\u1ecdn i\u1e63\u1eb9 igbaradi owo-ori \u1ecdf\u1eb9 wa ni Maryland fun aw\u1ecdn ti o y\u1eb9.<\/p>\n\t\t\t<a href=\"https:\/\/211md.org\/yo\/oro\/ori-awon-i%e1%b9%a3e\/\" target=\"_blank\" rel=\"noopener\">\n\t\t\t\t\t\t\tWa iranl\u1ecdw\u1ecd owo-ori \u1ecdf\u1eb9\n\t\t\t\t\t<\/a>\n\t<h2>Bii o \u1e63e le gba i\u1e63eduro ilera lakoko alaini\u1e63\u1eb9<\/h2>\n<p>Nigbati i\u1e63\u1eb9 kan ba s\u1ecdnu, aw\u1ecdn aibal\u1eb9 afikun wa ti o k\u1ecdja opin aw\u1ecdn isanwo isanwo. Kini nipa i\u1e63eduro ilera?<\/p>\n<p>Paapaa botil\u1eb9j\u1eb9pe i\u1e63\u1eb9 le pari p\u1eb9lu agbanisi\u1e63\u1eb9, aw\u1ecdn o\u1e63i\u1e63\u1eb9 i\u1e63aaju le j\u1eb9 \u1eb9t\u1ecd si:<\/p>\n<ul>\n<li>t\u1eb9siwaju i\u1e63eduro ilera w\u1ecdn lakoko ti ko ni i\u1e63\u1eb9 nipas\u1eb9 COBRA<\/li>\n<li>tabi ra i\u1e63eduro nipas\u1eb9 Maryland Health Asop\u1ecd<\/li>\n<\/ul>\n<p>K\u1ecd \u1eb9k\u1ecd nipa aw\u1ecdn a\u1e63ayan mejeeji.<\/p>\n<h3>Kini COBRA?<\/h3>\n<p>COBRA duro fun Ofin ilaja Isuna Omnibus I\u1e63\u1ecdkan.<\/p>\n<p>O j\u1eb9 oruk\u1ecd nla, \u1e63ugb\u1ecdn igbagbogbo t\u1ecdka si bi COBRA.<\/p>\n\t\t\t\t<img decoding=\"async\" src=\"http:\/\/211md.org\/wp-content\/uploads\/2022\/05\/woman-talking-to-her-doctor.jpg\" alt=\"obinrin s\u1ecdr\u1ecd si r\u1eb9 dokita\" itemprop=\"image\" title=\"obinrin-soro-si- r\u1eb9-dokita\" onerror=\"this.style.display='none'\" loading=\"lazy\" \/>\n\t<p>O fun aw\u1ecdn o\u1e63i\u1e63\u1eb9 ati aw\u1ecdn idile w\u1ecdn ni iraye si i\u1e63eduro ilera l\u1eb9hin pipar\u1eb9.<\/p>\n<p>COBRA wa ni igbagbogbo fun:<\/p>\n<ul>\n<li>aw\u1ecdn o\u1e63i\u1e63\u1eb9 ti a fi sil\u1eb9<\/li>\n<li>padanu ise won, bi gun bi nib\u1eb9 ni ko si gross iwa<\/li>\n<li>fun aw\u1ecdn \u1eb9ni-k\u1ecd\u1ecdkan ti o atinuwa fi i\u1e63\u1eb9 kan sil\u1eb9<\/li>\n<\/ul>\n<h4>Bawo ni COBRA \u1e63e p\u1eb9 to?<\/h4>\n<p>Aw\u1ecdn anfani ilera le t\u1eb9siwaju fun o kere ju o\u1e63u 18, ati to o\u1e63u 36 ni aw\u1ecdn igba miiran.<\/p>\n<h4>Kini iye owo naa?<\/h4>\n<p>O j\u1eb9 deede gbowolori di\u1eb9 sii ju Ere i\u1e63eduro ilera ti o san nigba ti o \u1e63i\u1e63\u1eb9 p\u1eb9lu ile-i\u1e63\u1eb9 naa.<\/p>\n<p>Nigba miiran idiyele naa ga pup\u1ecd. K\u00ed n\u00ecd\u00ed? Nitoripe agbanisi\u1e63\u1eb9 ko san owo kan ti i\u1e63eduro ilera m\u1ecd.<\/p>\n<p>Olukuluku ti n ra COBRA maa n san owo-ori i\u1e63eduro ni kikun.<\/p>\n<p>Soro si agbanisi\u1e63\u1eb9 i\u1e63aaju nipa boya COBRA wa lakoko ti ko ni i\u1e63\u1eb9.<\/p>\n<h3>Maryland Health Asop\u1ecd<\/h3>\n<p>Aw\u1ecdn eniyan ti ko ni i\u1e63\u1eb9 le beere fun agbegbe i\u1e63eduro nipas\u1eb9 Asop\u1ecd Ilera Maryland.<\/p>\n<p>Ka it\u1ecds\u1ecdna 211 si i\u1e63eduro ilera.<\/p>\n\t\t\t<a href=\"https:\/\/211md.org\/yo\/oro\/itoju-ilera\/ilera-moto\/\" target=\"_self\">\n\t\t\t\t\t\t\tK\u1ecd \u1eb9k\u1ecd nipa aw\u1ecdn a\u1e63ayan i\u1e63eduro ilera\n\t\t\t\t\t<\/a>\n\t\t\t\t<img decoding=\"async\" src=\"https:\/\/211md.org\/wp-content\/plugins\/bb-plugin\/img\/pixel.png\" alt=\"\" itemprop=\"image\" onerror=\"this.style.display='none'\" loading=\"lazy\" \/>\n\t\t\t\t<img decoding=\"async\" src=\"https:\/\/211md.org\/wp-content\/uploads\/bb-plugin\/cache\/Call-center-specialst-circle-4e9ecd7b3425be4576416abc911049bb-.jpg\" alt=\"Oloye ile-i\u1e63\u1eb9 ipe\" itemprop=\"image\" title=\"Ipe aarin pataki\" onerror=\"this.style.display='none'\" loading=\"lazy\" \/>\n<h2>T\u1eb9 211<\/h2><p>Soro si eniyan abojuto ati aanu 24\/7. W\u1ecdn tun le sop\u1ecd si aw\u1ecdn orisun.\u00a0<\/p>\n\t\t\t<a href=\"tel:%20+211\" target=\"_blank\" rel=\"noopener\">\n\t\t\t\t\t\tT\u1eb9 211 (alagbeka)\n\t\t\t\t\t<\/a>\n<h2>\n\t\t\tAlaye ti o j\u1ecdm\u1ecd lori Aw\u1ecdn iwulo I\u1e63\u1eb9\t<\/h2>\n\t\t<h4><a href=\"\/yo\/oro\/ailera-ti-ogbo\/?utm_source=Home&#038;utm_medium=Referral&#038;utm_campaign=211Resources&#038;utm_content=Aging\" target=\"_self\">Ti ogbo &amp; Alaabo<\/a><\/h4>\n\t\t\t\t<a href=\"\/yo\/oro\/ailera-ti-ogbo\/?utm_source=Home&#038;utm_medium=Referral&#038;utm_campaign=211Resources&#038;utm_content=Aging\"  target=\"_self\" itemprop=\"url\">\n\t\t\t\t<img decoding=\"async\" src=\"https:\/\/211md.org\/wp-content\/uploads\/bb-plugin\/cache\/2025_MdInfoNet_Icon-Sets_Aging-disability-square-c466727102cae71e5f27b8539bb51945-.png\" alt=\"\" itemprop=\"image\" onerror=\"this.style.display='none'\" loading=\"lazy\" \/>\n\t\t\t\t<\/a>\n\t\t<h4><a href=\"\/yo\/oro\/omo-idile\/?utm_source=Home&#038;utm_medium=Referral&#038;utm_campaign=211Resources&#038;utm_content=Children\" target=\"_self\">Aw\u1ecdn \u1ecdm\u1ecdde &amp; Aw\u1ecdn idile<\/a><\/h4>\n\t\t\t\t<a href=\"\/yo\/oro\/omo-idile\/?utm_source=Home&#038;utm_medium=Referral&#038;utm_campaign=211Resources&#038;utm_content=Children\"  target=\"_self\" itemprop=\"url\">\n\t\t\t\t<img decoding=\"async\" src=\"https:\/\/211md.org\/wp-content\/uploads\/bb-plugin\/cache\/2025_211_Icon-Sets_Child-care-square-f3b0d4edab3dcc467fadb5f55f4064c6-.png\" alt=\"2025_211_Icon Sets_Child itoju\" itemprop=\"image\" height=\"417\" width=\"417\" title=\"2025_211_Icon Sets_Child itoju\" onerror=\"this.style.display='none'\" loading=\"lazy\" \/>\n\t\t\t\t<\/a>\n\t\t<h4><a href=\"\/yo\/oro\/abele-ebi-iwa-ipa\/?utm_source=Home&#038;utm_medium=Referral&#038;utm_campaign=211Resources&#038;utm_content=Domestic\" target=\"_self\">Iwa-ipa Abele<\/a><\/h4>\n\t\t\t\t<a href=\"\/yo\/oro\/abele-ebi-iwa-ipa\/?utm_source=Home&#038;utm_medium=Referral&#038;utm_campaign=211Resources&#038;utm_content=Domestic\"  target=\"_self\" itemprop=\"url\">\n\t\t\t\t<img decoding=\"async\" src=\"https:\/\/211md.org\/wp-content\/uploads\/bb-plugin\/cache\/2025_211_Icon-Sets_Domestic-Violence-square-7b597694a6f05fe90cdc376aa573bc63-.png\" alt=\"Aami iwa-ipa ab\u1eb9le\" itemprop=\"image\" height=\"417\" width=\"417\" title=\"2025_211_Icon \u1e62eto_Iwa-ipa Abele\" onerror=\"this.style.display='none'\" loading=\"lazy\" \/>\n\t\t\t\t<\/a>\n\t\t<h4><a href=\"\/yo\/oro\/wiwa-oojo\/?utm_source=Home&#038;utm_medium=Referral&#038;utm_campaign=211Resources&#038;utm_content=Employment\" target=\"_self\">Igbanisise<\/a><\/h4>\n\t\t\t\t<a href=\"\/yo\/oro\/wiwa-oojo\/?utm_source=Home&#038;utm_medium=Referral&#038;utm_campaign=211Resources&#038;utm_content=Employment\"  target=\"_self\" itemprop=\"url\">\n\t\t\t\t<img decoding=\"async\" src=\"https:\/\/211md.org\/wp-content\/uploads\/bb-plugin\/cache\/2025_MdInfoNet_Icon-Sets_Employment-square-44707bd410e4df10a470bf130ebcea86-.png\" alt=\"\" itemprop=\"image\" onerror=\"this.style.display='none'\" loading=\"lazy\" \/>\n\t\t\t\t<\/a>\n\t\t<h4><a href=\"\/yo\/oro\/itoju-ilera\/?utm_source=Home&#038;utm_medium=Referral&#038;utm_campaign=211Resources&#038;utm_content=Health%20Care\" target=\"_self\">It\u1ecdju Ilera<\/a><\/h4>\n\t\t\t\t<a href=\"\/yo\/oro\/itoju-ilera\/?utm_source=Home&#038;utm_medium=Referral&#038;utm_campaign=211Resources&#038;utm_content=Health%20Care\"  target=\"_self\" itemprop=\"url\">\n\t\t\t\t<img decoding=\"async\" src=\"https:\/\/211md.org\/wp-content\/uploads\/bb-plugin\/cache\/2025_MdInfoNet_Icon-Sets_Health-Care-square-dee98a0060cbe0e7f27eda253fc12679-.png\" alt=\"\" itemprop=\"image\" onerror=\"this.style.display='none'\" loading=\"lazy\" \/>\n\t\t\t\t<\/a>\n\t\t<h4><a href=\"\/yo\/oro\/omo-idile\/itoju-ibatan\/?utm_source=Home&#038;utm_medium=Referral&#038;utm_campaign=211Resources&#038;utm_content=Kinship\" target=\"_self\">\u00ccb\u00e1tan<\/a><\/h4>\n\t\t\t\t<a href=\"\/yo\/oro\/omo-idile\/itoju-ibatan\/?utm_source=Home&#038;utm_medium=Referral&#038;utm_campaign=211Resources&#038;utm_content=Kinship\"  target=\"_self\" itemprop=\"url\">\n\t\t\t\t<img decoding=\"async\" src=\"https:\/\/211md.org\/wp-content\/uploads\/bb-plugin\/cache\/2025_211_Icon-Sets_Kinship-square-45bdf872866f5735f842c32071109267-.png\" alt=\"Aami ibatan\" itemprop=\"image\" height=\"417\" width=\"417\" title=\"2025_211_Icon Sets_Kinship\" onerror=\"this.style.display='none'\" loading=\"lazy\" \/>\n\t\t\t\t<\/a>\n\t\t<h4><a href=\"\/yo\/oro\/ofin-awon-i%e1%b9%a3e\/?utm_source=Home&#038;utm_medium=Referral&#038;utm_campaign=211Resources&#038;utm_content=Legal\" target=\"_self\">Aw\u1ecdn i\u1e63\u1eb9 ofin<\/a><\/h4>\n\t\t\t\t<a href=\"\/yo\/oro\/ofin-awon-i%e1%b9%a3e\/?utm_source=Home&#038;utm_medium=Referral&#038;utm_campaign=211Resources&#038;utm_content=Legal\"  target=\"_self\" itemprop=\"url\">\n\t\t\t\t<img decoding=\"async\" src=\"https:\/\/211md.org\/wp-content\/uploads\/bb-plugin\/cache\/2025_MdInfoNet_Icon-Sets_Legal-square-18fdf438feb8435588174d9046463257-.png\" alt=\"\" itemprop=\"image\" onerror=\"this.style.display='none'\" loading=\"lazy\" \/>\n\t\t\t\t<\/a>\n\t\t<h4><a href=\"\/yo\/oro\/opolo-ilera\/?utm_source=Home&#038;utm_medium=Referral&#038;utm_campaign=211Resources&#038;utm_content=Mental\" target=\"_self\">Opolo Health<\/a><\/h4>\n\t\t\t\t<a href=\"\/yo\/oro\/opolo-ilera\/?utm_source=Home&#038;utm_medium=Referral&#038;utm_campaign=211Resources&#038;utm_content=Mental\"  target=\"_self\" itemprop=\"url\">\n\t\t\t\t<img decoding=\"async\" src=\"https:\/\/211md.org\/wp-content\/uploads\/bb-plugin\/cache\/2025_MdInfoNet_Icon-Sets_Mental-Health-square-c59b38c4a993a947d4c9280fbe2d2fee-.png\" alt=\"\" itemprop=\"image\" onerror=\"this.style.display='none'\" loading=\"lazy\" \/>\n\t\t\t\t<\/a>\n\t\t<h4><a href=\"\/yo\/oro\/ogbon-inu\/?utm_source=Home&#038;utm_medium=Referral&#038;utm_campaign=211Resources&#038;utm_content=Reentry\" target=\"_self\">Atunw\u1ecdle<\/a><\/h4>\n\t\t\t\t<a href=\"\/yo\/oro\/ogbon-inu\/?utm_source=Home&#038;utm_medium=Referral&#038;utm_campaign=211Resources&#038;utm_content=Reentry\"  target=\"_self\" itemprop=\"url\">\n\t\t\t\t<img decoding=\"async\" src=\"https:\/\/211md.org\/wp-content\/uploads\/bb-plugin\/cache\/2025_211_Icon-Sets_Reentry-square-8676fea38abd920a832f45642fe31cca-.png\" alt=\"Aami iw\u1ecdle\" itemprop=\"image\" height=\"417\" width=\"417\" title=\"2025_211_Icon Sets_Reentry\" onerror=\"this.style.display='none'\" loading=\"lazy\" \/>\n\t\t\t\t<\/a>\n\t\t<h4><a href=\"\/yo\/oro\/lilo-nkan-elo\/?utm_source=Home&#038;utm_medium=Referral&#038;utm_campaign=211Resources&#038;utm_content=Substance\" target=\"_self\">Ohun elo Lilo<\/a><\/h4>\n\t\t\t\t<a href=\"\/yo\/oro\/lilo-nkan-elo\/?utm_source=Home&#038;utm_medium=Referral&#038;utm_campaign=211Resources&#038;utm_content=Substance\"  target=\"_self\" itemprop=\"url\">\n\t\t\t\t<img decoding=\"async\" src=\"https:\/\/211md.org\/wp-content\/uploads\/bb-plugin\/cache\/2025_MdInfoNet_Icon-Sets_Substance-Abuse-square-9022fec9d18a64118ad685c101885b55-.png\" alt=\"\" itemprop=\"image\" onerror=\"this.style.display='none'\" loading=\"lazy\" \/>\n\t\t\t\t<\/a>\n\t\t<h4><a href=\"\/yo\/oro\/ogbo\/?utm_source=Home&#038;utm_medium=Referral&#038;utm_campaign=211Resources&#038;utm_content=Veterans\" target=\"_self\">Ogbo<\/a><\/h4>\n\t\t\t\t<a href=\"\/yo\/oro\/ogbo\/?utm_source=Home&#038;utm_medium=Referral&#038;utm_campaign=211Resources&#038;utm_content=Veterans\"  target=\"_self\" itemprop=\"url\">\n\t\t\t\t<img decoding=\"async\" src=\"https:\/\/211md.org\/wp-content\/uploads\/bb-plugin\/cache\/2025_MdInfoNet_Icon-Sets_Rating-square-6e60d00cce4faa8e0a6d4ad7366aa733-.png\" alt=\"\" itemprop=\"image\" onerror=\"this.style.display='none'\" loading=\"lazy\" \/>\n\t\t\t\t<\/a>","protected":false},"excerpt":{"rendered":"<p>Aw\u1ecdn o\u1e63i\u1e63\u1eb9 Maryland ti o padanu \u1eb9bi w\u1ecdn laisi \u1eb9bi tiw\u1ecdn le j\u1eb9 \u1eb9t\u1ecd fun aw\u1ecdn anfani alaini\u1e63\u1eb9. Eto naa pese aw\u1ecdn anfani i\u1e63eduro alaini\u1e63\u1eb9 fun igba di\u1eb9 (UI) lati r\u1ecdpo apakan ti owo-wiw\u1ecdle \u1ecdkan. Ni Maryland, aw\u1ecdn eniyan k\u1ecd\u1ecdkan gb\u1ecdd\u1ecd \u1e63aj\u1ecd ni \u1ecds\u1eb9 kan ati rii daju pe w\u1ecdn n wa i\u1e63\u1eb9 kan ni itara. K\u1ecd \u1eb9k\u1ecd bii o \u1e63e le lo fun aw\u1ecdn anfani, gba i\u1e63eduro ilera\u2026<\/p>","protected":false},"author":8,"featured_media":33905,"parent":924,"menu_order":0,"comment_status":"closed","ping_status":"closed","template":"","meta":{"footnotes":""},"class_list":["post-985","page","type-page","status-publish","has-post-thumbnail","hentry"],"_links":{"self":[{"href":"https:\/\/211md.org\/yo\/wp-json\/wp\/v2\/pages\/985","targetHints":{"allow":["GET"]}}],"collection":[{"href":"https:\/\/211md.org\/yo\/wp-json\/wp\/v2\/pages"}],"about":[{"href":"https:\/\/211md.org\/yo\/wp-json\/wp\/v2\/types\/page"}],"author":[{"embeddable":true,"href":"https:\/\/211md.org\/yo\/wp-json\/wp\/v2\/users\/8"}],"replies":[{"embeddable":true,"href":"https:\/\/211md.org\/yo\/wp-json\/wp\/v2\/comments?post=985"}],"version-history":[{"count":5,"href":"https:\/\/211md.org\/yo\/wp-json\/wp\/v2\/pages\/985\/revisions"}],"predecessor-version":[{"id":34019,"href":"https:\/\/211md.org\/yo\/wp-json\/wp\/v2\/pages\/985\/revisions\/34019"}],"up":[{"embeddable":true,"href":"https:\/\/211md.org\/yo\/wp-json\/wp\/v2\/pages\/924"}],"wp:featuredmedia":[{"embeddable":true,"href":"https:\/\/211md.org\/yo\/wp-json\/wp\/v2\/media\/33905"}],"wp:attachment":[{"href":"https:\/\/211md.org\/yo\/wp-json\/wp\/v2\/media?parent=985"}],"curies":[{"name":"wp","href":"https:\/\/api.w.org\/{rel}","templated":true}]}}