{"id":991,"date":"2021-04-16T17:42:02","date_gmt":"2021-04-16T17:42:02","guid":{"rendered":"https:\/\/211md.org\/?page_id=991"},"modified":"2025-12-01T10:13:33","modified_gmt":"2025-12-01T15:13:33","slug":"wic","status":"publish","type":"page","link":"https:\/\/211md.org\/yo\/resources\/food\/wic\/","title":{"rendered":"Bawo ni WIC Maryland \u1e62e Iranl\u1ecdw\u1ecd Aw\u1ecdn Obirin, Aw\u1ecdn \u1ecdm\u1ecdde ati Aw\u1ecdn \u1ecdm\u1ecdde P\u1eb9lu Ounje"},"content":{"rendered":"<img decoding=\"async\" src=\"https:\/\/stg-maryland211-staging.kinsta.cloud\/wp-content\/uploads\/2025\/08\/5-1-scaled.png\" alt=\"5\" itemprop=\"image\" height=\"692\" width=\"2560\" title=\"5\" onerror=\"this.style.display='none'\" loading=\"lazy\" \/>\n\t\t<p>WIC n pese aw\u1ecdn iwe-\u1eb9ri ounj\u1eb9 si aw\u1ecdn iya ti o y\u1eb9 lati wa, aw\u1ecdn iya tuntun ti n \u1e63e it\u1ecdju, ati aw\u1ecdn \u1ecdm\u1ecdde ti o to \u1ecddun 5.<\/p>\n<p>K\u1ecd \u1eb9k\u1ecd nipa yiy\u1eb9 ni ki o ni asop\u1ecd si eto ounj\u1eb9 yii ati aw\u1ecdn miiran.<\/p>\n\t\t\t<a href=\"#start\" target=\"_self\">\n\t\t\t\t\t\tB\u1eb9r\u1eb9\n\t\t\t\t\t<\/a>\n\t\t\t\t<img decoding=\"async\" src=\"https:\/\/211md.org\/wp-content\/plugins\/bb-plugin\/img\/pixel.png\" alt=\"\" itemprop=\"image\" onerror=\"this.style.display='none'\" loading=\"lazy\" \/>\n\t\t\t\t<img decoding=\"async\" src=\"https:\/\/stg-maryland211-staging.kinsta.cloud\/wp-content\/uploads\/2025\/08\/16.png\" alt=\"16\" itemprop=\"image\" height=\"1000\" width=\"1000\" title=\"16\" onerror=\"this.style.display='none'\" loading=\"lazy\" \/>\n\t\t\t\t<img decoding=\"async\" src=\"https:\/\/211md.org\/wp-content\/uploads\/2021\/05\/Woman-Feeding-Baby.png\" alt=\"Iya ti n fun \u1ecdm\u1ecd tuntun\" itemprop=\"image\" height=\"348\" width=\"460\" title=\"Obinrin ono Omo\" onerror=\"this.style.display='none'\" loading=\"lazy\" \/>\n\t<h2>WIC Maryland<\/h2>\n<p>Maryland WIC nfunni ni aw\u1ecdn iwe-\u1eb9ri ounj\u1eb9, \u1eb9k\u1ecd ij\u1eb9\u1eb9mu, ati atil\u1eb9yin \u1ecdm\u1ecd-\u1ecdmu.<\/p>\n<p>Eto iranl\u1ecdw\u1ecd ni idojuk\u1ecd lori ounj\u1eb9 to dara jul\u1ecd ati \u1ecdj\u1ecd iwaju didan fun aw\u1ecdn \u1ecdm\u1ecdde.<\/p>\n<p>Eto naa tun le so aw\u1ecdn obinrin ati aw\u1ecdn \u1ecdm\u1ecdde p\u1ecd si aw\u1ecdn i\u1e63\u1eb9 miiran.\u00a0<\/p>\n<h3>Kini o le ra p\u1eb9lu WIC?<\/h3>\n<p>Aw\u1ecdn kaadi WIC le \u1e63ee lo lati ra aw\u1ecdn ohun elo bii:<\/p>\n<ul>\n<li>alabapade unr\u1eb9r\u1eb9<\/li>\n<li>\u1eb9f\u1ecd<\/li>\n<li>ounje omo<\/li>\n<li>wara<\/li>\n<li>eyin<\/li>\n<li>aw\u1ecdn ewa<\/li>\n<li>warankasi<\/li>\n<\/ul>\n<p>Ni ibamu si aw\u1ecdn\u00a0<a href=\"https:\/\/health.maryland.gov\/phpa\/wic\/Pages\/participants.aspx\" target=\"_blank\" rel=\"noopener\">\u1eb8ka Ilera ti Maryland<\/a>, ju idaji aw\u1ecdn \u1ecdm\u1ecd ikoko ti a bi ni Am\u1eb9rika wa lori WIC.\u00a0<\/p>\n\t\t\t\t<a href=\"https:\/\/search.211md.org\/\" target=\"_blank\" rel=\"noopener\" itemprop=\"url\">\n\t\t\t\t<img decoding=\"async\" src=\"https:\/\/stg-maryland211-staging.kinsta.cloud\/wp-content\/uploads\/2025\/08\/2025_MdInfoNet_Icon-Sets-white_Locate.png\" alt=\"\" itemprop=\"image\" onerror=\"this.style.display='none'\" loading=\"lazy\" \/>\n\t\t\t\t<\/a>\n<h2><a href=\"https:\/\/search.211md.org\/\" target=\"_blank\" rel=\"noopener\">Wa Aw\u1ecdn orisun Bayi<\/a><\/h2><p>Wa <strong>awujo oro <\/strong>fun ounje, itoju ilera, ile ati siwaju sii ninu wa database. Wa nipas\u1eb9 koodu ZIP.<\/p>\n\t\t\t<a href=\"https:\/\/search.211md.org\/\" target=\"_blank\" rel=\"noopener\">\n\t\t\t\t\t\t\tWa Bayi\n\t\t\t<\/a>\n\t\t\t\t<img decoding=\"async\" src=\"http:\/\/211md.org\/wp-content\/uploads\/2025\/09\/Child-eating-food.jpg\" alt=\"\u1eccm\u1ecd ti nj\u1eb9 ounj\u1eb9\" itemprop=\"image\" title=\"\u1eccm\u1ecd ti nj\u1eb9 ounj\u1eb9\" onerror=\"this.style.display='none'\" loading=\"lazy\" \/>\n\t<h3>Tani Ni \u1eb9t\u1ecd Fun WIC Ni Maryland?<\/h3>\n<p>Lati beere fun WIC iw\u1ecd yoo nilo lati pade aw\u1ecdn it\u1ecdnis\u1ecdna afij\u1eb9\u1eb9ri ati \u1e63eto ipinnu lati pade p\u1eb9lu ile-i\u1e63\u1eb9 WIC ti agbegbe r\u1eb9.<\/p>\n<p>O le bere fun Maryland WIC ti o ba:<\/p>\n<ul>\n<li>Gbe ni Maryland<\/li>\n<li>Iw\u1ecd ni:\n<ul>\n<li>Aboyun<\/li>\n<li>Mama tuntun (to o\u1e63u m\u1eb9fa l\u1eb9hin ibim\u1ecd)<\/li>\n<li>Fifun \u1ecdm\u1ecd (lati \u1ecddun kan l\u1eb9hin ibim\u1ecd)<\/li>\n<li>\u00cck\u00f3k\u00f3<\/li>\n<li>\u1eccm\u1ecd lab\u1eb9 marun<\/li>\n<\/ul>\n<\/li>\n<li>Pade\u00a0<a href=\"https:\/\/health.maryland.gov\/phpa\/wic\/Documents\/certification\/O-00%20Income%20Guidelines%20E_S%20Current.pdf\" target=\"_blank\" rel=\"noopener\">owo oya it\u1ecdnis\u1ecdna<\/a><\/li>\n<li>Ni iwulo ij\u1eb9\u1eb9mu<\/li>\n<\/ul>\n<p>Ti o ba pade aw\u1ecdn afij\u1eb9\u1eb9ri w\u1ecdnyi, o le gba aw\u1ecdn anfani WIC laibikita i\u1e63\u1eb9 tabi ipo ti ara \u1eb9ni. O le \u1e63e deede paapaa ti o ba n \u1e63i\u1e63\u1eb9, alaini\u1e63\u1eb9, iyawo, ap\u1ecdn, ni ile tabi gbe p\u1eb9lu aw\u1ecdn \u1ecdr\u1eb9.<\/p>\n<p>Aw\u1ecdn iya, aw\u1ecdn baba, aw\u1ecdn obi obi ati aw\u1ecdn alagbat\u1ecd le beere fun aw\u1ecdn anfani fun aw\u1ecdn \u1ecdm\u1ecdde lab\u1eb9 \u1ecddun marun.<\/p>\n<p>&nbsp;<\/p>\n\t\t\n\t\t<h2>Maryland WIC Ohun elo<\/h2>\n<p>Lati b\u1eb9r\u1eb9 p\u1eb9lu ohun elo WIC Maryland, iw\u1ecd yoo nilo lati \u1e63eto ipinnu lati pade p\u1eb9lu ile-i\u1e63\u1eb9 WIC ti agbegbe r\u1eb9.\u00a0<\/p>\n<p>Iw\u1ecd yoo nilo lati mu \u1eb9ri ti owo-wiw\u1ecdle ile, \u1eb9ri idanim\u1ecd, \u1eb9ri adir\u1eb9si r\u1eb9 ati boya \u1eb9ri oyun, aw\u1ecdn igbasil\u1eb9 ajesara fun \u1ecdm\u1ecd r\u1eb9 tabi it\u1ecdkasi kan.<\/p>\n<h3>Kan si WIC<\/h3>\n<ul>\n<li>Pe 1-800-242-4942 <\/li>\n<li>Imeeli MDH.WIC@Maryland.gov<\/li>\n<li>L\u1ecd si \u1ecdfiisi agbegbe kan<\/li>\n<\/ul>\n\t\t\t<a href=\"https:\/\/phpa.health.maryland.gov\/wic\/Pages\/wic-apply.aspx\" target=\"_blank\" rel=\"noopener\">\n\t\t\t\t\t\t\tSop\u1ecd p\u1eb9lu WIC\n\t\t\t\t\t<\/a>\n\t\t\t\t<img decoding=\"async\" src=\"https:\/\/211md.org\/wp-content\/plugins\/bb-plugin\/img\/pixel.png\" alt=\"\" itemprop=\"image\" onerror=\"this.style.display='none'\" loading=\"lazy\" \/>\n\t\t\t\t<img decoding=\"async\" src=\"https:\/\/211md.org\/wp-content\/uploads\/bb-plugin\/cache\/Call-center-specialst-circle-eeffe277a2415307db9e1df3ed658a58-.jpg\" alt=\"Oloye ile-i\u1e63\u1eb9 ipe\" itemprop=\"image\" height=\"800\" width=\"1200\" title=\"Ipe aarin pataki\" onerror=\"this.style.display='none'\" loading=\"lazy\" \/>\n<h2>T\u1eb9 211<\/h2><p>Soro si eniyan abojuto ati aanu 24\/7. W\u1ecdn tun le sop\u1ecd si aw\u1ecdn orisun.<\/p>\n<p>T\u1eb9 211 tabi lori alagbeka, t\u1eb9 b\u1ecdtini ni isal\u1eb9.<\/p>\n\t\t\t<a href=\"tel:%20+211\" target=\"_blank\" rel=\"noopener\">\n\t\t\t\t\t\tT\u1eb9 211\n\t\t\t\t\t<\/a>\n\t\t\t\t<img decoding=\"async\" src=\"http:\/\/211md.org\/wp-content\/uploads\/2025\/09\/Maryland-WIC-App-Screenshots.jpg\" alt=\"Maryland WIC App Sikirinisoti\" itemprop=\"image\" title=\"Maryland WIC App Sikirinisoti\" onerror=\"this.style.display='none'\" loading=\"lazy\" \/>\n<h3>Ohun elo WIC<\/h3>\n<p>Ohun elo \u1ecdf\u1eb9 tun wa lati so \u1ecd p\u1ecd si aw\u1ecdn anfani WIC ni Maryland. O le wo aw\u1ecdn ipinnu lati pade ti n b\u1ecd, aw\u1ecdn anfani ounj\u1eb9, \u1e63ay\u1eb9wo aw\u1ecdn UPC lakoko rira \u1ecdja lati rii boya \u1ecdja naa j\u1eb9 if\u1ecdw\u1ecdsi WIC, ati rii aw\u1ecdn ipo itaja WIC ati aw\u1ecdn ile-iwosan WIC jakejado Maryland.<\/p>\n\t\t\t<a href=\"https:\/\/phpa.health.maryland.gov\/wic\/Pages\/wic-apply.aspx\" target=\"_blank\" rel=\"noopener\">\n\t\t\t\t\t\t\u1e62e igbasil\u1eb9 lori apple\n\t\t\t\t\t<\/a>\n\t\t\t<a href=\"https:\/\/play.google.com\/store\/apps\/details?id=com.sigmasoftware.mdwic&#038;hl=en_US\" target=\"_blank\" rel=\"noopener\">\n\t\t\t\t\t\t\u1e62e igbasil\u1eb9 lori Android\n\t\t\t\t\t<\/a>\n<h2>\n\t\t\tGba Alaye di\u1eb9 sii lori Ounje ati Aw\u1ecdn \u1ecdm\u1ecd w\u1eb9w\u1eb9\t<\/h2>\n\t\t<h4><a href=\"\/yo\/oro\/ailera-ti-ogbo\/?utm_source=Home&#038;utm_medium=Referral&#038;utm_campaign=211Resources&#038;utm_content=Aging\" target=\"_self\">Ti ogbo &amp; Alaabo<\/a><\/h4>\n\t\t\t\t<a href=\"\/yo\/oro\/ailera-ti-ogbo\/?utm_source=Home&#038;utm_medium=Referral&#038;utm_campaign=211Resources&#038;utm_content=Aging\"  target=\"_self\" itemprop=\"url\">\n\t\t\t\t<img decoding=\"async\" src=\"https:\/\/211md.org\/wp-content\/uploads\/bb-plugin\/cache\/2025_MdInfoNet_Icon-Sets_Aging-disability-square-c466727102cae71e5f27b8539bb51945-.png\" alt=\"\" itemprop=\"image\" onerror=\"this.style.display='none'\" loading=\"lazy\" \/>\n\t\t\t\t<\/a>\n\t\t<h4><a href=\"\/yo\/oro\/omo-idile\/?utm_source=Home&#038;utm_medium=Referral&#038;utm_campaign=211Resources&#038;utm_content=Children\" target=\"_self\">Aw\u1ecdn \u1ecdm\u1ecdde &amp; Aw\u1ecdn idile<\/a><\/h4>\n\t\t\t\t<a href=\"\/yo\/oro\/omo-idile\/?utm_source=Home&#038;utm_medium=Referral&#038;utm_campaign=211Resources&#038;utm_content=Children\"  target=\"_self\" itemprop=\"url\">\n\t\t\t\t<img decoding=\"async\" src=\"https:\/\/211md.org\/wp-content\/uploads\/bb-plugin\/cache\/2025_211_Icon-Sets_Child-care-square-f3b0d4edab3dcc467fadb5f55f4064c6-.png\" alt=\"parent and child icon for child care\" itemprop=\"image\" height=\"417\" width=\"417\" title=\"2025_211_Icon Sets_Child itoju\" onerror=\"this.style.display='none'\" loading=\"lazy\" \/>\n\t\t\t\t<\/a>\n\t\t<h4><a href=\"\/yo\/oro\/abele-ebi-iwa-ipa\/?utm_source=Home&#038;utm_medium=Referral&#038;utm_campaign=211Resources&#038;utm_content=Domestic\" target=\"_self\">Iwa-ipa Abele<\/a><\/h4>\n\t\t\t\t<a href=\"\/yo\/oro\/abele-ebi-iwa-ipa\/?utm_source=Home&#038;utm_medium=Referral&#038;utm_campaign=211Resources&#038;utm_content=Domestic\"  target=\"_self\" itemprop=\"url\">\n\t\t\t\t<img decoding=\"async\" src=\"https:\/\/211md.org\/wp-content\/uploads\/bb-plugin\/cache\/2025_211_Icon-Sets_Domestic-Violence-square-7b597694a6f05fe90cdc376aa573bc63-.png\" alt=\"Aami iwa-ipa ab\u1eb9le\" itemprop=\"image\" height=\"417\" width=\"417\" title=\"2025_211_Icon \u1e62eto_Iwa-ipa Abele\" onerror=\"this.style.display='none'\" loading=\"lazy\" \/>\n\t\t\t\t<\/a>\n\t\t<h4><a href=\"\/yo\/oro\/wiwa-oojo\/?utm_source=Home&#038;utm_medium=Referral&#038;utm_campaign=211Resources&#038;utm_content=Employment\" target=\"_self\">Igbanisise<\/a><\/h4>\n\t\t\t\t<a href=\"\/yo\/oro\/wiwa-oojo\/?utm_source=Home&#038;utm_medium=Referral&#038;utm_campaign=211Resources&#038;utm_content=Employment\"  target=\"_self\" itemprop=\"url\">\n\t\t\t\t<img decoding=\"async\" src=\"https:\/\/211md.org\/wp-content\/uploads\/bb-plugin\/cache\/2025_MdInfoNet_Icon-Sets_Employment-square-44707bd410e4df10a470bf130ebcea86-.png\" alt=\"\" itemprop=\"image\" onerror=\"this.style.display='none'\" loading=\"lazy\" \/>\n\t\t\t\t<\/a>\n\t\t<h4><a href=\"\/yo\/oro\/itoju-ilera\/?utm_source=Home&#038;utm_medium=Referral&#038;utm_campaign=211Resources&#038;utm_content=Health%20Care\" target=\"_self\">It\u1ecdju Ilera<\/a><\/h4>\n\t\t\t\t<a href=\"\/yo\/oro\/itoju-ilera\/?utm_source=Home&#038;utm_medium=Referral&#038;utm_campaign=211Resources&#038;utm_content=Health%20Care\"  target=\"_self\" itemprop=\"url\">\n\t\t\t\t<img decoding=\"async\" src=\"https:\/\/211md.org\/wp-content\/uploads\/bb-plugin\/cache\/2025_MdInfoNet_Icon-Sets_Health-Care-square-dee98a0060cbe0e7f27eda253fc12679-.png\" alt=\"\" itemprop=\"image\" onerror=\"this.style.display='none'\" loading=\"lazy\" \/>\n\t\t\t\t<\/a>\n\t\t<h4><a href=\"\/yo\/oro\/omo-idile\/itoju-ibatan\/?utm_source=Home&#038;utm_medium=Referral&#038;utm_campaign=211Resources&#038;utm_content=Kinship\" target=\"_self\">\u00ccb\u00e1tan<\/a><\/h4>\n\t\t\t\t<a href=\"\/yo\/oro\/omo-idile\/itoju-ibatan\/?utm_source=Home&#038;utm_medium=Referral&#038;utm_campaign=211Resources&#038;utm_content=Kinship\"  target=\"_self\" itemprop=\"url\">\n\t\t\t\t<img decoding=\"async\" src=\"https:\/\/211md.org\/wp-content\/uploads\/bb-plugin\/cache\/2025_211_Icon-Sets_Kinship-square-45bdf872866f5735f842c32071109267-.png\" alt=\"Aami ibatan\" itemprop=\"image\" height=\"417\" width=\"417\" title=\"2025_211_Icon Sets_Kinship\" onerror=\"this.style.display='none'\" loading=\"lazy\" \/>\n\t\t\t\t<\/a>\n\t\t<h4><a href=\"\/yo\/oro\/ofin-awon-i%e1%b9%a3e\/?utm_source=Home&#038;utm_medium=Referral&#038;utm_campaign=211Resources&#038;utm_content=Legal\" target=\"_self\">Aw\u1ecdn i\u1e63\u1eb9 ofin<\/a><\/h4>\n\t\t\t\t<a href=\"\/yo\/oro\/ofin-awon-i%e1%b9%a3e\/?utm_source=Home&#038;utm_medium=Referral&#038;utm_campaign=211Resources&#038;utm_content=Legal\"  target=\"_self\" itemprop=\"url\">\n\t\t\t\t<img decoding=\"async\" src=\"https:\/\/211md.org\/wp-content\/uploads\/bb-plugin\/cache\/2025_MdInfoNet_Icon-Sets_Legal-square-18fdf438feb8435588174d9046463257-.png\" alt=\"\" itemprop=\"image\" onerror=\"this.style.display='none'\" loading=\"lazy\" \/>\n\t\t\t\t<\/a>\n\t\t<h4><a href=\"\/yo\/oro\/opolo-ilera\/?utm_source=Home&#038;utm_medium=Referral&#038;utm_campaign=211Resources&#038;utm_content=Mental\" target=\"_self\">Opolo Health<\/a><\/h4>\n\t\t\t\t<a href=\"\/yo\/oro\/opolo-ilera\/?utm_source=Home&#038;utm_medium=Referral&#038;utm_campaign=211Resources&#038;utm_content=Mental\"  target=\"_self\" itemprop=\"url\">\n\t\t\t\t<img decoding=\"async\" src=\"https:\/\/211md.org\/wp-content\/uploads\/bb-plugin\/cache\/2025_MdInfoNet_Icon-Sets_Mental-Health-square-c59b38c4a993a947d4c9280fbe2d2fee-.png\" alt=\"\" itemprop=\"image\" onerror=\"this.style.display='none'\" loading=\"lazy\" \/>\n\t\t\t\t<\/a>\n\t\t<h4><a href=\"\/yo\/oro\/ogbon-inu\/?utm_source=Home&#038;utm_medium=Referral&#038;utm_campaign=211Resources&#038;utm_content=Reentry\" target=\"_self\">Atunw\u1ecdle<\/a><\/h4>\n\t\t\t\t<a href=\"\/yo\/oro\/ogbon-inu\/?utm_source=Home&#038;utm_medium=Referral&#038;utm_campaign=211Resources&#038;utm_content=Reentry\"  target=\"_self\" itemprop=\"url\">\n\t\t\t\t<img decoding=\"async\" src=\"https:\/\/211md.org\/wp-content\/uploads\/bb-plugin\/cache\/2025_211_Icon-Sets_Reentry-square-8676fea38abd920a832f45642fe31cca-.png\" alt=\"Aami iw\u1ecdle\" itemprop=\"image\" height=\"417\" width=\"417\" title=\"2025_211_Icon Sets_Reentry\" onerror=\"this.style.display='none'\" loading=\"lazy\" \/>\n\t\t\t\t<\/a>\n\t\t<h4><a href=\"\/yo\/oro\/lilo-nkan-elo\/?utm_source=Home&#038;utm_medium=Referral&#038;utm_campaign=211Resources&#038;utm_content=Substance\" target=\"_self\">Ohun elo Lilo<\/a><\/h4>\n\t\t\t\t<a href=\"\/yo\/oro\/lilo-nkan-elo\/?utm_source=Home&#038;utm_medium=Referral&#038;utm_campaign=211Resources&#038;utm_content=Substance\"  target=\"_self\" itemprop=\"url\">\n\t\t\t\t<img decoding=\"async\" src=\"https:\/\/211md.org\/wp-content\/uploads\/bb-plugin\/cache\/2025_MdInfoNet_Icon-Sets_Substance-Abuse-square-9022fec9d18a64118ad685c101885b55-.png\" alt=\"\" itemprop=\"image\" onerror=\"this.style.display='none'\" loading=\"lazy\" \/>\n\t\t\t\t<\/a>\n\t\t<h4><a href=\"\/yo\/oro\/ogbo\/?utm_source=Home&#038;utm_medium=Referral&#038;utm_campaign=211Resources&#038;utm_content=Veterans\" target=\"_self\">Ogbo<\/a><\/h4>\n\t\t\t\t<a href=\"\/yo\/oro\/ogbo\/?utm_source=Home&#038;utm_medium=Referral&#038;utm_campaign=211Resources&#038;utm_content=Veterans\"  target=\"_self\" itemprop=\"url\">\n\t\t\t\t<img decoding=\"async\" src=\"https:\/\/211md.org\/wp-content\/uploads\/bb-plugin\/cache\/2025_MdInfoNet_Icon-Sets_Rating-square-6e60d00cce4faa8e0a6d4ad7366aa733-.png\" alt=\"\" itemprop=\"image\" onerror=\"this.style.display='none'\" loading=\"lazy\" \/>\n\t\t\t\t<\/a>","protected":false},"excerpt":{"rendered":"<p>WIC n pese aw\u1ecdn iwe-\u1eb9ri ounj\u1eb9 si aw\u1ecdn iya ti o y\u1eb9 lati wa, aw\u1ecdn iya tuntun ti n \u1e63e it\u1ecdju, ati aw\u1ecdn \u1ecdm\u1ecdde ti o to \u1ecddun 5. K\u1ecd \u1eb9k\u1ecd nipa yiy\u1eb9 ni yiyan ati ni asop\u1ecd si eto ounj\u1eb9 yii ati aw\u1ecdn miiran. B\u1eb9r\u1eb9 WIC Maryland WIC n funni ni aw\u1ecdn iwe-\u1eb9ri ounj\u1eb9, \u1eb9k\u1ecd ounj\u1eb9 ounj\u1eb9, ati atil\u1eb9yin \u1ecdm\u1ecd-\u1ecdmu. Eto iranl\u1ecdw\u1ecd naa dojuk\u1ecd ounj\u1eb9 to dara jul\u1ecd ati \u1ecdj\u1ecd iwaju didan fun\u2026<\/p>","protected":false},"author":8,"featured_media":33737,"parent":746,"menu_order":0,"comment_status":"closed","ping_status":"closed","template":"","meta":{"footnotes":""},"class_list":["post-991","page","type-page","status-publish","has-post-thumbnail","hentry"],"_links":{"self":[{"href":"https:\/\/211md.org\/yo\/wp-json\/wp\/v2\/pages\/991","targetHints":{"allow":["GET"]}}],"collection":[{"href":"https:\/\/211md.org\/yo\/wp-json\/wp\/v2\/pages"}],"about":[{"href":"https:\/\/211md.org\/yo\/wp-json\/wp\/v2\/types\/page"}],"author":[{"embeddable":true,"href":"https:\/\/211md.org\/yo\/wp-json\/wp\/v2\/users\/8"}],"replies":[{"embeddable":true,"href":"https:\/\/211md.org\/yo\/wp-json\/wp\/v2\/comments?post=991"}],"version-history":[{"count":11,"href":"https:\/\/211md.org\/yo\/wp-json\/wp\/v2\/pages\/991\/revisions"}],"predecessor-version":[{"id":34179,"href":"https:\/\/211md.org\/yo\/wp-json\/wp\/v2\/pages\/991\/revisions\/34179"}],"up":[{"embeddable":true,"href":"https:\/\/211md.org\/yo\/wp-json\/wp\/v2\/pages\/746"}],"wp:featuredmedia":[{"embeddable":true,"href":"https:\/\/211md.org\/yo\/wp-json\/wp\/v2\/media\/33737"}],"wp:attachment":[{"href":"https:\/\/211md.org\/yo\/wp-json\/wp\/v2\/media?parent=991"}],"curies":[{"name":"wp","href":"https:\/\/api.w.org\/{rel}","templated":true}]}}