{"id":999,"date":"2021-04-16T18:11:18","date_gmt":"2021-04-16T18:11:18","guid":{"rendered":"https:\/\/211md.org\/?page_id=999"},"modified":"2025-09-07T20:53:11","modified_gmt":"2025-09-08T00:53:11","slug":"ooru-awon-eto","status":"publish","type":"page","link":"https:\/\/211md.org\/yo\/resources\/children-families\/summer-programs\/","title":{"rendered":"Aw\u1ecdn ibudo Ooru, Aw\u1ecdn eto ati Atil\u1eb9yin Ounj\u1eb9 fun Aw\u1ecdn \u1ecdm\u1ecdde"},"content":{"rendered":"<p>\u1e62e o n iyal\u1eb9nu bi o \u1e63e le j\u1eb9 ki \u1ecdm\u1ecd r\u1eb9 \u1e63i\u1e63\u1eb9 l\u1ecdw\u1ecd lakoko ti w\u1ecdn wa ni isinmi igba ooru? Aw\u1ecdn eto ere idaraya \u1ecdf\u1eb9 tabi iye owo kekere wa ni agbegbe r\u1eb9.\u00a0\u00a0<\/p>\n<p>\u1eccp\u1ecdl\u1ecdp\u1ecd aw\u1ecdn papa itura agbegbe ati aw\u1ecdn apa ere idaraya ati aw\u1ecdn ajo pese aw\u1ecdn eto ati aw\u1ecdn ibudo lati j\u1eb9 ki aw\u1ecdn \u1ecdm\u1ecdde \u1e63i\u1e63\u1eb9 lakoko ooru ni \u1ecdna igbadun ati ikopa.<\/p>\n<h2>Wa a Maryland ooru ibud\u00f3<\/h2>\n<p><a href=\"https:\/\/search.211md.org\/search?query=PL-6400.1500-820&amp;query_type=taxonomy&amp;query_label=&amp;query_language=en\" target=\"_blank\" rel=\"noopener\">211 ni aaye data ti o f\u1eb9r\u1eb9 to aw\u1ecdn ibudo igba ooru 200 ati aw\u1ecdn orisun<\/a>. O le wa nipas\u1eb9 ilu tabi koodu ZIP, ede, ati \u1ecdj\u1ecd ori \u1ecdm\u1ecd naa. <\/p>\n<p>Atok\u1ecd yii p\u1eb9lu Aw\u1ecdn itura &amp; aw\u1ecdn eto ere idaraya, YMCA ati aw\u1ecdn \u1eb9gb\u1eb9 miiran. Ibi data 211 naa tun p\u1eb9lu aw\u1ecdn orisun ibud\u00f3 bii Baltimore Family Alliance Summer Camp Directory, eyiti o ni aw\u1ecdn ibudo ni agbegbe Baltimore. O gb\u1ecdd\u1ecd pese oruk\u1ecd r\u1eb9 ati imeeli lati \u1e63e igbasil\u1eb9 naa <a href=\"https:\/\/www.baltimorefamilies.org\/summer-camp-directory.html\" target=\"_blank\" rel=\"noopener\">Baltimore ooru ibud\u00f3 liana<\/a>.<\/p>\n<p>O tun le wa aw\u1ecdn ibudo ooru ati rii daju pe eyi ti o yan ni iwe-a\u1e63\u1eb9, p\u1eb9lu aw\u1ecdn <a href=\"https:\/\/mdhyouthcamps.force.com\/CampSearch\/s\/\" target=\"_blank\" rel=\"noopener\">Maryland Department of Health ibud\u00f3 database<\/a>. \u1eb8ka data ti Ilera gba \u1ecd laaye lati wa nipas\u1eb9 oruk\u1ecd ibud\u00f3, n\u1ecdmba iwe-a\u1e63\u1eb9 tabi agbegbe.<\/p>\n\t\t\t\t<img decoding=\"async\" src=\"https:\/\/211md.org\/wp-content\/uploads\/2021\/05\/Diverse-Children.png\" alt=\"\u1eb8gb\u1eb9 kan ti aw\u1ecdn \u1ecdm\u1ecd w\u1eb9w\u1eb9 p\u1eb9lu \u1ecdw\u1ecd dide ati rerin\" itemprop=\"image\" height=\"348\" width=\"460\" title=\"Oniruuru Children\" onerror=\"this.style.display='none'\" loading='lazy' \/>\n\t<h3>Aw\u1ecdn eto imudara<\/h3>\n<p>211 tun pese atok\u1ecd ti aw\u1ecdn eto imudara \u1ecdd\u1ecd fun igba ooru. Iw\u1ecdnyi le p\u1eb9lu ik\u1eb9k\u1ecd, aw\u1ecdn i\u1e63\u1eb9 ik\u1eb9k\u1ecd, atil\u1eb9yin \u1eb9k\u1ecd, ati aw\u1ecdn eto pataki miiran. <a href=\"https:\/\/search.211md.org\/search?query=PL-6400.1500-820&amp;query_type=taxonomy&amp;query_label=&amp;query_language=en\" target=\"_blank\" rel=\"noopener\">Wa aw\u1ecdn eto imudara ninu aaye data orisun gbogbo ipinl\u1eb9 wa<\/a>.<\/p>\n<h4>Aw\u1ecdn atil\u1eb9yin miiran fun aw\u1ecdn \u1ecdm\u1ecdde<\/h4>\n<p>211 tun ni aw\u1ecdn ohun elo fun aw\u1ecdn \u1ecdm\u1ecdde ti o le \u1e63e iranl\u1ecdw\u1ecd p\u1eb9lu ik\u1eb9k\u1ecd tabi idam\u1ecdran. A tun ni wiwa fun aw\u1ecdn ile-iwe gbogbogbo. \u1e62ay\u1eb9wo p\u1eb9lu agbegbe ile-iwe agbegbe lati rii boya w\u1ecdn ni eto igba ooru tabi ile-iwe igba ooru.<\/p>\n<p>O tun le t\u1eb9 211 nigbagbogbo fun iranl\u1ecdw\u1ecd wiwa ibud\u00f3 ooru tabi eto.<\/p>\n<p>Wa fun:<\/p>\n<ul>\n<li><a href=\"https:\/\/search.211md.org\/search?query=HL-8700&amp;query_type=taxonomy&amp;query_label=&amp;query_language=en\" target=\"_blank\" rel=\"noopener\">Aw\u1ecdn i\u1e63\u1eb9 ik\u1eb9k\u1ecd<\/a><\/li>\n<li><a href=\"https:\/\/search.211md.org\/search?query=HD-8000&amp;query_type=taxonomy&amp;query_label=&amp;query_language=en\" target=\"_blank\" rel=\"noopener\">Aw\u1ecdn ile-iwe ti gbogbo eniyan<\/a><\/li>\n<li><a href=\"https:\/\/search.211md.org\/search?query=PH-1400.5000-100&amp;query_type=taxonomy&amp;query_label=&amp;query_language=en\" target=\"_blank\" rel=\"noopener\">Aw\u1ecdn Eto It\u1ecdnis\u1ecdna Agba\/\u1eccm\u1ecd<\/a><\/li>\n<\/ul>\n\t<h2><b>Ounj\u1eb9 Fun Aw\u1ecdn \u1ecdm\u1ecdde \u1eccj\u1ecd-ori Ile-iwe Lakoko Ooru<\/b>\u00a0<\/h2>\n<p>\u1eccp\u1ecdl\u1ecdp\u1ecd aw\u1ecdn agbegbe ile-iwe nfunni ni aw\u1ecdn ounj\u1eb9 ti o ni ilera fun aw\u1ecdn \u1ecdm\u1ecdde ni akoko ooru g\u1eb9g\u1eb9bi il\u1ecdsiwaju ti aw\u1ecdn i\u1e63\u1eb9 ti a n\u1e63e ni \u1ecddun ile-iwe. O ko nilo lati foruk\u1ecdsil\u1eb9 tabi pese idanim\u1ecd lati gba ounj\u1eb9 fun aw\u1ecdn \u1ecdm\u1ecdde 18 ati lab\u1eb9.\u00a0<\/p>\n<p>Aw\u1ecdn eto wa ni igbagbogbo ni ile-ikawe, ile-iwe, agbari ti o da lori igbagb\u1ecd, ile-i\u1e63\u1eb9 ere idaraya tabi alaba\u1e63ep\u1ecd agbegbe miiran.<\/p>\n<p><a href=\"https:\/\/mars.msde.maryland.gov\/mars_sitesearch\/\" target=\"_blank\" rel=\"noopener\">Wa aaye ounje igba ooru nitosi r\u1eb9<\/a>.\u00a0<\/p>\n<h3>Summer Sun \u1eb9tu<\/h3>\n<p>Bib\u1eb9r\u1eb9 \u1ecddun yii, eto EBT Ooru yoo tun wa ti a m\u1ecd si <a href=\"https:\/\/www.fns.usda.gov\/summer\/sunbucks\" target=\"_blank\" rel=\"noopener\">Aw\u1ecdn \u1eb9tu SUN<\/a> lati dinku ebi ooru.<\/p>\n<p>Aw\u1ecdn idile ti o ni \u1eb9t\u1ecd yoo gba $120 fun \u1ecdm\u1ecd kan lati \u1e63e iranl\u1ecdw\u1ecd lati ra aw\u1ecdn ounj\u1eb9 fun aw\u1ecdn \u1ecdm\u1ecd w\u1ecdn ni akoko ooru nigbati ile-iwe ba wa ni pipade. Pup\u1ecd jul\u1ecd aw\u1ecdn idile Maryland yoo foruk\u1ecdsil\u1eb9 laif\u1ecdw\u1ecdyi. O ko ni lati lo ti o ba:<\/p>\n<ul>\n<li>\u00ecd\u00edl\u00e9 gba \u1ecd\u0300f\u1eb9\u0301 t\u00e0b\u00ed o\u00fanj\u1eb9 il\u00e9 \u1eb9\u0300k\u1ecd\u0301 t\u00ed \u00f3 d\u00ednk\u00f9<\/li>\n<li>idile \u1e63e alabapin ninu SNAP (aw\u1ecdn ont\u1eb9 ounj\u1eb9), Iranl\u1ecdw\u1ecd Owo Owo Igba di\u1eb9 (TCA) tabi Medikedi<\/li>\n<li>Aw\u1ecdn \u1ecdm\u1ecdde wa ni abojuto abojuto, aini ile, a\u1e63ikiri tabi sal\u1ecd<\/li>\n<\/ul>\n<p>Eto naa nireti lati \u1e63e iranl\u1ecdw\u1ecd ifunni aw\u1ecdn \u1ecdm\u1ecdde 50,000 ni gbogbo ipinl\u1eb9 naa.<\/p>\n<p>Eyi j\u1eb9 anfani ile ounj\u1eb9 ti ij\u1ecdba ti \u1e63e inawo. Ni O\u1e63u Keje, O\u1e63u Keje ati O\u1e63u K\u1eb9j\u1ecd, aw\u1ecdn idile yoo gba $40 ni o\u1e63u kan ($120 lapap\u1ecd) fun \u1ecdm\u1ecd ile-iwe ti o y\u1eb9. Aw\u1ecdn owo naa pari aw\u1ecdn \u1ecdj\u1ecd 122 l\u1eb9hin ti w\u1ecdn ti gbejade ati pe ko le tun gbejade.<\/p>\n<p>K\u1ecd \u1eb9k\u1ecd di\u1eb9 sii nipa <a href=\"https:\/\/dhs.maryland.gov\/sunbucks\/\" target=\"_blank\" rel=\"noopener\">Summer Sun \u1eb9tu ni Maryland<\/a>.<\/p>\n\t\t\t\t<img decoding=\"async\" src=\"http:\/\/211md.org\/wp-content\/uploads\/2024\/04\/School-aged-children-getting-free-lunch.jpg\" alt=\"Aw\u1ecdn \u1ecdm\u1ecdde ori ile-iwe n gba ounj\u1eb9 \u1ecdsan \u1ecdf\u1eb9\" itemprop=\"image\" title=\"Aw\u1ecdn \u1ecdm\u1ecdde ori ile-iwe n gba ounj\u1eb9 \u1ecdsan \u1ecdf\u1eb9\" onerror=\"this.style.display='none'\" loading='lazy' \/>\n<h2>Alaye ti o j\u1ecdm\u1ecd<\/h2>\n<p><a title=\"Jije Obi\" href=\"https:\/\/211md.org\/yo\/oro\/omo-idile\/jije-obi\/\">Atil\u1eb9yin obi<\/a><\/p>\n<p><a title=\"Nini \u1eccm\u1ecd\" href=\"https:\/\/211md.org\/yo\/oro\/omo-idile\/nini-omo\/\">Nini \u1eccm\u1ecd<\/a><\/p>\n<p><a href=\"https:\/\/211md.org\/yo\/oro\/ounje\/wic\/\">Aw\u1ecdn Obirin, Aw\u1ecdn \u1ecdm\u1ecdde ati Aw\u1ecdn \u1ecdm\u1ecdde (WIC)<\/a><\/p>\n<p><a title=\"ACEs\" href=\"https:\/\/211md.org\/yo\/oro\/omo-idile\/aces\/\">ACEs<\/a><\/p>\n<p><a title=\"Omo Mi Ko Dari\" href=\"https:\/\/211md.org\/yo\/oro\/omo-idile\/awon-iwa-omo\/\">Aw\u1ecdn iwa \u1ecdm\u1ecd<\/a><\/p>\n<p><a href=\"https:\/\/211md.org\/yo\/oro\/omo-idile\/itoju-ibatan\/\" target=\"_blank\" rel=\"noopener\">It\u1ecdju ibatan<\/a><\/p>\n<p><a href=\"https:\/\/211md.org\/yo\/oro\/omo-idile\/ibatan-ibatan\/\" target=\"_blank\" rel=\"noopener\">Lil\u1ecd kiri ibatan<\/a><\/p>\n<h2>\n\t\t\tWa Oro\t<\/h2>\n\t\t\t\t<a href=\"\/yo\/oro\/ailera-ti-ogbo\/\"  target=\"_self\" itemprop=\"url\">\n\t\t\t\t<img decoding=\"async\" src=\"https:\/\/211md.org\/wp-content\/uploads\/bb-plugin\/cache\/Mask-Group-41@2x-circle-73eaadba4cad8269faa4720e25cf1c85-.png\" alt=\"\u1eb8s\u1eb9 ti agbalagba obirin ati \u1ecdm\u1ecddebinrin ti nrin pap\u1ecd\" itemprop=\"image\" height=\"500\" width=\"500\" title=\"Aw\u1ecdn i\u1e63\u1eb9 ailera\" onerror=\"this.style.display='none'\" loading='lazy' \/>\n\t\t\t\t<\/a>\n\t\t<h3><a href=\"\/yo\/oro\/ailera-ti-ogbo\/\" target=\"_self\">Ti ogbo &amp; Alaabo<\/a><\/h3>\t\n\t\t\t\t<a href=\"\/yo\/oro\/omo-idile\/\"  target=\"_self\" itemprop=\"url\">\n\t\t\t\t<img decoding=\"async\" src=\"https:\/\/211md.org\/wp-content\/uploads\/bb-plugin\/cache\/Mask-Group-38@2x-circle-ac40d46265fbec62083cd27f6dcf23b0-.png\" alt=\"\u1eccd\u1ecdm\u1ecdkunrin ati \u1ecdm\u1ecddebinrin kan n r\u1eb9rin mus\u1eb9 ati wiwo kam\u1eb9ra naa\" itemprop=\"image\" height=\"500\" width=\"500\" title=\"\u1eb8gb\u1eb9 boju 38@2x\" onerror=\"this.style.display='none'\" loading='lazy' \/>\n\t\t\t\t<\/a>\n\t\t<h3><a href=\"\/yo\/oro\/omo-idile\/\" target=\"_self\">Aw\u1ecdn \u1ecdm\u1ecdde &amp; Aw\u1ecdn idile<\/a><\/h3>\t\n\t\t\t\t<a href=\"\/yo\/oro\/abele-ebi-iwa-ipa\/\"  target=\"_self\" itemprop=\"url\">\n\t\t\t\t<img decoding=\"async\" src=\"https:\/\/211md.org\/wp-content\/uploads\/bb-plugin\/cache\/Mask-Group-39@2x-circle-b2589197a13c791d910f46dd10b27a87-.png\" alt=\"\u1eccw\u1ecd meji meji di ara w\u1ecdn mu\" itemprop=\"image\" height=\"500\" width=\"500\" title=\"\u1eb8gb\u1eb9 boju 39@2x\" onerror=\"this.style.display='none'\" loading='lazy' \/>\n\t\t\t\t<\/a>\n\t\t<h3><a href=\"\/yo\/oro\/abele-ebi-iwa-ipa\/\" target=\"_self\">Abele \/ \u00ccd\u00edl\u00e9 Iwa-ipa<\/a><\/h3>\t\n\t\t\t\t<a href=\"\/yo\/oro\/wiwa-oojo\/\"  target=\"_self\" itemprop=\"url\">\n\t\t\t\t<img decoding=\"async\" src=\"https:\/\/211md.org\/wp-content\/uploads\/bb-plugin\/cache\/Employment-circle-bf72562329e950df948954f5d3f44b2e-.png\" alt=\"Mekaniki \u1ecdk\u1ecd ay\u1ecdk\u1eb9l\u1eb9 kan\" itemprop=\"image\" height=\"500\" width=\"500\" title=\"Igbanisise\" onerror=\"this.style.display='none'\" loading='lazy' \/>\n\t\t\t\t<\/a>\n\t\t<h3><a href=\"\/yo\/oro\/wiwa-oojo\/\" target=\"_self\">Igbanisise<\/a><\/h3>\t\n\t\t\t\t<a href=\"\/yo\/oro\/itoju-ilera\/\"  target=\"_self\" itemprop=\"url\">\n\t\t\t\t<img decoding=\"async\" src=\"https:\/\/211md.org\/wp-content\/uploads\/bb-plugin\/cache\/Mask-Group-35@2x-circle-94be10c13e4adae1683b4589dc2f5b2f-.png\" alt=\"Dokita ti n wo \u1eb9s\u1eb9 aw\u1ecdn \u1ecdm\u1ecdkunrin\" itemprop=\"image\" height=\"500\" width=\"500\" title=\"\u1eb8gb\u1eb9 boju 35@2x\" onerror=\"this.style.display='none'\" loading='lazy' \/>\n\t\t\t\t<\/a>\n\t\t<h3><a href=\"\/yo\/oro\/itoju-ilera\/\" target=\"_self\">It\u1ecdju Ilera<\/a><\/h3>\t\n\t\t\t\t<a href=\"\/yo\/oro\/ounje\/\"  target=\"_self\" itemprop=\"url\">\n\t\t\t\t<img decoding=\"async\" src=\"https:\/\/211md.org\/wp-content\/uploads\/bb-plugin\/cache\/Mask-Group-32@2x-circle-1c6d647dcaf998fa079d26735cedc92b-.png\" alt=\"Aw\u1ecdn \u1eb9f\u1ecd titun\" itemprop=\"image\" height=\"500\" width=\"500\" title=\"\u1eb8gb\u1eb9 boju 32@2x\" onerror=\"this.style.display='none'\" loading='lazy' \/>\n\t\t\t\t<\/a>\n\t\t<h3><a href=\"\/yo\/oro\/ounje\/\" target=\"_self\">Ounj\u1eb9<\/a><\/h3>\t\n\t\t\t\t<a href=\"\/yo\/oro\/ibugbe-ibugbe\/\"  target=\"_self\" itemprop=\"url\">\n\t\t\t\t<img decoding=\"async\" src=\"https:\/\/211md.org\/wp-content\/uploads\/bb-plugin\/cache\/Mask-Group-34@2x-circle-b99c55fc16ef21f35e2f2a1f7cc37b9a-.png\" alt=\"Iy\u1eb9wu eka balikoni\" itemprop=\"image\" height=\"500\" width=\"500\" title=\"Iy\u1eb9wu-Complex\" onerror=\"this.style.display='none'\" loading='lazy' \/>\n\t\t\t\t<\/a>\n\t\t<h3><a href=\"\/yo\/oro\/ibugbe-ibugbe\/\" target=\"_self\">Ibugbe &amp; Koseemani<\/a><\/h3>\t\n\t\t\t\t<a href=\"\/yo\/oro\/tuntun-si-wa-ati-maryland\/\"  target=\"_self\" itemprop=\"url\">\n\t\t\t\t<img decoding=\"async\" src=\"https:\/\/211md.org\/wp-content\/uploads\/bb-plugin\/cache\/American-flag-circle-0016cc327e27ef7aeb080f1da6c6e98b-.jpg\" alt=\"titun si United States\" itemprop=\"image\" height=\"364\" width=\"1366\" title=\"American-flag\" onerror=\"this.style.display='none'\" loading='lazy' \/>\n\t\t\t\t<\/a>\n\t\t<h3><a href=\"\/yo\/oro\/tuntun-si-wa-ati-maryland\/\" target=\"_self\">I\u1e63il\u1ecd<\/a><\/h3>\t\n\t\t\t\t<a href=\"\/yo\/oro\/omo-idile\/itoju-ibatan\/\"  target=\"_self\" itemprop=\"url\">\n\t\t\t\t<img decoding=\"async\" src=\"https:\/\/211md.org\/wp-content\/uploads\/bb-plugin\/cache\/kinship-family-navigating-a-computer-circle-045fee9d587aefb20221bfea41a2cf9b-.png\" alt=\"ibatan idile lil\u1ecd kiri k\u1ecdmputa kan\" itemprop=\"image\" title=\"ibatan idile lil\u1ecd kiri k\u1ecdmputa kan\" onerror=\"this.style.display='none'\" loading='lazy' \/>\n\t\t\t\t<\/a>\n\t\t<h3><a href=\"\/yo\/oro\/omo-idile\/itoju-ibatan\/\" target=\"_self\">\u00ccb\u00e1tan<\/a><\/h3>\t\n\t\t\t\t<a href=\"\/yo\/oro\/ofin-awon-i%e1%b9%a3e\/\"  target=\"_self\" itemprop=\"url\">\n\t\t\t\t<img decoding=\"async\" src=\"https:\/\/211md.org\/wp-content\/uploads\/bb-plugin\/cache\/Housing-Legal-circle-9a8f3c1c72c54b6e1ce612d2993c1ad4-.png\" alt=\"Ofin gavel p\u1eb9lu kan ike awo\u1e63e ti a ile t\u00f3k\u00e0n si o\" itemprop=\"image\" height=\"348\" width=\"460\" title=\"Ofin Ile\" onerror=\"this.style.display='none'\" loading='lazy' \/>\n\t\t\t\t<\/a>\n\t\t<h3><a href=\"\/yo\/oro\/ofin-awon-i%e1%b9%a3e\/\" target=\"_self\">Aw\u1ecdn i\u1e63\u1eb9 ofin<\/a><\/h3>\t\n\t\t\t\t<a href=\"\/yo\/oro\/opolo-ilera\/\"  target=\"_self\" itemprop=\"url\">\n\t\t\t\t<img decoding=\"async\" src=\"https:\/\/211md.org\/wp-content\/uploads\/bb-plugin\/cache\/Mask-Group-40@2x-circle-7bd9426367852fb3d841bc4bdc57a550-.png\" alt=\"Aw\u1ecdn profaili ti \u1ecdkunrin kan ati obinrin\" itemprop=\"image\" height=\"500\" width=\"500\" title=\"\u1eb8gb\u1eb9 boju 40@2x\" onerror=\"this.style.display='none'\" loading='lazy' \/>\n\t\t\t\t<\/a>\n\t\t<h3><a href=\"\/yo\/oro\/opolo-ilera\/\" target=\"_self\">Opolo Health<\/a><\/h3>\t\n\t\t\t\t<a href=\"\/yo\/oro\/ogbon-inu\/\"  target=\"_self\" itemprop=\"url\">\n\t\t\t\t<img decoding=\"async\" src=\"https:\/\/211md.org\/wp-content\/uploads\/bb-plugin\/cache\/Diverse-group-of-community-members-circle-4457c114cd48613bc79a0fb50060319c-.jpg\" alt=\"\u1eb8gb\u1eb9 Oniruuru ti aw\u1ecdn \u1ecdm\u1ecd \u1eb9gb\u1eb9 agbegbe\" itemprop=\"image\" height=\"800\" width=\"1200\" title=\"\u1eb8gb\u1eb9 Oniruuru ti aw\u1ecdn \u1ecdm\u1ecd \u1eb9gb\u1eb9 agbegbe\" onerror=\"this.style.display='none'\" loading='lazy' \/>\n\t\t\t\t<\/a>\n\t\t<h3><a href=\"\/yo\/oro\/ogbon-inu\/\" target=\"_self\">Atunw\u1ecdle<\/a><\/h3>\t\n\t\t\t\t<a href=\"\/yo\/ikorira\/\"  target=\"_self\" itemprop=\"url\">\n\t\t\t\t<img decoding=\"async\" src=\"https:\/\/211md.org\/wp-content\/uploads\/bb-plugin\/cache\/Background-section-MDStophate-circle-08e2bae1cf9f2ad6cc83e01e23da8cb9-.jpg\" alt=\"Background-apakan-MDStophate\" itemprop=\"image\" height=\"768\" width=\"1366\" title=\"Background-apakan-MDStophate\" onerror=\"this.style.display='none'\" loading='lazy' \/>\n\t\t\t\t<\/a>\n\t\t<h3><a href=\"\/yo\/ikorira\/\" target=\"_self\">Duro Ikorira<\/a><\/h3>\t\n\t\t\t\t<a href=\"\/yo\/oro\/lilo-nkan-elo\/\"  target=\"_self\" itemprop=\"url\">\n\t\t\t\t<img decoding=\"async\" src=\"https:\/\/211md.org\/wp-content\/uploads\/bb-plugin\/cache\/Substance-Use-circle-ad2d564932dc31267e0c32a6fb2d915c-.png\" alt=\"Aw\u1ecdn oogun fif\u1ecd \u1ecdw\u1ecd\" itemprop=\"image\" height=\"500\" width=\"500\" title=\"Nkan-Lilo\" onerror=\"this.style.display='none'\" loading='lazy' \/>\n\t\t\t\t<\/a>\n\t\t<h3><a href=\"\/yo\/oro\/lilo-nkan-elo\/\" target=\"_self\">Ohun elo Lilo<\/a><\/h3>\t\n\t\t\t\t<a href=\"\/yo\/oro\/ori-awon-i%e1%b9%a3e\/\"  target=\"_self\" itemprop=\"url\">\n\t\t\t\t<img decoding=\"async\" src=\"https:\/\/211md.org\/wp-content\/uploads\/bb-plugin\/cache\/Mask-Group-34-circle-166a606e37e61188c9a17d5e634cda3c-.png\" alt=\"Eniyan \u00e0gb\u00e1ye jade owo oya-ori iwe\" itemprop=\"image\" height=\"500\" width=\"500\" title=\"\u1eb8gb\u1eb9 iboju 34\" onerror=\"this.style.display='none'\" loading='lazy' \/>\n\t\t\t\t<\/a>\n\t\t<h3><a href=\"\/yo\/oro\/ori-awon-i%e1%b9%a3e\/\" target=\"_self\">Aw\u1ecdn i\u1e63\u1eb9-ori<\/a><\/h3>\t\n\t\t\t\t<a href=\"\/yo\/oro\/iranlowo-ohun-elo\/\"  target=\"_self\" itemprop=\"url\">\n\t\t\t\t<img decoding=\"async\" src=\"https:\/\/211md.org\/wp-content\/uploads\/bb-plugin\/cache\/Mask-Group-37@2x-circle-9661a11b9c4082079c9a1f06bc539567-.png\" alt=\"Atupa ina soke\" itemprop=\"image\" height=\"500\" width=\"500\" title=\"\u1eb8gb\u1eb9 boju 37@2x\" onerror=\"this.style.display='none'\" loading='lazy' \/>\n\t\t\t\t<\/a>\n\t\t<h3><a href=\"\/yo\/oro\/iranlowo-ohun-elo\/\" target=\"_self\">Iranl\u1ecdw\u1ecd IwUlO<\/a><\/h3>\t\n\t\t\t\t<a href=\"\/yo\/oro\/ogbo\/\"  target=\"_self\" itemprop=\"url\">\n\t\t\t\t<img decoding=\"async\" src=\"https:\/\/211md.org\/wp-content\/uploads\/bb-plugin\/cache\/Veterans-circle-7c6972a59826c74f1f658f61df785fc3-.png\" alt=\"\u1eccm\u1ecd-ogun ti nm\u00ec \u1ecdw\u1ecd \u1eb9nikan ti o r\u1eb9rin mus\u1eb9\" itemprop=\"image\" title=\"Ogbo\" onerror=\"this.style.display='none'\" loading='lazy' \/>\n\t\t\t\t<\/a>\n\t\t<h3><a href=\"\/yo\/oro\/ogbo\/\" target=\"_self\">Ogbo<\/a><\/h3>","protected":false},"excerpt":{"rendered":"<p>\u1e62e o n iyal\u1eb9nu bi o \u1e63e le j\u1eb9 ki \u1ecdm\u1ecd r\u1eb9 \u1e63i\u1e63\u1eb9 l\u1ecdw\u1ecd lakoko ti w\u1ecdn wa ni isinmi igba ooru? Aw\u1ecdn eto ere idaraya \u1ecdf\u1eb9 tabi iye owo kekere wa ni agbegbe r\u1eb9.  \u1eccp\u1ecdl\u1ecdp\u1ecd aw\u1ecdn papa itura agbegbe ati aw\u1ecdn apa ere idaraya ati aw\u1ecdn ajo pese aw\u1ecdn eto ati aw\u1ecdn ibudo lati j\u1eb9 ki aw\u1ecdn \u1ecdm\u1ecdde \u1e63i\u1e63\u1eb9 lakoko ooru ni \u1ecdna igbadun ati ikopa. Wa igba ooru Maryland kan\u2026<\/p>","protected":false},"author":8,"featured_media":3225,"parent":839,"menu_order":0,"comment_status":"closed","ping_status":"closed","template":"","meta":{"footnotes":""},"class_list":["post-999","page","type-page","status-publish","has-post-thumbnail","hentry"],"_links":{"self":[{"href":"https:\/\/211md.org\/yo\/wp-json\/wp\/v2\/pages\/999","targetHints":{"allow":["GET"]}}],"collection":[{"href":"https:\/\/211md.org\/yo\/wp-json\/wp\/v2\/pages"}],"about":[{"href":"https:\/\/211md.org\/yo\/wp-json\/wp\/v2\/types\/page"}],"author":[{"embeddable":true,"href":"https:\/\/211md.org\/yo\/wp-json\/wp\/v2\/users\/8"}],"replies":[{"embeddable":true,"href":"https:\/\/211md.org\/yo\/wp-json\/wp\/v2\/comments?post=999"}],"version-history":[{"count":2,"href":"https:\/\/211md.org\/yo\/wp-json\/wp\/v2\/pages\/999\/revisions"}],"predecessor-version":[{"id":4679,"href":"https:\/\/211md.org\/yo\/wp-json\/wp\/v2\/pages\/999\/revisions\/4679"}],"up":[{"embeddable":true,"href":"https:\/\/211md.org\/yo\/wp-json\/wp\/v2\/pages\/839"}],"wp:featuredmedia":[{"embeddable":true,"href":"https:\/\/211md.org\/yo\/wp-json\/wp\/v2\/media\/3225"}],"wp:attachment":[{"href":"https:\/\/211md.org\/yo\/wp-json\/wp\/v2\/media?parent=999"}],"curies":[{"name":"wp","href":"https:\/\/api.w.org\/{rel}","templated":true}]}}